{"id":21413,"date":"2025-10-15T08:43:15","date_gmt":"2025-10-15T08:43:15","guid":{"rendered":"https:\/\/madoskampas.lt\/?post_type=product&#038;p=21413"},"modified":"2026-02-26T06:51:18","modified_gmt":"2026-02-26T06:51:18","slug":"pilsetas-siks-eko-adas-svarki","status":"publish","type":"product","link":"https:\/\/madoskampas.lt\/lv\/product\/pilsetas-siks-eko-adas-svarki\/","title":{"rendered":"\u201eUrban Chic eko \u0101das sv\u0101rki"},"content":{"rendered":"<p>Stil\u012bgs un daudzpus\u012bgs <strong data-start=\"105\" data-end=\"121\">\u201ePils\u0113tas \u0161iks\u201c<\/strong> m\u012bksti eko \u0101das sv\u0101rki - m\u016bsdien\u012bga klasika katrai dienai.<br data-start=\"187\" data-end=\"190\" \/>Taisno siluetu var viegli kombin\u0113t ar d\u017eemperiem, bl\u016bzn\u0101m vai krekliem - no ikdienas l\u012bdz vakara t\u0113rpiem.<br data-start=\"315\" data-end=\"318\" \/>Elast\u012bgais audums neierobe\u017eo kust\u012bbas, un smalkais sp\u012bdums pie\u0161\u0137ir eleganci.<\/p>","protected":false},"excerpt":{"rendered":"<p data-start=\"54\" data-end=\"409\">Stil\u012bgs un daudzpus\u012bgs <strong data-start=\"105\" data-end=\"121\">\u201ePils\u0113tas \u0161iks\u201c<\/strong> m\u012bksti eko \u0101das sv\u0101rki - m\u016bsdien\u012bga klasika katrai dienai.<br data-start=\"187\" data-end=\"190\" \/>Taisno siluetu var viegli kombin\u0113t ar d\u017eemperiem, bl\u016bzn\u0101m vai krekliem - no ikdienas l\u012bdz vakara t\u0113rpiem.<br data-start=\"315\" data-end=\"318\" \/>Elast\u012bgais audums neierobe\u017eo kust\u012bbas, un smalkais sp\u012bdums pie\u0161\u0137ir eleganci.<\/p>\n<p data-start=\"411\" data-end=\"581\">\u2728 Sast\u0101vs: eko \u0101da<br data-start=\"429\" data-end=\"432\" \/>\ud83d\udccf Izm\u0113ri: <strong>XS<\/strong>, <strong data-start=\"444\" data-end=\"455\">S, M,<\/strong><br data-start=\"455\" data-end=\"458\" \/>\ud83d\udda4 Kr\u0101sa: melna<br data-start=\"474\" data-end=\"477\" data-is-only-node=\"\" \/>\ud83d\udc57 Apvienojiet to ar r\u016btainu kreklu, ka\u0161mira d\u017eemperi vai gariem z\u0101bakiem - vienm\u0113r izskat\u012bsieties stil\u012bgi.<\/p>","protected":false},"featured_media":23107,"comment_status":"open","ping_status":"closed","template":"","meta":{"_uag_custom_page_level_css":"","_monsterinsights_skip_tracking":false,"_monsterinsights_sitenote_active":false,"_monsterinsights_sitenote_note":"","_monsterinsights_sitenote_category":0},"product_brand":[],"product_cat":[66,95,75],"product_tag":[],"class_list":{"0":"post-21413","1":"product","2":"type-product","3":"status-publish","4":"has-post-thumbnail","6":"product_cat-drabuziai","7":"product_cat-naujausi","8":"product_cat-sijonai","9":"tm-has-options","11":"first","12":"outofstock","13":"shipping-taxable","14":"purchasable","15":"product-type-variable"},"yoast_head":"<!-- This site is optimized with the Yoast SEO plugin v27.3 - https:\/\/yoast.com\/product\/yoast-seo-wordpress\/ -->\n<title>\u201eUrban Chic\u201c eko odos sijonas - MadosKampas.lt<\/title>\n<meta name=\"robots\" content=\"index, follow, max-snippet:-1, max-image-preview:large, max-video-preview:-1\" \/>\n<link rel=\"canonical\" href=\"https:\/\/madoskampas.lt\/lv\/product\/pilsetas-siks-eko-adas-svarki\/\" \/>\n<meta property=\"og:locale\" content=\"lv_LV\" \/>\n<meta property=\"og:type\" content=\"article\" \/>\n<meta property=\"og:title\" content=\"\u201eUrban Chic\u201c eko odos sijonas - MadosKampas.lt\" \/>\n<meta property=\"og:description\" content=\"Stilingas ir universalus \u201eUrban Chic\u201c sijonas i\u0161 mink\u0161tos eko odos \u2013 moderni klasika kiekvienai dienai.Tiesaus silueto modelis lengvai derinamas su megztukais, palaidin\u0117mis ar mar\u0161kiniais \u2013 nuo kasdienos iki vakarinio \u012fvaizd\u017eio.Elastingas audinys nevar\u017eo judesi\u0173, o subtilus blizgesys suteikia \u012fvaizd\u017eiui elegancijos. \u2728 Sud\u0117tis: eko oda\ud83d\udccf Dyd\u017eiai: XS, S, M,\ud83d\udda4 Spalva: juoda\ud83d\udc57 Derink su raukini\u0173 mar\u0161kiniais, ka\u0161myro megztuku ar ilgaauliais batais \u2013 visada atrodysi stilingai.\" \/>\n<meta property=\"og:url\" content=\"https:\/\/madoskampas.lt\/lv\/product\/pilsetas-siks-eko-adas-svarki\/\" \/>\n<meta property=\"og:site_name\" content=\"MadosKampas.lt\" \/>\n<meta property=\"article:modified_time\" content=\"2026-02-26T06:51:18+00:00\" \/>\n<meta property=\"og:image\" content=\"https:\/\/madoskampas.lt\/wp-content\/uploads\/2025\/10\/IMG_0149.jpeg\" \/>\n\t<meta property=\"og:image:width\" content=\"1330\" \/>\n\t<meta property=\"og:image:height\" content=\"2364\" \/>\n\t<meta property=\"og:image:type\" content=\"image\/jpeg\" \/>\n<meta name=\"twitter:card\" content=\"summary_large_image\" \/>\n<meta name=\"twitter:label1\" content=\"Est. reading time\" \/>\n\t<meta name=\"twitter:data1\" content=\"1 min\u016bte\" \/>\n<script type=\"application\/ld+json\" class=\"yoast-schema-graph\">{\"@context\":\"https:\\\/\\\/schema.org\",\"@graph\":[{\"@type\":\"WebPage\",\"@id\":\"https:\\\/\\\/madoskampas.lt\\\/produktas\\\/urban-chic-eko-odos-sijonas\\\/\",\"url\":\"https:\\\/\\\/madoskampas.lt\\\/produktas\\\/urban-chic-eko-odos-sijonas\\\/\",\"name\":\"\u201eUrban Chic\u201c eko odos sijonas - MadosKampas.lt\",\"isPartOf\":{\"@id\":\"https:\\\/\\\/madoskampas.lt\\\/#website\"},\"primaryImageOfPage\":{\"@id\":\"https:\\\/\\\/madoskampas.lt\\\/produktas\\\/urban-chic-eko-odos-sijonas\\\/#primaryimage\"},\"image\":{\"@id\":\"https:\\\/\\\/madoskampas.lt\\\/produktas\\\/urban-chic-eko-odos-sijonas\\\/#primaryimage\"},\"thumbnailUrl\":\"https:\\\/\\\/madoskampas.lt\\\/wp-content\\\/uploads\\\/2025\\\/10\\\/img_3186-scaled.jpeg\",\"datePublished\":\"2025-10-15T08:43:15+00:00\",\"dateModified\":\"2026-02-26T06:51:18+00:00\",\"breadcrumb\":{\"@id\":\"https:\\\/\\\/madoskampas.lt\\\/produktas\\\/urban-chic-eko-odos-sijonas\\\/#breadcrumb\"},\"inLanguage\":\"lv-LV\",\"potentialAction\":[{\"@type\":\"ReadAction\",\"target\":[\"https:\\\/\\\/madoskampas.lt\\\/produktas\\\/urban-chic-eko-odos-sijonas\\\/\"]}]},{\"@type\":\"ImageObject\",\"inLanguage\":\"lv-LV\",\"@id\":\"https:\\\/\\\/madoskampas.lt\\\/produktas\\\/urban-chic-eko-odos-sijonas\\\/#primaryimage\",\"url\":\"https:\\\/\\\/madoskampas.lt\\\/wp-content\\\/uploads\\\/2025\\\/10\\\/img_3186-scaled.jpeg\",\"contentUrl\":\"https:\\\/\\\/madoskampas.lt\\\/wp-content\\\/uploads\\\/2025\\\/10\\\/img_3186-scaled.jpeg\",\"width\":1920,\"height\":2560},{\"@type\":\"BreadcrumbList\",\"@id\":\"https:\\\/\\\/madoskampas.lt\\\/produktas\\\/urban-chic-eko-odos-sijonas\\\/#breadcrumb\",\"itemListElement\":[{\"@type\":\"ListItem\",\"position\":1,\"name\":\"Home\",\"item\":\"https:\\\/\\\/madoskampas.lt\\\/\"},{\"@type\":\"ListItem\",\"position\":2,\"name\":\"Parduotuv\u0117\",\"item\":\"https:\\\/\\\/madoskampas.lt\\\/parduotuve-2\\\/\"},{\"@type\":\"ListItem\",\"position\":3,\"name\":\"\u201eUrban Chic\u201c eko odos sijonas\"}]},{\"@type\":\"WebSite\",\"@id\":\"https:\\\/\\\/madoskampas.lt\\\/#website\",\"url\":\"https:\\\/\\\/madoskampas.lt\\\/\",\"name\":\"MadosKampas.lt\",\"description\":\"Stilingi drabu\u017eiai moterims\",\"potentialAction\":[{\"@type\":\"SearchAction\",\"target\":{\"@type\":\"EntryPoint\",\"urlTemplate\":\"https:\\\/\\\/madoskampas.lt\\\/?s={search_term_string}\"},\"query-input\":{\"@type\":\"PropertyValueSpecification\",\"valueRequired\":true,\"valueName\":\"search_term_string\"}}],\"inLanguage\":\"lv-LV\"}]}<\/script>\n<!-- \/ Yoast SEO plugin. -->","yoast_head_json":{"title":"\u201eUrban Chic\u201c \u0101das sv\u0101rki - MadosKampas.lt","robots":{"index":"index","follow":"follow","max-snippet":"max-snippet:-1","max-image-preview":"max-image-preview:large","max-video-preview":"max-video-preview:-1"},"canonical":"https:\/\/madoskampas.lt\/lv\/product\/pilsetas-siks-eko-adas-svarki\/","og_locale":"lv_LV","og_type":"article","og_title":"\u201eUrban Chic\u201c eko odos sijonas - MadosKampas.lt","og_description":"Stilingas ir universalus \u201eUrban Chic\u201c sijonas i\u0161 mink\u0161tos eko odos \u2013 moderni klasika kiekvienai dienai.Tiesaus silueto modelis lengvai derinamas su megztukais, palaidin\u0117mis ar mar\u0161kiniais \u2013 nuo kasdienos iki vakarinio \u012fvaizd\u017eio.Elastingas audinys nevar\u017eo judesi\u0173, o subtilus blizgesys suteikia \u012fvaizd\u017eiui elegancijos. \u2728 Sud\u0117tis: eko oda\ud83d\udccf Dyd\u017eiai: XS, S, M,\ud83d\udda4 Spalva: juoda\ud83d\udc57 Derink su raukini\u0173 mar\u0161kiniais, ka\u0161myro megztuku ar ilgaauliais batais \u2013 visada atrodysi stilingai.","og_url":"https:\/\/madoskampas.lt\/lv\/product\/pilsetas-siks-eko-adas-svarki\/","og_site_name":"MadosKampas.lt","article_modified_time":"2026-02-26T06:51:18+00:00","og_image":[{"width":1330,"height":2364,"url":"https:\/\/madoskampas.lt\/wp-content\/uploads\/2025\/10\/IMG_0149.jpeg","type":"image\/jpeg"}],"twitter_card":"summary_large_image","twitter_misc":{"Est. reading time":"1 min\u016bte"},"schema":{"@context":"https:\/\/schema.org","@graph":[{"@type":"WebPage","@id":"https:\/\/madoskampas.lt\/produktas\/urban-chic-eko-odos-sijonas\/","url":"https:\/\/madoskampas.lt\/produktas\/urban-chic-eko-odos-sijonas\/","name":"\u201eUrban Chic\u201c \u0101das sv\u0101rki - MadosKampas.lt","isPartOf":{"@id":"https:\/\/madoskampas.lt\/#website"},"primaryImageOfPage":{"@id":"https:\/\/madoskampas.lt\/produktas\/urban-chic-eko-odos-sijonas\/#primaryimage"},"image":{"@id":"https:\/\/madoskampas.lt\/produktas\/urban-chic-eko-odos-sijonas\/#primaryimage"},"thumbnailUrl":"https:\/\/madoskampas.lt\/wp-content\/uploads\/2025\/10\/img_3186-scaled.jpeg","datePublished":"2025-10-15T08:43:15+00:00","dateModified":"2026-02-26T06:51:18+00:00","breadcrumb":{"@id":"https:\/\/madoskampas.lt\/produktas\/urban-chic-eko-odos-sijonas\/#breadcrumb"},"inLanguage":"lv-LV","potentialAction":[{"@type":"ReadAction","target":["https:\/\/madoskampas.lt\/produktas\/urban-chic-eko-odos-sijonas\/"]}]},{"@type":"ImageObject","inLanguage":"lv-LV","@id":"https:\/\/madoskampas.lt\/produktas\/urban-chic-eko-odos-sijonas\/#primaryimage","url":"https:\/\/madoskampas.lt\/wp-content\/uploads\/2025\/10\/img_3186-scaled.jpeg","contentUrl":"https:\/\/madoskampas.lt\/wp-content\/uploads\/2025\/10\/img_3186-scaled.jpeg","width":1920,"height":2560},{"@type":"BreadcrumbList","@id":"https:\/\/madoskampas.lt\/produktas\/urban-chic-eko-odos-sijonas\/#breadcrumb","itemListElement":[{"@type":"ListItem","position":1,"name":"Home","item":"https:\/\/madoskampas.lt\/"},{"@type":"ListItem","position":2,"name":"Parduotuv\u0117","item":"https:\/\/madoskampas.lt\/parduotuve-2\/"},{"@type":"ListItem","position":3,"name":"\u201eUrban Chic\u201c eko odos sijonas"}]},{"@type":"WebSite","@id":"https:\/\/madoskampas.lt\/#website","url":"https:\/\/madoskampas.lt\/","name":"FashionKampas.lt","description":"Stil\u012bgs ap\u0123\u0113rbs sieviet\u0113m","potentialAction":[{"@type":"SearchAction","target":{"@type":"EntryPoint","urlTemplate":"https:\/\/madoskampas.lt\/?s={search_term_string}"},"query-input":{"@type":"PropertyValueSpecification","valueRequired":true,"valueName":"search_term_string"}}],"inLanguage":"lv-LV"}]}},"uagb_featured_image_src":{"full":["https:\/\/madoskampas.lt\/wp-content\/uploads\/2025\/10\/img_3186-scaled.jpeg",1920,2560,false],"thumbnail":["https:\/\/madoskampas.lt\/wp-content\/uploads\/2025\/10\/img_3186-150x150.jpeg",150,150,true],"medium":["https:\/\/madoskampas.lt\/wp-content\/uploads\/2025\/10\/img_3186-225x300.jpeg",225,300,true],"medium_large":["https:\/\/madoskampas.lt\/wp-content\/uploads\/2025\/10\/img_3186-768x1024.jpeg",768,1024,true],"large":["https:\/\/madoskampas.lt\/wp-content\/uploads\/2025\/10\/img_3186-768x1024.jpeg",768,1024,true],"1536x1536":["https:\/\/madoskampas.lt\/wp-content\/uploads\/2025\/10\/img_3186-1152x1536.jpeg",1152,1536,true],"2048x2048":["https:\/\/madoskampas.lt\/wp-content\/uploads\/2025\/10\/img_3186-1536x2048.jpeg",1536,2048,true],"trp-custom-language-flag":["https:\/\/madoskampas.lt\/wp-content\/uploads\/2025\/10\/img_3186-9x12.jpeg",9,12,true],"nova-image-square":["https:\/\/madoskampas.lt\/wp-content\/uploads\/2025\/10\/img_3186-1100x1100.jpeg",1100,1100,true],"mixtas-product-03":["https:\/\/madoskampas.lt\/wp-content\/uploads\/2025\/10\/img_3186-600x345.jpeg",600,345,true],"woocommerce_thumbnail":["https:\/\/madoskampas.lt\/wp-content\/uploads\/2025\/10\/img_3186-700x700.jpeg",700,700,true],"woocommerce_single":["https:\/\/madoskampas.lt\/wp-content\/uploads\/2025\/10\/img_3186-1000x1333.jpeg",1000,1333,true],"woocommerce_gallery_thumbnail":["https:\/\/madoskampas.lt\/wp-content\/uploads\/2025\/10\/img_3186-250x250.jpeg",250,250,true],"variation_swatches_image_size":["https:\/\/madoskampas.lt\/wp-content\/uploads\/2025\/10\/img_3186-50x50.jpeg",50,50,true],"variation_swatches_tooltip_size":["https:\/\/madoskampas.lt\/wp-content\/uploads\/2025\/10\/img_3186-100x100.jpeg",100,100,true]},"uagb_author_info":{"display_name":"algirdasbart","author_link":"https:\/\/madoskampas.lt\/lv\/author\/"},"uagb_comment_info":0,"uagb_excerpt":"Stilingas ir universalus \u201eUrban Chic\u201c sijonas i\u0161 mink\u0161tos eko odos \u2013 moderni klasika kiekvienai dienai.Tiesaus silueto modelis lengvai derinamas su megztukais, palaidin\u0117mis ar mar\u0161kiniais \u2013 nuo kasdienos iki vakarinio \u012fvaizd\u017eio.Elastingas audinys nevar\u017eo judesi\u0173, o subtilus blizgesys suteikia \u012fvaizd\u017eiui elegancijos. \u2728 Sud\u0117tis: eko oda\ud83d\udccf Dyd\u017eiai: XS, S, M,\ud83d\udda4 Spalva: juoda\ud83d\udc57 Derink su raukini\u0173 mar\u0161kiniais, ka\u0161myro megztuku&hellip;","jetpack_sharing_enabled":true,"_links":{"self":[{"href":"https:\/\/madoskampas.lt\/lv\/wp-json\/wp\/v2\/product\/21413","targetHints":{"allow":["GET"]}}],"collection":[{"href":"https:\/\/madoskampas.lt\/lv\/wp-json\/wp\/v2\/product"}],"about":[{"href":"https:\/\/madoskampas.lt\/lv\/wp-json\/wp\/v2\/types\/product"}],"replies":[{"embeddable":true,"href":"https:\/\/madoskampas.lt\/lv\/wp-json\/wp\/v2\/comments?post=21413"}],"wp:featuredmedia":[{"embeddable":true,"href":"https:\/\/madoskampas.lt\/lv\/wp-json\/wp\/v2\/media\/23107"}],"wp:attachment":[{"href":"https:\/\/madoskampas.lt\/lv\/wp-json\/wp\/v2\/media?parent=21413"}],"wp:term":[{"taxonomy":"product_brand","embeddable":true,"href":"https:\/\/madoskampas.lt\/lv\/wp-json\/wp\/v2\/product_brand?post=21413"},{"taxonomy":"product_cat","embeddable":true,"href":"https:\/\/madoskampas.lt\/lv\/wp-json\/wp\/v2\/product_cat?post=21413"},{"taxonomy":"product_tag","embeddable":true,"href":"https:\/\/madoskampas.lt\/lv\/wp-json\/wp\/v2\/product_tag?post=21413"}],"curies":[{"name":"wp","href":"https:\/\/api.w.org\/{rel}","templated":true}]}}