{"id":21435,"date":"2025-10-15T16:46:52","date_gmt":"2025-10-15T16:46:52","guid":{"rendered":"https:\/\/madoskampas.lt\/?post_type=product&#038;p=21435"},"modified":"2025-11-04T15:50:41","modified_gmt":"2025-11-04T15:50:41","slug":"classic-denim-grace-dzinsai","status":"publish","type":"product","link":"https:\/\/madoskampas.lt\/lv\/product\/classic-denim-grace-dzinsai\/","title":{"rendered":"\u201eClassic Denim Grace\u201c d\u017einsai"},"content":{"rendered":"<p>Tobulas balansas tarp klasikos ir \u0161iuolaiki\u0161ko silueto.<br data-start=\"248\" data-end=\"251\" \/>\u0160ie tamsaus d\u017einso <strong data-start=\"270\" data-end=\"295\">\u201eClassic Denim Grace\u201c<\/strong> d\u017einsai \u2013 universalus pasirinkimas tiek kasdienai, tiek stilingesniam deriniui. Auk\u0161tas liemuo pabr\u0117\u017eia fig\u016br\u0105, o tiesaus, laisvesnio kritimo kle\u0161n\u0117s suteikia komforto ir elegancijos.<\/p>","protected":false},"excerpt":{"rendered":"<p data-start=\"193\" data-end=\"481\">Tobulas balansas tarp klasikos ir \u0161iuolaiki\u0161ko silueto.<br data-start=\"248\" data-end=\"251\" \/>\u0160ie tamsaus d\u017einso <strong data-start=\"270\" data-end=\"295\">\u201eClassic Denim Grace\u201c<\/strong> d\u017einsai \u2013 universalus pasirinkimas tiek kasdienai, tiek stilingesniam deriniui. Auk\u0161tas liemuo pabr\u0117\u017eia fig\u016br\u0105, o tiesaus, laisvesnio kritimo kle\u0161n\u0117s suteikia komforto ir elegancijos.<\/p>\n<p data-start=\"483\" data-end=\"656\">Pagaminti i\u0161 tvirto, bet mink\u0161to audinio, kuris i\u0161laiko form\u0105 ir nevar\u017eo judesi\u0173.<br data-start=\"564\" data-end=\"567\" \/>Derinkite su megztuku, mar\u0161kiniais ar \u0161varku \u2013 visada atrodysite stilingai be pastang\u0173.<\/p>\n<p data-start=\"658\" data-end=\"823\">","protected":false},"featured_media":21316,"comment_status":"open","ping_status":"closed","template":"","meta":{"_uag_custom_page_level_css":"","_monsterinsights_skip_tracking":false,"_monsterinsights_sitenote_active":false,"_monsterinsights_sitenote_note":"","_monsterinsights_sitenote_category":0},"product_brand":[],"product_cat":[66,67,95],"product_tag":[],"class_list":{"0":"post-21435","1":"product","2":"type-product","3":"status-publish","4":"has-post-thumbnail","6":"product_cat-drabuziai","7":"product_cat-dzinsai","8":"product_cat-naujausi","9":"tm-has-options","11":"first","12":"outofstock","13":"shipping-taxable","14":"purchasable","15":"product-type-variable"},"yoast_head":"<!-- This site is optimized with the Yoast SEO plugin v27.3 - https:\/\/yoast.com\/product\/yoast-seo-wordpress\/ -->\n<title>\u201eClassic Denim Grace\u201c d\u017einsai - MadosKampas.lt<\/title>\n<meta name=\"robots\" content=\"index, follow, max-snippet:-1, max-image-preview:large, max-video-preview:-1\" \/>\n<link rel=\"canonical\" href=\"https:\/\/madoskampas.lt\/lv\/product\/classic-denim-grace-dzinsai\/\" \/>\n<meta property=\"og:locale\" content=\"lv_LV\" \/>\n<meta property=\"og:type\" content=\"article\" \/>\n<meta property=\"og:title\" content=\"\u201eClassic Denim Grace\u201c d\u017einsai - MadosKampas.lt\" \/>\n<meta property=\"og:description\" content=\"Tobulas balansas tarp klasikos ir \u0161iuolaiki\u0161ko silueto.\u0160ie tamsaus d\u017einso \u201eClassic Denim Grace\u201c d\u017einsai \u2013 universalus pasirinkimas tiek kasdienai, tiek stilingesniam deriniui. Auk\u0161tas liemuo pabr\u0117\u017eia fig\u016br\u0105, o tiesaus, laisvesnio kritimo kle\u0161n\u0117s suteikia komforto ir elegancijos. Pagaminti i\u0161 tvirto, bet mink\u0161to audinio, kuris i\u0161laiko form\u0105 ir nevar\u017eo judesi\u0173.Derinkite su megztuku, mar\u0161kiniais ar \u0161varku \u2013 visada atrodysite stilingai be pastang\u0173.\" \/>\n<meta property=\"og:url\" content=\"https:\/\/madoskampas.lt\/lv\/product\/classic-denim-grace-dzinsai\/\" \/>\n<meta property=\"og:site_name\" content=\"MadosKampas.lt\" \/>\n<meta property=\"article:modified_time\" content=\"2025-11-04T15:50:41+00:00\" \/>\n<meta property=\"og:image\" content=\"https:\/\/madoskampas.lt\/wp-content\/uploads\/2025\/06\/IMG_0279-1.jpeg\" \/>\n\t<meta property=\"og:image:width\" content=\"1330\" \/>\n\t<meta property=\"og:image:height\" content=\"2364\" \/>\n\t<meta property=\"og:image:type\" content=\"image\/jpeg\" \/>\n<meta name=\"twitter:card\" content=\"summary_large_image\" \/>\n<meta name=\"twitter:label1\" content=\"Est. reading time\" \/>\n\t<meta name=\"twitter:data1\" content=\"1 min\u016bte\" \/>\n<script type=\"application\/ld+json\" class=\"yoast-schema-graph\">{\"@context\":\"https:\\\/\\\/schema.org\",\"@graph\":[{\"@type\":\"WebPage\",\"@id\":\"https:\\\/\\\/madoskampas.lt\\\/produktas\\\/classic-denim-grace-dzinsai\\\/\",\"url\":\"https:\\\/\\\/madoskampas.lt\\\/produktas\\\/classic-denim-grace-dzinsai\\\/\",\"name\":\"\u201eClassic Denim Grace\u201c d\u017einsai - MadosKampas.lt\",\"isPartOf\":{\"@id\":\"https:\\\/\\\/madoskampas.lt\\\/#website\"},\"primaryImageOfPage\":{\"@id\":\"https:\\\/\\\/madoskampas.lt\\\/produktas\\\/classic-denim-grace-dzinsai\\\/#primaryimage\"},\"image\":{\"@id\":\"https:\\\/\\\/madoskampas.lt\\\/produktas\\\/classic-denim-grace-dzinsai\\\/#primaryimage\"},\"thumbnailUrl\":\"https:\\\/\\\/madoskampas.lt\\\/wp-content\\\/uploads\\\/2025\\\/06\\\/IMG_0279-1.jpeg\",\"datePublished\":\"2025-10-15T16:46:52+00:00\",\"dateModified\":\"2025-11-04T15:50:41+00:00\",\"breadcrumb\":{\"@id\":\"https:\\\/\\\/madoskampas.lt\\\/produktas\\\/classic-denim-grace-dzinsai\\\/#breadcrumb\"},\"inLanguage\":\"lv-LV\",\"potentialAction\":[{\"@type\":\"ReadAction\",\"target\":[\"https:\\\/\\\/madoskampas.lt\\\/produktas\\\/classic-denim-grace-dzinsai\\\/\"]}]},{\"@type\":\"ImageObject\",\"inLanguage\":\"lv-LV\",\"@id\":\"https:\\\/\\\/madoskampas.lt\\\/produktas\\\/classic-denim-grace-dzinsai\\\/#primaryimage\",\"url\":\"https:\\\/\\\/madoskampas.lt\\\/wp-content\\\/uploads\\\/2025\\\/06\\\/IMG_0279-1.jpeg\",\"contentUrl\":\"https:\\\/\\\/madoskampas.lt\\\/wp-content\\\/uploads\\\/2025\\\/06\\\/IMG_0279-1.jpeg\",\"width\":1330,\"height\":2364},{\"@type\":\"BreadcrumbList\",\"@id\":\"https:\\\/\\\/madoskampas.lt\\\/produktas\\\/classic-denim-grace-dzinsai\\\/#breadcrumb\",\"itemListElement\":[{\"@type\":\"ListItem\",\"position\":1,\"name\":\"Home\",\"item\":\"https:\\\/\\\/madoskampas.lt\\\/\"},{\"@type\":\"ListItem\",\"position\":2,\"name\":\"Parduotuv\u0117\",\"item\":\"https:\\\/\\\/madoskampas.lt\\\/parduotuve-2\\\/\"},{\"@type\":\"ListItem\",\"position\":3,\"name\":\"\u201eClassic Denim Grace\u201c d\u017einsai\"}]},{\"@type\":\"WebSite\",\"@id\":\"https:\\\/\\\/madoskampas.lt\\\/#website\",\"url\":\"https:\\\/\\\/madoskampas.lt\\\/\",\"name\":\"MadosKampas.lt\",\"description\":\"Stilingi drabu\u017eiai moterims\",\"potentialAction\":[{\"@type\":\"SearchAction\",\"target\":{\"@type\":\"EntryPoint\",\"urlTemplate\":\"https:\\\/\\\/madoskampas.lt\\\/?s={search_term_string}\"},\"query-input\":{\"@type\":\"PropertyValueSpecification\",\"valueRequired\":true,\"valueName\":\"search_term_string\"}}],\"inLanguage\":\"lv-LV\"}]}<\/script>\n<!-- \/ Yoast SEO plugin. -->","yoast_head_json":{"title":"\u201eClassic Denim Grace\u201c d\u017einsai - MadosKampas.lt","robots":{"index":"index","follow":"follow","max-snippet":"max-snippet:-1","max-image-preview":"max-image-preview:large","max-video-preview":"max-video-preview:-1"},"canonical":"https:\/\/madoskampas.lt\/lv\/product\/classic-denim-grace-dzinsai\/","og_locale":"lv_LV","og_type":"article","og_title":"\u201eClassic Denim Grace\u201c d\u017einsai - MadosKampas.lt","og_description":"Tobulas balansas tarp klasikos ir \u0161iuolaiki\u0161ko silueto.\u0160ie tamsaus d\u017einso \u201eClassic Denim Grace\u201c d\u017einsai \u2013 universalus pasirinkimas tiek kasdienai, tiek stilingesniam deriniui. Auk\u0161tas liemuo pabr\u0117\u017eia fig\u016br\u0105, o tiesaus, laisvesnio kritimo kle\u0161n\u0117s suteikia komforto ir elegancijos. Pagaminti i\u0161 tvirto, bet mink\u0161to audinio, kuris i\u0161laiko form\u0105 ir nevar\u017eo judesi\u0173.Derinkite su megztuku, mar\u0161kiniais ar \u0161varku \u2013 visada atrodysite stilingai be pastang\u0173.","og_url":"https:\/\/madoskampas.lt\/lv\/product\/classic-denim-grace-dzinsai\/","og_site_name":"MadosKampas.lt","article_modified_time":"2025-11-04T15:50:41+00:00","og_image":[{"width":1330,"height":2364,"url":"https:\/\/madoskampas.lt\/wp-content\/uploads\/2025\/06\/IMG_0279-1.jpeg","type":"image\/jpeg"}],"twitter_card":"summary_large_image","twitter_misc":{"Est. reading time":"1 min\u016bte"},"schema":{"@context":"https:\/\/schema.org","@graph":[{"@type":"WebPage","@id":"https:\/\/madoskampas.lt\/produktas\/classic-denim-grace-dzinsai\/","url":"https:\/\/madoskampas.lt\/produktas\/classic-denim-grace-dzinsai\/","name":"\u201eClassic Denim Grace\u201c d\u017einsai - MadosKampas.lt","isPartOf":{"@id":"https:\/\/madoskampas.lt\/#website"},"primaryImageOfPage":{"@id":"https:\/\/madoskampas.lt\/produktas\/classic-denim-grace-dzinsai\/#primaryimage"},"image":{"@id":"https:\/\/madoskampas.lt\/produktas\/classic-denim-grace-dzinsai\/#primaryimage"},"thumbnailUrl":"https:\/\/madoskampas.lt\/wp-content\/uploads\/2025\/06\/IMG_0279-1.jpeg","datePublished":"2025-10-15T16:46:52+00:00","dateModified":"2025-11-04T15:50:41+00:00","breadcrumb":{"@id":"https:\/\/madoskampas.lt\/produktas\/classic-denim-grace-dzinsai\/#breadcrumb"},"inLanguage":"lv-LV","potentialAction":[{"@type":"ReadAction","target":["https:\/\/madoskampas.lt\/produktas\/classic-denim-grace-dzinsai\/"]}]},{"@type":"ImageObject","inLanguage":"lv-LV","@id":"https:\/\/madoskampas.lt\/produktas\/classic-denim-grace-dzinsai\/#primaryimage","url":"https:\/\/madoskampas.lt\/wp-content\/uploads\/2025\/06\/IMG_0279-1.jpeg","contentUrl":"https:\/\/madoskampas.lt\/wp-content\/uploads\/2025\/06\/IMG_0279-1.jpeg","width":1330,"height":2364},{"@type":"BreadcrumbList","@id":"https:\/\/madoskampas.lt\/produktas\/classic-denim-grace-dzinsai\/#breadcrumb","itemListElement":[{"@type":"ListItem","position":1,"name":"Home","item":"https:\/\/madoskampas.lt\/"},{"@type":"ListItem","position":2,"name":"Parduotuv\u0117","item":"https:\/\/madoskampas.lt\/parduotuve-2\/"},{"@type":"ListItem","position":3,"name":"\u201eClassic Denim Grace\u201c d\u017einsai"}]},{"@type":"WebSite","@id":"https:\/\/madoskampas.lt\/#website","url":"https:\/\/madoskampas.lt\/","name":"FashionKampas.lt","description":"Stil\u012bgs ap\u0123\u0113rbs sieviet\u0113m","potentialAction":[{"@type":"SearchAction","target":{"@type":"EntryPoint","urlTemplate":"https:\/\/madoskampas.lt\/?s={search_term_string}"},"query-input":{"@type":"PropertyValueSpecification","valueRequired":true,"valueName":"search_term_string"}}],"inLanguage":"lv-LV"}]}},"uagb_featured_image_src":{"full":["https:\/\/madoskampas.lt\/wp-content\/uploads\/2025\/06\/IMG_0279-1.jpeg",1330,2364,false],"thumbnail":["https:\/\/madoskampas.lt\/wp-content\/uploads\/2025\/06\/IMG_0279-1-150x150.jpeg",150,150,true],"medium":["https:\/\/madoskampas.lt\/wp-content\/uploads\/2025\/06\/IMG_0279-1-169x300.jpeg",169,300,true],"medium_large":["https:\/\/madoskampas.lt\/wp-content\/uploads\/2025\/06\/IMG_0279-1-768x1365.jpeg",768,1365,true],"large":["https:\/\/madoskampas.lt\/wp-content\/uploads\/2025\/06\/IMG_0279-1-576x1024.jpeg",576,1024,true],"1536x1536":["https:\/\/madoskampas.lt\/wp-content\/uploads\/2025\/06\/IMG_0279-1-864x1536.jpeg",864,1536,true],"2048x2048":["https:\/\/madoskampas.lt\/wp-content\/uploads\/2025\/06\/IMG_0279-1-1152x2048.jpeg",1152,2048,true],"trp-custom-language-flag":["https:\/\/madoskampas.lt\/wp-content\/uploads\/2025\/06\/IMG_0279-1.jpeg",7,12,false],"nova-image-square":["https:\/\/madoskampas.lt\/wp-content\/uploads\/2025\/06\/IMG_0279-1-1100x1100.jpeg",1100,1100,true],"mixtas-product-03":["https:\/\/madoskampas.lt\/wp-content\/uploads\/2025\/06\/IMG_0279-1-600x345.jpeg",600,345,true],"woocommerce_thumbnail":["https:\/\/madoskampas.lt\/wp-content\/uploads\/2025\/06\/IMG_0279-1-700x700.jpeg",700,700,true],"woocommerce_single":["https:\/\/madoskampas.lt\/wp-content\/uploads\/2025\/06\/IMG_0279-1-1000x1777.jpeg",1000,1777,true],"woocommerce_gallery_thumbnail":["https:\/\/madoskampas.lt\/wp-content\/uploads\/2025\/06\/IMG_0279-1-250x250.jpeg",250,250,true],"variation_swatches_image_size":["https:\/\/madoskampas.lt\/wp-content\/uploads\/2025\/06\/IMG_0279-1-50x50.jpeg",50,50,true],"variation_swatches_tooltip_size":["https:\/\/madoskampas.lt\/wp-content\/uploads\/2025\/06\/IMG_0279-1-100x100.jpeg",100,100,true]},"uagb_author_info":{"display_name":"algirdasbart","author_link":"https:\/\/madoskampas.lt\/lv\/author\/"},"uagb_comment_info":0,"uagb_excerpt":"Tobulas balansas tarp klasikos ir \u0161iuolaiki\u0161ko silueto.\u0160ie tamsaus d\u017einso \u201eClassic Denim Grace\u201c d\u017einsai \u2013 universalus pasirinkimas tiek kasdienai, tiek stilingesniam deriniui. Auk\u0161tas liemuo pabr\u0117\u017eia fig\u016br\u0105, o tiesaus, laisvesnio kritimo kle\u0161n\u0117s suteikia komforto ir elegancijos. Pagaminti i\u0161 tvirto, bet mink\u0161to audinio, kuris i\u0161laiko form\u0105 ir nevar\u017eo judesi\u0173.Derinkite su megztuku, mar\u0161kiniais ar \u0161varku \u2013 visada atrodysite stilingai&hellip;","jetpack_sharing_enabled":true,"_links":{"self":[{"href":"https:\/\/madoskampas.lt\/lv\/wp-json\/wp\/v2\/product\/21435","targetHints":{"allow":["GET"]}}],"collection":[{"href":"https:\/\/madoskampas.lt\/lv\/wp-json\/wp\/v2\/product"}],"about":[{"href":"https:\/\/madoskampas.lt\/lv\/wp-json\/wp\/v2\/types\/product"}],"replies":[{"embeddable":true,"href":"https:\/\/madoskampas.lt\/lv\/wp-json\/wp\/v2\/comments?post=21435"}],"wp:featuredmedia":[{"embeddable":true,"href":"https:\/\/madoskampas.lt\/lv\/wp-json\/wp\/v2\/media\/21316"}],"wp:attachment":[{"href":"https:\/\/madoskampas.lt\/lv\/wp-json\/wp\/v2\/media?parent=21435"}],"wp:term":[{"taxonomy":"product_brand","embeddable":true,"href":"https:\/\/madoskampas.lt\/lv\/wp-json\/wp\/v2\/product_brand?post=21435"},{"taxonomy":"product_cat","embeddable":true,"href":"https:\/\/madoskampas.lt\/lv\/wp-json\/wp\/v2\/product_cat?post=21435"},{"taxonomy":"product_tag","embeddable":true,"href":"https:\/\/madoskampas.lt\/lv\/wp-json\/wp\/v2\/product_tag?post=21435"}],"curies":[{"name":"wp","href":"https:\/\/api.w.org\/{rel}","templated":true}]}}