{"id":21573,"date":"2025-10-17T07:33:02","date_gmt":"2025-10-17T07:33:02","guid":{"rendered":"https:\/\/madoskampas.lt\/?post_type=product&#038;p=21573"},"modified":"2026-02-04T11:19:48","modified_gmt":"2026-02-04T11:19:48","slug":"nordic-glow-pukaina-jaka-ar-kazokadu","status":"publish","type":"product","link":"https:\/\/madoskampas.lt\/lv\/product\/nordic-glow-pukaina-jaka-ar-kazokadu\/","title":{"rendered":"\u201eNordic Glow\u201c d\u016bnu jaka ar ka\u017eok\u0101du"},"content":{"rendered":"<p>Silts k\u0101 apsk\u0101viens, viegls k\u0101 gaiss - <strong data-start=\"257\" data-end=\"274\">\u201eZieme\u013cvalstu mirdzums\u201c<\/strong> p\u016bra jaka k\u013c\u016bs par j\u016bsu ikdienas rudens un ziemas sabiedroto.<br data-start=\"336\" data-end=\"339\" \/>Izgatavots no <strong data-start=\"352\" data-end=\"384\">100 % Dab\u012bga p\u012b\u013cu p\u016bkas<\/strong>, T\u0101 saglab\u0101 siltumu pat aukst\u0101kaj\u0101s dien\u0101s, un p\u016bkain\u0101 ka\u017eok\u0101das apkakle sniedz smalku grezn\u012bbas saj\u016btu.<\/p>","protected":false},"excerpt":{"rendered":"<p data-start=\"214\" data-end=\"617\">Silts k\u0101 apsk\u0101viens, viegls k\u0101 gaiss - <strong data-start=\"257\" data-end=\"274\">\u201eZieme\u013cvalstu mirdzums\u201c<\/strong> p\u016bra jaka k\u013c\u016bs par j\u016bsu ikdienas rudens un ziemas sabiedroto.<br data-start=\"336\" data-end=\"339\" \/>Izgatavots no <strong data-start=\"352\" data-end=\"384\">100 % Dab\u012bga p\u012b\u013cu p\u016bkas<\/strong>, T\u0101 saglab\u0101 siltumu pat aukst\u0101kaj\u0101s dien\u0101s, un p\u016bkain\u0101 ka\u017eok\u0101das apkakle sniedz smalku grezn\u012bbas saj\u016btu.<br data-start=\"500\" data-end=\"503\" \/>Nedaudz izliektais siluets neierobe\u017eo kust\u012bbas, t\u0101p\u0113c to var valk\u0101t ar d\u017einsiem, sv\u0101rkiem vai ad\u012bt\u0101m kleit\u0101m.<\/p>\n<p data-start=\"619\" data-end=\"748\">Pieejams p\u0113c izv\u0113les <strong data-start=\"634\" data-end=\"643\">melns<\/strong> vai <strong data-start=\"649\" data-end=\"671\">gai\u0161ais graf\u012bts<\/strong> divi visdaudzpus\u012bg\u0101kie, univers\u0101lie, visiem izm\u0113riem piem\u0113roti ziemas klasikas to\u0146i.<\/p>\n<p data-start=\"750\" data-end=\"867\">\u2714\ufe0f <strong data-start=\"753\" data-end=\"765\">Sast\u0101vs:<\/strong> 100 % P\u012b\u013cu p\u012bles<br data-start=\"784\" data-end=\"787\" \/>\u2714\ufe0f <strong data-start=\"790\" data-end=\"803\">Apkakle:<\/strong> ka\u017eok\u0101das<br data-start=\"820\" data-end=\"823\" \/>\u2714\ufe0f <strong data-start=\"826\" data-end=\"838\">Kr\u0101sas:<\/strong> melns \/ gai\u0161s graf\u012bts<\/p>\n<p data-start=\"869\" data-end=\"887\"><strong data-start=\"869\" data-end=\"885\">Izm\u0113ri:<\/strong><\/p>\n<ul data-start=\"888\" data-end=\"1034\">\n<li data-start=\"888\" data-end=\"936\">\n<p data-start=\"890\" data-end=\"936\">S - garums 57 cm, kr\u016btis 51 cm, gurni 50 cm<\/p>\n<\/li>\n<li data-start=\"937\" data-end=\"985\">\n<p data-start=\"939\" data-end=\"985\">M - garums 59 cm, kr\u016bt\u012bm 53 cm, gurniem 51 cm<\/p>\n<\/li>\n<li data-start=\"986\" data-end=\"1034\">\n<p data-start=\"988\" data-end=\"1034\">L - garums 60 cm, kr\u016b\u0161kurvja 55 cm, gurni 53 cm<\/p>\n<\/li>\n<\/ul>","protected":false},"featured_media":21562,"comment_status":"open","ping_status":"closed","template":"","meta":{"_uag_custom_page_level_css":"","_monsterinsights_skip_tracking":false,"_monsterinsights_sitenote_active":false,"_monsterinsights_sitenote_note":"","_monsterinsights_sitenote_category":0},"product_brand":[],"product_cat":[66,95,77],"product_tag":[],"class_list":{"0":"post-21573","1":"product","2":"type-product","3":"status-publish","4":"has-post-thumbnail","6":"product_cat-drabuziai","7":"product_cat-naujausi","8":"product_cat-striukes-paltai","9":"tm-has-options","11":"first","12":"instock","13":"sale","14":"shipping-taxable","15":"purchasable","16":"product-type-variable"},"yoast_head":"<!-- This site is optimized with the Yoast SEO plugin v27.6 - https:\/\/yoast.com\/product\/yoast-seo-wordpress\/ -->\n<title>\u201eNordic Glow\u201c p\u016bkin\u0117 striuk\u0117 su kailiu - MadosKampas.lt<\/title>\n<meta name=\"robots\" content=\"index, follow, max-snippet:-1, max-image-preview:large, max-video-preview:-1\" \/>\n<link rel=\"canonical\" href=\"https:\/\/madoskampas.lt\/lv\/product\/nordic-glow-pukaina-jaka-ar-kazokadu\/\" \/>\n<meta property=\"og:locale\" content=\"lv_LV\" \/>\n<meta property=\"og:type\" content=\"article\" \/>\n<meta property=\"og:title\" content=\"\u201eNordic Glow\u201c p\u016bkin\u0117 striuk\u0117 su kailiu - MadosKampas.lt\" \/>\n<meta property=\"og:description\" content=\"\u0160ilta kaip apkabinimas, lengva kaip oras \u2014 \u201eNordic Glow\u201c p\u016bkin\u0117 striuk\u0117 taps tavo kasdieniu rudens ir \u017eiemos palydovu.Pagaminta i\u0161 100 % nat\u016bralaus anties p\u016bko, ji puikiai i\u0161laiko \u0161ilum\u0105 net \u0161al\u010diausiomis dienomis, o puri kailin\u0117 apykakl\u0117 suteikia subtilios prabangos poj\u016bt\u012f.Lengvai plat\u0117jantis siluetas nevar\u017eo judesi\u0173, tod\u0117l tiks tiek prie d\u017eins\u0173, tiek prie sijono ar megztos suknel\u0117s. Galima rinktis juod\u0105 arba \u0161viesiai grafitin\u0119 spalv\u0105 \u2014 dvi universaliausias, viskam tinkan\u010dias \u017eiemos klasik\u0173 tonacijas. \u2714\ufe0f Sud\u0117tis: 100 % anties p\u016bkas\u2714\ufe0f Apykakl\u0117: kailis\u2714\ufe0f Spalvos: juoda \/ \u0161viesiai grafitin\u0117 I\u0161matavimai:     S \u2013 ilgis 57 cm, kr\u016btin\u0117 51 cm, klubai 50 cm    M \u2013 ilgis 59 cm, kr\u016btin\u0117 53 cm, klubai 51 cm    L \u2013 ilgis 60 cm, kr\u016btin\u0117 55 cm, klubai 53 cm\" \/>\n<meta property=\"og:url\" content=\"https:\/\/madoskampas.lt\/lv\/product\/nordic-glow-pukaina-jaka-ar-kazokadu\/\" \/>\n<meta property=\"og:site_name\" content=\"MadosKampas.lt\" \/>\n<meta property=\"article:modified_time\" content=\"2026-02-04T11:19:48+00:00\" \/>\n<meta property=\"og:image\" content=\"https:\/\/madoskampas.lt\/wp-content\/uploads\/2025\/10\/IMG_0590-1.jpeg\" \/>\n\t<meta property=\"og:image:width\" content=\"1330\" \/>\n\t<meta property=\"og:image:height\" content=\"2364\" \/>\n\t<meta property=\"og:image:type\" content=\"image\/jpeg\" \/>\n<meta name=\"twitter:card\" content=\"summary_large_image\" \/>\n<meta name=\"twitter:label1\" content=\"Est. reading time\" \/>\n\t<meta name=\"twitter:data1\" content=\"1 min\u016bte\" \/>\n<script type=\"application\/ld+json\" class=\"yoast-schema-graph\">{\"@context\":\"https:\\\/\\\/schema.org\",\"@graph\":[{\"@type\":\"WebPage\",\"@id\":\"https:\\\/\\\/madoskampas.lt\\\/produktas\\\/nordic-glow-pukine-striuke-su-kailiu\\\/\",\"url\":\"https:\\\/\\\/madoskampas.lt\\\/produktas\\\/nordic-glow-pukine-striuke-su-kailiu\\\/\",\"name\":\"\u201eNordic Glow\u201c p\u016bkin\u0117 striuk\u0117 su kailiu - MadosKampas.lt\",\"isPartOf\":{\"@id\":\"https:\\\/\\\/madoskampas.lt\\\/#website\"},\"primaryImageOfPage\":{\"@id\":\"https:\\\/\\\/madoskampas.lt\\\/produktas\\\/nordic-glow-pukine-striuke-su-kailiu\\\/#primaryimage\"},\"image\":{\"@id\":\"https:\\\/\\\/madoskampas.lt\\\/produktas\\\/nordic-glow-pukine-striuke-su-kailiu\\\/#primaryimage\"},\"thumbnailUrl\":\"https:\\\/\\\/madoskampas.lt\\\/wp-content\\\/uploads\\\/2025\\\/10\\\/IMG_0590-1.jpeg\",\"datePublished\":\"2025-10-17T07:33:02+00:00\",\"dateModified\":\"2026-02-04T11:19:48+00:00\",\"breadcrumb\":{\"@id\":\"https:\\\/\\\/madoskampas.lt\\\/produktas\\\/nordic-glow-pukine-striuke-su-kailiu\\\/#breadcrumb\"},\"inLanguage\":\"lv-LV\",\"potentialAction\":[{\"@type\":\"ReadAction\",\"target\":[\"https:\\\/\\\/madoskampas.lt\\\/produktas\\\/nordic-glow-pukine-striuke-su-kailiu\\\/\"]}]},{\"@type\":\"ImageObject\",\"inLanguage\":\"lv-LV\",\"@id\":\"https:\\\/\\\/madoskampas.lt\\\/produktas\\\/nordic-glow-pukine-striuke-su-kailiu\\\/#primaryimage\",\"url\":\"https:\\\/\\\/madoskampas.lt\\\/wp-content\\\/uploads\\\/2025\\\/10\\\/IMG_0590-1.jpeg\",\"contentUrl\":\"https:\\\/\\\/madoskampas.lt\\\/wp-content\\\/uploads\\\/2025\\\/10\\\/IMG_0590-1.jpeg\",\"width\":1330,\"height\":2364},{\"@type\":\"BreadcrumbList\",\"@id\":\"https:\\\/\\\/madoskampas.lt\\\/produktas\\\/nordic-glow-pukine-striuke-su-kailiu\\\/#breadcrumb\",\"itemListElement\":[{\"@type\":\"ListItem\",\"position\":1,\"name\":\"Home\",\"item\":\"https:\\\/\\\/madoskampas.lt\\\/\"},{\"@type\":\"ListItem\",\"position\":2,\"name\":\"Parduotuv\u0117\",\"item\":\"https:\\\/\\\/madoskampas.lt\\\/parduotuve-2\\\/\"},{\"@type\":\"ListItem\",\"position\":3,\"name\":\"\u201eNordic Glow\u201c p\u016bkin\u0117 striuk\u0117 su kailiu\"}]},{\"@type\":\"WebSite\",\"@id\":\"https:\\\/\\\/madoskampas.lt\\\/#website\",\"url\":\"https:\\\/\\\/madoskampas.lt\\\/\",\"name\":\"MadosKampas.lt\",\"description\":\"Stilingi drabu\u017eiai moterims\",\"potentialAction\":[{\"@type\":\"SearchAction\",\"target\":{\"@type\":\"EntryPoint\",\"urlTemplate\":\"https:\\\/\\\/madoskampas.lt\\\/?s={search_term_string}\"},\"query-input\":{\"@type\":\"PropertyValueSpecification\",\"valueRequired\":true,\"valueName\":\"search_term_string\"}}],\"inLanguage\":\"lv-LV\"}]}<\/script>\n<!-- \/ Yoast SEO plugin. -->","yoast_head_json":{"title":"\u201eNordic Glow\u201c d\u016bnu jaka ar ka\u017eok\u0101du - MadosKampas.lt","robots":{"index":"index","follow":"follow","max-snippet":"max-snippet:-1","max-image-preview":"max-image-preview:large","max-video-preview":"max-video-preview:-1"},"canonical":"https:\/\/madoskampas.lt\/lv\/product\/nordic-glow-pukaina-jaka-ar-kazokadu\/","og_locale":"lv_LV","og_type":"article","og_title":"\u201eNordic Glow\u201c p\u016bkin\u0117 striuk\u0117 su kailiu - MadosKampas.lt","og_description":"\u0160ilta kaip apkabinimas, lengva kaip oras \u2014 \u201eNordic Glow\u201c p\u016bkin\u0117 striuk\u0117 taps tavo kasdieniu rudens ir \u017eiemos palydovu.Pagaminta i\u0161 100 % nat\u016bralaus anties p\u016bko, ji puikiai i\u0161laiko \u0161ilum\u0105 net \u0161al\u010diausiomis dienomis, o puri kailin\u0117 apykakl\u0117 suteikia subtilios prabangos poj\u016bt\u012f.Lengvai plat\u0117jantis siluetas nevar\u017eo judesi\u0173, tod\u0117l tiks tiek prie d\u017eins\u0173, tiek prie sijono ar megztos suknel\u0117s. Galima rinktis juod\u0105 arba \u0161viesiai grafitin\u0119 spalv\u0105 \u2014 dvi universaliausias, viskam tinkan\u010dias \u017eiemos klasik\u0173 tonacijas. \u2714\ufe0f Sud\u0117tis: 100 % anties p\u016bkas\u2714\ufe0f Apykakl\u0117: kailis\u2714\ufe0f Spalvos: juoda \/ \u0161viesiai grafitin\u0117 I\u0161matavimai:     S \u2013 ilgis 57 cm, kr\u016btin\u0117 51 cm, klubai 50 cm    M \u2013 ilgis 59 cm, kr\u016btin\u0117 53 cm, klubai 51 cm    L \u2013 ilgis 60 cm, kr\u016btin\u0117 55 cm, klubai 53 cm","og_url":"https:\/\/madoskampas.lt\/lv\/product\/nordic-glow-pukaina-jaka-ar-kazokadu\/","og_site_name":"MadosKampas.lt","article_modified_time":"2026-02-04T11:19:48+00:00","og_image":[{"width":1330,"height":2364,"url":"https:\/\/madoskampas.lt\/wp-content\/uploads\/2025\/10\/IMG_0590-1.jpeg","type":"image\/jpeg"}],"twitter_card":"summary_large_image","twitter_misc":{"Est. reading time":"1 min\u016bte"},"schema":{"@context":"https:\/\/schema.org","@graph":[{"@type":"WebPage","@id":"https:\/\/madoskampas.lt\/produktas\/nordic-glow-pukine-striuke-su-kailiu\/","url":"https:\/\/madoskampas.lt\/produktas\/nordic-glow-pukine-striuke-su-kailiu\/","name":"\u201eNordic Glow\u201c d\u016bnu jaka ar ka\u017eok\u0101du - MadosKampas.lt","isPartOf":{"@id":"https:\/\/madoskampas.lt\/#website"},"primaryImageOfPage":{"@id":"https:\/\/madoskampas.lt\/produktas\/nordic-glow-pukine-striuke-su-kailiu\/#primaryimage"},"image":{"@id":"https:\/\/madoskampas.lt\/produktas\/nordic-glow-pukine-striuke-su-kailiu\/#primaryimage"},"thumbnailUrl":"https:\/\/madoskampas.lt\/wp-content\/uploads\/2025\/10\/IMG_0590-1.jpeg","datePublished":"2025-10-17T07:33:02+00:00","dateModified":"2026-02-04T11:19:48+00:00","breadcrumb":{"@id":"https:\/\/madoskampas.lt\/produktas\/nordic-glow-pukine-striuke-su-kailiu\/#breadcrumb"},"inLanguage":"lv-LV","potentialAction":[{"@type":"ReadAction","target":["https:\/\/madoskampas.lt\/produktas\/nordic-glow-pukine-striuke-su-kailiu\/"]}]},{"@type":"ImageObject","inLanguage":"lv-LV","@id":"https:\/\/madoskampas.lt\/produktas\/nordic-glow-pukine-striuke-su-kailiu\/#primaryimage","url":"https:\/\/madoskampas.lt\/wp-content\/uploads\/2025\/10\/IMG_0590-1.jpeg","contentUrl":"https:\/\/madoskampas.lt\/wp-content\/uploads\/2025\/10\/IMG_0590-1.jpeg","width":1330,"height":2364},{"@type":"BreadcrumbList","@id":"https:\/\/madoskampas.lt\/produktas\/nordic-glow-pukine-striuke-su-kailiu\/#breadcrumb","itemListElement":[{"@type":"ListItem","position":1,"name":"Home","item":"https:\/\/madoskampas.lt\/"},{"@type":"ListItem","position":2,"name":"Parduotuv\u0117","item":"https:\/\/madoskampas.lt\/parduotuve-2\/"},{"@type":"ListItem","position":3,"name":"\u201eNordic Glow\u201c p\u016bkin\u0117 striuk\u0117 su kailiu"}]},{"@type":"WebSite","@id":"https:\/\/madoskampas.lt\/#website","url":"https:\/\/madoskampas.lt\/","name":"FashionKampas.lt","description":"Stil\u012bgs ap\u0123\u0113rbs sieviet\u0113m","potentialAction":[{"@type":"SearchAction","target":{"@type":"EntryPoint","urlTemplate":"https:\/\/madoskampas.lt\/?s={search_term_string}"},"query-input":{"@type":"PropertyValueSpecification","valueRequired":true,"valueName":"search_term_string"}}],"inLanguage":"lv-LV"}]}},"uagb_featured_image_src":{"full":["https:\/\/madoskampas.lt\/wp-content\/uploads\/2025\/10\/IMG_0590-1.jpeg",1330,2364,false],"thumbnail":["https:\/\/madoskampas.lt\/wp-content\/uploads\/2025\/10\/IMG_0590-1-150x150.jpeg",150,150,true],"medium":["https:\/\/madoskampas.lt\/wp-content\/uploads\/2025\/10\/IMG_0590-1-169x300.jpeg",169,300,true],"medium_large":["https:\/\/madoskampas.lt\/wp-content\/uploads\/2025\/10\/IMG_0590-1-768x1365.jpeg",768,1365,true],"large":["https:\/\/madoskampas.lt\/wp-content\/uploads\/2025\/10\/IMG_0590-1-576x1024.jpeg",576,1024,true],"1536x1536":["https:\/\/madoskampas.lt\/wp-content\/uploads\/2025\/10\/IMG_0590-1-864x1536.jpeg",864,1536,true],"2048x2048":["https:\/\/madoskampas.lt\/wp-content\/uploads\/2025\/10\/IMG_0590-1-1152x2048.jpeg",1152,2048,true],"trp-custom-language-flag":["https:\/\/madoskampas.lt\/wp-content\/uploads\/2025\/10\/IMG_0590-1.jpeg",7,12,false],"nova-image-square":["https:\/\/madoskampas.lt\/wp-content\/uploads\/2025\/10\/IMG_0590-1-1100x1100.jpeg",1100,1100,true],"mixtas-product-03":["https:\/\/madoskampas.lt\/wp-content\/uploads\/2025\/10\/IMG_0590-1-600x345.jpeg",600,345,true],"woocommerce_thumbnail":["https:\/\/madoskampas.lt\/wp-content\/uploads\/2025\/10\/IMG_0590-1-700x700.jpeg",700,700,true],"woocommerce_single":["https:\/\/madoskampas.lt\/wp-content\/uploads\/2025\/10\/IMG_0590-1-1000x1777.jpeg",1000,1777,true],"woocommerce_gallery_thumbnail":["https:\/\/madoskampas.lt\/wp-content\/uploads\/2025\/10\/IMG_0590-1-250x250.jpeg",250,250,true],"variation_swatches_image_size":["https:\/\/madoskampas.lt\/wp-content\/uploads\/2025\/10\/IMG_0590-1-50x50.jpeg",50,50,true],"variation_swatches_tooltip_size":["https:\/\/madoskampas.lt\/wp-content\/uploads\/2025\/10\/IMG_0590-1-100x100.jpeg",100,100,true]},"uagb_author_info":{"display_name":"algirdasbart","author_link":"https:\/\/madoskampas.lt\/lv\/author\/"},"uagb_comment_info":0,"uagb_excerpt":"\u0160ilta kaip apkabinimas, lengva kaip oras \u2014 \u201eNordic Glow\u201c p\u016bkin\u0117 striuk\u0117 taps tavo kasdieniu rudens ir \u017eiemos palydovu.Pagaminta i\u0161 100 % nat\u016bralaus anties p\u016bko, ji puikiai i\u0161laiko \u0161ilum\u0105 net \u0161al\u010diausiomis dienomis, o puri kailin\u0117 apykakl\u0117 suteikia subtilios prabangos poj\u016bt\u012f.Lengvai plat\u0117jantis siluetas nevar\u017eo judesi\u0173, tod\u0117l tiks tiek prie d\u017eins\u0173, tiek prie sijono ar megztos suknel\u0117s. Galima&hellip;","jetpack_sharing_enabled":true,"_links":{"self":[{"href":"https:\/\/madoskampas.lt\/lv\/wp-json\/wp\/v2\/product\/21573","targetHints":{"allow":["GET"]}}],"collection":[{"href":"https:\/\/madoskampas.lt\/lv\/wp-json\/wp\/v2\/product"}],"about":[{"href":"https:\/\/madoskampas.lt\/lv\/wp-json\/wp\/v2\/types\/product"}],"replies":[{"embeddable":true,"href":"https:\/\/madoskampas.lt\/lv\/wp-json\/wp\/v2\/comments?post=21573"}],"wp:featuredmedia":[{"embeddable":true,"href":"https:\/\/madoskampas.lt\/lv\/wp-json\/wp\/v2\/media\/21562"}],"wp:attachment":[{"href":"https:\/\/madoskampas.lt\/lv\/wp-json\/wp\/v2\/media?parent=21573"}],"wp:term":[{"taxonomy":"product_brand","embeddable":true,"href":"https:\/\/madoskampas.lt\/lv\/wp-json\/wp\/v2\/product_brand?post=21573"},{"taxonomy":"product_cat","embeddable":true,"href":"https:\/\/madoskampas.lt\/lv\/wp-json\/wp\/v2\/product_cat?post=21573"},{"taxonomy":"product_tag","embeddable":true,"href":"https:\/\/madoskampas.lt\/lv\/wp-json\/wp\/v2\/product_tag?post=21573"}],"curies":[{"name":"wp","href":"https:\/\/api.w.org\/{rel}","templated":true}]}}