{"id":21900,"date":"2025-10-22T10:06:19","date_gmt":"2025-10-22T10:06:19","guid":{"rendered":"https:\/\/madoskampas.lt\/?post_type=product&#038;p=21900"},"modified":"2026-02-17T11:55:14","modified_gmt":"2026-02-17T11:55:14","slug":"polo-luxe-bernu-moheras-dzemperis","status":"publish","type":"product","link":"https:\/\/madoskampas.lt\/lv\/product\/polo-luxe-bernu-moheras-dzemperis\/","title":{"rendered":"Polo Luxe Kid Mohair d\u017eemperis\u201e"},"content":{"rendered":"<p data-start=\"43\" data-end=\"393\">\u201ePolo Luxe Kid Mohair\u201c - \u012bpa\u0161i m\u012bksts d\u017eemperis ar elegantu izskatu. <em data-start=\"131\" data-end=\"137\">polo<\/em> kakla tips.<br data-start=\"149\" data-end=\"152\" data-is-only-node=\"\" \/>Izgatavots no 80 % <em data-start=\"171\" data-end=\"184\">kazl\u0113nu moh\u0113rs<\/em>, Tas ir viegls, p\u016bkains un vienlaikus silts - k\u0101 maigs m\u0101konis uz \u0101das.<br data-start=\"257\" data-end=\"260\" \/>Smalks modelis, kas izstaro grezn\u012bbu un sievi\u0161\u0137\u012bbu, lieliski sader ar d\u017einsiem, sv\u0101rkiem vai klasisk\u0101m biks\u0113m.<\/p>\n<p data-start=\"395\" data-end=\"536\">\u2714\ufe0f Garums - 65 cm<br data-start=\"411\" data-end=\"414\" \/>\u2714\ufe0f Kr\u016b\u0161u izm\u0113rs - 54 cm<br data-start=\"436\" data-end=\"439\" \/>\u2714\ufe0f Audums: 80 % kazl\u0113nu moh\u0113ra, 18 % poliam\u012bda, 2 % elast\u0101na.<br data-start=\"498\" data-end=\"501\" \/>\u2714\ufe0f Izm\u0113rs: univers\u0101ls (piem\u0113rots S-L)<\/p>\n<p data-start=\"538\" data-end=\"591\" data-is-last-node=\"\" data-is-only-node=\"\">\u2728 Kad maigums k\u013c\u016bst par ikdienas stila sast\u0101vda\u013cu.<\/p>","protected":false},"excerpt":{"rendered":"<p data-start=\"43\" data-end=\"393\">\u201ePolo Luxe Kid Mohair\u201c - \u012bpa\u0161i m\u012bksts d\u017eemperis ar elegantu izskatu. <em data-start=\"131\" data-end=\"137\">polo<\/em> kakla tips.<br data-start=\"149\" data-end=\"152\" data-is-only-node=\"\" \/>Izgatavots no 80 % <em data-start=\"171\" data-end=\"184\">kazl\u0113nu moh\u0113rs<\/em>, Tas ir viegls, p\u016bkains un vienlaikus silts - k\u0101 maigs m\u0101konis uz \u0101das.<br data-start=\"257\" data-end=\"260\" \/>Smalks modelis, kas izstaro grezn\u012bbu un sievi\u0161\u0137\u012bbu, lieliski sader ar d\u017einsiem, sv\u0101rkiem vai klasisk\u0101m biks\u0113m.<\/p>\n<p data-start=\"395\" data-end=\"536\">\u2714\ufe0f Garums - 65 cm<br data-start=\"411\" data-end=\"414\" \/>\u2714\ufe0f Kr\u016b\u0161u izm\u0113rs - 54 cm<br data-start=\"436\" data-end=\"439\" \/>\u2714\ufe0f Audums: 80 % kazl\u0113nu moh\u0113ra, 18 % poliam\u012bda, 2 % elast\u0101na.<br data-start=\"498\" data-end=\"501\" \/>\u2714\ufe0f Izm\u0113rs: univers\u0101ls (piem\u0113rots S-L)<\/p>\n<p data-start=\"538\" data-end=\"591\" data-is-last-node=\"\" data-is-only-node=\"\">\u2728 Kad maigums k\u013c\u016bst par ikdienas stila sast\u0101vda\u013cu.<\/p>\n<hr data-start=\"789\" data-end=\"792\" \/>\n<p data-start=\"794\" data-end=\"811\"><strong data-start=\"794\" data-end=\"809\">Ieguvumi:<\/strong><\/p>\n<ul data-start=\"812\" data-end=\"1104\">\n<li data-start=\"812\" data-end=\"867\">\n<p data-start=\"814\" data-end=\"867\">\u2728 80 % <em data-start=\"821\" data-end=\"833\">B\u0113rnu moh\u0113rs<\/em> - \u012bpa\u0161i grezna un m\u012bksta vilna<\/p>\n<\/li>\n<li data-start=\"868\" data-end=\"928\">\n<p data-start=\"870\" data-end=\"928\">\ud83c\udf2c Neapgr\u016btino\u0161s, bet sildo\u0161s - viegls, p\u016bkains, elpojo\u0161s<\/p>\n<\/li>\n<li data-start=\"929\" data-end=\"993\">\n<p data-start=\"931\" data-end=\"993\">\ud83e\udde5 Papla\u0161in\u0101tas piedurknes, br\u012bvs siluets - moderns un \u0113rts<\/p>\n<\/li>\n<li data-start=\"994\" data-end=\"1047\">\n<p data-start=\"996\" data-end=\"1047\">\ud83c\udfa8 Pieejami vair\u0101ki to\u0146i - izv\u0113lieties atbilsto\u0161i savam noska\u0146ojumam<\/p>\n<\/li>\n<li data-start=\"1048\" data-end=\"1104\">\n<p data-start=\"1050\" data-end=\"1104\">\ud83c\uddee\ud83c\uddf9 It\u0101\u013cu kvalit\u0101te - smalka grezn\u012bba j\u016bsu garderobei<\/p>\n<\/li>\n<\/ul>\n<p data-start=\"1111\" data-end=\"1289\">","protected":false},"featured_media":22874,"comment_status":"open","ping_status":"closed","template":"","meta":{"_uag_custom_page_level_css":"","_monsterinsights_skip_tracking":false,"_monsterinsights_sitenote_active":false,"_monsterinsights_sitenote_note":"","_monsterinsights_sitenote_category":0},"product_brand":[],"product_cat":[66,73,95,96],"product_tag":[],"class_list":{"0":"post-21900","1":"product","2":"type-product","3":"status-publish","4":"has-post-thumbnail","6":"product_cat-drabuziai","7":"product_cat-megztiniai","8":"product_cat-naujausi","9":"product_cat-populiariausi","10":"tm-has-options","12":"first","13":"outofstock","14":"sale","15":"shipping-taxable","16":"purchasable","17":"product-type-variable"},"yoast_head":"<!-- This site is optimized with the Yoast SEO plugin v27.3 - https:\/\/yoast.com\/product\/yoast-seo-wordpress\/ -->\n<title>Megztinis \u201ePolo Luxe Kid Mohair\u201c - MadosKampas.lt<\/title>\n<meta name=\"robots\" content=\"index, follow, max-snippet:-1, max-image-preview:large, max-video-preview:-1\" \/>\n<link rel=\"canonical\" href=\"https:\/\/madoskampas.lt\/lv\/product\/polo-luxe-bernu-moheras-dzemperis\/\" \/>\n<meta property=\"og:locale\" content=\"lv_LV\" \/>\n<meta property=\"og:type\" content=\"article\" \/>\n<meta property=\"og:title\" content=\"Megztinis \u201ePolo Luxe Kid Mohair\u201c - MadosKampas.lt\" \/>\n<meta property=\"og:description\" content=\"\u201ePolo Luxe Kid Mohair\u201c \u2013 i\u0161skirtinio \u0161velnumo megztinis su eleganti\u0161ku polo tipo kaklu.Pagamintas i\u0161 80 % kid moheros, jis lengvas, purus ir kartu \u0161iltas \u2013 tarsi mink\u0161tas debes\u0117lis ant odos.Subtilus modelis, kuris spinduliuoja prabanga ir moteri\u0161kumu, puikiai dera tiek prie d\u017eins\u0173, tiek prie sijono ar klasikini\u0173 kelni\u0173. \u2714\ufe0f Ilgis \u2013 65 cm\u2714\ufe0f Per kr\u016btin\u0119 \u2013 54 cm\u2714\ufe0f Audinys: 80 % kid mohera, 18 % poliamidas, 2 % elastanas\u2714\ufe0f Dydis: universalus (tinka S\u2013L) \u2728 Kai \u0161velnumas tampa tavo kasdienio stiliaus dalimi.    Privalumai:     \u2728 80 % kid mohera \u2013 itin prabangi ir \u0161velni vilna    \ud83c\udf2c Neapsunkina, bet \u0161ildo \u2013 lengvas, purus, kv\u0117puojantis    \ud83e\udde5 Pailgintos rankov\u0117s, laisvas siluetas \u2013 modernu ir patogu    \ud83c\udfa8 Galimi keli atspalviai \u2013 rinkis savo nuotaikai    \ud83c\uddee\ud83c\uddf9 Itali\u0161ka kokyb\u0117 \u2013 subtili prabanga tavo garderobe\" \/>\n<meta property=\"og:url\" content=\"https:\/\/madoskampas.lt\/lv\/product\/polo-luxe-bernu-moheras-dzemperis\/\" \/>\n<meta property=\"og:site_name\" content=\"MadosKampas.lt\" \/>\n<meta property=\"article:modified_time\" content=\"2026-02-17T11:55:14+00:00\" \/>\n<meta property=\"og:image\" content=\"https:\/\/madoskampas.lt\/wp-content\/uploads\/2025\/10\/IMG_2718.jpeg\" \/>\n\t<meta property=\"og:image:width\" content=\"1536\" \/>\n\t<meta property=\"og:image:height\" content=\"2048\" \/>\n\t<meta property=\"og:image:type\" content=\"image\/jpeg\" \/>\n<meta name=\"twitter:card\" content=\"summary_large_image\" \/>\n<meta name=\"twitter:label1\" content=\"Est. reading time\" \/>\n\t<meta name=\"twitter:data1\" content=\"1 min\u016bte\" \/>\n<script type=\"application\/ld+json\" class=\"yoast-schema-graph\">{\"@context\":\"https:\\\/\\\/schema.org\",\"@graph\":[{\"@type\":\"WebPage\",\"@id\":\"https:\\\/\\\/madoskampas.lt\\\/produktas\\\/megztinis-polo-luxe-kid-mohair\\\/\",\"url\":\"https:\\\/\\\/madoskampas.lt\\\/produktas\\\/megztinis-polo-luxe-kid-mohair\\\/\",\"name\":\"Megztinis \u201ePolo Luxe Kid Mohair\u201c - MadosKampas.lt\",\"isPartOf\":{\"@id\":\"https:\\\/\\\/madoskampas.lt\\\/#website\"},\"primaryImageOfPage\":{\"@id\":\"https:\\\/\\\/madoskampas.lt\\\/produktas\\\/megztinis-polo-luxe-kid-mohair\\\/#primaryimage\"},\"image\":{\"@id\":\"https:\\\/\\\/madoskampas.lt\\\/produktas\\\/megztinis-polo-luxe-kid-mohair\\\/#primaryimage\"},\"thumbnailUrl\":\"https:\\\/\\\/madoskampas.lt\\\/wp-content\\\/uploads\\\/2025\\\/10\\\/IMG_2718.jpeg\",\"datePublished\":\"2025-10-22T10:06:19+00:00\",\"dateModified\":\"2026-02-17T11:55:14+00:00\",\"breadcrumb\":{\"@id\":\"https:\\\/\\\/madoskampas.lt\\\/produktas\\\/megztinis-polo-luxe-kid-mohair\\\/#breadcrumb\"},\"inLanguage\":\"lv-LV\",\"potentialAction\":[{\"@type\":\"ReadAction\",\"target\":[\"https:\\\/\\\/madoskampas.lt\\\/produktas\\\/megztinis-polo-luxe-kid-mohair\\\/\"]}]},{\"@type\":\"ImageObject\",\"inLanguage\":\"lv-LV\",\"@id\":\"https:\\\/\\\/madoskampas.lt\\\/produktas\\\/megztinis-polo-luxe-kid-mohair\\\/#primaryimage\",\"url\":\"https:\\\/\\\/madoskampas.lt\\\/wp-content\\\/uploads\\\/2025\\\/10\\\/IMG_2718.jpeg\",\"contentUrl\":\"https:\\\/\\\/madoskampas.lt\\\/wp-content\\\/uploads\\\/2025\\\/10\\\/IMG_2718.jpeg\",\"width\":1536,\"height\":2048},{\"@type\":\"BreadcrumbList\",\"@id\":\"https:\\\/\\\/madoskampas.lt\\\/produktas\\\/megztinis-polo-luxe-kid-mohair\\\/#breadcrumb\",\"itemListElement\":[{\"@type\":\"ListItem\",\"position\":1,\"name\":\"Home\",\"item\":\"https:\\\/\\\/madoskampas.lt\\\/\"},{\"@type\":\"ListItem\",\"position\":2,\"name\":\"Parduotuv\u0117\",\"item\":\"https:\\\/\\\/madoskampas.lt\\\/parduotuve-2\\\/\"},{\"@type\":\"ListItem\",\"position\":3,\"name\":\"Megztinis \u201ePolo Luxe Kid Mohair\u201c\"}]},{\"@type\":\"WebSite\",\"@id\":\"https:\\\/\\\/madoskampas.lt\\\/#website\",\"url\":\"https:\\\/\\\/madoskampas.lt\\\/\",\"name\":\"MadosKampas.lt\",\"description\":\"Stilingi drabu\u017eiai moterims\",\"potentialAction\":[{\"@type\":\"SearchAction\",\"target\":{\"@type\":\"EntryPoint\",\"urlTemplate\":\"https:\\\/\\\/madoskampas.lt\\\/?s={search_term_string}\"},\"query-input\":{\"@type\":\"PropertyValueSpecification\",\"valueRequired\":true,\"valueName\":\"search_term_string\"}}],\"inLanguage\":\"lv-LV\"}]}<\/script>\n<!-- \/ Yoast SEO plugin. -->","yoast_head_json":{"title":"Polo Luxe Kid Mohair d\u017eemperis - MadosKampas.lt","robots":{"index":"index","follow":"follow","max-snippet":"max-snippet:-1","max-image-preview":"max-image-preview:large","max-video-preview":"max-video-preview:-1"},"canonical":"https:\/\/madoskampas.lt\/lv\/product\/polo-luxe-bernu-moheras-dzemperis\/","og_locale":"lv_LV","og_type":"article","og_title":"Megztinis \u201ePolo Luxe Kid Mohair\u201c - MadosKampas.lt","og_description":"\u201ePolo Luxe Kid Mohair\u201c \u2013 i\u0161skirtinio \u0161velnumo megztinis su eleganti\u0161ku polo tipo kaklu.Pagamintas i\u0161 80 % kid moheros, jis lengvas, purus ir kartu \u0161iltas \u2013 tarsi mink\u0161tas debes\u0117lis ant odos.Subtilus modelis, kuris spinduliuoja prabanga ir moteri\u0161kumu, puikiai dera tiek prie d\u017eins\u0173, tiek prie sijono ar klasikini\u0173 kelni\u0173. \u2714\ufe0f Ilgis \u2013 65 cm\u2714\ufe0f Per kr\u016btin\u0119 \u2013 54 cm\u2714\ufe0f Audinys: 80 % kid mohera, 18 % poliamidas, 2 % elastanas\u2714\ufe0f Dydis: universalus (tinka S\u2013L) \u2728 Kai \u0161velnumas tampa tavo kasdienio stiliaus dalimi.    Privalumai:     \u2728 80 % kid mohera \u2013 itin prabangi ir \u0161velni vilna    \ud83c\udf2c Neapsunkina, bet \u0161ildo \u2013 lengvas, purus, kv\u0117puojantis    \ud83e\udde5 Pailgintos rankov\u0117s, laisvas siluetas \u2013 modernu ir patogu    \ud83c\udfa8 Galimi keli atspalviai \u2013 rinkis savo nuotaikai    \ud83c\uddee\ud83c\uddf9 Itali\u0161ka kokyb\u0117 \u2013 subtili prabanga tavo garderobe","og_url":"https:\/\/madoskampas.lt\/lv\/product\/polo-luxe-bernu-moheras-dzemperis\/","og_site_name":"MadosKampas.lt","article_modified_time":"2026-02-17T11:55:14+00:00","og_image":[{"width":1536,"height":2048,"url":"https:\/\/madoskampas.lt\/wp-content\/uploads\/2025\/10\/IMG_2718.jpeg","type":"image\/jpeg"}],"twitter_card":"summary_large_image","twitter_misc":{"Est. reading time":"1 min\u016bte"},"schema":{"@context":"https:\/\/schema.org","@graph":[{"@type":"WebPage","@id":"https:\/\/madoskampas.lt\/produktas\/megztinis-polo-luxe-kid-mohair\/","url":"https:\/\/madoskampas.lt\/produktas\/megztinis-polo-luxe-kid-mohair\/","name":"Polo Luxe Kid Mohair d\u017eemperis - MadosKampas.lt","isPartOf":{"@id":"https:\/\/madoskampas.lt\/#website"},"primaryImageOfPage":{"@id":"https:\/\/madoskampas.lt\/produktas\/megztinis-polo-luxe-kid-mohair\/#primaryimage"},"image":{"@id":"https:\/\/madoskampas.lt\/produktas\/megztinis-polo-luxe-kid-mohair\/#primaryimage"},"thumbnailUrl":"https:\/\/madoskampas.lt\/wp-content\/uploads\/2025\/10\/IMG_2718.jpeg","datePublished":"2025-10-22T10:06:19+00:00","dateModified":"2026-02-17T11:55:14+00:00","breadcrumb":{"@id":"https:\/\/madoskampas.lt\/produktas\/megztinis-polo-luxe-kid-mohair\/#breadcrumb"},"inLanguage":"lv-LV","potentialAction":[{"@type":"ReadAction","target":["https:\/\/madoskampas.lt\/produktas\/megztinis-polo-luxe-kid-mohair\/"]}]},{"@type":"ImageObject","inLanguage":"lv-LV","@id":"https:\/\/madoskampas.lt\/produktas\/megztinis-polo-luxe-kid-mohair\/#primaryimage","url":"https:\/\/madoskampas.lt\/wp-content\/uploads\/2025\/10\/IMG_2718.jpeg","contentUrl":"https:\/\/madoskampas.lt\/wp-content\/uploads\/2025\/10\/IMG_2718.jpeg","width":1536,"height":2048},{"@type":"BreadcrumbList","@id":"https:\/\/madoskampas.lt\/produktas\/megztinis-polo-luxe-kid-mohair\/#breadcrumb","itemListElement":[{"@type":"ListItem","position":1,"name":"Home","item":"https:\/\/madoskampas.lt\/"},{"@type":"ListItem","position":2,"name":"Parduotuv\u0117","item":"https:\/\/madoskampas.lt\/parduotuve-2\/"},{"@type":"ListItem","position":3,"name":"Megztinis \u201ePolo Luxe Kid Mohair\u201c"}]},{"@type":"WebSite","@id":"https:\/\/madoskampas.lt\/#website","url":"https:\/\/madoskampas.lt\/","name":"FashionKampas.lt","description":"Stil\u012bgs ap\u0123\u0113rbs sieviet\u0113m","potentialAction":[{"@type":"SearchAction","target":{"@type":"EntryPoint","urlTemplate":"https:\/\/madoskampas.lt\/?s={search_term_string}"},"query-input":{"@type":"PropertyValueSpecification","valueRequired":true,"valueName":"search_term_string"}}],"inLanguage":"lv-LV"}]}},"uagb_featured_image_src":{"full":["https:\/\/madoskampas.lt\/wp-content\/uploads\/2025\/10\/IMG_2718.jpeg",1536,2048,false],"thumbnail":["https:\/\/madoskampas.lt\/wp-content\/uploads\/2025\/10\/IMG_2718-150x150.jpeg",150,150,true],"medium":["https:\/\/madoskampas.lt\/wp-content\/uploads\/2025\/10\/IMG_2718-225x300.jpeg",225,300,true],"medium_large":["https:\/\/madoskampas.lt\/wp-content\/uploads\/2025\/10\/IMG_2718-768x1024.jpeg",768,1024,true],"large":["https:\/\/madoskampas.lt\/wp-content\/uploads\/2025\/10\/IMG_2718-768x1024.jpeg",768,1024,true],"1536x1536":["https:\/\/madoskampas.lt\/wp-content\/uploads\/2025\/10\/IMG_2718-1152x1536.jpeg",1152,1536,true],"2048x2048":["https:\/\/madoskampas.lt\/wp-content\/uploads\/2025\/10\/IMG_2718.jpeg",1536,2048,false],"trp-custom-language-flag":["https:\/\/madoskampas.lt\/wp-content\/uploads\/2025\/10\/IMG_2718.jpeg",9,12,false],"nova-image-square":["https:\/\/madoskampas.lt\/wp-content\/uploads\/2025\/10\/IMG_2718-1100x1100.jpeg",1100,1100,true],"mixtas-product-03":["https:\/\/madoskampas.lt\/wp-content\/uploads\/2025\/10\/IMG_2718-600x345.jpeg",600,345,true],"woocommerce_thumbnail":["https:\/\/madoskampas.lt\/wp-content\/uploads\/2025\/10\/IMG_2718-700x700.jpeg",700,700,true],"woocommerce_single":["https:\/\/madoskampas.lt\/wp-content\/uploads\/2025\/10\/IMG_2718-1000x1333.jpeg",1000,1333,true],"woocommerce_gallery_thumbnail":["https:\/\/madoskampas.lt\/wp-content\/uploads\/2025\/10\/IMG_2718-250x250.jpeg",250,250,true],"variation_swatches_image_size":["https:\/\/madoskampas.lt\/wp-content\/uploads\/2025\/10\/IMG_2718-50x50.jpeg",50,50,true],"variation_swatches_tooltip_size":["https:\/\/madoskampas.lt\/wp-content\/uploads\/2025\/10\/IMG_2718-100x100.jpeg",100,100,true]},"uagb_author_info":{"display_name":"algirdasbart","author_link":"https:\/\/madoskampas.lt\/lv\/author\/"},"uagb_comment_info":1,"uagb_excerpt":"\u201ePolo Luxe Kid Mohair\u201c \u2013 i\u0161skirtinio \u0161velnumo megztinis su eleganti\u0161ku polo tipo kaklu.Pagamintas i\u0161 80 % kid moheros, jis lengvas, purus ir kartu \u0161iltas \u2013 tarsi mink\u0161tas debes\u0117lis ant odos.Subtilus modelis, kuris spinduliuoja prabanga ir moteri\u0161kumu, puikiai dera tiek prie d\u017eins\u0173, tiek prie sijono ar klasikini\u0173 kelni\u0173. \u2714\ufe0f Ilgis \u2013 65 cm\u2714\ufe0f Per kr\u016btin\u0119 \u2013&hellip;","jetpack_sharing_enabled":true,"_links":{"self":[{"href":"https:\/\/madoskampas.lt\/lv\/wp-json\/wp\/v2\/product\/21900","targetHints":{"allow":["GET"]}}],"collection":[{"href":"https:\/\/madoskampas.lt\/lv\/wp-json\/wp\/v2\/product"}],"about":[{"href":"https:\/\/madoskampas.lt\/lv\/wp-json\/wp\/v2\/types\/product"}],"replies":[{"embeddable":true,"href":"https:\/\/madoskampas.lt\/lv\/wp-json\/wp\/v2\/comments?post=21900"}],"wp:featuredmedia":[{"embeddable":true,"href":"https:\/\/madoskampas.lt\/lv\/wp-json\/wp\/v2\/media\/22874"}],"wp:attachment":[{"href":"https:\/\/madoskampas.lt\/lv\/wp-json\/wp\/v2\/media?parent=21900"}],"wp:term":[{"taxonomy":"product_brand","embeddable":true,"href":"https:\/\/madoskampas.lt\/lv\/wp-json\/wp\/v2\/product_brand?post=21900"},{"taxonomy":"product_cat","embeddable":true,"href":"https:\/\/madoskampas.lt\/lv\/wp-json\/wp\/v2\/product_cat?post=21900"},{"taxonomy":"product_tag","embeddable":true,"href":"https:\/\/madoskampas.lt\/lv\/wp-json\/wp\/v2\/product_tag?post=21900"}],"curies":[{"name":"wp","href":"https:\/\/api.w.org\/{rel}","templated":true}]}}