{"id":22128,"date":"2025-10-26T17:20:20","date_gmt":"2025-10-26T17:20:20","guid":{"rendered":"https:\/\/madoskampas.lt\/?post_type=product&#038;p=22128"},"modified":"2026-04-10T09:36:55","modified_gmt":"2026-04-10T09:36:55","slug":"classic-suede-leather-verstos-odos-dirzas","status":"publish","type":"product","link":"https:\/\/madoskampas.lt\/lv\/product\/classic-suede-leather-verstos-odos-dirzas\/","title":{"rendered":"&#8222;Classic Suede Leather&#8221;\u2013 verstos odos dir\u017eas"},"content":{"rendered":"<p>&#8222;Classic Suede Leather&#8221; \u2013 tai klasikinio dizaino <strong data-start=\"371\" data-end=\"394\">verstos odos dir\u017eas<\/strong>, kuriame dera minimalistin\u0117 elegancija ir itali\u0161kas ilgaam\u017ei\u0161kumas.<br data-start=\"462\" data-end=\"465\" \/>Pagamintas i\u0161 auk\u0161tos kokyb\u0117s odos su tvirta metaline sagtimi, \u0161is aksesuaras suteikia subtilaus i\u0161baigtumo tiek kasdieniams d\u017einsams, tiek eleganti\u0161kam kostium\u0117liui ar suknelei.<\/p>","protected":false},"excerpt":{"rendered":"<p data-start=\"330\" data-end=\"645\">&#8222;Classic Suede Leather&#8221; \u2013 tai klasikinio dizaino <strong data-start=\"371\" data-end=\"394\">verstos odos dir\u017eas<\/strong>, kuriame dera minimalistin\u0117 elegancija ir itali\u0161kas ilgaam\u017ei\u0161kumas.<br data-start=\"462\" data-end=\"465\" \/>Pagamintas i\u0161 auk\u0161tos kokyb\u0117s odos su tvirta metaline sagtimi, \u0161is aksesuaras suteikia subtilaus i\u0161baigtumo tiek kasdieniams d\u017einsams, tiek eleganti\u0161kam kostium\u0117liui ar suknelei.<\/p>\n<p data-start=\"647\" data-end=\"837\">Mink\u0161ta, \u0161velniai matin\u0117 odos tekst\u016bra ir universalios spalvos \u2013 juoda bei \u0161okolado \u2013 leid\u017eia lengvai derinti prie \u012fvairi\u0173 stili\u0173.<br data-start=\"777\" data-end=\"780\" \/>Tai detal\u0117, kuri tyliai kuria viso \u012fvaizd\u017eio harmonij\u0105.<\/p>\n<p data-start=\"839\" data-end=\"956\">\ud83d\udccf <strong data-start=\"842\" data-end=\"852\">Izm\u0113rs:<\/strong> reguliuojamas nuo 65 cm iki 115 cm<br data-start=\"887\" data-end=\"890\" \/>\ud83c\udfa8 <strong data-start=\"893\" data-end=\"905\">Kr\u0101sas:<\/strong> juoda \/ \u0161okolado<br data-start=\"922\" data-end=\"925\" \/>\ud83c\udf0d <strong data-start=\"928\" data-end=\"956\">Ra\u017eots It\u0101lij\u0101 \ud83c\uddee\ud83c\uddf9<\/strong><\/p>","protected":false},"featured_media":22146,"comment_status":"open","ping_status":"closed","template":"","meta":{"_uag_custom_page_level_css":"","_monsterinsights_skip_tracking":false,"_monsterinsights_sitenote_active":false,"_monsterinsights_sitenote_note":"","_monsterinsights_sitenote_category":0},"product_brand":[],"product_cat":[189,197,203],"product_tag":[],"class_list":{"0":"post-22128","1":"product","2":"type-product","3":"status-publish","4":"has-post-thumbnail","6":"product_cat-aksesuarai","7":"product_cat-dirzai","8":"product_cat-dovanu-idejos","9":"tm-has-options","11":"first","12":"instock","13":"shipping-taxable","14":"purchasable","15":"product-type-variable"},"yoast_head":"<!-- This site is optimized with the Yoast SEO plugin v27.6 - https:\/\/yoast.com\/product\/yoast-seo-wordpress\/ -->\n<title>&quot;Classic Suede Leather&quot;\u2013 verstos odos dir\u017eas - MadosKampas.lt<\/title>\n<meta name=\"robots\" content=\"index, follow, max-snippet:-1, max-image-preview:large, max-video-preview:-1\" \/>\n<link rel=\"canonical\" href=\"https:\/\/madoskampas.lt\/lv\/product\/classic-suede-leather-verstos-odos-dirzas\/\" \/>\n<meta property=\"og:locale\" content=\"lv_LV\" \/>\n<meta property=\"og:type\" content=\"article\" \/>\n<meta property=\"og:title\" content=\"&quot;Classic Suede Leather&quot;\u2013 verstos odos dir\u017eas - MadosKampas.lt\" \/>\n<meta property=\"og:description\" content=\"&quot;Classic Suede Leather&quot; \u2013 tai klasikinio dizaino verstos odos dir\u017eas, kuriame dera minimalistin\u0117 elegancija ir itali\u0161kas ilgaam\u017ei\u0161kumas.Pagamintas i\u0161 auk\u0161tos kokyb\u0117s odos su tvirta metaline sagtimi, \u0161is aksesuaras suteikia subtilaus i\u0161baigtumo tiek kasdieniams d\u017einsams, tiek eleganti\u0161kam kostium\u0117liui ar suknelei. Mink\u0161ta, \u0161velniai matin\u0117 odos tekst\u016bra ir universalios spalvos \u2013 juoda bei \u0161okolado \u2013 leid\u017eia lengvai derinti prie \u012fvairi\u0173 stili\u0173.Tai detal\u0117, kuri tyliai kuria viso \u012fvaizd\u017eio harmonij\u0105. \ud83d\udccf Dydis: reguliuojamas nuo 65 cm iki 115 cm\ud83c\udfa8 Spalvos: juoda \/ \u0161okolado\ud83c\udf0d Pagaminta Italijoje \ud83c\uddee\ud83c\uddf9\" \/>\n<meta property=\"og:url\" content=\"https:\/\/madoskampas.lt\/lv\/product\/classic-suede-leather-verstos-odos-dirzas\/\" \/>\n<meta property=\"og:site_name\" content=\"MadosKampas.lt\" \/>\n<meta property=\"article:modified_time\" content=\"2026-04-10T09:36:55+00:00\" \/>\n<meta property=\"og:image\" content=\"https:\/\/madoskampas.lt\/wp-content\/uploads\/2025\/10\/IMG_1371.jpeg\" \/>\n\t<meta property=\"og:image:width\" content=\"1330\" \/>\n\t<meta property=\"og:image:height\" content=\"2364\" \/>\n\t<meta property=\"og:image:type\" content=\"image\/jpeg\" \/>\n<meta name=\"twitter:card\" content=\"summary_large_image\" \/>\n<meta name=\"twitter:label1\" content=\"Est. reading time\" \/>\n\t<meta name=\"twitter:data1\" content=\"1 min\u016bte\" \/>\n<script type=\"application\/ld+json\" class=\"yoast-schema-graph\">{\"@context\":\"https:\\\/\\\/schema.org\",\"@graph\":[{\"@type\":\"WebPage\",\"@id\":\"https:\\\/\\\/madoskampas.lt\\\/produktas\\\/classic-suede-leather-verstos-odos-dirzas\\\/\",\"url\":\"https:\\\/\\\/madoskampas.lt\\\/produktas\\\/classic-suede-leather-verstos-odos-dirzas\\\/\",\"name\":\"\\\"Classic Suede Leather\\\"\u2013 verstos odos dir\u017eas - MadosKampas.lt\",\"isPartOf\":{\"@id\":\"https:\\\/\\\/madoskampas.lt\\\/#website\"},\"primaryImageOfPage\":{\"@id\":\"https:\\\/\\\/madoskampas.lt\\\/produktas\\\/classic-suede-leather-verstos-odos-dirzas\\\/#primaryimage\"},\"image\":{\"@id\":\"https:\\\/\\\/madoskampas.lt\\\/produktas\\\/classic-suede-leather-verstos-odos-dirzas\\\/#primaryimage\"},\"thumbnailUrl\":\"https:\\\/\\\/madoskampas.lt\\\/wp-content\\\/uploads\\\/2025\\\/10\\\/IMG_1371.jpeg\",\"datePublished\":\"2025-10-26T17:20:20+00:00\",\"dateModified\":\"2026-04-10T09:36:55+00:00\",\"breadcrumb\":{\"@id\":\"https:\\\/\\\/madoskampas.lt\\\/produktas\\\/classic-suede-leather-verstos-odos-dirzas\\\/#breadcrumb\"},\"inLanguage\":\"lv-LV\",\"potentialAction\":[{\"@type\":\"ReadAction\",\"target\":[\"https:\\\/\\\/madoskampas.lt\\\/produktas\\\/classic-suede-leather-verstos-odos-dirzas\\\/\"]}]},{\"@type\":\"ImageObject\",\"inLanguage\":\"lv-LV\",\"@id\":\"https:\\\/\\\/madoskampas.lt\\\/produktas\\\/classic-suede-leather-verstos-odos-dirzas\\\/#primaryimage\",\"url\":\"https:\\\/\\\/madoskampas.lt\\\/wp-content\\\/uploads\\\/2025\\\/10\\\/IMG_1371.jpeg\",\"contentUrl\":\"https:\\\/\\\/madoskampas.lt\\\/wp-content\\\/uploads\\\/2025\\\/10\\\/IMG_1371.jpeg\",\"width\":1330,\"height\":2364},{\"@type\":\"BreadcrumbList\",\"@id\":\"https:\\\/\\\/madoskampas.lt\\\/produktas\\\/classic-suede-leather-verstos-odos-dirzas\\\/#breadcrumb\",\"itemListElement\":[{\"@type\":\"ListItem\",\"position\":1,\"name\":\"Home\",\"item\":\"https:\\\/\\\/madoskampas.lt\\\/\"},{\"@type\":\"ListItem\",\"position\":2,\"name\":\"Parduotuv\u0117\",\"item\":\"https:\\\/\\\/madoskampas.lt\\\/parduotuve-2\\\/\"},{\"@type\":\"ListItem\",\"position\":3,\"name\":\"&#8222;Classic Suede Leather&#8221;\u2013 verstos odos dir\u017eas\"}]},{\"@type\":\"WebSite\",\"@id\":\"https:\\\/\\\/madoskampas.lt\\\/#website\",\"url\":\"https:\\\/\\\/madoskampas.lt\\\/\",\"name\":\"MadosKampas.lt\",\"description\":\"Stilingi drabu\u017eiai moterims\",\"potentialAction\":[{\"@type\":\"SearchAction\",\"target\":{\"@type\":\"EntryPoint\",\"urlTemplate\":\"https:\\\/\\\/madoskampas.lt\\\/?s={search_term_string}\"},\"query-input\":{\"@type\":\"PropertyValueSpecification\",\"valueRequired\":true,\"valueName\":\"search_term_string\"}}],\"inLanguage\":\"lv-LV\"}]}<\/script>\n<!-- \/ Yoast SEO plugin. -->","yoast_head_json":{"title":"\"Classic Suede Leather\"\u2013 verstos odos dir\u017eas - MadosKampas.lt","robots":{"index":"index","follow":"follow","max-snippet":"max-snippet:-1","max-image-preview":"max-image-preview:large","max-video-preview":"max-video-preview:-1"},"canonical":"https:\/\/madoskampas.lt\/lv\/product\/classic-suede-leather-verstos-odos-dirzas\/","og_locale":"lv_LV","og_type":"article","og_title":"\"Classic Suede Leather\"\u2013 verstos odos dir\u017eas - MadosKampas.lt","og_description":"\"Classic Suede Leather\" \u2013 tai klasikinio dizaino verstos odos dir\u017eas, kuriame dera minimalistin\u0117 elegancija ir itali\u0161kas ilgaam\u017ei\u0161kumas.Pagamintas i\u0161 auk\u0161tos kokyb\u0117s odos su tvirta metaline sagtimi, \u0161is aksesuaras suteikia subtilaus i\u0161baigtumo tiek kasdieniams d\u017einsams, tiek eleganti\u0161kam kostium\u0117liui ar suknelei. Mink\u0161ta, \u0161velniai matin\u0117 odos tekst\u016bra ir universalios spalvos \u2013 juoda bei \u0161okolado \u2013 leid\u017eia lengvai derinti prie \u012fvairi\u0173 stili\u0173.Tai detal\u0117, kuri tyliai kuria viso \u012fvaizd\u017eio harmonij\u0105. \ud83d\udccf Dydis: reguliuojamas nuo 65 cm iki 115 cm\ud83c\udfa8 Spalvos: juoda \/ \u0161okolado\ud83c\udf0d Pagaminta Italijoje \ud83c\uddee\ud83c\uddf9","og_url":"https:\/\/madoskampas.lt\/lv\/product\/classic-suede-leather-verstos-odos-dirzas\/","og_site_name":"MadosKampas.lt","article_modified_time":"2026-04-10T09:36:55+00:00","og_image":[{"width":1330,"height":2364,"url":"https:\/\/madoskampas.lt\/wp-content\/uploads\/2025\/10\/IMG_1371.jpeg","type":"image\/jpeg"}],"twitter_card":"summary_large_image","twitter_misc":{"Est. reading time":"1 min\u016bte"},"schema":{"@context":"https:\/\/schema.org","@graph":[{"@type":"WebPage","@id":"https:\/\/madoskampas.lt\/produktas\/classic-suede-leather-verstos-odos-dirzas\/","url":"https:\/\/madoskampas.lt\/produktas\/classic-suede-leather-verstos-odos-dirzas\/","name":"\"Classic Suede Leather\"\u2013 verstos odos dir\u017eas - MadosKampas.lt","isPartOf":{"@id":"https:\/\/madoskampas.lt\/#website"},"primaryImageOfPage":{"@id":"https:\/\/madoskampas.lt\/produktas\/classic-suede-leather-verstos-odos-dirzas\/#primaryimage"},"image":{"@id":"https:\/\/madoskampas.lt\/produktas\/classic-suede-leather-verstos-odos-dirzas\/#primaryimage"},"thumbnailUrl":"https:\/\/madoskampas.lt\/wp-content\/uploads\/2025\/10\/IMG_1371.jpeg","datePublished":"2025-10-26T17:20:20+00:00","dateModified":"2026-04-10T09:36:55+00:00","breadcrumb":{"@id":"https:\/\/madoskampas.lt\/produktas\/classic-suede-leather-verstos-odos-dirzas\/#breadcrumb"},"inLanguage":"lv-LV","potentialAction":[{"@type":"ReadAction","target":["https:\/\/madoskampas.lt\/produktas\/classic-suede-leather-verstos-odos-dirzas\/"]}]},{"@type":"ImageObject","inLanguage":"lv-LV","@id":"https:\/\/madoskampas.lt\/produktas\/classic-suede-leather-verstos-odos-dirzas\/#primaryimage","url":"https:\/\/madoskampas.lt\/wp-content\/uploads\/2025\/10\/IMG_1371.jpeg","contentUrl":"https:\/\/madoskampas.lt\/wp-content\/uploads\/2025\/10\/IMG_1371.jpeg","width":1330,"height":2364},{"@type":"BreadcrumbList","@id":"https:\/\/madoskampas.lt\/produktas\/classic-suede-leather-verstos-odos-dirzas\/#breadcrumb","itemListElement":[{"@type":"ListItem","position":1,"name":"Home","item":"https:\/\/madoskampas.lt\/"},{"@type":"ListItem","position":2,"name":"Parduotuv\u0117","item":"https:\/\/madoskampas.lt\/parduotuve-2\/"},{"@type":"ListItem","position":3,"name":"&#8222;Classic Suede Leather&#8221;\u2013 verstos odos dir\u017eas"}]},{"@type":"WebSite","@id":"https:\/\/madoskampas.lt\/#website","url":"https:\/\/madoskampas.lt\/","name":"FashionKampas.lt","description":"Stil\u012bgs ap\u0123\u0113rbs sieviet\u0113m","potentialAction":[{"@type":"SearchAction","target":{"@type":"EntryPoint","urlTemplate":"https:\/\/madoskampas.lt\/?s={search_term_string}"},"query-input":{"@type":"PropertyValueSpecification","valueRequired":true,"valueName":"search_term_string"}}],"inLanguage":"lv-LV"}]}},"uagb_featured_image_src":{"full":["https:\/\/madoskampas.lt\/wp-content\/uploads\/2025\/10\/IMG_1371.jpeg",1330,2364,false],"thumbnail":["https:\/\/madoskampas.lt\/wp-content\/uploads\/2025\/10\/IMG_1371-150x150.jpeg",150,150,true],"medium":["https:\/\/madoskampas.lt\/wp-content\/uploads\/2025\/10\/IMG_1371-169x300.jpeg",169,300,true],"medium_large":["https:\/\/madoskampas.lt\/wp-content\/uploads\/2025\/10\/IMG_1371-768x1365.jpeg",768,1365,true],"large":["https:\/\/madoskampas.lt\/wp-content\/uploads\/2025\/10\/IMG_1371-576x1024.jpeg",576,1024,true],"1536x1536":["https:\/\/madoskampas.lt\/wp-content\/uploads\/2025\/10\/IMG_1371-864x1536.jpeg",864,1536,true],"2048x2048":["https:\/\/madoskampas.lt\/wp-content\/uploads\/2025\/10\/IMG_1371-1152x2048.jpeg",1152,2048,true],"trp-custom-language-flag":["https:\/\/madoskampas.lt\/wp-content\/uploads\/2025\/10\/IMG_1371.jpeg",7,12,false],"nova-image-square":["https:\/\/madoskampas.lt\/wp-content\/uploads\/2025\/10\/IMG_1371-1100x1100.jpeg",1100,1100,true],"mixtas-product-03":["https:\/\/madoskampas.lt\/wp-content\/uploads\/2025\/10\/IMG_1371-600x345.jpeg",600,345,true],"woocommerce_thumbnail":["https:\/\/madoskampas.lt\/wp-content\/uploads\/2025\/10\/IMG_1371-700x700.jpeg",700,700,true],"woocommerce_single":["https:\/\/madoskampas.lt\/wp-content\/uploads\/2025\/10\/IMG_1371-1000x1777.jpeg",1000,1777,true],"woocommerce_gallery_thumbnail":["https:\/\/madoskampas.lt\/wp-content\/uploads\/2025\/10\/IMG_1371-250x250.jpeg",250,250,true],"variation_swatches_image_size":["https:\/\/madoskampas.lt\/wp-content\/uploads\/2025\/10\/IMG_1371-50x50.jpeg",50,50,true],"variation_swatches_tooltip_size":["https:\/\/madoskampas.lt\/wp-content\/uploads\/2025\/10\/IMG_1371-100x100.jpeg",100,100,true]},"uagb_author_info":{"display_name":"algirdasbart","author_link":"https:\/\/madoskampas.lt\/lv\/author\/"},"uagb_comment_info":0,"uagb_excerpt":"\"Classic Suede Leather\" \u2013 tai klasikinio dizaino verstos odos dir\u017eas, kuriame dera minimalistin\u0117 elegancija ir itali\u0161kas ilgaam\u017ei\u0161kumas.Pagamintas i\u0161 auk\u0161tos kokyb\u0117s odos su tvirta metaline sagtimi, \u0161is aksesuaras suteikia subtilaus i\u0161baigtumo tiek kasdieniams d\u017einsams, tiek eleganti\u0161kam kostium\u0117liui ar suknelei. Mink\u0161ta, \u0161velniai matin\u0117 odos tekst\u016bra ir universalios spalvos \u2013 juoda bei \u0161okolado \u2013 leid\u017eia lengvai derinti prie&hellip;","jetpack_sharing_enabled":true,"_links":{"self":[{"href":"https:\/\/madoskampas.lt\/lv\/wp-json\/wp\/v2\/product\/22128","targetHints":{"allow":["GET"]}}],"collection":[{"href":"https:\/\/madoskampas.lt\/lv\/wp-json\/wp\/v2\/product"}],"about":[{"href":"https:\/\/madoskampas.lt\/lv\/wp-json\/wp\/v2\/types\/product"}],"replies":[{"embeddable":true,"href":"https:\/\/madoskampas.lt\/lv\/wp-json\/wp\/v2\/comments?post=22128"}],"wp:featuredmedia":[{"embeddable":true,"href":"https:\/\/madoskampas.lt\/lv\/wp-json\/wp\/v2\/media\/22146"}],"wp:attachment":[{"href":"https:\/\/madoskampas.lt\/lv\/wp-json\/wp\/v2\/media?parent=22128"}],"wp:term":[{"taxonomy":"product_brand","embeddable":true,"href":"https:\/\/madoskampas.lt\/lv\/wp-json\/wp\/v2\/product_brand?post=22128"},{"taxonomy":"product_cat","embeddable":true,"href":"https:\/\/madoskampas.lt\/lv\/wp-json\/wp\/v2\/product_cat?post=22128"},{"taxonomy":"product_tag","embeddable":true,"href":"https:\/\/madoskampas.lt\/lv\/wp-json\/wp\/v2\/product_tag?post=22128"}],"curies":[{"name":"wp","href":"https:\/\/api.w.org\/{rel}","templated":true}]}}