{"id":23997,"date":"2025-11-25T21:01:05","date_gmt":"2025-11-25T21:01:05","guid":{"rendered":"https:\/\/madoskampas.lt\/?post_type=product&#038;p=23997"},"modified":"2026-03-04T11:40:34","modified_gmt":"2026-03-04T11:40:34","slug":"lana-lusso-stripes-100-vilnos-megztinis","status":"publish","type":"product","link":"https:\/\/madoskampas.lt\/lv\/product\/lana-lusso-stripes-100-vilnos-megztinis\/","title":{"rendered":"Lana Lusso Stripes - 100% vilnas d\u017eemperis"},"content":{"rendered":"<p>\u0160is d\u017eemperis ir \u012bsts ziemas grezn\u012bbas simbols, kas izgatavots no <strong data-start=\"144\" data-end=\"166\">100% t\u012bra vilna<\/strong>, lai sniegtu dabisku m\u0101j\u012bgumu un ilgsto\u0161u kvalit\u0101ti. \u0160is ir m\u012bksts, p\u016bkains, bet formas notur\u012bgs ad\u012bjums, kas \u201erun\u0101 pats par sevi\u201c, bez piep\u016bles radot elegantu un m\u0101j\u012bgu izskatu.<\/p>","protected":false},"excerpt":{"rendered":"<p data-start=\"65\" data-end=\"361\">\u0160is d\u017eemperis ir \u012bsts ziemas grezn\u012bbas simbols, kas izgatavots no <strong data-start=\"144\" data-end=\"166\">100% t\u012bra vilna<\/strong>, lai sniegtu dabisku m\u0101j\u012bgumu un ilgsto\u0161u kvalit\u0101ti. \u0160is ir m\u012bksts, p\u016bkains, bet formas notur\u012bgs ad\u012bjums, kas \u201erun\u0101 pats par sevi\u201c, bez piep\u016bles radot elegantu un m\u0101j\u012bgu izskatu.<\/p>\n<p data-start=\"363\" data-end=\"642\">Plat\u0101, smalki kr\u012bto\u0161\u0101 l\u012bnija un liel\u0101s horizont\u0101l\u0101s sv\u012btras pie\u0161\u0137ir it\u0101\u013cu vieglumu, savuk\u0101rt klasisk\u0101s kr\u0101su kombin\u0101cijas \u013cauj veidot gan ikdieni\u0161\u0137us, gan sv\u0113tku salikumus. M\u0101j\u012bgs ar d\u017einsiem. Izsmalcin\u0101ta ar midi sv\u0101rkiem. Ar klasisk\u0101m biks\u0113m, nevainojami.<\/p>\n<p data-start=\"644\" data-end=\"731\"><strong data-start=\"644\" data-end=\"663\">Piem\u0113rots izm\u0113riem:<\/strong> S-M-L<\/p>\n<ul data-start=\"97\" data-end=\"144\">\n<li data-start=\"97\" data-end=\"117\">\n<p data-start=\"99\" data-end=\"117\"><strong data-start=\"99\" data-end=\"109\">Garums:<\/strong> 57 cm<\/p>\n<\/li>\n<li data-start=\"118\" data-end=\"144\">\n<p data-start=\"120\" data-end=\"144\"><strong data-start=\"120\" data-end=\"136\">p\u0101ri kr\u016bt\u012bm:<\/strong> 58 cm<\/p>\n<\/li>\n<\/ul>\n<p data-start=\"644\" data-end=\"731\"><br data-start=\"669\" data-end=\"672\" \/>D\u017eemperis ir elast\u012bgs, m\u012bksts un piel\u0101gojas \u0137erme\u0146a formai.<\/p>\n<p data-start=\"733\" data-end=\"774\"><strong data-start=\"733\" data-end=\"745\">Sast\u0101vs:<\/strong> 100% augstas kvalit\u0101tes vilna<\/p>","protected":false},"featured_media":27318,"comment_status":"open","ping_status":"closed","template":"","meta":{"_uag_custom_page_level_css":"","_monsterinsights_skip_tracking":false,"_monsterinsights_sitenote_active":false,"_monsterinsights_sitenote_note":"","_monsterinsights_sitenote_category":0},"product_brand":[],"product_cat":[66,73,95,96],"product_tag":[],"class_list":{"0":"post-23997","1":"product","2":"type-product","3":"status-publish","4":"has-post-thumbnail","6":"product_cat-drabuziai","7":"product_cat-megztiniai","8":"product_cat-naujausi","9":"product_cat-populiariausi","10":"tm-has-options","12":"first","13":"instock","14":"shipping-taxable","15":"purchasable","16":"product-type-variable"},"yoast_head":"<!-- This site is optimized with the Yoast SEO plugin v27.3 - https:\/\/yoast.com\/product\/yoast-seo-wordpress\/ -->\n<title>Lana Lusso Stripes \u2013 100% vilnos megztinis - MadosKampas.lt<\/title>\n<meta name=\"robots\" content=\"index, follow, max-snippet:-1, max-image-preview:large, max-video-preview:-1\" \/>\n<link rel=\"canonical\" href=\"https:\/\/madoskampas.lt\/lv\/product\/lana-lusso-stripes-100-vilnos-megztinis\/\" \/>\n<meta property=\"og:locale\" content=\"lv_LV\" \/>\n<meta property=\"og:type\" content=\"article\" \/>\n<meta property=\"og:title\" content=\"Lana Lusso Stripes \u2013 100% vilnos megztinis - MadosKampas.lt\" \/>\n<meta property=\"og:description\" content=\"\u0160is megztinis \u2013 tikras \u017eiemos prabangos simbolis, sukurtas i\u0161 100% grynos vilnos, kad dovanot\u0173 nat\u016bral\u0173 jaukum\u0105 ir ilgalaik\u0119 kokyb\u0119. Mink\u0161tas, purus, ta\u010diau i\u0161laikantis form\u0105 \u2013 b\u016btent toks mezginys, kuris \u201ekalba pats\u201c, be joki\u0173 pastang\u0173 kurdamas eleganti\u0161kai jauk\u0173 \u012fvaizd\u012f. Plati, subtiliai krentanti linija ir stambios horizontales juostos suteikia itali\u0161ko lengvumo, o klasikin\u0117s spalv\u0173 kombinacijos leid\u017eia kurti tiek kasdienius, tiek \u0161ventinius derinius. Su d\u017einsais \u2013 jauku. Su midi sijonu \u2013 rafinuota. Su klasikin\u0117mis keln\u0117mis \u2013 nepriekai\u0161tinga. Tinka dyd\u017eiams: S\u2013M\u2013L     Ilgis: 57 cm    Per kr\u016btin\u0119: 58 cm   Megztinis tamprus, mink\u0161tas, prisitaikantis prie fig\u016bros. Sud\u0117tis: 100% auk\u0161tos kokyb\u0117s vilna\" \/>\n<meta property=\"og:url\" content=\"https:\/\/madoskampas.lt\/lv\/product\/lana-lusso-stripes-100-vilnos-megztinis\/\" \/>\n<meta property=\"og:site_name\" content=\"MadosKampas.lt\" \/>\n<meta property=\"article:modified_time\" content=\"2026-03-04T11:40:34+00:00\" \/>\n<meta property=\"og:image\" content=\"https:\/\/madoskampas.lt\/wp-content\/uploads\/2025\/11\/IMG_5252.jpeg\" \/>\n\t<meta property=\"og:image:width\" content=\"1536\" \/>\n\t<meta property=\"og:image:height\" content=\"2048\" \/>\n\t<meta property=\"og:image:type\" content=\"image\/jpeg\" \/>\n<meta name=\"twitter:card\" content=\"summary_large_image\" \/>\n<meta name=\"twitter:label1\" content=\"Est. reading time\" \/>\n\t<meta name=\"twitter:data1\" content=\"1 min\u016bte\" \/>\n<script type=\"application\/ld+json\" class=\"yoast-schema-graph\">{\"@context\":\"https:\\\/\\\/schema.org\",\"@graph\":[{\"@type\":\"WebPage\",\"@id\":\"https:\\\/\\\/madoskampas.lt\\\/produktas\\\/lana-lusso-stripes-100-vilnos-megztinis\\\/\",\"url\":\"https:\\\/\\\/madoskampas.lt\\\/produktas\\\/lana-lusso-stripes-100-vilnos-megztinis\\\/\",\"name\":\"Lana Lusso Stripes \u2013 100% vilnos megztinis - MadosKampas.lt\",\"isPartOf\":{\"@id\":\"https:\\\/\\\/madoskampas.lt\\\/#website\"},\"primaryImageOfPage\":{\"@id\":\"https:\\\/\\\/madoskampas.lt\\\/produktas\\\/lana-lusso-stripes-100-vilnos-megztinis\\\/#primaryimage\"},\"image\":{\"@id\":\"https:\\\/\\\/madoskampas.lt\\\/produktas\\\/lana-lusso-stripes-100-vilnos-megztinis\\\/#primaryimage\"},\"thumbnailUrl\":\"https:\\\/\\\/madoskampas.lt\\\/wp-content\\\/uploads\\\/2025\\\/11\\\/img_4535-scaled.jpeg\",\"datePublished\":\"2025-11-25T21:01:05+00:00\",\"dateModified\":\"2026-03-04T11:40:34+00:00\",\"breadcrumb\":{\"@id\":\"https:\\\/\\\/madoskampas.lt\\\/produktas\\\/lana-lusso-stripes-100-vilnos-megztinis\\\/#breadcrumb\"},\"inLanguage\":\"lv-LV\",\"potentialAction\":[{\"@type\":\"ReadAction\",\"target\":[\"https:\\\/\\\/madoskampas.lt\\\/produktas\\\/lana-lusso-stripes-100-vilnos-megztinis\\\/\"]}]},{\"@type\":\"ImageObject\",\"inLanguage\":\"lv-LV\",\"@id\":\"https:\\\/\\\/madoskampas.lt\\\/produktas\\\/lana-lusso-stripes-100-vilnos-megztinis\\\/#primaryimage\",\"url\":\"https:\\\/\\\/madoskampas.lt\\\/wp-content\\\/uploads\\\/2025\\\/11\\\/img_4535-scaled.jpeg\",\"contentUrl\":\"https:\\\/\\\/madoskampas.lt\\\/wp-content\\\/uploads\\\/2025\\\/11\\\/img_4535-scaled.jpeg\",\"width\":1920,\"height\":2560},{\"@type\":\"BreadcrumbList\",\"@id\":\"https:\\\/\\\/madoskampas.lt\\\/produktas\\\/lana-lusso-stripes-100-vilnos-megztinis\\\/#breadcrumb\",\"itemListElement\":[{\"@type\":\"ListItem\",\"position\":1,\"name\":\"Home\",\"item\":\"https:\\\/\\\/madoskampas.lt\\\/\"},{\"@type\":\"ListItem\",\"position\":2,\"name\":\"Parduotuv\u0117\",\"item\":\"https:\\\/\\\/madoskampas.lt\\\/parduotuve-2\\\/\"},{\"@type\":\"ListItem\",\"position\":3,\"name\":\"Lana Lusso Stripes \u2013 100% vilnos megztinis\"}]},{\"@type\":\"WebSite\",\"@id\":\"https:\\\/\\\/madoskampas.lt\\\/#website\",\"url\":\"https:\\\/\\\/madoskampas.lt\\\/\",\"name\":\"MadosKampas.lt\",\"description\":\"Stilingi drabu\u017eiai moterims\",\"potentialAction\":[{\"@type\":\"SearchAction\",\"target\":{\"@type\":\"EntryPoint\",\"urlTemplate\":\"https:\\\/\\\/madoskampas.lt\\\/?s={search_term_string}\"},\"query-input\":{\"@type\":\"PropertyValueSpecification\",\"valueRequired\":true,\"valueName\":\"search_term_string\"}}],\"inLanguage\":\"lv-LV\"}]}<\/script>\n<!-- \/ Yoast SEO plugin. -->","yoast_head_json":{"title":"Lana Lusso Stripes \u2013 100% vilnos megztinis - MadosKampas.lt","robots":{"index":"index","follow":"follow","max-snippet":"max-snippet:-1","max-image-preview":"max-image-preview:large","max-video-preview":"max-video-preview:-1"},"canonical":"https:\/\/madoskampas.lt\/lv\/product\/lana-lusso-stripes-100-vilnos-megztinis\/","og_locale":"lv_LV","og_type":"article","og_title":"Lana Lusso Stripes \u2013 100% vilnos megztinis - MadosKampas.lt","og_description":"\u0160is megztinis \u2013 tikras \u017eiemos prabangos simbolis, sukurtas i\u0161 100% grynos vilnos, kad dovanot\u0173 nat\u016bral\u0173 jaukum\u0105 ir ilgalaik\u0119 kokyb\u0119. Mink\u0161tas, purus, ta\u010diau i\u0161laikantis form\u0105 \u2013 b\u016btent toks mezginys, kuris \u201ekalba pats\u201c, be joki\u0173 pastang\u0173 kurdamas eleganti\u0161kai jauk\u0173 \u012fvaizd\u012f. Plati, subtiliai krentanti linija ir stambios horizontales juostos suteikia itali\u0161ko lengvumo, o klasikin\u0117s spalv\u0173 kombinacijos leid\u017eia kurti tiek kasdienius, tiek \u0161ventinius derinius. Su d\u017einsais \u2013 jauku. Su midi sijonu \u2013 rafinuota. Su klasikin\u0117mis keln\u0117mis \u2013 nepriekai\u0161tinga. Tinka dyd\u017eiams: S\u2013M\u2013L     Ilgis: 57 cm    Per kr\u016btin\u0119: 58 cm   Megztinis tamprus, mink\u0161tas, prisitaikantis prie fig\u016bros. Sud\u0117tis: 100% auk\u0161tos kokyb\u0117s vilna","og_url":"https:\/\/madoskampas.lt\/lv\/product\/lana-lusso-stripes-100-vilnos-megztinis\/","og_site_name":"MadosKampas.lt","article_modified_time":"2026-03-04T11:40:34+00:00","og_image":[{"width":1536,"height":2048,"url":"https:\/\/madoskampas.lt\/wp-content\/uploads\/2025\/11\/IMG_5252.jpeg","type":"image\/jpeg"}],"twitter_card":"summary_large_image","twitter_misc":{"Est. reading time":"1 min\u016bte"},"schema":{"@context":"https:\/\/schema.org","@graph":[{"@type":"WebPage","@id":"https:\/\/madoskampas.lt\/produktas\/lana-lusso-stripes-100-vilnos-megztinis\/","url":"https:\/\/madoskampas.lt\/produktas\/lana-lusso-stripes-100-vilnos-megztinis\/","name":"Lana Lusso Stripes \u2013 100% vilnos megztinis - MadosKampas.lt","isPartOf":{"@id":"https:\/\/madoskampas.lt\/#website"},"primaryImageOfPage":{"@id":"https:\/\/madoskampas.lt\/produktas\/lana-lusso-stripes-100-vilnos-megztinis\/#primaryimage"},"image":{"@id":"https:\/\/madoskampas.lt\/produktas\/lana-lusso-stripes-100-vilnos-megztinis\/#primaryimage"},"thumbnailUrl":"https:\/\/madoskampas.lt\/wp-content\/uploads\/2025\/11\/img_4535-scaled.jpeg","datePublished":"2025-11-25T21:01:05+00:00","dateModified":"2026-03-04T11:40:34+00:00","breadcrumb":{"@id":"https:\/\/madoskampas.lt\/produktas\/lana-lusso-stripes-100-vilnos-megztinis\/#breadcrumb"},"inLanguage":"lv-LV","potentialAction":[{"@type":"ReadAction","target":["https:\/\/madoskampas.lt\/produktas\/lana-lusso-stripes-100-vilnos-megztinis\/"]}]},{"@type":"ImageObject","inLanguage":"lv-LV","@id":"https:\/\/madoskampas.lt\/produktas\/lana-lusso-stripes-100-vilnos-megztinis\/#primaryimage","url":"https:\/\/madoskampas.lt\/wp-content\/uploads\/2025\/11\/img_4535-scaled.jpeg","contentUrl":"https:\/\/madoskampas.lt\/wp-content\/uploads\/2025\/11\/img_4535-scaled.jpeg","width":1920,"height":2560},{"@type":"BreadcrumbList","@id":"https:\/\/madoskampas.lt\/produktas\/lana-lusso-stripes-100-vilnos-megztinis\/#breadcrumb","itemListElement":[{"@type":"ListItem","position":1,"name":"Home","item":"https:\/\/madoskampas.lt\/"},{"@type":"ListItem","position":2,"name":"Parduotuv\u0117","item":"https:\/\/madoskampas.lt\/parduotuve-2\/"},{"@type":"ListItem","position":3,"name":"Lana Lusso Stripes \u2013 100% vilnos megztinis"}]},{"@type":"WebSite","@id":"https:\/\/madoskampas.lt\/#website","url":"https:\/\/madoskampas.lt\/","name":"FashionKampas.lt","description":"Stil\u012bgs ap\u0123\u0113rbs sieviet\u0113m","potentialAction":[{"@type":"SearchAction","target":{"@type":"EntryPoint","urlTemplate":"https:\/\/madoskampas.lt\/?s={search_term_string}"},"query-input":{"@type":"PropertyValueSpecification","valueRequired":true,"valueName":"search_term_string"}}],"inLanguage":"lv-LV"}]}},"uagb_featured_image_src":{"full":["https:\/\/madoskampas.lt\/wp-content\/uploads\/2025\/11\/img_4535-scaled.jpeg",1920,2560,false],"thumbnail":["https:\/\/madoskampas.lt\/wp-content\/uploads\/2025\/11\/img_4535-150x150.jpeg",150,150,true],"medium":["https:\/\/madoskampas.lt\/wp-content\/uploads\/2025\/11\/img_4535-225x300.jpeg",225,300,true],"medium_large":["https:\/\/madoskampas.lt\/wp-content\/uploads\/2025\/11\/img_4535-768x1024.jpeg",768,1024,true],"large":["https:\/\/madoskampas.lt\/wp-content\/uploads\/2025\/11\/img_4535-768x1024.jpeg",768,1024,true],"1536x1536":["https:\/\/madoskampas.lt\/wp-content\/uploads\/2025\/11\/img_4535-1152x1536.jpeg",1152,1536,true],"2048x2048":["https:\/\/madoskampas.lt\/wp-content\/uploads\/2025\/11\/img_4535-1536x2048.jpeg",1536,2048,true],"trp-custom-language-flag":["https:\/\/madoskampas.lt\/wp-content\/uploads\/2025\/11\/img_4535-9x12.jpeg",9,12,true],"nova-image-square":["https:\/\/madoskampas.lt\/wp-content\/uploads\/2025\/11\/img_4535-1100x1100.jpeg",1100,1100,true],"mixtas-product-03":["https:\/\/madoskampas.lt\/wp-content\/uploads\/2025\/11\/img_4535-600x345.jpeg",600,345,true],"woocommerce_thumbnail":["https:\/\/madoskampas.lt\/wp-content\/uploads\/2025\/11\/img_4535-700x700.jpeg",700,700,true],"woocommerce_single":["https:\/\/madoskampas.lt\/wp-content\/uploads\/2025\/11\/img_4535-1000x1333.jpeg",1000,1333,true],"woocommerce_gallery_thumbnail":["https:\/\/madoskampas.lt\/wp-content\/uploads\/2025\/11\/img_4535-250x250.jpeg",250,250,true],"variation_swatches_image_size":["https:\/\/madoskampas.lt\/wp-content\/uploads\/2025\/11\/img_4535-50x50.jpeg",50,50,true],"variation_swatches_tooltip_size":["https:\/\/madoskampas.lt\/wp-content\/uploads\/2025\/11\/img_4535-100x100.jpeg",100,100,true]},"uagb_author_info":{"display_name":"algirdasbart","author_link":"https:\/\/madoskampas.lt\/lv\/author\/"},"uagb_comment_info":0,"uagb_excerpt":"\u0160is megztinis \u2013 tikras \u017eiemos prabangos simbolis, sukurtas i\u0161 100% grynos vilnos, kad dovanot\u0173 nat\u016bral\u0173 jaukum\u0105 ir ilgalaik\u0119 kokyb\u0119. Mink\u0161tas, purus, ta\u010diau i\u0161laikantis form\u0105 \u2013 b\u016btent toks mezginys, kuris \u201ekalba pats\u201c, be joki\u0173 pastang\u0173 kurdamas eleganti\u0161kai jauk\u0173 \u012fvaizd\u012f. Plati, subtiliai krentanti linija ir stambios horizontales juostos suteikia itali\u0161ko lengvumo, o klasikin\u0117s spalv\u0173 kombinacijos leid\u017eia kurti&hellip;","jetpack_sharing_enabled":true,"_links":{"self":[{"href":"https:\/\/madoskampas.lt\/lv\/wp-json\/wp\/v2\/product\/23997","targetHints":{"allow":["GET"]}}],"collection":[{"href":"https:\/\/madoskampas.lt\/lv\/wp-json\/wp\/v2\/product"}],"about":[{"href":"https:\/\/madoskampas.lt\/lv\/wp-json\/wp\/v2\/types\/product"}],"replies":[{"embeddable":true,"href":"https:\/\/madoskampas.lt\/lv\/wp-json\/wp\/v2\/comments?post=23997"}],"wp:featuredmedia":[{"embeddable":true,"href":"https:\/\/madoskampas.lt\/lv\/wp-json\/wp\/v2\/media\/27318"}],"wp:attachment":[{"href":"https:\/\/madoskampas.lt\/lv\/wp-json\/wp\/v2\/media?parent=23997"}],"wp:term":[{"taxonomy":"product_brand","embeddable":true,"href":"https:\/\/madoskampas.lt\/lv\/wp-json\/wp\/v2\/product_brand?post=23997"},{"taxonomy":"product_cat","embeddable":true,"href":"https:\/\/madoskampas.lt\/lv\/wp-json\/wp\/v2\/product_cat?post=23997"},{"taxonomy":"product_tag","embeddable":true,"href":"https:\/\/madoskampas.lt\/lv\/wp-json\/wp\/v2\/product_tag?post=23997"}],"curies":[{"name":"wp","href":"https:\/\/api.w.org\/{rel}","templated":true}]}}