{"id":2461,"date":"2024-04-10T10:01:33","date_gmt":"2024-04-10T10:01:33","guid":{"rendered":"https:\/\/madoskampas.lt\/?post_type=product&#038;p=2461"},"modified":"2026-03-31T14:16:19","modified_gmt":"2026-03-31T14:16:19","slug":"megztinis-su-apykakle","status":"publish","type":"product","link":"https:\/\/madoskampas.lt\/lv\/product\/megztinis-su-apykakle\/","title":{"rendered":"D\u017eemperis ar apkakli"},"content":{"rendered":"<div dir=\"auto\">Klasikinio tipo megztukas, audinukas labai malonus, i\u0161skirtinumas jo kalnieriukas. Tobulai prie visko derantis.<\/div>\n<div dir=\"auto\">Ilgis ~59cm<\/div>\n<div dir=\"auto\">Pet pa\u017eastis ~51cm tempiasi laisvai.<\/div>\n<div dir=\"auto\">Dydis &#8211; universalus, puikiai S\/L<\/div>","protected":false},"excerpt":{"rendered":"<div dir=\"auto\">\n<p>\u0160is klasikinis megztinis su apykakle yra puikus pasirinkimas tiek kasdieniam, tiek eleganti\u0161kam stiliui. Pagamintas i\u0161 <strong>vilnos, medviln\u0117s, viskoz\u0117s ir poliesterio<\/strong>, jis u\u017etikrina \u0161ilum\u0105, patvarum\u0105 ir komfort\u0105.<\/p>\n<p><strong>Kod\u0117l verta rinktis?<\/strong><\/p>\n<ul>\n<li><strong>Klasikinis dizainas:<\/strong> Apykakl\u0117 suteikia megztiniui rafinuotumo, tod\u0117l jis puikiai tiks tiek darbui, tiek laisvalaikiui.<\/li>\n<li><strong>Kokybi\u0161kos med\u017eiagos:<\/strong> Med\u017eiag\u0173 derinys garantuoja patogum\u0105, kv\u0117puojan\u010di\u0105 tekst\u016br\u0105 ir ilgalaik\u012f d\u0117v\u0117jim\u0105.<\/li>\n<li><strong>Universalumas:<\/strong> Galima lengvai derinti su d\u017einsais, keln\u0117mis ar sijonais, kuriant \u012fvairius stilius.<\/li>\n<\/ul>\n<p>\u0160is megztinis yra \u012fvairi\u0173 spalv\u0173, tod\u0117l lengvai rasite variant\u0105, kuris geriausiai atitiks j\u016bs\u0173 skon\u012f ir garderob\u0105. <strong>Idealus pasirinkimas moteriai, vertinan\u010diai kokyb\u0119 ir laikui nepavald\u0173 stili\u0173!<\/strong><\/p>\n<\/div>\n<div dir=\"auto\">Ilgis ~59cm<\/div>\n<div dir=\"auto\">Pet pa\u017eastis ~51cm tempiasi laisvai.<\/div>\n<div dir=\"auto\">Dydis &#8211; universalus, puikiai S\/L<\/div>","protected":false},"featured_media":30480,"comment_status":"open","ping_status":"closed","template":"","meta":{"_uag_custom_page_level_css":"","_monsterinsights_skip_tracking":false,"_monsterinsights_sitenote_active":false,"_monsterinsights_sitenote_note":"","_monsterinsights_sitenote_category":0},"product_brand":[],"product_cat":[66,132,73,96],"product_tag":[],"class_list":{"0":"post-2461","1":"product","2":"type-product","3":"status-publish","4":"has-post-thumbnail","6":"product_cat-drabuziai","7":"product_cat-ispardavimas","8":"product_cat-megztiniai","9":"product_cat-populiariausi","10":"tm-has-options","12":"first","13":"instock","14":"shipping-taxable","15":"purchasable","16":"product-type-variable","17":"has-default-attributes"},"yoast_head":"<!-- This site is optimized with the Yoast SEO plugin v27.3 - https:\/\/yoast.com\/product\/yoast-seo-wordpress\/ -->\n<title>Megztinis su apykakle - MadosKampas.lt<\/title>\n<meta name=\"robots\" content=\"index, follow, max-snippet:-1, max-image-preview:large, max-video-preview:-1\" \/>\n<link rel=\"canonical\" href=\"https:\/\/madoskampas.lt\/lv\/product\/megztinis-su-apykakle\/\" \/>\n<meta property=\"og:locale\" content=\"lv_LV\" \/>\n<meta property=\"og:type\" content=\"article\" \/>\n<meta property=\"og:title\" content=\"Megztinis su apykakle - MadosKampas.lt\" \/>\n<meta property=\"og:description\" content=\"\u0160is klasikinis megztinis su apykakle yra puikus pasirinkimas tiek kasdieniam, tiek eleganti\u0161kam stiliui. Pagamintas i\u0161 vilnos, medviln\u0117s, viskoz\u0117s ir poliesterio, jis u\u017etikrina \u0161ilum\u0105, patvarum\u0105 ir komfort\u0105.  Kod\u0117l verta rinktis?   Klasikinis dizainas: Apykakl\u0117 suteikia megztiniui rafinuotumo, tod\u0117l jis puikiai tiks tiek darbui, tiek laisvalaikiui.  Kokybi\u0161kos med\u017eiagos: Med\u017eiag\u0173 derinys garantuoja patogum\u0105, kv\u0117puojan\u010di\u0105 tekst\u016br\u0105 ir ilgalaik\u012f d\u0117v\u0117jim\u0105.  Universalumas: Galima lengvai derinti su d\u017einsais, keln\u0117mis ar sijonais, kuriant \u012fvairius stilius.  \u0160is megztinis yra \u012fvairi\u0173 spalv\u0173, tod\u0117l lengvai rasite variant\u0105, kuris geriausiai atitiks j\u016bs\u0173 skon\u012f ir garderob\u0105. Idealus pasirinkimas moteriai, vertinan\u010diai kokyb\u0119 ir laikui nepavald\u0173 stili\u0173!   Ilgis ~59cm Pet pa\u017eastis ~51cm tempiasi laisvai. Dydis - universalus, puikiai S\/L\" \/>\n<meta property=\"og:url\" content=\"https:\/\/madoskampas.lt\/lv\/product\/megztinis-su-apykakle\/\" \/>\n<meta property=\"og:site_name\" content=\"MadosKampas.lt\" \/>\n<meta property=\"article:modified_time\" content=\"2026-03-31T14:16:19+00:00\" \/>\n<meta property=\"og:image\" content=\"https:\/\/madoskampas.lt\/wp-content\/uploads\/2024\/04\/IMG_2573-2-scaled.jpeg\" \/>\n\t<meta property=\"og:image:width\" content=\"1920\" \/>\n\t<meta property=\"og:image:height\" content=\"2560\" \/>\n\t<meta property=\"og:image:type\" content=\"image\/jpeg\" \/>\n<meta name=\"twitter:card\" content=\"summary_large_image\" \/>\n<meta name=\"twitter:label1\" content=\"Est. reading time\" \/>\n\t<meta name=\"twitter:data1\" content=\"1 min\u016bte\" \/>\n<script type=\"application\/ld+json\" class=\"yoast-schema-graph\">{\"@context\":\"https:\\\/\\\/schema.org\",\"@graph\":[{\"@type\":\"WebPage\",\"@id\":\"https:\\\/\\\/madoskampas.lt\\\/produktas\\\/megztinis-su-apykakle\\\/\",\"url\":\"https:\\\/\\\/madoskampas.lt\\\/produktas\\\/megztinis-su-apykakle\\\/\",\"name\":\"Megztinis su apykakle - MadosKampas.lt\",\"isPartOf\":{\"@id\":\"https:\\\/\\\/madoskampas.lt\\\/#website\"},\"primaryImageOfPage\":{\"@id\":\"https:\\\/\\\/madoskampas.lt\\\/produktas\\\/megztinis-su-apykakle\\\/#primaryimage\"},\"image\":{\"@id\":\"https:\\\/\\\/madoskampas.lt\\\/produktas\\\/megztinis-su-apykakle\\\/#primaryimage\"},\"thumbnailUrl\":\"https:\\\/\\\/madoskampas.lt\\\/wp-content\\\/uploads\\\/2024\\\/04\\\/IMG_2573-2-scaled.jpeg\",\"datePublished\":\"2024-04-10T10:01:33+00:00\",\"dateModified\":\"2026-03-31T14:16:19+00:00\",\"breadcrumb\":{\"@id\":\"https:\\\/\\\/madoskampas.lt\\\/produktas\\\/megztinis-su-apykakle\\\/#breadcrumb\"},\"inLanguage\":\"lv-LV\",\"potentialAction\":[{\"@type\":\"ReadAction\",\"target\":[\"https:\\\/\\\/madoskampas.lt\\\/produktas\\\/megztinis-su-apykakle\\\/\"]}]},{\"@type\":\"ImageObject\",\"inLanguage\":\"lv-LV\",\"@id\":\"https:\\\/\\\/madoskampas.lt\\\/produktas\\\/megztinis-su-apykakle\\\/#primaryimage\",\"url\":\"https:\\\/\\\/madoskampas.lt\\\/wp-content\\\/uploads\\\/2024\\\/04\\\/IMG_2573-2-scaled.jpeg\",\"contentUrl\":\"https:\\\/\\\/madoskampas.lt\\\/wp-content\\\/uploads\\\/2024\\\/04\\\/IMG_2573-2-scaled.jpeg\",\"width\":1920,\"height\":2560},{\"@type\":\"BreadcrumbList\",\"@id\":\"https:\\\/\\\/madoskampas.lt\\\/produktas\\\/megztinis-su-apykakle\\\/#breadcrumb\",\"itemListElement\":[{\"@type\":\"ListItem\",\"position\":1,\"name\":\"Home\",\"item\":\"https:\\\/\\\/madoskampas.lt\\\/\"},{\"@type\":\"ListItem\",\"position\":2,\"name\":\"Parduotuv\u0117\",\"item\":\"https:\\\/\\\/madoskampas.lt\\\/parduotuve-2\\\/\"},{\"@type\":\"ListItem\",\"position\":3,\"name\":\"Megztinis su apykakle\"}]},{\"@type\":\"WebSite\",\"@id\":\"https:\\\/\\\/madoskampas.lt\\\/#website\",\"url\":\"https:\\\/\\\/madoskampas.lt\\\/\",\"name\":\"MadosKampas.lt\",\"description\":\"Stilingi drabu\u017eiai moterims\",\"potentialAction\":[{\"@type\":\"SearchAction\",\"target\":{\"@type\":\"EntryPoint\",\"urlTemplate\":\"https:\\\/\\\/madoskampas.lt\\\/?s={search_term_string}\"},\"query-input\":{\"@type\":\"PropertyValueSpecification\",\"valueRequired\":true,\"valueName\":\"search_term_string\"}}],\"inLanguage\":\"lv-LV\"}]}<\/script>\n<!-- \/ Yoast SEO plugin. -->","yoast_head_json":{"title":"Megztinis su apykakle - MadosKampas.lt","robots":{"index":"index","follow":"follow","max-snippet":"max-snippet:-1","max-image-preview":"max-image-preview:large","max-video-preview":"max-video-preview:-1"},"canonical":"https:\/\/madoskampas.lt\/lv\/product\/megztinis-su-apykakle\/","og_locale":"lv_LV","og_type":"article","og_title":"Megztinis su apykakle - MadosKampas.lt","og_description":"\u0160is klasikinis megztinis su apykakle yra puikus pasirinkimas tiek kasdieniam, tiek eleganti\u0161kam stiliui. Pagamintas i\u0161 vilnos, medviln\u0117s, viskoz\u0117s ir poliesterio, jis u\u017etikrina \u0161ilum\u0105, patvarum\u0105 ir komfort\u0105.  Kod\u0117l verta rinktis?   Klasikinis dizainas: Apykakl\u0117 suteikia megztiniui rafinuotumo, tod\u0117l jis puikiai tiks tiek darbui, tiek laisvalaikiui.  Kokybi\u0161kos med\u017eiagos: Med\u017eiag\u0173 derinys garantuoja patogum\u0105, kv\u0117puojan\u010di\u0105 tekst\u016br\u0105 ir ilgalaik\u012f d\u0117v\u0117jim\u0105.  Universalumas: Galima lengvai derinti su d\u017einsais, keln\u0117mis ar sijonais, kuriant \u012fvairius stilius.  \u0160is megztinis yra \u012fvairi\u0173 spalv\u0173, tod\u0117l lengvai rasite variant\u0105, kuris geriausiai atitiks j\u016bs\u0173 skon\u012f ir garderob\u0105. Idealus pasirinkimas moteriai, vertinan\u010diai kokyb\u0119 ir laikui nepavald\u0173 stili\u0173!   Ilgis ~59cm Pet pa\u017eastis ~51cm tempiasi laisvai. Dydis - universalus, puikiai S\/L","og_url":"https:\/\/madoskampas.lt\/lv\/product\/megztinis-su-apykakle\/","og_site_name":"MadosKampas.lt","article_modified_time":"2026-03-31T14:16:19+00:00","og_image":[{"width":1920,"height":2560,"url":"https:\/\/madoskampas.lt\/wp-content\/uploads\/2024\/04\/IMG_2573-2-scaled.jpeg","type":"image\/jpeg"}],"twitter_card":"summary_large_image","twitter_misc":{"Est. reading time":"1 min\u016bte"},"schema":{"@context":"https:\/\/schema.org","@graph":[{"@type":"WebPage","@id":"https:\/\/madoskampas.lt\/produktas\/megztinis-su-apykakle\/","url":"https:\/\/madoskampas.lt\/produktas\/megztinis-su-apykakle\/","name":"Megztinis su apykakle - MadosKampas.lt","isPartOf":{"@id":"https:\/\/madoskampas.lt\/#website"},"primaryImageOfPage":{"@id":"https:\/\/madoskampas.lt\/produktas\/megztinis-su-apykakle\/#primaryimage"},"image":{"@id":"https:\/\/madoskampas.lt\/produktas\/megztinis-su-apykakle\/#primaryimage"},"thumbnailUrl":"https:\/\/madoskampas.lt\/wp-content\/uploads\/2024\/04\/IMG_2573-2-scaled.jpeg","datePublished":"2024-04-10T10:01:33+00:00","dateModified":"2026-03-31T14:16:19+00:00","breadcrumb":{"@id":"https:\/\/madoskampas.lt\/produktas\/megztinis-su-apykakle\/#breadcrumb"},"inLanguage":"lv-LV","potentialAction":[{"@type":"ReadAction","target":["https:\/\/madoskampas.lt\/produktas\/megztinis-su-apykakle\/"]}]},{"@type":"ImageObject","inLanguage":"lv-LV","@id":"https:\/\/madoskampas.lt\/produktas\/megztinis-su-apykakle\/#primaryimage","url":"https:\/\/madoskampas.lt\/wp-content\/uploads\/2024\/04\/IMG_2573-2-scaled.jpeg","contentUrl":"https:\/\/madoskampas.lt\/wp-content\/uploads\/2024\/04\/IMG_2573-2-scaled.jpeg","width":1920,"height":2560},{"@type":"BreadcrumbList","@id":"https:\/\/madoskampas.lt\/produktas\/megztinis-su-apykakle\/#breadcrumb","itemListElement":[{"@type":"ListItem","position":1,"name":"Home","item":"https:\/\/madoskampas.lt\/"},{"@type":"ListItem","position":2,"name":"Parduotuv\u0117","item":"https:\/\/madoskampas.lt\/parduotuve-2\/"},{"@type":"ListItem","position":3,"name":"Megztinis su apykakle"}]},{"@type":"WebSite","@id":"https:\/\/madoskampas.lt\/#website","url":"https:\/\/madoskampas.lt\/","name":"FashionKampas.lt","description":"Stil\u012bgs ap\u0123\u0113rbs sieviet\u0113m","potentialAction":[{"@type":"SearchAction","target":{"@type":"EntryPoint","urlTemplate":"https:\/\/madoskampas.lt\/?s={search_term_string}"},"query-input":{"@type":"PropertyValueSpecification","valueRequired":true,"valueName":"search_term_string"}}],"inLanguage":"lv-LV"}]}},"uagb_featured_image_src":{"full":["https:\/\/madoskampas.lt\/wp-content\/uploads\/2024\/04\/IMG_2573-2-scaled.jpeg",1920,2560,false],"thumbnail":["https:\/\/madoskampas.lt\/wp-content\/uploads\/2024\/04\/IMG_2573-2-150x150.jpeg",150,150,true],"medium":["https:\/\/madoskampas.lt\/wp-content\/uploads\/2024\/04\/IMG_2573-2-225x300.jpeg",225,300,true],"medium_large":["https:\/\/madoskampas.lt\/wp-content\/uploads\/2024\/04\/IMG_2573-2-768x1024.jpeg",768,1024,true],"large":["https:\/\/madoskampas.lt\/wp-content\/uploads\/2024\/04\/IMG_2573-2-768x1024.jpeg",768,1024,true],"1536x1536":["https:\/\/madoskampas.lt\/wp-content\/uploads\/2024\/04\/IMG_2573-2-1152x1536.jpeg",1152,1536,true],"2048x2048":["https:\/\/madoskampas.lt\/wp-content\/uploads\/2024\/04\/IMG_2573-2-1536x2048.jpeg",1536,2048,true],"trp-custom-language-flag":["https:\/\/madoskampas.lt\/wp-content\/uploads\/2024\/04\/IMG_2573-2-9x12.jpeg",9,12,true],"nova-image-square":["https:\/\/madoskampas.lt\/wp-content\/uploads\/2024\/04\/IMG_2573-2-1100x1100.jpeg",1100,1100,true],"mixtas-product-03":["https:\/\/madoskampas.lt\/wp-content\/uploads\/2024\/04\/IMG_2573-2-600x345.jpeg",600,345,true],"woocommerce_thumbnail":["https:\/\/madoskampas.lt\/wp-content\/uploads\/2024\/04\/IMG_2573-2-700x700.jpeg",700,700,true],"woocommerce_single":["https:\/\/madoskampas.lt\/wp-content\/uploads\/2024\/04\/IMG_2573-2-1000x1333.jpeg",1000,1333,true],"woocommerce_gallery_thumbnail":["https:\/\/madoskampas.lt\/wp-content\/uploads\/2024\/04\/IMG_2573-2-250x250.jpeg",250,250,true],"variation_swatches_image_size":["https:\/\/madoskampas.lt\/wp-content\/uploads\/2024\/04\/IMG_2573-2-50x50.jpeg",50,50,true],"variation_swatches_tooltip_size":["https:\/\/madoskampas.lt\/wp-content\/uploads\/2024\/04\/IMG_2573-2-100x100.jpeg",100,100,true]},"uagb_author_info":{"display_name":"algirdasbart","author_link":"https:\/\/madoskampas.lt\/lv\/author\/"},"uagb_comment_info":1,"uagb_excerpt":"\u0160is klasikinis megztinis su apykakle yra puikus pasirinkimas tiek kasdieniam, tiek eleganti\u0161kam stiliui. Pagamintas i\u0161 vilnos, medviln\u0117s, viskoz\u0117s ir poliesterio, jis u\u017etikrina \u0161ilum\u0105, patvarum\u0105 ir komfort\u0105. Kod\u0117l verta rinktis? Klasikinis dizainas: Apykakl\u0117 suteikia megztiniui rafinuotumo, tod\u0117l jis puikiai tiks tiek darbui, tiek laisvalaikiui. Kokybi\u0161kos med\u017eiagos: Med\u017eiag\u0173 derinys garantuoja patogum\u0105, kv\u0117puojan\u010di\u0105 tekst\u016br\u0105 ir ilgalaik\u012f d\u0117v\u0117jim\u0105. Universalumas:&hellip;","jetpack_sharing_enabled":true,"_links":{"self":[{"href":"https:\/\/madoskampas.lt\/lv\/wp-json\/wp\/v2\/product\/2461","targetHints":{"allow":["GET"]}}],"collection":[{"href":"https:\/\/madoskampas.lt\/lv\/wp-json\/wp\/v2\/product"}],"about":[{"href":"https:\/\/madoskampas.lt\/lv\/wp-json\/wp\/v2\/types\/product"}],"replies":[{"embeddable":true,"href":"https:\/\/madoskampas.lt\/lv\/wp-json\/wp\/v2\/comments?post=2461"}],"wp:featuredmedia":[{"embeddable":true,"href":"https:\/\/madoskampas.lt\/lv\/wp-json\/wp\/v2\/media\/30480"}],"wp:attachment":[{"href":"https:\/\/madoskampas.lt\/lv\/wp-json\/wp\/v2\/media?parent=2461"}],"wp:term":[{"taxonomy":"product_brand","embeddable":true,"href":"https:\/\/madoskampas.lt\/lv\/wp-json\/wp\/v2\/product_brand?post=2461"},{"taxonomy":"product_cat","embeddable":true,"href":"https:\/\/madoskampas.lt\/lv\/wp-json\/wp\/v2\/product_cat?post=2461"},{"taxonomy":"product_tag","embeddable":true,"href":"https:\/\/madoskampas.lt\/lv\/wp-json\/wp\/v2\/product_tag?post=2461"}],"curies":[{"name":"wp","href":"https:\/\/api.w.org\/{rel}","templated":true}]}}