{"id":25424,"date":"2025-12-21T10:40:34","date_gmt":"2025-12-21T10:40:34","guid":{"rendered":"https:\/\/madoskampas.lt\/?post_type=product&#038;p=25424"},"modified":"2026-04-24T10:21:03","modified_gmt":"2026-04-24T10:21:03","slug":"svelnios-prabangos-eko-kailio-salikas","status":"publish","type":"product","link":"https:\/\/madoskampas.lt\/lv\/product\/svelnios-prabangos-eko-kailio-salikas\/","title":{"rendered":"\u0160velnios Prabangos Eko Kailio \u0160alikas"},"content":{"rendered":"<p>Tai tas aksesuaras, kuris akimirksniu pakelia \u012fvaizd\u012f. Ne\u012ftik\u0117tinai mink\u0161tas eko kailio \u0161alikas dvelkia prabanga, \u0161iluma ir subtiliu eleganti\u0161kumu. Jis maloniai apgaubia kakl\u0105, suteikia jaukumo poj\u016bt\u012f ir tampa stilingu akcentu tiek prie palto, tiek prie megztinio ar suknel\u0117s.<\/p>","protected":false},"excerpt":{"rendered":"<p data-start=\"123\" data-end=\"399\">Tai tas aksesuaras, kuris akimirksniu pakelia \u012fvaizd\u012f. Ne\u012ftik\u0117tinai mink\u0161tas eko kailio \u0161alikas dvelkia prabanga, \u0161iluma ir subtiliu eleganti\u0161kumu. Jis maloniai apgaubia kakl\u0105, suteikia jaukumo poj\u016bt\u012f ir tampa stilingu akcentu tiek prie palto, tiek prie megztinio ar suknel\u0117s.<\/p>\n<p data-start=\"401\" data-end=\"649\">\u0160is \u0161alikas \u2013 puikus pasirinkimas \u017eiemos pasivaik\u0161\u010diojimams, \u0161ventiniams deriniams ar kaip dovana, kuri visada atrodo apgalvota ir i\u0161skirtin\u0117.<br data-start=\"543\" data-end=\"546\" \/>Universalus, lengvai derinamas ir labai \u201emados kampi\u0161kas\u201c \u2013 toks, prie kurio norisi gr\u012f\u017eti v\u0117l ir v\u0117l \u2728<\/p>\n<p data-start=\"651\" data-end=\"677\">\ud83d\udc9b <strong data-start=\"654\" data-end=\"677\">Kod\u0117l j\u012f pam\u0117gsite:<\/strong><\/p>\n<ul data-start=\"678\" data-end=\"821\">\n<li data-start=\"678\" data-end=\"712\">\n<p data-start=\"680\" data-end=\"712\">Itin \u0161velnus, purus eko kailis<\/p>\n<\/li>\n<li data-start=\"713\" data-end=\"747\">\n<p data-start=\"715\" data-end=\"747\">Atrodo prabangiai ir stilingai<\/p>\n<\/li>\n<li data-start=\"748\" data-end=\"787\">\n<p data-start=\"750\" data-end=\"787\">Suteikia \u0161ilumos be sunkumo poj\u016b\u010dio<\/p>\n<\/li>\n<li data-start=\"788\" data-end=\"821\">\n<p data-start=\"790\" data-end=\"821\">Tobula dovanos id\u0117ja \u0161vent\u0117ms<\/p>\n<\/li>\n<\/ul>\n<p data-start=\"823\" data-end=\"943\" data-is-last-node=\"\" data-is-only-node=\"\">","protected":false},"featured_media":25426,"comment_status":"open","ping_status":"closed","template":"","meta":{"_uag_custom_page_level_css":"","_monsterinsights_skip_tracking":false,"_monsterinsights_sitenote_active":false,"_monsterinsights_sitenote_note":"","_monsterinsights_sitenote_category":0},"product_brand":[],"product_cat":[189,95,202],"product_tag":[],"class_list":{"0":"post-25424","1":"product","2":"type-product","3":"status-publish","4":"has-post-thumbnail","6":"product_cat-aksesuarai","7":"product_cat-naujausi","8":"product_cat-salikai","9":"tm-has-options","11":"first","12":"instock","13":"shipping-taxable","14":"purchasable","15":"product-type-variable"},"yoast_head":"<!-- This site is optimized with the Yoast SEO plugin v27.6 - https:\/\/yoast.com\/product\/yoast-seo-wordpress\/ -->\n<title>\u0160velnios Prabangos Eko Kailio \u0160alikas - MadosKampas.lt<\/title>\n<meta name=\"robots\" content=\"index, follow, max-snippet:-1, max-image-preview:large, max-video-preview:-1\" \/>\n<link rel=\"canonical\" href=\"https:\/\/madoskampas.lt\/lv\/product\/svelnios-prabangos-eko-kailio-salikas\/\" \/>\n<meta property=\"og:locale\" content=\"lv_LV\" \/>\n<meta property=\"og:type\" content=\"article\" \/>\n<meta property=\"og:title\" content=\"\u0160velnios Prabangos Eko Kailio \u0160alikas - MadosKampas.lt\" \/>\n<meta property=\"og:description\" content=\"Tai tas aksesuaras, kuris akimirksniu pakelia \u012fvaizd\u012f. Ne\u012ftik\u0117tinai mink\u0161tas eko kailio \u0161alikas dvelkia prabanga, \u0161iluma ir subtiliu eleganti\u0161kumu. Jis maloniai apgaubia kakl\u0105, suteikia jaukumo poj\u016bt\u012f ir tampa stilingu akcentu tiek prie palto, tiek prie megztinio ar suknel\u0117s. \u0160is \u0161alikas \u2013 puikus pasirinkimas \u017eiemos pasivaik\u0161\u010diojimams, \u0161ventiniams deriniams ar kaip dovana, kuri visada atrodo apgalvota ir i\u0161skirtin\u0117.Universalus, lengvai derinamas ir labai \u201emados kampi\u0161kas\u201c \u2013 toks, prie kurio norisi gr\u012f\u017eti v\u0117l ir v\u0117l \u2728 \ud83d\udc9b Kod\u0117l j\u012f pam\u0117gsite:     Itin \u0161velnus, purus eko kailis    Atrodo prabangiai ir stilingai    Suteikia \u0161ilumos be sunkumo poj\u016b\u010dio    Tobula dovanos id\u0117ja \u0161vent\u0117ms\" \/>\n<meta property=\"og:url\" content=\"https:\/\/madoskampas.lt\/lv\/product\/svelnios-prabangos-eko-kailio-salikas\/\" \/>\n<meta property=\"og:site_name\" content=\"MadosKampas.lt\" \/>\n<meta property=\"article:modified_time\" content=\"2026-04-24T10:21:03+00:00\" \/>\n<meta property=\"og:image\" content=\"https:\/\/madoskampas.lt\/wp-content\/uploads\/2025\/12\/IMG_8727-scaled.jpeg\" \/>\n\t<meta property=\"og:image:width\" content=\"1440\" \/>\n\t<meta property=\"og:image:height\" content=\"2560\" \/>\n\t<meta property=\"og:image:type\" content=\"image\/jpeg\" \/>\n<meta name=\"twitter:card\" content=\"summary_large_image\" \/>\n<meta name=\"twitter:label1\" content=\"Est. reading time\" \/>\n\t<meta name=\"twitter:data1\" content=\"1 min\u016bte\" \/>\n<script type=\"application\/ld+json\" class=\"yoast-schema-graph\">{\"@context\":\"https:\\\/\\\/schema.org\",\"@graph\":[{\"@type\":\"WebPage\",\"@id\":\"https:\\\/\\\/madoskampas.lt\\\/produktas\\\/svelnios-prabangos-eko-kailio-salikas\\\/\",\"url\":\"https:\\\/\\\/madoskampas.lt\\\/produktas\\\/svelnios-prabangos-eko-kailio-salikas\\\/\",\"name\":\"\u0160velnios Prabangos Eko Kailio \u0160alikas - MadosKampas.lt\",\"isPartOf\":{\"@id\":\"https:\\\/\\\/madoskampas.lt\\\/#website\"},\"primaryImageOfPage\":{\"@id\":\"https:\\\/\\\/madoskampas.lt\\\/produktas\\\/svelnios-prabangos-eko-kailio-salikas\\\/#primaryimage\"},\"image\":{\"@id\":\"https:\\\/\\\/madoskampas.lt\\\/produktas\\\/svelnios-prabangos-eko-kailio-salikas\\\/#primaryimage\"},\"thumbnailUrl\":\"https:\\\/\\\/madoskampas.lt\\\/wp-content\\\/uploads\\\/2025\\\/12\\\/IMG_8727-scaled.jpeg\",\"datePublished\":\"2025-12-21T10:40:34+00:00\",\"dateModified\":\"2026-04-24T10:21:03+00:00\",\"breadcrumb\":{\"@id\":\"https:\\\/\\\/madoskampas.lt\\\/produktas\\\/svelnios-prabangos-eko-kailio-salikas\\\/#breadcrumb\"},\"inLanguage\":\"lv-LV\",\"potentialAction\":[{\"@type\":\"ReadAction\",\"target\":[\"https:\\\/\\\/madoskampas.lt\\\/produktas\\\/svelnios-prabangos-eko-kailio-salikas\\\/\"]}]},{\"@type\":\"ImageObject\",\"inLanguage\":\"lv-LV\",\"@id\":\"https:\\\/\\\/madoskampas.lt\\\/produktas\\\/svelnios-prabangos-eko-kailio-salikas\\\/#primaryimage\",\"url\":\"https:\\\/\\\/madoskampas.lt\\\/wp-content\\\/uploads\\\/2025\\\/12\\\/IMG_8727-scaled.jpeg\",\"contentUrl\":\"https:\\\/\\\/madoskampas.lt\\\/wp-content\\\/uploads\\\/2025\\\/12\\\/IMG_8727-scaled.jpeg\",\"width\":1440,\"height\":2560},{\"@type\":\"BreadcrumbList\",\"@id\":\"https:\\\/\\\/madoskampas.lt\\\/produktas\\\/svelnios-prabangos-eko-kailio-salikas\\\/#breadcrumb\",\"itemListElement\":[{\"@type\":\"ListItem\",\"position\":1,\"name\":\"Home\",\"item\":\"https:\\\/\\\/madoskampas.lt\\\/\"},{\"@type\":\"ListItem\",\"position\":2,\"name\":\"Parduotuv\u0117\",\"item\":\"https:\\\/\\\/madoskampas.lt\\\/parduotuve-2\\\/\"},{\"@type\":\"ListItem\",\"position\":3,\"name\":\"\u0160velnios Prabangos Eko Kailio \u0160alikas\"}]},{\"@type\":\"WebSite\",\"@id\":\"https:\\\/\\\/madoskampas.lt\\\/#website\",\"url\":\"https:\\\/\\\/madoskampas.lt\\\/\",\"name\":\"MadosKampas.lt\",\"description\":\"Stilingi drabu\u017eiai moterims\",\"potentialAction\":[{\"@type\":\"SearchAction\",\"target\":{\"@type\":\"EntryPoint\",\"urlTemplate\":\"https:\\\/\\\/madoskampas.lt\\\/?s={search_term_string}\"},\"query-input\":{\"@type\":\"PropertyValueSpecification\",\"valueRequired\":true,\"valueName\":\"search_term_string\"}}],\"inLanguage\":\"lv-LV\"}]}<\/script>\n<!-- \/ Yoast SEO plugin. -->","yoast_head_json":{"title":"\u0160velnios Prabangos Eko Kailio \u0160alikas - MadosKampas.lt","robots":{"index":"index","follow":"follow","max-snippet":"max-snippet:-1","max-image-preview":"max-image-preview:large","max-video-preview":"max-video-preview:-1"},"canonical":"https:\/\/madoskampas.lt\/lv\/product\/svelnios-prabangos-eko-kailio-salikas\/","og_locale":"lv_LV","og_type":"article","og_title":"\u0160velnios Prabangos Eko Kailio \u0160alikas - MadosKampas.lt","og_description":"Tai tas aksesuaras, kuris akimirksniu pakelia \u012fvaizd\u012f. Ne\u012ftik\u0117tinai mink\u0161tas eko kailio \u0161alikas dvelkia prabanga, \u0161iluma ir subtiliu eleganti\u0161kumu. Jis maloniai apgaubia kakl\u0105, suteikia jaukumo poj\u016bt\u012f ir tampa stilingu akcentu tiek prie palto, tiek prie megztinio ar suknel\u0117s. \u0160is \u0161alikas \u2013 puikus pasirinkimas \u017eiemos pasivaik\u0161\u010diojimams, \u0161ventiniams deriniams ar kaip dovana, kuri visada atrodo apgalvota ir i\u0161skirtin\u0117.Universalus, lengvai derinamas ir labai \u201emados kampi\u0161kas\u201c \u2013 toks, prie kurio norisi gr\u012f\u017eti v\u0117l ir v\u0117l \u2728 \ud83d\udc9b Kod\u0117l j\u012f pam\u0117gsite:     Itin \u0161velnus, purus eko kailis    Atrodo prabangiai ir stilingai    Suteikia \u0161ilumos be sunkumo poj\u016b\u010dio    Tobula dovanos id\u0117ja \u0161vent\u0117ms","og_url":"https:\/\/madoskampas.lt\/lv\/product\/svelnios-prabangos-eko-kailio-salikas\/","og_site_name":"MadosKampas.lt","article_modified_time":"2026-04-24T10:21:03+00:00","og_image":[{"width":1440,"height":2560,"url":"https:\/\/madoskampas.lt\/wp-content\/uploads\/2025\/12\/IMG_8727-scaled.jpeg","type":"image\/jpeg"}],"twitter_card":"summary_large_image","twitter_misc":{"Est. reading time":"1 min\u016bte"},"schema":{"@context":"https:\/\/schema.org","@graph":[{"@type":"WebPage","@id":"https:\/\/madoskampas.lt\/produktas\/svelnios-prabangos-eko-kailio-salikas\/","url":"https:\/\/madoskampas.lt\/produktas\/svelnios-prabangos-eko-kailio-salikas\/","name":"\u0160velnios Prabangos Eko Kailio \u0160alikas - MadosKampas.lt","isPartOf":{"@id":"https:\/\/madoskampas.lt\/#website"},"primaryImageOfPage":{"@id":"https:\/\/madoskampas.lt\/produktas\/svelnios-prabangos-eko-kailio-salikas\/#primaryimage"},"image":{"@id":"https:\/\/madoskampas.lt\/produktas\/svelnios-prabangos-eko-kailio-salikas\/#primaryimage"},"thumbnailUrl":"https:\/\/madoskampas.lt\/wp-content\/uploads\/2025\/12\/IMG_8727-scaled.jpeg","datePublished":"2025-12-21T10:40:34+00:00","dateModified":"2026-04-24T10:21:03+00:00","breadcrumb":{"@id":"https:\/\/madoskampas.lt\/produktas\/svelnios-prabangos-eko-kailio-salikas\/#breadcrumb"},"inLanguage":"lv-LV","potentialAction":[{"@type":"ReadAction","target":["https:\/\/madoskampas.lt\/produktas\/svelnios-prabangos-eko-kailio-salikas\/"]}]},{"@type":"ImageObject","inLanguage":"lv-LV","@id":"https:\/\/madoskampas.lt\/produktas\/svelnios-prabangos-eko-kailio-salikas\/#primaryimage","url":"https:\/\/madoskampas.lt\/wp-content\/uploads\/2025\/12\/IMG_8727-scaled.jpeg","contentUrl":"https:\/\/madoskampas.lt\/wp-content\/uploads\/2025\/12\/IMG_8727-scaled.jpeg","width":1440,"height":2560},{"@type":"BreadcrumbList","@id":"https:\/\/madoskampas.lt\/produktas\/svelnios-prabangos-eko-kailio-salikas\/#breadcrumb","itemListElement":[{"@type":"ListItem","position":1,"name":"Home","item":"https:\/\/madoskampas.lt\/"},{"@type":"ListItem","position":2,"name":"Parduotuv\u0117","item":"https:\/\/madoskampas.lt\/parduotuve-2\/"},{"@type":"ListItem","position":3,"name":"\u0160velnios Prabangos Eko Kailio \u0160alikas"}]},{"@type":"WebSite","@id":"https:\/\/madoskampas.lt\/#website","url":"https:\/\/madoskampas.lt\/","name":"FashionKampas.lt","description":"Stil\u012bgs ap\u0123\u0113rbs sieviet\u0113m","potentialAction":[{"@type":"SearchAction","target":{"@type":"EntryPoint","urlTemplate":"https:\/\/madoskampas.lt\/?s={search_term_string}"},"query-input":{"@type":"PropertyValueSpecification","valueRequired":true,"valueName":"search_term_string"}}],"inLanguage":"lv-LV"}]}},"uagb_featured_image_src":{"full":["https:\/\/madoskampas.lt\/wp-content\/uploads\/2025\/12\/IMG_8727-scaled.jpeg",1440,2560,false],"thumbnail":["https:\/\/madoskampas.lt\/wp-content\/uploads\/2025\/12\/IMG_8727-150x150.jpeg",150,150,true],"medium":["https:\/\/madoskampas.lt\/wp-content\/uploads\/2025\/12\/IMG_8727-169x300.jpeg",169,300,true],"medium_large":["https:\/\/madoskampas.lt\/wp-content\/uploads\/2025\/12\/IMG_8727-768x1365.jpeg",768,1365,true],"large":["https:\/\/madoskampas.lt\/wp-content\/uploads\/2025\/12\/IMG_8727-576x1024.jpeg",576,1024,true],"1536x1536":["https:\/\/madoskampas.lt\/wp-content\/uploads\/2025\/12\/IMG_8727-864x1536.jpeg",864,1536,true],"2048x2048":["https:\/\/madoskampas.lt\/wp-content\/uploads\/2025\/12\/IMG_8727-1152x2048.jpeg",1152,2048,true],"trp-custom-language-flag":["https:\/\/madoskampas.lt\/wp-content\/uploads\/2025\/12\/IMG_8727-7x12.jpeg",7,12,true],"nova-image-square":["https:\/\/madoskampas.lt\/wp-content\/uploads\/2025\/12\/IMG_8727-1100x1100.jpeg",1100,1100,true],"mixtas-product-03":["https:\/\/madoskampas.lt\/wp-content\/uploads\/2025\/12\/IMG_8727-600x345.jpeg",600,345,true],"woocommerce_thumbnail":["https:\/\/madoskampas.lt\/wp-content\/uploads\/2025\/12\/IMG_8727-700x700.jpeg",700,700,true],"woocommerce_single":["https:\/\/madoskampas.lt\/wp-content\/uploads\/2025\/12\/IMG_8727-1000x1778.jpeg",1000,1778,true],"woocommerce_gallery_thumbnail":["https:\/\/madoskampas.lt\/wp-content\/uploads\/2025\/12\/IMG_8727-250x250.jpeg",250,250,true],"variation_swatches_image_size":["https:\/\/madoskampas.lt\/wp-content\/uploads\/2025\/12\/IMG_8727-50x50.jpeg",50,50,true],"variation_swatches_tooltip_size":["https:\/\/madoskampas.lt\/wp-content\/uploads\/2025\/12\/IMG_8727-100x100.jpeg",100,100,true]},"uagb_author_info":{"display_name":"algirdasbart","author_link":"https:\/\/madoskampas.lt\/lv\/author\/"},"uagb_comment_info":0,"uagb_excerpt":"Tai tas aksesuaras, kuris akimirksniu pakelia \u012fvaizd\u012f. Ne\u012ftik\u0117tinai mink\u0161tas eko kailio \u0161alikas dvelkia prabanga, \u0161iluma ir subtiliu eleganti\u0161kumu. Jis maloniai apgaubia kakl\u0105, suteikia jaukumo poj\u016bt\u012f ir tampa stilingu akcentu tiek prie palto, tiek prie megztinio ar suknel\u0117s. \u0160is \u0161alikas \u2013 puikus pasirinkimas \u017eiemos pasivaik\u0161\u010diojimams, \u0161ventiniams deriniams ar kaip dovana, kuri visada atrodo apgalvota ir i\u0161skirtin\u0117.Universalus,&hellip;","jetpack_sharing_enabled":true,"_links":{"self":[{"href":"https:\/\/madoskampas.lt\/lv\/wp-json\/wp\/v2\/product\/25424","targetHints":{"allow":["GET"]}}],"collection":[{"href":"https:\/\/madoskampas.lt\/lv\/wp-json\/wp\/v2\/product"}],"about":[{"href":"https:\/\/madoskampas.lt\/lv\/wp-json\/wp\/v2\/types\/product"}],"replies":[{"embeddable":true,"href":"https:\/\/madoskampas.lt\/lv\/wp-json\/wp\/v2\/comments?post=25424"}],"wp:featuredmedia":[{"embeddable":true,"href":"https:\/\/madoskampas.lt\/lv\/wp-json\/wp\/v2\/media\/25426"}],"wp:attachment":[{"href":"https:\/\/madoskampas.lt\/lv\/wp-json\/wp\/v2\/media?parent=25424"}],"wp:term":[{"taxonomy":"product_brand","embeddable":true,"href":"https:\/\/madoskampas.lt\/lv\/wp-json\/wp\/v2\/product_brand?post=25424"},{"taxonomy":"product_cat","embeddable":true,"href":"https:\/\/madoskampas.lt\/lv\/wp-json\/wp\/v2\/product_cat?post=25424"},{"taxonomy":"product_tag","embeddable":true,"href":"https:\/\/madoskampas.lt\/lv\/wp-json\/wp\/v2\/product_tag?post=25424"}],"curies":[{"name":"wp","href":"https:\/\/api.w.org\/{rel}","templated":true}]}}