{"id":25821,"date":"2026-01-06T09:26:33","date_gmt":"2026-01-06T09:26:33","guid":{"rendered":"https:\/\/madoskampas.lt\/?post_type=product&#038;p=25821"},"modified":"2026-03-19T06:40:38","modified_gmt":"2026-03-19T06:40:38","slug":"amore-italiskas-viskozes-megztinis","status":"publish","type":"product","link":"https:\/\/madoskampas.lt\/lv\/product\/amore-italiskas-viskozes-megztinis\/","title":{"rendered":"\u201eAmore\u201c itali\u0161kas viskoz\u0117s megztinis"},"content":{"rendered":"<p data-start=\"309\" data-end=\"576\">Lengvas, patogus ir nepriekai\u0161tingai stilingas \u2013 \u0161is itali\u0161kas megztinis i\u0161 viskoz\u0117s sukurtas kasdieniam komfortui ir subtiliam \u012fvaizd\u017eiui. Mink\u0161tas, malonus k\u016bnui audinys gra\u017eiai krinta, leid\u017eia odai kv\u0117puoti ir i\u0161laiko tvarking\u0105 form\u0105 vis\u0105 dien\u0105.<\/p>\n<p data-start=\"578\" data-end=\"802\">Klasikinis dry\u017euotas dizainas papildytas <strong data-start=\"619\" data-end=\"643\">ma\u017ea \u0161irdel\u0117s detale<\/strong>, suteikian\u010dia modeliui jaukumo ir i\u0161skirtinumo. Trumpesn\u0117s rankov\u0117s ir \u0161varus siluetas leid\u017eia lengvai derinti tiek prie kelni\u0173, tiek prie sijon\u0173 ar d\u017eins\u0173.<\/p>","protected":false},"excerpt":{"rendered":"<p data-start=\"309\" data-end=\"576\">Lengvas, patogus ir nepriekai\u0161tingai stilingas \u2013 \u0161is itali\u0161kas megztinis i\u0161 viskoz\u0117s sukurtas kasdieniam komfortui ir subtiliam \u012fvaizd\u017eiui. Mink\u0161tas, malonus k\u016bnui audinys gra\u017eiai krinta, leid\u017eia odai kv\u0117puoti ir i\u0161laiko tvarking\u0105 form\u0105 vis\u0105 dien\u0105.<\/p>\n<p data-start=\"578\" data-end=\"802\">Klasikinis dry\u017euotas dizainas papildytas <strong data-start=\"619\" data-end=\"643\">ma\u017ea \u0161irdel\u0117s detale<\/strong>, suteikian\u010dia modeliui jaukumo ir i\u0161skirtinumo. Trumpesn\u0117s rankov\u0117s ir \u0161varus siluetas leid\u017eia lengvai derinti tiek prie kelni\u0173, tiek prie sijon\u0173 ar d\u017eins\u0173.<\/p>\n<p data-start=\"804\" data-end=\"919\">Tai universalus drabu\u017eis, kuris atrodo stilingai be pastang\u0173 \u2013 puikus pasirinkimas tiek darbui, tiek laisvalaikiui.<\/p>\n<p data-start=\"921\" data-end=\"972\"><strong data-start=\"921\" data-end=\"931\">Izm\u0113rs:<\/strong><br data-start=\"931\" data-end=\"934\" \/>\u2022 Vienas dydis \u2013 tinka nuo <strong data-start=\"961\" data-end=\"972\">S l\u012bdz L<\/strong><\/p>\n<p data-start=\"974\" data-end=\"1036\"><strong data-start=\"974\" data-end=\"990\">Izm\u0113ri:<\/strong><br data-start=\"990\" data-end=\"993\" \/>\u2022 Ilgis \u2013 <strong data-start=\"1003\" data-end=\"1012\">61 cm<\/strong><br data-start=\"1012\" data-end=\"1015\" \/>\u2022 Kr\u016btin\u0117 \u2013 <strong data-start=\"1027\" data-end=\"1036\">50 cm<\/strong><\/p>\n<p data-start=\"1038\" data-end=\"1060\">\u2728 Pagaminta Italijoje.<\/p>","protected":false},"featured_media":25828,"comment_status":"open","ping_status":"closed","template":"","meta":{"_uag_custom_page_level_css":"","_monsterinsights_skip_tracking":false,"_monsterinsights_sitenote_active":false,"_monsterinsights_sitenote_note":"","_monsterinsights_sitenote_category":0},"product_brand":[],"product_cat":[66,73,95],"product_tag":[],"class_list":{"0":"post-25821","1":"product","2":"type-product","3":"status-publish","4":"has-post-thumbnail","6":"product_cat-drabuziai","7":"product_cat-megztiniai","8":"product_cat-naujausi","9":"tm-has-options","11":"first","12":"outofstock","13":"sale","14":"shipping-taxable","15":"purchasable","16":"product-type-variable","17":"has-default-attributes"},"yoast_head":"<!-- This site is optimized with the Yoast SEO plugin v27.6 - https:\/\/yoast.com\/product\/yoast-seo-wordpress\/ -->\n<title>\u201eAmore\u201c itali\u0161kas viskoz\u0117s megztinis - MadosKampas.lt<\/title>\n<meta name=\"robots\" content=\"index, follow, max-snippet:-1, max-image-preview:large, max-video-preview:-1\" \/>\n<link rel=\"canonical\" href=\"https:\/\/madoskampas.lt\/lv\/product\/amore-italiskas-viskozes-megztinis\/\" \/>\n<meta property=\"og:locale\" content=\"lv_LV\" \/>\n<meta property=\"og:type\" content=\"article\" \/>\n<meta property=\"og:title\" content=\"\u201eAmore\u201c itali\u0161kas viskoz\u0117s megztinis - MadosKampas.lt\" \/>\n<meta property=\"og:description\" content=\"Lengvas, patogus ir nepriekai\u0161tingai stilingas \u2013 \u0161is itali\u0161kas megztinis i\u0161 viskoz\u0117s sukurtas kasdieniam komfortui ir subtiliam \u012fvaizd\u017eiui. Mink\u0161tas, malonus k\u016bnui audinys gra\u017eiai krinta, leid\u017eia odai kv\u0117puoti ir i\u0161laiko tvarking\u0105 form\u0105 vis\u0105 dien\u0105. Klasikinis dry\u017euotas dizainas papildytas ma\u017ea \u0161irdel\u0117s detale, suteikian\u010dia modeliui jaukumo ir i\u0161skirtinumo. Trumpesn\u0117s rankov\u0117s ir \u0161varus siluetas leid\u017eia lengvai derinti tiek prie kelni\u0173, tiek prie sijon\u0173 ar d\u017eins\u0173. Tai universalus drabu\u017eis, kuris atrodo stilingai be pastang\u0173 \u2013 puikus pasirinkimas tiek darbui, tiek laisvalaikiui. Dydis:\u2022 Vienas dydis \u2013 tinka nuo S iki L I\u0161matavimai:\u2022 Ilgis \u2013 61 cm\u2022 Kr\u016btin\u0117 \u2013 50 cm \u2728 Pagaminta Italijoje.\" \/>\n<meta property=\"og:url\" content=\"https:\/\/madoskampas.lt\/lv\/product\/amore-italiskas-viskozes-megztinis\/\" \/>\n<meta property=\"og:site_name\" content=\"MadosKampas.lt\" \/>\n<meta property=\"article:modified_time\" content=\"2026-03-19T06:40:38+00:00\" \/>\n<meta property=\"og:image\" content=\"https:\/\/madoskampas.lt\/wp-content\/uploads\/2026\/01\/IMG_9818.jpeg\" \/>\n\t<meta property=\"og:image:width\" content=\"1330\" \/>\n\t<meta property=\"og:image:height\" content=\"2364\" \/>\n\t<meta property=\"og:image:type\" content=\"image\/jpeg\" \/>\n<meta name=\"twitter:card\" content=\"summary_large_image\" \/>\n<meta name=\"twitter:label1\" content=\"Est. reading time\" \/>\n\t<meta name=\"twitter:data1\" content=\"1 min\u016bte\" \/>\n<script type=\"application\/ld+json\" class=\"yoast-schema-graph\">{\"@context\":\"https:\\\/\\\/schema.org\",\"@graph\":[{\"@type\":\"WebPage\",\"@id\":\"https:\\\/\\\/madoskampas.lt\\\/produktas\\\/amore-italiskas-viskozes-megztinis\\\/\",\"url\":\"https:\\\/\\\/madoskampas.lt\\\/produktas\\\/amore-italiskas-viskozes-megztinis\\\/\",\"name\":\"\u201eAmore\u201c itali\u0161kas viskoz\u0117s megztinis - MadosKampas.lt\",\"isPartOf\":{\"@id\":\"https:\\\/\\\/madoskampas.lt\\\/#website\"},\"primaryImageOfPage\":{\"@id\":\"https:\\\/\\\/madoskampas.lt\\\/produktas\\\/amore-italiskas-viskozes-megztinis\\\/#primaryimage\"},\"image\":{\"@id\":\"https:\\\/\\\/madoskampas.lt\\\/produktas\\\/amore-italiskas-viskozes-megztinis\\\/#primaryimage\"},\"thumbnailUrl\":\"https:\\\/\\\/madoskampas.lt\\\/wp-content\\\/uploads\\\/2026\\\/01\\\/IMG_9818.jpeg\",\"datePublished\":\"2026-01-06T09:26:33+00:00\",\"dateModified\":\"2026-03-19T06:40:38+00:00\",\"breadcrumb\":{\"@id\":\"https:\\\/\\\/madoskampas.lt\\\/produktas\\\/amore-italiskas-viskozes-megztinis\\\/#breadcrumb\"},\"inLanguage\":\"lv-LV\",\"potentialAction\":[{\"@type\":\"ReadAction\",\"target\":[\"https:\\\/\\\/madoskampas.lt\\\/produktas\\\/amore-italiskas-viskozes-megztinis\\\/\"]}]},{\"@type\":\"ImageObject\",\"inLanguage\":\"lv-LV\",\"@id\":\"https:\\\/\\\/madoskampas.lt\\\/produktas\\\/amore-italiskas-viskozes-megztinis\\\/#primaryimage\",\"url\":\"https:\\\/\\\/madoskampas.lt\\\/wp-content\\\/uploads\\\/2026\\\/01\\\/IMG_9818.jpeg\",\"contentUrl\":\"https:\\\/\\\/madoskampas.lt\\\/wp-content\\\/uploads\\\/2026\\\/01\\\/IMG_9818.jpeg\",\"width\":1330,\"height\":2364},{\"@type\":\"BreadcrumbList\",\"@id\":\"https:\\\/\\\/madoskampas.lt\\\/produktas\\\/amore-italiskas-viskozes-megztinis\\\/#breadcrumb\",\"itemListElement\":[{\"@type\":\"ListItem\",\"position\":1,\"name\":\"Home\",\"item\":\"https:\\\/\\\/madoskampas.lt\\\/\"},{\"@type\":\"ListItem\",\"position\":2,\"name\":\"Parduotuv\u0117\",\"item\":\"https:\\\/\\\/madoskampas.lt\\\/parduotuve-2\\\/\"},{\"@type\":\"ListItem\",\"position\":3,\"name\":\"\u201eAmore\u201c itali\u0161kas viskoz\u0117s megztinis\"}]},{\"@type\":\"WebSite\",\"@id\":\"https:\\\/\\\/madoskampas.lt\\\/#website\",\"url\":\"https:\\\/\\\/madoskampas.lt\\\/\",\"name\":\"MadosKampas.lt\",\"description\":\"Stilingi drabu\u017eiai moterims\",\"potentialAction\":[{\"@type\":\"SearchAction\",\"target\":{\"@type\":\"EntryPoint\",\"urlTemplate\":\"https:\\\/\\\/madoskampas.lt\\\/?s={search_term_string}\"},\"query-input\":{\"@type\":\"PropertyValueSpecification\",\"valueRequired\":true,\"valueName\":\"search_term_string\"}}],\"inLanguage\":\"lv-LV\"}]}<\/script>\n<!-- \/ Yoast SEO plugin. -->","yoast_head_json":{"title":"\u201eAmore\u201c itali\u0161kas viskoz\u0117s megztinis - MadosKampas.lt","robots":{"index":"index","follow":"follow","max-snippet":"max-snippet:-1","max-image-preview":"max-image-preview:large","max-video-preview":"max-video-preview:-1"},"canonical":"https:\/\/madoskampas.lt\/lv\/product\/amore-italiskas-viskozes-megztinis\/","og_locale":"lv_LV","og_type":"article","og_title":"\u201eAmore\u201c itali\u0161kas viskoz\u0117s megztinis - MadosKampas.lt","og_description":"Lengvas, patogus ir nepriekai\u0161tingai stilingas \u2013 \u0161is itali\u0161kas megztinis i\u0161 viskoz\u0117s sukurtas kasdieniam komfortui ir subtiliam \u012fvaizd\u017eiui. Mink\u0161tas, malonus k\u016bnui audinys gra\u017eiai krinta, leid\u017eia odai kv\u0117puoti ir i\u0161laiko tvarking\u0105 form\u0105 vis\u0105 dien\u0105. Klasikinis dry\u017euotas dizainas papildytas ma\u017ea \u0161irdel\u0117s detale, suteikian\u010dia modeliui jaukumo ir i\u0161skirtinumo. Trumpesn\u0117s rankov\u0117s ir \u0161varus siluetas leid\u017eia lengvai derinti tiek prie kelni\u0173, tiek prie sijon\u0173 ar d\u017eins\u0173. Tai universalus drabu\u017eis, kuris atrodo stilingai be pastang\u0173 \u2013 puikus pasirinkimas tiek darbui, tiek laisvalaikiui. Dydis:\u2022 Vienas dydis \u2013 tinka nuo S iki L I\u0161matavimai:\u2022 Ilgis \u2013 61 cm\u2022 Kr\u016btin\u0117 \u2013 50 cm \u2728 Pagaminta Italijoje.","og_url":"https:\/\/madoskampas.lt\/lv\/product\/amore-italiskas-viskozes-megztinis\/","og_site_name":"MadosKampas.lt","article_modified_time":"2026-03-19T06:40:38+00:00","og_image":[{"width":1330,"height":2364,"url":"https:\/\/madoskampas.lt\/wp-content\/uploads\/2026\/01\/IMG_9818.jpeg","type":"image\/jpeg"}],"twitter_card":"summary_large_image","twitter_misc":{"Est. reading time":"1 min\u016bte"},"schema":{"@context":"https:\/\/schema.org","@graph":[{"@type":"WebPage","@id":"https:\/\/madoskampas.lt\/produktas\/amore-italiskas-viskozes-megztinis\/","url":"https:\/\/madoskampas.lt\/produktas\/amore-italiskas-viskozes-megztinis\/","name":"\u201eAmore\u201c itali\u0161kas viskoz\u0117s megztinis - MadosKampas.lt","isPartOf":{"@id":"https:\/\/madoskampas.lt\/#website"},"primaryImageOfPage":{"@id":"https:\/\/madoskampas.lt\/produktas\/amore-italiskas-viskozes-megztinis\/#primaryimage"},"image":{"@id":"https:\/\/madoskampas.lt\/produktas\/amore-italiskas-viskozes-megztinis\/#primaryimage"},"thumbnailUrl":"https:\/\/madoskampas.lt\/wp-content\/uploads\/2026\/01\/IMG_9818.jpeg","datePublished":"2026-01-06T09:26:33+00:00","dateModified":"2026-03-19T06:40:38+00:00","breadcrumb":{"@id":"https:\/\/madoskampas.lt\/produktas\/amore-italiskas-viskozes-megztinis\/#breadcrumb"},"inLanguage":"lv-LV","potentialAction":[{"@type":"ReadAction","target":["https:\/\/madoskampas.lt\/produktas\/amore-italiskas-viskozes-megztinis\/"]}]},{"@type":"ImageObject","inLanguage":"lv-LV","@id":"https:\/\/madoskampas.lt\/produktas\/amore-italiskas-viskozes-megztinis\/#primaryimage","url":"https:\/\/madoskampas.lt\/wp-content\/uploads\/2026\/01\/IMG_9818.jpeg","contentUrl":"https:\/\/madoskampas.lt\/wp-content\/uploads\/2026\/01\/IMG_9818.jpeg","width":1330,"height":2364},{"@type":"BreadcrumbList","@id":"https:\/\/madoskampas.lt\/produktas\/amore-italiskas-viskozes-megztinis\/#breadcrumb","itemListElement":[{"@type":"ListItem","position":1,"name":"Home","item":"https:\/\/madoskampas.lt\/"},{"@type":"ListItem","position":2,"name":"Parduotuv\u0117","item":"https:\/\/madoskampas.lt\/parduotuve-2\/"},{"@type":"ListItem","position":3,"name":"\u201eAmore\u201c itali\u0161kas viskoz\u0117s megztinis"}]},{"@type":"WebSite","@id":"https:\/\/madoskampas.lt\/#website","url":"https:\/\/madoskampas.lt\/","name":"FashionKampas.lt","description":"Stil\u012bgs ap\u0123\u0113rbs sieviet\u0113m","potentialAction":[{"@type":"SearchAction","target":{"@type":"EntryPoint","urlTemplate":"https:\/\/madoskampas.lt\/?s={search_term_string}"},"query-input":{"@type":"PropertyValueSpecification","valueRequired":true,"valueName":"search_term_string"}}],"inLanguage":"lv-LV"}]}},"uagb_featured_image_src":{"full":["https:\/\/madoskampas.lt\/wp-content\/uploads\/2026\/01\/IMG_9818.jpeg",1330,2364,false],"thumbnail":["https:\/\/madoskampas.lt\/wp-content\/uploads\/2026\/01\/IMG_9818-150x150.jpeg",150,150,true],"medium":["https:\/\/madoskampas.lt\/wp-content\/uploads\/2026\/01\/IMG_9818-169x300.jpeg",169,300,true],"medium_large":["https:\/\/madoskampas.lt\/wp-content\/uploads\/2026\/01\/IMG_9818-768x1365.jpeg",768,1365,true],"large":["https:\/\/madoskampas.lt\/wp-content\/uploads\/2026\/01\/IMG_9818-576x1024.jpeg",576,1024,true],"1536x1536":["https:\/\/madoskampas.lt\/wp-content\/uploads\/2026\/01\/IMG_9818-864x1536.jpeg",864,1536,true],"2048x2048":["https:\/\/madoskampas.lt\/wp-content\/uploads\/2026\/01\/IMG_9818-1152x2048.jpeg",1152,2048,true],"trp-custom-language-flag":["https:\/\/madoskampas.lt\/wp-content\/uploads\/2026\/01\/IMG_9818-7x12.jpeg",7,12,true],"nova-image-square":["https:\/\/madoskampas.lt\/wp-content\/uploads\/2026\/01\/IMG_9818-1100x1100.jpeg",1100,1100,true],"mixtas-product-03":["https:\/\/madoskampas.lt\/wp-content\/uploads\/2026\/01\/IMG_9818-600x345.jpeg",600,345,true],"woocommerce_thumbnail":["https:\/\/madoskampas.lt\/wp-content\/uploads\/2026\/01\/IMG_9818-700x700.jpeg",700,700,true],"woocommerce_single":["https:\/\/madoskampas.lt\/wp-content\/uploads\/2026\/01\/IMG_9818-1000x1777.jpeg",1000,1777,true],"woocommerce_gallery_thumbnail":["https:\/\/madoskampas.lt\/wp-content\/uploads\/2026\/01\/IMG_9818-250x250.jpeg",250,250,true],"variation_swatches_image_size":["https:\/\/madoskampas.lt\/wp-content\/uploads\/2026\/01\/IMG_9818-50x50.jpeg",50,50,true],"variation_swatches_tooltip_size":["https:\/\/madoskampas.lt\/wp-content\/uploads\/2026\/01\/IMG_9818-100x100.jpeg",100,100,true]},"uagb_author_info":{"display_name":"algirdasbart","author_link":"https:\/\/madoskampas.lt\/lv\/author\/"},"uagb_comment_info":1,"uagb_excerpt":"Lengvas, patogus ir nepriekai\u0161tingai stilingas \u2013 \u0161is itali\u0161kas megztinis i\u0161 viskoz\u0117s sukurtas kasdieniam komfortui ir subtiliam \u012fvaizd\u017eiui. Mink\u0161tas, malonus k\u016bnui audinys gra\u017eiai krinta, leid\u017eia odai kv\u0117puoti ir i\u0161laiko tvarking\u0105 form\u0105 vis\u0105 dien\u0105. Klasikinis dry\u017euotas dizainas papildytas ma\u017ea \u0161irdel\u0117s detale, suteikian\u010dia modeliui jaukumo ir i\u0161skirtinumo. Trumpesn\u0117s rankov\u0117s ir \u0161varus siluetas leid\u017eia lengvai derinti tiek prie kelni\u0173,&hellip;","jetpack_sharing_enabled":true,"_links":{"self":[{"href":"https:\/\/madoskampas.lt\/lv\/wp-json\/wp\/v2\/product\/25821","targetHints":{"allow":["GET"]}}],"collection":[{"href":"https:\/\/madoskampas.lt\/lv\/wp-json\/wp\/v2\/product"}],"about":[{"href":"https:\/\/madoskampas.lt\/lv\/wp-json\/wp\/v2\/types\/product"}],"replies":[{"embeddable":true,"href":"https:\/\/madoskampas.lt\/lv\/wp-json\/wp\/v2\/comments?post=25821"}],"wp:featuredmedia":[{"embeddable":true,"href":"https:\/\/madoskampas.lt\/lv\/wp-json\/wp\/v2\/media\/25828"}],"wp:attachment":[{"href":"https:\/\/madoskampas.lt\/lv\/wp-json\/wp\/v2\/media?parent=25821"}],"wp:term":[{"taxonomy":"product_brand","embeddable":true,"href":"https:\/\/madoskampas.lt\/lv\/wp-json\/wp\/v2\/product_brand?post=25821"},{"taxonomy":"product_cat","embeddable":true,"href":"https:\/\/madoskampas.lt\/lv\/wp-json\/wp\/v2\/product_cat?post=25821"},{"taxonomy":"product_tag","embeddable":true,"href":"https:\/\/madoskampas.lt\/lv\/wp-json\/wp\/v2\/product_tag?post=25821"}],"curies":[{"name":"wp","href":"https:\/\/api.w.org\/{rel}","templated":true}]}}