{"id":26389,"date":"2026-01-20T13:06:59","date_gmt":"2026-01-20T13:06:59","guid":{"rendered":"https:\/\/madoskampas.lt\/?post_type=product&#038;p=26389"},"modified":"2026-03-10T12:34:20","modified_gmt":"2026-03-10T12:34:20","slug":"everyday-comfort-laisvalaikio-kostiumelis","status":"publish","type":"product","link":"https:\/\/madoskampas.lt\/lv\/product\/everyday-comfort-laisvalaikio-kostiumelis\/","title":{"rendered":"\u201eEveryday Comfort\u201c laisvalaikio kostium\u0117lis"},"content":{"rendered":"<p data-start=\"1190\" data-end=\"1350\">Kai norisi <strong data-start=\"1201\" data-end=\"1245\">jaustis patogiai, bet atrodyti stilingai<\/strong>. \u0160is laisvalaikio kostium\u0117lis sukurtas toms dienoms, kai svarbus ne tik vaizdas, bet ir poj\u016btis vilkint.<\/p>\n<p data-start=\"1352\" data-end=\"1542\">Laisvas siluetas, <strong data-start=\"1370\" data-end=\"1403\">\u0161velniai krentantis bliuzonas<\/strong> ir patogios keln\u0117s su guma leid\u017eia jud\u0117ti laisvai ir jaustis u\u017etikrintai. Puikiai tinka tiek namams, tiek pasivaik\u0161\u010diojimams ar kelion\u0117ms.<\/p>","protected":false},"excerpt":{"rendered":"<p data-start=\"1190\" data-end=\"1350\">Kai norisi <strong data-start=\"1201\" data-end=\"1245\">jaustis patogiai, bet atrodyti stilingai<\/strong>. \u0160is laisvalaikio kostium\u0117lis sukurtas toms dienoms, kai svarbus ne tik vaizdas, bet ir poj\u016btis vilkint.<\/p>\n<p data-start=\"1352\" data-end=\"1542\">Laisvas siluetas, <strong data-start=\"1370\" data-end=\"1403\">\u0161velniai krentantis bliuzonas<\/strong> ir patogios keln\u0117s su guma leid\u017eia jud\u0117ti laisvai ir jaustis u\u017etikrintai. Puikiai tinka tiek namams, tiek pasivaik\u0161\u010diojimams ar kelion\u0117ms.<\/p>\n<p data-start=\"1544\" data-end=\"1565\"><strong data-start=\"1544\" data-end=\"1565\">Kod\u0117l j\u012f pamilsi:<\/strong><\/p>\n<ul data-start=\"1566\" data-end=\"1729\">\n<li data-start=\"1566\" data-end=\"1611\">\n<p data-start=\"1568\" data-end=\"1611\">Mink\u0161tas, tamprus ir kv\u0117puojantis audinys<\/p>\n<\/li>\n<li data-start=\"1612\" data-end=\"1631\">\n<p data-start=\"1614\" data-end=\"1631\">Nevar\u017eo judesi\u0173<\/p>\n<\/li>\n<li data-start=\"1632\" data-end=\"1670\">\n<p data-start=\"1634\" data-end=\"1670\">Gra\u017eiai krenta ir formuoja siluet\u0105<\/p>\n<\/li>\n<li data-start=\"1671\" data-end=\"1729\">\n<p data-start=\"1673\" data-end=\"1729\">Lengvai derinamas su sportiniais bateliais ar ilgu paltu<\/p>\n<\/li>\n<\/ul>\n<p data-start=\"1731\" data-end=\"1747\"><strong data-start=\"1731\" data-end=\"1747\">Izm\u0113ri:<\/strong><\/p>\n<ul data-start=\"1748\" data-end=\"1921\">\n<li data-start=\"1748\" data-end=\"1764\">\n<p data-start=\"1750\" data-end=\"1764\">Tinka <strong data-start=\"1756\" data-end=\"1764\">M\u2013XL<\/strong><\/p>\n<\/li>\n<li data-start=\"1765\" data-end=\"1821\">\n<p data-start=\"1767\" data-end=\"1821\">Bliuzonas: priekis <strong data-start=\"1786\" data-end=\"1795\">62 cm<\/strong>, nugara <strong data-start=\"1804\" data-end=\"1821\">ilgesn\u0117 10 cm<\/strong><\/p>\n<\/li>\n<li data-start=\"1822\" data-end=\"1846\">\n<p data-start=\"1824\" data-end=\"1846\">p\u0101ri kr\u016bt\u012bm: <strong data-start=\"1837\" data-end=\"1846\">55 cm<\/strong><\/p>\n<\/li>\n<li data-start=\"1847\" data-end=\"1890\">\n<p data-start=\"1849\" data-end=\"1890\">Keln\u0117s: ilgis <strong data-start=\"1863\" data-end=\"1872\">97 cm<\/strong>, klubai <strong data-start=\"1881\" data-end=\"1890\">52 cm<\/strong><\/p>\n<\/li>\n<li data-start=\"1891\" data-end=\"1921\">\n<p data-start=\"1893\" data-end=\"1921\">Liemuo su guma: <strong data-start=\"1909\" data-end=\"1921\">37\u201356 cm<\/strong><\/p>\n<\/li>\n<li data-start=\"1891\" data-end=\"1921\">\n<p data-start=\"1893\" data-end=\"1921\"><strong data-start=\"1226\" data-end=\"1238\">Sast\u0101vs:<\/strong><br data-start=\"1238\" data-end=\"1241\" \/>55 % poliesteris, 39 % viskoz\u0117, 8 % elastanas \u2013 audinys, kuris <strong data-start=\"1304\" data-end=\"1363\">laikosi gra\u017eiai, yra elastingas ir patogus visai dienai<\/strong>.<\/p>\n<\/li>\n<\/ul>","protected":false},"featured_media":26391,"comment_status":"open","ping_status":"closed","template":"","meta":{"_uag_custom_page_level_css":"","_monsterinsights_skip_tracking":false,"_monsterinsights_sitenote_active":false,"_monsterinsights_sitenote_note":"","_monsterinsights_sitenote_category":0},"product_brand":[],"product_cat":[66,70,95],"product_tag":[],"class_list":{"0":"post-26389","1":"product","2":"type-product","3":"status-publish","4":"has-post-thumbnail","6":"product_cat-drabuziai","7":"product_cat-kostiumeliai","8":"product_cat-naujausi","9":"tm-has-options","11":"first","12":"instock","13":"shipping-taxable","14":"purchasable","15":"product-type-variable"},"yoast_head":"<!-- This site is optimized with the Yoast SEO plugin v27.3 - https:\/\/yoast.com\/product\/yoast-seo-wordpress\/ -->\n<title>\u201eEveryday Comfort\u201c laisvalaikio kostium\u0117lis - MadosKampas.lt<\/title>\n<meta name=\"robots\" content=\"index, follow, max-snippet:-1, max-image-preview:large, max-video-preview:-1\" \/>\n<link rel=\"canonical\" href=\"https:\/\/madoskampas.lt\/lv\/product\/everyday-comfort-laisvalaikio-kostiumelis\/\" \/>\n<meta property=\"og:locale\" content=\"lv_LV\" \/>\n<meta property=\"og:type\" content=\"article\" \/>\n<meta property=\"og:title\" content=\"\u201eEveryday Comfort\u201c laisvalaikio kostium\u0117lis - MadosKampas.lt\" \/>\n<meta property=\"og:description\" content=\"Kai norisi jaustis patogiai, bet atrodyti stilingai. \u0160is laisvalaikio kostium\u0117lis sukurtas toms dienoms, kai svarbus ne tik vaizdas, bet ir poj\u016btis vilkint. Laisvas siluetas, \u0161velniai krentantis bliuzonas ir patogios keln\u0117s su guma leid\u017eia jud\u0117ti laisvai ir jaustis u\u017etikrintai. Puikiai tinka tiek namams, tiek pasivaik\u0161\u010diojimams ar kelion\u0117ms. Kod\u0117l j\u012f pamilsi:     Mink\u0161tas, tamprus ir kv\u0117puojantis audinys    Nevar\u017eo judesi\u0173    Gra\u017eiai krenta ir formuoja siluet\u0105    Lengvai derinamas su sportiniais bateliais ar ilgu paltu   I\u0161matavimai:     Tinka M\u2013XL    Bliuzonas: priekis 62 cm, nugara ilgesn\u0117 10 cm    Per kr\u016btin\u0119: 55 cm    Keln\u0117s: ilgis 97 cm, klubai 52 cm    Liemuo su guma: 37\u201356 cm    Sud\u0117tis:55 % poliesteris, 39 % viskoz\u0117, 8 % elastanas \u2013 audinys, kuris laikosi gra\u017eiai, yra elastingas ir patogus visai dienai.\" \/>\n<meta property=\"og:url\" content=\"https:\/\/madoskampas.lt\/lv\/product\/everyday-comfort-laisvalaikio-kostiumelis\/\" \/>\n<meta property=\"og:site_name\" content=\"MadosKampas.lt\" \/>\n<meta property=\"article:modified_time\" content=\"2026-03-10T12:34:20+00:00\" \/>\n<meta property=\"og:image\" content=\"https:\/\/madoskampas.lt\/wp-content\/uploads\/2026\/01\/IMG_1203.jpeg\" \/>\n\t<meta property=\"og:image:width\" content=\"1330\" \/>\n\t<meta property=\"og:image:height\" content=\"2364\" \/>\n\t<meta property=\"og:image:type\" content=\"image\/jpeg\" \/>\n<meta name=\"twitter:card\" content=\"summary_large_image\" \/>\n<meta name=\"twitter:label1\" content=\"Est. reading time\" \/>\n\t<meta name=\"twitter:data1\" content=\"1 min\u016bte\" \/>\n<script type=\"application\/ld+json\" class=\"yoast-schema-graph\">{\"@context\":\"https:\\\/\\\/schema.org\",\"@graph\":[{\"@type\":\"WebPage\",\"@id\":\"https:\\\/\\\/madoskampas.lt\\\/produktas\\\/everyday-comfort-laisvalaikio-kostiumelis\\\/\",\"url\":\"https:\\\/\\\/madoskampas.lt\\\/produktas\\\/everyday-comfort-laisvalaikio-kostiumelis\\\/\",\"name\":\"\u201eEveryday Comfort\u201c laisvalaikio kostium\u0117lis - MadosKampas.lt\",\"isPartOf\":{\"@id\":\"https:\\\/\\\/madoskampas.lt\\\/#website\"},\"primaryImageOfPage\":{\"@id\":\"https:\\\/\\\/madoskampas.lt\\\/produktas\\\/everyday-comfort-laisvalaikio-kostiumelis\\\/#primaryimage\"},\"image\":{\"@id\":\"https:\\\/\\\/madoskampas.lt\\\/produktas\\\/everyday-comfort-laisvalaikio-kostiumelis\\\/#primaryimage\"},\"thumbnailUrl\":\"https:\\\/\\\/madoskampas.lt\\\/wp-content\\\/uploads\\\/2026\\\/01\\\/IMG_1203.jpeg\",\"datePublished\":\"2026-01-20T13:06:59+00:00\",\"dateModified\":\"2026-03-10T12:34:20+00:00\",\"breadcrumb\":{\"@id\":\"https:\\\/\\\/madoskampas.lt\\\/produktas\\\/everyday-comfort-laisvalaikio-kostiumelis\\\/#breadcrumb\"},\"inLanguage\":\"lv-LV\",\"potentialAction\":[{\"@type\":\"ReadAction\",\"target\":[\"https:\\\/\\\/madoskampas.lt\\\/produktas\\\/everyday-comfort-laisvalaikio-kostiumelis\\\/\"]}]},{\"@type\":\"ImageObject\",\"inLanguage\":\"lv-LV\",\"@id\":\"https:\\\/\\\/madoskampas.lt\\\/produktas\\\/everyday-comfort-laisvalaikio-kostiumelis\\\/#primaryimage\",\"url\":\"https:\\\/\\\/madoskampas.lt\\\/wp-content\\\/uploads\\\/2026\\\/01\\\/IMG_1203.jpeg\",\"contentUrl\":\"https:\\\/\\\/madoskampas.lt\\\/wp-content\\\/uploads\\\/2026\\\/01\\\/IMG_1203.jpeg\",\"width\":1330,\"height\":2364},{\"@type\":\"BreadcrumbList\",\"@id\":\"https:\\\/\\\/madoskampas.lt\\\/produktas\\\/everyday-comfort-laisvalaikio-kostiumelis\\\/#breadcrumb\",\"itemListElement\":[{\"@type\":\"ListItem\",\"position\":1,\"name\":\"Home\",\"item\":\"https:\\\/\\\/madoskampas.lt\\\/\"},{\"@type\":\"ListItem\",\"position\":2,\"name\":\"Parduotuv\u0117\",\"item\":\"https:\\\/\\\/madoskampas.lt\\\/parduotuve-2\\\/\"},{\"@type\":\"ListItem\",\"position\":3,\"name\":\"\u201eEveryday Comfort\u201c laisvalaikio kostium\u0117lis\"}]},{\"@type\":\"WebSite\",\"@id\":\"https:\\\/\\\/madoskampas.lt\\\/#website\",\"url\":\"https:\\\/\\\/madoskampas.lt\\\/\",\"name\":\"MadosKampas.lt\",\"description\":\"Stilingi drabu\u017eiai moterims\",\"potentialAction\":[{\"@type\":\"SearchAction\",\"target\":{\"@type\":\"EntryPoint\",\"urlTemplate\":\"https:\\\/\\\/madoskampas.lt\\\/?s={search_term_string}\"},\"query-input\":{\"@type\":\"PropertyValueSpecification\",\"valueRequired\":true,\"valueName\":\"search_term_string\"}}],\"inLanguage\":\"lv-LV\"}]}<\/script>\n<!-- \/ Yoast SEO plugin. -->","yoast_head_json":{"title":"\u201eEveryday Comfort\u201c laisvalaikio kostium\u0117lis - MadosKampas.lt","robots":{"index":"index","follow":"follow","max-snippet":"max-snippet:-1","max-image-preview":"max-image-preview:large","max-video-preview":"max-video-preview:-1"},"canonical":"https:\/\/madoskampas.lt\/lv\/product\/everyday-comfort-laisvalaikio-kostiumelis\/","og_locale":"lv_LV","og_type":"article","og_title":"\u201eEveryday Comfort\u201c laisvalaikio kostium\u0117lis - MadosKampas.lt","og_description":"Kai norisi jaustis patogiai, bet atrodyti stilingai. \u0160is laisvalaikio kostium\u0117lis sukurtas toms dienoms, kai svarbus ne tik vaizdas, bet ir poj\u016btis vilkint. Laisvas siluetas, \u0161velniai krentantis bliuzonas ir patogios keln\u0117s su guma leid\u017eia jud\u0117ti laisvai ir jaustis u\u017etikrintai. Puikiai tinka tiek namams, tiek pasivaik\u0161\u010diojimams ar kelion\u0117ms. Kod\u0117l j\u012f pamilsi:     Mink\u0161tas, tamprus ir kv\u0117puojantis audinys    Nevar\u017eo judesi\u0173    Gra\u017eiai krenta ir formuoja siluet\u0105    Lengvai derinamas su sportiniais bateliais ar ilgu paltu   I\u0161matavimai:     Tinka M\u2013XL    Bliuzonas: priekis 62 cm, nugara ilgesn\u0117 10 cm    Per kr\u016btin\u0119: 55 cm    Keln\u0117s: ilgis 97 cm, klubai 52 cm    Liemuo su guma: 37\u201356 cm    Sud\u0117tis:55 % poliesteris, 39 % viskoz\u0117, 8 % elastanas \u2013 audinys, kuris laikosi gra\u017eiai, yra elastingas ir patogus visai dienai.","og_url":"https:\/\/madoskampas.lt\/lv\/product\/everyday-comfort-laisvalaikio-kostiumelis\/","og_site_name":"MadosKampas.lt","article_modified_time":"2026-03-10T12:34:20+00:00","og_image":[{"width":1330,"height":2364,"url":"https:\/\/madoskampas.lt\/wp-content\/uploads\/2026\/01\/IMG_1203.jpeg","type":"image\/jpeg"}],"twitter_card":"summary_large_image","twitter_misc":{"Est. reading time":"1 min\u016bte"},"schema":{"@context":"https:\/\/schema.org","@graph":[{"@type":"WebPage","@id":"https:\/\/madoskampas.lt\/produktas\/everyday-comfort-laisvalaikio-kostiumelis\/","url":"https:\/\/madoskampas.lt\/produktas\/everyday-comfort-laisvalaikio-kostiumelis\/","name":"\u201eEveryday Comfort\u201c laisvalaikio kostium\u0117lis - MadosKampas.lt","isPartOf":{"@id":"https:\/\/madoskampas.lt\/#website"},"primaryImageOfPage":{"@id":"https:\/\/madoskampas.lt\/produktas\/everyday-comfort-laisvalaikio-kostiumelis\/#primaryimage"},"image":{"@id":"https:\/\/madoskampas.lt\/produktas\/everyday-comfort-laisvalaikio-kostiumelis\/#primaryimage"},"thumbnailUrl":"https:\/\/madoskampas.lt\/wp-content\/uploads\/2026\/01\/IMG_1203.jpeg","datePublished":"2026-01-20T13:06:59+00:00","dateModified":"2026-03-10T12:34:20+00:00","breadcrumb":{"@id":"https:\/\/madoskampas.lt\/produktas\/everyday-comfort-laisvalaikio-kostiumelis\/#breadcrumb"},"inLanguage":"lv-LV","potentialAction":[{"@type":"ReadAction","target":["https:\/\/madoskampas.lt\/produktas\/everyday-comfort-laisvalaikio-kostiumelis\/"]}]},{"@type":"ImageObject","inLanguage":"lv-LV","@id":"https:\/\/madoskampas.lt\/produktas\/everyday-comfort-laisvalaikio-kostiumelis\/#primaryimage","url":"https:\/\/madoskampas.lt\/wp-content\/uploads\/2026\/01\/IMG_1203.jpeg","contentUrl":"https:\/\/madoskampas.lt\/wp-content\/uploads\/2026\/01\/IMG_1203.jpeg","width":1330,"height":2364},{"@type":"BreadcrumbList","@id":"https:\/\/madoskampas.lt\/produktas\/everyday-comfort-laisvalaikio-kostiumelis\/#breadcrumb","itemListElement":[{"@type":"ListItem","position":1,"name":"Home","item":"https:\/\/madoskampas.lt\/"},{"@type":"ListItem","position":2,"name":"Parduotuv\u0117","item":"https:\/\/madoskampas.lt\/parduotuve-2\/"},{"@type":"ListItem","position":3,"name":"\u201eEveryday Comfort\u201c laisvalaikio kostium\u0117lis"}]},{"@type":"WebSite","@id":"https:\/\/madoskampas.lt\/#website","url":"https:\/\/madoskampas.lt\/","name":"FashionKampas.lt","description":"Stil\u012bgs ap\u0123\u0113rbs sieviet\u0113m","potentialAction":[{"@type":"SearchAction","target":{"@type":"EntryPoint","urlTemplate":"https:\/\/madoskampas.lt\/?s={search_term_string}"},"query-input":{"@type":"PropertyValueSpecification","valueRequired":true,"valueName":"search_term_string"}}],"inLanguage":"lv-LV"}]}},"uagb_featured_image_src":{"full":["https:\/\/madoskampas.lt\/wp-content\/uploads\/2026\/01\/IMG_1203.jpeg",1330,2364,false],"thumbnail":["https:\/\/madoskampas.lt\/wp-content\/uploads\/2026\/01\/IMG_1203-150x150.jpeg",150,150,true],"medium":["https:\/\/madoskampas.lt\/wp-content\/uploads\/2026\/01\/IMG_1203-169x300.jpeg",169,300,true],"medium_large":["https:\/\/madoskampas.lt\/wp-content\/uploads\/2026\/01\/IMG_1203-768x1365.jpeg",768,1365,true],"large":["https:\/\/madoskampas.lt\/wp-content\/uploads\/2026\/01\/IMG_1203-576x1024.jpeg",576,1024,true],"1536x1536":["https:\/\/madoskampas.lt\/wp-content\/uploads\/2026\/01\/IMG_1203-864x1536.jpeg",864,1536,true],"2048x2048":["https:\/\/madoskampas.lt\/wp-content\/uploads\/2026\/01\/IMG_1203-1152x2048.jpeg",1152,2048,true],"trp-custom-language-flag":["https:\/\/madoskampas.lt\/wp-content\/uploads\/2026\/01\/IMG_1203-7x12.jpeg",7,12,true],"nova-image-square":["https:\/\/madoskampas.lt\/wp-content\/uploads\/2026\/01\/IMG_1203-1100x1100.jpeg",1100,1100,true],"mixtas-product-03":["https:\/\/madoskampas.lt\/wp-content\/uploads\/2026\/01\/IMG_1203-600x345.jpeg",600,345,true],"woocommerce_thumbnail":["https:\/\/madoskampas.lt\/wp-content\/uploads\/2026\/01\/IMG_1203-700x700.jpeg",700,700,true],"woocommerce_single":["https:\/\/madoskampas.lt\/wp-content\/uploads\/2026\/01\/IMG_1203-1000x1777.jpeg",1000,1777,true],"woocommerce_gallery_thumbnail":["https:\/\/madoskampas.lt\/wp-content\/uploads\/2026\/01\/IMG_1203-250x250.jpeg",250,250,true],"variation_swatches_image_size":["https:\/\/madoskampas.lt\/wp-content\/uploads\/2026\/01\/IMG_1203-50x50.jpeg",50,50,true],"variation_swatches_tooltip_size":["https:\/\/madoskampas.lt\/wp-content\/uploads\/2026\/01\/IMG_1203-100x100.jpeg",100,100,true]},"uagb_author_info":{"display_name":"algirdasbart","author_link":"https:\/\/madoskampas.lt\/lv\/author\/"},"uagb_comment_info":0,"uagb_excerpt":"Kai norisi jaustis patogiai, bet atrodyti stilingai. \u0160is laisvalaikio kostium\u0117lis sukurtas toms dienoms, kai svarbus ne tik vaizdas, bet ir poj\u016btis vilkint. Laisvas siluetas, \u0161velniai krentantis bliuzonas ir patogios keln\u0117s su guma leid\u017eia jud\u0117ti laisvai ir jaustis u\u017etikrintai. Puikiai tinka tiek namams, tiek pasivaik\u0161\u010diojimams ar kelion\u0117ms. Kod\u0117l j\u012f pamilsi: Mink\u0161tas, tamprus ir kv\u0117puojantis audinys Nevar\u017eo&hellip;","jetpack_sharing_enabled":true,"_links":{"self":[{"href":"https:\/\/madoskampas.lt\/lv\/wp-json\/wp\/v2\/product\/26389","targetHints":{"allow":["GET"]}}],"collection":[{"href":"https:\/\/madoskampas.lt\/lv\/wp-json\/wp\/v2\/product"}],"about":[{"href":"https:\/\/madoskampas.lt\/lv\/wp-json\/wp\/v2\/types\/product"}],"replies":[{"embeddable":true,"href":"https:\/\/madoskampas.lt\/lv\/wp-json\/wp\/v2\/comments?post=26389"}],"wp:featuredmedia":[{"embeddable":true,"href":"https:\/\/madoskampas.lt\/lv\/wp-json\/wp\/v2\/media\/26391"}],"wp:attachment":[{"href":"https:\/\/madoskampas.lt\/lv\/wp-json\/wp\/v2\/media?parent=26389"}],"wp:term":[{"taxonomy":"product_brand","embeddable":true,"href":"https:\/\/madoskampas.lt\/lv\/wp-json\/wp\/v2\/product_brand?post=26389"},{"taxonomy":"product_cat","embeddable":true,"href":"https:\/\/madoskampas.lt\/lv\/wp-json\/wp\/v2\/product_cat?post=26389"},{"taxonomy":"product_tag","embeddable":true,"href":"https:\/\/madoskampas.lt\/lv\/wp-json\/wp\/v2\/product_tag?post=26389"}],"curies":[{"name":"wp","href":"https:\/\/api.w.org\/{rel}","templated":true}]}}