{"id":26644,"date":"2026-01-23T09:41:59","date_gmt":"2026-01-23T09:41:59","guid":{"rendered":"https:\/\/madoskampas.lt\/?post_type=product&#038;p=26644"},"modified":"2026-03-08T07:40:47","modified_gmt":"2026-03-08T07:40:47","slug":"svarkas-power-line","status":"publish","type":"product","link":"https:\/\/madoskampas.lt\/lv\/product\/svarkas-power-line\/","title":{"rendered":"\u0160varkas \u201ePower Line\u201c"},"content":{"rendered":"<p>Modernus, eleganti\u0161kas \u0161varkas su <strong data-start=\"576\" data-end=\"601\">reguliuojamu dir\u017eeliu<\/strong>, leid\u017eian\u010diu prisitaikyti prie fig\u016bros ir sukurti norim\u0105 siluet\u0105. Klasikin\u0117s formos derinamos su \u0161iuolaiki\u0161ku funkcionalumu \u2013 dir\u017eelis subtiliai pabr\u0117\u017eia liemen\u012f, suteikdamas \u012fvaizd\u017eiui moteri\u0161kumo ir strukt\u016bros.<\/p>","protected":false},"excerpt":{"rendered":"<p data-start=\"525\" data-end=\"814\">Modernus, eleganti\u0161kas \u0161varkas su <strong data-start=\"576\" data-end=\"601\">reguliuojamu dir\u017eeliu<\/strong>, leid\u017eian\u010diu prisitaikyti prie fig\u016bros ir sukurti norim\u0105 siluet\u0105. Klasikin\u0117s formos derinamos su \u0161iuolaiki\u0161ku funkcionalumu \u2013 dir\u017eelis subtiliai pabr\u0117\u017eia liemen\u012f, suteikdamas \u012fvaizd\u017eiui moteri\u0161kumo ir strukt\u016bros.<\/p>\n<p data-start=\"816\" data-end=\"1000\">\u0160varkas puikiai tinka tiek kasdieniam, tiek oficialesniam stiliui \u2013 derinkite su d\u017einsais, keln\u0117mis ar suknel\u0117mis. Tai universalus drabu\u017eis, kuris leid\u017eia keisti \u012fvaizd\u012f vienu judesiu.<\/p>\n<p data-start=\"1002\" data-end=\"1060\">\ud83d\udccf <strong data-start=\"1005\" data-end=\"1017\">Izm\u0113ri:<\/strong> S\/M, M\/L<\/p>\n<p data-start=\"1062\" data-end=\"1122\">\ud83e\udd0d <strong data-start=\"1065\" data-end=\"1122\">\u0160varkas, kuris prisitaiko prie J\u016bs\u0173 \u2013 ne atvirk\u0161\u010diai.<\/strong><\/p>","protected":false},"featured_media":26689,"comment_status":"open","ping_status":"closed","template":"","meta":{"_uag_custom_page_level_css":"","_monsterinsights_skip_tracking":false,"_monsterinsights_sitenote_active":false,"_monsterinsights_sitenote_note":"","_monsterinsights_sitenote_category":0},"product_brand":[],"product_cat":[66,95,79],"product_tag":[],"class_list":{"0":"post-26644","1":"product","2":"type-product","3":"status-publish","4":"has-post-thumbnail","6":"product_cat-drabuziai","7":"product_cat-naujausi","8":"product_cat-svarkai","9":"tm-has-options","11":"first","12":"instock","13":"shipping-taxable","14":"purchasable","15":"product-type-variable"},"yoast_head":"<!-- This site is optimized with the Yoast SEO plugin v27.3 - https:\/\/yoast.com\/product\/yoast-seo-wordpress\/ -->\n<title>\u0160varkas \u201ePower Line\u201c - MadosKampas.lt<\/title>\n<meta name=\"robots\" content=\"index, follow, max-snippet:-1, max-image-preview:large, max-video-preview:-1\" \/>\n<link rel=\"canonical\" href=\"https:\/\/madoskampas.lt\/lv\/product\/svarkas-power-line\/\" \/>\n<meta property=\"og:locale\" content=\"lv_LV\" \/>\n<meta property=\"og:type\" content=\"article\" \/>\n<meta property=\"og:title\" content=\"\u0160varkas \u201ePower Line\u201c - MadosKampas.lt\" \/>\n<meta property=\"og:description\" content=\"Modernus, eleganti\u0161kas \u0161varkas su reguliuojamu dir\u017eeliu, leid\u017eian\u010diu prisitaikyti prie fig\u016bros ir sukurti norim\u0105 siluet\u0105. Klasikin\u0117s formos derinamos su \u0161iuolaiki\u0161ku funkcionalumu \u2013 dir\u017eelis subtiliai pabr\u0117\u017eia liemen\u012f, suteikdamas \u012fvaizd\u017eiui moteri\u0161kumo ir strukt\u016bros. \u0160varkas puikiai tinka tiek kasdieniam, tiek oficialesniam stiliui \u2013 derinkite su d\u017einsais, keln\u0117mis ar suknel\u0117mis. Tai universalus drabu\u017eis, kuris leid\u017eia keisti \u012fvaizd\u012f vienu judesiu. \ud83d\udccf Dyd\u017eiai: S\/M, M\/L \ud83e\udd0d \u0160varkas, kuris prisitaiko prie J\u016bs\u0173 \u2013 ne atvirk\u0161\u010diai.\" \/>\n<meta property=\"og:url\" content=\"https:\/\/madoskampas.lt\/lv\/product\/svarkas-power-line\/\" \/>\n<meta property=\"og:site_name\" content=\"MadosKampas.lt\" \/>\n<meta property=\"article:modified_time\" content=\"2026-03-08T07:40:47+00:00\" \/>\n<meta property=\"og:image\" content=\"https:\/\/madoskampas.lt\/wp-content\/uploads\/2026\/01\/IMG_1771.jpeg\" \/>\n\t<meta property=\"og:image:width\" content=\"1330\" \/>\n\t<meta property=\"og:image:height\" content=\"2364\" \/>\n\t<meta property=\"og:image:type\" content=\"image\/jpeg\" \/>\n<meta name=\"twitter:card\" content=\"summary_large_image\" \/>\n<meta name=\"twitter:label1\" content=\"Est. reading time\" \/>\n\t<meta name=\"twitter:data1\" content=\"1 min\u016bte\" \/>\n<script type=\"application\/ld+json\" class=\"yoast-schema-graph\">{\"@context\":\"https:\\\/\\\/schema.org\",\"@graph\":[{\"@type\":\"WebPage\",\"@id\":\"https:\\\/\\\/madoskampas.lt\\\/produktas\\\/svarkas-power-line\\\/\",\"url\":\"https:\\\/\\\/madoskampas.lt\\\/produktas\\\/svarkas-power-line\\\/\",\"name\":\"\u0160varkas \u201ePower Line\u201c - MadosKampas.lt\",\"isPartOf\":{\"@id\":\"https:\\\/\\\/madoskampas.lt\\\/#website\"},\"primaryImageOfPage\":{\"@id\":\"https:\\\/\\\/madoskampas.lt\\\/produktas\\\/svarkas-power-line\\\/#primaryimage\"},\"image\":{\"@id\":\"https:\\\/\\\/madoskampas.lt\\\/produktas\\\/svarkas-power-line\\\/#primaryimage\"},\"thumbnailUrl\":\"https:\\\/\\\/madoskampas.lt\\\/wp-content\\\/uploads\\\/2026\\\/01\\\/img_1990-scaled.jpeg\",\"datePublished\":\"2026-01-23T09:41:59+00:00\",\"dateModified\":\"2026-03-08T07:40:47+00:00\",\"breadcrumb\":{\"@id\":\"https:\\\/\\\/madoskampas.lt\\\/produktas\\\/svarkas-power-line\\\/#breadcrumb\"},\"inLanguage\":\"lv-LV\",\"potentialAction\":[{\"@type\":\"ReadAction\",\"target\":[\"https:\\\/\\\/madoskampas.lt\\\/produktas\\\/svarkas-power-line\\\/\"]}]},{\"@type\":\"ImageObject\",\"inLanguage\":\"lv-LV\",\"@id\":\"https:\\\/\\\/madoskampas.lt\\\/produktas\\\/svarkas-power-line\\\/#primaryimage\",\"url\":\"https:\\\/\\\/madoskampas.lt\\\/wp-content\\\/uploads\\\/2026\\\/01\\\/img_1990-scaled.jpeg\",\"contentUrl\":\"https:\\\/\\\/madoskampas.lt\\\/wp-content\\\/uploads\\\/2026\\\/01\\\/img_1990-scaled.jpeg\",\"width\":1440,\"height\":2560},{\"@type\":\"BreadcrumbList\",\"@id\":\"https:\\\/\\\/madoskampas.lt\\\/produktas\\\/svarkas-power-line\\\/#breadcrumb\",\"itemListElement\":[{\"@type\":\"ListItem\",\"position\":1,\"name\":\"Home\",\"item\":\"https:\\\/\\\/madoskampas.lt\\\/\"},{\"@type\":\"ListItem\",\"position\":2,\"name\":\"Parduotuv\u0117\",\"item\":\"https:\\\/\\\/madoskampas.lt\\\/parduotuve-2\\\/\"},{\"@type\":\"ListItem\",\"position\":3,\"name\":\"\u0160varkas \u201ePower Line\u201c\"}]},{\"@type\":\"WebSite\",\"@id\":\"https:\\\/\\\/madoskampas.lt\\\/#website\",\"url\":\"https:\\\/\\\/madoskampas.lt\\\/\",\"name\":\"MadosKampas.lt\",\"description\":\"Stilingi drabu\u017eiai moterims\",\"potentialAction\":[{\"@type\":\"SearchAction\",\"target\":{\"@type\":\"EntryPoint\",\"urlTemplate\":\"https:\\\/\\\/madoskampas.lt\\\/?s={search_term_string}\"},\"query-input\":{\"@type\":\"PropertyValueSpecification\",\"valueRequired\":true,\"valueName\":\"search_term_string\"}}],\"inLanguage\":\"lv-LV\"}]}<\/script>\n<!-- \/ Yoast SEO plugin. -->","yoast_head_json":{"title":"\u0160varkas \u201ePower Line\u201c - MadosKampas.lt","robots":{"index":"index","follow":"follow","max-snippet":"max-snippet:-1","max-image-preview":"max-image-preview:large","max-video-preview":"max-video-preview:-1"},"canonical":"https:\/\/madoskampas.lt\/lv\/product\/svarkas-power-line\/","og_locale":"lv_LV","og_type":"article","og_title":"\u0160varkas \u201ePower Line\u201c - MadosKampas.lt","og_description":"Modernus, eleganti\u0161kas \u0161varkas su reguliuojamu dir\u017eeliu, leid\u017eian\u010diu prisitaikyti prie fig\u016bros ir sukurti norim\u0105 siluet\u0105. Klasikin\u0117s formos derinamos su \u0161iuolaiki\u0161ku funkcionalumu \u2013 dir\u017eelis subtiliai pabr\u0117\u017eia liemen\u012f, suteikdamas \u012fvaizd\u017eiui moteri\u0161kumo ir strukt\u016bros. \u0160varkas puikiai tinka tiek kasdieniam, tiek oficialesniam stiliui \u2013 derinkite su d\u017einsais, keln\u0117mis ar suknel\u0117mis. Tai universalus drabu\u017eis, kuris leid\u017eia keisti \u012fvaizd\u012f vienu judesiu. \ud83d\udccf Dyd\u017eiai: S\/M, M\/L \ud83e\udd0d \u0160varkas, kuris prisitaiko prie J\u016bs\u0173 \u2013 ne atvirk\u0161\u010diai.","og_url":"https:\/\/madoskampas.lt\/lv\/product\/svarkas-power-line\/","og_site_name":"MadosKampas.lt","article_modified_time":"2026-03-08T07:40:47+00:00","og_image":[{"width":1330,"height":2364,"url":"https:\/\/madoskampas.lt\/wp-content\/uploads\/2026\/01\/IMG_1771.jpeg","type":"image\/jpeg"}],"twitter_card":"summary_large_image","twitter_misc":{"Est. reading time":"1 min\u016bte"},"schema":{"@context":"https:\/\/schema.org","@graph":[{"@type":"WebPage","@id":"https:\/\/madoskampas.lt\/produktas\/svarkas-power-line\/","url":"https:\/\/madoskampas.lt\/produktas\/svarkas-power-line\/","name":"\u0160varkas \u201ePower Line\u201c - MadosKampas.lt","isPartOf":{"@id":"https:\/\/madoskampas.lt\/#website"},"primaryImageOfPage":{"@id":"https:\/\/madoskampas.lt\/produktas\/svarkas-power-line\/#primaryimage"},"image":{"@id":"https:\/\/madoskampas.lt\/produktas\/svarkas-power-line\/#primaryimage"},"thumbnailUrl":"https:\/\/madoskampas.lt\/wp-content\/uploads\/2026\/01\/img_1990-scaled.jpeg","datePublished":"2026-01-23T09:41:59+00:00","dateModified":"2026-03-08T07:40:47+00:00","breadcrumb":{"@id":"https:\/\/madoskampas.lt\/produktas\/svarkas-power-line\/#breadcrumb"},"inLanguage":"lv-LV","potentialAction":[{"@type":"ReadAction","target":["https:\/\/madoskampas.lt\/produktas\/svarkas-power-line\/"]}]},{"@type":"ImageObject","inLanguage":"lv-LV","@id":"https:\/\/madoskampas.lt\/produktas\/svarkas-power-line\/#primaryimage","url":"https:\/\/madoskampas.lt\/wp-content\/uploads\/2026\/01\/img_1990-scaled.jpeg","contentUrl":"https:\/\/madoskampas.lt\/wp-content\/uploads\/2026\/01\/img_1990-scaled.jpeg","width":1440,"height":2560},{"@type":"BreadcrumbList","@id":"https:\/\/madoskampas.lt\/produktas\/svarkas-power-line\/#breadcrumb","itemListElement":[{"@type":"ListItem","position":1,"name":"Home","item":"https:\/\/madoskampas.lt\/"},{"@type":"ListItem","position":2,"name":"Parduotuv\u0117","item":"https:\/\/madoskampas.lt\/parduotuve-2\/"},{"@type":"ListItem","position":3,"name":"\u0160varkas \u201ePower Line\u201c"}]},{"@type":"WebSite","@id":"https:\/\/madoskampas.lt\/#website","url":"https:\/\/madoskampas.lt\/","name":"FashionKampas.lt","description":"Stil\u012bgs ap\u0123\u0113rbs sieviet\u0113m","potentialAction":[{"@type":"SearchAction","target":{"@type":"EntryPoint","urlTemplate":"https:\/\/madoskampas.lt\/?s={search_term_string}"},"query-input":{"@type":"PropertyValueSpecification","valueRequired":true,"valueName":"search_term_string"}}],"inLanguage":"lv-LV"}]}},"uagb_featured_image_src":{"full":["https:\/\/madoskampas.lt\/wp-content\/uploads\/2026\/01\/img_1990-scaled.jpeg",1440,2560,false],"thumbnail":["https:\/\/madoskampas.lt\/wp-content\/uploads\/2026\/01\/img_1990-150x150.jpeg",150,150,true],"medium":["https:\/\/madoskampas.lt\/wp-content\/uploads\/2026\/01\/img_1990-169x300.jpeg",169,300,true],"medium_large":["https:\/\/madoskampas.lt\/wp-content\/uploads\/2026\/01\/img_1990-768x1365.jpeg",768,1365,true],"large":["https:\/\/madoskampas.lt\/wp-content\/uploads\/2026\/01\/img_1990-576x1024.jpeg",576,1024,true],"1536x1536":["https:\/\/madoskampas.lt\/wp-content\/uploads\/2026\/01\/img_1990-864x1536.jpeg",864,1536,true],"2048x2048":["https:\/\/madoskampas.lt\/wp-content\/uploads\/2026\/01\/img_1990-1152x2048.jpeg",1152,2048,true],"trp-custom-language-flag":["https:\/\/madoskampas.lt\/wp-content\/uploads\/2026\/01\/img_1990-7x12.jpeg",7,12,true],"nova-image-square":["https:\/\/madoskampas.lt\/wp-content\/uploads\/2026\/01\/img_1990-1100x1100.jpeg",1100,1100,true],"mixtas-product-03":["https:\/\/madoskampas.lt\/wp-content\/uploads\/2026\/01\/img_1990-600x345.jpeg",600,345,true],"woocommerce_thumbnail":["https:\/\/madoskampas.lt\/wp-content\/uploads\/2026\/01\/img_1990-700x700.jpeg",700,700,true],"woocommerce_single":["https:\/\/madoskampas.lt\/wp-content\/uploads\/2026\/01\/img_1990-1000x1777.jpeg",1000,1777,true],"woocommerce_gallery_thumbnail":["https:\/\/madoskampas.lt\/wp-content\/uploads\/2026\/01\/img_1990-250x250.jpeg",250,250,true],"variation_swatches_image_size":["https:\/\/madoskampas.lt\/wp-content\/uploads\/2026\/01\/img_1990-50x50.jpeg",50,50,true],"variation_swatches_tooltip_size":["https:\/\/madoskampas.lt\/wp-content\/uploads\/2026\/01\/img_1990-100x100.jpeg",100,100,true]},"uagb_author_info":{"display_name":"algirdasbart","author_link":"https:\/\/madoskampas.lt\/lv\/author\/"},"uagb_comment_info":0,"uagb_excerpt":"Modernus, eleganti\u0161kas \u0161varkas su reguliuojamu dir\u017eeliu, leid\u017eian\u010diu prisitaikyti prie fig\u016bros ir sukurti norim\u0105 siluet\u0105. Klasikin\u0117s formos derinamos su \u0161iuolaiki\u0161ku funkcionalumu \u2013 dir\u017eelis subtiliai pabr\u0117\u017eia liemen\u012f, suteikdamas \u012fvaizd\u017eiui moteri\u0161kumo ir strukt\u016bros. \u0160varkas puikiai tinka tiek kasdieniam, tiek oficialesniam stiliui \u2013 derinkite su d\u017einsais, keln\u0117mis ar suknel\u0117mis. Tai universalus drabu\u017eis, kuris leid\u017eia keisti \u012fvaizd\u012f vienu judesiu. \ud83d\udccf&hellip;","jetpack_sharing_enabled":true,"_links":{"self":[{"href":"https:\/\/madoskampas.lt\/lv\/wp-json\/wp\/v2\/product\/26644","targetHints":{"allow":["GET"]}}],"collection":[{"href":"https:\/\/madoskampas.lt\/lv\/wp-json\/wp\/v2\/product"}],"about":[{"href":"https:\/\/madoskampas.lt\/lv\/wp-json\/wp\/v2\/types\/product"}],"replies":[{"embeddable":true,"href":"https:\/\/madoskampas.lt\/lv\/wp-json\/wp\/v2\/comments?post=26644"}],"wp:featuredmedia":[{"embeddable":true,"href":"https:\/\/madoskampas.lt\/lv\/wp-json\/wp\/v2\/media\/26689"}],"wp:attachment":[{"href":"https:\/\/madoskampas.lt\/lv\/wp-json\/wp\/v2\/media?parent=26644"}],"wp:term":[{"taxonomy":"product_brand","embeddable":true,"href":"https:\/\/madoskampas.lt\/lv\/wp-json\/wp\/v2\/product_brand?post=26644"},{"taxonomy":"product_cat","embeddable":true,"href":"https:\/\/madoskampas.lt\/lv\/wp-json\/wp\/v2\/product_cat?post=26644"},{"taxonomy":"product_tag","embeddable":true,"href":"https:\/\/madoskampas.lt\/lv\/wp-json\/wp\/v2\/product_tag?post=26644"}],"curies":[{"name":"wp","href":"https:\/\/api.w.org\/{rel}","templated":true}]}}