{"id":27092,"date":"2026-01-31T16:16:00","date_gmt":"2026-01-31T16:16:00","guid":{"rendered":"https:\/\/madoskampas.lt\/?post_type=product&#038;p=27092"},"modified":"2026-03-11T15:30:05","modified_gmt":"2026-03-11T15:30:05","slug":"urban-mood-dzemperis-su-gobtuvu","status":"publish","type":"product","link":"https:\/\/madoskampas.lt\/lv\/product\/urban-mood-dzemperis-su-gobtuvu\/","title":{"rendered":"\u201eUrban Mood\u201c d\u017eemperis su gobtuvu"},"content":{"rendered":"<p>\u201eUrban Mood\u201c \u2013 laisvas, charakter\u012f turintis d\u017eemperis, skirtas miesto ritmui. Skalbto (<em data-start=\"172\" data-end=\"180\">washed<\/em>) efekto audinys suteikia jam i\u0161skirtinumo, o \u017eaismingas pie\u0161inys kuria dr\u0105si\u0105, \u0161iuolaiki\u0161k\u0105 nuotaik\u0105.<\/p>","protected":false},"excerpt":{"rendered":"<p data-start=\"85\" data-end=\"282\">\u201eUrban Mood\u201c \u2013 laisvas, charakter\u012f turintis d\u017eemperis, skirtas miesto ritmui. Skalbto (<em data-start=\"172\" data-end=\"180\">washed<\/em>) efekto audinys suteikia jam i\u0161skirtinumo, o \u017eaismingas pie\u0161inys kuria dr\u0105si\u0105, \u0161iuolaiki\u0161k\u0105 nuotaik\u0105.<\/p>\n<p data-start=\"284\" data-end=\"485\">Mink\u0161tas ir tamprus audinys malonus k\u016bnui, nevar\u017eo judesi\u0173 ir leid\u017eia jaustis patogiai vis\u0105 dien\u0105. Puikiai dera tiek su sijonais, tiek su d\u017einsais ar auliniais batais \u2013 kai norisi stiliaus be pastang\u0173.<\/p>\n<p data-start=\"487\" data-end=\"499\"><strong data-start=\"487\" data-end=\"499\">S\u012bk\u0101ka inform\u0101cija:<\/strong><\/p>\n<ul data-start=\"500\" data-end=\"613\">\n<li data-start=\"500\" data-end=\"521\">\n<p data-start=\"502\" data-end=\"521\">Oversize siluetas<\/p>\n<\/li>\n<li data-start=\"522\" data-end=\"549\">\n<p data-start=\"524\" data-end=\"549\">Gobtuvas su rai\u0161teliais<\/p>\n<\/li>\n<li data-start=\"550\" data-end=\"576\">\n<p data-start=\"552\" data-end=\"576\">Skalbto efekto audinys<\/p>\n<\/li>\n<li data-start=\"577\" data-end=\"613\">\n<p data-start=\"579\" data-end=\"613\">Universalus dydis \u2013 tinka <strong data-start=\"605\" data-end=\"613\">S\u2013XL<\/strong><\/p>\n<\/li>\n<\/ul>\n<p data-start=\"615\" data-end=\"659\"><strong data-start=\"615\" data-end=\"627\">Sast\u0101vs:<\/strong><br data-start=\"627\" data-end=\"630\" \/>85 % medviln\u0117, 15 % elastanas<\/p>\n<p data-start=\"661\" data-end=\"725\">\u201eUrban Mood\u201c \u2013 kai <strong data-start=\"680\" data-end=\"722\">patogumas susitinka su miesto stiliumi<\/strong> \ud83d\udda4<\/p>\n<p data-start=\"727\" data-end=\"748\">","protected":false},"featured_media":27102,"comment_status":"open","ping_status":"closed","template":"","meta":{"_uag_custom_page_level_css":"","_monsterinsights_skip_tracking":false,"_monsterinsights_sitenote_active":false,"_monsterinsights_sitenote_note":"","_monsterinsights_sitenote_category":0},"product_brand":[],"product_cat":[124,66,95],"product_tag":[],"class_list":{"0":"post-27092","1":"product","2":"type-product","3":"status-publish","4":"has-post-thumbnail","6":"product_cat-bliuzonai","7":"product_cat-drabuziai","8":"product_cat-naujausi","9":"tm-has-options","11":"first","12":"instock","13":"sale","14":"shipping-taxable","15":"purchasable","16":"product-type-simple"},"yoast_head":"<!-- This site is optimized with the Yoast SEO plugin v27.3 - https:\/\/yoast.com\/product\/yoast-seo-wordpress\/ -->\n<title>\u201eUrban Mood\u201c d\u017eemperis su gobtuvu - MadosKampas.lt<\/title>\n<meta name=\"robots\" content=\"index, follow, max-snippet:-1, max-image-preview:large, max-video-preview:-1\" \/>\n<link rel=\"canonical\" href=\"https:\/\/madoskampas.lt\/lv\/product\/urban-mood-dzemperis-su-gobtuvu\/\" \/>\n<meta property=\"og:locale\" content=\"lv_LV\" \/>\n<meta property=\"og:type\" content=\"article\" \/>\n<meta property=\"og:title\" content=\"\u201eUrban Mood\u201c d\u017eemperis su gobtuvu - MadosKampas.lt\" \/>\n<meta property=\"og:description\" content=\"\u201eUrban Mood\u201c \u2013 laisvas, charakter\u012f turintis d\u017eemperis, skirtas miesto ritmui. Skalbto (washed) efekto audinys suteikia jam i\u0161skirtinumo, o \u017eaismingas pie\u0161inys kuria dr\u0105si\u0105, \u0161iuolaiki\u0161k\u0105 nuotaik\u0105. Mink\u0161tas ir tamprus audinys malonus k\u016bnui, nevar\u017eo judesi\u0173 ir leid\u017eia jaustis patogiai vis\u0105 dien\u0105. Puikiai dera tiek su sijonais, tiek su d\u017einsais ar auliniais batais \u2013 kai norisi stiliaus be pastang\u0173. Detal\u0117s:     Oversize siluetas    Gobtuvas su rai\u0161teliais    Skalbto efekto audinys    Universalus dydis \u2013 tinka S\u2013XL   Sud\u0117tis:85 % medviln\u0117, 15 % elastanas \u201eUrban Mood\u201c \u2013 kai patogumas susitinka su miesto stiliumi \ud83d\udda4\" \/>\n<meta property=\"og:url\" content=\"https:\/\/madoskampas.lt\/lv\/product\/urban-mood-dzemperis-su-gobtuvu\/\" \/>\n<meta property=\"og:site_name\" content=\"MadosKampas.lt\" \/>\n<meta property=\"article:modified_time\" content=\"2026-03-11T15:30:05+00:00\" \/>\n<meta property=\"og:image\" content=\"https:\/\/madoskampas.lt\/wp-content\/uploads\/2026\/01\/img_2856-2-scaled.jpeg\" \/>\n\t<meta property=\"og:image:width\" content=\"1440\" \/>\n\t<meta property=\"og:image:height\" content=\"2560\" \/>\n\t<meta property=\"og:image:type\" content=\"image\/jpeg\" \/>\n<meta name=\"twitter:card\" content=\"summary_large_image\" \/>\n<meta name=\"twitter:label1\" content=\"Est. reading time\" \/>\n\t<meta name=\"twitter:data1\" content=\"1 min\u016bte\" \/>\n<script type=\"application\/ld+json\" class=\"yoast-schema-graph\">{\"@context\":\"https:\\\/\\\/schema.org\",\"@graph\":[{\"@type\":\"WebPage\",\"@id\":\"https:\\\/\\\/madoskampas.lt\\\/produktas\\\/urban-mood-dzemperis-su-gobtuvu\\\/\",\"url\":\"https:\\\/\\\/madoskampas.lt\\\/produktas\\\/urban-mood-dzemperis-su-gobtuvu\\\/\",\"name\":\"\u201eUrban Mood\u201c d\u017eemperis su gobtuvu - MadosKampas.lt\",\"isPartOf\":{\"@id\":\"https:\\\/\\\/madoskampas.lt\\\/#website\"},\"primaryImageOfPage\":{\"@id\":\"https:\\\/\\\/madoskampas.lt\\\/produktas\\\/urban-mood-dzemperis-su-gobtuvu\\\/#primaryimage\"},\"image\":{\"@id\":\"https:\\\/\\\/madoskampas.lt\\\/produktas\\\/urban-mood-dzemperis-su-gobtuvu\\\/#primaryimage\"},\"thumbnailUrl\":\"https:\\\/\\\/madoskampas.lt\\\/wp-content\\\/uploads\\\/2026\\\/01\\\/img_2856-2-scaled.jpeg\",\"datePublished\":\"2026-01-31T16:16:00+00:00\",\"dateModified\":\"2026-03-11T15:30:05+00:00\",\"breadcrumb\":{\"@id\":\"https:\\\/\\\/madoskampas.lt\\\/produktas\\\/urban-mood-dzemperis-su-gobtuvu\\\/#breadcrumb\"},\"inLanguage\":\"lv-LV\",\"potentialAction\":[{\"@type\":\"ReadAction\",\"target\":[\"https:\\\/\\\/madoskampas.lt\\\/produktas\\\/urban-mood-dzemperis-su-gobtuvu\\\/\"]}]},{\"@type\":\"ImageObject\",\"inLanguage\":\"lv-LV\",\"@id\":\"https:\\\/\\\/madoskampas.lt\\\/produktas\\\/urban-mood-dzemperis-su-gobtuvu\\\/#primaryimage\",\"url\":\"https:\\\/\\\/madoskampas.lt\\\/wp-content\\\/uploads\\\/2026\\\/01\\\/img_2856-2-scaled.jpeg\",\"contentUrl\":\"https:\\\/\\\/madoskampas.lt\\\/wp-content\\\/uploads\\\/2026\\\/01\\\/img_2856-2-scaled.jpeg\",\"width\":1440,\"height\":2560},{\"@type\":\"BreadcrumbList\",\"@id\":\"https:\\\/\\\/madoskampas.lt\\\/produktas\\\/urban-mood-dzemperis-su-gobtuvu\\\/#breadcrumb\",\"itemListElement\":[{\"@type\":\"ListItem\",\"position\":1,\"name\":\"Home\",\"item\":\"https:\\\/\\\/madoskampas.lt\\\/\"},{\"@type\":\"ListItem\",\"position\":2,\"name\":\"Parduotuv\u0117\",\"item\":\"https:\\\/\\\/madoskampas.lt\\\/parduotuve-2\\\/\"},{\"@type\":\"ListItem\",\"position\":3,\"name\":\"\u201eUrban Mood\u201c d\u017eemperis su gobtuvu\"}]},{\"@type\":\"WebSite\",\"@id\":\"https:\\\/\\\/madoskampas.lt\\\/#website\",\"url\":\"https:\\\/\\\/madoskampas.lt\\\/\",\"name\":\"MadosKampas.lt\",\"description\":\"Stilingi drabu\u017eiai moterims\",\"potentialAction\":[{\"@type\":\"SearchAction\",\"target\":{\"@type\":\"EntryPoint\",\"urlTemplate\":\"https:\\\/\\\/madoskampas.lt\\\/?s={search_term_string}\"},\"query-input\":{\"@type\":\"PropertyValueSpecification\",\"valueRequired\":true,\"valueName\":\"search_term_string\"}}],\"inLanguage\":\"lv-LV\"}]}<\/script>\n<!-- \/ Yoast SEO plugin. -->","yoast_head_json":{"title":"\u201eUrban Mood\u201c d\u017eemperis su gobtuvu - MadosKampas.lt","robots":{"index":"index","follow":"follow","max-snippet":"max-snippet:-1","max-image-preview":"max-image-preview:large","max-video-preview":"max-video-preview:-1"},"canonical":"https:\/\/madoskampas.lt\/lv\/product\/urban-mood-dzemperis-su-gobtuvu\/","og_locale":"lv_LV","og_type":"article","og_title":"\u201eUrban Mood\u201c d\u017eemperis su gobtuvu - MadosKampas.lt","og_description":"\u201eUrban Mood\u201c \u2013 laisvas, charakter\u012f turintis d\u017eemperis, skirtas miesto ritmui. Skalbto (washed) efekto audinys suteikia jam i\u0161skirtinumo, o \u017eaismingas pie\u0161inys kuria dr\u0105si\u0105, \u0161iuolaiki\u0161k\u0105 nuotaik\u0105. Mink\u0161tas ir tamprus audinys malonus k\u016bnui, nevar\u017eo judesi\u0173 ir leid\u017eia jaustis patogiai vis\u0105 dien\u0105. Puikiai dera tiek su sijonais, tiek su d\u017einsais ar auliniais batais \u2013 kai norisi stiliaus be pastang\u0173. Detal\u0117s:     Oversize siluetas    Gobtuvas su rai\u0161teliais    Skalbto efekto audinys    Universalus dydis \u2013 tinka S\u2013XL   Sud\u0117tis:85 % medviln\u0117, 15 % elastanas \u201eUrban Mood\u201c \u2013 kai patogumas susitinka su miesto stiliumi \ud83d\udda4","og_url":"https:\/\/madoskampas.lt\/lv\/product\/urban-mood-dzemperis-su-gobtuvu\/","og_site_name":"MadosKampas.lt","article_modified_time":"2026-03-11T15:30:05+00:00","og_image":[{"width":1440,"height":2560,"url":"https:\/\/madoskampas.lt\/wp-content\/uploads\/2026\/01\/img_2856-2-scaled.jpeg","type":"image\/jpeg"}],"twitter_card":"summary_large_image","twitter_misc":{"Est. reading time":"1 min\u016bte"},"schema":{"@context":"https:\/\/schema.org","@graph":[{"@type":"WebPage","@id":"https:\/\/madoskampas.lt\/produktas\/urban-mood-dzemperis-su-gobtuvu\/","url":"https:\/\/madoskampas.lt\/produktas\/urban-mood-dzemperis-su-gobtuvu\/","name":"\u201eUrban Mood\u201c d\u017eemperis su gobtuvu - MadosKampas.lt","isPartOf":{"@id":"https:\/\/madoskampas.lt\/#website"},"primaryImageOfPage":{"@id":"https:\/\/madoskampas.lt\/produktas\/urban-mood-dzemperis-su-gobtuvu\/#primaryimage"},"image":{"@id":"https:\/\/madoskampas.lt\/produktas\/urban-mood-dzemperis-su-gobtuvu\/#primaryimage"},"thumbnailUrl":"https:\/\/madoskampas.lt\/wp-content\/uploads\/2026\/01\/img_2856-2-scaled.jpeg","datePublished":"2026-01-31T16:16:00+00:00","dateModified":"2026-03-11T15:30:05+00:00","breadcrumb":{"@id":"https:\/\/madoskampas.lt\/produktas\/urban-mood-dzemperis-su-gobtuvu\/#breadcrumb"},"inLanguage":"lv-LV","potentialAction":[{"@type":"ReadAction","target":["https:\/\/madoskampas.lt\/produktas\/urban-mood-dzemperis-su-gobtuvu\/"]}]},{"@type":"ImageObject","inLanguage":"lv-LV","@id":"https:\/\/madoskampas.lt\/produktas\/urban-mood-dzemperis-su-gobtuvu\/#primaryimage","url":"https:\/\/madoskampas.lt\/wp-content\/uploads\/2026\/01\/img_2856-2-scaled.jpeg","contentUrl":"https:\/\/madoskampas.lt\/wp-content\/uploads\/2026\/01\/img_2856-2-scaled.jpeg","width":1440,"height":2560},{"@type":"BreadcrumbList","@id":"https:\/\/madoskampas.lt\/produktas\/urban-mood-dzemperis-su-gobtuvu\/#breadcrumb","itemListElement":[{"@type":"ListItem","position":1,"name":"Home","item":"https:\/\/madoskampas.lt\/"},{"@type":"ListItem","position":2,"name":"Parduotuv\u0117","item":"https:\/\/madoskampas.lt\/parduotuve-2\/"},{"@type":"ListItem","position":3,"name":"\u201eUrban Mood\u201c d\u017eemperis su gobtuvu"}]},{"@type":"WebSite","@id":"https:\/\/madoskampas.lt\/#website","url":"https:\/\/madoskampas.lt\/","name":"FashionKampas.lt","description":"Stil\u012bgs ap\u0123\u0113rbs sieviet\u0113m","potentialAction":[{"@type":"SearchAction","target":{"@type":"EntryPoint","urlTemplate":"https:\/\/madoskampas.lt\/?s={search_term_string}"},"query-input":{"@type":"PropertyValueSpecification","valueRequired":true,"valueName":"search_term_string"}}],"inLanguage":"lv-LV"}]}},"uagb_featured_image_src":{"full":["https:\/\/madoskampas.lt\/wp-content\/uploads\/2026\/01\/img_2856-2-scaled.jpeg",1440,2560,false],"thumbnail":["https:\/\/madoskampas.lt\/wp-content\/uploads\/2026\/01\/img_2856-2-150x150.jpeg",150,150,true],"medium":["https:\/\/madoskampas.lt\/wp-content\/uploads\/2026\/01\/img_2856-2-169x300.jpeg",169,300,true],"medium_large":["https:\/\/madoskampas.lt\/wp-content\/uploads\/2026\/01\/img_2856-2-768x1365.jpeg",768,1365,true],"large":["https:\/\/madoskampas.lt\/wp-content\/uploads\/2026\/01\/img_2856-2-576x1024.jpeg",576,1024,true],"1536x1536":["https:\/\/madoskampas.lt\/wp-content\/uploads\/2026\/01\/img_2856-2-864x1536.jpeg",864,1536,true],"2048x2048":["https:\/\/madoskampas.lt\/wp-content\/uploads\/2026\/01\/img_2856-2-1152x2048.jpeg",1152,2048,true],"trp-custom-language-flag":["https:\/\/madoskampas.lt\/wp-content\/uploads\/2026\/01\/img_2856-2-7x12.jpeg",7,12,true],"nova-image-square":["https:\/\/madoskampas.lt\/wp-content\/uploads\/2026\/01\/img_2856-2-1100x1100.jpeg",1100,1100,true],"mixtas-product-03":["https:\/\/madoskampas.lt\/wp-content\/uploads\/2026\/01\/img_2856-2-600x345.jpeg",600,345,true],"woocommerce_thumbnail":["https:\/\/madoskampas.lt\/wp-content\/uploads\/2026\/01\/img_2856-2-700x700.jpeg",700,700,true],"woocommerce_single":["https:\/\/madoskampas.lt\/wp-content\/uploads\/2026\/01\/img_2856-2-1000x1777.jpeg",1000,1777,true],"woocommerce_gallery_thumbnail":["https:\/\/madoskampas.lt\/wp-content\/uploads\/2026\/01\/img_2856-2-250x250.jpeg",250,250,true],"variation_swatches_image_size":["https:\/\/madoskampas.lt\/wp-content\/uploads\/2026\/01\/img_2856-2-50x50.jpeg",50,50,true],"variation_swatches_tooltip_size":["https:\/\/madoskampas.lt\/wp-content\/uploads\/2026\/01\/img_2856-2-100x100.jpeg",100,100,true]},"uagb_author_info":{"display_name":"algirdasbart","author_link":"https:\/\/madoskampas.lt\/lv\/author\/"},"uagb_comment_info":0,"uagb_excerpt":"\u201eUrban Mood\u201c \u2013 laisvas, charakter\u012f turintis d\u017eemperis, skirtas miesto ritmui. Skalbto (washed) efekto audinys suteikia jam i\u0161skirtinumo, o \u017eaismingas pie\u0161inys kuria dr\u0105si\u0105, \u0161iuolaiki\u0161k\u0105 nuotaik\u0105. Mink\u0161tas ir tamprus audinys malonus k\u016bnui, nevar\u017eo judesi\u0173 ir leid\u017eia jaustis patogiai vis\u0105 dien\u0105. Puikiai dera tiek su sijonais, tiek su d\u017einsais ar auliniais batais \u2013 kai norisi stiliaus be pastang\u0173.&hellip;","jetpack_sharing_enabled":true,"_links":{"self":[{"href":"https:\/\/madoskampas.lt\/lv\/wp-json\/wp\/v2\/product\/27092","targetHints":{"allow":["GET"]}}],"collection":[{"href":"https:\/\/madoskampas.lt\/lv\/wp-json\/wp\/v2\/product"}],"about":[{"href":"https:\/\/madoskampas.lt\/lv\/wp-json\/wp\/v2\/types\/product"}],"replies":[{"embeddable":true,"href":"https:\/\/madoskampas.lt\/lv\/wp-json\/wp\/v2\/comments?post=27092"}],"wp:featuredmedia":[{"embeddable":true,"href":"https:\/\/madoskampas.lt\/lv\/wp-json\/wp\/v2\/media\/27102"}],"wp:attachment":[{"href":"https:\/\/madoskampas.lt\/lv\/wp-json\/wp\/v2\/media?parent=27092"}],"wp:term":[{"taxonomy":"product_brand","embeddable":true,"href":"https:\/\/madoskampas.lt\/lv\/wp-json\/wp\/v2\/product_brand?post=27092"},{"taxonomy":"product_cat","embeddable":true,"href":"https:\/\/madoskampas.lt\/lv\/wp-json\/wp\/v2\/product_cat?post=27092"},{"taxonomy":"product_tag","embeddable":true,"href":"https:\/\/madoskampas.lt\/lv\/wp-json\/wp\/v2\/product_tag?post=27092"}],"curies":[{"name":"wp","href":"https:\/\/api.w.org\/{rel}","templated":true}]}}