{"id":27344,"date":"2026-02-11T14:00:53","date_gmt":"2026-02-11T14:00:53","guid":{"rendered":"https:\/\/madoskampas.lt\/?post_type=product&#038;p=27344"},"modified":"2026-03-22T12:32:23","modified_gmt":"2026-03-22T12:32:23","slug":"elegantiska-palaidine-su-neriniais","status":"publish","type":"product","link":"https:\/\/madoskampas.lt\/lv\/product\/elegantiska-palaidine-su-neriniais\/","title":{"rendered":"Eleganti\u0161ka palaidin\u0117 su n\u0117riniais (9783)"},"content":{"rendered":"<p>Lengva, \u0161velniai krentanti ir itin moteri\u0161ka \u2013 palaidin\u0117, kuri akimirksniu suteikia \u012fvaizd\u017eiui romantikos. N\u0117riniuota i\u0161kirpt\u0117 subtiliai pabr\u0117\u017eia siluet\u0105, o minimalistinis modelis leid\u017eia j\u0105 lengvai derinti tiek kasdienai, tiek progai.<\/p>","protected":false},"excerpt":{"rendered":"<p data-start=\"117\" data-end=\"352\">Lengva, \u0161velniai krentanti ir itin moteri\u0161ka \u2013 palaidin\u0117, kuri akimirksniu suteikia \u012fvaizd\u017eiui romantikos. N\u0117riniuota i\u0161kirpt\u0117 subtiliai pabr\u0117\u017eia siluet\u0105, o minimalistinis modelis leid\u017eia j\u0105 lengvai derinti tiek kasdienai, tiek progai.<\/p>\n<p data-start=\"354\" data-end=\"442\">Puikiai atrodo prie sijon\u0173, klasikini\u0173 kelni\u0173 ar d\u017eins\u0173 \u2013 nuo dienos iki vakaro derini\u0173.<\/p>\n<p data-start=\"444\" data-end=\"601\"><strong data-start=\"444\" data-end=\"456\">S\u012bk\u0101ka inform\u0101cija:<\/strong><br data-start=\"456\" data-end=\"459\" \/>\u25ab\ufe0f Poliesterio audinys<br data-start=\"481\" data-end=\"484\" \/>\u25ab\ufe0f Lengva, \u0161velniai krentanti<br data-start=\"513\" data-end=\"516\" \/>\u25ab\ufe0f Tampri kr\u016btin\u0117s sritis<br data-start=\"541\" data-end=\"544\" \/>\u25ab\ufe0f N\u0117rini\u0173 dekoras priekyje<br data-start=\"571\" data-end=\"574\" \/>\u25ab\ufe0f Reguliuojamos petne\u0161\u0117l\u0117s<\/p>\n<p data-start=\"603\" data-end=\"654\"><strong data-start=\"603\" data-end=\"619\">Izm\u0113ri:<\/strong><\/p>\n<p data-start=\"603\" data-end=\"654\">Ilgis 69 cm ( petne\u0161\u0117l\u0117s reguliuojasi )<\/p>\n<p data-start=\"603\" data-end=\"654\">Kr\u016btin\u0117: iki ~49 cm<br data-start=\"641\" data-end=\"644\" \/>Dydis: S\u2013M<\/p>\n<p data-start=\"656\" data-end=\"712\">Moteri\u0161ka baz\u0117, kuri spintoje tarnauja ne vien\u0105 sezon\u0105 \u2728<\/p>","protected":false},"featured_media":27972,"comment_status":"open","ping_status":"closed","template":"","meta":{"_uag_custom_page_level_css":"","_monsterinsights_skip_tracking":false,"_monsterinsights_sitenote_active":false,"_monsterinsights_sitenote_note":"","_monsterinsights_sitenote_category":0},"product_brand":[],"product_cat":[66,95,74],"product_tag":[],"class_list":{"0":"post-27344","1":"product","2":"type-product","3":"status-publish","4":"has-post-thumbnail","6":"product_cat-drabuziai","7":"product_cat-naujausi","8":"product_cat-palaidines","9":"tm-has-options","11":"first","12":"instock","13":"shipping-taxable","14":"purchasable","15":"product-type-variable"},"yoast_head":"<!-- This site is optimized with the Yoast SEO plugin v27.3 - https:\/\/yoast.com\/product\/yoast-seo-wordpress\/ -->\n<title>Eleganti\u0161ka palaidin\u0117 su n\u0117riniais (9783) - MadosKampas.lt<\/title>\n<meta name=\"robots\" content=\"index, follow, max-snippet:-1, max-image-preview:large, max-video-preview:-1\" \/>\n<link rel=\"canonical\" href=\"https:\/\/madoskampas.lt\/lv\/product\/elegantiska-palaidine-su-neriniais\/\" \/>\n<meta property=\"og:locale\" content=\"lv_LV\" \/>\n<meta property=\"og:type\" content=\"article\" \/>\n<meta property=\"og:title\" content=\"Eleganti\u0161ka palaidin\u0117 su n\u0117riniais (9783) - MadosKampas.lt\" \/>\n<meta property=\"og:description\" content=\"Lengva, \u0161velniai krentanti ir itin moteri\u0161ka \u2013 palaidin\u0117, kuri akimirksniu suteikia \u012fvaizd\u017eiui romantikos. N\u0117riniuota i\u0161kirpt\u0117 subtiliai pabr\u0117\u017eia siluet\u0105, o minimalistinis modelis leid\u017eia j\u0105 lengvai derinti tiek kasdienai, tiek progai. Puikiai atrodo prie sijon\u0173, klasikini\u0173 kelni\u0173 ar d\u017eins\u0173 \u2013 nuo dienos iki vakaro derini\u0173. Detal\u0117s:\u25ab\ufe0f Poliesterio audinys\u25ab\ufe0f Lengva, \u0161velniai krentanti\u25ab\ufe0f Tampri kr\u016btin\u0117s sritis\u25ab\ufe0f N\u0117rini\u0173 dekoras priekyje\u25ab\ufe0f Reguliuojamos petne\u0161\u0117l\u0117s I\u0161matavimai: Ilgis 69 cm ( petne\u0161\u0117l\u0117s reguliuojasi ) Kr\u016btin\u0117: iki ~49 cmDydis: S\u2013M Moteri\u0161ka baz\u0117, kuri spintoje tarnauja ne vien\u0105 sezon\u0105 \u2728\" \/>\n<meta property=\"og:url\" content=\"https:\/\/madoskampas.lt\/lv\/product\/elegantiska-palaidine-su-neriniais\/\" \/>\n<meta property=\"og:site_name\" content=\"MadosKampas.lt\" \/>\n<meta property=\"article:modified_time\" content=\"2026-03-22T12:32:23+00:00\" \/>\n<meta property=\"og:image\" content=\"https:\/\/madoskampas.lt\/wp-content\/uploads\/2026\/02\/img_6339-2-scaled.jpeg\" \/>\n\t<meta property=\"og:image:width\" content=\"1920\" \/>\n\t<meta property=\"og:image:height\" content=\"2560\" \/>\n\t<meta property=\"og:image:type\" content=\"image\/jpeg\" \/>\n<meta name=\"twitter:card\" content=\"summary_large_image\" \/>\n<meta name=\"twitter:label1\" content=\"Est. reading time\" \/>\n\t<meta name=\"twitter:data1\" content=\"1 min\u016bte\" \/>\n<script type=\"application\/ld+json\" class=\"yoast-schema-graph\">{\"@context\":\"https:\\\/\\\/schema.org\",\"@graph\":[{\"@type\":\"WebPage\",\"@id\":\"https:\\\/\\\/madoskampas.lt\\\/produktas\\\/elegantiska-palaidine-su-neriniais\\\/\",\"url\":\"https:\\\/\\\/madoskampas.lt\\\/produktas\\\/elegantiska-palaidine-su-neriniais\\\/\",\"name\":\"Eleganti\u0161ka palaidin\u0117 su n\u0117riniais (9783) - MadosKampas.lt\",\"isPartOf\":{\"@id\":\"https:\\\/\\\/madoskampas.lt\\\/#website\"},\"primaryImageOfPage\":{\"@id\":\"https:\\\/\\\/madoskampas.lt\\\/produktas\\\/elegantiska-palaidine-su-neriniais\\\/#primaryimage\"},\"image\":{\"@id\":\"https:\\\/\\\/madoskampas.lt\\\/produktas\\\/elegantiska-palaidine-su-neriniais\\\/#primaryimage\"},\"thumbnailUrl\":\"https:\\\/\\\/madoskampas.lt\\\/wp-content\\\/uploads\\\/2026\\\/02\\\/img_6339-2-scaled.jpeg\",\"datePublished\":\"2026-02-11T14:00:53+00:00\",\"dateModified\":\"2026-03-22T12:32:23+00:00\",\"breadcrumb\":{\"@id\":\"https:\\\/\\\/madoskampas.lt\\\/produktas\\\/elegantiska-palaidine-su-neriniais\\\/#breadcrumb\"},\"inLanguage\":\"lv-LV\",\"potentialAction\":[{\"@type\":\"ReadAction\",\"target\":[\"https:\\\/\\\/madoskampas.lt\\\/produktas\\\/elegantiska-palaidine-su-neriniais\\\/\"]}]},{\"@type\":\"ImageObject\",\"inLanguage\":\"lv-LV\",\"@id\":\"https:\\\/\\\/madoskampas.lt\\\/produktas\\\/elegantiska-palaidine-su-neriniais\\\/#primaryimage\",\"url\":\"https:\\\/\\\/madoskampas.lt\\\/wp-content\\\/uploads\\\/2026\\\/02\\\/img_6339-2-scaled.jpeg\",\"contentUrl\":\"https:\\\/\\\/madoskampas.lt\\\/wp-content\\\/uploads\\\/2026\\\/02\\\/img_6339-2-scaled.jpeg\",\"width\":1920,\"height\":2560},{\"@type\":\"BreadcrumbList\",\"@id\":\"https:\\\/\\\/madoskampas.lt\\\/produktas\\\/elegantiska-palaidine-su-neriniais\\\/#breadcrumb\",\"itemListElement\":[{\"@type\":\"ListItem\",\"position\":1,\"name\":\"Home\",\"item\":\"https:\\\/\\\/madoskampas.lt\\\/\"},{\"@type\":\"ListItem\",\"position\":2,\"name\":\"Parduotuv\u0117\",\"item\":\"https:\\\/\\\/madoskampas.lt\\\/parduotuve-2\\\/\"},{\"@type\":\"ListItem\",\"position\":3,\"name\":\"Eleganti\u0161ka palaidin\u0117 su n\u0117riniais (9783)\"}]},{\"@type\":\"WebSite\",\"@id\":\"https:\\\/\\\/madoskampas.lt\\\/#website\",\"url\":\"https:\\\/\\\/madoskampas.lt\\\/\",\"name\":\"MadosKampas.lt\",\"description\":\"Stilingi drabu\u017eiai moterims\",\"potentialAction\":[{\"@type\":\"SearchAction\",\"target\":{\"@type\":\"EntryPoint\",\"urlTemplate\":\"https:\\\/\\\/madoskampas.lt\\\/?s={search_term_string}\"},\"query-input\":{\"@type\":\"PropertyValueSpecification\",\"valueRequired\":true,\"valueName\":\"search_term_string\"}}],\"inLanguage\":\"lv-LV\"}]}<\/script>\n<!-- \/ Yoast SEO plugin. -->","yoast_head_json":{"title":"Eleganti\u0161ka palaidin\u0117 su n\u0117riniais (9783) - MadosKampas.lt","robots":{"index":"index","follow":"follow","max-snippet":"max-snippet:-1","max-image-preview":"max-image-preview:large","max-video-preview":"max-video-preview:-1"},"canonical":"https:\/\/madoskampas.lt\/lv\/product\/elegantiska-palaidine-su-neriniais\/","og_locale":"lv_LV","og_type":"article","og_title":"Eleganti\u0161ka palaidin\u0117 su n\u0117riniais (9783) - MadosKampas.lt","og_description":"Lengva, \u0161velniai krentanti ir itin moteri\u0161ka \u2013 palaidin\u0117, kuri akimirksniu suteikia \u012fvaizd\u017eiui romantikos. N\u0117riniuota i\u0161kirpt\u0117 subtiliai pabr\u0117\u017eia siluet\u0105, o minimalistinis modelis leid\u017eia j\u0105 lengvai derinti tiek kasdienai, tiek progai. Puikiai atrodo prie sijon\u0173, klasikini\u0173 kelni\u0173 ar d\u017eins\u0173 \u2013 nuo dienos iki vakaro derini\u0173. Detal\u0117s:\u25ab\ufe0f Poliesterio audinys\u25ab\ufe0f Lengva, \u0161velniai krentanti\u25ab\ufe0f Tampri kr\u016btin\u0117s sritis\u25ab\ufe0f N\u0117rini\u0173 dekoras priekyje\u25ab\ufe0f Reguliuojamos petne\u0161\u0117l\u0117s I\u0161matavimai: Ilgis 69 cm ( petne\u0161\u0117l\u0117s reguliuojasi ) Kr\u016btin\u0117: iki ~49 cmDydis: S\u2013M Moteri\u0161ka baz\u0117, kuri spintoje tarnauja ne vien\u0105 sezon\u0105 \u2728","og_url":"https:\/\/madoskampas.lt\/lv\/product\/elegantiska-palaidine-su-neriniais\/","og_site_name":"MadosKampas.lt","article_modified_time":"2026-03-22T12:32:23+00:00","og_image":[{"width":1920,"height":2560,"url":"https:\/\/madoskampas.lt\/wp-content\/uploads\/2026\/02\/img_6339-2-scaled.jpeg","type":"image\/jpeg"}],"twitter_card":"summary_large_image","twitter_misc":{"Est. reading time":"1 min\u016bte"},"schema":{"@context":"https:\/\/schema.org","@graph":[{"@type":"WebPage","@id":"https:\/\/madoskampas.lt\/produktas\/elegantiska-palaidine-su-neriniais\/","url":"https:\/\/madoskampas.lt\/produktas\/elegantiska-palaidine-su-neriniais\/","name":"Eleganti\u0161ka palaidin\u0117 su n\u0117riniais (9783) - MadosKampas.lt","isPartOf":{"@id":"https:\/\/madoskampas.lt\/#website"},"primaryImageOfPage":{"@id":"https:\/\/madoskampas.lt\/produktas\/elegantiska-palaidine-su-neriniais\/#primaryimage"},"image":{"@id":"https:\/\/madoskampas.lt\/produktas\/elegantiska-palaidine-su-neriniais\/#primaryimage"},"thumbnailUrl":"https:\/\/madoskampas.lt\/wp-content\/uploads\/2026\/02\/img_6339-2-scaled.jpeg","datePublished":"2026-02-11T14:00:53+00:00","dateModified":"2026-03-22T12:32:23+00:00","breadcrumb":{"@id":"https:\/\/madoskampas.lt\/produktas\/elegantiska-palaidine-su-neriniais\/#breadcrumb"},"inLanguage":"lv-LV","potentialAction":[{"@type":"ReadAction","target":["https:\/\/madoskampas.lt\/produktas\/elegantiska-palaidine-su-neriniais\/"]}]},{"@type":"ImageObject","inLanguage":"lv-LV","@id":"https:\/\/madoskampas.lt\/produktas\/elegantiska-palaidine-su-neriniais\/#primaryimage","url":"https:\/\/madoskampas.lt\/wp-content\/uploads\/2026\/02\/img_6339-2-scaled.jpeg","contentUrl":"https:\/\/madoskampas.lt\/wp-content\/uploads\/2026\/02\/img_6339-2-scaled.jpeg","width":1920,"height":2560},{"@type":"BreadcrumbList","@id":"https:\/\/madoskampas.lt\/produktas\/elegantiska-palaidine-su-neriniais\/#breadcrumb","itemListElement":[{"@type":"ListItem","position":1,"name":"Home","item":"https:\/\/madoskampas.lt\/"},{"@type":"ListItem","position":2,"name":"Parduotuv\u0117","item":"https:\/\/madoskampas.lt\/parduotuve-2\/"},{"@type":"ListItem","position":3,"name":"Eleganti\u0161ka palaidin\u0117 su n\u0117riniais (9783)"}]},{"@type":"WebSite","@id":"https:\/\/madoskampas.lt\/#website","url":"https:\/\/madoskampas.lt\/","name":"FashionKampas.lt","description":"Stil\u012bgs ap\u0123\u0113rbs sieviet\u0113m","potentialAction":[{"@type":"SearchAction","target":{"@type":"EntryPoint","urlTemplate":"https:\/\/madoskampas.lt\/?s={search_term_string}"},"query-input":{"@type":"PropertyValueSpecification","valueRequired":true,"valueName":"search_term_string"}}],"inLanguage":"lv-LV"}]}},"uagb_featured_image_src":{"full":["https:\/\/madoskampas.lt\/wp-content\/uploads\/2026\/02\/img_6339-2-scaled.jpeg",1920,2560,false],"thumbnail":["https:\/\/madoskampas.lt\/wp-content\/uploads\/2026\/02\/img_6339-2-150x150.jpeg",150,150,true],"medium":["https:\/\/madoskampas.lt\/wp-content\/uploads\/2026\/02\/img_6339-2-225x300.jpeg",225,300,true],"medium_large":["https:\/\/madoskampas.lt\/wp-content\/uploads\/2026\/02\/img_6339-2-768x1024.jpeg",768,1024,true],"large":["https:\/\/madoskampas.lt\/wp-content\/uploads\/2026\/02\/img_6339-2-768x1024.jpeg",768,1024,true],"1536x1536":["https:\/\/madoskampas.lt\/wp-content\/uploads\/2026\/02\/img_6339-2-1152x1536.jpeg",1152,1536,true],"2048x2048":["https:\/\/madoskampas.lt\/wp-content\/uploads\/2026\/02\/img_6339-2-1536x2048.jpeg",1536,2048,true],"trp-custom-language-flag":["https:\/\/madoskampas.lt\/wp-content\/uploads\/2026\/02\/img_6339-2-9x12.jpeg",9,12,true],"nova-image-square":["https:\/\/madoskampas.lt\/wp-content\/uploads\/2026\/02\/img_6339-2-1100x1100.jpeg",1100,1100,true],"mixtas-product-03":["https:\/\/madoskampas.lt\/wp-content\/uploads\/2026\/02\/img_6339-2-600x345.jpeg",600,345,true],"woocommerce_thumbnail":["https:\/\/madoskampas.lt\/wp-content\/uploads\/2026\/02\/img_6339-2-700x700.jpeg",700,700,true],"woocommerce_single":["https:\/\/madoskampas.lt\/wp-content\/uploads\/2026\/02\/img_6339-2-1000x1333.jpeg",1000,1333,true],"woocommerce_gallery_thumbnail":["https:\/\/madoskampas.lt\/wp-content\/uploads\/2026\/02\/img_6339-2-250x250.jpeg",250,250,true],"variation_swatches_image_size":["https:\/\/madoskampas.lt\/wp-content\/uploads\/2026\/02\/img_6339-2-50x50.jpeg",50,50,true],"variation_swatches_tooltip_size":["https:\/\/madoskampas.lt\/wp-content\/uploads\/2026\/02\/img_6339-2-100x100.jpeg",100,100,true]},"uagb_author_info":{"display_name":"algirdasbart","author_link":"https:\/\/madoskampas.lt\/lv\/author\/"},"uagb_comment_info":1,"uagb_excerpt":"Lengva, \u0161velniai krentanti ir itin moteri\u0161ka \u2013 palaidin\u0117, kuri akimirksniu suteikia \u012fvaizd\u017eiui romantikos. N\u0117riniuota i\u0161kirpt\u0117 subtiliai pabr\u0117\u017eia siluet\u0105, o minimalistinis modelis leid\u017eia j\u0105 lengvai derinti tiek kasdienai, tiek progai. Puikiai atrodo prie sijon\u0173, klasikini\u0173 kelni\u0173 ar d\u017eins\u0173 \u2013 nuo dienos iki vakaro derini\u0173. Detal\u0117s:\u25ab\ufe0f Poliesterio audinys\u25ab\ufe0f Lengva, \u0161velniai krentanti\u25ab\ufe0f Tampri kr\u016btin\u0117s sritis\u25ab\ufe0f N\u0117rini\u0173 dekoras priekyje\u25ab\ufe0f&hellip;","jetpack_sharing_enabled":true,"_links":{"self":[{"href":"https:\/\/madoskampas.lt\/lv\/wp-json\/wp\/v2\/product\/27344","targetHints":{"allow":["GET"]}}],"collection":[{"href":"https:\/\/madoskampas.lt\/lv\/wp-json\/wp\/v2\/product"}],"about":[{"href":"https:\/\/madoskampas.lt\/lv\/wp-json\/wp\/v2\/types\/product"}],"replies":[{"embeddable":true,"href":"https:\/\/madoskampas.lt\/lv\/wp-json\/wp\/v2\/comments?post=27344"}],"wp:featuredmedia":[{"embeddable":true,"href":"https:\/\/madoskampas.lt\/lv\/wp-json\/wp\/v2\/media\/27972"}],"wp:attachment":[{"href":"https:\/\/madoskampas.lt\/lv\/wp-json\/wp\/v2\/media?parent=27344"}],"wp:term":[{"taxonomy":"product_brand","embeddable":true,"href":"https:\/\/madoskampas.lt\/lv\/wp-json\/wp\/v2\/product_brand?post=27344"},{"taxonomy":"product_cat","embeddable":true,"href":"https:\/\/madoskampas.lt\/lv\/wp-json\/wp\/v2\/product_cat?post=27344"},{"taxonomy":"product_tag","embeddable":true,"href":"https:\/\/madoskampas.lt\/lv\/wp-json\/wp\/v2\/product_tag?post=27344"}],"curies":[{"name":"wp","href":"https:\/\/api.w.org\/{rel}","templated":true}]}}