{"id":28848,"date":"2026-03-03T15:00:35","date_gmt":"2026-03-03T15:00:35","guid":{"rendered":"https:\/\/madoskampas.lt\/?post_type=product&#038;p=28848"},"modified":"2026-03-31T11:28:04","modified_gmt":"2026-03-31T11:28:04","slug":"city-diamond-dygsniuota-pavasarine-striuke-2651","status":"publish","type":"product","link":"https:\/\/madoskampas.lt\/lv\/product\/city-diamond-dygsniuota-pavasarine-striuke-2651\/","title":{"rendered":"\u201eCity Diamond\u201c dygsniuota pavasarin\u0117 striuk\u0117 (2651)"},"content":{"rendered":"<p>Lengva, stilinga ir universali \u2013 \u0161i dygsniuota striuk\u0117 su romb\u0173 ra\u0161tu yra tikras pereinamojo sezono favoritas. Subtilus, eleganti\u0161kas siluetas gra\u017eiai formuoja fig\u016br\u0105, o lengvas audinys suteikia komfort\u0105 visai dienai.<\/p>","protected":false},"excerpt":{"rendered":"<p data-start=\"146\" data-end=\"363\">Lengva, stilinga ir universali \u2013 \u0161i dygsniuota striuk\u0117 su romb\u0173 ra\u0161tu yra tikras pereinamojo sezono favoritas. Subtilus, eleganti\u0161kas siluetas gra\u017eiai formuoja fig\u016br\u0105, o lengvas audinys suteikia komfort\u0105 visai dienai.<\/p>\n<p data-start=\"365\" data-end=\"544\">Gobtuvas apsaugo nuo v\u0117jo, o sidabro spalvos u\u017etrauktukas su \u017eiedine detale suteikia modernumo akcent\u0105. Puikiai dera tiek prie d\u017eins\u0173, tiek prie klasikinio ar sporti\u0161ko \u012fvaizd\u017eio.<\/p>\n<p data-start=\"546\" data-end=\"636\">Tai modelis, kur\u012f norisi vilk\u0117ti kasdien \u2013 lengvas, patogus ir labai lengvai priderinamas.<\/p>\n<p data-start=\"638\" data-end=\"766\">\u2728 Lengva ir komforti\u0161ka<br \/>\n\u2728 Dygsniuotas romb\u0173 ra\u0161tas<br \/>\n\u2728 Su gobtuvu<br \/>\n\u2728 U\u017esegama u\u017etrauktuku<br \/>\n\u2728 Ideali pavasariui<\/p>\n<table>\n<thead>\n<tr>\n<th>\n<p class=\"p1\"><span class=\"s1\">Izm\u0113rs<\/span><\/p>\n<\/th>\n<th>\n<p class=\"p1\"><span class=\"s1\">Garums (cm)<\/span><\/p>\n<\/th>\n<th>\n<p class=\"p1\"><span class=\"s1\">Per kr\u016btin\u0119 (cm)<\/span><\/p>\n<\/th>\n<\/tr>\n<\/thead>\n<tbody>\n<tr>\n<td>\n<p class=\"p1\"><span class=\"s1\">S<\/span><\/p>\n<\/td>\n<td>\n<p class=\"p1\"><span class=\"s1\">56<\/span><\/p>\n<\/td>\n<td>\n<p class=\"p1\"><span class=\"s1\">49<\/span><\/p>\n<\/td>\n<\/tr>\n<tr>\n<td>\n<p class=\"p1\"><span class=\"s1\">M<\/span><\/p>\n<\/td>\n<td>\n<p class=\"p1\"><span class=\"s1\">57<\/span><\/p>\n<\/td>\n<td>\n<p class=\"p1\"><span class=\"s1\">51<\/span><\/p>\n<\/td>\n<\/tr>\n<tr>\n<td>\n<p class=\"p1\"><span class=\"s1\">L<\/span><\/p>\n<\/td>\n<td>\n<p class=\"p1\"><span class=\"s1\">59<\/span><\/p>\n<\/td>\n<td>\n<p class=\"p1\"><span class=\"s1\">54<\/span><\/p>\n<\/td>\n<\/tr>\n<tr>\n<td>\n<p class=\"p1\"><span class=\"s1\">XL<\/span><\/p>\n<\/td>\n<td>\n<p class=\"p1\"><span class=\"s1\">60<\/span><\/p>\n<\/td>\n<td>\n<p class=\"p1\"><span class=\"s1\">56<\/span><\/p>\n<\/td>\n<\/tr>\n<\/tbody>\n<\/table>","protected":false},"featured_media":29546,"comment_status":"open","ping_status":"closed","template":"","meta":{"_uag_custom_page_level_css":"","_monsterinsights_skip_tracking":false,"_monsterinsights_sitenote_active":false,"_monsterinsights_sitenote_note":"","_monsterinsights_sitenote_category":0},"product_brand":[],"product_cat":[66,95,77],"product_tag":[],"class_list":{"0":"post-28848","1":"product","2":"type-product","3":"status-publish","4":"has-post-thumbnail","6":"product_cat-drabuziai","7":"product_cat-naujausi","8":"product_cat-striukes-paltai","9":"tm-has-options","11":"first","12":"instock","13":"sale","14":"shipping-taxable","15":"purchasable","16":"product-type-variable"},"yoast_head":"<!-- This site is optimized with the Yoast SEO plugin v27.6 - https:\/\/yoast.com\/product\/yoast-seo-wordpress\/ -->\n<title>\u201eCity Diamond\u201c dygsniuota pavasarin\u0117 striuk\u0117 (2651) - MadosKampas.lt<\/title>\n<meta name=\"robots\" content=\"index, follow, max-snippet:-1, max-image-preview:large, max-video-preview:-1\" \/>\n<link rel=\"canonical\" href=\"https:\/\/madoskampas.lt\/lv\/product\/city-diamond-dygsniuota-pavasarine-striuke-2651\/\" \/>\n<meta property=\"og:locale\" content=\"lv_LV\" \/>\n<meta property=\"og:type\" content=\"article\" \/>\n<meta property=\"og:title\" content=\"\u201eCity Diamond\u201c dygsniuota pavasarin\u0117 striuk\u0117 (2651) - MadosKampas.lt\" \/>\n<meta property=\"og:description\" content=\"Lengva, stilinga ir universali \u2013 \u0161i dygsniuota striuk\u0117 su romb\u0173 ra\u0161tu yra tikras pereinamojo sezono favoritas. Subtilus, eleganti\u0161kas siluetas gra\u017eiai formuoja fig\u016br\u0105, o lengvas audinys suteikia komfort\u0105 visai dienai. Gobtuvas apsaugo nuo v\u0117jo, o sidabro spalvos u\u017etrauktukas su \u017eiedine detale suteikia modernumo akcent\u0105. Puikiai dera tiek prie d\u017eins\u0173, tiek prie klasikinio ar sporti\u0161ko \u012fvaizd\u017eio. Tai modelis, kur\u012f norisi vilk\u0117ti kasdien \u2013 lengvas, patogus ir labai lengvai priderinamas. \u2728 Lengva ir komforti\u0161ka \u2728 Dygsniuotas romb\u0173 ra\u0161tas \u2728 Su gobtuvu \u2728 U\u017esegama u\u017etrauktuku \u2728 Ideali pavasariui      Dydis   Ilgis (cm)   Per kr\u016btin\u0119 (cm)       S   56   49     M   57   51     L   59   54     XL   60   56\" \/>\n<meta property=\"og:url\" content=\"https:\/\/madoskampas.lt\/lv\/product\/city-diamond-dygsniuota-pavasarine-striuke-2651\/\" \/>\n<meta property=\"og:site_name\" content=\"MadosKampas.lt\" \/>\n<meta property=\"article:modified_time\" content=\"2026-03-31T11:28:04+00:00\" \/>\n<meta property=\"og:image\" content=\"https:\/\/madoskampas.lt\/wp-content\/uploads\/2026\/03\/IMG_0097-1.jpeg\" \/>\n\t<meta property=\"og:image:width\" content=\"1536\" \/>\n\t<meta property=\"og:image:height\" content=\"2048\" \/>\n\t<meta property=\"og:image:type\" content=\"image\/jpeg\" \/>\n<meta name=\"twitter:card\" content=\"summary_large_image\" \/>\n<meta name=\"twitter:label1\" content=\"Est. reading time\" \/>\n\t<meta name=\"twitter:data1\" content=\"1 min\u016bte\" \/>\n<script type=\"application\/ld+json\" class=\"yoast-schema-graph\">{\"@context\":\"https:\\\/\\\/schema.org\",\"@graph\":[{\"@type\":\"WebPage\",\"@id\":\"https:\\\/\\\/madoskampas.lt\\\/produktas\\\/city-diamond-dygsniuota-pavasarine-striuke-2651\\\/\",\"url\":\"https:\\\/\\\/madoskampas.lt\\\/produktas\\\/city-diamond-dygsniuota-pavasarine-striuke-2651\\\/\",\"name\":\"\u201eCity Diamond\u201c dygsniuota pavasarin\u0117 striuk\u0117 (2651) - MadosKampas.lt\",\"isPartOf\":{\"@id\":\"https:\\\/\\\/madoskampas.lt\\\/#website\"},\"primaryImageOfPage\":{\"@id\":\"https:\\\/\\\/madoskampas.lt\\\/produktas\\\/city-diamond-dygsniuota-pavasarine-striuke-2651\\\/#primaryimage\"},\"image\":{\"@id\":\"https:\\\/\\\/madoskampas.lt\\\/produktas\\\/city-diamond-dygsniuota-pavasarine-striuke-2651\\\/#primaryimage\"},\"thumbnailUrl\":\"https:\\\/\\\/madoskampas.lt\\\/wp-content\\\/uploads\\\/2026\\\/03\\\/IMG_0097-1.jpeg\",\"datePublished\":\"2026-03-03T15:00:35+00:00\",\"dateModified\":\"2026-03-31T11:28:04+00:00\",\"breadcrumb\":{\"@id\":\"https:\\\/\\\/madoskampas.lt\\\/produktas\\\/city-diamond-dygsniuota-pavasarine-striuke-2651\\\/#breadcrumb\"},\"inLanguage\":\"lv-LV\",\"potentialAction\":[{\"@type\":\"ReadAction\",\"target\":[\"https:\\\/\\\/madoskampas.lt\\\/produktas\\\/city-diamond-dygsniuota-pavasarine-striuke-2651\\\/\"]}]},{\"@type\":\"ImageObject\",\"inLanguage\":\"lv-LV\",\"@id\":\"https:\\\/\\\/madoskampas.lt\\\/produktas\\\/city-diamond-dygsniuota-pavasarine-striuke-2651\\\/#primaryimage\",\"url\":\"https:\\\/\\\/madoskampas.lt\\\/wp-content\\\/uploads\\\/2026\\\/03\\\/IMG_0097-1.jpeg\",\"contentUrl\":\"https:\\\/\\\/madoskampas.lt\\\/wp-content\\\/uploads\\\/2026\\\/03\\\/IMG_0097-1.jpeg\",\"width\":1536,\"height\":2048},{\"@type\":\"BreadcrumbList\",\"@id\":\"https:\\\/\\\/madoskampas.lt\\\/produktas\\\/city-diamond-dygsniuota-pavasarine-striuke-2651\\\/#breadcrumb\",\"itemListElement\":[{\"@type\":\"ListItem\",\"position\":1,\"name\":\"Home\",\"item\":\"https:\\\/\\\/madoskampas.lt\\\/\"},{\"@type\":\"ListItem\",\"position\":2,\"name\":\"Parduotuv\u0117\",\"item\":\"https:\\\/\\\/madoskampas.lt\\\/parduotuve-2\\\/\"},{\"@type\":\"ListItem\",\"position\":3,\"name\":\"\u201eCity Diamond\u201c dygsniuota pavasarin\u0117 striuk\u0117 (2651)\"}]},{\"@type\":\"WebSite\",\"@id\":\"https:\\\/\\\/madoskampas.lt\\\/#website\",\"url\":\"https:\\\/\\\/madoskampas.lt\\\/\",\"name\":\"MadosKampas.lt\",\"description\":\"Stilingi drabu\u017eiai moterims\",\"potentialAction\":[{\"@type\":\"SearchAction\",\"target\":{\"@type\":\"EntryPoint\",\"urlTemplate\":\"https:\\\/\\\/madoskampas.lt\\\/?s={search_term_string}\"},\"query-input\":{\"@type\":\"PropertyValueSpecification\",\"valueRequired\":true,\"valueName\":\"search_term_string\"}}],\"inLanguage\":\"lv-LV\"}]}<\/script>\n<!-- \/ Yoast SEO plugin. -->","yoast_head_json":{"title":"\u201eCity Diamond\u201c dygsniuota pavasarin\u0117 striuk\u0117 (2651) - MadosKampas.lt","robots":{"index":"index","follow":"follow","max-snippet":"max-snippet:-1","max-image-preview":"max-image-preview:large","max-video-preview":"max-video-preview:-1"},"canonical":"https:\/\/madoskampas.lt\/lv\/product\/city-diamond-dygsniuota-pavasarine-striuke-2651\/","og_locale":"lv_LV","og_type":"article","og_title":"\u201eCity Diamond\u201c dygsniuota pavasarin\u0117 striuk\u0117 (2651) - MadosKampas.lt","og_description":"Lengva, stilinga ir universali \u2013 \u0161i dygsniuota striuk\u0117 su romb\u0173 ra\u0161tu yra tikras pereinamojo sezono favoritas. Subtilus, eleganti\u0161kas siluetas gra\u017eiai formuoja fig\u016br\u0105, o lengvas audinys suteikia komfort\u0105 visai dienai. Gobtuvas apsaugo nuo v\u0117jo, o sidabro spalvos u\u017etrauktukas su \u017eiedine detale suteikia modernumo akcent\u0105. Puikiai dera tiek prie d\u017eins\u0173, tiek prie klasikinio ar sporti\u0161ko \u012fvaizd\u017eio. Tai modelis, kur\u012f norisi vilk\u0117ti kasdien \u2013 lengvas, patogus ir labai lengvai priderinamas. \u2728 Lengva ir komforti\u0161ka \u2728 Dygsniuotas romb\u0173 ra\u0161tas \u2728 Su gobtuvu \u2728 U\u017esegama u\u017etrauktuku \u2728 Ideali pavasariui      Dydis   Ilgis (cm)   Per kr\u016btin\u0119 (cm)       S   56   49     M   57   51     L   59   54     XL   60   56","og_url":"https:\/\/madoskampas.lt\/lv\/product\/city-diamond-dygsniuota-pavasarine-striuke-2651\/","og_site_name":"MadosKampas.lt","article_modified_time":"2026-03-31T11:28:04+00:00","og_image":[{"width":1536,"height":2048,"url":"https:\/\/madoskampas.lt\/wp-content\/uploads\/2026\/03\/IMG_0097-1.jpeg","type":"image\/jpeg"}],"twitter_card":"summary_large_image","twitter_misc":{"Est. reading time":"1 min\u016bte"},"schema":{"@context":"https:\/\/schema.org","@graph":[{"@type":"WebPage","@id":"https:\/\/madoskampas.lt\/produktas\/city-diamond-dygsniuota-pavasarine-striuke-2651\/","url":"https:\/\/madoskampas.lt\/produktas\/city-diamond-dygsniuota-pavasarine-striuke-2651\/","name":"\u201eCity Diamond\u201c dygsniuota pavasarin\u0117 striuk\u0117 (2651) - MadosKampas.lt","isPartOf":{"@id":"https:\/\/madoskampas.lt\/#website"},"primaryImageOfPage":{"@id":"https:\/\/madoskampas.lt\/produktas\/city-diamond-dygsniuota-pavasarine-striuke-2651\/#primaryimage"},"image":{"@id":"https:\/\/madoskampas.lt\/produktas\/city-diamond-dygsniuota-pavasarine-striuke-2651\/#primaryimage"},"thumbnailUrl":"https:\/\/madoskampas.lt\/wp-content\/uploads\/2026\/03\/IMG_0097-1.jpeg","datePublished":"2026-03-03T15:00:35+00:00","dateModified":"2026-03-31T11:28:04+00:00","breadcrumb":{"@id":"https:\/\/madoskampas.lt\/produktas\/city-diamond-dygsniuota-pavasarine-striuke-2651\/#breadcrumb"},"inLanguage":"lv-LV","potentialAction":[{"@type":"ReadAction","target":["https:\/\/madoskampas.lt\/produktas\/city-diamond-dygsniuota-pavasarine-striuke-2651\/"]}]},{"@type":"ImageObject","inLanguage":"lv-LV","@id":"https:\/\/madoskampas.lt\/produktas\/city-diamond-dygsniuota-pavasarine-striuke-2651\/#primaryimage","url":"https:\/\/madoskampas.lt\/wp-content\/uploads\/2026\/03\/IMG_0097-1.jpeg","contentUrl":"https:\/\/madoskampas.lt\/wp-content\/uploads\/2026\/03\/IMG_0097-1.jpeg","width":1536,"height":2048},{"@type":"BreadcrumbList","@id":"https:\/\/madoskampas.lt\/produktas\/city-diamond-dygsniuota-pavasarine-striuke-2651\/#breadcrumb","itemListElement":[{"@type":"ListItem","position":1,"name":"Home","item":"https:\/\/madoskampas.lt\/"},{"@type":"ListItem","position":2,"name":"Parduotuv\u0117","item":"https:\/\/madoskampas.lt\/parduotuve-2\/"},{"@type":"ListItem","position":3,"name":"\u201eCity Diamond\u201c dygsniuota pavasarin\u0117 striuk\u0117 (2651)"}]},{"@type":"WebSite","@id":"https:\/\/madoskampas.lt\/#website","url":"https:\/\/madoskampas.lt\/","name":"FashionKampas.lt","description":"Stil\u012bgs ap\u0123\u0113rbs sieviet\u0113m","potentialAction":[{"@type":"SearchAction","target":{"@type":"EntryPoint","urlTemplate":"https:\/\/madoskampas.lt\/?s={search_term_string}"},"query-input":{"@type":"PropertyValueSpecification","valueRequired":true,"valueName":"search_term_string"}}],"inLanguage":"lv-LV"}]}},"uagb_featured_image_src":{"full":["https:\/\/madoskampas.lt\/wp-content\/uploads\/2026\/03\/IMG_0097-1.jpeg",1536,2048,false],"thumbnail":["https:\/\/madoskampas.lt\/wp-content\/uploads\/2026\/03\/IMG_0097-1-150x150.jpeg",150,150,true],"medium":["https:\/\/madoskampas.lt\/wp-content\/uploads\/2026\/03\/IMG_0097-1-225x300.jpeg",225,300,true],"medium_large":["https:\/\/madoskampas.lt\/wp-content\/uploads\/2026\/03\/IMG_0097-1-768x1024.jpeg",768,1024,true],"large":["https:\/\/madoskampas.lt\/wp-content\/uploads\/2026\/03\/IMG_0097-1-768x1024.jpeg",768,1024,true],"1536x1536":["https:\/\/madoskampas.lt\/wp-content\/uploads\/2026\/03\/IMG_0097-1-1152x1536.jpeg",1152,1536,true],"2048x2048":["https:\/\/madoskampas.lt\/wp-content\/uploads\/2026\/03\/IMG_0097-1.jpeg",1536,2048,false],"trp-custom-language-flag":["https:\/\/madoskampas.lt\/wp-content\/uploads\/2026\/03\/IMG_0097-1-9x12.jpeg",9,12,true],"nova-image-square":["https:\/\/madoskampas.lt\/wp-content\/uploads\/2026\/03\/IMG_0097-1-1100x1100.jpeg",1100,1100,true],"mixtas-product-03":["https:\/\/madoskampas.lt\/wp-content\/uploads\/2026\/03\/IMG_0097-1-600x345.jpeg",600,345,true],"woocommerce_thumbnail":["https:\/\/madoskampas.lt\/wp-content\/uploads\/2026\/03\/IMG_0097-1-700x700.jpeg",700,700,true],"woocommerce_single":["https:\/\/madoskampas.lt\/wp-content\/uploads\/2026\/03\/IMG_0097-1-1000x1333.jpeg",1000,1333,true],"woocommerce_gallery_thumbnail":["https:\/\/madoskampas.lt\/wp-content\/uploads\/2026\/03\/IMG_0097-1-250x250.jpeg",250,250,true],"variation_swatches_image_size":["https:\/\/madoskampas.lt\/wp-content\/uploads\/2026\/03\/IMG_0097-1-50x50.jpeg",50,50,true],"variation_swatches_tooltip_size":["https:\/\/madoskampas.lt\/wp-content\/uploads\/2026\/03\/IMG_0097-1-100x100.jpeg",100,100,true]},"uagb_author_info":{"display_name":"algirdasbart","author_link":"https:\/\/madoskampas.lt\/lv\/author\/"},"uagb_comment_info":0,"uagb_excerpt":"Lengva, stilinga ir universali \u2013 \u0161i dygsniuota striuk\u0117 su romb\u0173 ra\u0161tu yra tikras pereinamojo sezono favoritas. Subtilus, eleganti\u0161kas siluetas gra\u017eiai formuoja fig\u016br\u0105, o lengvas audinys suteikia komfort\u0105 visai dienai. Gobtuvas apsaugo nuo v\u0117jo, o sidabro spalvos u\u017etrauktukas su \u017eiedine detale suteikia modernumo akcent\u0105. Puikiai dera tiek prie d\u017eins\u0173, tiek prie klasikinio ar sporti\u0161ko \u012fvaizd\u017eio. Tai&hellip;","jetpack_sharing_enabled":true,"_links":{"self":[{"href":"https:\/\/madoskampas.lt\/lv\/wp-json\/wp\/v2\/product\/28848","targetHints":{"allow":["GET"]}}],"collection":[{"href":"https:\/\/madoskampas.lt\/lv\/wp-json\/wp\/v2\/product"}],"about":[{"href":"https:\/\/madoskampas.lt\/lv\/wp-json\/wp\/v2\/types\/product"}],"replies":[{"embeddable":true,"href":"https:\/\/madoskampas.lt\/lv\/wp-json\/wp\/v2\/comments?post=28848"}],"wp:featuredmedia":[{"embeddable":true,"href":"https:\/\/madoskampas.lt\/lv\/wp-json\/wp\/v2\/media\/29546"}],"wp:attachment":[{"href":"https:\/\/madoskampas.lt\/lv\/wp-json\/wp\/v2\/media?parent=28848"}],"wp:term":[{"taxonomy":"product_brand","embeddable":true,"href":"https:\/\/madoskampas.lt\/lv\/wp-json\/wp\/v2\/product_brand?post=28848"},{"taxonomy":"product_cat","embeddable":true,"href":"https:\/\/madoskampas.lt\/lv\/wp-json\/wp\/v2\/product_cat?post=28848"},{"taxonomy":"product_tag","embeddable":true,"href":"https:\/\/madoskampas.lt\/lv\/wp-json\/wp\/v2\/product_tag?post=28848"}],"curies":[{"name":"wp","href":"https:\/\/api.w.org\/{rel}","templated":true}]}}