{"id":29524,"date":"2026-03-17T09:16:23","date_gmt":"2026-03-17T09:16:23","guid":{"rendered":"https:\/\/madoskampas.lt\/?post_type=product&#038;p=29524"},"modified":"2026-04-10T09:38:29","modified_gmt":"2026-04-10T09:38:29","slug":"grace-patch-sifonine-midi-suknele","status":"publish","type":"product","link":"https:\/\/madoskampas.lt\/lv\/product\/grace-patch-sifonine-midi-suknele\/","title":{"rendered":"\u201eGrace Patch\u201c \u0161ifonin\u0117 midi suknel\u0117"},"content":{"rendered":"<p>Lengva, eleganti\u0161ka ir subtiliai i\u0161skirtin\u0117 \u2013 <strong data-start=\"121\" data-end=\"146\">\u201eGrace Patch\u201c suknel\u0117<\/strong> sukurta moteriai, kuri m\u0117gsta stiling\u0105, bet neperkraut\u0105 \u012fvaizd\u012f. \u0160ifono audinys \u0161velniai krenta ir juda kartu su kiekvienu \u017eingsniu, suteikdamas lengvumo ir moteri\u0161kumo poj\u016bt\u012f.<\/p>","protected":false},"excerpt":{"rendered":"<p data-start=\"75\" data-end=\"323\">Lengva, eleganti\u0161ka ir subtiliai i\u0161skirtin\u0117 \u2013 <strong data-start=\"121\" data-end=\"146\">\u201eGrace Patch\u201c suknel\u0117<\/strong> sukurta moteriai, kuri m\u0117gsta stiling\u0105, bet neperkraut\u0105 \u012fvaizd\u012f. \u0160ifono audinys \u0161velniai krenta ir juda kartu su kiekvienu \u017eingsniu, suteikdamas lengvumo ir moteri\u0161kumo poj\u016bt\u012f.<\/p>\n<p data-start=\"325\" data-end=\"551\">Unikalus ra\u0161tas kuria i\u0161skirtin\u012f charakter\u012f, o klasikin\u0117 vir\u0161utin\u0117 dalis su sagut\u0117mis i\u0161laiko elegancij\u0105. Liemuo \u0161velniai prisitaiko prie fig\u016bros, tod\u0117l suknel\u0117 gra\u017eiai i\u0161ry\u0161kina siluet\u0105 ir leid\u017eia jaustis patogiai vis\u0105 dien\u0105.<\/p>\n<p data-start=\"553\" data-end=\"681\">Puikus pasirinkimas tiek kasdienai, tiek ypatingesn\u0117ms progoms \u2013 lengvai derinama su sportiniu ar eleganti\u0161ku avalyn\u0117s stiliumi.<\/p>\n<h3 data-section-id=\"1qjbsn9\" data-start=\"683\" data-end=\"694\">Izm\u0113rs<\/h3>\n<p data-start=\"695\" data-end=\"730\">Universalus \u2013 <strong data-start=\"709\" data-end=\"730\">der no S uz L<\/strong><\/p>\n<h3 data-section-id=\"37jezx\" data-start=\"732\" data-end=\"749\">Izm\u0113ri<\/h3>\n<p data-start=\"750\" data-end=\"829\">Ilgis \u2013 <strong data-start=\"758\" data-end=\"768\">117 cm<\/strong><br data-start=\"768\" data-end=\"771\" \/>Per kr\u016btin\u0119 \u2013 <strong data-start=\"785\" data-end=\"794\">51 cm<\/strong><br data-start=\"794\" data-end=\"797\" \/>Liemuo \u2013 <strong data-start=\"806\" data-end=\"829\">37\u201351 cm (tempiasi)<\/strong><\/p>\n<h3 data-section-id=\"ih289p\" data-start=\"831\" data-end=\"844\">Sast\u0101vda\u013cas<\/h3>\n<p data-start=\"845\" data-end=\"858\" data-is-last-node=\"\" data-is-only-node=\"\"><strong data-start=\"845\" data-end=\"856\">\u0160ifonas<\/strong> \u2728<\/p>","protected":false},"featured_media":29525,"comment_status":"open","ping_status":"closed","template":"","meta":{"_uag_custom_page_level_css":"","_monsterinsights_skip_tracking":false,"_monsterinsights_sitenote_active":false,"_monsterinsights_sitenote_note":"","_monsterinsights_sitenote_category":0},"product_brand":[],"product_cat":[66,95,96,78],"product_tag":[],"class_list":{"0":"post-29524","1":"product","2":"type-product","3":"status-publish","4":"has-post-thumbnail","6":"product_cat-drabuziai","7":"product_cat-naujausi","8":"product_cat-populiariausi","9":"product_cat-sukneles","10":"tm-has-options","12":"first","13":"instock","14":"shipping-taxable","15":"purchasable","16":"product-type-variable"},"yoast_head":"<!-- This site is optimized with the Yoast SEO plugin v27.6 - https:\/\/yoast.com\/product\/yoast-seo-wordpress\/ -->\n<title>\u201eGrace Patch\u201c \u0161ifonin\u0117 midi suknel\u0117 - MadosKampas.lt<\/title>\n<meta name=\"robots\" content=\"index, follow, max-snippet:-1, max-image-preview:large, max-video-preview:-1\" \/>\n<link rel=\"canonical\" href=\"https:\/\/madoskampas.lt\/lv\/product\/grace-patch-sifonine-midi-suknele\/\" \/>\n<meta property=\"og:locale\" content=\"lv_LV\" \/>\n<meta property=\"og:type\" content=\"article\" \/>\n<meta property=\"og:title\" content=\"\u201eGrace Patch\u201c \u0161ifonin\u0117 midi suknel\u0117 - MadosKampas.lt\" \/>\n<meta property=\"og:description\" content=\"Lengva, eleganti\u0161ka ir subtiliai i\u0161skirtin\u0117 \u2013 \u201eGrace Patch\u201c suknel\u0117 sukurta moteriai, kuri m\u0117gsta stiling\u0105, bet neperkraut\u0105 \u012fvaizd\u012f. \u0160ifono audinys \u0161velniai krenta ir juda kartu su kiekvienu \u017eingsniu, suteikdamas lengvumo ir moteri\u0161kumo poj\u016bt\u012f. Unikalus ra\u0161tas kuria i\u0161skirtin\u012f charakter\u012f, o klasikin\u0117 vir\u0161utin\u0117 dalis su sagut\u0117mis i\u0161laiko elegancij\u0105. Liemuo \u0161velniai prisitaiko prie fig\u016bros, tod\u0117l suknel\u0117 gra\u017eiai i\u0161ry\u0161kina siluet\u0105 ir leid\u017eia jaustis patogiai vis\u0105 dien\u0105. Puikus pasirinkimas tiek kasdienai, tiek ypatingesn\u0117ms progoms \u2013 lengvai derinama su sportiniu ar eleganti\u0161ku avalyn\u0117s stiliumi.  Dydis Universalus \u2013 tinka nuo S iki L  I\u0161matavimai Ilgis \u2013 117 cmPer kr\u016btin\u0119 \u2013 51 cmLiemuo \u2013 37\u201351 cm (tempiasi)  Sud\u0117tis \u0160ifonas \u2728\" \/>\n<meta property=\"og:url\" content=\"https:\/\/madoskampas.lt\/lv\/product\/grace-patch-sifonine-midi-suknele\/\" \/>\n<meta property=\"og:site_name\" content=\"MadosKampas.lt\" \/>\n<meta property=\"article:modified_time\" content=\"2026-04-10T09:38:29+00:00\" \/>\n<meta property=\"og:image\" content=\"https:\/\/madoskampas.lt\/wp-content\/uploads\/2026\/03\/IMG_0177-1.jpeg\" \/>\n\t<meta property=\"og:image:width\" content=\"1536\" \/>\n\t<meta property=\"og:image:height\" content=\"2048\" \/>\n\t<meta property=\"og:image:type\" content=\"image\/jpeg\" \/>\n<meta name=\"twitter:card\" content=\"summary_large_image\" \/>\n<meta name=\"twitter:label1\" content=\"Est. reading time\" \/>\n\t<meta name=\"twitter:data1\" content=\"1 min\u016bte\" \/>\n<script type=\"application\/ld+json\" class=\"yoast-schema-graph\">{\"@context\":\"https:\\\/\\\/schema.org\",\"@graph\":[{\"@type\":\"WebPage\",\"@id\":\"https:\\\/\\\/madoskampas.lt\\\/produktas\\\/grace-patch-sifonine-midi-suknele\\\/\",\"url\":\"https:\\\/\\\/madoskampas.lt\\\/produktas\\\/grace-patch-sifonine-midi-suknele\\\/\",\"name\":\"\u201eGrace Patch\u201c \u0161ifonin\u0117 midi suknel\u0117 - MadosKampas.lt\",\"isPartOf\":{\"@id\":\"https:\\\/\\\/madoskampas.lt\\\/#website\"},\"primaryImageOfPage\":{\"@id\":\"https:\\\/\\\/madoskampas.lt\\\/produktas\\\/grace-patch-sifonine-midi-suknele\\\/#primaryimage\"},\"image\":{\"@id\":\"https:\\\/\\\/madoskampas.lt\\\/produktas\\\/grace-patch-sifonine-midi-suknele\\\/#primaryimage\"},\"thumbnailUrl\":\"https:\\\/\\\/madoskampas.lt\\\/wp-content\\\/uploads\\\/2026\\\/03\\\/IMG_0177-1.jpeg\",\"datePublished\":\"2026-03-17T09:16:23+00:00\",\"dateModified\":\"2026-04-10T09:38:29+00:00\",\"breadcrumb\":{\"@id\":\"https:\\\/\\\/madoskampas.lt\\\/produktas\\\/grace-patch-sifonine-midi-suknele\\\/#breadcrumb\"},\"inLanguage\":\"lv-LV\",\"potentialAction\":[{\"@type\":\"ReadAction\",\"target\":[\"https:\\\/\\\/madoskampas.lt\\\/produktas\\\/grace-patch-sifonine-midi-suknele\\\/\"]}]},{\"@type\":\"ImageObject\",\"inLanguage\":\"lv-LV\",\"@id\":\"https:\\\/\\\/madoskampas.lt\\\/produktas\\\/grace-patch-sifonine-midi-suknele\\\/#primaryimage\",\"url\":\"https:\\\/\\\/madoskampas.lt\\\/wp-content\\\/uploads\\\/2026\\\/03\\\/IMG_0177-1.jpeg\",\"contentUrl\":\"https:\\\/\\\/madoskampas.lt\\\/wp-content\\\/uploads\\\/2026\\\/03\\\/IMG_0177-1.jpeg\",\"width\":1536,\"height\":2048},{\"@type\":\"BreadcrumbList\",\"@id\":\"https:\\\/\\\/madoskampas.lt\\\/produktas\\\/grace-patch-sifonine-midi-suknele\\\/#breadcrumb\",\"itemListElement\":[{\"@type\":\"ListItem\",\"position\":1,\"name\":\"Home\",\"item\":\"https:\\\/\\\/madoskampas.lt\\\/\"},{\"@type\":\"ListItem\",\"position\":2,\"name\":\"Parduotuv\u0117\",\"item\":\"https:\\\/\\\/madoskampas.lt\\\/parduotuve-2\\\/\"},{\"@type\":\"ListItem\",\"position\":3,\"name\":\"\u201eGrace Patch\u201c \u0161ifonin\u0117 midi suknel\u0117\"}]},{\"@type\":\"WebSite\",\"@id\":\"https:\\\/\\\/madoskampas.lt\\\/#website\",\"url\":\"https:\\\/\\\/madoskampas.lt\\\/\",\"name\":\"MadosKampas.lt\",\"description\":\"Stilingi drabu\u017eiai moterims\",\"potentialAction\":[{\"@type\":\"SearchAction\",\"target\":{\"@type\":\"EntryPoint\",\"urlTemplate\":\"https:\\\/\\\/madoskampas.lt\\\/?s={search_term_string}\"},\"query-input\":{\"@type\":\"PropertyValueSpecification\",\"valueRequired\":true,\"valueName\":\"search_term_string\"}}],\"inLanguage\":\"lv-LV\"}]}<\/script>\n<!-- \/ Yoast SEO plugin. -->","yoast_head_json":{"title":"\u201eGrace Patch\u201c \u0161ifonin\u0117 midi suknel\u0117 - MadosKampas.lt","robots":{"index":"index","follow":"follow","max-snippet":"max-snippet:-1","max-image-preview":"max-image-preview:large","max-video-preview":"max-video-preview:-1"},"canonical":"https:\/\/madoskampas.lt\/lv\/product\/grace-patch-sifonine-midi-suknele\/","og_locale":"lv_LV","og_type":"article","og_title":"\u201eGrace Patch\u201c \u0161ifonin\u0117 midi suknel\u0117 - MadosKampas.lt","og_description":"Lengva, eleganti\u0161ka ir subtiliai i\u0161skirtin\u0117 \u2013 \u201eGrace Patch\u201c suknel\u0117 sukurta moteriai, kuri m\u0117gsta stiling\u0105, bet neperkraut\u0105 \u012fvaizd\u012f. \u0160ifono audinys \u0161velniai krenta ir juda kartu su kiekvienu \u017eingsniu, suteikdamas lengvumo ir moteri\u0161kumo poj\u016bt\u012f. Unikalus ra\u0161tas kuria i\u0161skirtin\u012f charakter\u012f, o klasikin\u0117 vir\u0161utin\u0117 dalis su sagut\u0117mis i\u0161laiko elegancij\u0105. Liemuo \u0161velniai prisitaiko prie fig\u016bros, tod\u0117l suknel\u0117 gra\u017eiai i\u0161ry\u0161kina siluet\u0105 ir leid\u017eia jaustis patogiai vis\u0105 dien\u0105. Puikus pasirinkimas tiek kasdienai, tiek ypatingesn\u0117ms progoms \u2013 lengvai derinama su sportiniu ar eleganti\u0161ku avalyn\u0117s stiliumi.  Dydis Universalus \u2013 tinka nuo S iki L  I\u0161matavimai Ilgis \u2013 117 cmPer kr\u016btin\u0119 \u2013 51 cmLiemuo \u2013 37\u201351 cm (tempiasi)  Sud\u0117tis \u0160ifonas \u2728","og_url":"https:\/\/madoskampas.lt\/lv\/product\/grace-patch-sifonine-midi-suknele\/","og_site_name":"MadosKampas.lt","article_modified_time":"2026-04-10T09:38:29+00:00","og_image":[{"width":1536,"height":2048,"url":"https:\/\/madoskampas.lt\/wp-content\/uploads\/2026\/03\/IMG_0177-1.jpeg","type":"image\/jpeg"}],"twitter_card":"summary_large_image","twitter_misc":{"Est. reading time":"1 min\u016bte"},"schema":{"@context":"https:\/\/schema.org","@graph":[{"@type":"WebPage","@id":"https:\/\/madoskampas.lt\/produktas\/grace-patch-sifonine-midi-suknele\/","url":"https:\/\/madoskampas.lt\/produktas\/grace-patch-sifonine-midi-suknele\/","name":"\u201eGrace Patch\u201c \u0161ifonin\u0117 midi suknel\u0117 - MadosKampas.lt","isPartOf":{"@id":"https:\/\/madoskampas.lt\/#website"},"primaryImageOfPage":{"@id":"https:\/\/madoskampas.lt\/produktas\/grace-patch-sifonine-midi-suknele\/#primaryimage"},"image":{"@id":"https:\/\/madoskampas.lt\/produktas\/grace-patch-sifonine-midi-suknele\/#primaryimage"},"thumbnailUrl":"https:\/\/madoskampas.lt\/wp-content\/uploads\/2026\/03\/IMG_0177-1.jpeg","datePublished":"2026-03-17T09:16:23+00:00","dateModified":"2026-04-10T09:38:29+00:00","breadcrumb":{"@id":"https:\/\/madoskampas.lt\/produktas\/grace-patch-sifonine-midi-suknele\/#breadcrumb"},"inLanguage":"lv-LV","potentialAction":[{"@type":"ReadAction","target":["https:\/\/madoskampas.lt\/produktas\/grace-patch-sifonine-midi-suknele\/"]}]},{"@type":"ImageObject","inLanguage":"lv-LV","@id":"https:\/\/madoskampas.lt\/produktas\/grace-patch-sifonine-midi-suknele\/#primaryimage","url":"https:\/\/madoskampas.lt\/wp-content\/uploads\/2026\/03\/IMG_0177-1.jpeg","contentUrl":"https:\/\/madoskampas.lt\/wp-content\/uploads\/2026\/03\/IMG_0177-1.jpeg","width":1536,"height":2048},{"@type":"BreadcrumbList","@id":"https:\/\/madoskampas.lt\/produktas\/grace-patch-sifonine-midi-suknele\/#breadcrumb","itemListElement":[{"@type":"ListItem","position":1,"name":"Home","item":"https:\/\/madoskampas.lt\/"},{"@type":"ListItem","position":2,"name":"Parduotuv\u0117","item":"https:\/\/madoskampas.lt\/parduotuve-2\/"},{"@type":"ListItem","position":3,"name":"\u201eGrace Patch\u201c \u0161ifonin\u0117 midi suknel\u0117"}]},{"@type":"WebSite","@id":"https:\/\/madoskampas.lt\/#website","url":"https:\/\/madoskampas.lt\/","name":"FashionKampas.lt","description":"Stil\u012bgs ap\u0123\u0113rbs sieviet\u0113m","potentialAction":[{"@type":"SearchAction","target":{"@type":"EntryPoint","urlTemplate":"https:\/\/madoskampas.lt\/?s={search_term_string}"},"query-input":{"@type":"PropertyValueSpecification","valueRequired":true,"valueName":"search_term_string"}}],"inLanguage":"lv-LV"}]}},"uagb_featured_image_src":{"full":["https:\/\/madoskampas.lt\/wp-content\/uploads\/2026\/03\/IMG_0177-1.jpeg",1536,2048,false],"thumbnail":["https:\/\/madoskampas.lt\/wp-content\/uploads\/2026\/03\/IMG_0177-1-150x150.jpeg",150,150,true],"medium":["https:\/\/madoskampas.lt\/wp-content\/uploads\/2026\/03\/IMG_0177-1-225x300.jpeg",225,300,true],"medium_large":["https:\/\/madoskampas.lt\/wp-content\/uploads\/2026\/03\/IMG_0177-1-768x1024.jpeg",768,1024,true],"large":["https:\/\/madoskampas.lt\/wp-content\/uploads\/2026\/03\/IMG_0177-1-768x1024.jpeg",768,1024,true],"1536x1536":["https:\/\/madoskampas.lt\/wp-content\/uploads\/2026\/03\/IMG_0177-1-1152x1536.jpeg",1152,1536,true],"2048x2048":["https:\/\/madoskampas.lt\/wp-content\/uploads\/2026\/03\/IMG_0177-1.jpeg",1536,2048,false],"trp-custom-language-flag":["https:\/\/madoskampas.lt\/wp-content\/uploads\/2026\/03\/IMG_0177-1-9x12.jpeg",9,12,true],"nova-image-square":["https:\/\/madoskampas.lt\/wp-content\/uploads\/2026\/03\/IMG_0177-1-1100x1100.jpeg",1100,1100,true],"mixtas-product-03":["https:\/\/madoskampas.lt\/wp-content\/uploads\/2026\/03\/IMG_0177-1-600x345.jpeg",600,345,true],"woocommerce_thumbnail":["https:\/\/madoskampas.lt\/wp-content\/uploads\/2026\/03\/IMG_0177-1-700x700.jpeg",700,700,true],"woocommerce_single":["https:\/\/madoskampas.lt\/wp-content\/uploads\/2026\/03\/IMG_0177-1-1000x1333.jpeg",1000,1333,true],"woocommerce_gallery_thumbnail":["https:\/\/madoskampas.lt\/wp-content\/uploads\/2026\/03\/IMG_0177-1-250x250.jpeg",250,250,true],"variation_swatches_image_size":["https:\/\/madoskampas.lt\/wp-content\/uploads\/2026\/03\/IMG_0177-1-50x50.jpeg",50,50,true],"variation_swatches_tooltip_size":["https:\/\/madoskampas.lt\/wp-content\/uploads\/2026\/03\/IMG_0177-1-100x100.jpeg",100,100,true]},"uagb_author_info":{"display_name":"algirdasbart","author_link":"https:\/\/madoskampas.lt\/lv\/author\/"},"uagb_comment_info":0,"uagb_excerpt":"Lengva, eleganti\u0161ka ir subtiliai i\u0161skirtin\u0117 \u2013 \u201eGrace Patch\u201c suknel\u0117 sukurta moteriai, kuri m\u0117gsta stiling\u0105, bet neperkraut\u0105 \u012fvaizd\u012f. \u0160ifono audinys \u0161velniai krenta ir juda kartu su kiekvienu \u017eingsniu, suteikdamas lengvumo ir moteri\u0161kumo poj\u016bt\u012f. Unikalus ra\u0161tas kuria i\u0161skirtin\u012f charakter\u012f, o klasikin\u0117 vir\u0161utin\u0117 dalis su sagut\u0117mis i\u0161laiko elegancij\u0105. Liemuo \u0161velniai prisitaiko prie fig\u016bros, tod\u0117l suknel\u0117 gra\u017eiai i\u0161ry\u0161kina siluet\u0105&hellip;","jetpack_sharing_enabled":true,"_links":{"self":[{"href":"https:\/\/madoskampas.lt\/lv\/wp-json\/wp\/v2\/product\/29524","targetHints":{"allow":["GET"]}}],"collection":[{"href":"https:\/\/madoskampas.lt\/lv\/wp-json\/wp\/v2\/product"}],"about":[{"href":"https:\/\/madoskampas.lt\/lv\/wp-json\/wp\/v2\/types\/product"}],"replies":[{"embeddable":true,"href":"https:\/\/madoskampas.lt\/lv\/wp-json\/wp\/v2\/comments?post=29524"}],"wp:featuredmedia":[{"embeddable":true,"href":"https:\/\/madoskampas.lt\/lv\/wp-json\/wp\/v2\/media\/29525"}],"wp:attachment":[{"href":"https:\/\/madoskampas.lt\/lv\/wp-json\/wp\/v2\/media?parent=29524"}],"wp:term":[{"taxonomy":"product_brand","embeddable":true,"href":"https:\/\/madoskampas.lt\/lv\/wp-json\/wp\/v2\/product_brand?post=29524"},{"taxonomy":"product_cat","embeddable":true,"href":"https:\/\/madoskampas.lt\/lv\/wp-json\/wp\/v2\/product_cat?post=29524"},{"taxonomy":"product_tag","embeddable":true,"href":"https:\/\/madoskampas.lt\/lv\/wp-json\/wp\/v2\/product_tag?post=29524"}],"curies":[{"name":"wp","href":"https:\/\/api.w.org\/{rel}","templated":true}]}}