{"id":31569,"date":"2026-04-20T09:24:43","date_gmt":"2026-04-20T09:24:43","guid":{"rendered":"https:\/\/madoskampas.lt\/?post_type=product&#038;p=31569"},"modified":"2026-05-11T15:47:59","modified_gmt":"2026-05-11T15:47:59","slug":"soft-denim-touch-medvilninis-svarkelis","status":"publish","type":"product","link":"https:\/\/madoskampas.lt\/lv\/product\/soft-denim-touch-medvilninis-svarkelis\/","title":{"rendered":"\u201eSoft Denim Touch\u201c medvilninis \u0161varkelis"},"content":{"rendered":"<p data-start=\"169\" data-end=\"203\">Lengvumas, kuris atrodo stilingai.<\/p>\n<p data-start=\"205\" data-end=\"426\">\u201eSoft Denim Touch\u201c \u0161varkelis \u2013 tai nepakei\u010diamas kasdienio garderobo akcentas, kai norisi ka\u017eko tarp \u0161varkelio ir mar\u0161kini\u0173. 100% medviln\u0117 suteikia nat\u016bral\u0173 komfort\u0105, leid\u017eia odai kv\u0117puoti ir maloniai priglunda prie k\u016bno.<\/p>","protected":false},"excerpt":{"rendered":"<p data-start=\"169\" data-end=\"203\">Lengvumas, kuris atrodo stilingai.<\/p>\n<p data-start=\"205\" data-end=\"426\">\u201eSoft Denim Touch\u201c \u0161varkelis \u2013 tai nepakei\u010diamas kasdienio garderobo akcentas, kai norisi ka\u017eko tarp \u0161varkelio ir mar\u0161kini\u0173. 100% medviln\u0117 suteikia nat\u016bral\u0173 komfort\u0105, leid\u017eia odai kv\u0117puoti ir maloniai priglunda prie k\u016bno.<\/p>\n<p data-start=\"428\" data-end=\"651\">Apa\u010dioje esanti gumel\u0117 gra\u017eiai suformuoja siluet\u0105 \u2013 \u0161varkelis lengvai \u201esusirenka\u201c, tod\u0117l atrodo tvarkingai ir moderniai be joki\u0173 pastang\u0173. Laisvesnis vir\u0161us suteikia komforto, o trumpesnis ilgis subtiliai i\u0161ry\u0161kina liemen\u012f.<\/p>\n<p data-start=\"653\" data-end=\"731\">Puikiai dera su d\u017einsais, keln\u0117mis ar suknel\u0117mis \u2013 tikras kasdienis favoritas.<\/p>\n<hr data-start=\"733\" data-end=\"736\" \/>\n<h3 data-section-id=\"19e3lkg\" data-start=\"738\" data-end=\"765\"><span role=\"text\"><strong data-start=\"742\" data-end=\"765\">Kod\u0117l j\u012f pamilsite:<\/strong><\/span><\/h3>\n<p data-start=\"766\" data-end=\"955\">\u2022 100% medviln\u0117 \u2013 nat\u016bralus komfortas<br data-start=\"803\" data-end=\"806\" \/>\u2022 Kv\u0117puojantis, lengvas audinys<br data-start=\"837\" data-end=\"840\" \/>\u2022 Apa\u010dioje gumel\u0117 \u2013 gra\u017eiai formuoja siluet\u0105<br data-start=\"884\" data-end=\"887\" \/>\u2022 Laisvas, bet stilingas kritimas<br data-start=\"920\" data-end=\"923\" \/>\u2022 Lengvai derinamas prie visko<\/p>\n<hr data-start=\"957\" data-end=\"960\" \/>\n<h3 data-section-id=\"1u2ved3\" data-start=\"962\" data-end=\"982\"><span role=\"text\"><strong data-start=\"966\" data-end=\"982\">Izm\u0113ri:<\/strong><\/span><\/h3>\n<p data-start=\"983\" data-end=\"1046\">\u2022 Per kr\u016btin\u0119: ~60 cm<br data-start=\"1004\" data-end=\"1007\" \/>\u2022 Ilgis: ~57 cm<br data-start=\"1022\" data-end=\"1025\" \/>\u2022 Apa\u010dioje \u2013 gumel\u0117<\/p>\n<hr data-start=\"1048\" data-end=\"1051\" \/>\n<h3 data-section-id=\"xiokf3\" data-start=\"1053\" data-end=\"1067\"><span role=\"text\"><strong data-start=\"1057\" data-end=\"1067\">Izm\u0113rs:<\/strong><\/span><\/h3>\n<p data-start=\"1068\" data-end=\"1091\">Universalus (tinka S\u2013L)<\/p>\n<hr data-start=\"1093\" data-end=\"1096\" \/>\n<h3 data-section-id=\"1s6ku2v\" data-start=\"1098\" data-end=\"1114\"><span role=\"text\"><strong data-start=\"1102\" data-end=\"1114\">Sast\u0101vs:<\/strong><\/span><\/h3>\n<p data-start=\"1115\" data-end=\"1128\">100% medviln\u0117<\/p>","protected":false},"featured_media":31554,"comment_status":"open","ping_status":"closed","template":"","meta":{"_uag_custom_page_level_css":"","_monsterinsights_skip_tracking":false,"_monsterinsights_sitenote_active":false,"_monsterinsights_sitenote_note":"","_monsterinsights_sitenote_category":0},"product_brand":[],"product_cat":[66,72,95,79],"product_tag":[],"class_list":{"0":"post-31569","1":"product","2":"type-product","3":"status-publish","4":"has-post-thumbnail","6":"product_cat-drabuziai","7":"product_cat-marskiniai","8":"product_cat-naujausi","9":"product_cat-svarkai","10":"tm-has-options","12":"first","13":"instock","14":"shipping-taxable","15":"purchasable","16":"product-type-variable"},"yoast_head":"<!-- This site is optimized with the Yoast SEO plugin v27.6 - https:\/\/yoast.com\/product\/yoast-seo-wordpress\/ -->\n<title>\u201eSoft Denim Touch\u201c medvilninis \u0161varkelis - MadosKampas.lt<\/title>\n<meta name=\"robots\" content=\"index, follow, max-snippet:-1, max-image-preview:large, max-video-preview:-1\" \/>\n<link rel=\"canonical\" href=\"https:\/\/madoskampas.lt\/lv\/product\/soft-denim-touch-medvilninis-svarkelis\/\" \/>\n<meta property=\"og:locale\" content=\"lv_LV\" \/>\n<meta property=\"og:type\" content=\"article\" \/>\n<meta property=\"og:title\" content=\"\u201eSoft Denim Touch\u201c medvilninis \u0161varkelis - MadosKampas.lt\" \/>\n<meta property=\"og:description\" content=\"Lengvumas, kuris atrodo stilingai. \u201eSoft Denim Touch\u201c \u0161varkelis \u2013 tai nepakei\u010diamas kasdienio garderobo akcentas, kai norisi ka\u017eko tarp \u0161varkelio ir mar\u0161kini\u0173. 100% medviln\u0117 suteikia nat\u016bral\u0173 komfort\u0105, leid\u017eia odai kv\u0117puoti ir maloniai priglunda prie k\u016bno. Apa\u010dioje esanti gumel\u0117 gra\u017eiai suformuoja siluet\u0105 \u2013 \u0161varkelis lengvai \u201esusirenka\u201c, tod\u0117l atrodo tvarkingai ir moderniai be joki\u0173 pastang\u0173. Laisvesnis vir\u0161us suteikia komforto, o trumpesnis ilgis subtiliai i\u0161ry\u0161kina liemen\u012f. Puikiai dera su d\u017einsais, keln\u0117mis ar suknel\u0117mis \u2013 tikras kasdienis favoritas.     Kod\u0117l j\u012f pamilsite: \u2022 100% medviln\u0117 \u2013 nat\u016bralus komfortas\u2022 Kv\u0117puojantis, lengvas audinys\u2022 Apa\u010dioje gumel\u0117 \u2013 gra\u017eiai formuoja siluet\u0105\u2022 Laisvas, bet stilingas kritimas\u2022 Lengvai derinamas prie visko     I\u0161matavimai: \u2022 Per kr\u016btin\u0119: ~60 cm\u2022 Ilgis: ~57 cm\u2022 Apa\u010dioje \u2013 gumel\u0117     Dydis: Universalus (tinka S\u2013L)     Sud\u0117tis: 100% medviln\u0117\" \/>\n<meta property=\"og:url\" content=\"https:\/\/madoskampas.lt\/lv\/product\/soft-denim-touch-medvilninis-svarkelis\/\" \/>\n<meta property=\"og:site_name\" content=\"MadosKampas.lt\" \/>\n<meta property=\"article:modified_time\" content=\"2026-05-11T15:47:59+00:00\" \/>\n<meta property=\"og:image\" content=\"https:\/\/madoskampas.lt\/wp-content\/uploads\/2026\/04\/IMG_5454-2-scaled.jpeg\" \/>\n\t<meta property=\"og:image:width\" content=\"1920\" \/>\n\t<meta property=\"og:image:height\" content=\"2560\" \/>\n\t<meta property=\"og:image:type\" content=\"image\/jpeg\" \/>\n<meta name=\"twitter:card\" content=\"summary_large_image\" \/>\n<meta name=\"twitter:label1\" content=\"Est. reading time\" \/>\n\t<meta name=\"twitter:data1\" content=\"1 min\u016bte\" \/>\n<script type=\"application\/ld+json\" class=\"yoast-schema-graph\">{\"@context\":\"https:\\\/\\\/schema.org\",\"@graph\":[{\"@type\":\"WebPage\",\"@id\":\"https:\\\/\\\/madoskampas.lt\\\/produktas\\\/soft-denim-touch-medvilninis-svarkelis\\\/\",\"url\":\"https:\\\/\\\/madoskampas.lt\\\/produktas\\\/soft-denim-touch-medvilninis-svarkelis\\\/\",\"name\":\"\u201eSoft Denim Touch\u201c medvilninis \u0161varkelis - MadosKampas.lt\",\"isPartOf\":{\"@id\":\"https:\\\/\\\/madoskampas.lt\\\/#website\"},\"primaryImageOfPage\":{\"@id\":\"https:\\\/\\\/madoskampas.lt\\\/produktas\\\/soft-denim-touch-medvilninis-svarkelis\\\/#primaryimage\"},\"image\":{\"@id\":\"https:\\\/\\\/madoskampas.lt\\\/produktas\\\/soft-denim-touch-medvilninis-svarkelis\\\/#primaryimage\"},\"thumbnailUrl\":\"https:\\\/\\\/madoskampas.lt\\\/wp-content\\\/uploads\\\/2026\\\/04\\\/IMG_5454-2-scaled.jpeg\",\"datePublished\":\"2026-04-20T09:24:43+00:00\",\"dateModified\":\"2026-05-11T15:47:59+00:00\",\"breadcrumb\":{\"@id\":\"https:\\\/\\\/madoskampas.lt\\\/produktas\\\/soft-denim-touch-medvilninis-svarkelis\\\/#breadcrumb\"},\"inLanguage\":\"lv-LV\",\"potentialAction\":[{\"@type\":\"ReadAction\",\"target\":[\"https:\\\/\\\/madoskampas.lt\\\/produktas\\\/soft-denim-touch-medvilninis-svarkelis\\\/\"]}]},{\"@type\":\"ImageObject\",\"inLanguage\":\"lv-LV\",\"@id\":\"https:\\\/\\\/madoskampas.lt\\\/produktas\\\/soft-denim-touch-medvilninis-svarkelis\\\/#primaryimage\",\"url\":\"https:\\\/\\\/madoskampas.lt\\\/wp-content\\\/uploads\\\/2026\\\/04\\\/IMG_5454-2-scaled.jpeg\",\"contentUrl\":\"https:\\\/\\\/madoskampas.lt\\\/wp-content\\\/uploads\\\/2026\\\/04\\\/IMG_5454-2-scaled.jpeg\",\"width\":1920,\"height\":2560},{\"@type\":\"BreadcrumbList\",\"@id\":\"https:\\\/\\\/madoskampas.lt\\\/produktas\\\/soft-denim-touch-medvilninis-svarkelis\\\/#breadcrumb\",\"itemListElement\":[{\"@type\":\"ListItem\",\"position\":1,\"name\":\"Home\",\"item\":\"https:\\\/\\\/madoskampas.lt\\\/\"},{\"@type\":\"ListItem\",\"position\":2,\"name\":\"Parduotuv\u0117\",\"item\":\"https:\\\/\\\/madoskampas.lt\\\/parduotuve-2\\\/\"},{\"@type\":\"ListItem\",\"position\":3,\"name\":\"\u201eSoft Denim Touch\u201c medvilninis \u0161varkelis\"}]},{\"@type\":\"WebSite\",\"@id\":\"https:\\\/\\\/madoskampas.lt\\\/#website\",\"url\":\"https:\\\/\\\/madoskampas.lt\\\/\",\"name\":\"MadosKampas.lt\",\"description\":\"Stilingi drabu\u017eiai moterims\",\"potentialAction\":[{\"@type\":\"SearchAction\",\"target\":{\"@type\":\"EntryPoint\",\"urlTemplate\":\"https:\\\/\\\/madoskampas.lt\\\/?s={search_term_string}\"},\"query-input\":{\"@type\":\"PropertyValueSpecification\",\"valueRequired\":true,\"valueName\":\"search_term_string\"}}],\"inLanguage\":\"lv-LV\"}]}<\/script>\n<!-- \/ Yoast SEO plugin. -->","yoast_head_json":{"title":"\u201eSoft Denim Touch\u201c medvilninis \u0161varkelis - MadosKampas.lt","robots":{"index":"index","follow":"follow","max-snippet":"max-snippet:-1","max-image-preview":"max-image-preview:large","max-video-preview":"max-video-preview:-1"},"canonical":"https:\/\/madoskampas.lt\/lv\/product\/soft-denim-touch-medvilninis-svarkelis\/","og_locale":"lv_LV","og_type":"article","og_title":"\u201eSoft Denim Touch\u201c medvilninis \u0161varkelis - MadosKampas.lt","og_description":"Lengvumas, kuris atrodo stilingai. \u201eSoft Denim Touch\u201c \u0161varkelis \u2013 tai nepakei\u010diamas kasdienio garderobo akcentas, kai norisi ka\u017eko tarp \u0161varkelio ir mar\u0161kini\u0173. 100% medviln\u0117 suteikia nat\u016bral\u0173 komfort\u0105, leid\u017eia odai kv\u0117puoti ir maloniai priglunda prie k\u016bno. Apa\u010dioje esanti gumel\u0117 gra\u017eiai suformuoja siluet\u0105 \u2013 \u0161varkelis lengvai \u201esusirenka\u201c, tod\u0117l atrodo tvarkingai ir moderniai be joki\u0173 pastang\u0173. Laisvesnis vir\u0161us suteikia komforto, o trumpesnis ilgis subtiliai i\u0161ry\u0161kina liemen\u012f. Puikiai dera su d\u017einsais, keln\u0117mis ar suknel\u0117mis \u2013 tikras kasdienis favoritas.     Kod\u0117l j\u012f pamilsite: \u2022 100% medviln\u0117 \u2013 nat\u016bralus komfortas\u2022 Kv\u0117puojantis, lengvas audinys\u2022 Apa\u010dioje gumel\u0117 \u2013 gra\u017eiai formuoja siluet\u0105\u2022 Laisvas, bet stilingas kritimas\u2022 Lengvai derinamas prie visko     I\u0161matavimai: \u2022 Per kr\u016btin\u0119: ~60 cm\u2022 Ilgis: ~57 cm\u2022 Apa\u010dioje \u2013 gumel\u0117     Dydis: Universalus (tinka S\u2013L)     Sud\u0117tis: 100% medviln\u0117","og_url":"https:\/\/madoskampas.lt\/lv\/product\/soft-denim-touch-medvilninis-svarkelis\/","og_site_name":"MadosKampas.lt","article_modified_time":"2026-05-11T15:47:59+00:00","og_image":[{"width":1920,"height":2560,"url":"https:\/\/madoskampas.lt\/wp-content\/uploads\/2026\/04\/IMG_5454-2-scaled.jpeg","type":"image\/jpeg"}],"twitter_card":"summary_large_image","twitter_misc":{"Est. reading time":"1 min\u016bte"},"schema":{"@context":"https:\/\/schema.org","@graph":[{"@type":"WebPage","@id":"https:\/\/madoskampas.lt\/produktas\/soft-denim-touch-medvilninis-svarkelis\/","url":"https:\/\/madoskampas.lt\/produktas\/soft-denim-touch-medvilninis-svarkelis\/","name":"\u201eSoft Denim Touch\u201c medvilninis \u0161varkelis - MadosKampas.lt","isPartOf":{"@id":"https:\/\/madoskampas.lt\/#website"},"primaryImageOfPage":{"@id":"https:\/\/madoskampas.lt\/produktas\/soft-denim-touch-medvilninis-svarkelis\/#primaryimage"},"image":{"@id":"https:\/\/madoskampas.lt\/produktas\/soft-denim-touch-medvilninis-svarkelis\/#primaryimage"},"thumbnailUrl":"https:\/\/madoskampas.lt\/wp-content\/uploads\/2026\/04\/IMG_5454-2-scaled.jpeg","datePublished":"2026-04-20T09:24:43+00:00","dateModified":"2026-05-11T15:47:59+00:00","breadcrumb":{"@id":"https:\/\/madoskampas.lt\/produktas\/soft-denim-touch-medvilninis-svarkelis\/#breadcrumb"},"inLanguage":"lv-LV","potentialAction":[{"@type":"ReadAction","target":["https:\/\/madoskampas.lt\/produktas\/soft-denim-touch-medvilninis-svarkelis\/"]}]},{"@type":"ImageObject","inLanguage":"lv-LV","@id":"https:\/\/madoskampas.lt\/produktas\/soft-denim-touch-medvilninis-svarkelis\/#primaryimage","url":"https:\/\/madoskampas.lt\/wp-content\/uploads\/2026\/04\/IMG_5454-2-scaled.jpeg","contentUrl":"https:\/\/madoskampas.lt\/wp-content\/uploads\/2026\/04\/IMG_5454-2-scaled.jpeg","width":1920,"height":2560},{"@type":"BreadcrumbList","@id":"https:\/\/madoskampas.lt\/produktas\/soft-denim-touch-medvilninis-svarkelis\/#breadcrumb","itemListElement":[{"@type":"ListItem","position":1,"name":"Home","item":"https:\/\/madoskampas.lt\/"},{"@type":"ListItem","position":2,"name":"Parduotuv\u0117","item":"https:\/\/madoskampas.lt\/parduotuve-2\/"},{"@type":"ListItem","position":3,"name":"\u201eSoft Denim Touch\u201c medvilninis \u0161varkelis"}]},{"@type":"WebSite","@id":"https:\/\/madoskampas.lt\/#website","url":"https:\/\/madoskampas.lt\/","name":"FashionKampas.lt","description":"Stil\u012bgs ap\u0123\u0113rbs sieviet\u0113m","potentialAction":[{"@type":"SearchAction","target":{"@type":"EntryPoint","urlTemplate":"https:\/\/madoskampas.lt\/?s={search_term_string}"},"query-input":{"@type":"PropertyValueSpecification","valueRequired":true,"valueName":"search_term_string"}}],"inLanguage":"lv-LV"}]}},"uagb_featured_image_src":{"full":["https:\/\/madoskampas.lt\/wp-content\/uploads\/2026\/04\/IMG_5454-2-scaled.jpeg",1920,2560,false],"thumbnail":["https:\/\/madoskampas.lt\/wp-content\/uploads\/2026\/04\/IMG_5454-2-150x150.jpeg",150,150,true],"medium":["https:\/\/madoskampas.lt\/wp-content\/uploads\/2026\/04\/IMG_5454-2-225x300.jpeg",225,300,true],"medium_large":["https:\/\/madoskampas.lt\/wp-content\/uploads\/2026\/04\/IMG_5454-2-768x1024.jpeg",768,1024,true],"large":["https:\/\/madoskampas.lt\/wp-content\/uploads\/2026\/04\/IMG_5454-2-768x1024.jpeg",768,1024,true],"1536x1536":["https:\/\/madoskampas.lt\/wp-content\/uploads\/2026\/04\/IMG_5454-2-1152x1536.jpeg",1152,1536,true],"2048x2048":["https:\/\/madoskampas.lt\/wp-content\/uploads\/2026\/04\/IMG_5454-2-1536x2048.jpeg",1536,2048,true],"trp-custom-language-flag":["https:\/\/madoskampas.lt\/wp-content\/uploads\/2026\/04\/IMG_5454-2-9x12.jpeg",9,12,true],"nova-image-square":["https:\/\/madoskampas.lt\/wp-content\/uploads\/2026\/04\/IMG_5454-2-1100x1100.jpeg",1100,1100,true],"mixtas-product-03":["https:\/\/madoskampas.lt\/wp-content\/uploads\/2026\/04\/IMG_5454-2-600x345.jpeg",600,345,true],"woocommerce_thumbnail":["https:\/\/madoskampas.lt\/wp-content\/uploads\/2026\/04\/IMG_5454-2-700x700.jpeg",700,700,true],"woocommerce_single":["https:\/\/madoskampas.lt\/wp-content\/uploads\/2026\/04\/IMG_5454-2-1000x1333.jpeg",1000,1333,true],"woocommerce_gallery_thumbnail":["https:\/\/madoskampas.lt\/wp-content\/uploads\/2026\/04\/IMG_5454-2-250x250.jpeg",250,250,true],"variation_swatches_image_size":["https:\/\/madoskampas.lt\/wp-content\/uploads\/2026\/04\/IMG_5454-2-50x50.jpeg",50,50,true],"variation_swatches_tooltip_size":["https:\/\/madoskampas.lt\/wp-content\/uploads\/2026\/04\/IMG_5454-2-100x100.jpeg",100,100,true]},"uagb_author_info":{"display_name":"algirdasbart","author_link":"https:\/\/madoskampas.lt\/lv\/author\/"},"uagb_comment_info":0,"uagb_excerpt":"Lengvumas, kuris atrodo stilingai. \u201eSoft Denim Touch\u201c \u0161varkelis \u2013 tai nepakei\u010diamas kasdienio garderobo akcentas, kai norisi ka\u017eko tarp \u0161varkelio ir mar\u0161kini\u0173. 100% medviln\u0117 suteikia nat\u016bral\u0173 komfort\u0105, leid\u017eia odai kv\u0117puoti ir maloniai priglunda prie k\u016bno. Apa\u010dioje esanti gumel\u0117 gra\u017eiai suformuoja siluet\u0105 \u2013 \u0161varkelis lengvai \u201esusirenka\u201c, tod\u0117l atrodo tvarkingai ir moderniai be joki\u0173 pastang\u0173. Laisvesnis vir\u0161us suteikia&hellip;","jetpack_sharing_enabled":true,"_links":{"self":[{"href":"https:\/\/madoskampas.lt\/lv\/wp-json\/wp\/v2\/product\/31569","targetHints":{"allow":["GET"]}}],"collection":[{"href":"https:\/\/madoskampas.lt\/lv\/wp-json\/wp\/v2\/product"}],"about":[{"href":"https:\/\/madoskampas.lt\/lv\/wp-json\/wp\/v2\/types\/product"}],"replies":[{"embeddable":true,"href":"https:\/\/madoskampas.lt\/lv\/wp-json\/wp\/v2\/comments?post=31569"}],"wp:featuredmedia":[{"embeddable":true,"href":"https:\/\/madoskampas.lt\/lv\/wp-json\/wp\/v2\/media\/31554"}],"wp:attachment":[{"href":"https:\/\/madoskampas.lt\/lv\/wp-json\/wp\/v2\/media?parent=31569"}],"wp:term":[{"taxonomy":"product_brand","embeddable":true,"href":"https:\/\/madoskampas.lt\/lv\/wp-json\/wp\/v2\/product_brand?post=31569"},{"taxonomy":"product_cat","embeddable":true,"href":"https:\/\/madoskampas.lt\/lv\/wp-json\/wp\/v2\/product_cat?post=31569"},{"taxonomy":"product_tag","embeddable":true,"href":"https:\/\/madoskampas.lt\/lv\/wp-json\/wp\/v2\/product_tag?post=31569"}],"curies":[{"name":"wp","href":"https:\/\/api.w.org\/{rel}","templated":true}]}}