{"id":32132,"date":"2026-04-24T14:29:20","date_gmt":"2026-04-24T14:29:20","guid":{"rendered":"https:\/\/madoskampas.lt\/?post_type=product&#038;p=32132"},"modified":"2026-05-14T11:34:10","modified_gmt":"2026-05-14T11:34:10","slug":"biodance-hydro-cera-nol-real-deep-mask-4-vnt","status":"publish","type":"product","link":"https:\/\/madoskampas.lt\/lv\/product\/biodance-hydro-cera-nol-real-deep-mask-4-vnt\/","title":{"rendered":"Biodance Hydro Cera-Nol Real Deep Mask (4 vnt.)"},"content":{"rendered":"<p data-start=\"53\" data-end=\"245\">Tikras komfortas pavargusiai ir dehidratuotai odai \ud83e\udd0d<br data-start=\"123\" data-end=\"126\" \/>\u0160i lak\u0161tin\u0117 veido kauk\u0117 su keramidu ir pantenoliu intensyviai dr\u0117kina, ramina ir padeda atkurti odos apsaugin\u012f barjer\u0105.<\/p>\n<p data-start=\"247\" data-end=\"462\">Hialurono r\u016bg\u0161tis giliai prisotina od\u0105 dr\u0117gme, o veikli\u0173j\u0173 med\u017eiag\u0173 derinys suteikia \u0161velnumo, elastingumo ir ilgai i\u0161liekant\u012f komforto jausm\u0105. Puikus pasirinkimas, kai oda jau\u010diasi i\u0161saus\u0117jusi, jautri ar pavargusi.<\/p>\n<p data-start=\"464\" data-end=\"546\">Po naudojimo oda tampa mink\u0161ta, sudr\u0117kinta ir nuraminta \u2013 lyg po gero SPA ritualo.<\/p>\n<p data-start=\"548\" data-end=\"621\">\n<p data-start=\"633\" data-end=\"679\" data-is-last-node=\"\" data-is-only-node=\"\">","protected":false},"excerpt":{"rendered":"<section class=\"text-token-text-primary w-full focus:outline-none [--shadow-height:45px] has-data-writing-block:pointer-events-none has-data-writing-block:-mt-(--shadow-height) has-data-writing-block:pt-(--shadow-height) [&amp;:has([data-writing-block])&gt;*]:pointer-events-auto [content-visibility:auto] supports-[content-visibility:auto]:[contain-intrinsic-size:auto_100lvh] R6Vx5W_threadScrollVars scroll-mb-[calc(var(--scroll-root-safe-area-inset-bottom,0px)+var(--thread-response-height))] scroll-mt-[calc(var(--header-height)+min(200px,max(70px,20svh)))]\" dir=\"auto\" data-turn-id=\"request-WEB:26891775-7b76-41f7-981d-e85cc925e6d7-108\" data-testid=\"conversation-turn-104\" data-scroll-anchor=\"false\" data-turn=\"assistant\">\n<div class=\"text-base my-auto mx-auto pb-10 [--thread-content-margin:var(--thread-content-margin-xs,calc(var(--spacing)*4))] @w-sm\/main:[--thread-content-margin:var(--thread-content-margin-sm,calc(var(--spacing)*6))] @w-lg\/main:[--thread-content-margin:var(--thread-content-margin-lg,calc(var(--spacing)*16))] px-(--thread-content-margin)\">\n<div class=\"[--thread-content-max-width:40rem] @w-lg\/main:[--thread-content-max-width:48rem] mx-auto max-w-(--thread-content-max-width) flex-1 group\/turn-messages focus-visible:outline-hidden relative flex w-full min-w-0 flex-col agent-turn\">\n<div class=\"flex max-w-full flex-col gap-4 grow\">\n<div class=\"min-h-8 text-message relative flex w-full flex-col items-end gap-2 text-start break-words whitespace-normal outline-none keyboard-focused:focus-ring [.text-message+&amp;]:mt-1\" dir=\"auto\" data-message-author-role=\"assistant\" data-message-id=\"b895640c-ad74-46b4-9d0b-b501d35b81b1\" data-message-model-slug=\"gpt-5-3\" data-turn-start-message=\"true\">\n<div class=\"flex w-full flex-col gap-1 empty:hidden\">\n<div class=\"markdown prose dark:prose-invert w-full wrap-break-word light markdown-new-styling\">\n<p data-start=\"53\" data-end=\"245\">Tikras komfortas pavargusiai ir dehidratuotai odai \ud83e\udd0d<br data-start=\"123\" data-end=\"126\" \/>\u0160i lak\u0161tin\u0117 veido kauk\u0117 su keramidu ir pantenoliu intensyviai dr\u0117kina, ramina ir padeda atkurti odos apsaugin\u012f barjer\u0105.<\/p>\n<p data-start=\"247\" data-end=\"462\">Hialurono r\u016bg\u0161tis giliai prisotina od\u0105 dr\u0117gme, o veikli\u0173j\u0173 med\u017eiag\u0173 derinys suteikia \u0161velnumo, elastingumo ir ilgai i\u0161liekant\u012f komforto jausm\u0105. Puikus pasirinkimas, kai oda jau\u010diasi i\u0161saus\u0117jusi, jautri ar pavargusi.<\/p>\n<p data-start=\"464\" data-end=\"546\">Po naudojimo oda tampa mink\u0161ta, sudr\u0117kinta ir nuraminta \u2013 lyg po gero SPA ritualo.<\/p>\n<p data-start=\"548\" data-end=\"621\">\ud83d\udca7 Intensyviai dr\u0117kina<br data-start=\"570\" data-end=\"573\" \/>\ud83c\udf3f Ramina ir maitina<br data-start=\"593\" data-end=\"596\" \/>\u2728 Stiprina odos barjer\u0105<\/p>\n<p data-start=\"623\" data-end=\"654\"><strong data-start=\"623\" data-end=\"637\">Pakuot\u0117je:<\/strong> 4 vnt. (po 34 g)<\/p>\n<p data-start=\"656\" data-end=\"705\" data-is-last-node=\"\" data-is-only-node=\"\">\ud83e\udd0d \u0160velni prie\u017ei\u016bra, kurios oda tikrai nusipeln\u0117.<\/p>\n<\/div>\n<\/div>\n<\/div>\n<\/div>\n<div class=\"z-0 flex min-h-[46px] justify-start\"><\/div>\n<\/div>\n<\/div>\n<\/section>\n","protected":false},"featured_media":32131,"comment_status":"open","ping_status":"closed","template":"","meta":{"_uag_custom_page_level_css":"","_monsterinsights_skip_tracking":false,"_monsterinsights_sitenote_active":false,"_monsterinsights_sitenote_note":"","_monsterinsights_sitenote_category":0},"product_brand":[],"product_cat":[203,95],"product_tag":[],"class_list":{"0":"post-32132","1":"product","2":"type-product","3":"status-publish","4":"has-post-thumbnail","6":"product_cat-dovanu-idejos","7":"product_cat-naujausi","8":"tm-has-options","10":"first","11":"instock","12":"sale","13":"shipping-taxable","14":"purchasable","15":"product-type-simple"},"yoast_head":"<!-- This site is optimized with the Yoast SEO plugin v27.6 - https:\/\/yoast.com\/product\/yoast-seo-wordpress\/ -->\n<title>Biodance Hydro Cera-Nol Real Deep Mask (4 vnt.) - MadosKampas.lt<\/title>\n<meta name=\"robots\" content=\"index, follow, max-snippet:-1, max-image-preview:large, max-video-preview:-1\" \/>\n<link rel=\"canonical\" href=\"https:\/\/madoskampas.lt\/lv\/product\/biodance-hydro-cera-nol-real-deep-mask-4-vnt\/\" \/>\n<meta property=\"og:locale\" content=\"lv_LV\" \/>\n<meta property=\"og:type\" content=\"article\" \/>\n<meta property=\"og:title\" content=\"Biodance Hydro Cera-Nol Real Deep Mask (4 vnt.) - MadosKampas.lt\" \/>\n<meta property=\"og:description\" content=\"Tikras komfortas pavargusiai ir dehidratuotai odai \ud83e\udd0d\u0160i lak\u0161tin\u0117 veido kauk\u0117 su keramidu ir pantenoliu intensyviai dr\u0117kina, ramina ir padeda atkurti odos apsaugin\u012f barjer\u0105. Hialurono r\u016bg\u0161tis giliai prisotina od\u0105 dr\u0117gme, o veikli\u0173j\u0173 med\u017eiag\u0173 derinys suteikia \u0161velnumo, elastingumo ir ilgai i\u0161liekant\u012f komforto jausm\u0105. Puikus pasirinkimas, kai oda jau\u010diasi i\u0161saus\u0117jusi, jautri ar pavargusi. Po naudojimo oda tampa mink\u0161ta, sudr\u0117kinta ir nuraminta \u2013 lyg po gero SPA ritualo. \ud83d\udca7 Intensyviai dr\u0117kina\ud83c\udf3f Ramina ir maitina\u2728 Stiprina odos barjer\u0105 Pakuot\u0117je: 4 vnt. (po 34 g) \ud83e\udd0d \u0160velni prie\u017ei\u016bra, kurios oda tikrai nusipeln\u0117.\" \/>\n<meta property=\"og:url\" content=\"https:\/\/madoskampas.lt\/lv\/product\/biodance-hydro-cera-nol-real-deep-mask-4-vnt\/\" \/>\n<meta property=\"og:site_name\" content=\"MadosKampas.lt\" \/>\n<meta property=\"article:modified_time\" content=\"2026-05-14T11:34:10+00:00\" \/>\n<meta property=\"og:image\" content=\"https:\/\/madoskampas.lt\/wp-content\/uploads\/2026\/04\/IMG_6532.jpg\" \/>\n\t<meta property=\"og:image:width\" content=\"824\" \/>\n\t<meta property=\"og:image:height\" content=\"859\" \/>\n\t<meta property=\"og:image:type\" content=\"image\/jpeg\" \/>\n<meta name=\"twitter:card\" content=\"summary_large_image\" \/>\n<meta name=\"twitter:label1\" content=\"Est. reading time\" \/>\n\t<meta name=\"twitter:data1\" content=\"1 min\u016bte\" \/>\n<script type=\"application\/ld+json\" class=\"yoast-schema-graph\">{\"@context\":\"https:\\\/\\\/schema.org\",\"@graph\":[{\"@type\":\"WebPage\",\"@id\":\"https:\\\/\\\/madoskampas.lt\\\/produktas\\\/biodance-hydro-cera-nol-real-deep-mask-4-vnt\\\/\",\"url\":\"https:\\\/\\\/madoskampas.lt\\\/produktas\\\/biodance-hydro-cera-nol-real-deep-mask-4-vnt\\\/\",\"name\":\"Biodance Hydro Cera-Nol Real Deep Mask (4 vnt.) - MadosKampas.lt\",\"isPartOf\":{\"@id\":\"https:\\\/\\\/madoskampas.lt\\\/#website\"},\"primaryImageOfPage\":{\"@id\":\"https:\\\/\\\/madoskampas.lt\\\/produktas\\\/biodance-hydro-cera-nol-real-deep-mask-4-vnt\\\/#primaryimage\"},\"image\":{\"@id\":\"https:\\\/\\\/madoskampas.lt\\\/produktas\\\/biodance-hydro-cera-nol-real-deep-mask-4-vnt\\\/#primaryimage\"},\"thumbnailUrl\":\"https:\\\/\\\/madoskampas.lt\\\/wp-content\\\/uploads\\\/2026\\\/04\\\/IMG_6532.jpg\",\"datePublished\":\"2026-04-24T14:29:20+00:00\",\"dateModified\":\"2026-05-14T11:34:10+00:00\",\"breadcrumb\":{\"@id\":\"https:\\\/\\\/madoskampas.lt\\\/produktas\\\/biodance-hydro-cera-nol-real-deep-mask-4-vnt\\\/#breadcrumb\"},\"inLanguage\":\"lv-LV\",\"potentialAction\":[{\"@type\":\"ReadAction\",\"target\":[\"https:\\\/\\\/madoskampas.lt\\\/produktas\\\/biodance-hydro-cera-nol-real-deep-mask-4-vnt\\\/\"]}]},{\"@type\":\"ImageObject\",\"inLanguage\":\"lv-LV\",\"@id\":\"https:\\\/\\\/madoskampas.lt\\\/produktas\\\/biodance-hydro-cera-nol-real-deep-mask-4-vnt\\\/#primaryimage\",\"url\":\"https:\\\/\\\/madoskampas.lt\\\/wp-content\\\/uploads\\\/2026\\\/04\\\/IMG_6532.jpg\",\"contentUrl\":\"https:\\\/\\\/madoskampas.lt\\\/wp-content\\\/uploads\\\/2026\\\/04\\\/IMG_6532.jpg\",\"width\":824,\"height\":859,\"caption\":\"Screenshot\"},{\"@type\":\"BreadcrumbList\",\"@id\":\"https:\\\/\\\/madoskampas.lt\\\/produktas\\\/biodance-hydro-cera-nol-real-deep-mask-4-vnt\\\/#breadcrumb\",\"itemListElement\":[{\"@type\":\"ListItem\",\"position\":1,\"name\":\"Home\",\"item\":\"https:\\\/\\\/madoskampas.lt\\\/\"},{\"@type\":\"ListItem\",\"position\":2,\"name\":\"Parduotuv\u0117\",\"item\":\"https:\\\/\\\/madoskampas.lt\\\/parduotuve-2\\\/\"},{\"@type\":\"ListItem\",\"position\":3,\"name\":\"Biodance Hydro Cera-Nol Real Deep Mask (4 vnt.)\"}]},{\"@type\":\"WebSite\",\"@id\":\"https:\\\/\\\/madoskampas.lt\\\/#website\",\"url\":\"https:\\\/\\\/madoskampas.lt\\\/\",\"name\":\"MadosKampas.lt\",\"description\":\"Stilingi drabu\u017eiai moterims\",\"potentialAction\":[{\"@type\":\"SearchAction\",\"target\":{\"@type\":\"EntryPoint\",\"urlTemplate\":\"https:\\\/\\\/madoskampas.lt\\\/?s={search_term_string}\"},\"query-input\":{\"@type\":\"PropertyValueSpecification\",\"valueRequired\":true,\"valueName\":\"search_term_string\"}}],\"inLanguage\":\"lv-LV\"}]}<\/script>\n<!-- \/ Yoast SEO plugin. -->","yoast_head_json":{"title":"Biodance Hydro Cera-Nol Real Deep Mask (4 vnt.) - MadosKampas.lt","robots":{"index":"index","follow":"follow","max-snippet":"max-snippet:-1","max-image-preview":"max-image-preview:large","max-video-preview":"max-video-preview:-1"},"canonical":"https:\/\/madoskampas.lt\/lv\/product\/biodance-hydro-cera-nol-real-deep-mask-4-vnt\/","og_locale":"lv_LV","og_type":"article","og_title":"Biodance Hydro Cera-Nol Real Deep Mask (4 vnt.) - MadosKampas.lt","og_description":"Tikras komfortas pavargusiai ir dehidratuotai odai \ud83e\udd0d\u0160i lak\u0161tin\u0117 veido kauk\u0117 su keramidu ir pantenoliu intensyviai dr\u0117kina, ramina ir padeda atkurti odos apsaugin\u012f barjer\u0105. Hialurono r\u016bg\u0161tis giliai prisotina od\u0105 dr\u0117gme, o veikli\u0173j\u0173 med\u017eiag\u0173 derinys suteikia \u0161velnumo, elastingumo ir ilgai i\u0161liekant\u012f komforto jausm\u0105. Puikus pasirinkimas, kai oda jau\u010diasi i\u0161saus\u0117jusi, jautri ar pavargusi. Po naudojimo oda tampa mink\u0161ta, sudr\u0117kinta ir nuraminta \u2013 lyg po gero SPA ritualo. \ud83d\udca7 Intensyviai dr\u0117kina\ud83c\udf3f Ramina ir maitina\u2728 Stiprina odos barjer\u0105 Pakuot\u0117je: 4 vnt. (po 34 g) \ud83e\udd0d \u0160velni prie\u017ei\u016bra, kurios oda tikrai nusipeln\u0117.","og_url":"https:\/\/madoskampas.lt\/lv\/product\/biodance-hydro-cera-nol-real-deep-mask-4-vnt\/","og_site_name":"MadosKampas.lt","article_modified_time":"2026-05-14T11:34:10+00:00","og_image":[{"width":824,"height":859,"url":"https:\/\/madoskampas.lt\/wp-content\/uploads\/2026\/04\/IMG_6532.jpg","type":"image\/jpeg"}],"twitter_card":"summary_large_image","twitter_misc":{"Est. reading time":"1 min\u016bte"},"schema":{"@context":"https:\/\/schema.org","@graph":[{"@type":"WebPage","@id":"https:\/\/madoskampas.lt\/produktas\/biodance-hydro-cera-nol-real-deep-mask-4-vnt\/","url":"https:\/\/madoskampas.lt\/produktas\/biodance-hydro-cera-nol-real-deep-mask-4-vnt\/","name":"Biodance Hydro Cera-Nol Real Deep Mask (4 vnt.) - MadosKampas.lt","isPartOf":{"@id":"https:\/\/madoskampas.lt\/#website"},"primaryImageOfPage":{"@id":"https:\/\/madoskampas.lt\/produktas\/biodance-hydro-cera-nol-real-deep-mask-4-vnt\/#primaryimage"},"image":{"@id":"https:\/\/madoskampas.lt\/produktas\/biodance-hydro-cera-nol-real-deep-mask-4-vnt\/#primaryimage"},"thumbnailUrl":"https:\/\/madoskampas.lt\/wp-content\/uploads\/2026\/04\/IMG_6532.jpg","datePublished":"2026-04-24T14:29:20+00:00","dateModified":"2026-05-14T11:34:10+00:00","breadcrumb":{"@id":"https:\/\/madoskampas.lt\/produktas\/biodance-hydro-cera-nol-real-deep-mask-4-vnt\/#breadcrumb"},"inLanguage":"lv-LV","potentialAction":[{"@type":"ReadAction","target":["https:\/\/madoskampas.lt\/produktas\/biodance-hydro-cera-nol-real-deep-mask-4-vnt\/"]}]},{"@type":"ImageObject","inLanguage":"lv-LV","@id":"https:\/\/madoskampas.lt\/produktas\/biodance-hydro-cera-nol-real-deep-mask-4-vnt\/#primaryimage","url":"https:\/\/madoskampas.lt\/wp-content\/uploads\/2026\/04\/IMG_6532.jpg","contentUrl":"https:\/\/madoskampas.lt\/wp-content\/uploads\/2026\/04\/IMG_6532.jpg","width":824,"height":859,"caption":"Screenshot"},{"@type":"BreadcrumbList","@id":"https:\/\/madoskampas.lt\/produktas\/biodance-hydro-cera-nol-real-deep-mask-4-vnt\/#breadcrumb","itemListElement":[{"@type":"ListItem","position":1,"name":"Home","item":"https:\/\/madoskampas.lt\/"},{"@type":"ListItem","position":2,"name":"Parduotuv\u0117","item":"https:\/\/madoskampas.lt\/parduotuve-2\/"},{"@type":"ListItem","position":3,"name":"Biodance Hydro Cera-Nol Real Deep Mask (4 vnt.)"}]},{"@type":"WebSite","@id":"https:\/\/madoskampas.lt\/#website","url":"https:\/\/madoskampas.lt\/","name":"FashionKampas.lt","description":"Stil\u012bgs ap\u0123\u0113rbs sieviet\u0113m","potentialAction":[{"@type":"SearchAction","target":{"@type":"EntryPoint","urlTemplate":"https:\/\/madoskampas.lt\/?s={search_term_string}"},"query-input":{"@type":"PropertyValueSpecification","valueRequired":true,"valueName":"search_term_string"}}],"inLanguage":"lv-LV"}]}},"uagb_featured_image_src":{"full":["https:\/\/madoskampas.lt\/wp-content\/uploads\/2026\/04\/IMG_6532.jpg",824,859,false],"thumbnail":["https:\/\/madoskampas.lt\/wp-content\/uploads\/2026\/04\/IMG_6532-150x150.jpg",150,150,true],"medium":["https:\/\/madoskampas.lt\/wp-content\/uploads\/2026\/04\/IMG_6532-288x300.jpg",288,300,true],"medium_large":["https:\/\/madoskampas.lt\/wp-content\/uploads\/2026\/04\/IMG_6532-768x801.jpg",768,801,true],"large":["https:\/\/madoskampas.lt\/wp-content\/uploads\/2026\/04\/IMG_6532.jpg",824,859,false],"1536x1536":["https:\/\/madoskampas.lt\/wp-content\/uploads\/2026\/04\/IMG_6532.jpg",824,859,false],"2048x2048":["https:\/\/madoskampas.lt\/wp-content\/uploads\/2026\/04\/IMG_6532.jpg",824,859,false],"trp-custom-language-flag":["https:\/\/madoskampas.lt\/wp-content\/uploads\/2026\/04\/IMG_6532-12x12.jpg",12,12,true],"nova-image-square":["https:\/\/madoskampas.lt\/wp-content\/uploads\/2026\/04\/IMG_6532.jpg",824,859,false],"mixtas-product-03":["https:\/\/madoskampas.lt\/wp-content\/uploads\/2026\/04\/IMG_6532-600x345.jpg",600,345,true],"woocommerce_thumbnail":["https:\/\/madoskampas.lt\/wp-content\/uploads\/2026\/04\/IMG_6532-700x700.jpg",700,700,true],"woocommerce_single":["https:\/\/madoskampas.lt\/wp-content\/uploads\/2026\/04\/IMG_6532.jpg",824,859,false],"woocommerce_gallery_thumbnail":["https:\/\/madoskampas.lt\/wp-content\/uploads\/2026\/04\/IMG_6532-250x250.jpg",250,250,true],"variation_swatches_image_size":["https:\/\/madoskampas.lt\/wp-content\/uploads\/2026\/04\/IMG_6532-50x50.jpg",50,50,true],"variation_swatches_tooltip_size":["https:\/\/madoskampas.lt\/wp-content\/uploads\/2026\/04\/IMG_6532-100x100.jpg",100,100,true]},"uagb_author_info":{"display_name":"algirdasbart","author_link":"https:\/\/madoskampas.lt\/lv\/author\/"},"uagb_comment_info":0,"uagb_excerpt":"Tikras komfortas pavargusiai ir dehidratuotai odai \ud83e\udd0d\u0160i lak\u0161tin\u0117 veido kauk\u0117 su keramidu ir pantenoliu intensyviai dr\u0117kina, ramina ir padeda atkurti odos apsaugin\u012f barjer\u0105. Hialurono r\u016bg\u0161tis giliai prisotina od\u0105 dr\u0117gme, o veikli\u0173j\u0173 med\u017eiag\u0173 derinys suteikia \u0161velnumo, elastingumo ir ilgai i\u0161liekant\u012f komforto jausm\u0105. Puikus pasirinkimas, kai oda jau\u010diasi i\u0161saus\u0117jusi, jautri ar pavargusi. Po naudojimo oda tampa mink\u0161ta,&hellip;","jetpack_sharing_enabled":true,"_links":{"self":[{"href":"https:\/\/madoskampas.lt\/lv\/wp-json\/wp\/v2\/product\/32132","targetHints":{"allow":["GET"]}}],"collection":[{"href":"https:\/\/madoskampas.lt\/lv\/wp-json\/wp\/v2\/product"}],"about":[{"href":"https:\/\/madoskampas.lt\/lv\/wp-json\/wp\/v2\/types\/product"}],"replies":[{"embeddable":true,"href":"https:\/\/madoskampas.lt\/lv\/wp-json\/wp\/v2\/comments?post=32132"}],"wp:featuredmedia":[{"embeddable":true,"href":"https:\/\/madoskampas.lt\/lv\/wp-json\/wp\/v2\/media\/32131"}],"wp:attachment":[{"href":"https:\/\/madoskampas.lt\/lv\/wp-json\/wp\/v2\/media?parent=32132"}],"wp:term":[{"taxonomy":"product_brand","embeddable":true,"href":"https:\/\/madoskampas.lt\/lv\/wp-json\/wp\/v2\/product_brand?post=32132"},{"taxonomy":"product_cat","embeddable":true,"href":"https:\/\/madoskampas.lt\/lv\/wp-json\/wp\/v2\/product_cat?post=32132"},{"taxonomy":"product_tag","embeddable":true,"href":"https:\/\/madoskampas.lt\/lv\/wp-json\/wp\/v2\/product_tag?post=32132"}],"curies":[{"name":"wp","href":"https:\/\/api.w.org\/{rel}","templated":true}]}}