{"id":32276,"date":"2026-04-27T08:36:16","date_gmt":"2026-04-27T08:36:16","guid":{"rendered":"https:\/\/madoskampas.lt\/?post_type=product&#038;p=32276"},"modified":"2026-05-13T08:06:30","modified_gmt":"2026-05-13T08:06:30","slug":"velvet-ease-veliurinis-kostiumelis-su-sortais","status":"publish","type":"product","link":"https:\/\/madoskampas.lt\/lv\/product\/velvet-ease-veliurinis-kostiumelis-su-sortais\/","title":{"rendered":"\u201eVelvet Ease\u201c veli\u016brinis kostium\u0117lis su \u0161ortais"},"content":{"rendered":"<p data-start=\"154\" data-end=\"197\">Lengvumas, kur\u012f norisi vilk\u0117ti kasdien \ud83d\udc9b<\/p>\n<p data-start=\"199\" data-end=\"372\">\u0160velnus veli\u016brinis kostium\u0117lis, kuris sukuria tvarking\u0105, bet labai patog\u0173 \u012fvaizd\u012f. Audinys maloniai glunda prie k\u016bno, suteikia jaukumo ir leid\u017eia jaustis laisvai vis\u0105 dien\u0105.<\/p>\n<p data-start=\"374\" data-end=\"570\">D\u017eemperis laisvesnio kirpimo, su \u0161iek tiek ilgesne nugara \u2013 gra\u017eiai krenta ir suteikia subtilios elegancijos. \u0160ortai patog\u016bs, su guma liemenyje, lengvai prisitaiko prie fig\u016bros ir nevar\u017eo judesi\u0173.<\/p>\n<p data-start=\"572\" data-end=\"688\">Puikiai tinka tiek kasdienai, tiek atostogoms ar jaukiems savaitgaliams \u2013 kai norisi atrodyti stilingai be pastang\u0173.<\/p>","protected":false},"excerpt":{"rendered":"<p data-start=\"154\" data-end=\"197\">Lengvumas, kur\u012f norisi vilk\u0117ti kasdien \ud83d\udc9b<\/p>\n<p data-start=\"199\" data-end=\"372\">\u0160velnus veli\u016brinis kostium\u0117lis, kuris sukuria tvarking\u0105, bet labai patog\u0173 \u012fvaizd\u012f. Audinys maloniai glunda prie k\u016bno, suteikia jaukumo ir leid\u017eia jaustis laisvai vis\u0105 dien\u0105.<\/p>\n<p data-start=\"374\" data-end=\"570\">D\u017eemperis laisvesnio kirpimo, su \u0161iek tiek ilgesne nugara \u2013 gra\u017eiai krenta ir suteikia subtilios elegancijos. \u0160ortai patog\u016bs, su guma liemenyje, lengvai prisitaiko prie fig\u016bros ir nevar\u017eo judesi\u0173.<\/p>\n<p data-start=\"572\" data-end=\"688\">Puikiai tinka tiek kasdienai, tiek atostogoms ar jaukiems savaitgaliams \u2013 kai norisi atrodyti stilingai be pastang\u0173.<\/p>\n<hr data-start=\"690\" data-end=\"693\" \/>\n<p data-start=\"695\" data-end=\"713\"><strong data-start=\"695\" data-end=\"711\">Izm\u0113ri:<\/strong><\/p>\n<p data-start=\"715\" data-end=\"792\"><strong data-start=\"715\" data-end=\"729\">D\u017eemperis:<\/strong><br data-start=\"729\" data-end=\"732\" \/>Ilgis \u2013 60 cm (nugara ilgesn\u0117 ~5 cm)<br data-start=\"768\" data-end=\"771\" \/>Per kr\u016btin\u0119 \u2013 56 cm<\/p>\n<p data-start=\"794\" data-end=\"872\"><strong data-start=\"794\" data-end=\"805\">\u0160ortai:<\/strong><br data-start=\"805\" data-end=\"808\" \/>Ilgis \u2013 44 cm<br data-start=\"821\" data-end=\"824\" \/>Per klubus \u2013 55 cm<br data-start=\"842\" data-end=\"845\" \/>Liemuo \u2013 nuo 35 iki 50 cm<\/p>\n<p data-start=\"874\" data-end=\"893\">Izm\u0113rs: <strong data-start=\"881\" data-end=\"893\">S\u2013L \/ XL<\/strong><\/p>\n<hr data-start=\"895\" data-end=\"898\" \/>\n<p data-start=\"900\" data-end=\"942\"><strong data-start=\"900\" data-end=\"912\">Sast\u0101vs:<\/strong><br data-start=\"912\" data-end=\"915\" \/>95% viskoz\u0117, 5% elastanas<\/p>\n<hr data-start=\"944\" data-end=\"947\" \/>\n<p data-start=\"949\" data-end=\"1205\"><strong data-start=\"949\" data-end=\"973\">Kod\u0117l verta rinktis:<\/strong><br data-start=\"973\" data-end=\"976\" \/>\u2022 Veli\u016brinis audinys \u2013 mink\u0161tas, \u0161velnus ir jaukus<br data-start=\"1026\" data-end=\"1029\" \/>\u2022 Laisvas, patogus kirpimas<br data-start=\"1056\" data-end=\"1059\" \/>\u2022 Guma liemenyje \u2013 prisitaiko prie fig\u016bros<br data-start=\"1101\" data-end=\"1104\" \/>\u2022 Universalus \u2013 tinka tiek namams, tiek i\u0161\u0117jimui<br data-start=\"1152\" data-end=\"1155\" \/>\u2022 Lengvai derinamas su sportba\u010diais ar basut\u0117mis<\/p>","protected":false},"featured_media":32281,"comment_status":"open","ping_status":"closed","template":"","meta":{"_uag_custom_page_level_css":"","_monsterinsights_skip_tracking":false,"_monsterinsights_sitenote_active":false,"_monsterinsights_sitenote_note":"","_monsterinsights_sitenote_category":0},"product_brand":[],"product_cat":[66,70,95],"product_tag":[],"class_list":{"0":"post-32276","1":"product","2":"type-product","3":"status-publish","4":"has-post-thumbnail","6":"product_cat-drabuziai","7":"product_cat-kostiumeliai","8":"product_cat-naujausi","9":"tm-has-options","11":"first","12":"instock","13":"sale","14":"shipping-taxable","15":"purchasable","16":"product-type-variable"},"yoast_head":"<!-- This site is optimized with the Yoast SEO plugin v27.6 - https:\/\/yoast.com\/product\/yoast-seo-wordpress\/ -->\n<title>\u201eVelvet Ease\u201c veli\u016brinis kostium\u0117lis su \u0161ortais - MadosKampas.lt<\/title>\n<meta name=\"robots\" content=\"index, follow, max-snippet:-1, max-image-preview:large, max-video-preview:-1\" \/>\n<link rel=\"canonical\" href=\"https:\/\/madoskampas.lt\/lv\/product\/velvet-ease-veliurinis-kostiumelis-su-sortais\/\" \/>\n<meta property=\"og:locale\" content=\"lv_LV\" \/>\n<meta property=\"og:type\" content=\"article\" \/>\n<meta property=\"og:title\" content=\"\u201eVelvet Ease\u201c veli\u016brinis kostium\u0117lis su \u0161ortais - MadosKampas.lt\" \/>\n<meta property=\"og:description\" content=\"Lengvumas, kur\u012f norisi vilk\u0117ti kasdien \ud83d\udc9b \u0160velnus veli\u016brinis kostium\u0117lis, kuris sukuria tvarking\u0105, bet labai patog\u0173 \u012fvaizd\u012f. Audinys maloniai glunda prie k\u016bno, suteikia jaukumo ir leid\u017eia jaustis laisvai vis\u0105 dien\u0105. D\u017eemperis laisvesnio kirpimo, su \u0161iek tiek ilgesne nugara \u2013 gra\u017eiai krenta ir suteikia subtilios elegancijos. \u0160ortai patog\u016bs, su guma liemenyje, lengvai prisitaiko prie fig\u016bros ir nevar\u017eo judesi\u0173. Puikiai tinka tiek kasdienai, tiek atostogoms ar jaukiems savaitgaliams \u2013 kai norisi atrodyti stilingai be pastang\u0173.    I\u0161matavimai: D\u017eemperis:Ilgis \u2013 60 cm (nugara ilgesn\u0117 ~5 cm)Per kr\u016btin\u0119 \u2013 56 cm \u0160ortai:Ilgis \u2013 44 cmPer klubus \u2013 55 cmLiemuo \u2013 nuo 35 iki 50 cm Dydis: S\u2013L \/ XL    Sud\u0117tis:95% viskoz\u0117, 5% elastanas    Kod\u0117l verta rinktis:\u2022 Veli\u016brinis audinys \u2013 mink\u0161tas, \u0161velnus ir jaukus\u2022 Laisvas, patogus kirpimas\u2022 Guma liemenyje \u2013 prisitaiko prie fig\u016bros\u2022 Universalus \u2013 tinka tiek namams, tiek i\u0161\u0117jimui\u2022 Lengvai derinamas su sportba\u010diais ar basut\u0117mis\" \/>\n<meta property=\"og:url\" content=\"https:\/\/madoskampas.lt\/lv\/product\/velvet-ease-veliurinis-kostiumelis-su-sortais\/\" \/>\n<meta property=\"og:site_name\" content=\"MadosKampas.lt\" \/>\n<meta property=\"article:modified_time\" content=\"2026-05-13T08:06:30+00:00\" \/>\n<meta property=\"og:image\" content=\"https:\/\/madoskampas.lt\/wp-content\/uploads\/2026\/04\/IMG_7157-2-scaled.jpeg\" \/>\n\t<meta property=\"og:image:width\" content=\"1920\" \/>\n\t<meta property=\"og:image:height\" content=\"2560\" \/>\n\t<meta property=\"og:image:type\" content=\"image\/jpeg\" \/>\n<meta name=\"twitter:card\" content=\"summary_large_image\" \/>\n<meta name=\"twitter:label1\" content=\"Est. reading time\" \/>\n\t<meta name=\"twitter:data1\" content=\"1 min\u016bte\" \/>\n<script type=\"application\/ld+json\" class=\"yoast-schema-graph\">{\"@context\":\"https:\\\/\\\/schema.org\",\"@graph\":[{\"@type\":\"WebPage\",\"@id\":\"https:\\\/\\\/madoskampas.lt\\\/produktas\\\/velvet-ease-veliurinis-kostiumelis-su-sortais\\\/\",\"url\":\"https:\\\/\\\/madoskampas.lt\\\/produktas\\\/velvet-ease-veliurinis-kostiumelis-su-sortais\\\/\",\"name\":\"\u201eVelvet Ease\u201c veli\u016brinis kostium\u0117lis su \u0161ortais - MadosKampas.lt\",\"isPartOf\":{\"@id\":\"https:\\\/\\\/madoskampas.lt\\\/#website\"},\"primaryImageOfPage\":{\"@id\":\"https:\\\/\\\/madoskampas.lt\\\/produktas\\\/velvet-ease-veliurinis-kostiumelis-su-sortais\\\/#primaryimage\"},\"image\":{\"@id\":\"https:\\\/\\\/madoskampas.lt\\\/produktas\\\/velvet-ease-veliurinis-kostiumelis-su-sortais\\\/#primaryimage\"},\"thumbnailUrl\":\"https:\\\/\\\/madoskampas.lt\\\/wp-content\\\/uploads\\\/2026\\\/04\\\/IMG_7157-2-scaled.jpeg\",\"datePublished\":\"2026-04-27T08:36:16+00:00\",\"dateModified\":\"2026-05-13T08:06:30+00:00\",\"breadcrumb\":{\"@id\":\"https:\\\/\\\/madoskampas.lt\\\/produktas\\\/velvet-ease-veliurinis-kostiumelis-su-sortais\\\/#breadcrumb\"},\"inLanguage\":\"lv-LV\",\"potentialAction\":[{\"@type\":\"ReadAction\",\"target\":[\"https:\\\/\\\/madoskampas.lt\\\/produktas\\\/velvet-ease-veliurinis-kostiumelis-su-sortais\\\/\"]}]},{\"@type\":\"ImageObject\",\"inLanguage\":\"lv-LV\",\"@id\":\"https:\\\/\\\/madoskampas.lt\\\/produktas\\\/velvet-ease-veliurinis-kostiumelis-su-sortais\\\/#primaryimage\",\"url\":\"https:\\\/\\\/madoskampas.lt\\\/wp-content\\\/uploads\\\/2026\\\/04\\\/IMG_7157-2-scaled.jpeg\",\"contentUrl\":\"https:\\\/\\\/madoskampas.lt\\\/wp-content\\\/uploads\\\/2026\\\/04\\\/IMG_7157-2-scaled.jpeg\",\"width\":1920,\"height\":2560},{\"@type\":\"BreadcrumbList\",\"@id\":\"https:\\\/\\\/madoskampas.lt\\\/produktas\\\/velvet-ease-veliurinis-kostiumelis-su-sortais\\\/#breadcrumb\",\"itemListElement\":[{\"@type\":\"ListItem\",\"position\":1,\"name\":\"Home\",\"item\":\"https:\\\/\\\/madoskampas.lt\\\/\"},{\"@type\":\"ListItem\",\"position\":2,\"name\":\"Parduotuv\u0117\",\"item\":\"https:\\\/\\\/madoskampas.lt\\\/parduotuve-2\\\/\"},{\"@type\":\"ListItem\",\"position\":3,\"name\":\"\u201eVelvet Ease\u201c veli\u016brinis kostium\u0117lis su \u0161ortais\"}]},{\"@type\":\"WebSite\",\"@id\":\"https:\\\/\\\/madoskampas.lt\\\/#website\",\"url\":\"https:\\\/\\\/madoskampas.lt\\\/\",\"name\":\"MadosKampas.lt\",\"description\":\"Stilingi drabu\u017eiai moterims\",\"potentialAction\":[{\"@type\":\"SearchAction\",\"target\":{\"@type\":\"EntryPoint\",\"urlTemplate\":\"https:\\\/\\\/madoskampas.lt\\\/?s={search_term_string}\"},\"query-input\":{\"@type\":\"PropertyValueSpecification\",\"valueRequired\":true,\"valueName\":\"search_term_string\"}}],\"inLanguage\":\"lv-LV\"}]}<\/script>\n<!-- \/ Yoast SEO plugin. -->","yoast_head_json":{"title":"\u201eVelvet Ease\u201c veli\u016brinis kostium\u0117lis su \u0161ortais - MadosKampas.lt","robots":{"index":"index","follow":"follow","max-snippet":"max-snippet:-1","max-image-preview":"max-image-preview:large","max-video-preview":"max-video-preview:-1"},"canonical":"https:\/\/madoskampas.lt\/lv\/product\/velvet-ease-veliurinis-kostiumelis-su-sortais\/","og_locale":"lv_LV","og_type":"article","og_title":"\u201eVelvet Ease\u201c veli\u016brinis kostium\u0117lis su \u0161ortais - MadosKampas.lt","og_description":"Lengvumas, kur\u012f norisi vilk\u0117ti kasdien \ud83d\udc9b \u0160velnus veli\u016brinis kostium\u0117lis, kuris sukuria tvarking\u0105, bet labai patog\u0173 \u012fvaizd\u012f. Audinys maloniai glunda prie k\u016bno, suteikia jaukumo ir leid\u017eia jaustis laisvai vis\u0105 dien\u0105. D\u017eemperis laisvesnio kirpimo, su \u0161iek tiek ilgesne nugara \u2013 gra\u017eiai krenta ir suteikia subtilios elegancijos. \u0160ortai patog\u016bs, su guma liemenyje, lengvai prisitaiko prie fig\u016bros ir nevar\u017eo judesi\u0173. Puikiai tinka tiek kasdienai, tiek atostogoms ar jaukiems savaitgaliams \u2013 kai norisi atrodyti stilingai be pastang\u0173.    I\u0161matavimai: D\u017eemperis:Ilgis \u2013 60 cm (nugara ilgesn\u0117 ~5 cm)Per kr\u016btin\u0119 \u2013 56 cm \u0160ortai:Ilgis \u2013 44 cmPer klubus \u2013 55 cmLiemuo \u2013 nuo 35 iki 50 cm Dydis: S\u2013L \/ XL    Sud\u0117tis:95% viskoz\u0117, 5% elastanas    Kod\u0117l verta rinktis:\u2022 Veli\u016brinis audinys \u2013 mink\u0161tas, \u0161velnus ir jaukus\u2022 Laisvas, patogus kirpimas\u2022 Guma liemenyje \u2013 prisitaiko prie fig\u016bros\u2022 Universalus \u2013 tinka tiek namams, tiek i\u0161\u0117jimui\u2022 Lengvai derinamas su sportba\u010diais ar basut\u0117mis","og_url":"https:\/\/madoskampas.lt\/lv\/product\/velvet-ease-veliurinis-kostiumelis-su-sortais\/","og_site_name":"MadosKampas.lt","article_modified_time":"2026-05-13T08:06:30+00:00","og_image":[{"width":1920,"height":2560,"url":"https:\/\/madoskampas.lt\/wp-content\/uploads\/2026\/04\/IMG_7157-2-scaled.jpeg","type":"image\/jpeg"}],"twitter_card":"summary_large_image","twitter_misc":{"Est. reading time":"1 min\u016bte"},"schema":{"@context":"https:\/\/schema.org","@graph":[{"@type":"WebPage","@id":"https:\/\/madoskampas.lt\/produktas\/velvet-ease-veliurinis-kostiumelis-su-sortais\/","url":"https:\/\/madoskampas.lt\/produktas\/velvet-ease-veliurinis-kostiumelis-su-sortais\/","name":"\u201eVelvet Ease\u201c veli\u016brinis kostium\u0117lis su \u0161ortais - MadosKampas.lt","isPartOf":{"@id":"https:\/\/madoskampas.lt\/#website"},"primaryImageOfPage":{"@id":"https:\/\/madoskampas.lt\/produktas\/velvet-ease-veliurinis-kostiumelis-su-sortais\/#primaryimage"},"image":{"@id":"https:\/\/madoskampas.lt\/produktas\/velvet-ease-veliurinis-kostiumelis-su-sortais\/#primaryimage"},"thumbnailUrl":"https:\/\/madoskampas.lt\/wp-content\/uploads\/2026\/04\/IMG_7157-2-scaled.jpeg","datePublished":"2026-04-27T08:36:16+00:00","dateModified":"2026-05-13T08:06:30+00:00","breadcrumb":{"@id":"https:\/\/madoskampas.lt\/produktas\/velvet-ease-veliurinis-kostiumelis-su-sortais\/#breadcrumb"},"inLanguage":"lv-LV","potentialAction":[{"@type":"ReadAction","target":["https:\/\/madoskampas.lt\/produktas\/velvet-ease-veliurinis-kostiumelis-su-sortais\/"]}]},{"@type":"ImageObject","inLanguage":"lv-LV","@id":"https:\/\/madoskampas.lt\/produktas\/velvet-ease-veliurinis-kostiumelis-su-sortais\/#primaryimage","url":"https:\/\/madoskampas.lt\/wp-content\/uploads\/2026\/04\/IMG_7157-2-scaled.jpeg","contentUrl":"https:\/\/madoskampas.lt\/wp-content\/uploads\/2026\/04\/IMG_7157-2-scaled.jpeg","width":1920,"height":2560},{"@type":"BreadcrumbList","@id":"https:\/\/madoskampas.lt\/produktas\/velvet-ease-veliurinis-kostiumelis-su-sortais\/#breadcrumb","itemListElement":[{"@type":"ListItem","position":1,"name":"Home","item":"https:\/\/madoskampas.lt\/"},{"@type":"ListItem","position":2,"name":"Parduotuv\u0117","item":"https:\/\/madoskampas.lt\/parduotuve-2\/"},{"@type":"ListItem","position":3,"name":"\u201eVelvet Ease\u201c veli\u016brinis kostium\u0117lis su \u0161ortais"}]},{"@type":"WebSite","@id":"https:\/\/madoskampas.lt\/#website","url":"https:\/\/madoskampas.lt\/","name":"FashionKampas.lt","description":"Stil\u012bgs ap\u0123\u0113rbs sieviet\u0113m","potentialAction":[{"@type":"SearchAction","target":{"@type":"EntryPoint","urlTemplate":"https:\/\/madoskampas.lt\/?s={search_term_string}"},"query-input":{"@type":"PropertyValueSpecification","valueRequired":true,"valueName":"search_term_string"}}],"inLanguage":"lv-LV"}]}},"uagb_featured_image_src":{"full":["https:\/\/madoskampas.lt\/wp-content\/uploads\/2026\/04\/IMG_7157-2-scaled.jpeg",1920,2560,false],"thumbnail":["https:\/\/madoskampas.lt\/wp-content\/uploads\/2026\/04\/IMG_7157-2-150x150.jpeg",150,150,true],"medium":["https:\/\/madoskampas.lt\/wp-content\/uploads\/2026\/04\/IMG_7157-2-225x300.jpeg",225,300,true],"medium_large":["https:\/\/madoskampas.lt\/wp-content\/uploads\/2026\/04\/IMG_7157-2-768x1024.jpeg",768,1024,true],"large":["https:\/\/madoskampas.lt\/wp-content\/uploads\/2026\/04\/IMG_7157-2-768x1024.jpeg",768,1024,true],"1536x1536":["https:\/\/madoskampas.lt\/wp-content\/uploads\/2026\/04\/IMG_7157-2-1152x1536.jpeg",1152,1536,true],"2048x2048":["https:\/\/madoskampas.lt\/wp-content\/uploads\/2026\/04\/IMG_7157-2-1536x2048.jpeg",1536,2048,true],"trp-custom-language-flag":["https:\/\/madoskampas.lt\/wp-content\/uploads\/2026\/04\/IMG_7157-2-9x12.jpeg",9,12,true],"nova-image-square":["https:\/\/madoskampas.lt\/wp-content\/uploads\/2026\/04\/IMG_7157-2-1100x1100.jpeg",1100,1100,true],"mixtas-product-03":["https:\/\/madoskampas.lt\/wp-content\/uploads\/2026\/04\/IMG_7157-2-600x345.jpeg",600,345,true],"woocommerce_thumbnail":["https:\/\/madoskampas.lt\/wp-content\/uploads\/2026\/04\/IMG_7157-2-700x700.jpeg",700,700,true],"woocommerce_single":["https:\/\/madoskampas.lt\/wp-content\/uploads\/2026\/04\/IMG_7157-2-1000x1333.jpeg",1000,1333,true],"woocommerce_gallery_thumbnail":["https:\/\/madoskampas.lt\/wp-content\/uploads\/2026\/04\/IMG_7157-2-250x250.jpeg",250,250,true],"variation_swatches_image_size":["https:\/\/madoskampas.lt\/wp-content\/uploads\/2026\/04\/IMG_7157-2-50x50.jpeg",50,50,true],"variation_swatches_tooltip_size":["https:\/\/madoskampas.lt\/wp-content\/uploads\/2026\/04\/IMG_7157-2-100x100.jpeg",100,100,true]},"uagb_author_info":{"display_name":"algirdasbart","author_link":"https:\/\/madoskampas.lt\/lv\/author\/"},"uagb_comment_info":0,"uagb_excerpt":"Lengvumas, kur\u012f norisi vilk\u0117ti kasdien \ud83d\udc9b \u0160velnus veli\u016brinis kostium\u0117lis, kuris sukuria tvarking\u0105, bet labai patog\u0173 \u012fvaizd\u012f. Audinys maloniai glunda prie k\u016bno, suteikia jaukumo ir leid\u017eia jaustis laisvai vis\u0105 dien\u0105. D\u017eemperis laisvesnio kirpimo, su \u0161iek tiek ilgesne nugara \u2013 gra\u017eiai krenta ir suteikia subtilios elegancijos. \u0160ortai patog\u016bs, su guma liemenyje, lengvai prisitaiko prie fig\u016bros ir nevar\u017eo&hellip;","jetpack_sharing_enabled":true,"_links":{"self":[{"href":"https:\/\/madoskampas.lt\/lv\/wp-json\/wp\/v2\/product\/32276","targetHints":{"allow":["GET"]}}],"collection":[{"href":"https:\/\/madoskampas.lt\/lv\/wp-json\/wp\/v2\/product"}],"about":[{"href":"https:\/\/madoskampas.lt\/lv\/wp-json\/wp\/v2\/types\/product"}],"replies":[{"embeddable":true,"href":"https:\/\/madoskampas.lt\/lv\/wp-json\/wp\/v2\/comments?post=32276"}],"wp:featuredmedia":[{"embeddable":true,"href":"https:\/\/madoskampas.lt\/lv\/wp-json\/wp\/v2\/media\/32281"}],"wp:attachment":[{"href":"https:\/\/madoskampas.lt\/lv\/wp-json\/wp\/v2\/media?parent=32276"}],"wp:term":[{"taxonomy":"product_brand","embeddable":true,"href":"https:\/\/madoskampas.lt\/lv\/wp-json\/wp\/v2\/product_brand?post=32276"},{"taxonomy":"product_cat","embeddable":true,"href":"https:\/\/madoskampas.lt\/lv\/wp-json\/wp\/v2\/product_cat?post=32276"},{"taxonomy":"product_tag","embeddable":true,"href":"https:\/\/madoskampas.lt\/lv\/wp-json\/wp\/v2\/product_tag?post=32276"}],"curies":[{"name":"wp","href":"https:\/\/api.w.org\/{rel}","templated":true}]}}