{"id":32842,"date":"2026-05-07T13:09:21","date_gmt":"2026-05-07T13:09:21","guid":{"rendered":"https:\/\/madoskampas.lt\/?post_type=product&#038;p=32842"},"modified":"2026-05-07T13:09:22","modified_gmt":"2026-05-07T13:09:22","slug":"medvilnine-striukyte-city-breeze","status":"publish","type":"product","link":"https:\/\/madoskampas.lt\/lv\/product\/medvilnine-striukyte-city-breeze\/","title":{"rendered":"Medvilnin\u0117 striukyt\u0117 \u201eCity Breeze\u201c"},"content":{"rendered":"<p data-start=\"55\" data-end=\"201\">Stilinga, lengvai derinama ir i\u0161skirtin\u0117 \u2013 \u0161i medvilnin\u0117 striukyt\u0117 taps nepakei\u010diamu pasirinkimu pavasario ir vasaros deriniams \u2728<\/p>\n<p data-start=\"203\" data-end=\"441\">Modernus trumpintas modelis subtiliai dera su languotomis detal\u0117mis, kurios suteikia i\u0161skirtinumo ir miesto stiliaus poj\u016bt\u012f. Auk\u0161tesn\u0117 apykakl\u0117 bei reguliuojamas apa\u010dios suraukimas leid\u017eia lengvai priderinti striukyt\u0119 prie savo \u012fvaizd\u017eio.<\/p>","protected":false},"excerpt":{"rendered":"<p data-start=\"55\" data-end=\"201\">Stilinga, lengvai derinama ir i\u0161skirtin\u0117 \u2013 \u0161i medvilnin\u0117 striukyt\u0117 taps nepakei\u010diamu pasirinkimu pavasario ir vasaros deriniams \u2728<\/p>\n<p data-start=\"203\" data-end=\"441\">Modernus trumpintas modelis subtiliai dera su languotomis detal\u0117mis, kurios suteikia i\u0161skirtinumo ir miesto stiliaus poj\u016bt\u012f. Auk\u0161tesn\u0117 apykakl\u0117 bei reguliuojamas apa\u010dios suraukimas leid\u017eia lengvai priderinti striukyt\u0119 prie savo \u012fvaizd\u017eio.<\/p>\n<p data-start=\"443\" data-end=\"525\">Puikiai atrodo tiek prie d\u017eins\u0173, tiek prie sukneli\u0173 ar laisvalaikio kostium\u0117li\u0173 \ud83c\udf3f<\/p>\n<p data-start=\"527\" data-end=\"662\">\u2728 100% medviln\u0117<br data-start=\"542\" data-end=\"545\" \/>\u2728 Stilingos languotos detal\u0117s<br data-start=\"574\" data-end=\"577\" \/>\u2728 Patogus, nevar\u017eantis modelis<br data-start=\"607\" data-end=\"610\" \/>\u2728 Reguliuojama apa\u010dia<br data-start=\"631\" data-end=\"634\" \/>\u2728 Lengvai derinama kasdienai<\/p>\n<p data-start=\"664\" data-end=\"723\">\ud83d\udccf Izm\u0113ri:<br data-start=\"679\" data-end=\"682\" \/>\u2022 Ilgis \u2013 57 cm<br data-start=\"697\" data-end=\"700\" \/>\u2022 Per kr\u016btin\u0119 \u2013 53 cm<\/p>\n<p data-start=\"725\" data-end=\"788\" data-is-last-node=\"\" data-is-only-node=\"\">\ud83d\udccc Dydis: universalus, tinka nuo S iki L<br data-start=\"765\" data-end=\"768\" \/>\ud83d\udccc Sud\u0117tis: medviln\u0117<\/p>","protected":false},"featured_media":32852,"comment_status":"open","ping_status":"closed","template":"","meta":{"_uag_custom_page_level_css":"","_monsterinsights_skip_tracking":false,"_monsterinsights_sitenote_active":false,"_monsterinsights_sitenote_note":"","_monsterinsights_sitenote_category":0},"product_brand":[],"product_cat":[66,95,77,79],"product_tag":[],"class_list":{"0":"post-32842","1":"product","2":"type-product","3":"status-publish","4":"has-post-thumbnail","6":"product_cat-drabuziai","7":"product_cat-naujausi","8":"product_cat-striukes-paltai","9":"product_cat-svarkai","10":"tm-has-options","12":"first","13":"instock","14":"shipping-taxable","15":"purchasable","16":"product-type-variable"},"yoast_head":"<!-- This site is optimized with the Yoast SEO plugin v27.6 - https:\/\/yoast.com\/product\/yoast-seo-wordpress\/ -->\n<title>Medvilnin\u0117 striukyt\u0117 \u201eCity Breeze\u201c - MadosKampas.lt<\/title>\n<meta name=\"robots\" content=\"index, follow, max-snippet:-1, max-image-preview:large, max-video-preview:-1\" \/>\n<link rel=\"canonical\" href=\"https:\/\/madoskampas.lt\/lv\/product\/medvilnine-striukyte-city-breeze\/\" \/>\n<meta property=\"og:locale\" content=\"lv_LV\" \/>\n<meta property=\"og:type\" content=\"article\" \/>\n<meta property=\"og:title\" content=\"Medvilnin\u0117 striukyt\u0117 \u201eCity Breeze\u201c - MadosKampas.lt\" \/>\n<meta property=\"og:description\" content=\"Stilinga, lengvai derinama ir i\u0161skirtin\u0117 \u2013 \u0161i medvilnin\u0117 striukyt\u0117 taps nepakei\u010diamu pasirinkimu pavasario ir vasaros deriniams \u2728 Modernus trumpintas modelis subtiliai dera su languotomis detal\u0117mis, kurios suteikia i\u0161skirtinumo ir miesto stiliaus poj\u016bt\u012f. Auk\u0161tesn\u0117 apykakl\u0117 bei reguliuojamas apa\u010dios suraukimas leid\u017eia lengvai priderinti striukyt\u0119 prie savo \u012fvaizd\u017eio. Puikiai atrodo tiek prie d\u017eins\u0173, tiek prie sukneli\u0173 ar laisvalaikio kostium\u0117li\u0173 \ud83c\udf3f \u2728 100% medviln\u0117\u2728 Stilingos languotos detal\u0117s\u2728 Patogus, nevar\u017eantis modelis\u2728 Reguliuojama apa\u010dia\u2728 Lengvai derinama kasdienai \ud83d\udccf I\u0161matavimai:\u2022 Ilgis \u2013 57 cm\u2022 Per kr\u016btin\u0119 \u2013 53 cm \ud83d\udccc Dydis: universalus, tinka nuo S iki L\ud83d\udccc Sud\u0117tis: medviln\u0117\" \/>\n<meta property=\"og:url\" content=\"https:\/\/madoskampas.lt\/lv\/product\/medvilnine-striukyte-city-breeze\/\" \/>\n<meta property=\"og:site_name\" content=\"MadosKampas.lt\" \/>\n<meta property=\"article:modified_time\" content=\"2026-05-07T13:09:22+00:00\" \/>\n<meta property=\"og:image\" content=\"https:\/\/madoskampas.lt\/wp-content\/uploads\/2026\/05\/IMG_8645-2-scaled.jpeg\" \/>\n\t<meta property=\"og:image:width\" content=\"1920\" \/>\n\t<meta property=\"og:image:height\" content=\"2560\" \/>\n\t<meta property=\"og:image:type\" content=\"image\/jpeg\" \/>\n<meta name=\"twitter:card\" content=\"summary_large_image\" \/>\n<meta name=\"twitter:label1\" content=\"Est. reading time\" \/>\n\t<meta name=\"twitter:data1\" content=\"1 min\u016bte\" \/>\n<script type=\"application\/ld+json\" class=\"yoast-schema-graph\">{\"@context\":\"https:\\\/\\\/schema.org\",\"@graph\":[{\"@type\":\"WebPage\",\"@id\":\"https:\\\/\\\/madoskampas.lt\\\/produktas\\\/medvilnine-striukyte-city-breeze\\\/\",\"url\":\"https:\\\/\\\/madoskampas.lt\\\/produktas\\\/medvilnine-striukyte-city-breeze\\\/\",\"name\":\"Medvilnin\u0117 striukyt\u0117 \u201eCity Breeze\u201c - MadosKampas.lt\",\"isPartOf\":{\"@id\":\"https:\\\/\\\/madoskampas.lt\\\/#website\"},\"primaryImageOfPage\":{\"@id\":\"https:\\\/\\\/madoskampas.lt\\\/produktas\\\/medvilnine-striukyte-city-breeze\\\/#primaryimage\"},\"image\":{\"@id\":\"https:\\\/\\\/madoskampas.lt\\\/produktas\\\/medvilnine-striukyte-city-breeze\\\/#primaryimage\"},\"thumbnailUrl\":\"https:\\\/\\\/madoskampas.lt\\\/wp-content\\\/uploads\\\/2026\\\/05\\\/IMG_8645-2-scaled.jpeg\",\"datePublished\":\"2026-05-07T13:09:21+00:00\",\"dateModified\":\"2026-05-07T13:09:22+00:00\",\"breadcrumb\":{\"@id\":\"https:\\\/\\\/madoskampas.lt\\\/produktas\\\/medvilnine-striukyte-city-breeze\\\/#breadcrumb\"},\"inLanguage\":\"lv-LV\",\"potentialAction\":[{\"@type\":\"ReadAction\",\"target\":[\"https:\\\/\\\/madoskampas.lt\\\/produktas\\\/medvilnine-striukyte-city-breeze\\\/\"]}]},{\"@type\":\"ImageObject\",\"inLanguage\":\"lv-LV\",\"@id\":\"https:\\\/\\\/madoskampas.lt\\\/produktas\\\/medvilnine-striukyte-city-breeze\\\/#primaryimage\",\"url\":\"https:\\\/\\\/madoskampas.lt\\\/wp-content\\\/uploads\\\/2026\\\/05\\\/IMG_8645-2-scaled.jpeg\",\"contentUrl\":\"https:\\\/\\\/madoskampas.lt\\\/wp-content\\\/uploads\\\/2026\\\/05\\\/IMG_8645-2-scaled.jpeg\",\"width\":1920,\"height\":2560},{\"@type\":\"BreadcrumbList\",\"@id\":\"https:\\\/\\\/madoskampas.lt\\\/produktas\\\/medvilnine-striukyte-city-breeze\\\/#breadcrumb\",\"itemListElement\":[{\"@type\":\"ListItem\",\"position\":1,\"name\":\"Home\",\"item\":\"https:\\\/\\\/madoskampas.lt\\\/\"},{\"@type\":\"ListItem\",\"position\":2,\"name\":\"Parduotuv\u0117\",\"item\":\"https:\\\/\\\/madoskampas.lt\\\/parduotuve-2\\\/\"},{\"@type\":\"ListItem\",\"position\":3,\"name\":\"Medvilnin\u0117 striukyt\u0117 \u201eCity Breeze\u201c\"}]},{\"@type\":\"WebSite\",\"@id\":\"https:\\\/\\\/madoskampas.lt\\\/#website\",\"url\":\"https:\\\/\\\/madoskampas.lt\\\/\",\"name\":\"MadosKampas.lt\",\"description\":\"Stilingi drabu\u017eiai moterims\",\"potentialAction\":[{\"@type\":\"SearchAction\",\"target\":{\"@type\":\"EntryPoint\",\"urlTemplate\":\"https:\\\/\\\/madoskampas.lt\\\/?s={search_term_string}\"},\"query-input\":{\"@type\":\"PropertyValueSpecification\",\"valueRequired\":true,\"valueName\":\"search_term_string\"}}],\"inLanguage\":\"lv-LV\"}]}<\/script>\n<!-- \/ Yoast SEO plugin. -->","yoast_head_json":{"title":"Medvilnin\u0117 striukyt\u0117 \u201eCity Breeze\u201c - MadosKampas.lt","robots":{"index":"index","follow":"follow","max-snippet":"max-snippet:-1","max-image-preview":"max-image-preview:large","max-video-preview":"max-video-preview:-1"},"canonical":"https:\/\/madoskampas.lt\/lv\/product\/medvilnine-striukyte-city-breeze\/","og_locale":"lv_LV","og_type":"article","og_title":"Medvilnin\u0117 striukyt\u0117 \u201eCity Breeze\u201c - MadosKampas.lt","og_description":"Stilinga, lengvai derinama ir i\u0161skirtin\u0117 \u2013 \u0161i medvilnin\u0117 striukyt\u0117 taps nepakei\u010diamu pasirinkimu pavasario ir vasaros deriniams \u2728 Modernus trumpintas modelis subtiliai dera su languotomis detal\u0117mis, kurios suteikia i\u0161skirtinumo ir miesto stiliaus poj\u016bt\u012f. Auk\u0161tesn\u0117 apykakl\u0117 bei reguliuojamas apa\u010dios suraukimas leid\u017eia lengvai priderinti striukyt\u0119 prie savo \u012fvaizd\u017eio. Puikiai atrodo tiek prie d\u017eins\u0173, tiek prie sukneli\u0173 ar laisvalaikio kostium\u0117li\u0173 \ud83c\udf3f \u2728 100% medviln\u0117\u2728 Stilingos languotos detal\u0117s\u2728 Patogus, nevar\u017eantis modelis\u2728 Reguliuojama apa\u010dia\u2728 Lengvai derinama kasdienai \ud83d\udccf I\u0161matavimai:\u2022 Ilgis \u2013 57 cm\u2022 Per kr\u016btin\u0119 \u2013 53 cm \ud83d\udccc Dydis: universalus, tinka nuo S iki L\ud83d\udccc Sud\u0117tis: medviln\u0117","og_url":"https:\/\/madoskampas.lt\/lv\/product\/medvilnine-striukyte-city-breeze\/","og_site_name":"MadosKampas.lt","article_modified_time":"2026-05-07T13:09:22+00:00","og_image":[{"width":1920,"height":2560,"url":"https:\/\/madoskampas.lt\/wp-content\/uploads\/2026\/05\/IMG_8645-2-scaled.jpeg","type":"image\/jpeg"}],"twitter_card":"summary_large_image","twitter_misc":{"Est. reading time":"1 min\u016bte"},"schema":{"@context":"https:\/\/schema.org","@graph":[{"@type":"WebPage","@id":"https:\/\/madoskampas.lt\/produktas\/medvilnine-striukyte-city-breeze\/","url":"https:\/\/madoskampas.lt\/produktas\/medvilnine-striukyte-city-breeze\/","name":"Medvilnin\u0117 striukyt\u0117 \u201eCity Breeze\u201c - MadosKampas.lt","isPartOf":{"@id":"https:\/\/madoskampas.lt\/#website"},"primaryImageOfPage":{"@id":"https:\/\/madoskampas.lt\/produktas\/medvilnine-striukyte-city-breeze\/#primaryimage"},"image":{"@id":"https:\/\/madoskampas.lt\/produktas\/medvilnine-striukyte-city-breeze\/#primaryimage"},"thumbnailUrl":"https:\/\/madoskampas.lt\/wp-content\/uploads\/2026\/05\/IMG_8645-2-scaled.jpeg","datePublished":"2026-05-07T13:09:21+00:00","dateModified":"2026-05-07T13:09:22+00:00","breadcrumb":{"@id":"https:\/\/madoskampas.lt\/produktas\/medvilnine-striukyte-city-breeze\/#breadcrumb"},"inLanguage":"lv-LV","potentialAction":[{"@type":"ReadAction","target":["https:\/\/madoskampas.lt\/produktas\/medvilnine-striukyte-city-breeze\/"]}]},{"@type":"ImageObject","inLanguage":"lv-LV","@id":"https:\/\/madoskampas.lt\/produktas\/medvilnine-striukyte-city-breeze\/#primaryimage","url":"https:\/\/madoskampas.lt\/wp-content\/uploads\/2026\/05\/IMG_8645-2-scaled.jpeg","contentUrl":"https:\/\/madoskampas.lt\/wp-content\/uploads\/2026\/05\/IMG_8645-2-scaled.jpeg","width":1920,"height":2560},{"@type":"BreadcrumbList","@id":"https:\/\/madoskampas.lt\/produktas\/medvilnine-striukyte-city-breeze\/#breadcrumb","itemListElement":[{"@type":"ListItem","position":1,"name":"Home","item":"https:\/\/madoskampas.lt\/"},{"@type":"ListItem","position":2,"name":"Parduotuv\u0117","item":"https:\/\/madoskampas.lt\/parduotuve-2\/"},{"@type":"ListItem","position":3,"name":"Medvilnin\u0117 striukyt\u0117 \u201eCity Breeze\u201c"}]},{"@type":"WebSite","@id":"https:\/\/madoskampas.lt\/#website","url":"https:\/\/madoskampas.lt\/","name":"FashionKampas.lt","description":"Stil\u012bgs ap\u0123\u0113rbs sieviet\u0113m","potentialAction":[{"@type":"SearchAction","target":{"@type":"EntryPoint","urlTemplate":"https:\/\/madoskampas.lt\/?s={search_term_string}"},"query-input":{"@type":"PropertyValueSpecification","valueRequired":true,"valueName":"search_term_string"}}],"inLanguage":"lv-LV"}]}},"uagb_featured_image_src":{"full":["https:\/\/madoskampas.lt\/wp-content\/uploads\/2026\/05\/IMG_8645-2-scaled.jpeg",1920,2560,false],"thumbnail":["https:\/\/madoskampas.lt\/wp-content\/uploads\/2026\/05\/IMG_8645-2-150x150.jpeg",150,150,true],"medium":["https:\/\/madoskampas.lt\/wp-content\/uploads\/2026\/05\/IMG_8645-2-225x300.jpeg",225,300,true],"medium_large":["https:\/\/madoskampas.lt\/wp-content\/uploads\/2026\/05\/IMG_8645-2-768x1024.jpeg",768,1024,true],"large":["https:\/\/madoskampas.lt\/wp-content\/uploads\/2026\/05\/IMG_8645-2-768x1024.jpeg",768,1024,true],"1536x1536":["https:\/\/madoskampas.lt\/wp-content\/uploads\/2026\/05\/IMG_8645-2-1152x1536.jpeg",1152,1536,true],"2048x2048":["https:\/\/madoskampas.lt\/wp-content\/uploads\/2026\/05\/IMG_8645-2-1536x2048.jpeg",1536,2048,true],"trp-custom-language-flag":["https:\/\/madoskampas.lt\/wp-content\/uploads\/2026\/05\/IMG_8645-2-9x12.jpeg",9,12,true],"nova-image-square":["https:\/\/madoskampas.lt\/wp-content\/uploads\/2026\/05\/IMG_8645-2-1100x1100.jpeg",1100,1100,true],"mixtas-product-03":["https:\/\/madoskampas.lt\/wp-content\/uploads\/2026\/05\/IMG_8645-2-600x345.jpeg",600,345,true],"woocommerce_thumbnail":["https:\/\/madoskampas.lt\/wp-content\/uploads\/2026\/05\/IMG_8645-2-700x700.jpeg",700,700,true],"woocommerce_single":["https:\/\/madoskampas.lt\/wp-content\/uploads\/2026\/05\/IMG_8645-2-1000x1333.jpeg",1000,1333,true],"woocommerce_gallery_thumbnail":["https:\/\/madoskampas.lt\/wp-content\/uploads\/2026\/05\/IMG_8645-2-250x250.jpeg",250,250,true],"variation_swatches_image_size":["https:\/\/madoskampas.lt\/wp-content\/uploads\/2026\/05\/IMG_8645-2-50x50.jpeg",50,50,true],"variation_swatches_tooltip_size":["https:\/\/madoskampas.lt\/wp-content\/uploads\/2026\/05\/IMG_8645-2-100x100.jpeg",100,100,true]},"uagb_author_info":{"display_name":"algirdasbart","author_link":"https:\/\/madoskampas.lt\/lv\/author\/"},"uagb_comment_info":0,"uagb_excerpt":"Stilinga, lengvai derinama ir i\u0161skirtin\u0117 \u2013 \u0161i medvilnin\u0117 striukyt\u0117 taps nepakei\u010diamu pasirinkimu pavasario ir vasaros deriniams \u2728 Modernus trumpintas modelis subtiliai dera su languotomis detal\u0117mis, kurios suteikia i\u0161skirtinumo ir miesto stiliaus poj\u016bt\u012f. Auk\u0161tesn\u0117 apykakl\u0117 bei reguliuojamas apa\u010dios suraukimas leid\u017eia lengvai priderinti striukyt\u0119 prie savo \u012fvaizd\u017eio. Puikiai atrodo tiek prie d\u017eins\u0173, tiek prie sukneli\u0173 ar laisvalaikio&hellip;","jetpack_sharing_enabled":true,"_links":{"self":[{"href":"https:\/\/madoskampas.lt\/lv\/wp-json\/wp\/v2\/product\/32842","targetHints":{"allow":["GET"]}}],"collection":[{"href":"https:\/\/madoskampas.lt\/lv\/wp-json\/wp\/v2\/product"}],"about":[{"href":"https:\/\/madoskampas.lt\/lv\/wp-json\/wp\/v2\/types\/product"}],"replies":[{"embeddable":true,"href":"https:\/\/madoskampas.lt\/lv\/wp-json\/wp\/v2\/comments?post=32842"}],"wp:featuredmedia":[{"embeddable":true,"href":"https:\/\/madoskampas.lt\/lv\/wp-json\/wp\/v2\/media\/32852"}],"wp:attachment":[{"href":"https:\/\/madoskampas.lt\/lv\/wp-json\/wp\/v2\/media?parent=32842"}],"wp:term":[{"taxonomy":"product_brand","embeddable":true,"href":"https:\/\/madoskampas.lt\/lv\/wp-json\/wp\/v2\/product_brand?post=32842"},{"taxonomy":"product_cat","embeddable":true,"href":"https:\/\/madoskampas.lt\/lv\/wp-json\/wp\/v2\/product_cat?post=32842"},{"taxonomy":"product_tag","embeddable":true,"href":"https:\/\/madoskampas.lt\/lv\/wp-json\/wp\/v2\/product_tag?post=32842"}],"curies":[{"name":"wp","href":"https:\/\/api.w.org\/{rel}","templated":true}]}}