{"id":7213,"date":"2024-10-20T11:30:25","date_gmt":"2024-10-20T11:30:25","guid":{"rendered":"https:\/\/madoskampas.lt\/?post_type=product&#038;p=7213"},"modified":"2025-09-27T10:41:22","modified_gmt":"2025-09-27T10:41:22","slug":"adas-jaka-ar-aitas-un-trusa-kazokadu","status":"publish","type":"product","link":"https:\/\/madoskampas.lt\/lv\/product\/adas-jaka-ar-aitas-un-trusa-kazokadu\/","title":{"rendered":"\u0100das jaka ar aitas un tru\u0161a ka\u017eok\u0101du"},"content":{"rendered":"<p>\u0160\u012b modern\u0101 meln\u0101 \u0101das jaka apvieno grezn\u012bbu un drosm\u012bgu stilu. Aug\u0161da\u013ca ir izgatavota no augst\u0101k\u0101s kvalit\u0101tes \u0101das ar ait\u0101das apdari, kas nodro\u0161ina izcilu siltumu un komfortu. Iek\u0161pus\u0113 ir m\u012bksts tru\u0161u ka\u017eoci\u0146\u0161, kas nodro\u0161ina papildu maigumu un m\u0101j\u012bgumu.<\/p>\n<p>T\u0101s univers\u0101lais izm\u0113rs (no S l\u012bdz L) \u013cauj \u017eaketi piel\u0101got visda\u017e\u0101d\u0101kaj\u0101m fig\u016br\u0101m, savuk\u0101rt t\u0101s modernais un for\u0161ais dizains ir lieliski piem\u0113rots gan ikdienas t\u0113rpiem, gan \u012bpa\u0161iem gad\u012bjumiem. \u0160\u012b jaka izce\u013cas ne tikai ar savu funkcionalit\u0101ti, bet ar\u012b ar stil\u012bgaj\u0101m deta\u013c\u0101m, s\u0101kot no kontrast\u0113jo\u0161\u0101m \u0161uv\u0113m l\u012bdz modernam r\u0101v\u0113jsl\u0113dz\u0113ja dizainam. Ide\u0101li piem\u0113rota sieviet\u0113m, kas nov\u0113rt\u0113 unik\u0101lu, bet praktisku stilu!<\/p>","protected":false},"excerpt":{"rendered":"<p>\u0160\u012b modern\u0101 meln\u0101 \u0101das jaka apvieno grezn\u012bbu un drosm\u012bgu stilu. Aug\u0161da\u013ca ir izgatavota no augst\u0101k\u0101s kvalit\u0101tes \u0101das ar ait\u0101das apdari, kas nodro\u0161ina izcilu siltumu un komfortu. Iek\u0161pus\u0113 ir m\u012bksts tru\u0161u ka\u017eoci\u0146\u0161, kas nodro\u0161ina papildu maigumu un m\u0101j\u012bgumu.<\/p>\n<p>T\u0101s univers\u0101lais izm\u0113rs (no S l\u012bdz L) \u013cauj \u017eaketi piel\u0101got visda\u017e\u0101d\u0101kaj\u0101m fig\u016br\u0101m, savuk\u0101rt t\u0101s modernais un for\u0161ais dizains ir lieliski piem\u0113rots gan ikdienas t\u0113rpiem, gan \u012bpa\u0161iem gad\u012bjumiem. \u0160\u012b jaka izce\u013cas ne tikai ar savu funkcionalit\u0101ti, bet ar\u012b ar stil\u012bgaj\u0101m deta\u013c\u0101m, s\u0101kot no kontrast\u0113jo\u0161\u0101m \u0161uv\u0113m l\u012bdz modernam r\u0101v\u0113jsl\u0113dz\u0113ja dizainam. Ide\u0101li piem\u0113rota sieviet\u0113m, kas nov\u0113rt\u0113 unik\u0101lu, bet praktisku stilu!<\/p>","protected":false},"featured_media":7158,"comment_status":"open","ping_status":"closed","template":"","meta":{"_uag_custom_page_level_css":"","_monsterinsights_skip_tracking":false,"_monsterinsights_sitenote_active":false,"_monsterinsights_sitenote_note":"","_monsterinsights_sitenote_category":0},"product_brand":[],"product_cat":[66,77],"product_tag":[],"class_list":{"0":"post-7213","1":"product","2":"type-product","3":"status-publish","4":"has-post-thumbnail","6":"product_cat-drabuziai","7":"product_cat-striukes-paltai","8":"tm-has-options","10":"first","11":"instock","12":"shipping-taxable","13":"purchasable","14":"product-type-simple"},"yoast_head":"<!-- This site is optimized with the Yoast SEO plugin v27.3 - https:\/\/yoast.com\/product\/yoast-seo-wordpress\/ -->\n<title>Striuk\u0117 odin\u0117 su avies ir triu\u0161io kailiu - MadosKampas.lt<\/title>\n<meta name=\"robots\" content=\"index, follow, max-snippet:-1, max-image-preview:large, max-video-preview:-1\" \/>\n<link rel=\"canonical\" href=\"https:\/\/madoskampas.lt\/lv\/product\/adas-jaka-ar-aitas-un-trusa-kazokadu\/\" \/>\n<meta property=\"og:locale\" content=\"lv_LV\" \/>\n<meta property=\"og:type\" content=\"article\" \/>\n<meta property=\"og:title\" content=\"Striuk\u0117 odin\u0117 su avies ir triu\u0161io kailiu - MadosKampas.lt\" \/>\n<meta property=\"og:description\" content=\"\u0160i moderni juodos spalvos odin\u0117 striuk\u0117 sujungia prabang\u0105 ir dr\u0105s\u0173 stili\u0173. Vir\u0161us pagamintas i\u0161 auk\u0161\u010diausios kokyb\u0117s odos su avies kailio apdaila, suteikian\u010dia i\u0161skirtin\u0119 \u0161ilum\u0105 ir komfort\u0105. Viduje \u2013 \u0161velnus triu\u0161io kailis, kuris u\u017etikrina papildom\u0105 mink\u0161tum\u0105 ir jaukum\u0105.  Universalus dydis (nuo S iki L) leid\u017eia \u0161i\u0105 striuk\u0119 prisitaikyti prie \u012fvairi\u0173 fig\u016br\u0173, o jos modernus ir \u201ekietas\u201c dizainas puikiai tiks tiek kasdieniams \u012fvaizd\u017eiams, tiek i\u0161skirtin\u0117ms progoms. \u0160i striuk\u0117 i\u0161siskiria ne tik savo funkcionalumu, bet ir stilingais detal\u0117mis \u2013 nuo kontrasting\u0173 si\u016bli\u0173 iki madingo u\u017etrauktuk\u0173 dizaino. Ideali moterims, kurios vertina unikal\u0173, bet prakti\u0161k\u0105 stili\u0173!\" \/>\n<meta property=\"og:url\" content=\"https:\/\/madoskampas.lt\/lv\/product\/adas-jaka-ar-aitas-un-trusa-kazokadu\/\" \/>\n<meta property=\"og:site_name\" content=\"MadosKampas.lt\" \/>\n<meta property=\"article:modified_time\" content=\"2025-09-27T10:41:22+00:00\" \/>\n<meta property=\"og:image\" content=\"https:\/\/madoskampas.lt\/wp-content\/uploads\/2024\/10\/IMG_6552.jpeg\" \/>\n\t<meta property=\"og:image:width\" content=\"1536\" \/>\n\t<meta property=\"og:image:height\" content=\"2048\" \/>\n\t<meta property=\"og:image:type\" content=\"image\/jpeg\" \/>\n<meta name=\"twitter:card\" content=\"summary_large_image\" \/>\n<meta name=\"twitter:label1\" content=\"Est. reading time\" \/>\n\t<meta name=\"twitter:data1\" content=\"1 min\u016bte\" \/>\n<script type=\"application\/ld+json\" class=\"yoast-schema-graph\">{\"@context\":\"https:\\\/\\\/schema.org\",\"@graph\":[{\"@type\":\"WebPage\",\"@id\":\"https:\\\/\\\/madoskampas.lt\\\/produktas\\\/striuke-odine-su-avies-ir-triusio-kailiu\\\/\",\"url\":\"https:\\\/\\\/madoskampas.lt\\\/produktas\\\/striuke-odine-su-avies-ir-triusio-kailiu\\\/\",\"name\":\"Striuk\u0117 odin\u0117 su avies ir triu\u0161io kailiu - MadosKampas.lt\",\"isPartOf\":{\"@id\":\"https:\\\/\\\/madoskampas.lt\\\/#website\"},\"primaryImageOfPage\":{\"@id\":\"https:\\\/\\\/madoskampas.lt\\\/produktas\\\/striuke-odine-su-avies-ir-triusio-kailiu\\\/#primaryimage\"},\"image\":{\"@id\":\"https:\\\/\\\/madoskampas.lt\\\/produktas\\\/striuke-odine-su-avies-ir-triusio-kailiu\\\/#primaryimage\"},\"thumbnailUrl\":\"https:\\\/\\\/madoskampas.lt\\\/wp-content\\\/uploads\\\/2024\\\/10\\\/IMG_6552.jpeg\",\"datePublished\":\"2024-10-20T11:30:25+00:00\",\"dateModified\":\"2025-09-27T10:41:22+00:00\",\"breadcrumb\":{\"@id\":\"https:\\\/\\\/madoskampas.lt\\\/produktas\\\/striuke-odine-su-avies-ir-triusio-kailiu\\\/#breadcrumb\"},\"inLanguage\":\"lv-LV\",\"potentialAction\":[{\"@type\":\"ReadAction\",\"target\":[\"https:\\\/\\\/madoskampas.lt\\\/produktas\\\/striuke-odine-su-avies-ir-triusio-kailiu\\\/\"]}]},{\"@type\":\"ImageObject\",\"inLanguage\":\"lv-LV\",\"@id\":\"https:\\\/\\\/madoskampas.lt\\\/produktas\\\/striuke-odine-su-avies-ir-triusio-kailiu\\\/#primaryimage\",\"url\":\"https:\\\/\\\/madoskampas.lt\\\/wp-content\\\/uploads\\\/2024\\\/10\\\/IMG_6552.jpeg\",\"contentUrl\":\"https:\\\/\\\/madoskampas.lt\\\/wp-content\\\/uploads\\\/2024\\\/10\\\/IMG_6552.jpeg\",\"width\":1536,\"height\":2048},{\"@type\":\"BreadcrumbList\",\"@id\":\"https:\\\/\\\/madoskampas.lt\\\/produktas\\\/striuke-odine-su-avies-ir-triusio-kailiu\\\/#breadcrumb\",\"itemListElement\":[{\"@type\":\"ListItem\",\"position\":1,\"name\":\"Home\",\"item\":\"https:\\\/\\\/madoskampas.lt\\\/\"},{\"@type\":\"ListItem\",\"position\":2,\"name\":\"Parduotuv\u0117\",\"item\":\"https:\\\/\\\/madoskampas.lt\\\/parduotuve-2\\\/\"},{\"@type\":\"ListItem\",\"position\":3,\"name\":\"Striuk\u0117 odin\u0117 su avies ir triu\u0161io kailiu\"}]},{\"@type\":\"WebSite\",\"@id\":\"https:\\\/\\\/madoskampas.lt\\\/#website\",\"url\":\"https:\\\/\\\/madoskampas.lt\\\/\",\"name\":\"MadosKampas.lt\",\"description\":\"Stilingi drabu\u017eiai moterims\",\"potentialAction\":[{\"@type\":\"SearchAction\",\"target\":{\"@type\":\"EntryPoint\",\"urlTemplate\":\"https:\\\/\\\/madoskampas.lt\\\/?s={search_term_string}\"},\"query-input\":{\"@type\":\"PropertyValueSpecification\",\"valueRequired\":true,\"valueName\":\"search_term_string\"}}],\"inLanguage\":\"lv-LV\"}]}<\/script>\n<!-- \/ Yoast SEO plugin. -->","yoast_head_json":{"title":"\u0100das jaka ar aitas un tru\u0161a ka\u017eok\u0101du - MadosKampas.lt","robots":{"index":"index","follow":"follow","max-snippet":"max-snippet:-1","max-image-preview":"max-image-preview:large","max-video-preview":"max-video-preview:-1"},"canonical":"https:\/\/madoskampas.lt\/lv\/product\/adas-jaka-ar-aitas-un-trusa-kazokadu\/","og_locale":"lv_LV","og_type":"article","og_title":"Striuk\u0117 odin\u0117 su avies ir triu\u0161io kailiu - MadosKampas.lt","og_description":"\u0160i moderni juodos spalvos odin\u0117 striuk\u0117 sujungia prabang\u0105 ir dr\u0105s\u0173 stili\u0173. Vir\u0161us pagamintas i\u0161 auk\u0161\u010diausios kokyb\u0117s odos su avies kailio apdaila, suteikian\u010dia i\u0161skirtin\u0119 \u0161ilum\u0105 ir komfort\u0105. Viduje \u2013 \u0161velnus triu\u0161io kailis, kuris u\u017etikrina papildom\u0105 mink\u0161tum\u0105 ir jaukum\u0105.  Universalus dydis (nuo S iki L) leid\u017eia \u0161i\u0105 striuk\u0119 prisitaikyti prie \u012fvairi\u0173 fig\u016br\u0173, o jos modernus ir \u201ekietas\u201c dizainas puikiai tiks tiek kasdieniams \u012fvaizd\u017eiams, tiek i\u0161skirtin\u0117ms progoms. \u0160i striuk\u0117 i\u0161siskiria ne tik savo funkcionalumu, bet ir stilingais detal\u0117mis \u2013 nuo kontrasting\u0173 si\u016bli\u0173 iki madingo u\u017etrauktuk\u0173 dizaino. Ideali moterims, kurios vertina unikal\u0173, bet prakti\u0161k\u0105 stili\u0173!","og_url":"https:\/\/madoskampas.lt\/lv\/product\/adas-jaka-ar-aitas-un-trusa-kazokadu\/","og_site_name":"MadosKampas.lt","article_modified_time":"2025-09-27T10:41:22+00:00","og_image":[{"width":1536,"height":2048,"url":"https:\/\/madoskampas.lt\/wp-content\/uploads\/2024\/10\/IMG_6552.jpeg","type":"image\/jpeg"}],"twitter_card":"summary_large_image","twitter_misc":{"Est. reading time":"1 min\u016bte"},"schema":{"@context":"https:\/\/schema.org","@graph":[{"@type":"WebPage","@id":"https:\/\/madoskampas.lt\/produktas\/striuke-odine-su-avies-ir-triusio-kailiu\/","url":"https:\/\/madoskampas.lt\/produktas\/striuke-odine-su-avies-ir-triusio-kailiu\/","name":"\u0100das jaka ar aitas un tru\u0161a ka\u017eok\u0101du - MadosKampas.lt","isPartOf":{"@id":"https:\/\/madoskampas.lt\/#website"},"primaryImageOfPage":{"@id":"https:\/\/madoskampas.lt\/produktas\/striuke-odine-su-avies-ir-triusio-kailiu\/#primaryimage"},"image":{"@id":"https:\/\/madoskampas.lt\/produktas\/striuke-odine-su-avies-ir-triusio-kailiu\/#primaryimage"},"thumbnailUrl":"https:\/\/madoskampas.lt\/wp-content\/uploads\/2024\/10\/IMG_6552.jpeg","datePublished":"2024-10-20T11:30:25+00:00","dateModified":"2025-09-27T10:41:22+00:00","breadcrumb":{"@id":"https:\/\/madoskampas.lt\/produktas\/striuke-odine-su-avies-ir-triusio-kailiu\/#breadcrumb"},"inLanguage":"lv-LV","potentialAction":[{"@type":"ReadAction","target":["https:\/\/madoskampas.lt\/produktas\/striuke-odine-su-avies-ir-triusio-kailiu\/"]}]},{"@type":"ImageObject","inLanguage":"lv-LV","@id":"https:\/\/madoskampas.lt\/produktas\/striuke-odine-su-avies-ir-triusio-kailiu\/#primaryimage","url":"https:\/\/madoskampas.lt\/wp-content\/uploads\/2024\/10\/IMG_6552.jpeg","contentUrl":"https:\/\/madoskampas.lt\/wp-content\/uploads\/2024\/10\/IMG_6552.jpeg","width":1536,"height":2048},{"@type":"BreadcrumbList","@id":"https:\/\/madoskampas.lt\/produktas\/striuke-odine-su-avies-ir-triusio-kailiu\/#breadcrumb","itemListElement":[{"@type":"ListItem","position":1,"name":"Home","item":"https:\/\/madoskampas.lt\/"},{"@type":"ListItem","position":2,"name":"Parduotuv\u0117","item":"https:\/\/madoskampas.lt\/parduotuve-2\/"},{"@type":"ListItem","position":3,"name":"Striuk\u0117 odin\u0117 su avies ir triu\u0161io kailiu"}]},{"@type":"WebSite","@id":"https:\/\/madoskampas.lt\/#website","url":"https:\/\/madoskampas.lt\/","name":"FashionKampas.lt","description":"Stil\u012bgs ap\u0123\u0113rbs sieviet\u0113m","potentialAction":[{"@type":"SearchAction","target":{"@type":"EntryPoint","urlTemplate":"https:\/\/madoskampas.lt\/?s={search_term_string}"},"query-input":{"@type":"PropertyValueSpecification","valueRequired":true,"valueName":"search_term_string"}}],"inLanguage":"lv-LV"}]}},"uagb_featured_image_src":{"full":["https:\/\/madoskampas.lt\/wp-content\/uploads\/2024\/10\/IMG_6552.jpeg",1536,2048,false],"thumbnail":["https:\/\/madoskampas.lt\/wp-content\/uploads\/2024\/10\/IMG_6552-150x150.jpeg",150,150,true],"medium":["https:\/\/madoskampas.lt\/wp-content\/uploads\/2024\/10\/IMG_6552-225x300.jpeg",225,300,true],"medium_large":["https:\/\/madoskampas.lt\/wp-content\/uploads\/2024\/10\/IMG_6552-768x1024.jpeg",768,1024,true],"large":["https:\/\/madoskampas.lt\/wp-content\/uploads\/2024\/10\/IMG_6552-768x1024.jpeg",768,1024,true],"1536x1536":["https:\/\/madoskampas.lt\/wp-content\/uploads\/2024\/10\/IMG_6552-1152x1536.jpeg",1152,1536,true],"2048x2048":["https:\/\/madoskampas.lt\/wp-content\/uploads\/2024\/10\/IMG_6552.jpeg",1536,2048,false],"trp-custom-language-flag":["https:\/\/madoskampas.lt\/wp-content\/uploads\/2024\/10\/IMG_6552.jpeg",9,12,false],"nova-image-square":["https:\/\/madoskampas.lt\/wp-content\/uploads\/2024\/10\/IMG_6552-1100x1100.jpeg",1100,1100,true],"mixtas-product-03":["https:\/\/madoskampas.lt\/wp-content\/uploads\/2024\/10\/IMG_6552-600x345.jpeg",600,345,true],"woocommerce_thumbnail":["https:\/\/madoskampas.lt\/wp-content\/uploads\/2024\/10\/IMG_6552-700x700.jpeg",700,700,true],"woocommerce_single":["https:\/\/madoskampas.lt\/wp-content\/uploads\/2024\/10\/IMG_6552-1000x1333.jpeg",1000,1333,true],"woocommerce_gallery_thumbnail":["https:\/\/madoskampas.lt\/wp-content\/uploads\/2024\/10\/IMG_6552-250x250.jpeg",250,250,true],"variation_swatches_image_size":["https:\/\/madoskampas.lt\/wp-content\/uploads\/2024\/10\/IMG_6552-50x50.jpeg",50,50,true],"variation_swatches_tooltip_size":["https:\/\/madoskampas.lt\/wp-content\/uploads\/2024\/10\/IMG_6552-100x100.jpeg",100,100,true]},"uagb_author_info":{"display_name":"algirdasbart","author_link":"https:\/\/madoskampas.lt\/lv\/author\/"},"uagb_comment_info":1,"uagb_excerpt":"\u0160i moderni juodos spalvos odin\u0117 striuk\u0117 sujungia prabang\u0105 ir dr\u0105s\u0173 stili\u0173. Vir\u0161us pagamintas i\u0161 auk\u0161\u010diausios kokyb\u0117s odos su avies kailio apdaila, suteikian\u010dia i\u0161skirtin\u0119 \u0161ilum\u0105 ir komfort\u0105. Viduje \u2013 \u0161velnus triu\u0161io kailis, kuris u\u017etikrina papildom\u0105 mink\u0161tum\u0105 ir jaukum\u0105. Universalus dydis (nuo S iki L) leid\u017eia \u0161i\u0105 striuk\u0119 prisitaikyti prie \u012fvairi\u0173 fig\u016br\u0173, o jos modernus ir \u201ekietas\u201c&hellip;","jetpack_sharing_enabled":true,"_links":{"self":[{"href":"https:\/\/madoskampas.lt\/lv\/wp-json\/wp\/v2\/product\/7213","targetHints":{"allow":["GET"]}}],"collection":[{"href":"https:\/\/madoskampas.lt\/lv\/wp-json\/wp\/v2\/product"}],"about":[{"href":"https:\/\/madoskampas.lt\/lv\/wp-json\/wp\/v2\/types\/product"}],"replies":[{"embeddable":true,"href":"https:\/\/madoskampas.lt\/lv\/wp-json\/wp\/v2\/comments?post=7213"}],"wp:featuredmedia":[{"embeddable":true,"href":"https:\/\/madoskampas.lt\/lv\/wp-json\/wp\/v2\/media\/7158"}],"wp:attachment":[{"href":"https:\/\/madoskampas.lt\/lv\/wp-json\/wp\/v2\/media?parent=7213"}],"wp:term":[{"taxonomy":"product_brand","embeddable":true,"href":"https:\/\/madoskampas.lt\/lv\/wp-json\/wp\/v2\/product_brand?post=7213"},{"taxonomy":"product_cat","embeddable":true,"href":"https:\/\/madoskampas.lt\/lv\/wp-json\/wp\/v2\/product_cat?post=7213"},{"taxonomy":"product_tag","embeddable":true,"href":"https:\/\/madoskampas.lt\/lv\/wp-json\/wp\/v2\/product_tag?post=7213"}],"curies":[{"name":"wp","href":"https:\/\/api.w.org\/{rel}","templated":true}]}}