{"id":11533,"date":"2025-02-27T17:31:34","date_gmt":"2025-02-27T17:31:34","guid":{"rendered":"https:\/\/madoskampas.lt\/?post_type=product&#038;p=11533"},"modified":"2026-05-10T14:35:57","modified_gmt":"2026-05-10T14:35:57","slug":"pavasarinis-dygsniuotas-paltas-juodas","status":"publish","type":"product","link":"https:\/\/madoskampas.lt\/ru\/product-2\/pavasarinis-dygsniuotas-paltas-juodas\/","title":{"rendered":"\u0412\u0435\u0441\u0435\u043d\u043d\u0435\u0435 \u0441\u0442\u0435\u0433\u0430\u043d\u043e\u0435 \u043f\u0430\u043b\u044c\u0442\u043e \u0447\u0435\u0440\u043d\u043e\u0433\u043e \u0446\u0432\u0435\u0442\u0430"},"content":{"rendered":"<div class=\"flex max-w-full flex-col flex-grow\">\n<div class=\"min-h-8 text-message relative flex w-full flex-col items-end gap-2 whitespace-normal break-words text-start [.text-message+&amp;]:mt-5\" dir=\"auto\" data-message-author-role=\"assistant\" data-message-id=\"7ad4b00f-0780-4b53-81d9-db2e10620049\" data-message-model-slug=\"gpt-4o\">\n<div class=\"flex w-full flex-col gap-1 empty:hidden first:pt-[3px]\">\n<div class=\"markdown prose w-full break-words dark:prose-invert light\">\n<p data-start=\"0\" data-end=\"223\"><strong data-start=\"0\" data-end=\"43\">Pavasarinis dygsniuotas paltas su dir\u017eu<\/strong> \u2013 eleganti\u0161kas ir prakti\u0161kas pasirinkimas \u0161velniems pavasario orams. \u0160is paltas i\u0161siskiria <strong data-start=\"135\" data-end=\"168\">rombo formos dygsniuotu ra\u0161tu<\/strong>, kuris suteikia prabangos poj\u016bt\u012f ir modern\u0173 \u012fvaizd\u012f.<\/p>\n<p data-start=\"225\" data-end=\"481\">Tiesaus silueto modelis, pridedamas <strong data-start=\"318\" data-end=\"328\">dir\u017eas<\/strong> leid\u017eia pabr\u0117\u017eti liemen\u012f ir suteikia moteri\u0161kumo. Paltas u\u017esegamas <strong data-start=\"396\" data-end=\"411\">spaustukais<\/strong>, o \u0161onuose esantys skeltukai u\u017etikrina jud\u0117jimo laisv\u0119 ir lengvum\u0105.<\/p>\n<p data-start=\"483\" data-end=\"695\">Lengva, bet \u0161ilum\u0105 sulaikanti med\u017eiaga puikiai tinka pavasario sezonui. Universalus sm\u0117lio atspalvis lengvai dera su \u012fvairiomis spalvomis ir aprangos stiliais \u2013 nuo kasdieni\u0173 d\u017eins\u0173 iki eleganti\u0161kesni\u0173 derini\u0173.<\/p>\n<p data-start=\"697\" data-end=\"788\" data-is-last-node=\"\" data-is-only-node=\"\">\u0160is paltas \u2013 nepakei\u010diamas pasirinkimas norin\u010dioms derinti stili\u0173, patogum\u0105 ir prakti\u0161kum\u0105.<\/p>\n<\/div>\n<\/div>\n<\/div>\n<\/div>\n","protected":false},"excerpt":{"rendered":"<p>S<br \/>\nPer petukus 38cm<br \/>\nPer pazastis 48cm<br \/>\nVisas ilgis 106cm<br \/>\nRankoves 60,5cm<\/p>\n<p>M<br \/>\nPer petukus ~39cm<br \/>\nPer pazastis ~49cm<br \/>\nVisas ilgis 106cm<br \/>\nRankoves 61cm<\/p>\n<p>L<br \/>\nPer petukus 40cm<br \/>\nPer pazastis 52cm<br \/>\nVisas ilgis 106cm<br \/>\nRankoves 62cm<\/p>\n<p>Xl<br \/>\nPer petukus 42,5cm<br \/>\nPer pazastis 55cm<br \/>\nVisas ilgis 107cm<br \/>\nRankoves 63cm<\/p>","protected":false},"featured_media":11544,"comment_status":"open","ping_status":"closed","template":"","meta":{"_uag_custom_page_level_css":"","_monsterinsights_skip_tracking":false,"_monsterinsights_sitenote_active":false,"_monsterinsights_sitenote_note":"","_monsterinsights_sitenote_category":0},"product_brand":[],"product_cat":[66,132,77],"product_tag":[],"class_list":{"0":"post-11533","1":"product","2":"type-product","3":"status-publish","4":"has-post-thumbnail","6":"product_cat-drabuziai","7":"product_cat-ispardavimas","8":"product_cat-striukes-paltai","9":"tm-has-options","11":"first","12":"outofstock","13":"sale","14":"shipping-taxable","15":"purchasable","16":"product-type-variable","17":"has-default-attributes"},"yoast_head":"<!-- This site is optimized with the Yoast SEO plugin v27.6 - https:\/\/yoast.com\/product\/yoast-seo-wordpress\/ -->\n<title>Pavasarinis dygsniuotas paltas juodas - MadosKampas.lt<\/title>\n<meta name=\"robots\" content=\"index, follow, max-snippet:-1, max-image-preview:large, max-video-preview:-1\" \/>\n<link rel=\"canonical\" href=\"https:\/\/madoskampas.lt\/ru\/product-2\/pavasarinis-dygsniuotas-paltas-juodas\/\" \/>\n<meta property=\"og:locale\" content=\"ru_RU\" \/>\n<meta property=\"og:type\" content=\"article\" \/>\n<meta property=\"og:title\" content=\"Pavasarinis dygsniuotas paltas juodas - MadosKampas.lt\" \/>\n<meta property=\"og:description\" content=\"S Per petukus 38cm Per pazastis 48cm Visas ilgis 106cm Rankoves 60,5cm  M Per petukus ~39cm Per pazastis ~49cm Visas ilgis 106cm Rankoves 61cm  L Per petukus 40cm Per pazastis 52cm Visas ilgis 106cm Rankoves 62cm  Xl Per petukus 42,5cm Per pazastis 55cm Visas ilgis 107cm Rankoves 63cm\" \/>\n<meta property=\"og:url\" content=\"https:\/\/madoskampas.lt\/ru\/product-2\/pavasarinis-dygsniuotas-paltas-juodas\/\" \/>\n<meta property=\"og:site_name\" content=\"MadosKampas.lt\" \/>\n<meta property=\"article:modified_time\" content=\"2026-05-10T14:35:57+00:00\" \/>\n<meta property=\"og:image\" content=\"https:\/\/madoskampas.lt\/wp-content\/uploads\/2025\/02\/IMG_0561.jpeg\" \/>\n\t<meta property=\"og:image:width\" content=\"1536\" \/>\n\t<meta property=\"og:image:height\" content=\"2048\" \/>\n\t<meta property=\"og:image:type\" content=\"image\/jpeg\" \/>\n<meta name=\"twitter:card\" content=\"summary_large_image\" \/>\n<meta name=\"twitter:label1\" content=\"\u041f\u0440\u0438\u043c\u0435\u0440\u043d\u043e\u0435 \u0432\u0440\u0435\u043c\u044f \u0434\u043b\u044f \u0447\u0442\u0435\u043d\u0438\u044f\" \/>\n\t<meta name=\"twitter:data1\" content=\"1 \u043c\u0438\u043d\u0443\u0442\u0430\" \/>\n<script type=\"application\/ld+json\" class=\"yoast-schema-graph\">{\"@context\":\"https:\\\/\\\/schema.org\",\"@graph\":[{\"@type\":\"WebPage\",\"@id\":\"https:\\\/\\\/madoskampas.lt\\\/produktas\\\/pavasarinis-dygsniuotas-paltas-juodas\\\/\",\"url\":\"https:\\\/\\\/madoskampas.lt\\\/produktas\\\/pavasarinis-dygsniuotas-paltas-juodas\\\/\",\"name\":\"Pavasarinis dygsniuotas paltas juodas - MadosKampas.lt\",\"isPartOf\":{\"@id\":\"https:\\\/\\\/madoskampas.lt\\\/#website\"},\"primaryImageOfPage\":{\"@id\":\"https:\\\/\\\/madoskampas.lt\\\/produktas\\\/pavasarinis-dygsniuotas-paltas-juodas\\\/#primaryimage\"},\"image\":{\"@id\":\"https:\\\/\\\/madoskampas.lt\\\/produktas\\\/pavasarinis-dygsniuotas-paltas-juodas\\\/#primaryimage\"},\"thumbnailUrl\":\"https:\\\/\\\/madoskampas.lt\\\/wp-content\\\/uploads\\\/2025\\\/02\\\/IMG_0561.jpeg\",\"datePublished\":\"2025-02-27T17:31:34+00:00\",\"dateModified\":\"2026-05-10T14:35:57+00:00\",\"breadcrumb\":{\"@id\":\"https:\\\/\\\/madoskampas.lt\\\/produktas\\\/pavasarinis-dygsniuotas-paltas-juodas\\\/#breadcrumb\"},\"inLanguage\":\"ru-RU\",\"potentialAction\":[{\"@type\":\"ReadAction\",\"target\":[\"https:\\\/\\\/madoskampas.lt\\\/produktas\\\/pavasarinis-dygsniuotas-paltas-juodas\\\/\"]}]},{\"@type\":\"ImageObject\",\"inLanguage\":\"ru-RU\",\"@id\":\"https:\\\/\\\/madoskampas.lt\\\/produktas\\\/pavasarinis-dygsniuotas-paltas-juodas\\\/#primaryimage\",\"url\":\"https:\\\/\\\/madoskampas.lt\\\/wp-content\\\/uploads\\\/2025\\\/02\\\/IMG_0561.jpeg\",\"contentUrl\":\"https:\\\/\\\/madoskampas.lt\\\/wp-content\\\/uploads\\\/2025\\\/02\\\/IMG_0561.jpeg\",\"width\":1536,\"height\":2048},{\"@type\":\"BreadcrumbList\",\"@id\":\"https:\\\/\\\/madoskampas.lt\\\/produktas\\\/pavasarinis-dygsniuotas-paltas-juodas\\\/#breadcrumb\",\"itemListElement\":[{\"@type\":\"ListItem\",\"position\":1,\"name\":\"Home\",\"item\":\"https:\\\/\\\/madoskampas.lt\\\/\"},{\"@type\":\"ListItem\",\"position\":2,\"name\":\"Parduotuv\u0117\",\"item\":\"https:\\\/\\\/madoskampas.lt\\\/parduotuve-2\\\/\"},{\"@type\":\"ListItem\",\"position\":3,\"name\":\"Pavasarinis dygsniuotas paltas juodas\"}]},{\"@type\":\"WebSite\",\"@id\":\"https:\\\/\\\/madoskampas.lt\\\/#website\",\"url\":\"https:\\\/\\\/madoskampas.lt\\\/\",\"name\":\"MadosKampas.lt\",\"description\":\"Stilingi drabu\u017eiai moterims\",\"potentialAction\":[{\"@type\":\"SearchAction\",\"target\":{\"@type\":\"EntryPoint\",\"urlTemplate\":\"https:\\\/\\\/madoskampas.lt\\\/?s={search_term_string}\"},\"query-input\":{\"@type\":\"PropertyValueSpecification\",\"valueRequired\":true,\"valueName\":\"search_term_string\"}}],\"inLanguage\":\"ru-RU\"}]}<\/script>\n<!-- \/ Yoast SEO plugin. -->","yoast_head_json":{"title":"Pavasarinis dygsniuotas paltas juodas - MadosKampas.lt","robots":{"index":"index","follow":"follow","max-snippet":"max-snippet:-1","max-image-preview":"max-image-preview:large","max-video-preview":"max-video-preview:-1"},"canonical":"https:\/\/madoskampas.lt\/ru\/product-2\/pavasarinis-dygsniuotas-paltas-juodas\/","og_locale":"ru_RU","og_type":"article","og_title":"Pavasarinis dygsniuotas paltas juodas - MadosKampas.lt","og_description":"S Per petukus 38cm Per pazastis 48cm Visas ilgis 106cm Rankoves 60,5cm  M Per petukus ~39cm Per pazastis ~49cm Visas ilgis 106cm Rankoves 61cm  L Per petukus 40cm Per pazastis 52cm Visas ilgis 106cm Rankoves 62cm  Xl Per petukus 42,5cm Per pazastis 55cm Visas ilgis 107cm Rankoves 63cm","og_url":"https:\/\/madoskampas.lt\/ru\/product-2\/pavasarinis-dygsniuotas-paltas-juodas\/","og_site_name":"MadosKampas.lt","article_modified_time":"2026-05-10T14:35:57+00:00","og_image":[{"width":1536,"height":2048,"url":"https:\/\/madoskampas.lt\/wp-content\/uploads\/2025\/02\/IMG_0561.jpeg","type":"image\/jpeg"}],"twitter_card":"summary_large_image","twitter_misc":{"\u041f\u0440\u0438\u043c\u0435\u0440\u043d\u043e\u0435 \u0432\u0440\u0435\u043c\u044f \u0434\u043b\u044f \u0447\u0442\u0435\u043d\u0438\u044f":"1 \u043c\u0438\u043d\u0443\u0442\u0430"},"schema":{"@context":"https:\/\/schema.org","@graph":[{"@type":"WebPage","@id":"https:\/\/madoskampas.lt\/produktas\/pavasarinis-dygsniuotas-paltas-juodas\/","url":"https:\/\/madoskampas.lt\/produktas\/pavasarinis-dygsniuotas-paltas-juodas\/","name":"Pavasarinis dygsniuotas paltas juodas - MadosKampas.lt","isPartOf":{"@id":"https:\/\/madoskampas.lt\/#website"},"primaryImageOfPage":{"@id":"https:\/\/madoskampas.lt\/produktas\/pavasarinis-dygsniuotas-paltas-juodas\/#primaryimage"},"image":{"@id":"https:\/\/madoskampas.lt\/produktas\/pavasarinis-dygsniuotas-paltas-juodas\/#primaryimage"},"thumbnailUrl":"https:\/\/madoskampas.lt\/wp-content\/uploads\/2025\/02\/IMG_0561.jpeg","datePublished":"2025-02-27T17:31:34+00:00","dateModified":"2026-05-10T14:35:57+00:00","breadcrumb":{"@id":"https:\/\/madoskampas.lt\/produktas\/pavasarinis-dygsniuotas-paltas-juodas\/#breadcrumb"},"inLanguage":"ru-RU","potentialAction":[{"@type":"ReadAction","target":["https:\/\/madoskampas.lt\/produktas\/pavasarinis-dygsniuotas-paltas-juodas\/"]}]},{"@type":"ImageObject","inLanguage":"ru-RU","@id":"https:\/\/madoskampas.lt\/produktas\/pavasarinis-dygsniuotas-paltas-juodas\/#primaryimage","url":"https:\/\/madoskampas.lt\/wp-content\/uploads\/2025\/02\/IMG_0561.jpeg","contentUrl":"https:\/\/madoskampas.lt\/wp-content\/uploads\/2025\/02\/IMG_0561.jpeg","width":1536,"height":2048},{"@type":"BreadcrumbList","@id":"https:\/\/madoskampas.lt\/produktas\/pavasarinis-dygsniuotas-paltas-juodas\/#breadcrumb","itemListElement":[{"@type":"ListItem","position":1,"name":"Home","item":"https:\/\/madoskampas.lt\/"},{"@type":"ListItem","position":2,"name":"Parduotuv\u0117","item":"https:\/\/madoskampas.lt\/parduotuve-2\/"},{"@type":"ListItem","position":3,"name":"Pavasarinis dygsniuotas paltas juodas"}]},{"@type":"WebSite","@id":"https:\/\/madoskampas.lt\/#website","url":"https:\/\/madoskampas.lt\/","name":"FashionKampas.lt","description":"\u0421\u0442\u0438\u043b\u044c\u043d\u0430\u044f \u043e\u0434\u0435\u0436\u0434\u0430 \u0434\u043b\u044f \u0436\u0435\u043d\u0449\u0438\u043d","potentialAction":[{"@type":"SearchAction","target":{"@type":"EntryPoint","urlTemplate":"https:\/\/madoskampas.lt\/?s={search_term_string}"},"query-input":{"@type":"PropertyValueSpecification","valueRequired":true,"valueName":"search_term_string"}}],"inLanguage":"ru-RU"}]}},"uagb_featured_image_src":{"full":["https:\/\/madoskampas.lt\/wp-content\/uploads\/2025\/02\/IMG_0561.jpeg",1536,2048,false],"thumbnail":["https:\/\/madoskampas.lt\/wp-content\/uploads\/2025\/02\/IMG_0561-150x150.jpeg",150,150,true],"medium":["https:\/\/madoskampas.lt\/wp-content\/uploads\/2025\/02\/IMG_0561-225x300.jpeg",225,300,true],"medium_large":["https:\/\/madoskampas.lt\/wp-content\/uploads\/2025\/02\/IMG_0561-768x1024.jpeg",768,1024,true],"large":["https:\/\/madoskampas.lt\/wp-content\/uploads\/2025\/02\/IMG_0561-768x1024.jpeg",768,1024,true],"1536x1536":["https:\/\/madoskampas.lt\/wp-content\/uploads\/2025\/02\/IMG_0561-1152x1536.jpeg",1152,1536,true],"2048x2048":["https:\/\/madoskampas.lt\/wp-content\/uploads\/2025\/02\/IMG_0561.jpeg",1536,2048,false],"trp-custom-language-flag":["https:\/\/madoskampas.lt\/wp-content\/uploads\/2025\/02\/IMG_0561.jpeg",9,12,false],"nova-image-square":["https:\/\/madoskampas.lt\/wp-content\/uploads\/2025\/02\/IMG_0561-1100x1100.jpeg",1100,1100,true],"mixtas-product-03":["https:\/\/madoskampas.lt\/wp-content\/uploads\/2025\/02\/IMG_0561-600x345.jpeg",600,345,true],"woocommerce_thumbnail":["https:\/\/madoskampas.lt\/wp-content\/uploads\/2025\/02\/IMG_0561-700x700.jpeg",700,700,true],"woocommerce_single":["https:\/\/madoskampas.lt\/wp-content\/uploads\/2025\/02\/IMG_0561-1000x1333.jpeg",1000,1333,true],"woocommerce_gallery_thumbnail":["https:\/\/madoskampas.lt\/wp-content\/uploads\/2025\/02\/IMG_0561-250x250.jpeg",250,250,true],"variation_swatches_image_size":["https:\/\/madoskampas.lt\/wp-content\/uploads\/2025\/02\/IMG_0561-50x50.jpeg",50,50,true],"variation_swatches_tooltip_size":["https:\/\/madoskampas.lt\/wp-content\/uploads\/2025\/02\/IMG_0561-100x100.jpeg",100,100,true]},"uagb_author_info":{"display_name":"algirdasbart","author_link":"https:\/\/madoskampas.lt\/ru\/author\/"},"uagb_comment_info":0,"uagb_excerpt":"S Per petukus 38cm Per pazastis 48cm Visas ilgis 106cm Rankoves 60,5cm M Per petukus ~39cm Per pazastis ~49cm Visas ilgis 106cm Rankoves 61cm L Per petukus 40cm Per pazastis 52cm Visas ilgis 106cm Rankoves 62cm Xl Per petukus 42,5cm Per pazastis 55cm Visas ilgis 107cm Rankoves 63cm","jetpack_sharing_enabled":true,"_links":{"self":[{"href":"https:\/\/madoskampas.lt\/ru\/wp-json\/wp\/v2\/product\/11533","targetHints":{"allow":["GET"]}}],"collection":[{"href":"https:\/\/madoskampas.lt\/ru\/wp-json\/wp\/v2\/product"}],"about":[{"href":"https:\/\/madoskampas.lt\/ru\/wp-json\/wp\/v2\/types\/product"}],"replies":[{"embeddable":true,"href":"https:\/\/madoskampas.lt\/ru\/wp-json\/wp\/v2\/comments?post=11533"}],"wp:featuredmedia":[{"embeddable":true,"href":"https:\/\/madoskampas.lt\/ru\/wp-json\/wp\/v2\/media\/11544"}],"wp:attachment":[{"href":"https:\/\/madoskampas.lt\/ru\/wp-json\/wp\/v2\/media?parent=11533"}],"wp:term":[{"taxonomy":"product_brand","embeddable":true,"href":"https:\/\/madoskampas.lt\/ru\/wp-json\/wp\/v2\/product_brand?post=11533"},{"taxonomy":"product_cat","embeddable":true,"href":"https:\/\/madoskampas.lt\/ru\/wp-json\/wp\/v2\/product_cat?post=11533"},{"taxonomy":"product_tag","embeddable":true,"href":"https:\/\/madoskampas.lt\/ru\/wp-json\/wp\/v2\/product_tag?post=11533"}],"curies":[{"name":"wp","href":"https:\/\/api.w.org\/{rel}","templated":true}]}}