{"id":12551,"date":"2025-03-14T07:15:40","date_gmt":"2025-03-14T07:15:40","guid":{"rendered":"https:\/\/madoskampas.lt\/?post_type=product&#038;p=12551"},"modified":"2026-03-29T10:32:15","modified_gmt":"2026-03-29T10:32:15","slug":"%d0%bb%d0%b5%d0%b3%d0%ba%d0%be%d0%b5-%d0%b8-%d1%8d%d0%bb%d0%b5%d0%b3%d0%b0%d0%bd%d1%82%d0%bd%d0%be%d0%b5-%d0%bf%d0%bb%d0%b0%d1%82%d1%8c%d0%b5-%d0%bd%d0%b0-%d0%ba%d0%b0%d0%b6%d0%b4%d1%8b%d0%b9-%d0%b4","status":"publish","type":"product","link":"https:\/\/madoskampas.lt\/ru\/product-2\/%d0%bb%d0%b5%d0%b3%d0%ba%d0%be%d0%b5-%d0%b8-%d1%8d%d0%bb%d0%b5%d0%b3%d0%b0%d0%bd%d1%82%d0%bd%d0%be%d0%b5-%d0%bf%d0%bb%d0%b0%d1%82%d1%8c%d0%b5-%d0%bd%d0%b0-%d0%ba%d0%b0%d0%b6%d0%b4%d1%8b%d0%b9-%d0%b4\/","title":{"rendered":"\u041b\u0435\u0433\u043a\u043e\u0435 \u0438 \u044d\u043b\u0435\u0433\u0430\u043d\u0442\u043d\u043e\u0435 \u043f\u043b\u0430\u0442\u044c\u0435 \u043d\u0430 \u043a\u0430\u0436\u0434\u044b\u0439 \u0434\u0435\u043d\u044c"},"content":{"rendered":"<p data-start=\"54\" data-end=\"325\">\u042d\u0442\u043e \u0441\u0442\u0438\u043b\u044c\u043d\u043e\u0435 \u043f\u043b\u0430\u0442\u044c\u0435 - \u0438\u0434\u0435\u0430\u043b\u044c\u043d\u044b\u0439 \u0432\u044b\u0431\u043e\u0440 \u0434\u043b\u044f \u0436\u0435\u043d\u0449\u0438\u043d\u044b, \u043a\u043e\u0442\u043e\u0440\u0430\u044f \u0446\u0435\u043d\u0438\u0442 \u043a\u043e\u043c\u0444\u043e\u0440\u0442 \u0438 \u0443\u0442\u043e\u043d\u0447\u0435\u043d\u043d\u0443\u044e \u0438\u0437\u044b\u0441\u043a\u0430\u043d\u043d\u043e\u0441\u0442\u044c. <strong data-start=\"164\" data-end=\"187\">\u0421\u0434\u0435\u043b\u0430\u043d\u043e \u0432 \u0418\u0442\u0430\u043b\u0438\u0438<\/strong>, \u0412 \u043d\u0435\u043c \u0438\u0441\u043f\u043e\u043b\u044c\u0437\u043e\u0432\u0430\u043d\u0430 \u043a\u0430\u0447\u0435\u0441\u0442\u0432\u0435\u043d\u043d\u0430\u044f \u0442\u043a\u0430\u043d\u044c, \u0441\u043e\u0441\u0442\u043e\u044f\u0449\u0430\u044f \u0438\u0437 <strong data-start=\"232\" data-end=\"269\">83 % \u0432\u0438\u0441\u043a\u043e\u0437\u0430 \u0438 17 % \u043f\u043e\u043b\u0438\u044d\u0441\u0442\u0435\u0440<\/strong>, \u0411\u043b\u0430\u0433\u043e\u0434\u0430\u0440\u044f \u044d\u0442\u043e\u043c\u0443 \u043e\u043d\u0430 \u043b\u0435\u0433\u043a\u0430\u044f, \u043a\u043e\u043c\u0444\u043e\u0440\u0442\u043d\u043e \u043f\u0440\u0438\u043b\u0435\u0433\u0430\u0435\u0442 \u043a \u0442\u0435\u043b\u0443 \u0438 \u0445\u043e\u0440\u043e\u0448\u043e \u043f\u0440\u043e\u043f\u0443\u0441\u043a\u0430\u0435\u0442 \u0432\u043e\u0437\u0434\u0443\u0445.<\/p>\n<p data-start=\"327\" data-end=\"716\">\ud83d\udcab <strong data-start=\"330\" data-end=\"366\">\u041f\u043e\u0447\u0435\u043c\u0443 \u0432\u044b \u0432\u044b\u0431\u0440\u0430\u043b\u0438 \u0438\u043c\u0435\u043d\u043d\u043e \u044d\u0442\u043e \u043f\u043b\u0430\u0442\u044c\u0435?<\/strong><br data-start=\"366\" data-end=\"369\" \/>\u2714\ufe0f <strong data-start=\"372\" data-end=\"393\">\u0423\u043d\u0438\u0432\u0435\u0440\u0441\u0430\u043b\u044c\u043d\u044b\u0439 \u0440\u0430\u0437\u043c\u0435\u0440<\/strong> (S-L) - \u0441\u0432\u043e\u0431\u043e\u0434\u043d\u044b\u0439 \u0441\u0438\u043b\u0443\u044d\u0442 \u0430\u0434\u0430\u043f\u0442\u0438\u0440\u0443\u0435\u0442\u0441\u044f \u043a \u0444\u0438\u0433\u0443\u0440\u0435 (\u0413\u0440\u0443\u0434\u044c 54 \u0441\u043c \u0414\u043b\u0438\u043d\u0430 116 \u0441\u043c)<\/p>\n<p data-start=\"327\" data-end=\"716\">\u2714\ufe0f <strong data-start=\"448\" data-end=\"473\">\u0420\u0435\u0433\u0443\u043b\u0438\u0440\u0443\u0435\u043c\u0430\u044f \u0442\u0430\u043b\u0438\u044f<\/strong> - \u041f\u0440\u0438\u0434\u0430\u0435\u0442 \u0444\u043e\u0440\u043c\u0443 \u0438 \u044d\u043b\u0435\u0433\u0430\u043d\u0442\u043d\u044b\u0439 \u0432\u0438\u0434<br data-start=\"513\" data-end=\"516\" \/>\u2714\ufe0f <strong data-start=\"519\" data-end=\"549\">\u0427\u0435\u0442\u044b\u0440\u0435 \u043e\u0447\u0430\u0440\u043e\u0432\u0430\u0442\u0435\u043b\u044c\u043d\u044b\u0445 \u043e\u0442\u0442\u0435\u043d\u043a\u0430:<\/strong> \u0425\u0430\u043a\u0438, \u0447\u0435\u0440\u043d\u044b\u0439, \u0431\u0435\u0436\u0435\u0432\u044b\u0439, \u043c\u044f\u0442\u043d\u044b\u0439 - \u043b\u0435\u0433\u043a\u043e \u0441\u043c\u0435\u0448\u0438\u0432\u0430\u0442\u044c \u0438 \u0441\u043e\u0447\u0435\u0442\u0430\u0442\u044c \u0432 \u0437\u0430\u0432\u0438\u0441\u0438\u043c\u043e\u0441\u0442\u0438 \u043e\u0442 \u043d\u0430\u0441\u0442\u0440\u043e\u0435\u043d\u0438\u044f!<br data-start=\"612\" data-end=\"615\" \/>\u2714\ufe0f <strong data-start=\"618\" data-end=\"668\">\u0418\u0434\u0435\u0430\u043b\u044c\u043d\u043e \u043f\u043e\u0434\u0445\u043e\u0434\u0438\u0442 \u043a\u0430\u043a \u0434\u043b\u044f \u043f\u043e\u0432\u0441\u0435\u0434\u043d\u0435\u0432\u043d\u043e\u0439 \u0436\u0438\u0437\u043d\u0438, \u0442\u0430\u043a \u0438 \u0434\u043b\u044f \u043e\u0441\u043e\u0431\u044b\u0445 \u0441\u043b\u0443\u0447\u0430\u0435\u0432<\/strong> - \u041d\u043e\u0441\u0438\u0442\u0435 \u0441 \u043f\u043e\u0432\u0441\u0435\u0434\u043d\u0435\u0432\u043d\u043e\u0439 \u043e\u0431\u0443\u0432\u044c\u044e \u0438\u043b\u0438 \u0442\u0443\u0444\u043b\u044f\u043c\u0438 \u043d\u0430 \u0432\u044b\u0441\u043e\u043a\u043e\u043c \u043a\u0430\u0431\u043b\u0443\u043a\u0435<\/p>\n<p data-start=\"718\" data-end=\"802\">\ud83c\udf3f <strong data-start=\"721\" data-end=\"797\">\u0415\u0441\u0442\u0435\u0441\u0442\u0432\u0435\u043d\u043d\u0430\u044f \u043b\u0435\u0433\u043a\u043e\u0441\u0442\u044c \u0438 \u0438\u0442\u0430\u043b\u044c\u044f\u043d\u0441\u043a\u043e\u0435 \u043a\u0430\u0447\u0435\u0441\u0442\u0432\u043e - \u0447\u0443\u0432\u0441\u0442\u0432\u0443\u0439\u0442\u0435 \u0441\u0435\u0431\u044f \u0441\u0432\u043e\u0431\u043e\u0434\u043d\u043e \u0438 \u0441\u0442\u0438\u043b\u044c\u043d\u043e!<\/strong> \ud83d\udc83<\/p>","protected":false},"excerpt":{"rendered":"<p>\u042d\u0442\u043e \u0441\u0442\u0438\u043b\u044c\u043d\u043e\u0435 \u043f\u043b\u0430\u0442\u044c\u0435 - \u0438\u0434\u0435\u0430\u043b\u044c\u043d\u044b\u0439 \u0432\u044b\u0431\u043e\u0440 \u0434\u043b\u044f \u0436\u0435\u043d\u0449\u0438\u043d\u044b, \u043a\u043e\u0442\u043e\u0440\u0430\u044f \u0446\u0435\u043d\u0438\u0442 \u043a\u043e\u043c\u0444\u043e\u0440\u0442 \u0438 \u0443\u0442\u043e\u043d\u0447\u0435\u043d\u043d\u0443\u044e \u0438\u0437\u044b\u0441\u043a\u0430\u043d\u043d\u043e\u0441\u0442\u044c. \u0418\u0437\u0433\u043e\u0442\u043e\u0432\u043b\u0435\u043d\u043d\u043e\u0435 \u0432 \u0418\u0442\u0430\u043b\u0438\u0438, \u043e\u043d\u043e \u0432\u044b\u043f\u043e\u043b\u043d\u0435\u043d\u043e \u0438\u0437 \u043a\u0430\u0447\u0435\u0441\u0442\u0432\u0435\u043d\u043d\u043e\u0439 \u0442\u043a\u0430\u043d\u0438, \u0441\u043e\u0441\u0442\u043e\u044f\u0449\u0435\u0439 \u0438\u0437 83 % \u0432\u0438\u0441\u043a\u043e\u0437\u044b \u0438 17 % \u043f\u043e\u043b\u0438\u044d\u0441\u0442\u0435\u0440\u0430, \u0447\u0442\u043e \u0434\u0435\u043b\u0430\u0435\u0442 \u0435\u0433\u043e \u043b\u0435\u0433\u043a\u0438\u043c, \u044d\u043b\u0430\u0441\u0442\u0438\u0447\u043d\u044b\u043c \u0438 \u0432\u043e\u0437\u0434\u0443\u0445\u043e\u043f\u0440\u043e\u043d\u0438\u0446\u0430\u0435\u043c\u044b\u043c. \ud83d\udcab \u041f\u043e\u0447\u0435\u043c\u0443 \u0441\u0442\u043e\u0438\u0442 \u0432\u044b\u0431\u0440\u0430\u0442\u044c \u044d\u0442\u043e \u043f\u043b\u0430\u0442\u044c\u0435? \u2714\ufe0f \u0423\u043d\u0438\u0432\u0435\u0440\u0441\u0430\u043b\u044c\u043d\u044b\u0439 \u0440\u0430\u0437\u043c\u0435\u0440 (S-L) - \u0441\u0432\u043e\u0431\u043e\u0434\u043d\u044b\u0439 \u0441\u0438\u043b\u0443\u044d\u0442 \u0430\u0434\u0430\u043f\u0442\u0438\u0440\u0443\u0435\u0442\u0441\u044f \u043a \u0444\u0438\u0433\u0443\u0440\u0435 (\u0413\u0440\u0443\u0434\u044c 54 \u0441\u043c \u0414\u043b\u0438\u043d\u0430 116 \u0441\u043c) \u2714\ufe0f...<\/p>","protected":false},"featured_media":13565,"comment_status":"open","ping_status":"closed","template":"","meta":{"_uag_custom_page_level_css":"","_monsterinsights_skip_tracking":false,"_monsterinsights_sitenote_active":false,"_monsterinsights_sitenote_note":"","_monsterinsights_sitenote_category":0},"product_brand":[],"product_cat":[66,132,78],"product_tag":[],"class_list":{"0":"post-12551","1":"product","2":"type-product","3":"status-publish","4":"has-post-thumbnail","6":"product_cat-drabuziai","7":"product_cat-ispardavimas","8":"product_cat-sukneles","9":"tm-has-options","11":"first","12":"instock","13":"sale","14":"shipping-taxable","15":"purchasable","16":"product-type-variable","17":"has-default-attributes"},"yoast_head":"<!-- This site is optimized with the Yoast SEO plugin v27.3 - https:\/\/yoast.com\/product\/yoast-seo-wordpress\/ -->\n<title>Suknel\u0117 lengvumas ir elegancija kiekvienai dienai - MadosKampas.lt<\/title>\n<meta name=\"robots\" content=\"index, follow, max-snippet:-1, max-image-preview:large, max-video-preview:-1\" \/>\n<link rel=\"canonical\" href=\"https:\/\/madoskampas.lt\/ru\/product-2\/\u043b\u0435\u0433\u043a\u043e\u0435-\u0438-\u044d\u043b\u0435\u0433\u0430\u043d\u0442\u043d\u043e\u0435-\u043f\u043b\u0430\u0442\u044c\u0435-\u043d\u0430-\u043a\u0430\u0436\u0434\u044b\u0439-\u0434\/\" \/>\n<meta property=\"og:locale\" content=\"ru_RU\" \/>\n<meta property=\"og:type\" content=\"article\" \/>\n<meta property=\"og:title\" content=\"Suknel\u0117 lengvumas ir elegancija kiekvienai dienai - MadosKampas.lt\" \/>\n<meta property=\"og:description\" content=\"\u0160i stilinga suknel\u0117 \u2013 tobulas pasirinkimas moteriai, vertinan\u010diai patogum\u0105 ir subtil\u0173 rafinuotum\u0105. Pagaminta Italijoje, ji pasi\u017eymi kokybi\u0161ku audiniu, sudarytu i\u0161 83 % viskoz\u0117s ir 17 % poliesterio, tod\u0117l yra lengva, maloni prie k\u016bno ir pralaidi orui. \ud83d\udcab Kod\u0117l verta rinktis \u0161i\u0105 suknel\u0119?\u2714\ufe0f Universalus dydis (S\u2013L) \u2013 laisvas siluetas prisitaiko prie fig\u016bros ( Per kr\u016btin\u0119 54 cm Ilgis 116 cm) \u2714\ufe0f\u2026\" \/>\n<meta property=\"og:url\" content=\"https:\/\/madoskampas.lt\/ru\/product-2\/\u043b\u0435\u0433\u043a\u043e\u0435-\u0438-\u044d\u043b\u0435\u0433\u0430\u043d\u0442\u043d\u043e\u0435-\u043f\u043b\u0430\u0442\u044c\u0435-\u043d\u0430-\u043a\u0430\u0436\u0434\u044b\u0439-\u0434\/\" \/>\n<meta property=\"og:site_name\" content=\"MadosKampas.lt\" \/>\n<meta property=\"article:modified_time\" content=\"2026-03-29T10:32:15+00:00\" \/>\n<meta property=\"og:image\" content=\"https:\/\/madoskampas.lt\/wp-content\/uploads\/2025\/03\/IMG_5834.jpeg\" \/>\n\t<meta property=\"og:image:width\" content=\"1536\" \/>\n\t<meta property=\"og:image:height\" content=\"2048\" \/>\n\t<meta property=\"og:image:type\" content=\"image\/jpeg\" \/>\n<meta name=\"twitter:card\" content=\"summary_large_image\" \/>\n<meta name=\"twitter:label1\" content=\"\u041f\u0440\u0438\u043c\u0435\u0440\u043d\u043e\u0435 \u0432\u0440\u0435\u043c\u044f \u0434\u043b\u044f \u0447\u0442\u0435\u043d\u0438\u044f\" \/>\n\t<meta name=\"twitter:data1\" content=\"1 \u043c\u0438\u043d\u0443\u0442\u0430\" \/>\n<script type=\"application\/ld+json\" class=\"yoast-schema-graph\">{\"@context\":\"https:\\\/\\\/schema.org\",\"@graph\":[{\"@type\":\"WebPage\",\"@id\":\"https:\\\/\\\/madoskampas.lt\\\/produktas\\\/suknele-lengvumas-ir-elegancija-kiekvienai-dienai\\\/\",\"url\":\"https:\\\/\\\/madoskampas.lt\\\/produktas\\\/suknele-lengvumas-ir-elegancija-kiekvienai-dienai\\\/\",\"name\":\"Suknel\u0117 lengvumas ir elegancija kiekvienai dienai - MadosKampas.lt\",\"isPartOf\":{\"@id\":\"https:\\\/\\\/madoskampas.lt\\\/#website\"},\"primaryImageOfPage\":{\"@id\":\"https:\\\/\\\/madoskampas.lt\\\/produktas\\\/suknele-lengvumas-ir-elegancija-kiekvienai-dienai\\\/#primaryimage\"},\"image\":{\"@id\":\"https:\\\/\\\/madoskampas.lt\\\/produktas\\\/suknele-lengvumas-ir-elegancija-kiekvienai-dienai\\\/#primaryimage\"},\"thumbnailUrl\":\"https:\\\/\\\/madoskampas.lt\\\/wp-content\\\/uploads\\\/2025\\\/03\\\/IMG_5834.jpeg\",\"datePublished\":\"2025-03-14T07:15:40+00:00\",\"dateModified\":\"2026-03-29T10:32:15+00:00\",\"breadcrumb\":{\"@id\":\"https:\\\/\\\/madoskampas.lt\\\/produktas\\\/suknele-lengvumas-ir-elegancija-kiekvienai-dienai\\\/#breadcrumb\"},\"inLanguage\":\"ru-RU\",\"potentialAction\":[{\"@type\":\"ReadAction\",\"target\":[\"https:\\\/\\\/madoskampas.lt\\\/produktas\\\/suknele-lengvumas-ir-elegancija-kiekvienai-dienai\\\/\"]}]},{\"@type\":\"ImageObject\",\"inLanguage\":\"ru-RU\",\"@id\":\"https:\\\/\\\/madoskampas.lt\\\/produktas\\\/suknele-lengvumas-ir-elegancija-kiekvienai-dienai\\\/#primaryimage\",\"url\":\"https:\\\/\\\/madoskampas.lt\\\/wp-content\\\/uploads\\\/2025\\\/03\\\/IMG_5834.jpeg\",\"contentUrl\":\"https:\\\/\\\/madoskampas.lt\\\/wp-content\\\/uploads\\\/2025\\\/03\\\/IMG_5834.jpeg\",\"width\":1536,\"height\":2048},{\"@type\":\"BreadcrumbList\",\"@id\":\"https:\\\/\\\/madoskampas.lt\\\/produktas\\\/suknele-lengvumas-ir-elegancija-kiekvienai-dienai\\\/#breadcrumb\",\"itemListElement\":[{\"@type\":\"ListItem\",\"position\":1,\"name\":\"Home\",\"item\":\"https:\\\/\\\/madoskampas.lt\\\/\"},{\"@type\":\"ListItem\",\"position\":2,\"name\":\"Parduotuv\u0117\",\"item\":\"https:\\\/\\\/madoskampas.lt\\\/parduotuve-2\\\/\"},{\"@type\":\"ListItem\",\"position\":3,\"name\":\"Suknel\u0117 lengvumas ir elegancija kiekvienai dienai\"}]},{\"@type\":\"WebSite\",\"@id\":\"https:\\\/\\\/madoskampas.lt\\\/#website\",\"url\":\"https:\\\/\\\/madoskampas.lt\\\/\",\"name\":\"MadosKampas.lt\",\"description\":\"Stilingi drabu\u017eiai moterims\",\"potentialAction\":[{\"@type\":\"SearchAction\",\"target\":{\"@type\":\"EntryPoint\",\"urlTemplate\":\"https:\\\/\\\/madoskampas.lt\\\/?s={search_term_string}\"},\"query-input\":{\"@type\":\"PropertyValueSpecification\",\"valueRequired\":true,\"valueName\":\"search_term_string\"}}],\"inLanguage\":\"ru-RU\"}]}<\/script>\n<!-- \/ Yoast SEO plugin. -->","yoast_head_json":{"title":"\u041f\u043b\u0430\u0442\u044c\u0435 \u0441 \u043b\u0435\u0433\u043a\u043e\u0441\u0442\u044c\u044e \u0438 \u044d\u043b\u0435\u0433\u0430\u043d\u0442\u043d\u043e\u0441\u0442\u044c\u044e \u043d\u0430 \u043a\u0430\u0436\u0434\u044b\u0439 \u0434\u0435\u043d\u044c - MadosKampas.lt","robots":{"index":"index","follow":"follow","max-snippet":"max-snippet:-1","max-image-preview":"max-image-preview:large","max-video-preview":"max-video-preview:-1"},"canonical":"https:\/\/madoskampas.lt\/ru\/product-2\/\u043b\u0435\u0433\u043a\u043e\u0435-\u0438-\u044d\u043b\u0435\u0433\u0430\u043d\u0442\u043d\u043e\u0435-\u043f\u043b\u0430\u0442\u044c\u0435-\u043d\u0430-\u043a\u0430\u0436\u0434\u044b\u0439-\u0434\/","og_locale":"ru_RU","og_type":"article","og_title":"Suknel\u0117 lengvumas ir elegancija kiekvienai dienai - MadosKampas.lt","og_description":"\u0160i stilinga suknel\u0117 \u2013 tobulas pasirinkimas moteriai, vertinan\u010diai patogum\u0105 ir subtil\u0173 rafinuotum\u0105. Pagaminta Italijoje, ji pasi\u017eymi kokybi\u0161ku audiniu, sudarytu i\u0161 83 % viskoz\u0117s ir 17 % poliesterio, tod\u0117l yra lengva, maloni prie k\u016bno ir pralaidi orui. \ud83d\udcab Kod\u0117l verta rinktis \u0161i\u0105 suknel\u0119?\u2714\ufe0f Universalus dydis (S\u2013L) \u2013 laisvas siluetas prisitaiko prie fig\u016bros ( Per kr\u016btin\u0119 54 cm Ilgis 116 cm) \u2714\ufe0f\u2026","og_url":"https:\/\/madoskampas.lt\/ru\/product-2\/\u043b\u0435\u0433\u043a\u043e\u0435-\u0438-\u044d\u043b\u0435\u0433\u0430\u043d\u0442\u043d\u043e\u0435-\u043f\u043b\u0430\u0442\u044c\u0435-\u043d\u0430-\u043a\u0430\u0436\u0434\u044b\u0439-\u0434\/","og_site_name":"MadosKampas.lt","article_modified_time":"2026-03-29T10:32:15+00:00","og_image":[{"width":1536,"height":2048,"url":"https:\/\/madoskampas.lt\/wp-content\/uploads\/2025\/03\/IMG_5834.jpeg","type":"image\/jpeg"}],"twitter_card":"summary_large_image","twitter_misc":{"\u041f\u0440\u0438\u043c\u0435\u0440\u043d\u043e\u0435 \u0432\u0440\u0435\u043c\u044f \u0434\u043b\u044f \u0447\u0442\u0435\u043d\u0438\u044f":"1 \u043c\u0438\u043d\u0443\u0442\u0430"},"schema":{"@context":"https:\/\/schema.org","@graph":[{"@type":"WebPage","@id":"https:\/\/madoskampas.lt\/produktas\/suknele-lengvumas-ir-elegancija-kiekvienai-dienai\/","url":"https:\/\/madoskampas.lt\/produktas\/suknele-lengvumas-ir-elegancija-kiekvienai-dienai\/","name":"\u041f\u043b\u0430\u0442\u044c\u0435 \u0441 \u043b\u0435\u0433\u043a\u043e\u0441\u0442\u044c\u044e \u0438 \u044d\u043b\u0435\u0433\u0430\u043d\u0442\u043d\u043e\u0441\u0442\u044c\u044e \u043d\u0430 \u043a\u0430\u0436\u0434\u044b\u0439 \u0434\u0435\u043d\u044c - MadosKampas.lt","isPartOf":{"@id":"https:\/\/madoskampas.lt\/#website"},"primaryImageOfPage":{"@id":"https:\/\/madoskampas.lt\/produktas\/suknele-lengvumas-ir-elegancija-kiekvienai-dienai\/#primaryimage"},"image":{"@id":"https:\/\/madoskampas.lt\/produktas\/suknele-lengvumas-ir-elegancija-kiekvienai-dienai\/#primaryimage"},"thumbnailUrl":"https:\/\/madoskampas.lt\/wp-content\/uploads\/2025\/03\/IMG_5834.jpeg","datePublished":"2025-03-14T07:15:40+00:00","dateModified":"2026-03-29T10:32:15+00:00","breadcrumb":{"@id":"https:\/\/madoskampas.lt\/produktas\/suknele-lengvumas-ir-elegancija-kiekvienai-dienai\/#breadcrumb"},"inLanguage":"ru-RU","potentialAction":[{"@type":"ReadAction","target":["https:\/\/madoskampas.lt\/produktas\/suknele-lengvumas-ir-elegancija-kiekvienai-dienai\/"]}]},{"@type":"ImageObject","inLanguage":"ru-RU","@id":"https:\/\/madoskampas.lt\/produktas\/suknele-lengvumas-ir-elegancija-kiekvienai-dienai\/#primaryimage","url":"https:\/\/madoskampas.lt\/wp-content\/uploads\/2025\/03\/IMG_5834.jpeg","contentUrl":"https:\/\/madoskampas.lt\/wp-content\/uploads\/2025\/03\/IMG_5834.jpeg","width":1536,"height":2048},{"@type":"BreadcrumbList","@id":"https:\/\/madoskampas.lt\/produktas\/suknele-lengvumas-ir-elegancija-kiekvienai-dienai\/#breadcrumb","itemListElement":[{"@type":"ListItem","position":1,"name":"Home","item":"https:\/\/madoskampas.lt\/"},{"@type":"ListItem","position":2,"name":"Parduotuv\u0117","item":"https:\/\/madoskampas.lt\/parduotuve-2\/"},{"@type":"ListItem","position":3,"name":"Suknel\u0117 lengvumas ir elegancija kiekvienai dienai"}]},{"@type":"WebSite","@id":"https:\/\/madoskampas.lt\/#website","url":"https:\/\/madoskampas.lt\/","name":"FashionKampas.lt","description":"\u0421\u0442\u0438\u043b\u044c\u043d\u0430\u044f \u043e\u0434\u0435\u0436\u0434\u0430 \u0434\u043b\u044f \u0436\u0435\u043d\u0449\u0438\u043d","potentialAction":[{"@type":"SearchAction","target":{"@type":"EntryPoint","urlTemplate":"https:\/\/madoskampas.lt\/?s={search_term_string}"},"query-input":{"@type":"PropertyValueSpecification","valueRequired":true,"valueName":"search_term_string"}}],"inLanguage":"ru-RU"}]}},"uagb_featured_image_src":{"full":["https:\/\/madoskampas.lt\/wp-content\/uploads\/2025\/03\/IMG_5834.jpeg",1536,2048,false],"thumbnail":["https:\/\/madoskampas.lt\/wp-content\/uploads\/2025\/03\/IMG_5834-150x150.jpeg",150,150,true],"medium":["https:\/\/madoskampas.lt\/wp-content\/uploads\/2025\/03\/IMG_5834-225x300.jpeg",225,300,true],"medium_large":["https:\/\/madoskampas.lt\/wp-content\/uploads\/2025\/03\/IMG_5834-768x1024.jpeg",768,1024,true],"large":["https:\/\/madoskampas.lt\/wp-content\/uploads\/2025\/03\/IMG_5834-768x1024.jpeg",768,1024,true],"1536x1536":["https:\/\/madoskampas.lt\/wp-content\/uploads\/2025\/03\/IMG_5834-1152x1536.jpeg",1152,1536,true],"2048x2048":["https:\/\/madoskampas.lt\/wp-content\/uploads\/2025\/03\/IMG_5834.jpeg",1536,2048,false],"trp-custom-language-flag":["https:\/\/madoskampas.lt\/wp-content\/uploads\/2025\/03\/IMG_5834.jpeg",9,12,false],"nova-image-square":["https:\/\/madoskampas.lt\/wp-content\/uploads\/2025\/03\/IMG_5834-1100x1100.jpeg",1100,1100,true],"mixtas-product-03":["https:\/\/madoskampas.lt\/wp-content\/uploads\/2025\/03\/IMG_5834-600x345.jpeg",600,345,true],"woocommerce_thumbnail":["https:\/\/madoskampas.lt\/wp-content\/uploads\/2025\/03\/IMG_5834-700x700.jpeg",700,700,true],"woocommerce_single":["https:\/\/madoskampas.lt\/wp-content\/uploads\/2025\/03\/IMG_5834-1000x1333.jpeg",1000,1333,true],"woocommerce_gallery_thumbnail":["https:\/\/madoskampas.lt\/wp-content\/uploads\/2025\/03\/IMG_5834-250x250.jpeg",250,250,true],"variation_swatches_image_size":["https:\/\/madoskampas.lt\/wp-content\/uploads\/2025\/03\/IMG_5834-50x50.jpeg",50,50,true],"variation_swatches_tooltip_size":["https:\/\/madoskampas.lt\/wp-content\/uploads\/2025\/03\/IMG_5834-100x100.jpeg",100,100,true]},"uagb_author_info":{"display_name":"algirdasbart","author_link":"https:\/\/madoskampas.lt\/ru\/author\/"},"uagb_comment_info":0,"uagb_excerpt":"\u0160i stilinga suknel\u0117 \u2013 tobulas pasirinkimas moteriai, vertinan\u010diai patogum\u0105 ir subtil\u0173 rafinuotum\u0105. Pagaminta Italijoje, ji pasi\u017eymi kokybi\u0161ku audiniu, sudarytu i\u0161 83 % viskoz\u0117s ir 17 % poliesterio, tod\u0117l yra lengva, maloni prie k\u016bno ir pralaidi orui. \ud83d\udcab Kod\u0117l verta rinktis \u0161i\u0105 suknel\u0119?\u2714\ufe0f Universalus dydis (S\u2013L) \u2013 laisvas siluetas prisitaiko prie fig\u016bros ( Per kr\u016btin\u0119 54&hellip;","jetpack_sharing_enabled":true,"_links":{"self":[{"href":"https:\/\/madoskampas.lt\/ru\/wp-json\/wp\/v2\/product\/12551","targetHints":{"allow":["GET"]}}],"collection":[{"href":"https:\/\/madoskampas.lt\/ru\/wp-json\/wp\/v2\/product"}],"about":[{"href":"https:\/\/madoskampas.lt\/ru\/wp-json\/wp\/v2\/types\/product"}],"replies":[{"embeddable":true,"href":"https:\/\/madoskampas.lt\/ru\/wp-json\/wp\/v2\/comments?post=12551"}],"wp:featuredmedia":[{"embeddable":true,"href":"https:\/\/madoskampas.lt\/ru\/wp-json\/wp\/v2\/media\/13565"}],"wp:attachment":[{"href":"https:\/\/madoskampas.lt\/ru\/wp-json\/wp\/v2\/media?parent=12551"}],"wp:term":[{"taxonomy":"product_brand","embeddable":true,"href":"https:\/\/madoskampas.lt\/ru\/wp-json\/wp\/v2\/product_brand?post=12551"},{"taxonomy":"product_cat","embeddable":true,"href":"https:\/\/madoskampas.lt\/ru\/wp-json\/wp\/v2\/product_cat?post=12551"},{"taxonomy":"product_tag","embeddable":true,"href":"https:\/\/madoskampas.lt\/ru\/wp-json\/wp\/v2\/product_tag?post=12551"}],"curies":[{"name":"wp","href":"https:\/\/api.w.org\/{rel}","templated":true}]}}