{"id":12569,"date":"2025-03-14T07:52:47","date_gmt":"2025-03-14T07:52:47","guid":{"rendered":"https:\/\/madoskampas.lt\/?post_type=product&#038;p=12569"},"modified":"2026-03-11T16:11:31","modified_gmt":"2026-03-11T16:11:31","slug":"palaidine-su-linu","status":"publish","type":"product","link":"https:\/\/madoskampas.lt\/ru\/product-2\/palaidine-su-linu\/","title":{"rendered":"Palaidin\u0117 su linu"},"content":{"rendered":"<p data-start=\"46\" data-end=\"138\">\u0160i lengva ir stilinga palaidin\u0117 su <strong data-start=\"81\" data-end=\"94\">15 % lino<\/strong> taps nepakei\u010diamu tavo garderobo akcentu!<\/p>\n<p data-start=\"140\" data-end=\"432\">\ud83c\udf3f <strong data-start=\"143\" data-end=\"167\">Kod\u0117l verta rinktis?<\/strong><br data-start=\"167\" data-end=\"170\" \/>\u2714 <strong data-start=\"172\" data-end=\"207\">Lengvas ir kv\u0117puojantis audinys<\/strong> \u2013 komfortas vis\u0105 dien\u0105<br data-start=\"230\" data-end=\"233\" \/>\u2714 <strong data-start=\"235\" data-end=\"263\">Universalus dydis (S\u2013XL)<\/strong> \u2013 puikiai priglunda prie \u012fvairi\u0173 fig\u016br\u0173<br data-start=\"303\" data-end=\"306\" \/>\u2714 <strong data-start=\"308\" data-end=\"371\">Tobulas ilgis (41 cm), laisvas siluetas (58 cm per kr\u016btin\u0119)<\/strong><br data-start=\"371\" data-end=\"374\" \/>\u2714 <strong data-start=\"376\" data-end=\"397\">Subtilios spalvos<\/strong>: \u017eydra, alyvin\u0117, kremin\u0117, ro\u017ein\u0117<\/p>\n<p data-start=\"434\" data-end=\"511\" data-is-last-node=\"\" data-is-only-node=\"\">\ud83c\udf80 <strong data-start=\"437\" data-end=\"511\" data-is-last-node=\"\">Eleganti\u0161ka, patogi ir lengvai derinama su tavo m\u0117gstamais drabu\u017eiais!<\/strong><\/p>","protected":false},"excerpt":{"rendered":"<p>\u0160i lengva ir stilinga palaidin\u0117 su 15 % lino taps nepakei\u010diamu tavo garderobo akcentu! \ud83c\udf3f Kod\u0117l verta rinktis?\u2714 Lengvas ir kv\u0117puojantis audinys \u2013 komfortas vis\u0105 dien\u0105\u2714 Universalus dydis (S\u2013XL) \u2013 puikiai priglunda prie \u012fvairi\u0173 fig\u016br\u0173\u2714 Tobulas ilgis (41 cm), laisvas siluetas (58 cm per kr\u016btin\u0119)\u2714 Subtilios spalvos: \u017eydra, alyvin\u0117, kremin\u0117, ro\u017ein\u0117 \ud83c\udf80 Eleganti\u0161ka, patogi ir lengvai derinama su tavo m\u0117gstamais\u2026<\/p>","protected":false},"featured_media":12452,"comment_status":"open","ping_status":"closed","template":"","meta":{"_uag_custom_page_level_css":"","_monsterinsights_skip_tracking":false,"_monsterinsights_sitenote_active":false,"_monsterinsights_sitenote_note":"","_monsterinsights_sitenote_category":0},"product_brand":[],"product_cat":[66,132,74],"product_tag":[],"class_list":{"0":"post-12569","1":"product","2":"type-product","3":"status-publish","4":"has-post-thumbnail","6":"product_cat-drabuziai","7":"product_cat-ispardavimas","8":"product_cat-palaidines","9":"tm-has-options","11":"first","12":"instock","13":"sale","14":"shipping-taxable","15":"purchasable","16":"product-type-variable","17":"has-default-attributes"},"yoast_head":"<!-- This site is optimized with the Yoast SEO plugin v27.3 - https:\/\/yoast.com\/product\/yoast-seo-wordpress\/ -->\n<title>Palaidin\u0117 su linu - MadosKampas.lt<\/title>\n<meta name=\"robots\" content=\"index, follow, max-snippet:-1, max-image-preview:large, max-video-preview:-1\" \/>\n<link rel=\"canonical\" href=\"https:\/\/madoskampas.lt\/ru\/product-2\/palaidine-su-linu\/\" \/>\n<meta property=\"og:locale\" content=\"ru_RU\" \/>\n<meta property=\"og:type\" content=\"article\" \/>\n<meta property=\"og:title\" content=\"Palaidin\u0117 su linu - MadosKampas.lt\" \/>\n<meta property=\"og:description\" content=\"\u0160i lengva ir stilinga palaidin\u0117 su 15 % lino taps nepakei\u010diamu tavo garderobo akcentu! \ud83c\udf3f Kod\u0117l verta rinktis?\u2714 Lengvas ir kv\u0117puojantis audinys \u2013 komfortas vis\u0105 dien\u0105\u2714 Universalus dydis (S\u2013XL) \u2013 puikiai priglunda prie \u012fvairi\u0173 fig\u016br\u0173\u2714 Tobulas ilgis (41 cm), laisvas siluetas (58 cm per kr\u016btin\u0119)\u2714 Subtilios spalvos: \u017eydra, alyvin\u0117, kremin\u0117, ro\u017ein\u0117 \ud83c\udf80 Eleganti\u0161ka, patogi ir lengvai derinama su tavo m\u0117gstamais\u2026\" \/>\n<meta property=\"og:url\" content=\"https:\/\/madoskampas.lt\/ru\/product-2\/palaidine-su-linu\/\" \/>\n<meta property=\"og:site_name\" content=\"MadosKampas.lt\" \/>\n<meta property=\"article:modified_time\" content=\"2026-03-11T16:11:31+00:00\" \/>\n<meta property=\"og:image\" content=\"https:\/\/madoskampas.lt\/wp-content\/uploads\/2025\/03\/IMG_2963.jpeg\" \/>\n\t<meta property=\"og:image:width\" content=\"1536\" \/>\n\t<meta property=\"og:image:height\" content=\"2048\" \/>\n\t<meta property=\"og:image:type\" content=\"image\/jpeg\" \/>\n<meta name=\"twitter:card\" content=\"summary_large_image\" \/>\n<meta name=\"twitter:label1\" content=\"\u041f\u0440\u0438\u043c\u0435\u0440\u043d\u043e\u0435 \u0432\u0440\u0435\u043c\u044f \u0434\u043b\u044f \u0447\u0442\u0435\u043d\u0438\u044f\" \/>\n\t<meta name=\"twitter:data1\" content=\"1 \u043c\u0438\u043d\u0443\u0442\u0430\" \/>\n<script type=\"application\/ld+json\" class=\"yoast-schema-graph\">{\"@context\":\"https:\\\/\\\/schema.org\",\"@graph\":[{\"@type\":\"WebPage\",\"@id\":\"https:\\\/\\\/madoskampas.lt\\\/produktas\\\/palaidine-su-linu\\\/\",\"url\":\"https:\\\/\\\/madoskampas.lt\\\/produktas\\\/palaidine-su-linu\\\/\",\"name\":\"Palaidin\u0117 su linu - MadosKampas.lt\",\"isPartOf\":{\"@id\":\"https:\\\/\\\/madoskampas.lt\\\/#website\"},\"primaryImageOfPage\":{\"@id\":\"https:\\\/\\\/madoskampas.lt\\\/produktas\\\/palaidine-su-linu\\\/#primaryimage\"},\"image\":{\"@id\":\"https:\\\/\\\/madoskampas.lt\\\/produktas\\\/palaidine-su-linu\\\/#primaryimage\"},\"thumbnailUrl\":\"https:\\\/\\\/madoskampas.lt\\\/wp-content\\\/uploads\\\/2025\\\/03\\\/IMG_2963.jpeg\",\"datePublished\":\"2025-03-14T07:52:47+00:00\",\"dateModified\":\"2026-03-11T16:11:31+00:00\",\"breadcrumb\":{\"@id\":\"https:\\\/\\\/madoskampas.lt\\\/produktas\\\/palaidine-su-linu\\\/#breadcrumb\"},\"inLanguage\":\"ru-RU\",\"potentialAction\":[{\"@type\":\"ReadAction\",\"target\":[\"https:\\\/\\\/madoskampas.lt\\\/produktas\\\/palaidine-su-linu\\\/\"]}]},{\"@type\":\"ImageObject\",\"inLanguage\":\"ru-RU\",\"@id\":\"https:\\\/\\\/madoskampas.lt\\\/produktas\\\/palaidine-su-linu\\\/#primaryimage\",\"url\":\"https:\\\/\\\/madoskampas.lt\\\/wp-content\\\/uploads\\\/2025\\\/03\\\/IMG_2963.jpeg\",\"contentUrl\":\"https:\\\/\\\/madoskampas.lt\\\/wp-content\\\/uploads\\\/2025\\\/03\\\/IMG_2963.jpeg\",\"width\":1536,\"height\":2048},{\"@type\":\"BreadcrumbList\",\"@id\":\"https:\\\/\\\/madoskampas.lt\\\/produktas\\\/palaidine-su-linu\\\/#breadcrumb\",\"itemListElement\":[{\"@type\":\"ListItem\",\"position\":1,\"name\":\"Home\",\"item\":\"https:\\\/\\\/madoskampas.lt\\\/\"},{\"@type\":\"ListItem\",\"position\":2,\"name\":\"Parduotuv\u0117\",\"item\":\"https:\\\/\\\/madoskampas.lt\\\/parduotuve-2\\\/\"},{\"@type\":\"ListItem\",\"position\":3,\"name\":\"Palaidin\u0117 su linu\"}]},{\"@type\":\"WebSite\",\"@id\":\"https:\\\/\\\/madoskampas.lt\\\/#website\",\"url\":\"https:\\\/\\\/madoskampas.lt\\\/\",\"name\":\"MadosKampas.lt\",\"description\":\"Stilingi drabu\u017eiai moterims\",\"potentialAction\":[{\"@type\":\"SearchAction\",\"target\":{\"@type\":\"EntryPoint\",\"urlTemplate\":\"https:\\\/\\\/madoskampas.lt\\\/?s={search_term_string}\"},\"query-input\":{\"@type\":\"PropertyValueSpecification\",\"valueRequired\":true,\"valueName\":\"search_term_string\"}}],\"inLanguage\":\"ru-RU\"}]}<\/script>\n<!-- \/ Yoast SEO plugin. -->","yoast_head_json":{"title":"Palaidin\u0117 su linu - MadosKampas.lt","robots":{"index":"index","follow":"follow","max-snippet":"max-snippet:-1","max-image-preview":"max-image-preview:large","max-video-preview":"max-video-preview:-1"},"canonical":"https:\/\/madoskampas.lt\/ru\/product-2\/palaidine-su-linu\/","og_locale":"ru_RU","og_type":"article","og_title":"Palaidin\u0117 su linu - MadosKampas.lt","og_description":"\u0160i lengva ir stilinga palaidin\u0117 su 15 % lino taps nepakei\u010diamu tavo garderobo akcentu! \ud83c\udf3f Kod\u0117l verta rinktis?\u2714 Lengvas ir kv\u0117puojantis audinys \u2013 komfortas vis\u0105 dien\u0105\u2714 Universalus dydis (S\u2013XL) \u2013 puikiai priglunda prie \u012fvairi\u0173 fig\u016br\u0173\u2714 Tobulas ilgis (41 cm), laisvas siluetas (58 cm per kr\u016btin\u0119)\u2714 Subtilios spalvos: \u017eydra, alyvin\u0117, kremin\u0117, ro\u017ein\u0117 \ud83c\udf80 Eleganti\u0161ka, patogi ir lengvai derinama su tavo m\u0117gstamais\u2026","og_url":"https:\/\/madoskampas.lt\/ru\/product-2\/palaidine-su-linu\/","og_site_name":"MadosKampas.lt","article_modified_time":"2026-03-11T16:11:31+00:00","og_image":[{"width":1536,"height":2048,"url":"https:\/\/madoskampas.lt\/wp-content\/uploads\/2025\/03\/IMG_2963.jpeg","type":"image\/jpeg"}],"twitter_card":"summary_large_image","twitter_misc":{"\u041f\u0440\u0438\u043c\u0435\u0440\u043d\u043e\u0435 \u0432\u0440\u0435\u043c\u044f \u0434\u043b\u044f \u0447\u0442\u0435\u043d\u0438\u044f":"1 \u043c\u0438\u043d\u0443\u0442\u0430"},"schema":{"@context":"https:\/\/schema.org","@graph":[{"@type":"WebPage","@id":"https:\/\/madoskampas.lt\/produktas\/palaidine-su-linu\/","url":"https:\/\/madoskampas.lt\/produktas\/palaidine-su-linu\/","name":"Palaidin\u0117 su linu - MadosKampas.lt","isPartOf":{"@id":"https:\/\/madoskampas.lt\/#website"},"primaryImageOfPage":{"@id":"https:\/\/madoskampas.lt\/produktas\/palaidine-su-linu\/#primaryimage"},"image":{"@id":"https:\/\/madoskampas.lt\/produktas\/palaidine-su-linu\/#primaryimage"},"thumbnailUrl":"https:\/\/madoskampas.lt\/wp-content\/uploads\/2025\/03\/IMG_2963.jpeg","datePublished":"2025-03-14T07:52:47+00:00","dateModified":"2026-03-11T16:11:31+00:00","breadcrumb":{"@id":"https:\/\/madoskampas.lt\/produktas\/palaidine-su-linu\/#breadcrumb"},"inLanguage":"ru-RU","potentialAction":[{"@type":"ReadAction","target":["https:\/\/madoskampas.lt\/produktas\/palaidine-su-linu\/"]}]},{"@type":"ImageObject","inLanguage":"ru-RU","@id":"https:\/\/madoskampas.lt\/produktas\/palaidine-su-linu\/#primaryimage","url":"https:\/\/madoskampas.lt\/wp-content\/uploads\/2025\/03\/IMG_2963.jpeg","contentUrl":"https:\/\/madoskampas.lt\/wp-content\/uploads\/2025\/03\/IMG_2963.jpeg","width":1536,"height":2048},{"@type":"BreadcrumbList","@id":"https:\/\/madoskampas.lt\/produktas\/palaidine-su-linu\/#breadcrumb","itemListElement":[{"@type":"ListItem","position":1,"name":"Home","item":"https:\/\/madoskampas.lt\/"},{"@type":"ListItem","position":2,"name":"Parduotuv\u0117","item":"https:\/\/madoskampas.lt\/parduotuve-2\/"},{"@type":"ListItem","position":3,"name":"Palaidin\u0117 su linu"}]},{"@type":"WebSite","@id":"https:\/\/madoskampas.lt\/#website","url":"https:\/\/madoskampas.lt\/","name":"FashionKampas.lt","description":"\u0421\u0442\u0438\u043b\u044c\u043d\u0430\u044f \u043e\u0434\u0435\u0436\u0434\u0430 \u0434\u043b\u044f \u0436\u0435\u043d\u0449\u0438\u043d","potentialAction":[{"@type":"SearchAction","target":{"@type":"EntryPoint","urlTemplate":"https:\/\/madoskampas.lt\/?s={search_term_string}"},"query-input":{"@type":"PropertyValueSpecification","valueRequired":true,"valueName":"search_term_string"}}],"inLanguage":"ru-RU"}]}},"uagb_featured_image_src":{"full":["https:\/\/madoskampas.lt\/wp-content\/uploads\/2025\/03\/IMG_2963.jpeg",1536,2048,false],"thumbnail":["https:\/\/madoskampas.lt\/wp-content\/uploads\/2025\/03\/IMG_2963-150x150.jpeg",150,150,true],"medium":["https:\/\/madoskampas.lt\/wp-content\/uploads\/2025\/03\/IMG_2963-225x300.jpeg",225,300,true],"medium_large":["https:\/\/madoskampas.lt\/wp-content\/uploads\/2025\/03\/IMG_2963-768x1024.jpeg",768,1024,true],"large":["https:\/\/madoskampas.lt\/wp-content\/uploads\/2025\/03\/IMG_2963-768x1024.jpeg",768,1024,true],"1536x1536":["https:\/\/madoskampas.lt\/wp-content\/uploads\/2025\/03\/IMG_2963-1152x1536.jpeg",1152,1536,true],"2048x2048":["https:\/\/madoskampas.lt\/wp-content\/uploads\/2025\/03\/IMG_2963.jpeg",1536,2048,false],"trp-custom-language-flag":["https:\/\/madoskampas.lt\/wp-content\/uploads\/2025\/03\/IMG_2963.jpeg",9,12,false],"nova-image-square":["https:\/\/madoskampas.lt\/wp-content\/uploads\/2025\/03\/IMG_2963-1100x1100.jpeg",1100,1100,true],"mixtas-product-03":["https:\/\/madoskampas.lt\/wp-content\/uploads\/2025\/03\/IMG_2963-600x345.jpeg",600,345,true],"woocommerce_thumbnail":["https:\/\/madoskampas.lt\/wp-content\/uploads\/2025\/03\/IMG_2963-700x700.jpeg",700,700,true],"woocommerce_single":["https:\/\/madoskampas.lt\/wp-content\/uploads\/2025\/03\/IMG_2963-1000x1333.jpeg",1000,1333,true],"woocommerce_gallery_thumbnail":["https:\/\/madoskampas.lt\/wp-content\/uploads\/2025\/03\/IMG_2963-250x250.jpeg",250,250,true],"variation_swatches_image_size":["https:\/\/madoskampas.lt\/wp-content\/uploads\/2025\/03\/IMG_2963-50x50.jpeg",50,50,true],"variation_swatches_tooltip_size":["https:\/\/madoskampas.lt\/wp-content\/uploads\/2025\/03\/IMG_2963-100x100.jpeg",100,100,true]},"uagb_author_info":{"display_name":"algirdasbart","author_link":"https:\/\/madoskampas.lt\/ru\/author\/"},"uagb_comment_info":0,"uagb_excerpt":"\u0160i lengva ir stilinga palaidin\u0117 su 15 % lino taps nepakei\u010diamu tavo garderobo akcentu! \ud83c\udf3f Kod\u0117l verta rinktis?\u2714 Lengvas ir kv\u0117puojantis audinys \u2013 komfortas vis\u0105 dien\u0105\u2714 Universalus dydis (S\u2013XL) \u2013 puikiai priglunda prie \u012fvairi\u0173 fig\u016br\u0173\u2714 Tobulas ilgis (41 cm), laisvas siluetas (58 cm per kr\u016btin\u0119)\u2714 Subtilios spalvos: \u017eydra, alyvin\u0117, kremin\u0117, ro\u017ein\u0117 \ud83c\udf80 Eleganti\u0161ka, patogi ir&hellip;","jetpack_sharing_enabled":true,"_links":{"self":[{"href":"https:\/\/madoskampas.lt\/ru\/wp-json\/wp\/v2\/product\/12569","targetHints":{"allow":["GET"]}}],"collection":[{"href":"https:\/\/madoskampas.lt\/ru\/wp-json\/wp\/v2\/product"}],"about":[{"href":"https:\/\/madoskampas.lt\/ru\/wp-json\/wp\/v2\/types\/product"}],"replies":[{"embeddable":true,"href":"https:\/\/madoskampas.lt\/ru\/wp-json\/wp\/v2\/comments?post=12569"}],"wp:featuredmedia":[{"embeddable":true,"href":"https:\/\/madoskampas.lt\/ru\/wp-json\/wp\/v2\/media\/12452"}],"wp:attachment":[{"href":"https:\/\/madoskampas.lt\/ru\/wp-json\/wp\/v2\/media?parent=12569"}],"wp:term":[{"taxonomy":"product_brand","embeddable":true,"href":"https:\/\/madoskampas.lt\/ru\/wp-json\/wp\/v2\/product_brand?post=12569"},{"taxonomy":"product_cat","embeddable":true,"href":"https:\/\/madoskampas.lt\/ru\/wp-json\/wp\/v2\/product_cat?post=12569"},{"taxonomy":"product_tag","embeddable":true,"href":"https:\/\/madoskampas.lt\/ru\/wp-json\/wp\/v2\/product_tag?post=12569"}],"curies":[{"name":"wp","href":"https:\/\/api.w.org\/{rel}","templated":true}]}}