{"id":12944,"date":"2025-03-19T10:34:21","date_gmt":"2025-03-19T10:34:21","guid":{"rendered":"https:\/\/madoskampas.lt\/?post_type=product&#038;p=12944"},"modified":"2025-08-07T08:44:47","modified_gmt":"2025-08-07T08:44:47","slug":"viskozes-palaidine-chic-pearl","status":"publish","type":"product","link":"https:\/\/madoskampas.lt\/ru\/product-2\/viskozes-palaidine-chic-pearl\/","title":{"rendered":"Viskoz\u0117s Palaidin\u0117 \u201eChic Pearl\u201c"},"content":{"rendered":"<p data-start=\"94\" data-end=\"386\">\u0160i eleganti\u0161ka <strong data-start=\"109\" data-end=\"125\">\u201eChic Pearl\u201c<\/strong> palaidin\u0117 su <strong data-start=\"139\" data-end=\"158\">perl\u0173 sagut\u0117mis<\/strong> ir subtiliais dekoratyviniais elementais sujungia prabang\u0105 ir komfort\u0105. Mink\u0161ta, priglundanti viskoz\u0117s med\u017eiaga leid\u017eia jaustis patogiai, o unikalus dizainas suteikia i\u0161skirtinumo tiek kasdieniams, tiek ypatingiems deriniams.<\/p>\n<p data-start=\"388\" data-end=\"779\"><strong data-start=\"388\" data-end=\"400\">Savyb\u0117s:<\/strong><br data-start=\"400\" data-end=\"403\" \/>\u2714 <strong data-start=\"405\" data-end=\"427\">Dydis universalus:<\/strong> tinka nuo <strong data-start=\"438\" data-end=\"450\">XS iki M<\/strong>.<br data-start=\"451\" data-end=\"454\" \/>\u2714 <strong data-start=\"456\" data-end=\"472\">\u0420\u0430\u0437\u043c\u0435\u0440\u044b:<\/strong> ilgis \u2013 <strong data-start=\"481\" data-end=\"490\">51 cm<\/strong>, kr\u016btin\u0117s apimtis \u2013 <strong data-start=\"511\" data-end=\"524\">iki 95 cm<\/strong>.<br data-start=\"525\" data-end=\"528\" \/>\u2714 <strong data-start=\"530\" data-end=\"581\">Perl\u0173 sagut\u0117s ir subtilios ki\u0161en\u0117li\u0173 imitacijos<\/strong> \u2013 suteikia elegancijos.<br data-start=\"605\" data-end=\"608\" \/>\u2714 <strong data-start=\"610\" data-end=\"650\">Mink\u0161tas ir \u0161velnus viskoz\u0117s audinys<\/strong> \u2013 malonus odai ir kv\u0117puojantis.<br data-start=\"682\" data-end=\"685\" \/>\u2714 <strong data-start=\"687\" data-end=\"707\">\u0414\u043e\u0441\u0442\u0443\u043f\u043d\u044b\u0435 \u0446\u0432\u0435\u0442\u0430:<\/strong> <strong data-start=\"708\" data-end=\"734\">\u017eydra, kremin\u0117, ro\u017ein\u0117<\/strong> \u2013 subtil\u016bs ir lengvai derinami atspalviai.<\/p>\n<p data-start=\"781\" data-end=\"919\"><strong data-start=\"781\" data-end=\"797\">Kaip d\u0117v\u0117ti?<\/strong><br data-start=\"797\" data-end=\"800\" \/>Puikiai dera su d\u017einsais kasdieniam \u012fvaizd\u017eiui arba su klasikiniu sijonu, jei norite eleganti\u0161ko, moteri\u0161ko stiliaus.<\/p>\n<p data-start=\"921\" data-end=\"979\" data-is-last-node=\"\" data-is-only-node=\"\"><em data-start=\"921\" data-end=\"979\" data-is-last-node=\"\">\u201eChic Pearl\u201c \u2013 kai detal\u0117s kuria nepriekai\u0161ting\u0105 stili\u0173!<\/em><\/p>","protected":false},"excerpt":{"rendered":"<p>\u0160i eleganti\u0161ka \u201eChic Pearl\u201c palaidin\u0117 su perl\u0173 sagut\u0117mis ir subtiliais dekoratyviniais elementais sujungia prabang\u0105 ir komfort\u0105. Mink\u0161ta, priglundanti viskoz\u0117s med\u017eiaga leid\u017eia jaustis patogiai, o unikalus dizainas suteikia i\u0161skirtinumo tiek kasdieniams, tiek ypatingiems deriniams. Savyb\u0117s:\u2714 Dydis universalus: tinka nuo XS iki M.\u2714 I\u0161matavimai: ilgis \u2013 51 cm, kr\u016btin\u0117s apimtis \u2013 iki 95 cm.\u2714 Perl\u0173 sagut\u0117s ir subtilios ki\u0161en\u0117li\u0173 imitacijos \u2013 suteikia\u2026<\/p>","protected":false},"featured_media":12846,"comment_status":"open","ping_status":"closed","template":"","meta":{"_uag_custom_page_level_css":"","_monsterinsights_skip_tracking":false,"_monsterinsights_sitenote_active":false,"_monsterinsights_sitenote_note":"","_monsterinsights_sitenote_category":0},"product_brand":[],"product_cat":[66,132,74],"product_tag":[],"class_list":{"0":"post-12944","1":"product","2":"type-product","3":"status-publish","4":"has-post-thumbnail","6":"product_cat-drabuziai","7":"product_cat-ispardavimas","8":"product_cat-palaidines","9":"tm-has-options","11":"first","12":"instock","13":"sale","14":"shipping-taxable","15":"purchasable","16":"product-type-variable"},"yoast_head":"<!-- This site is optimized with the Yoast SEO plugin v27.6 - https:\/\/yoast.com\/product\/yoast-seo-wordpress\/ -->\n<title>Viskoz\u0117s Palaidin\u0117 \u201eChic Pearl\u201c - MadosKampas.lt<\/title>\n<meta name=\"robots\" content=\"index, follow, max-snippet:-1, max-image-preview:large, max-video-preview:-1\" \/>\n<link rel=\"canonical\" href=\"https:\/\/madoskampas.lt\/ru\/product-2\/viskozes-palaidine-chic-pearl\/\" \/>\n<meta property=\"og:locale\" content=\"ru_RU\" \/>\n<meta property=\"og:type\" content=\"article\" \/>\n<meta property=\"og:title\" content=\"Viskoz\u0117s Palaidin\u0117 \u201eChic Pearl\u201c - MadosKampas.lt\" \/>\n<meta property=\"og:description\" content=\"\u0160i eleganti\u0161ka \u201eChic Pearl\u201c palaidin\u0117 su perl\u0173 sagut\u0117mis ir subtiliais dekoratyviniais elementais sujungia prabang\u0105 ir komfort\u0105. Mink\u0161ta, priglundanti viskoz\u0117s med\u017eiaga leid\u017eia jaustis patogiai, o unikalus dizainas suteikia i\u0161skirtinumo tiek kasdieniams, tiek ypatingiems deriniams. Savyb\u0117s:\u2714 Dydis universalus: tinka nuo XS iki M.\u2714 I\u0161matavimai: ilgis \u2013 51 cm, kr\u016btin\u0117s apimtis \u2013 iki 95 cm.\u2714 Perl\u0173 sagut\u0117s ir subtilios ki\u0161en\u0117li\u0173 imitacijos \u2013 suteikia\u2026\" \/>\n<meta property=\"og:url\" content=\"https:\/\/madoskampas.lt\/ru\/product-2\/viskozes-palaidine-chic-pearl\/\" \/>\n<meta property=\"og:site_name\" content=\"MadosKampas.lt\" \/>\n<meta property=\"article:modified_time\" content=\"2025-08-07T08:44:47+00:00\" \/>\n<meta property=\"og:image\" content=\"https:\/\/madoskampas.lt\/wp-content\/uploads\/2025\/03\/IMG_3935.jpeg\" \/>\n\t<meta property=\"og:image:width\" content=\"1536\" \/>\n\t<meta property=\"og:image:height\" content=\"2048\" \/>\n\t<meta property=\"og:image:type\" content=\"image\/jpeg\" \/>\n<meta name=\"twitter:card\" content=\"summary_large_image\" \/>\n<meta name=\"twitter:label1\" content=\"\u041f\u0440\u0438\u043c\u0435\u0440\u043d\u043e\u0435 \u0432\u0440\u0435\u043c\u044f \u0434\u043b\u044f \u0447\u0442\u0435\u043d\u0438\u044f\" \/>\n\t<meta name=\"twitter:data1\" content=\"1 \u043c\u0438\u043d\u0443\u0442\u0430\" \/>\n<script type=\"application\/ld+json\" class=\"yoast-schema-graph\">{\"@context\":\"https:\\\/\\\/schema.org\",\"@graph\":[{\"@type\":\"WebPage\",\"@id\":\"https:\\\/\\\/madoskampas.lt\\\/produktas\\\/viskozes-palaidine-chic-pearl\\\/\",\"url\":\"https:\\\/\\\/madoskampas.lt\\\/produktas\\\/viskozes-palaidine-chic-pearl\\\/\",\"name\":\"Viskoz\u0117s Palaidin\u0117 \u201eChic Pearl\u201c - MadosKampas.lt\",\"isPartOf\":{\"@id\":\"https:\\\/\\\/madoskampas.lt\\\/#website\"},\"primaryImageOfPage\":{\"@id\":\"https:\\\/\\\/madoskampas.lt\\\/produktas\\\/viskozes-palaidine-chic-pearl\\\/#primaryimage\"},\"image\":{\"@id\":\"https:\\\/\\\/madoskampas.lt\\\/produktas\\\/viskozes-palaidine-chic-pearl\\\/#primaryimage\"},\"thumbnailUrl\":\"https:\\\/\\\/madoskampas.lt\\\/wp-content\\\/uploads\\\/2025\\\/03\\\/IMG_3935.jpeg\",\"datePublished\":\"2025-03-19T10:34:21+00:00\",\"dateModified\":\"2025-08-07T08:44:47+00:00\",\"breadcrumb\":{\"@id\":\"https:\\\/\\\/madoskampas.lt\\\/produktas\\\/viskozes-palaidine-chic-pearl\\\/#breadcrumb\"},\"inLanguage\":\"ru-RU\",\"potentialAction\":[{\"@type\":\"ReadAction\",\"target\":[\"https:\\\/\\\/madoskampas.lt\\\/produktas\\\/viskozes-palaidine-chic-pearl\\\/\"]}]},{\"@type\":\"ImageObject\",\"inLanguage\":\"ru-RU\",\"@id\":\"https:\\\/\\\/madoskampas.lt\\\/produktas\\\/viskozes-palaidine-chic-pearl\\\/#primaryimage\",\"url\":\"https:\\\/\\\/madoskampas.lt\\\/wp-content\\\/uploads\\\/2025\\\/03\\\/IMG_3935.jpeg\",\"contentUrl\":\"https:\\\/\\\/madoskampas.lt\\\/wp-content\\\/uploads\\\/2025\\\/03\\\/IMG_3935.jpeg\",\"width\":1536,\"height\":2048},{\"@type\":\"BreadcrumbList\",\"@id\":\"https:\\\/\\\/madoskampas.lt\\\/produktas\\\/viskozes-palaidine-chic-pearl\\\/#breadcrumb\",\"itemListElement\":[{\"@type\":\"ListItem\",\"position\":1,\"name\":\"Home\",\"item\":\"https:\\\/\\\/madoskampas.lt\\\/\"},{\"@type\":\"ListItem\",\"position\":2,\"name\":\"Parduotuv\u0117\",\"item\":\"https:\\\/\\\/madoskampas.lt\\\/parduotuve-2\\\/\"},{\"@type\":\"ListItem\",\"position\":3,\"name\":\"Viskoz\u0117s Palaidin\u0117 \u201eChic Pearl\u201c\"}]},{\"@type\":\"WebSite\",\"@id\":\"https:\\\/\\\/madoskampas.lt\\\/#website\",\"url\":\"https:\\\/\\\/madoskampas.lt\\\/\",\"name\":\"MadosKampas.lt\",\"description\":\"Stilingi drabu\u017eiai moterims\",\"potentialAction\":[{\"@type\":\"SearchAction\",\"target\":{\"@type\":\"EntryPoint\",\"urlTemplate\":\"https:\\\/\\\/madoskampas.lt\\\/?s={search_term_string}\"},\"query-input\":{\"@type\":\"PropertyValueSpecification\",\"valueRequired\":true,\"valueName\":\"search_term_string\"}}],\"inLanguage\":\"ru-RU\"}]}<\/script>\n<!-- \/ Yoast SEO plugin. -->","yoast_head_json":{"title":"Viskoz\u0117s Palaidin\u0117 \u201eChic Pearl\u201c - MadosKampas.lt","robots":{"index":"index","follow":"follow","max-snippet":"max-snippet:-1","max-image-preview":"max-image-preview:large","max-video-preview":"max-video-preview:-1"},"canonical":"https:\/\/madoskampas.lt\/ru\/product-2\/viskozes-palaidine-chic-pearl\/","og_locale":"ru_RU","og_type":"article","og_title":"Viskoz\u0117s Palaidin\u0117 \u201eChic Pearl\u201c - MadosKampas.lt","og_description":"\u0160i eleganti\u0161ka \u201eChic Pearl\u201c palaidin\u0117 su perl\u0173 sagut\u0117mis ir subtiliais dekoratyviniais elementais sujungia prabang\u0105 ir komfort\u0105. Mink\u0161ta, priglundanti viskoz\u0117s med\u017eiaga leid\u017eia jaustis patogiai, o unikalus dizainas suteikia i\u0161skirtinumo tiek kasdieniams, tiek ypatingiems deriniams. Savyb\u0117s:\u2714 Dydis universalus: tinka nuo XS iki M.\u2714 I\u0161matavimai: ilgis \u2013 51 cm, kr\u016btin\u0117s apimtis \u2013 iki 95 cm.\u2714 Perl\u0173 sagut\u0117s ir subtilios ki\u0161en\u0117li\u0173 imitacijos \u2013 suteikia\u2026","og_url":"https:\/\/madoskampas.lt\/ru\/product-2\/viskozes-palaidine-chic-pearl\/","og_site_name":"MadosKampas.lt","article_modified_time":"2025-08-07T08:44:47+00:00","og_image":[{"width":1536,"height":2048,"url":"https:\/\/madoskampas.lt\/wp-content\/uploads\/2025\/03\/IMG_3935.jpeg","type":"image\/jpeg"}],"twitter_card":"summary_large_image","twitter_misc":{"\u041f\u0440\u0438\u043c\u0435\u0440\u043d\u043e\u0435 \u0432\u0440\u0435\u043c\u044f \u0434\u043b\u044f \u0447\u0442\u0435\u043d\u0438\u044f":"1 \u043c\u0438\u043d\u0443\u0442\u0430"},"schema":{"@context":"https:\/\/schema.org","@graph":[{"@type":"WebPage","@id":"https:\/\/madoskampas.lt\/produktas\/viskozes-palaidine-chic-pearl\/","url":"https:\/\/madoskampas.lt\/produktas\/viskozes-palaidine-chic-pearl\/","name":"Viskoz\u0117s Palaidin\u0117 \u201eChic Pearl\u201c - MadosKampas.lt","isPartOf":{"@id":"https:\/\/madoskampas.lt\/#website"},"primaryImageOfPage":{"@id":"https:\/\/madoskampas.lt\/produktas\/viskozes-palaidine-chic-pearl\/#primaryimage"},"image":{"@id":"https:\/\/madoskampas.lt\/produktas\/viskozes-palaidine-chic-pearl\/#primaryimage"},"thumbnailUrl":"https:\/\/madoskampas.lt\/wp-content\/uploads\/2025\/03\/IMG_3935.jpeg","datePublished":"2025-03-19T10:34:21+00:00","dateModified":"2025-08-07T08:44:47+00:00","breadcrumb":{"@id":"https:\/\/madoskampas.lt\/produktas\/viskozes-palaidine-chic-pearl\/#breadcrumb"},"inLanguage":"ru-RU","potentialAction":[{"@type":"ReadAction","target":["https:\/\/madoskampas.lt\/produktas\/viskozes-palaidine-chic-pearl\/"]}]},{"@type":"ImageObject","inLanguage":"ru-RU","@id":"https:\/\/madoskampas.lt\/produktas\/viskozes-palaidine-chic-pearl\/#primaryimage","url":"https:\/\/madoskampas.lt\/wp-content\/uploads\/2025\/03\/IMG_3935.jpeg","contentUrl":"https:\/\/madoskampas.lt\/wp-content\/uploads\/2025\/03\/IMG_3935.jpeg","width":1536,"height":2048},{"@type":"BreadcrumbList","@id":"https:\/\/madoskampas.lt\/produktas\/viskozes-palaidine-chic-pearl\/#breadcrumb","itemListElement":[{"@type":"ListItem","position":1,"name":"Home","item":"https:\/\/madoskampas.lt\/"},{"@type":"ListItem","position":2,"name":"Parduotuv\u0117","item":"https:\/\/madoskampas.lt\/parduotuve-2\/"},{"@type":"ListItem","position":3,"name":"Viskoz\u0117s Palaidin\u0117 \u201eChic Pearl\u201c"}]},{"@type":"WebSite","@id":"https:\/\/madoskampas.lt\/#website","url":"https:\/\/madoskampas.lt\/","name":"FashionKampas.lt","description":"\u0421\u0442\u0438\u043b\u044c\u043d\u0430\u044f \u043e\u0434\u0435\u0436\u0434\u0430 \u0434\u043b\u044f \u0436\u0435\u043d\u0449\u0438\u043d","potentialAction":[{"@type":"SearchAction","target":{"@type":"EntryPoint","urlTemplate":"https:\/\/madoskampas.lt\/?s={search_term_string}"},"query-input":{"@type":"PropertyValueSpecification","valueRequired":true,"valueName":"search_term_string"}}],"inLanguage":"ru-RU"}]}},"uagb_featured_image_src":{"full":["https:\/\/madoskampas.lt\/wp-content\/uploads\/2025\/03\/IMG_3935.jpeg",1536,2048,false],"thumbnail":["https:\/\/madoskampas.lt\/wp-content\/uploads\/2025\/03\/IMG_3935-150x150.jpeg",150,150,true],"medium":["https:\/\/madoskampas.lt\/wp-content\/uploads\/2025\/03\/IMG_3935-225x300.jpeg",225,300,true],"medium_large":["https:\/\/madoskampas.lt\/wp-content\/uploads\/2025\/03\/IMG_3935-768x1024.jpeg",768,1024,true],"large":["https:\/\/madoskampas.lt\/wp-content\/uploads\/2025\/03\/IMG_3935-768x1024.jpeg",768,1024,true],"1536x1536":["https:\/\/madoskampas.lt\/wp-content\/uploads\/2025\/03\/IMG_3935-1152x1536.jpeg",1152,1536,true],"2048x2048":["https:\/\/madoskampas.lt\/wp-content\/uploads\/2025\/03\/IMG_3935.jpeg",1536,2048,false],"trp-custom-language-flag":["https:\/\/madoskampas.lt\/wp-content\/uploads\/2025\/03\/IMG_3935.jpeg",9,12,false],"nova-image-square":["https:\/\/madoskampas.lt\/wp-content\/uploads\/2025\/03\/IMG_3935-1100x1100.jpeg",1100,1100,true],"mixtas-product-03":["https:\/\/madoskampas.lt\/wp-content\/uploads\/2025\/03\/IMG_3935-600x345.jpeg",600,345,true],"woocommerce_thumbnail":["https:\/\/madoskampas.lt\/wp-content\/uploads\/2025\/03\/IMG_3935-700x700.jpeg",700,700,true],"woocommerce_single":["https:\/\/madoskampas.lt\/wp-content\/uploads\/2025\/03\/IMG_3935-1000x1333.jpeg",1000,1333,true],"woocommerce_gallery_thumbnail":["https:\/\/madoskampas.lt\/wp-content\/uploads\/2025\/03\/IMG_3935-250x250.jpeg",250,250,true],"variation_swatches_image_size":["https:\/\/madoskampas.lt\/wp-content\/uploads\/2025\/03\/IMG_3935-50x50.jpeg",50,50,true],"variation_swatches_tooltip_size":["https:\/\/madoskampas.lt\/wp-content\/uploads\/2025\/03\/IMG_3935-100x100.jpeg",100,100,true]},"uagb_author_info":{"display_name":"algirdasbart","author_link":"https:\/\/madoskampas.lt\/ru\/author\/"},"uagb_comment_info":0,"uagb_excerpt":"\u0160i eleganti\u0161ka \u201eChic Pearl\u201c palaidin\u0117 su perl\u0173 sagut\u0117mis ir subtiliais dekoratyviniais elementais sujungia prabang\u0105 ir komfort\u0105. Mink\u0161ta, priglundanti viskoz\u0117s med\u017eiaga leid\u017eia jaustis patogiai, o unikalus dizainas suteikia i\u0161skirtinumo tiek kasdieniams, tiek ypatingiems deriniams. Savyb\u0117s:\u2714 Dydis universalus: tinka nuo XS iki M.\u2714 I\u0161matavimai: ilgis \u2013 51 cm, kr\u016btin\u0117s apimtis \u2013 iki 95 cm.\u2714 Perl\u0173 sagut\u0117s ir&hellip;","jetpack_sharing_enabled":true,"_links":{"self":[{"href":"https:\/\/madoskampas.lt\/ru\/wp-json\/wp\/v2\/product\/12944","targetHints":{"allow":["GET"]}}],"collection":[{"href":"https:\/\/madoskampas.lt\/ru\/wp-json\/wp\/v2\/product"}],"about":[{"href":"https:\/\/madoskampas.lt\/ru\/wp-json\/wp\/v2\/types\/product"}],"replies":[{"embeddable":true,"href":"https:\/\/madoskampas.lt\/ru\/wp-json\/wp\/v2\/comments?post=12944"}],"wp:featuredmedia":[{"embeddable":true,"href":"https:\/\/madoskampas.lt\/ru\/wp-json\/wp\/v2\/media\/12846"}],"wp:attachment":[{"href":"https:\/\/madoskampas.lt\/ru\/wp-json\/wp\/v2\/media?parent=12944"}],"wp:term":[{"taxonomy":"product_brand","embeddable":true,"href":"https:\/\/madoskampas.lt\/ru\/wp-json\/wp\/v2\/product_brand?post=12944"},{"taxonomy":"product_cat","embeddable":true,"href":"https:\/\/madoskampas.lt\/ru\/wp-json\/wp\/v2\/product_cat?post=12944"},{"taxonomy":"product_tag","embeddable":true,"href":"https:\/\/madoskampas.lt\/ru\/wp-json\/wp\/v2\/product_tag?post=12944"}],"curies":[{"name":"wp","href":"https:\/\/api.w.org\/{rel}","templated":true}]}}