{"id":13002,"date":"2025-03-21T07:39:54","date_gmt":"2025-03-21T07:39:54","guid":{"rendered":"https:\/\/madoskampas.lt\/?post_type=product&#038;p=13002"},"modified":"2025-05-27T09:40:36","modified_gmt":"2025-05-27T09:40:36","slug":"laisvalaikio-kostiumelis-viskozinis-su-skeltuku","status":"publish","type":"product","link":"https:\/\/madoskampas.lt\/ru\/product-2\/laisvalaikio-kostiumelis-viskozinis-su-skeltuku\/","title":{"rendered":"Laisvalaikio kostium\u0117lis viskozinis su skeltuku"},"content":{"rendered":"<div class=\"xdj266r x11i5rnm xat24cr x1mh8g0r x1vvkbs x126k92a\">\n<div dir=\"auto\">Viskozinis kostium\u0117lis \u2013 tai stilingas ir patogus pasirinkimas tiek kasdienai, tiek ypatingoms progoms. \u0160is dviej\u0173 dali\u0173 komplektas susideda i\u0161 laisvo kirpimo d\u017eemperio\u00a0 bei pla\u010di\u0173 kelni\u0173, kurios suteikia elegancijos ir komforto poj\u016bt\u012f.<\/div>\n<\/div>\n<div class=\"x11i5rnm xat24cr x1mh8g0r x1vvkbs xtlvy1s x126k92a\">\n<div dir=\"auto\">Kostium\u0117lio \u0161onai dekoruoti subtiliomis sagomis, kurios suteikia i\u0161skirtinumo. Mink\u0161tas ir lengvas viskoz\u0117s audinys leid\u017eia odai kv\u0117puoti, u\u017etikrina malon\u0173 d\u0117v\u0117jim\u0105 ir prisitaiko prie k\u016bno judesi\u0173. \u0160\u012f kostium\u0117l\u012f lengva derinti tiek su sportiniu, tiek su eleganti\u0161ku apavu.<\/div>\n<div dir=\"auto\">\u2022 Kr\u016btin\u0117s apimtis (ramyb\u0117je): 120 cm<\/div>\n<div dir=\"auto\">\u2022 Ilgis: 70 cm<\/div>\n<div dir=\"auto\">\u2022 Liemuo su guma (ramyb\u0117je): 70 cm, tempiasi iki 82 cm<\/div>\n<div dir=\"auto\">\u2022 Klubai (ramyb\u0117je): 100 cm, tempiasi iki 117cm<\/div>\n<div dir=\"auto\">\u2022 Bendras kelni\u0173 ilgis: ~104 cm<\/div>\n<div dir=\"auto\"><span class=\"html-span xexx8yu x4uap5 x18d9i69 xkhd6sd x1hl2dhg x16tdsg8 x1vvkbs x3nfvp2 x1j61x8r x1fcty0u xdj266r xat24cr xgzva0m xhhsvwb xxymvpz xlup9mm x1kky2od\"><img decoding=\"async\" class=\"xz74otr x168nmei x13lgxp2 x5pf9jr xo71vjh\" src=\"https:\/\/static.xx.fbcdn.net\/images\/emoji.php\/v9\/td2\/2\/16\/2714.png\" alt=\"\u2714\ufe0f\" width=\"16\" height=\"16\" \/><\/span> Spalva &#8211; kremine, capucino, \u017ealia, juoda<\/div>\n<div dir=\"auto\"><span class=\"html-span xexx8yu x4uap5 x18d9i69 xkhd6sd x1hl2dhg x16tdsg8 x1vvkbs x3nfvp2 x1j61x8r x1fcty0u xdj266r xat24cr xgzva0m xhhsvwb xxymvpz xlup9mm x1kky2od\"><img decoding=\"async\" class=\"xz74otr x168nmei x13lgxp2 x5pf9jr xo71vjh\" src=\"https:\/\/static.xx.fbcdn.net\/images\/emoji.php\/v9\/td2\/2\/16\/2714.png\" alt=\"\u2714\ufe0f\" width=\"16\" height=\"16\" \/><\/span> Dydis &#8211; universalus, puikiai S\/M &#8211; XL<\/div>\n<\/div>","protected":false},"excerpt":{"rendered":"<p>Viskozinis kostium\u0117lis \u2013 tai stilingas ir patogus pasirinkimas tiek kasdienai, tiek ypatingoms progoms. \u0160is dviej\u0173 dali\u0173 komplektas susideda i\u0161 laisvo kirpimo d\u017eemperio\u00a0 bei pla\u010di\u0173 kelni\u0173, kurios suteikia elegancijos ir komforto poj\u016bt\u012f. Kostium\u0117lio \u0161onai dekoruoti subtiliomis sagomis, kurios suteikia i\u0161skirtinumo. Mink\u0161tas ir lengvas viskoz\u0117s audinys leid\u017eia odai kv\u0117puoti, u\u017etikrina malon\u0173 d\u0117v\u0117jim\u0105 ir prisitaiko prie k\u016bno judesi\u0173. \u0160\u012f kostium\u0117l\u012f lengva derinti tiek\u2026<\/p>","protected":false},"featured_media":13011,"comment_status":"open","ping_status":"closed","template":"","meta":{"_uag_custom_page_level_css":"","_monsterinsights_skip_tracking":false,"_monsterinsights_sitenote_active":false,"_monsterinsights_sitenote_note":"","_monsterinsights_sitenote_category":0},"product_brand":[],"product_cat":[66,70],"product_tag":[],"class_list":{"0":"post-13002","1":"product","2":"type-product","3":"status-publish","4":"has-post-thumbnail","6":"product_cat-drabuziai","7":"product_cat-kostiumeliai","8":"tm-has-options","10":"first","11":"instock","12":"sale","13":"shipping-taxable","14":"purchasable","15":"product-type-variable"},"yoast_head":"<!-- This site is optimized with the Yoast SEO plugin v27.5 - https:\/\/yoast.com\/product\/yoast-seo-wordpress\/ -->\n<title>Laisvalaikio kostium\u0117lis viskozinis su skeltuku - MadosKampas.lt<\/title>\n<meta name=\"robots\" content=\"index, follow, max-snippet:-1, max-image-preview:large, max-video-preview:-1\" \/>\n<link rel=\"canonical\" href=\"https:\/\/madoskampas.lt\/ru\/product-2\/laisvalaikio-kostiumelis-viskozinis-su-skeltuku\/\" \/>\n<meta property=\"og:locale\" content=\"ru_RU\" \/>\n<meta property=\"og:type\" content=\"article\" \/>\n<meta property=\"og:title\" content=\"Laisvalaikio kostium\u0117lis viskozinis su skeltuku - MadosKampas.lt\" \/>\n<meta property=\"og:description\" content=\"Viskozinis kostium\u0117lis \u2013 tai stilingas ir patogus pasirinkimas tiek kasdienai, tiek ypatingoms progoms. \u0160is dviej\u0173 dali\u0173 komplektas susideda i\u0161 laisvo kirpimo d\u017eemperio\u00a0 bei pla\u010di\u0173 kelni\u0173, kurios suteikia elegancijos ir komforto poj\u016bt\u012f. Kostium\u0117lio \u0161onai dekoruoti subtiliomis sagomis, kurios suteikia i\u0161skirtinumo. Mink\u0161tas ir lengvas viskoz\u0117s audinys leid\u017eia odai kv\u0117puoti, u\u017etikrina malon\u0173 d\u0117v\u0117jim\u0105 ir prisitaiko prie k\u016bno judesi\u0173. \u0160\u012f kostium\u0117l\u012f lengva derinti tiek\u2026\" \/>\n<meta property=\"og:url\" content=\"https:\/\/madoskampas.lt\/ru\/product-2\/laisvalaikio-kostiumelis-viskozinis-su-skeltuku\/\" \/>\n<meta property=\"og:site_name\" content=\"MadosKampas.lt\" \/>\n<meta property=\"article:modified_time\" content=\"2025-05-27T09:40:36+00:00\" \/>\n<meta property=\"og:image\" content=\"https:\/\/madoskampas.lt\/wp-content\/uploads\/2025\/03\/IMG_4233.jpeg\" \/>\n\t<meta property=\"og:image:width\" content=\"1536\" \/>\n\t<meta property=\"og:image:height\" content=\"2048\" \/>\n\t<meta property=\"og:image:type\" content=\"image\/jpeg\" \/>\n<meta name=\"twitter:card\" content=\"summary_large_image\" \/>\n<meta name=\"twitter:label1\" content=\"\u041f\u0440\u0438\u043c\u0435\u0440\u043d\u043e\u0435 \u0432\u0440\u0435\u043c\u044f \u0434\u043b\u044f \u0447\u0442\u0435\u043d\u0438\u044f\" \/>\n\t<meta name=\"twitter:data1\" content=\"2 \u043c\u0438\u043d\u0443\u0442\u044b\" \/>\n<script type=\"application\/ld+json\" class=\"yoast-schema-graph\">{\"@context\":\"https:\\\/\\\/schema.org\",\"@graph\":[{\"@type\":\"WebPage\",\"@id\":\"https:\\\/\\\/madoskampas.lt\\\/produktas\\\/laisvalaikio-kostiumelis-viskozinis-su-skeltuku\\\/\",\"url\":\"https:\\\/\\\/madoskampas.lt\\\/produktas\\\/laisvalaikio-kostiumelis-viskozinis-su-skeltuku\\\/\",\"name\":\"Laisvalaikio kostium\u0117lis viskozinis su skeltuku - MadosKampas.lt\",\"isPartOf\":{\"@id\":\"https:\\\/\\\/madoskampas.lt\\\/#website\"},\"primaryImageOfPage\":{\"@id\":\"https:\\\/\\\/madoskampas.lt\\\/produktas\\\/laisvalaikio-kostiumelis-viskozinis-su-skeltuku\\\/#primaryimage\"},\"image\":{\"@id\":\"https:\\\/\\\/madoskampas.lt\\\/produktas\\\/laisvalaikio-kostiumelis-viskozinis-su-skeltuku\\\/#primaryimage\"},\"thumbnailUrl\":\"https:\\\/\\\/madoskampas.lt\\\/wp-content\\\/uploads\\\/2025\\\/03\\\/IMG_4233.jpeg\",\"datePublished\":\"2025-03-21T07:39:54+00:00\",\"dateModified\":\"2025-05-27T09:40:36+00:00\",\"breadcrumb\":{\"@id\":\"https:\\\/\\\/madoskampas.lt\\\/produktas\\\/laisvalaikio-kostiumelis-viskozinis-su-skeltuku\\\/#breadcrumb\"},\"inLanguage\":\"ru-RU\",\"potentialAction\":[{\"@type\":\"ReadAction\",\"target\":[\"https:\\\/\\\/madoskampas.lt\\\/produktas\\\/laisvalaikio-kostiumelis-viskozinis-su-skeltuku\\\/\"]}]},{\"@type\":\"ImageObject\",\"inLanguage\":\"ru-RU\",\"@id\":\"https:\\\/\\\/madoskampas.lt\\\/produktas\\\/laisvalaikio-kostiumelis-viskozinis-su-skeltuku\\\/#primaryimage\",\"url\":\"https:\\\/\\\/madoskampas.lt\\\/wp-content\\\/uploads\\\/2025\\\/03\\\/IMG_4233.jpeg\",\"contentUrl\":\"https:\\\/\\\/madoskampas.lt\\\/wp-content\\\/uploads\\\/2025\\\/03\\\/IMG_4233.jpeg\",\"width\":1536,\"height\":2048},{\"@type\":\"BreadcrumbList\",\"@id\":\"https:\\\/\\\/madoskampas.lt\\\/produktas\\\/laisvalaikio-kostiumelis-viskozinis-su-skeltuku\\\/#breadcrumb\",\"itemListElement\":[{\"@type\":\"ListItem\",\"position\":1,\"name\":\"Home\",\"item\":\"https:\\\/\\\/madoskampas.lt\\\/\"},{\"@type\":\"ListItem\",\"position\":2,\"name\":\"Parduotuv\u0117\",\"item\":\"https:\\\/\\\/madoskampas.lt\\\/parduotuve-2\\\/\"},{\"@type\":\"ListItem\",\"position\":3,\"name\":\"Laisvalaikio kostium\u0117lis viskozinis su skeltuku\"}]},{\"@type\":\"WebSite\",\"@id\":\"https:\\\/\\\/madoskampas.lt\\\/#website\",\"url\":\"https:\\\/\\\/madoskampas.lt\\\/\",\"name\":\"MadosKampas.lt\",\"description\":\"Stilingi drabu\u017eiai moterims\",\"potentialAction\":[{\"@type\":\"SearchAction\",\"target\":{\"@type\":\"EntryPoint\",\"urlTemplate\":\"https:\\\/\\\/madoskampas.lt\\\/?s={search_term_string}\"},\"query-input\":{\"@type\":\"PropertyValueSpecification\",\"valueRequired\":true,\"valueName\":\"search_term_string\"}}],\"inLanguage\":\"ru-RU\"}]}<\/script>\n<!-- \/ Yoast SEO plugin. -->","yoast_head_json":{"title":"Laisvalaikio kostium\u0117lis viskozinis su skeltuku - MadosKampas.lt","robots":{"index":"index","follow":"follow","max-snippet":"max-snippet:-1","max-image-preview":"max-image-preview:large","max-video-preview":"max-video-preview:-1"},"canonical":"https:\/\/madoskampas.lt\/ru\/product-2\/laisvalaikio-kostiumelis-viskozinis-su-skeltuku\/","og_locale":"ru_RU","og_type":"article","og_title":"Laisvalaikio kostium\u0117lis viskozinis su skeltuku - MadosKampas.lt","og_description":"Viskozinis kostium\u0117lis \u2013 tai stilingas ir patogus pasirinkimas tiek kasdienai, tiek ypatingoms progoms. \u0160is dviej\u0173 dali\u0173 komplektas susideda i\u0161 laisvo kirpimo d\u017eemperio\u00a0 bei pla\u010di\u0173 kelni\u0173, kurios suteikia elegancijos ir komforto poj\u016bt\u012f. Kostium\u0117lio \u0161onai dekoruoti subtiliomis sagomis, kurios suteikia i\u0161skirtinumo. Mink\u0161tas ir lengvas viskoz\u0117s audinys leid\u017eia odai kv\u0117puoti, u\u017etikrina malon\u0173 d\u0117v\u0117jim\u0105 ir prisitaiko prie k\u016bno judesi\u0173. \u0160\u012f kostium\u0117l\u012f lengva derinti tiek\u2026","og_url":"https:\/\/madoskampas.lt\/ru\/product-2\/laisvalaikio-kostiumelis-viskozinis-su-skeltuku\/","og_site_name":"MadosKampas.lt","article_modified_time":"2025-05-27T09:40:36+00:00","og_image":[{"width":1536,"height":2048,"url":"https:\/\/madoskampas.lt\/wp-content\/uploads\/2025\/03\/IMG_4233.jpeg","type":"image\/jpeg"}],"twitter_card":"summary_large_image","twitter_misc":{"\u041f\u0440\u0438\u043c\u0435\u0440\u043d\u043e\u0435 \u0432\u0440\u0435\u043c\u044f \u0434\u043b\u044f \u0447\u0442\u0435\u043d\u0438\u044f":"2 \u043c\u0438\u043d\u0443\u0442\u044b"},"schema":{"@context":"https:\/\/schema.org","@graph":[{"@type":"WebPage","@id":"https:\/\/madoskampas.lt\/produktas\/laisvalaikio-kostiumelis-viskozinis-su-skeltuku\/","url":"https:\/\/madoskampas.lt\/produktas\/laisvalaikio-kostiumelis-viskozinis-su-skeltuku\/","name":"Laisvalaikio kostium\u0117lis viskozinis su skeltuku - MadosKampas.lt","isPartOf":{"@id":"https:\/\/madoskampas.lt\/#website"},"primaryImageOfPage":{"@id":"https:\/\/madoskampas.lt\/produktas\/laisvalaikio-kostiumelis-viskozinis-su-skeltuku\/#primaryimage"},"image":{"@id":"https:\/\/madoskampas.lt\/produktas\/laisvalaikio-kostiumelis-viskozinis-su-skeltuku\/#primaryimage"},"thumbnailUrl":"https:\/\/madoskampas.lt\/wp-content\/uploads\/2025\/03\/IMG_4233.jpeg","datePublished":"2025-03-21T07:39:54+00:00","dateModified":"2025-05-27T09:40:36+00:00","breadcrumb":{"@id":"https:\/\/madoskampas.lt\/produktas\/laisvalaikio-kostiumelis-viskozinis-su-skeltuku\/#breadcrumb"},"inLanguage":"ru-RU","potentialAction":[{"@type":"ReadAction","target":["https:\/\/madoskampas.lt\/produktas\/laisvalaikio-kostiumelis-viskozinis-su-skeltuku\/"]}]},{"@type":"ImageObject","inLanguage":"ru-RU","@id":"https:\/\/madoskampas.lt\/produktas\/laisvalaikio-kostiumelis-viskozinis-su-skeltuku\/#primaryimage","url":"https:\/\/madoskampas.lt\/wp-content\/uploads\/2025\/03\/IMG_4233.jpeg","contentUrl":"https:\/\/madoskampas.lt\/wp-content\/uploads\/2025\/03\/IMG_4233.jpeg","width":1536,"height":2048},{"@type":"BreadcrumbList","@id":"https:\/\/madoskampas.lt\/produktas\/laisvalaikio-kostiumelis-viskozinis-su-skeltuku\/#breadcrumb","itemListElement":[{"@type":"ListItem","position":1,"name":"Home","item":"https:\/\/madoskampas.lt\/"},{"@type":"ListItem","position":2,"name":"Parduotuv\u0117","item":"https:\/\/madoskampas.lt\/parduotuve-2\/"},{"@type":"ListItem","position":3,"name":"Laisvalaikio kostium\u0117lis viskozinis su skeltuku"}]},{"@type":"WebSite","@id":"https:\/\/madoskampas.lt\/#website","url":"https:\/\/madoskampas.lt\/","name":"FashionKampas.lt","description":"\u0421\u0442\u0438\u043b\u044c\u043d\u0430\u044f \u043e\u0434\u0435\u0436\u0434\u0430 \u0434\u043b\u044f \u0436\u0435\u043d\u0449\u0438\u043d","potentialAction":[{"@type":"SearchAction","target":{"@type":"EntryPoint","urlTemplate":"https:\/\/madoskampas.lt\/?s={search_term_string}"},"query-input":{"@type":"PropertyValueSpecification","valueRequired":true,"valueName":"search_term_string"}}],"inLanguage":"ru-RU"}]}},"uagb_featured_image_src":{"full":["https:\/\/madoskampas.lt\/wp-content\/uploads\/2025\/03\/IMG_4233.jpeg",1536,2048,false],"thumbnail":["https:\/\/madoskampas.lt\/wp-content\/uploads\/2025\/03\/IMG_4233-150x150.jpeg",150,150,true],"medium":["https:\/\/madoskampas.lt\/wp-content\/uploads\/2025\/03\/IMG_4233-225x300.jpeg",225,300,true],"medium_large":["https:\/\/madoskampas.lt\/wp-content\/uploads\/2025\/03\/IMG_4233-768x1024.jpeg",768,1024,true],"large":["https:\/\/madoskampas.lt\/wp-content\/uploads\/2025\/03\/IMG_4233-768x1024.jpeg",768,1024,true],"1536x1536":["https:\/\/madoskampas.lt\/wp-content\/uploads\/2025\/03\/IMG_4233-1152x1536.jpeg",1152,1536,true],"2048x2048":["https:\/\/madoskampas.lt\/wp-content\/uploads\/2025\/03\/IMG_4233.jpeg",1536,2048,false],"trp-custom-language-flag":["https:\/\/madoskampas.lt\/wp-content\/uploads\/2025\/03\/IMG_4233.jpeg",9,12,false],"nova-image-square":["https:\/\/madoskampas.lt\/wp-content\/uploads\/2025\/03\/IMG_4233-1100x1100.jpeg",1100,1100,true],"mixtas-product-03":["https:\/\/madoskampas.lt\/wp-content\/uploads\/2025\/03\/IMG_4233-600x345.jpeg",600,345,true],"woocommerce_thumbnail":["https:\/\/madoskampas.lt\/wp-content\/uploads\/2025\/03\/IMG_4233-700x700.jpeg",700,700,true],"woocommerce_single":["https:\/\/madoskampas.lt\/wp-content\/uploads\/2025\/03\/IMG_4233-1000x1333.jpeg",1000,1333,true],"woocommerce_gallery_thumbnail":["https:\/\/madoskampas.lt\/wp-content\/uploads\/2025\/03\/IMG_4233-250x250.jpeg",250,250,true],"variation_swatches_image_size":["https:\/\/madoskampas.lt\/wp-content\/uploads\/2025\/03\/IMG_4233-50x50.jpeg",50,50,true],"variation_swatches_tooltip_size":["https:\/\/madoskampas.lt\/wp-content\/uploads\/2025\/03\/IMG_4233-100x100.jpeg",100,100,true]},"uagb_author_info":{"display_name":"algirdasbart","author_link":"https:\/\/madoskampas.lt\/ru\/author\/"},"uagb_comment_info":0,"uagb_excerpt":"Viskozinis kostium\u0117lis \u2013 tai stilingas ir patogus pasirinkimas tiek kasdienai, tiek ypatingoms progoms. \u0160is dviej\u0173 dali\u0173 komplektas susideda i\u0161 laisvo kirpimo d\u017eemperio\u00a0 bei pla\u010di\u0173 kelni\u0173, kurios suteikia elegancijos ir komforto poj\u016bt\u012f. Kostium\u0117lio \u0161onai dekoruoti subtiliomis sagomis, kurios suteikia i\u0161skirtinumo. Mink\u0161tas ir lengvas viskoz\u0117s audinys leid\u017eia odai kv\u0117puoti, u\u017etikrina malon\u0173 d\u0117v\u0117jim\u0105 ir prisitaiko prie k\u016bno judesi\u0173.&hellip;","jetpack_sharing_enabled":true,"_links":{"self":[{"href":"https:\/\/madoskampas.lt\/ru\/wp-json\/wp\/v2\/product\/13002","targetHints":{"allow":["GET"]}}],"collection":[{"href":"https:\/\/madoskampas.lt\/ru\/wp-json\/wp\/v2\/product"}],"about":[{"href":"https:\/\/madoskampas.lt\/ru\/wp-json\/wp\/v2\/types\/product"}],"replies":[{"embeddable":true,"href":"https:\/\/madoskampas.lt\/ru\/wp-json\/wp\/v2\/comments?post=13002"}],"wp:featuredmedia":[{"embeddable":true,"href":"https:\/\/madoskampas.lt\/ru\/wp-json\/wp\/v2\/media\/13011"}],"wp:attachment":[{"href":"https:\/\/madoskampas.lt\/ru\/wp-json\/wp\/v2\/media?parent=13002"}],"wp:term":[{"taxonomy":"product_brand","embeddable":true,"href":"https:\/\/madoskampas.lt\/ru\/wp-json\/wp\/v2\/product_brand?post=13002"},{"taxonomy":"product_cat","embeddable":true,"href":"https:\/\/madoskampas.lt\/ru\/wp-json\/wp\/v2\/product_cat?post=13002"},{"taxonomy":"product_tag","embeddable":true,"href":"https:\/\/madoskampas.lt\/ru\/wp-json\/wp\/v2\/product_tag?post=13002"}],"curies":[{"name":"wp","href":"https:\/\/api.w.org\/{rel}","templated":true}]}}