{"id":13457,"date":"2025-04-04T07:27:58","date_gmt":"2025-04-04T07:27:58","guid":{"rendered":"https:\/\/madoskampas.lt\/?post_type=product&#038;p=13457"},"modified":"2026-05-16T07:29:59","modified_gmt":"2026-05-16T07:29:59","slug":"13457","status":"publish","type":"product","link":"https:\/\/madoskampas.lt\/ru\/product-2\/13457\/","title":{"rendered":"\u0416\u0438\u043b\u0435\u0442 Active Chic - \u043b\u0435\u0433\u043a\u043e\u0441\u0442\u044c"},"content":{"rendered":"<p class=\"\" data-start=\"282\" data-end=\"387\">\u0160i <strong data-start=\"285\" data-end=\"303\">p\u016bkin\u0117 liemen\u0117<\/strong> tokia lengva, kad net pamir\u0161i, kad j\u0105 d\u0117vi. Bet visi pasteb\u0117s, kad atrodai puikiai.<\/p>\n<p class=\"\" data-start=\"389\" data-end=\"570\">Puikiai tinka <strong data-start=\"403\" data-end=\"446\">pavasariui ar v\u0117sesniam vasaros vakarui<\/strong> \u2013 kai norisi \u0161ilumos be sunkaus sluoksnio. Dera tiek prie suknel\u0117s, tiek prie sportinio kostium\u0117lio ar laisvalaikio kelni\u0173.<\/p>\n<hr class=\"\" data-start=\"572\" data-end=\"575\" \/>\n<p class=\"\" data-start=\"577\" data-end=\"595\"><strong data-start=\"577\" data-end=\"595\">I\u0161skirtinumas:<\/strong><\/p>\n<ul data-start=\"596\" data-end=\"872\">\n<li class=\"\" data-start=\"596\" data-end=\"651\">\n<p class=\"\" data-start=\"598\" data-end=\"651\">Ilgis \u2013 60 cm (nugaroje +7 cm patogumui ir stiliui)<\/p>\n<\/li>\n<li class=\"\" data-start=\"652\" data-end=\"696\">\n<p class=\"\" data-start=\"654\" data-end=\"696\">Per kr\u016btin\u0119 \u2013 51 cm (tinka S\u2013L dyd\u017eiams)<\/p>\n<\/li>\n<li class=\"\" data-start=\"697\" data-end=\"758\">\n<p class=\"\" data-start=\"699\" data-end=\"758\"><strong data-start=\"699\" data-end=\"729\">Nat\u016bralus p\u016bkinis u\u017epildas<\/strong> \u2013 \u0161iltas, bet itin lengvas<\/p>\n<\/li>\n<li class=\"\" data-start=\"759\" data-end=\"810\">\n<p class=\"\" data-start=\"761\" data-end=\"810\">Funkcionalios ki\u0161en\u0117s, stilingas auk\u0161tas kaklas<\/p>\n<\/li>\n<\/ul>\n<hr class=\"\" data-start=\"874\" data-end=\"877\" \/>\n<p class=\"\" data-start=\"879\" data-end=\"997\"><strong data-start=\"879\" data-end=\"891\">\u0426\u0432\u0435\u0442\u0430:<\/strong><br data-start=\"891\" data-end=\"894\" \/>\ud83e\udd0d Kremine \u2013 \u0161vari, lengva, klasikin\u0117<br data-start=\"931\" data-end=\"934\" \/>\u2615 Sm\u0117lio \u2013 \u0161iltas neutralumas<br data-start=\"963\" data-end=\"966\" \/>\ud83d\udda4 Juoda \u2013 neabejojanti klasika<\/p>\n<p class=\"\" data-start=\"999\" data-end=\"1102\"><strong data-start=\"999\" data-end=\"1011\">\u0421\u043e\u0441\u0442\u0430\u0432:<\/strong><br data-start=\"1011\" data-end=\"1014\" \/>\u0412\u043d\u0435\u0448\u043d\u044f\u044f \u0441\u0442\u043e\u0440\u043e\u043d\u0430 - 100 % \u043f\u043e\u043b\u0438\u044d\u0441\u0442\u0435\u0440<br data-start=\"1039\" data-end=\"1042\" \/>\u041d\u0430\u043f\u043e\u043b\u043d\u0438\u0442\u0435\u043b\u044c - \u043f\u0443\u0445 + \u043f\u0435\u0440\u044c\u044f<br data-start=\"1070\" data-end=\"1073\" \/>\u041f\u043e\u0434\u043a\u043b\u0430\u0434\u043a\u0430 - 100 % \u043f\u043e\u043b\u0438\u044d\u0441\u0442\u0435\u0440<\/p>\n<p class=\"\" data-start=\"1111\" data-end=\"1157\">\ud83c\udf2c\ufe0f <strong data-start=\"1115\" data-end=\"1157\">\u0160iluma be svorio. Stilius be pastang\u0173.<\/strong><\/p>","protected":false},"excerpt":{"rendered":"<p>\u0160i p\u016bkin\u0117 liemen\u0117 tokia lengva, kad net pamir\u0161i, kad j\u0105 d\u0117vi. Bet visi pasteb\u0117s, kad atrodai puikiai. Puikiai tinka pavasariui ar v\u0117sesniam vasaros vakarui \u2013 kai norisi \u0161ilumos be sunkaus sluoksnio. Dera tiek prie suknel\u0117s, tiek prie sportinio kostium\u0117lio ar laisvalaikio kelni\u0173. I\u0161skirtinumas: Ilgis \u2013 60 cm (nugaroje +7 cm patogumui ir stiliui) Per kr\u016btin\u0119 \u2013 51 cm (tinka S\u2013L\u2026<\/p>","protected":false},"featured_media":30423,"comment_status":"open","ping_status":"closed","template":"","meta":{"_uag_custom_page_level_css":"","_monsterinsights_skip_tracking":false,"_monsterinsights_sitenote_active":false,"_monsterinsights_sitenote_note":"","_monsterinsights_sitenote_category":0},"product_brand":[],"product_cat":[66,71,95,96],"product_tag":[],"class_list":{"0":"post-13457","1":"product","2":"type-product","3":"status-publish","4":"has-post-thumbnail","6":"product_cat-drabuziai","7":"product_cat-liemenes","8":"product_cat-naujausi","9":"product_cat-populiariausi","10":"tm-has-options","12":"first","13":"instock","14":"shipping-taxable","15":"purchasable","16":"product-type-variable"},"yoast_head":"<!-- This site is optimized with the Yoast SEO plugin v27.6 - https:\/\/yoast.com\/product\/yoast-seo-wordpress\/ -->\n<title>Liemen\u0117 \u201eActive Chic\u201c \u2013 lengvumas - MadosKampas.lt<\/title>\n<meta name=\"robots\" content=\"index, follow, max-snippet:-1, max-image-preview:large, max-video-preview:-1\" \/>\n<link rel=\"canonical\" href=\"https:\/\/madoskampas.lt\/ru\/product-2\/13457\/\" \/>\n<meta property=\"og:locale\" content=\"ru_RU\" \/>\n<meta property=\"og:type\" content=\"article\" \/>\n<meta property=\"og:title\" content=\"Liemen\u0117 \u201eActive Chic\u201c \u2013 lengvumas - MadosKampas.lt\" \/>\n<meta property=\"og:description\" content=\"\u0160i p\u016bkin\u0117 liemen\u0117 tokia lengva, kad net pamir\u0161i, kad j\u0105 d\u0117vi. Bet visi pasteb\u0117s, kad atrodai puikiai. Puikiai tinka pavasariui ar v\u0117sesniam vasaros vakarui \u2013 kai norisi \u0161ilumos be sunkaus sluoksnio. Dera tiek prie suknel\u0117s, tiek prie sportinio kostium\u0117lio ar laisvalaikio kelni\u0173. I\u0161skirtinumas: Ilgis \u2013 60 cm (nugaroje +7 cm patogumui ir stiliui) Per kr\u016btin\u0119 \u2013 51 cm (tinka S\u2013L\u2026\" \/>\n<meta property=\"og:url\" content=\"https:\/\/madoskampas.lt\/ru\/product-2\/13457\/\" \/>\n<meta property=\"og:site_name\" content=\"MadosKampas.lt\" \/>\n<meta property=\"article:modified_time\" content=\"2026-05-16T07:29:59+00:00\" \/>\n<meta property=\"og:image\" content=\"https:\/\/madoskampas.lt\/wp-content\/uploads\/2025\/04\/img_9286-scaled.jpeg\" \/>\n\t<meta property=\"og:image:width\" content=\"1920\" \/>\n\t<meta property=\"og:image:height\" content=\"2560\" \/>\n\t<meta property=\"og:image:type\" content=\"image\/jpeg\" \/>\n<meta name=\"twitter:card\" content=\"summary_large_image\" \/>\n<meta name=\"twitter:label1\" content=\"\u041f\u0440\u0438\u043c\u0435\u0440\u043d\u043e\u0435 \u0432\u0440\u0435\u043c\u044f \u0434\u043b\u044f \u0447\u0442\u0435\u043d\u0438\u044f\" \/>\n\t<meta name=\"twitter:data1\" content=\"1 \u043c\u0438\u043d\u0443\u0442\u0430\" \/>\n<script type=\"application\/ld+json\" class=\"yoast-schema-graph\">{\"@context\":\"https:\\\/\\\/schema.org\",\"@graph\":[{\"@type\":\"WebPage\",\"@id\":\"https:\\\/\\\/madoskampas.lt\\\/produktas\\\/13457\\\/\",\"url\":\"https:\\\/\\\/madoskampas.lt\\\/produktas\\\/13457\\\/\",\"name\":\"Liemen\u0117 \u201eActive Chic\u201c \u2013 lengvumas - MadosKampas.lt\",\"isPartOf\":{\"@id\":\"https:\\\/\\\/madoskampas.lt\\\/#website\"},\"primaryImageOfPage\":{\"@id\":\"https:\\\/\\\/madoskampas.lt\\\/produktas\\\/13457\\\/#primaryimage\"},\"image\":{\"@id\":\"https:\\\/\\\/madoskampas.lt\\\/produktas\\\/13457\\\/#primaryimage\"},\"thumbnailUrl\":\"https:\\\/\\\/madoskampas.lt\\\/wp-content\\\/uploads\\\/2025\\\/04\\\/img_9992-1-scaled.jpeg\",\"datePublished\":\"2025-04-04T07:27:58+00:00\",\"dateModified\":\"2026-05-16T07:29:59+00:00\",\"breadcrumb\":{\"@id\":\"https:\\\/\\\/madoskampas.lt\\\/produktas\\\/13457\\\/#breadcrumb\"},\"inLanguage\":\"ru-RU\",\"potentialAction\":[{\"@type\":\"ReadAction\",\"target\":[\"https:\\\/\\\/madoskampas.lt\\\/produktas\\\/13457\\\/\"]}]},{\"@type\":\"ImageObject\",\"inLanguage\":\"ru-RU\",\"@id\":\"https:\\\/\\\/madoskampas.lt\\\/produktas\\\/13457\\\/#primaryimage\",\"url\":\"https:\\\/\\\/madoskampas.lt\\\/wp-content\\\/uploads\\\/2025\\\/04\\\/img_9992-1-scaled.jpeg\",\"contentUrl\":\"https:\\\/\\\/madoskampas.lt\\\/wp-content\\\/uploads\\\/2025\\\/04\\\/img_9992-1-scaled.jpeg\",\"width\":1920,\"height\":2560},{\"@type\":\"BreadcrumbList\",\"@id\":\"https:\\\/\\\/madoskampas.lt\\\/produktas\\\/13457\\\/#breadcrumb\",\"itemListElement\":[{\"@type\":\"ListItem\",\"position\":1,\"name\":\"Home\",\"item\":\"https:\\\/\\\/madoskampas.lt\\\/\"},{\"@type\":\"ListItem\",\"position\":2,\"name\":\"Parduotuv\u0117\",\"item\":\"https:\\\/\\\/madoskampas.lt\\\/parduotuve-2\\\/\"},{\"@type\":\"ListItem\",\"position\":3,\"name\":\"Liemen\u0117 \u201eActive Chic\u201c \u2013 lengvumas\"}]},{\"@type\":\"WebSite\",\"@id\":\"https:\\\/\\\/madoskampas.lt\\\/#website\",\"url\":\"https:\\\/\\\/madoskampas.lt\\\/\",\"name\":\"MadosKampas.lt\",\"description\":\"Stilingi drabu\u017eiai moterims\",\"potentialAction\":[{\"@type\":\"SearchAction\",\"target\":{\"@type\":\"EntryPoint\",\"urlTemplate\":\"https:\\\/\\\/madoskampas.lt\\\/?s={search_term_string}\"},\"query-input\":{\"@type\":\"PropertyValueSpecification\",\"valueRequired\":true,\"valueName\":\"search_term_string\"}}],\"inLanguage\":\"ru-RU\"}]}<\/script>\n<!-- \/ Yoast SEO plugin. -->","yoast_head_json":{"title":"Liemen\u0117 \u201eActive Chic\u201c \u2013 lengvumas - MadosKampas.lt","robots":{"index":"index","follow":"follow","max-snippet":"max-snippet:-1","max-image-preview":"max-image-preview:large","max-video-preview":"max-video-preview:-1"},"canonical":"https:\/\/madoskampas.lt\/ru\/product-2\/13457\/","og_locale":"ru_RU","og_type":"article","og_title":"Liemen\u0117 \u201eActive Chic\u201c \u2013 lengvumas - MadosKampas.lt","og_description":"\u0160i p\u016bkin\u0117 liemen\u0117 tokia lengva, kad net pamir\u0161i, kad j\u0105 d\u0117vi. Bet visi pasteb\u0117s, kad atrodai puikiai. Puikiai tinka pavasariui ar v\u0117sesniam vasaros vakarui \u2013 kai norisi \u0161ilumos be sunkaus sluoksnio. Dera tiek prie suknel\u0117s, tiek prie sportinio kostium\u0117lio ar laisvalaikio kelni\u0173. I\u0161skirtinumas: Ilgis \u2013 60 cm (nugaroje +7 cm patogumui ir stiliui) Per kr\u016btin\u0119 \u2013 51 cm (tinka S\u2013L\u2026","og_url":"https:\/\/madoskampas.lt\/ru\/product-2\/13457\/","og_site_name":"MadosKampas.lt","article_modified_time":"2026-05-16T07:29:59+00:00","og_image":[{"width":1920,"height":2560,"url":"https:\/\/madoskampas.lt\/wp-content\/uploads\/2025\/04\/img_9286-scaled.jpeg","type":"image\/jpeg"}],"twitter_card":"summary_large_image","twitter_misc":{"\u041f\u0440\u0438\u043c\u0435\u0440\u043d\u043e\u0435 \u0432\u0440\u0435\u043c\u044f \u0434\u043b\u044f \u0447\u0442\u0435\u043d\u0438\u044f":"1 \u043c\u0438\u043d\u0443\u0442\u0430"},"schema":{"@context":"https:\/\/schema.org","@graph":[{"@type":"WebPage","@id":"https:\/\/madoskampas.lt\/produktas\/13457\/","url":"https:\/\/madoskampas.lt\/produktas\/13457\/","name":"Liemen\u0117 \u201eActive Chic\u201c \u2013 lengvumas - MadosKampas.lt","isPartOf":{"@id":"https:\/\/madoskampas.lt\/#website"},"primaryImageOfPage":{"@id":"https:\/\/madoskampas.lt\/produktas\/13457\/#primaryimage"},"image":{"@id":"https:\/\/madoskampas.lt\/produktas\/13457\/#primaryimage"},"thumbnailUrl":"https:\/\/madoskampas.lt\/wp-content\/uploads\/2025\/04\/img_9992-1-scaled.jpeg","datePublished":"2025-04-04T07:27:58+00:00","dateModified":"2026-05-16T07:29:59+00:00","breadcrumb":{"@id":"https:\/\/madoskampas.lt\/produktas\/13457\/#breadcrumb"},"inLanguage":"ru-RU","potentialAction":[{"@type":"ReadAction","target":["https:\/\/madoskampas.lt\/produktas\/13457\/"]}]},{"@type":"ImageObject","inLanguage":"ru-RU","@id":"https:\/\/madoskampas.lt\/produktas\/13457\/#primaryimage","url":"https:\/\/madoskampas.lt\/wp-content\/uploads\/2025\/04\/img_9992-1-scaled.jpeg","contentUrl":"https:\/\/madoskampas.lt\/wp-content\/uploads\/2025\/04\/img_9992-1-scaled.jpeg","width":1920,"height":2560},{"@type":"BreadcrumbList","@id":"https:\/\/madoskampas.lt\/produktas\/13457\/#breadcrumb","itemListElement":[{"@type":"ListItem","position":1,"name":"Home","item":"https:\/\/madoskampas.lt\/"},{"@type":"ListItem","position":2,"name":"Parduotuv\u0117","item":"https:\/\/madoskampas.lt\/parduotuve-2\/"},{"@type":"ListItem","position":3,"name":"Liemen\u0117 \u201eActive Chic\u201c \u2013 lengvumas"}]},{"@type":"WebSite","@id":"https:\/\/madoskampas.lt\/#website","url":"https:\/\/madoskampas.lt\/","name":"FashionKampas.lt","description":"\u0421\u0442\u0438\u043b\u044c\u043d\u0430\u044f \u043e\u0434\u0435\u0436\u0434\u0430 \u0434\u043b\u044f \u0436\u0435\u043d\u0449\u0438\u043d","potentialAction":[{"@type":"SearchAction","target":{"@type":"EntryPoint","urlTemplate":"https:\/\/madoskampas.lt\/?s={search_term_string}"},"query-input":{"@type":"PropertyValueSpecification","valueRequired":true,"valueName":"search_term_string"}}],"inLanguage":"ru-RU"}]}},"uagb_featured_image_src":{"full":["https:\/\/madoskampas.lt\/wp-content\/uploads\/2025\/04\/img_9992-1-scaled.jpeg",1920,2560,false],"thumbnail":["https:\/\/madoskampas.lt\/wp-content\/uploads\/2025\/04\/img_9992-1-150x150.jpeg",150,150,true],"medium":["https:\/\/madoskampas.lt\/wp-content\/uploads\/2025\/04\/img_9992-1-225x300.jpeg",225,300,true],"medium_large":["https:\/\/madoskampas.lt\/wp-content\/uploads\/2025\/04\/img_9992-1-768x1024.jpeg",768,1024,true],"large":["https:\/\/madoskampas.lt\/wp-content\/uploads\/2025\/04\/img_9992-1-768x1024.jpeg",768,1024,true],"1536x1536":["https:\/\/madoskampas.lt\/wp-content\/uploads\/2025\/04\/img_9992-1-1152x1536.jpeg",1152,1536,true],"2048x2048":["https:\/\/madoskampas.lt\/wp-content\/uploads\/2025\/04\/img_9992-1-1536x2048.jpeg",1536,2048,true],"trp-custom-language-flag":["https:\/\/madoskampas.lt\/wp-content\/uploads\/2025\/04\/img_9992-1-9x12.jpeg",9,12,true],"nova-image-square":["https:\/\/madoskampas.lt\/wp-content\/uploads\/2025\/04\/img_9992-1-1100x1100.jpeg",1100,1100,true],"mixtas-product-03":["https:\/\/madoskampas.lt\/wp-content\/uploads\/2025\/04\/img_9992-1-600x345.jpeg",600,345,true],"woocommerce_thumbnail":["https:\/\/madoskampas.lt\/wp-content\/uploads\/2025\/04\/img_9992-1-700x700.jpeg",700,700,true],"woocommerce_single":["https:\/\/madoskampas.lt\/wp-content\/uploads\/2025\/04\/img_9992-1-1000x1333.jpeg",1000,1333,true],"woocommerce_gallery_thumbnail":["https:\/\/madoskampas.lt\/wp-content\/uploads\/2025\/04\/img_9992-1-250x250.jpeg",250,250,true],"variation_swatches_image_size":["https:\/\/madoskampas.lt\/wp-content\/uploads\/2025\/04\/img_9992-1-50x50.jpeg",50,50,true],"variation_swatches_tooltip_size":["https:\/\/madoskampas.lt\/wp-content\/uploads\/2025\/04\/img_9992-1-100x100.jpeg",100,100,true]},"uagb_author_info":{"display_name":"algirdasbart","author_link":"https:\/\/madoskampas.lt\/ru\/author\/"},"uagb_comment_info":5,"uagb_excerpt":"\u0160i p\u016bkin\u0117 liemen\u0117 tokia lengva, kad net pamir\u0161i, kad j\u0105 d\u0117vi. Bet visi pasteb\u0117s, kad atrodai puikiai. Puikiai tinka pavasariui ar v\u0117sesniam vasaros vakarui \u2013 kai norisi \u0161ilumos be sunkaus sluoksnio. Dera tiek prie suknel\u0117s, tiek prie sportinio kostium\u0117lio ar laisvalaikio kelni\u0173. I\u0161skirtinumas: Ilgis \u2013 60 cm (nugaroje +7 cm patogumui ir stiliui) Per kr\u016btin\u0119&hellip;","jetpack_sharing_enabled":true,"_links":{"self":[{"href":"https:\/\/madoskampas.lt\/ru\/wp-json\/wp\/v2\/product\/13457","targetHints":{"allow":["GET"]}}],"collection":[{"href":"https:\/\/madoskampas.lt\/ru\/wp-json\/wp\/v2\/product"}],"about":[{"href":"https:\/\/madoskampas.lt\/ru\/wp-json\/wp\/v2\/types\/product"}],"replies":[{"embeddable":true,"href":"https:\/\/madoskampas.lt\/ru\/wp-json\/wp\/v2\/comments?post=13457"}],"wp:featuredmedia":[{"embeddable":true,"href":"https:\/\/madoskampas.lt\/ru\/wp-json\/wp\/v2\/media\/30423"}],"wp:attachment":[{"href":"https:\/\/madoskampas.lt\/ru\/wp-json\/wp\/v2\/media?parent=13457"}],"wp:term":[{"taxonomy":"product_brand","embeddable":true,"href":"https:\/\/madoskampas.lt\/ru\/wp-json\/wp\/v2\/product_brand?post=13457"},{"taxonomy":"product_cat","embeddable":true,"href":"https:\/\/madoskampas.lt\/ru\/wp-json\/wp\/v2\/product_cat?post=13457"},{"taxonomy":"product_tag","embeddable":true,"href":"https:\/\/madoskampas.lt\/ru\/wp-json\/wp\/v2\/product_tag?post=13457"}],"curies":[{"name":"wp","href":"https:\/\/api.w.org\/{rel}","templated":true}]}}