{"id":13474,"date":"2025-04-04T07:29:08","date_gmt":"2025-04-04T07:29:08","guid":{"rendered":"https:\/\/madoskampas.lt\/?post_type=product&#038;p=13474"},"modified":"2026-03-29T11:27:45","modified_gmt":"2026-03-29T11:27:45","slug":"%d1%83%d0%bb%d0%b8%d1%87%d0%bd%d0%be%d0%b5-%d0%b6%d0%b0%d1%80%d0%ba%d0%be%d0%b5-%d0%b2-%d0%b6%d0%b8%d0%bb%d0%b5%d1%82%d0%b0%d1%85","status":"publish","type":"product","link":"https:\/\/madoskampas.lt\/ru\/product-2\/%d1%83%d0%bb%d0%b8%d1%87%d0%bd%d0%be%d0%b5-%d0%b6%d0%b0%d1%80%d0%ba%d0%be%d0%b5-%d0%b2-%d0%b6%d0%b8%d0%bb%d0%b5%d1%82%d0%b0%d1%85\/","title":{"rendered":"\u0416\u0438\u043b\u0435\u0442 \u201e\u0423\u043b\u0438\u0447\u043d\u043e\u0435 \u0436\u0430\u0440\u043a\u043e\u0435\u201c"},"content":{"rendered":"<p class=\"\" data-start=\"222\" data-end=\"363\">\u0421\u0432\u043e\u0431\u043e\u0434\u043d\u044b\u0439 \u0441\u0438\u043b\u0443\u044d\u0442, \u0443\u0440\u0431\u0430\u043d\u0438\u0441\u0442\u0438\u0447\u0435\u0441\u043a\u0430\u044f \u044d\u043d\u0435\u0440\u0433\u0438\u044f \u0438 \u0446\u0432\u0435\u0442\u0430, \u043a\u043e\u0442\u043e\u0440\u044b\u0435 \u0441\u043e\u0447\u0435\u0442\u0430\u044e\u0442\u0441\u044f \u0441\u043e \u0432\u0441\u0435\u043c.<br \/>\n\u0421\u043e\u0437\u0434\u0430\u043d \u0434\u043b\u044f \u0434\u043d\u044f, \u043a\u043e\u0442\u043e\u0440\u044b\u0439 \u043d\u0435 \u043e\u0431\u0435\u0449\u0430\u0435\u0442 \u0441\u0442\u043e\u044f\u0442\u044c \u043d\u0430 \u043c\u0435\u0441\u0442\u0435.<\/p>\n<p class=\"\" data-start=\"365\" data-end=\"602\"><strong data-start=\"365\" data-end=\"383\">\u201e\u0423\u043b\u0438\u0447\u043d\u043e\u0435 \u0436\u0430\u0440\u043a\u043e\u0435\u201c<\/strong> \u0416\u0438\u043b\u0435\u0442 - \u044d\u0442\u043e \u0442\u0435\u043f\u043b\u043e \u0431\u0435\u0437 \u0432\u0435\u0441\u0430 \u0438 \u0441\u0442\u0438\u043b\u044c \u0431\u0435\u0437 \u0443\u0441\u0438\u043b\u0438\u0439. \u042d\u043b\u0430\u0441\u0442\u0438\u0447\u043d\u044b\u0439 \u043f\u043e\u044f\u0441 \u0442\u043e\u043d\u043a\u043e \u0444\u043e\u0440\u043c\u0438\u0440\u0443\u0435\u0442 \u0441\u0438\u043b\u0443\u044d\u0442, \u0430 \u043f\u0443\u0445\u043e\u0432\u044b\u0439 \u043d\u0430\u043f\u043e\u043b\u043d\u0438\u0442\u0435\u043b\u044c \u043d\u0435\u0437\u0430\u043c\u0435\u0442\u043d\u043e \u0441\u043e\u0433\u0440\u0435\u0432\u0430\u0435\u0442 \u0432\u0430\u0441.<\/p>\n<p class=\"\" data-start=\"365\" data-end=\"602\">\u041f\u043e\u0434\u0445\u043e\u0434\u0438\u0442 \u043a\u0430\u043a \u0434\u043b\u044f \u0441\u043f\u043e\u0440\u0442\u0438\u0432\u043d\u043e\u0439 \u043e\u0434\u0435\u0436\u0434\u044b, \u0442\u0430\u043a \u0438 \u0434\u043b\u044f \u043f\u043b\u0430\u0442\u044c\u0435\u0432, \u043f\u043e\u0434\u0441\u0442\u0440\u0430\u0438\u0432\u0430\u044f\u0441\u044c \u043f\u043e\u0434 \u0432\u0430\u0441.<\/p>\n<hr class=\"\" data-start=\"604\" data-end=\"607\">\n<p class=\"\" data-start=\"609\" data-end=\"695\"><strong data-start=\"609\" data-end=\"625\">\u0418\u0417\u041c\u0415\u0420\u0415\u041d\u0418\u042f:<\/strong><br \/>\n\ud83d\udccf \u0414\u043b\u0438\u043d\u0430 - 62 \u0441\u043c<br \/>\n\ud83d\udcd0 \u0413\u0440\u0443\u0434\u044c - 53 \u0441\u043c<br \/>\n\ud83d\udc5a \u041f\u043e\u0434\u0445\u043e\u0434\u0438\u0442 \u0434\u043b\u044f \u0440\u0430\u0437\u043c\u0435\u0440\u043e\u0432 \u043e\u0442 S \u0434\u043e L<\/p>\n<p class=\"\" data-start=\"697\" data-end=\"886\"><strong data-start=\"697\" data-end=\"710\">FEATURES:<\/strong><br \/>\n\u2714\ufe0f \u041f\u0443\u0445\u043e\u0432\u044b\u0439 \u043d\u0430\u043f\u043e\u043b\u043d\u0438\u0442\u0435\u043b\u044c - \u043b\u0435\u0433\u043a\u0438\u0439, \u043d\u043e \u0442\u0435\u043f\u043b\u044b\u0439<br \/>\n\u2714\ufe0f \u0428\u0438\u0440\u043e\u043a\u0438\u0439 \u044d\u043b\u0430\u0441\u0442\u0438\u0447\u043d\u044b\u0439 \u043f\u043e\u044f\u0441 \u043f\u043e \u043d\u0438\u0437\u0443 \u0434\u043b\u044f \u0441\u0442\u0438\u043b\u044c\u043d\u043e\u0439 \u043e\u0442\u0434\u0435\u043b\u043a\u0438\u201e<br \/>\n\u2714\ufe0f \u0413\u043b\u0443\u0431\u043e\u043a\u0438\u0439 \u043a\u0430\u0440\u043c\u0430\u043d \u0441 \u043c\u0430\u0440\u043a\u0430\u043c\u0438<br \/>\n\u2714\ufe0f \u0412\u044b\u0441\u043e\u043a\u0430\u044f \u0433\u043e\u0440\u043b\u043e\u0432\u0438\u043d\u0430, \u043f\u0440\u043e\u0447\u043d\u0430\u044f \u043c\u043e\u043b\u043d\u0438\u044f<\/p>\n<p class=\"\" data-start=\"888\" data-end=\"982\"><strong data-start=\"888\" data-end=\"900\">\u0426\u0412\u0415\u0422\u0410:<\/strong><br \/>\n\u2615 \u0428\u043e\u043a\u043e\u043b\u0430\u0434 - \u0431\u0430\u0440\u0445\u0430\u0442\u0438\u0441\u0442\u044b\u0439 \u043e\u0441\u0435\u043d\u043d\u0438\u0439 \u0442\u043e\u043d<br \/>\n\ud83d\udda4 \u0427\u0435\u0440\u043d\u044b\u0439 - \u0432\u0441\u0435\u0433\u0434\u0430 \u043c\u043e\u0434\u043d\u043e, \u0432\u0441\u0435\u0433\u0434\u0430 \u0431\u0435\u0437\u043e\u043f\u0430\u0441\u043d\u043e<\/p>\n<p class=\"\" data-start=\"888\" data-end=\"982\">\u0421\u043b\u0438\u0432\u043e\u0447\u043d\u044b\u0439<\/p>\n<p class=\"\" data-start=\"984\" data-end=\"1087\"><strong data-start=\"984\" data-end=\"996\">\u0412\u042b\u0412\u041e\u0414\u042b:<\/strong><br \/>\n\u0412\u043d\u0435\u0448\u043d\u044f\u044f \u0441\u0442\u043e\u0440\u043e\u043d\u0430 - 100 % \u043f\u043e\u043b\u0438\u044d\u0441\u0442\u0435\u0440<br \/>\n\u041d\u0430\u043f\u043e\u043b\u043d\u0438\u0442\u0435\u043b\u044c - \u043f\u0443\u0445 + \u043f\u0435\u0440\u044c\u044f<br \/>\n\u041f\u043e\u0434\u043a\u043b\u0430\u0434\u043a\u0430 - 100 % \u043f\u043e\u043b\u0438\u044d\u0441\u0442\u0435\u0440<\/p>\n<p class=\"\" data-start=\"1096\" data-end=\"1177\">\ud83c\udf2c\ufe0f <strong data-start=\"1100\" data-end=\"1141\">\u041a\u043e\u0433\u0434\u0430 \u0445\u043e\u0447\u0435\u0442\u0441\u044f \u0442\u0435\u043f\u043b\u0430, \u043d\u043e \u043d\u0435 \u0445\u043e\u0447\u0435\u0442\u0441\u044f \u0442\u044f\u0436\u0435\u0441\u0442\u0438.<\/strong><\/p>","protected":false},"excerpt":{"rendered":"<p>\u0421\u0432\u043e\u0431\u043e\u0434\u043d\u044b\u0439 \u0441\u0438\u043b\u0443\u044d\u0442, \u0443\u0440\u0431\u0430\u043d\u0438\u0441\u0442\u0438\u0447\u0435\u0441\u043a\u0430\u044f \u044d\u043d\u0435\u0440\u0433\u0438\u044f \u0438 \u0446\u0432\u0435\u0442\u0430, \u043a\u043e\u0442\u043e\u0440\u044b\u0435 \u0441\u043e\u0447\u0435\u0442\u0430\u044e\u0442\u0441\u044f \u0441\u043e \u0432\u0441\u0435\u043c. \u0421\u043e\u0437\u0434\u0430\u043d \u0434\u043b\u044f \u0434\u043d\u044f, \u043a\u043e\u0442\u043e\u0440\u044b\u0439 \u043d\u0435 \u0441\u0442\u043e\u0438\u0442 \u043d\u0430 \u043c\u0435\u0441\u0442\u0435. \u201e\u0416\u0438\u043b\u0435\u0442 Street Roast - \u044d\u0442\u043e \u0442\u0435\u043f\u043b\u043e \u0431\u0435\u0437 \u0432\u0435\u0441\u0430 \u0438 \u0441\u0442\u0438\u043b\u044c \u0431\u0435\u0437 \u0443\u0441\u0438\u043b\u0438\u0439. \u042d\u043b\u0430\u0441\u0442\u0438\u0447\u043d\u044b\u0439 \u043f\u043e\u044f\u0441 \u0442\u043e\u043d\u043a\u043e \u0444\u043e\u0440\u043c\u0438\u0440\u0443\u0435\u0442 \u0441\u0438\u043b\u0443\u044d\u0442, \u0430 \u043f\u0443\u0445\u043e\u0432\u044b\u0439 \u043d\u0430\u043f\u043e\u043b\u043d\u0438\u0442\u0435\u043b\u044c \u043d\u0435\u0437\u0430\u043c\u0435\u0442\u043d\u043e \u0441\u043e\u0433\u0440\u0435\u0432\u0430\u0435\u0442. \u041f\u043e\u0434\u0445\u043e\u0434\u0438\u0442 \u043a\u0430\u043a \u0434\u043b\u044f \u0441\u043f\u043e\u0440\u0442\u0438\u0432\u043d\u043e\u0439 \u043e\u0434\u0435\u0436\u0434\u044b, \u0442\u0430\u043a \u0438 \u0434\u043b\u044f \u043f\u043b\u0430\u0442\u044c\u0435\u0432, \u043e\u043d \u043f\u043e\u0434\u0441\u0442\u0440\u043e\u0438\u0442\u0441\u044f \u043f\u043e\u0434 \u0432\u0430\u0441. \u0420\u0410\u0417\u041c\u0415\u0420\u042b: \ud83d\udccf \u0414\u043b\u0438\u043d\u0430 - 62 \u0441\u043c \ud83d\udcd0 \u0413\u0440\u0443\u0434\u044c -...<\/p>","protected":false},"featured_media":29170,"comment_status":"open","ping_status":"closed","template":"","meta":{"_uag_custom_page_level_css":"","_monsterinsights_skip_tracking":false,"_monsterinsights_sitenote_active":false,"_monsterinsights_sitenote_note":"","_monsterinsights_sitenote_category":0},"product_brand":[],"product_cat":[66,132,71,95,96],"product_tag":[],"class_list":{"0":"post-13474","1":"product","2":"type-product","3":"status-publish","4":"has-post-thumbnail","6":"product_cat-drabuziai","7":"product_cat-ispardavimas","8":"product_cat-liemenes","9":"product_cat-naujausi","10":"product_cat-populiariausi","11":"tm-has-options","13":"first","14":"instock","15":"shipping-taxable","16":"purchasable","17":"product-type-variable"},"yoast_head":"<!-- This site is optimized with the Yoast SEO plugin v27.3 - https:\/\/yoast.com\/product\/yoast-seo-wordpress\/ -->\n<title>Liemen\u0117 \u201eStreet Roast\u201c - MadosKampas.lt<\/title>\n<meta name=\"robots\" content=\"index, follow, max-snippet:-1, max-image-preview:large, max-video-preview:-1\" \/>\n<link rel=\"canonical\" href=\"https:\/\/madoskampas.lt\/ru\/product-2\/\u0443\u043b\u0438\u0447\u043d\u043e\u0435-\u0436\u0430\u0440\u043a\u043e\u0435-\u0432-\u0436\u0438\u043b\u0435\u0442\u0430\u0445\/\" \/>\n<meta property=\"og:locale\" content=\"ru_RU\" \/>\n<meta property=\"og:type\" content=\"article\" \/>\n<meta property=\"og:title\" content=\"Liemen\u0117 \u201eStreet Roast\u201c - MadosKampas.lt\" \/>\n<meta property=\"og:description\" content=\"Laisvas siluetas, miesto energija ir spalvos, kurios tinka prie visko. Sukurta dienai, kuri ne\u017eada stov\u0117ti vietoje. \u201eStreet Roast\u201c liemen\u0117 \u2013 tai \u0161iluma be svorio ir stilius be pastang\u0173. Apatin\u0117 tampri juosta subtiliai formuoja siluet\u0105, o p\u016bkinis u\u017epildas \u0161ildo nepastebimai. Tinka tiek prie sportinio, tiek prie suknel\u0117s \u2013 ji prisitaikys prie tav\u0119s. I\u0160MATAVIMAI: \ud83d\udccf Ilgis \u2013 62 cm \ud83d\udcd0 Kr\u016btin\u0117 \u2013\u2026\" \/>\n<meta property=\"og:url\" content=\"https:\/\/madoskampas.lt\/ru\/product-2\/\u0443\u043b\u0438\u0447\u043d\u043e\u0435-\u0436\u0430\u0440\u043a\u043e\u0435-\u0432-\u0436\u0438\u043b\u0435\u0442\u0430\u0445\/\" \/>\n<meta property=\"og:site_name\" content=\"MadosKampas.lt\" \/>\n<meta property=\"article:modified_time\" content=\"2026-03-29T11:27:45+00:00\" \/>\n<meta property=\"og:image\" content=\"https:\/\/madoskampas.lt\/wp-content\/uploads\/2025\/04\/img_0609-2-scaled.jpeg\" \/>\n\t<meta property=\"og:image:width\" content=\"1920\" \/>\n\t<meta property=\"og:image:height\" content=\"2560\" \/>\n\t<meta property=\"og:image:type\" content=\"image\/jpeg\" \/>\n<meta name=\"twitter:card\" content=\"summary_large_image\" \/>\n<meta name=\"twitter:label1\" content=\"\u041f\u0440\u0438\u043c\u0435\u0440\u043d\u043e\u0435 \u0432\u0440\u0435\u043c\u044f \u0434\u043b\u044f \u0447\u0442\u0435\u043d\u0438\u044f\" \/>\n\t<meta name=\"twitter:data1\" content=\"1 \u043c\u0438\u043d\u0443\u0442\u0430\" \/>\n<script type=\"application\/ld+json\" class=\"yoast-schema-graph\">{\"@context\":\"https:\\\/\\\/schema.org\",\"@graph\":[{\"@type\":\"WebPage\",\"@id\":\"https:\\\/\\\/madoskampas.lt\\\/produktas\\\/liemene-street-roast\\\/\",\"url\":\"https:\\\/\\\/madoskampas.lt\\\/produktas\\\/liemene-street-roast\\\/\",\"name\":\"Liemen\u0117 \u201eStreet Roast\u201c - MadosKampas.lt\",\"isPartOf\":{\"@id\":\"https:\\\/\\\/madoskampas.lt\\\/#website\"},\"primaryImageOfPage\":{\"@id\":\"https:\\\/\\\/madoskampas.lt\\\/produktas\\\/liemene-street-roast\\\/#primaryimage\"},\"image\":{\"@id\":\"https:\\\/\\\/madoskampas.lt\\\/produktas\\\/liemene-street-roast\\\/#primaryimage\"},\"thumbnailUrl\":\"https:\\\/\\\/madoskampas.lt\\\/wp-content\\\/uploads\\\/2025\\\/04\\\/img_9320-scaled.jpeg\",\"datePublished\":\"2025-04-04T07:29:08+00:00\",\"dateModified\":\"2026-03-29T11:27:45+00:00\",\"breadcrumb\":{\"@id\":\"https:\\\/\\\/madoskampas.lt\\\/produktas\\\/liemene-street-roast\\\/#breadcrumb\"},\"inLanguage\":\"ru-RU\",\"potentialAction\":[{\"@type\":\"ReadAction\",\"target\":[\"https:\\\/\\\/madoskampas.lt\\\/produktas\\\/liemene-street-roast\\\/\"]}]},{\"@type\":\"ImageObject\",\"inLanguage\":\"ru-RU\",\"@id\":\"https:\\\/\\\/madoskampas.lt\\\/produktas\\\/liemene-street-roast\\\/#primaryimage\",\"url\":\"https:\\\/\\\/madoskampas.lt\\\/wp-content\\\/uploads\\\/2025\\\/04\\\/img_9320-scaled.jpeg\",\"contentUrl\":\"https:\\\/\\\/madoskampas.lt\\\/wp-content\\\/uploads\\\/2025\\\/04\\\/img_9320-scaled.jpeg\",\"width\":1920,\"height\":2560},{\"@type\":\"BreadcrumbList\",\"@id\":\"https:\\\/\\\/madoskampas.lt\\\/produktas\\\/liemene-street-roast\\\/#breadcrumb\",\"itemListElement\":[{\"@type\":\"ListItem\",\"position\":1,\"name\":\"Home\",\"item\":\"https:\\\/\\\/madoskampas.lt\\\/\"},{\"@type\":\"ListItem\",\"position\":2,\"name\":\"Parduotuv\u0117\",\"item\":\"https:\\\/\\\/madoskampas.lt\\\/parduotuve-2\\\/\"},{\"@type\":\"ListItem\",\"position\":3,\"name\":\"Liemen\u0117 \u201eStreet Roast\u201c\"}]},{\"@type\":\"WebSite\",\"@id\":\"https:\\\/\\\/madoskampas.lt\\\/#website\",\"url\":\"https:\\\/\\\/madoskampas.lt\\\/\",\"name\":\"MadosKampas.lt\",\"description\":\"Stilingi drabu\u017eiai moterims\",\"potentialAction\":[{\"@type\":\"SearchAction\",\"target\":{\"@type\":\"EntryPoint\",\"urlTemplate\":\"https:\\\/\\\/madoskampas.lt\\\/?s={search_term_string}\"},\"query-input\":{\"@type\":\"PropertyValueSpecification\",\"valueRequired\":true,\"valueName\":\"search_term_string\"}}],\"inLanguage\":\"ru-RU\"}]}<\/script>\n<!-- \/ Yoast SEO plugin. -->","yoast_head_json":{"title":"\u0416\u0438\u043b\u0435\u0442 \u201eStreet Roast\u201c - MadosKampas.lt","robots":{"index":"index","follow":"follow","max-snippet":"max-snippet:-1","max-image-preview":"max-image-preview:large","max-video-preview":"max-video-preview:-1"},"canonical":"https:\/\/madoskampas.lt\/ru\/product-2\/\u0443\u043b\u0438\u0447\u043d\u043e\u0435-\u0436\u0430\u0440\u043a\u043e\u0435-\u0432-\u0436\u0438\u043b\u0435\u0442\u0430\u0445\/","og_locale":"ru_RU","og_type":"article","og_title":"Liemen\u0117 \u201eStreet Roast\u201c - MadosKampas.lt","og_description":"Laisvas siluetas, miesto energija ir spalvos, kurios tinka prie visko. Sukurta dienai, kuri ne\u017eada stov\u0117ti vietoje. \u201eStreet Roast\u201c liemen\u0117 \u2013 tai \u0161iluma be svorio ir stilius be pastang\u0173. Apatin\u0117 tampri juosta subtiliai formuoja siluet\u0105, o p\u016bkinis u\u017epildas \u0161ildo nepastebimai. Tinka tiek prie sportinio, tiek prie suknel\u0117s \u2013 ji prisitaikys prie tav\u0119s. I\u0160MATAVIMAI: \ud83d\udccf Ilgis \u2013 62 cm \ud83d\udcd0 Kr\u016btin\u0117 \u2013\u2026","og_url":"https:\/\/madoskampas.lt\/ru\/product-2\/\u0443\u043b\u0438\u0447\u043d\u043e\u0435-\u0436\u0430\u0440\u043a\u043e\u0435-\u0432-\u0436\u0438\u043b\u0435\u0442\u0430\u0445\/","og_site_name":"MadosKampas.lt","article_modified_time":"2026-03-29T11:27:45+00:00","og_image":[{"width":1920,"height":2560,"url":"https:\/\/madoskampas.lt\/wp-content\/uploads\/2025\/04\/img_0609-2-scaled.jpeg","type":"image\/jpeg"}],"twitter_card":"summary_large_image","twitter_misc":{"\u041f\u0440\u0438\u043c\u0435\u0440\u043d\u043e\u0435 \u0432\u0440\u0435\u043c\u044f \u0434\u043b\u044f \u0447\u0442\u0435\u043d\u0438\u044f":"1 \u043c\u0438\u043d\u0443\u0442\u0430"},"schema":{"@context":"https:\/\/schema.org","@graph":[{"@type":"WebPage","@id":"https:\/\/madoskampas.lt\/produktas\/liemene-street-roast\/","url":"https:\/\/madoskampas.lt\/produktas\/liemene-street-roast\/","name":"\u0416\u0438\u043b\u0435\u0442 \u201eStreet Roast\u201c - MadosKampas.lt","isPartOf":{"@id":"https:\/\/madoskampas.lt\/#website"},"primaryImageOfPage":{"@id":"https:\/\/madoskampas.lt\/produktas\/liemene-street-roast\/#primaryimage"},"image":{"@id":"https:\/\/madoskampas.lt\/produktas\/liemene-street-roast\/#primaryimage"},"thumbnailUrl":"https:\/\/madoskampas.lt\/wp-content\/uploads\/2025\/04\/img_9320-scaled.jpeg","datePublished":"2025-04-04T07:29:08+00:00","dateModified":"2026-03-29T11:27:45+00:00","breadcrumb":{"@id":"https:\/\/madoskampas.lt\/produktas\/liemene-street-roast\/#breadcrumb"},"inLanguage":"ru-RU","potentialAction":[{"@type":"ReadAction","target":["https:\/\/madoskampas.lt\/produktas\/liemene-street-roast\/"]}]},{"@type":"ImageObject","inLanguage":"ru-RU","@id":"https:\/\/madoskampas.lt\/produktas\/liemene-street-roast\/#primaryimage","url":"https:\/\/madoskampas.lt\/wp-content\/uploads\/2025\/04\/img_9320-scaled.jpeg","contentUrl":"https:\/\/madoskampas.lt\/wp-content\/uploads\/2025\/04\/img_9320-scaled.jpeg","width":1920,"height":2560},{"@type":"BreadcrumbList","@id":"https:\/\/madoskampas.lt\/produktas\/liemene-street-roast\/#breadcrumb","itemListElement":[{"@type":"ListItem","position":1,"name":"Home","item":"https:\/\/madoskampas.lt\/"},{"@type":"ListItem","position":2,"name":"Parduotuv\u0117","item":"https:\/\/madoskampas.lt\/parduotuve-2\/"},{"@type":"ListItem","position":3,"name":"Liemen\u0117 \u201eStreet Roast\u201c"}]},{"@type":"WebSite","@id":"https:\/\/madoskampas.lt\/#website","url":"https:\/\/madoskampas.lt\/","name":"FashionKampas.lt","description":"\u0421\u0442\u0438\u043b\u044c\u043d\u0430\u044f \u043e\u0434\u0435\u0436\u0434\u0430 \u0434\u043b\u044f \u0436\u0435\u043d\u0449\u0438\u043d","potentialAction":[{"@type":"SearchAction","target":{"@type":"EntryPoint","urlTemplate":"https:\/\/madoskampas.lt\/?s={search_term_string}"},"query-input":{"@type":"PropertyValueSpecification","valueRequired":true,"valueName":"search_term_string"}}],"inLanguage":"ru-RU"}]}},"uagb_featured_image_src":{"full":["https:\/\/madoskampas.lt\/wp-content\/uploads\/2025\/04\/img_9320-scaled.jpeg",1920,2560,false],"thumbnail":["https:\/\/madoskampas.lt\/wp-content\/uploads\/2025\/04\/img_9320-150x150.jpeg",150,150,true],"medium":["https:\/\/madoskampas.lt\/wp-content\/uploads\/2025\/04\/img_9320-225x300.jpeg",225,300,true],"medium_large":["https:\/\/madoskampas.lt\/wp-content\/uploads\/2025\/04\/img_9320-768x1024.jpeg",768,1024,true],"large":["https:\/\/madoskampas.lt\/wp-content\/uploads\/2025\/04\/img_9320-768x1024.jpeg",768,1024,true],"1536x1536":["https:\/\/madoskampas.lt\/wp-content\/uploads\/2025\/04\/img_9320-1152x1536.jpeg",1152,1536,true],"2048x2048":["https:\/\/madoskampas.lt\/wp-content\/uploads\/2025\/04\/img_9320-1536x2048.jpeg",1536,2048,true],"trp-custom-language-flag":["https:\/\/madoskampas.lt\/wp-content\/uploads\/2025\/04\/img_9320-9x12.jpeg",9,12,true],"nova-image-square":["https:\/\/madoskampas.lt\/wp-content\/uploads\/2025\/04\/img_9320-1100x1100.jpeg",1100,1100,true],"mixtas-product-03":["https:\/\/madoskampas.lt\/wp-content\/uploads\/2025\/04\/img_9320-600x345.jpeg",600,345,true],"woocommerce_thumbnail":["https:\/\/madoskampas.lt\/wp-content\/uploads\/2025\/04\/img_9320-700x700.jpeg",700,700,true],"woocommerce_single":["https:\/\/madoskampas.lt\/wp-content\/uploads\/2025\/04\/img_9320-1000x1333.jpeg",1000,1333,true],"woocommerce_gallery_thumbnail":["https:\/\/madoskampas.lt\/wp-content\/uploads\/2025\/04\/img_9320-250x250.jpeg",250,250,true],"variation_swatches_image_size":["https:\/\/madoskampas.lt\/wp-content\/uploads\/2025\/04\/img_9320-50x50.jpeg",50,50,true],"variation_swatches_tooltip_size":["https:\/\/madoskampas.lt\/wp-content\/uploads\/2025\/04\/img_9320-100x100.jpeg",100,100,true]},"uagb_author_info":{"display_name":"algirdasbart","author_link":"https:\/\/madoskampas.lt\/ru\/author\/"},"uagb_comment_info":1,"uagb_excerpt":"Laisvas siluetas, miesto energija ir spalvos, kurios tinka prie visko. Sukurta dienai, kuri ne\u017eada stov\u0117ti vietoje. \u201eStreet Roast\u201c liemen\u0117 \u2013 tai \u0161iluma be svorio ir stilius be pastang\u0173. Apatin\u0117 tampri juosta subtiliai formuoja siluet\u0105, o p\u016bkinis u\u017epildas \u0161ildo nepastebimai. Tinka tiek prie sportinio, tiek prie suknel\u0117s \u2013 ji prisitaikys prie tav\u0119s. I\u0160MATAVIMAI: \ud83d\udccf Ilgis \u2013&hellip;","jetpack_sharing_enabled":true,"_links":{"self":[{"href":"https:\/\/madoskampas.lt\/ru\/wp-json\/wp\/v2\/product\/13474","targetHints":{"allow":["GET"]}}],"collection":[{"href":"https:\/\/madoskampas.lt\/ru\/wp-json\/wp\/v2\/product"}],"about":[{"href":"https:\/\/madoskampas.lt\/ru\/wp-json\/wp\/v2\/types\/product"}],"replies":[{"embeddable":true,"href":"https:\/\/madoskampas.lt\/ru\/wp-json\/wp\/v2\/comments?post=13474"}],"wp:featuredmedia":[{"embeddable":true,"href":"https:\/\/madoskampas.lt\/ru\/wp-json\/wp\/v2\/media\/29170"}],"wp:attachment":[{"href":"https:\/\/madoskampas.lt\/ru\/wp-json\/wp\/v2\/media?parent=13474"}],"wp:term":[{"taxonomy":"product_brand","embeddable":true,"href":"https:\/\/madoskampas.lt\/ru\/wp-json\/wp\/v2\/product_brand?post=13474"},{"taxonomy":"product_cat","embeddable":true,"href":"https:\/\/madoskampas.lt\/ru\/wp-json\/wp\/v2\/product_cat?post=13474"},{"taxonomy":"product_tag","embeddable":true,"href":"https:\/\/madoskampas.lt\/ru\/wp-json\/wp\/v2\/product_tag?post=13474"}],"curies":[{"name":"wp","href":"https:\/\/api.w.org\/{rel}","templated":true}]}}