{"id":13970,"date":"2025-04-14T17:10:38","date_gmt":"2025-04-14T17:10:38","guid":{"rendered":"https:\/\/madoskampas.lt\/?post_type=product&#038;p=13970"},"modified":"2026-02-25T10:08:18","modified_gmt":"2026-02-25T10:08:18","slug":"suknele-soft-days","status":"publish","type":"product","link":"https:\/\/madoskampas.lt\/ru\/product-2\/suknele-soft-days\/","title":{"rendered":"Suknel\u0117 \u201eSoft Days\u201c"},"content":{"rendered":"<p class=\"\" data-start=\"269\" data-end=\"487\">Subtili, \u0161velniai krintanti ir moteri\u0161kai laisva.<br data-start=\"318\" data-end=\"321\" \/>Tai suknel\u0117,\u00a0 kai norisi paprastumo, bet atrodyti ypatingai. Med\u017eiaga \u0161velniai glunda prie k\u016bno, leid\u017eia odai kv\u0117puoti ir u\u017etikrina komfort\u0105 vis\u0105 dien\u0105.<\/p>","protected":false},"excerpt":{"rendered":"<p class=\"\" data-start=\"269\" data-end=\"487\">Subtili, \u0161velniai krintanti ir moteri\u0161kai laisva.<br data-start=\"318\" data-end=\"321\" \/>Tai suknel\u0117, kai norisi paprastumo, bet atrodyti ypatingai. Med\u017eiaga \u0161velniai glunda prie k\u016bno, leid\u017eia odai kv\u0117puoti ir u\u017etikrina komfort\u0105 vis\u0105 dien\u0105.<\/p>\n<p class=\"\" data-start=\"489\" data-end=\"583\">Plasti\u0161ka, lengva ir prisitaikanti \u2013 puikus pasirinkimas tiek kasdienai, tiek jaukiam vakarui.<\/p>\n<p class=\"\" data-start=\"489\" data-end=\"583\"><span style=\"font-size: inherit\">Smulkios detal\u0117s:<\/span><\/p>\n<p class=\"\" data-start=\"587\" data-end=\"708\">\u2013 Laisvas modelis<br data-start=\"624\" data-end=\"627\" \/>\u2013 Mink\u0161ta, \u0161velni med\u017eiaga<br data-start=\"653\" data-end=\"656\" \/>\u2013 3\/4 rankov\u0117s<br data-start=\"670\" data-end=\"673\" \/>\u2013 Pridedamas dir\u017eelis<br data-start=\"694\" data-end=\"697\" \/>\u2013 Ki\u0161en\u0117s<\/p>\n<hr class=\"\" data-start=\"710\" data-end=\"713\" \/>\n<h2 class=\"\" data-start=\"715\" data-end=\"737\">Kod\u0117l gera sud\u0117tis?<\/h2>\n<p class=\"\" data-start=\"738\" data-end=\"898\">\u2013 Viskoz\u0117 suteikia \u0161velnumo ir lengvumo<br data-start=\"777\" data-end=\"780\" \/>\u2013 Poliesteris leid\u017eia med\u017eiagai i\u0161laikyti form\u0105 ir nesiglam\u017eyti<br data-start=\"843\" data-end=\"846\" \/>\u2013 Elastanas suteikia tamprumo ir patogumo judesiui<\/p>\n<p class=\"\" data-start=\"900\" data-end=\"975\"><em data-start=\"900\" data-end=\"973\">Med\u017eiaga kuri kv\u0117puoja, lengvai krenta ir nereikalauja daug prie\u017ei\u016bros.<\/em><\/p>\n<hr class=\"\" data-start=\"977\" data-end=\"980\" \/>\n<h3 class=\"\" data-start=\"982\" data-end=\"1003\">Spalv\u0173 nuotaikos:<\/h3>\n<p class=\"\" data-start=\"1004\" data-end=\"1120\">\u2192 Ry\u0161kiai ro\u017ein\u0117 \u2013 energijai ir nuotaikai<br data-start=\"1045\" data-end=\"1048\" \/>\u2192 Juoda \u2013 klasika visada tinka<br data-start=\"1078\" data-end=\"1081\" \/>\u2192 Karamelin\u0117 \u2013 \u0161ilumai ir nat\u016bralumui<\/p>\n<p data-start=\"1004\" data-end=\"1120\">Dydis universalus: tinka nuo S iki XL<\/p>","protected":false},"featured_media":13866,"comment_status":"open","ping_status":"closed","template":"","meta":{"_uag_custom_page_level_css":"","_monsterinsights_skip_tracking":false,"_monsterinsights_sitenote_active":false,"_monsterinsights_sitenote_note":"","_monsterinsights_sitenote_category":0},"product_brand":[],"product_cat":[66,132,95,78],"product_tag":[],"class_list":{"0":"post-13970","1":"product","2":"type-product","3":"status-publish","4":"has-post-thumbnail","6":"product_cat-drabuziai","7":"product_cat-ispardavimas","8":"product_cat-naujausi","9":"product_cat-sukneles","10":"tm-has-options","12":"first","13":"instock","14":"sale","15":"shipping-taxable","16":"purchasable","17":"product-type-variable"},"yoast_head":"<!-- This site is optimized with the Yoast SEO plugin v27.3 - https:\/\/yoast.com\/product\/yoast-seo-wordpress\/ -->\n<title>Suknel\u0117 \u201eSoft Days\u201c - MadosKampas.lt<\/title>\n<meta name=\"robots\" content=\"index, follow, max-snippet:-1, max-image-preview:large, max-video-preview:-1\" \/>\n<link rel=\"canonical\" href=\"https:\/\/madoskampas.lt\/ru\/product-2\/suknele-soft-days\/\" \/>\n<meta property=\"og:locale\" content=\"ru_RU\" \/>\n<meta property=\"og:type\" content=\"article\" \/>\n<meta property=\"og:title\" content=\"Suknel\u0117 \u201eSoft Days\u201c - MadosKampas.lt\" \/>\n<meta property=\"og:description\" content=\"Subtili, \u0161velniai krintanti ir moteri\u0161kai laisva.Tai suknel\u0117, kai norisi paprastumo, bet atrodyti ypatingai. Med\u017eiaga \u0161velniai glunda prie k\u016bno, leid\u017eia odai kv\u0117puoti ir u\u017etikrina komfort\u0105 vis\u0105 dien\u0105. Plasti\u0161ka, lengva ir prisitaikanti \u2013 puikus pasirinkimas tiek kasdienai, tiek jaukiam vakarui. Smulkios detal\u0117s: \u2013 Laisvas modelis\u2013 Mink\u0161ta, \u0161velni med\u017eiaga\u2013 3\/4 rankov\u0117s\u2013 Pridedamas dir\u017eelis\u2013 Ki\u0161en\u0117s     Kod\u0117l gera sud\u0117tis? \u2013 Viskoz\u0117 suteikia \u0161velnumo ir lengvumo\u2013 Poliesteris leid\u017eia med\u017eiagai i\u0161laikyti form\u0105 ir nesiglam\u017eyti\u2013 Elastanas suteikia tamprumo ir patogumo judesiui Med\u017eiaga kuri kv\u0117puoja, lengvai krenta ir nereikalauja daug prie\u017ei\u016bros.     Spalv\u0173 nuotaikos: \u2192 Ry\u0161kiai ro\u017ein\u0117 \u2013 energijai ir nuotaikai\u2192 Juoda \u2013 klasika visada tinka\u2192 Karamelin\u0117 \u2013 \u0161ilumai ir nat\u016bralumui Dydis universalus: tinka nuo S iki XL\" \/>\n<meta property=\"og:url\" content=\"https:\/\/madoskampas.lt\/ru\/product-2\/suknele-soft-days\/\" \/>\n<meta property=\"og:site_name\" content=\"MadosKampas.lt\" \/>\n<meta property=\"article:modified_time\" content=\"2026-02-25T10:08:18+00:00\" \/>\n<meta property=\"og:image\" content=\"https:\/\/madoskampas.lt\/wp-content\/uploads\/2025\/04\/IMG_7328.jpeg\" \/>\n\t<meta property=\"og:image:width\" content=\"1536\" \/>\n\t<meta property=\"og:image:height\" content=\"2048\" \/>\n\t<meta property=\"og:image:type\" content=\"image\/jpeg\" \/>\n<meta name=\"twitter:card\" content=\"summary_large_image\" \/>\n<meta name=\"twitter:label1\" content=\"\u041f\u0440\u0438\u043c\u0435\u0440\u043d\u043e\u0435 \u0432\u0440\u0435\u043c\u044f \u0434\u043b\u044f \u0447\u0442\u0435\u043d\u0438\u044f\" \/>\n\t<meta name=\"twitter:data1\" content=\"1 \u043c\u0438\u043d\u0443\u0442\u0430\" \/>\n<script type=\"application\/ld+json\" class=\"yoast-schema-graph\">{\"@context\":\"https:\\\/\\\/schema.org\",\"@graph\":[{\"@type\":\"WebPage\",\"@id\":\"https:\\\/\\\/madoskampas.lt\\\/produktas\\\/suknele-soft-days\\\/\",\"url\":\"https:\\\/\\\/madoskampas.lt\\\/produktas\\\/suknele-soft-days\\\/\",\"name\":\"Suknel\u0117 \u201eSoft Days\u201c - MadosKampas.lt\",\"isPartOf\":{\"@id\":\"https:\\\/\\\/madoskampas.lt\\\/#website\"},\"primaryImageOfPage\":{\"@id\":\"https:\\\/\\\/madoskampas.lt\\\/produktas\\\/suknele-soft-days\\\/#primaryimage\"},\"image\":{\"@id\":\"https:\\\/\\\/madoskampas.lt\\\/produktas\\\/suknele-soft-days\\\/#primaryimage\"},\"thumbnailUrl\":\"https:\\\/\\\/madoskampas.lt\\\/wp-content\\\/uploads\\\/2025\\\/04\\\/IMG_7328.jpeg\",\"datePublished\":\"2025-04-14T17:10:38+00:00\",\"dateModified\":\"2026-02-25T10:08:18+00:00\",\"breadcrumb\":{\"@id\":\"https:\\\/\\\/madoskampas.lt\\\/produktas\\\/suknele-soft-days\\\/#breadcrumb\"},\"inLanguage\":\"ru-RU\",\"potentialAction\":[{\"@type\":\"ReadAction\",\"target\":[\"https:\\\/\\\/madoskampas.lt\\\/produktas\\\/suknele-soft-days\\\/\"]}]},{\"@type\":\"ImageObject\",\"inLanguage\":\"ru-RU\",\"@id\":\"https:\\\/\\\/madoskampas.lt\\\/produktas\\\/suknele-soft-days\\\/#primaryimage\",\"url\":\"https:\\\/\\\/madoskampas.lt\\\/wp-content\\\/uploads\\\/2025\\\/04\\\/IMG_7328.jpeg\",\"contentUrl\":\"https:\\\/\\\/madoskampas.lt\\\/wp-content\\\/uploads\\\/2025\\\/04\\\/IMG_7328.jpeg\",\"width\":1536,\"height\":2048},{\"@type\":\"BreadcrumbList\",\"@id\":\"https:\\\/\\\/madoskampas.lt\\\/produktas\\\/suknele-soft-days\\\/#breadcrumb\",\"itemListElement\":[{\"@type\":\"ListItem\",\"position\":1,\"name\":\"Home\",\"item\":\"https:\\\/\\\/madoskampas.lt\\\/\"},{\"@type\":\"ListItem\",\"position\":2,\"name\":\"Parduotuv\u0117\",\"item\":\"https:\\\/\\\/madoskampas.lt\\\/parduotuve-2\\\/\"},{\"@type\":\"ListItem\",\"position\":3,\"name\":\"Suknel\u0117 \u201eSoft Days\u201c\"}]},{\"@type\":\"WebSite\",\"@id\":\"https:\\\/\\\/madoskampas.lt\\\/#website\",\"url\":\"https:\\\/\\\/madoskampas.lt\\\/\",\"name\":\"MadosKampas.lt\",\"description\":\"Stilingi drabu\u017eiai moterims\",\"potentialAction\":[{\"@type\":\"SearchAction\",\"target\":{\"@type\":\"EntryPoint\",\"urlTemplate\":\"https:\\\/\\\/madoskampas.lt\\\/?s={search_term_string}\"},\"query-input\":{\"@type\":\"PropertyValueSpecification\",\"valueRequired\":true,\"valueName\":\"search_term_string\"}}],\"inLanguage\":\"ru-RU\"}]}<\/script>\n<!-- \/ Yoast SEO plugin. -->","yoast_head_json":{"title":"Suknel\u0117 \u201eSoft Days\u201c - MadosKampas.lt","robots":{"index":"index","follow":"follow","max-snippet":"max-snippet:-1","max-image-preview":"max-image-preview:large","max-video-preview":"max-video-preview:-1"},"canonical":"https:\/\/madoskampas.lt\/ru\/product-2\/suknele-soft-days\/","og_locale":"ru_RU","og_type":"article","og_title":"Suknel\u0117 \u201eSoft Days\u201c - MadosKampas.lt","og_description":"Subtili, \u0161velniai krintanti ir moteri\u0161kai laisva.Tai suknel\u0117, kai norisi paprastumo, bet atrodyti ypatingai. Med\u017eiaga \u0161velniai glunda prie k\u016bno, leid\u017eia odai kv\u0117puoti ir u\u017etikrina komfort\u0105 vis\u0105 dien\u0105. Plasti\u0161ka, lengva ir prisitaikanti \u2013 puikus pasirinkimas tiek kasdienai, tiek jaukiam vakarui. Smulkios detal\u0117s: \u2013 Laisvas modelis\u2013 Mink\u0161ta, \u0161velni med\u017eiaga\u2013 3\/4 rankov\u0117s\u2013 Pridedamas dir\u017eelis\u2013 Ki\u0161en\u0117s     Kod\u0117l gera sud\u0117tis? \u2013 Viskoz\u0117 suteikia \u0161velnumo ir lengvumo\u2013 Poliesteris leid\u017eia med\u017eiagai i\u0161laikyti form\u0105 ir nesiglam\u017eyti\u2013 Elastanas suteikia tamprumo ir patogumo judesiui Med\u017eiaga kuri kv\u0117puoja, lengvai krenta ir nereikalauja daug prie\u017ei\u016bros.     Spalv\u0173 nuotaikos: \u2192 Ry\u0161kiai ro\u017ein\u0117 \u2013 energijai ir nuotaikai\u2192 Juoda \u2013 klasika visada tinka\u2192 Karamelin\u0117 \u2013 \u0161ilumai ir nat\u016bralumui Dydis universalus: tinka nuo S iki XL","og_url":"https:\/\/madoskampas.lt\/ru\/product-2\/suknele-soft-days\/","og_site_name":"MadosKampas.lt","article_modified_time":"2026-02-25T10:08:18+00:00","og_image":[{"width":1536,"height":2048,"url":"https:\/\/madoskampas.lt\/wp-content\/uploads\/2025\/04\/IMG_7328.jpeg","type":"image\/jpeg"}],"twitter_card":"summary_large_image","twitter_misc":{"\u041f\u0440\u0438\u043c\u0435\u0440\u043d\u043e\u0435 \u0432\u0440\u0435\u043c\u044f \u0434\u043b\u044f \u0447\u0442\u0435\u043d\u0438\u044f":"1 \u043c\u0438\u043d\u0443\u0442\u0430"},"schema":{"@context":"https:\/\/schema.org","@graph":[{"@type":"WebPage","@id":"https:\/\/madoskampas.lt\/produktas\/suknele-soft-days\/","url":"https:\/\/madoskampas.lt\/produktas\/suknele-soft-days\/","name":"Suknel\u0117 \u201eSoft Days\u201c - MadosKampas.lt","isPartOf":{"@id":"https:\/\/madoskampas.lt\/#website"},"primaryImageOfPage":{"@id":"https:\/\/madoskampas.lt\/produktas\/suknele-soft-days\/#primaryimage"},"image":{"@id":"https:\/\/madoskampas.lt\/produktas\/suknele-soft-days\/#primaryimage"},"thumbnailUrl":"https:\/\/madoskampas.lt\/wp-content\/uploads\/2025\/04\/IMG_7328.jpeg","datePublished":"2025-04-14T17:10:38+00:00","dateModified":"2026-02-25T10:08:18+00:00","breadcrumb":{"@id":"https:\/\/madoskampas.lt\/produktas\/suknele-soft-days\/#breadcrumb"},"inLanguage":"ru-RU","potentialAction":[{"@type":"ReadAction","target":["https:\/\/madoskampas.lt\/produktas\/suknele-soft-days\/"]}]},{"@type":"ImageObject","inLanguage":"ru-RU","@id":"https:\/\/madoskampas.lt\/produktas\/suknele-soft-days\/#primaryimage","url":"https:\/\/madoskampas.lt\/wp-content\/uploads\/2025\/04\/IMG_7328.jpeg","contentUrl":"https:\/\/madoskampas.lt\/wp-content\/uploads\/2025\/04\/IMG_7328.jpeg","width":1536,"height":2048},{"@type":"BreadcrumbList","@id":"https:\/\/madoskampas.lt\/produktas\/suknele-soft-days\/#breadcrumb","itemListElement":[{"@type":"ListItem","position":1,"name":"Home","item":"https:\/\/madoskampas.lt\/"},{"@type":"ListItem","position":2,"name":"Parduotuv\u0117","item":"https:\/\/madoskampas.lt\/parduotuve-2\/"},{"@type":"ListItem","position":3,"name":"Suknel\u0117 \u201eSoft Days\u201c"}]},{"@type":"WebSite","@id":"https:\/\/madoskampas.lt\/#website","url":"https:\/\/madoskampas.lt\/","name":"FashionKampas.lt","description":"\u0421\u0442\u0438\u043b\u044c\u043d\u0430\u044f \u043e\u0434\u0435\u0436\u0434\u0430 \u0434\u043b\u044f \u0436\u0435\u043d\u0449\u0438\u043d","potentialAction":[{"@type":"SearchAction","target":{"@type":"EntryPoint","urlTemplate":"https:\/\/madoskampas.lt\/?s={search_term_string}"},"query-input":{"@type":"PropertyValueSpecification","valueRequired":true,"valueName":"search_term_string"}}],"inLanguage":"ru-RU"}]}},"uagb_featured_image_src":{"full":["https:\/\/madoskampas.lt\/wp-content\/uploads\/2025\/04\/IMG_7328.jpeg",1536,2048,false],"thumbnail":["https:\/\/madoskampas.lt\/wp-content\/uploads\/2025\/04\/IMG_7328-150x150.jpeg",150,150,true],"medium":["https:\/\/madoskampas.lt\/wp-content\/uploads\/2025\/04\/IMG_7328-225x300.jpeg",225,300,true],"medium_large":["https:\/\/madoskampas.lt\/wp-content\/uploads\/2025\/04\/IMG_7328-768x1024.jpeg",768,1024,true],"large":["https:\/\/madoskampas.lt\/wp-content\/uploads\/2025\/04\/IMG_7328-768x1024.jpeg",768,1024,true],"1536x1536":["https:\/\/madoskampas.lt\/wp-content\/uploads\/2025\/04\/IMG_7328-1152x1536.jpeg",1152,1536,true],"2048x2048":["https:\/\/madoskampas.lt\/wp-content\/uploads\/2025\/04\/IMG_7328.jpeg",1536,2048,false],"trp-custom-language-flag":["https:\/\/madoskampas.lt\/wp-content\/uploads\/2025\/04\/IMG_7328.jpeg",9,12,false],"nova-image-square":["https:\/\/madoskampas.lt\/wp-content\/uploads\/2025\/04\/IMG_7328-1100x1100.jpeg",1100,1100,true],"mixtas-product-03":["https:\/\/madoskampas.lt\/wp-content\/uploads\/2025\/04\/IMG_7328-600x345.jpeg",600,345,true],"woocommerce_thumbnail":["https:\/\/madoskampas.lt\/wp-content\/uploads\/2025\/04\/IMG_7328-700x700.jpeg",700,700,true],"woocommerce_single":["https:\/\/madoskampas.lt\/wp-content\/uploads\/2025\/04\/IMG_7328-1000x1333.jpeg",1000,1333,true],"woocommerce_gallery_thumbnail":["https:\/\/madoskampas.lt\/wp-content\/uploads\/2025\/04\/IMG_7328-250x250.jpeg",250,250,true],"variation_swatches_image_size":["https:\/\/madoskampas.lt\/wp-content\/uploads\/2025\/04\/IMG_7328-50x50.jpeg",50,50,true],"variation_swatches_tooltip_size":["https:\/\/madoskampas.lt\/wp-content\/uploads\/2025\/04\/IMG_7328-100x100.jpeg",100,100,true]},"uagb_author_info":{"display_name":"algirdasbart","author_link":"https:\/\/madoskampas.lt\/ru\/author\/"},"uagb_comment_info":0,"uagb_excerpt":"Subtili, \u0161velniai krintanti ir moteri\u0161kai laisva.Tai suknel\u0117, kai norisi paprastumo, bet atrodyti ypatingai. Med\u017eiaga \u0161velniai glunda prie k\u016bno, leid\u017eia odai kv\u0117puoti ir u\u017etikrina komfort\u0105 vis\u0105 dien\u0105. Plasti\u0161ka, lengva ir prisitaikanti \u2013 puikus pasirinkimas tiek kasdienai, tiek jaukiam vakarui. Smulkios detal\u0117s: \u2013 Laisvas modelis\u2013 Mink\u0161ta, \u0161velni med\u017eiaga\u2013 3\/4 rankov\u0117s\u2013 Pridedamas dir\u017eelis\u2013 Ki\u0161en\u0117s Kod\u0117l gera sud\u0117tis? \u2013&hellip;","jetpack_sharing_enabled":true,"_links":{"self":[{"href":"https:\/\/madoskampas.lt\/ru\/wp-json\/wp\/v2\/product\/13970","targetHints":{"allow":["GET"]}}],"collection":[{"href":"https:\/\/madoskampas.lt\/ru\/wp-json\/wp\/v2\/product"}],"about":[{"href":"https:\/\/madoskampas.lt\/ru\/wp-json\/wp\/v2\/types\/product"}],"replies":[{"embeddable":true,"href":"https:\/\/madoskampas.lt\/ru\/wp-json\/wp\/v2\/comments?post=13970"}],"wp:featuredmedia":[{"embeddable":true,"href":"https:\/\/madoskampas.lt\/ru\/wp-json\/wp\/v2\/media\/13866"}],"wp:attachment":[{"href":"https:\/\/madoskampas.lt\/ru\/wp-json\/wp\/v2\/media?parent=13970"}],"wp:term":[{"taxonomy":"product_brand","embeddable":true,"href":"https:\/\/madoskampas.lt\/ru\/wp-json\/wp\/v2\/product_brand?post=13970"},{"taxonomy":"product_cat","embeddable":true,"href":"https:\/\/madoskampas.lt\/ru\/wp-json\/wp\/v2\/product_cat?post=13970"},{"taxonomy":"product_tag","embeddable":true,"href":"https:\/\/madoskampas.lt\/ru\/wp-json\/wp\/v2\/product_tag?post=13970"}],"curies":[{"name":"wp","href":"https:\/\/api.w.org\/{rel}","templated":true}]}}