{"id":14267,"date":"2025-04-16T05:56:05","date_gmt":"2025-04-16T05:56:05","guid":{"rendered":"https:\/\/madoskampas.lt\/?post_type=product&#038;p=14267"},"modified":"2026-04-02T05:05:14","modified_gmt":"2026-04-02T05:05:14","slug":"sviesiai-melyni-dzinsai-su-atvartu","status":"publish","type":"product","link":"https:\/\/madoskampas.lt\/ru\/product-2\/sviesiai-melyni-dzinsai-su-atvartu\/","title":{"rendered":"\u0421\u0432\u0435\u0442\u043b\u043e-\u0433\u043e\u043b\u0443\u0431\u044b\u0435 \u0434\u0436\u0438\u043d\u0441\u044b \u0441 \u043f\u043e\u0434\u0432\u043e\u0440\u043e\u0442\u043e\u043c"},"content":{"rendered":"<p>Kai klasika susitinka su i\u0161skirtine detale.<\/p>","protected":false},"excerpt":{"rendered":"<p class=\"\" data-start=\"258\" data-end=\"552\">Kai klasika susitinka su i\u0161skirtine detale.<br data-start=\"301\" data-end=\"304\" \/>\u0160ie \u0161vies\u016bs d\u017einsai \u2013 laisvesnio silueto. Apa\u010dioje \u2013 subtilus i\u0161skirtinumas: stilingai atverstas kantas su dekoratyvine si\u016ble. Lengvai derinami tiek su mar\u0161kin\u0117liais, tiek su \u0161varkeliu ar lengvu megztiniu.<\/p>\n<p class=\"\" data-start=\"554\" data-end=\"778\">\u2714\ufe0f \u0160viesi d\u017einso spalva \u2013 puikiai tinka pavasariui<br data-start=\"604\" data-end=\"607\" \/>\u2714\ufe0f Laisvas siluetas \u2013 maksimalus komfortas<br data-start=\"649\" data-end=\"652\" \/>\u2714\ufe0f Apa\u010dios atvarto dizainas su si\u016ble \u2013 \u017evilgsn\u012f traukianti detal\u0117<br data-start=\"717\" data-end=\"720\" \/>\u2714\ufe0f Der\u0117s tiek prie laisvalaikio, tiek prie miesto stiliaus<\/p>","protected":false},"featured_media":14175,"comment_status":"open","ping_status":"closed","template":"","meta":{"_uag_custom_page_level_css":"","_monsterinsights_skip_tracking":false,"_monsterinsights_sitenote_active":false,"_monsterinsights_sitenote_note":"","_monsterinsights_sitenote_category":0},"product_brand":[],"product_cat":[66,67,95],"product_tag":[],"class_list":{"0":"post-14267","1":"product","2":"type-product","3":"status-publish","4":"has-post-thumbnail","6":"product_cat-drabuziai","7":"product_cat-dzinsai","8":"product_cat-naujausi","9":"tm-has-options","11":"first","12":"instock","13":"sale","14":"shipping-taxable","15":"purchasable","16":"product-type-variable"},"yoast_head":"<!-- This site is optimized with the Yoast SEO plugin v27.3 - https:\/\/yoast.com\/product\/yoast-seo-wordpress\/ -->\n<title>\u0160viesiai m\u0117lyni d\u017einsai su atvartu - MadosKampas.lt<\/title>\n<meta name=\"robots\" content=\"index, follow, max-snippet:-1, max-image-preview:large, max-video-preview:-1\" \/>\n<link rel=\"canonical\" href=\"https:\/\/madoskampas.lt\/ru\/product-2\/sviesiai-melyni-dzinsai-su-atvartu\/\" \/>\n<meta property=\"og:locale\" content=\"ru_RU\" \/>\n<meta property=\"og:type\" content=\"article\" \/>\n<meta property=\"og:title\" content=\"\u0160viesiai m\u0117lyni d\u017einsai su atvartu - MadosKampas.lt\" \/>\n<meta property=\"og:description\" content=\"Kai klasika susitinka su i\u0161skirtine detale.\u0160ie \u0161vies\u016bs d\u017einsai \u2013 laisvesnio silueto. Apa\u010dioje \u2013 subtilus i\u0161skirtinumas: stilingai atverstas kantas su dekoratyvine si\u016ble. Lengvai derinami tiek su mar\u0161kin\u0117liais, tiek su \u0161varkeliu ar lengvu megztiniu. \u2714\ufe0f \u0160viesi d\u017einso spalva \u2013 puikiai tinka pavasariui\u2714\ufe0f Laisvas siluetas \u2013 maksimalus komfortas\u2714\ufe0f Apa\u010dios atvarto dizainas su si\u016ble \u2013 \u017evilgsn\u012f traukianti detal\u0117\u2714\ufe0f Der\u0117s tiek prie laisvalaikio, tiek prie miesto stiliaus\" \/>\n<meta property=\"og:url\" content=\"https:\/\/madoskampas.lt\/ru\/product-2\/sviesiai-melyni-dzinsai-su-atvartu\/\" \/>\n<meta property=\"og:site_name\" content=\"MadosKampas.lt\" \/>\n<meta property=\"article:modified_time\" content=\"2026-04-02T05:05:14+00:00\" \/>\n<meta property=\"og:image\" content=\"https:\/\/madoskampas.lt\/wp-content\/uploads\/2025\/04\/IMG_8204.jpeg\" \/>\n\t<meta property=\"og:image:width\" content=\"1536\" \/>\n\t<meta property=\"og:image:height\" content=\"2048\" \/>\n\t<meta property=\"og:image:type\" content=\"image\/jpeg\" \/>\n<meta name=\"twitter:card\" content=\"summary_large_image\" \/>\n<meta name=\"twitter:label1\" content=\"\u041f\u0440\u0438\u043c\u0435\u0440\u043d\u043e\u0435 \u0432\u0440\u0435\u043c\u044f \u0434\u043b\u044f \u0447\u0442\u0435\u043d\u0438\u044f\" \/>\n\t<meta name=\"twitter:data1\" content=\"1 \u043c\u0438\u043d\u0443\u0442\u0430\" \/>\n<script type=\"application\/ld+json\" class=\"yoast-schema-graph\">{\"@context\":\"https:\\\/\\\/schema.org\",\"@graph\":[{\"@type\":\"WebPage\",\"@id\":\"https:\\\/\\\/madoskampas.lt\\\/produktas\\\/sviesiai-melyni-dzinsai-su-atvartu\\\/\",\"url\":\"https:\\\/\\\/madoskampas.lt\\\/produktas\\\/sviesiai-melyni-dzinsai-su-atvartu\\\/\",\"name\":\"\u0160viesiai m\u0117lyni d\u017einsai su atvartu - MadosKampas.lt\",\"isPartOf\":{\"@id\":\"https:\\\/\\\/madoskampas.lt\\\/#website\"},\"primaryImageOfPage\":{\"@id\":\"https:\\\/\\\/madoskampas.lt\\\/produktas\\\/sviesiai-melyni-dzinsai-su-atvartu\\\/#primaryimage\"},\"image\":{\"@id\":\"https:\\\/\\\/madoskampas.lt\\\/produktas\\\/sviesiai-melyni-dzinsai-su-atvartu\\\/#primaryimage\"},\"thumbnailUrl\":\"https:\\\/\\\/madoskampas.lt\\\/wp-content\\\/uploads\\\/2025\\\/04\\\/IMG_8204.jpeg\",\"datePublished\":\"2025-04-16T05:56:05+00:00\",\"dateModified\":\"2026-04-02T05:05:14+00:00\",\"breadcrumb\":{\"@id\":\"https:\\\/\\\/madoskampas.lt\\\/produktas\\\/sviesiai-melyni-dzinsai-su-atvartu\\\/#breadcrumb\"},\"inLanguage\":\"ru-RU\",\"potentialAction\":[{\"@type\":\"ReadAction\",\"target\":[\"https:\\\/\\\/madoskampas.lt\\\/produktas\\\/sviesiai-melyni-dzinsai-su-atvartu\\\/\"]}]},{\"@type\":\"ImageObject\",\"inLanguage\":\"ru-RU\",\"@id\":\"https:\\\/\\\/madoskampas.lt\\\/produktas\\\/sviesiai-melyni-dzinsai-su-atvartu\\\/#primaryimage\",\"url\":\"https:\\\/\\\/madoskampas.lt\\\/wp-content\\\/uploads\\\/2025\\\/04\\\/IMG_8204.jpeg\",\"contentUrl\":\"https:\\\/\\\/madoskampas.lt\\\/wp-content\\\/uploads\\\/2025\\\/04\\\/IMG_8204.jpeg\",\"width\":1536,\"height\":2048},{\"@type\":\"BreadcrumbList\",\"@id\":\"https:\\\/\\\/madoskampas.lt\\\/produktas\\\/sviesiai-melyni-dzinsai-su-atvartu\\\/#breadcrumb\",\"itemListElement\":[{\"@type\":\"ListItem\",\"position\":1,\"name\":\"Home\",\"item\":\"https:\\\/\\\/madoskampas.lt\\\/\"},{\"@type\":\"ListItem\",\"position\":2,\"name\":\"Parduotuv\u0117\",\"item\":\"https:\\\/\\\/madoskampas.lt\\\/parduotuve-2\\\/\"},{\"@type\":\"ListItem\",\"position\":3,\"name\":\"\u0160viesiai m\u0117lyni d\u017einsai su atvartu\"}]},{\"@type\":\"WebSite\",\"@id\":\"https:\\\/\\\/madoskampas.lt\\\/#website\",\"url\":\"https:\\\/\\\/madoskampas.lt\\\/\",\"name\":\"MadosKampas.lt\",\"description\":\"Stilingi drabu\u017eiai moterims\",\"potentialAction\":[{\"@type\":\"SearchAction\",\"target\":{\"@type\":\"EntryPoint\",\"urlTemplate\":\"https:\\\/\\\/madoskampas.lt\\\/?s={search_term_string}\"},\"query-input\":{\"@type\":\"PropertyValueSpecification\",\"valueRequired\":true,\"valueName\":\"search_term_string\"}}],\"inLanguage\":\"ru-RU\"}]}<\/script>\n<!-- \/ Yoast SEO plugin. -->","yoast_head_json":{"title":"\u0160viesiai m\u0117lyni d\u017einsai su atvartu - MadosKampas.lt","robots":{"index":"index","follow":"follow","max-snippet":"max-snippet:-1","max-image-preview":"max-image-preview:large","max-video-preview":"max-video-preview:-1"},"canonical":"https:\/\/madoskampas.lt\/ru\/product-2\/sviesiai-melyni-dzinsai-su-atvartu\/","og_locale":"ru_RU","og_type":"article","og_title":"\u0160viesiai m\u0117lyni d\u017einsai su atvartu - MadosKampas.lt","og_description":"Kai klasika susitinka su i\u0161skirtine detale.\u0160ie \u0161vies\u016bs d\u017einsai \u2013 laisvesnio silueto. Apa\u010dioje \u2013 subtilus i\u0161skirtinumas: stilingai atverstas kantas su dekoratyvine si\u016ble. Lengvai derinami tiek su mar\u0161kin\u0117liais, tiek su \u0161varkeliu ar lengvu megztiniu. \u2714\ufe0f \u0160viesi d\u017einso spalva \u2013 puikiai tinka pavasariui\u2714\ufe0f Laisvas siluetas \u2013 maksimalus komfortas\u2714\ufe0f Apa\u010dios atvarto dizainas su si\u016ble \u2013 \u017evilgsn\u012f traukianti detal\u0117\u2714\ufe0f Der\u0117s tiek prie laisvalaikio, tiek prie miesto stiliaus","og_url":"https:\/\/madoskampas.lt\/ru\/product-2\/sviesiai-melyni-dzinsai-su-atvartu\/","og_site_name":"MadosKampas.lt","article_modified_time":"2026-04-02T05:05:14+00:00","og_image":[{"width":1536,"height":2048,"url":"https:\/\/madoskampas.lt\/wp-content\/uploads\/2025\/04\/IMG_8204.jpeg","type":"image\/jpeg"}],"twitter_card":"summary_large_image","twitter_misc":{"\u041f\u0440\u0438\u043c\u0435\u0440\u043d\u043e\u0435 \u0432\u0440\u0435\u043c\u044f \u0434\u043b\u044f \u0447\u0442\u0435\u043d\u0438\u044f":"1 \u043c\u0438\u043d\u0443\u0442\u0430"},"schema":{"@context":"https:\/\/schema.org","@graph":[{"@type":"WebPage","@id":"https:\/\/madoskampas.lt\/produktas\/sviesiai-melyni-dzinsai-su-atvartu\/","url":"https:\/\/madoskampas.lt\/produktas\/sviesiai-melyni-dzinsai-su-atvartu\/","name":"\u0160viesiai m\u0117lyni d\u017einsai su atvartu - MadosKampas.lt","isPartOf":{"@id":"https:\/\/madoskampas.lt\/#website"},"primaryImageOfPage":{"@id":"https:\/\/madoskampas.lt\/produktas\/sviesiai-melyni-dzinsai-su-atvartu\/#primaryimage"},"image":{"@id":"https:\/\/madoskampas.lt\/produktas\/sviesiai-melyni-dzinsai-su-atvartu\/#primaryimage"},"thumbnailUrl":"https:\/\/madoskampas.lt\/wp-content\/uploads\/2025\/04\/IMG_8204.jpeg","datePublished":"2025-04-16T05:56:05+00:00","dateModified":"2026-04-02T05:05:14+00:00","breadcrumb":{"@id":"https:\/\/madoskampas.lt\/produktas\/sviesiai-melyni-dzinsai-su-atvartu\/#breadcrumb"},"inLanguage":"ru-RU","potentialAction":[{"@type":"ReadAction","target":["https:\/\/madoskampas.lt\/produktas\/sviesiai-melyni-dzinsai-su-atvartu\/"]}]},{"@type":"ImageObject","inLanguage":"ru-RU","@id":"https:\/\/madoskampas.lt\/produktas\/sviesiai-melyni-dzinsai-su-atvartu\/#primaryimage","url":"https:\/\/madoskampas.lt\/wp-content\/uploads\/2025\/04\/IMG_8204.jpeg","contentUrl":"https:\/\/madoskampas.lt\/wp-content\/uploads\/2025\/04\/IMG_8204.jpeg","width":1536,"height":2048},{"@type":"BreadcrumbList","@id":"https:\/\/madoskampas.lt\/produktas\/sviesiai-melyni-dzinsai-su-atvartu\/#breadcrumb","itemListElement":[{"@type":"ListItem","position":1,"name":"Home","item":"https:\/\/madoskampas.lt\/"},{"@type":"ListItem","position":2,"name":"Parduotuv\u0117","item":"https:\/\/madoskampas.lt\/parduotuve-2\/"},{"@type":"ListItem","position":3,"name":"\u0160viesiai m\u0117lyni d\u017einsai su atvartu"}]},{"@type":"WebSite","@id":"https:\/\/madoskampas.lt\/#website","url":"https:\/\/madoskampas.lt\/","name":"FashionKampas.lt","description":"\u0421\u0442\u0438\u043b\u044c\u043d\u0430\u044f \u043e\u0434\u0435\u0436\u0434\u0430 \u0434\u043b\u044f \u0436\u0435\u043d\u0449\u0438\u043d","potentialAction":[{"@type":"SearchAction","target":{"@type":"EntryPoint","urlTemplate":"https:\/\/madoskampas.lt\/?s={search_term_string}"},"query-input":{"@type":"PropertyValueSpecification","valueRequired":true,"valueName":"search_term_string"}}],"inLanguage":"ru-RU"}]}},"uagb_featured_image_src":{"full":["https:\/\/madoskampas.lt\/wp-content\/uploads\/2025\/04\/IMG_8204.jpeg",1536,2048,false],"thumbnail":["https:\/\/madoskampas.lt\/wp-content\/uploads\/2025\/04\/IMG_8204-150x150.jpeg",150,150,true],"medium":["https:\/\/madoskampas.lt\/wp-content\/uploads\/2025\/04\/IMG_8204-225x300.jpeg",225,300,true],"medium_large":["https:\/\/madoskampas.lt\/wp-content\/uploads\/2025\/04\/IMG_8204-768x1024.jpeg",768,1024,true],"large":["https:\/\/madoskampas.lt\/wp-content\/uploads\/2025\/04\/IMG_8204-768x1024.jpeg",768,1024,true],"1536x1536":["https:\/\/madoskampas.lt\/wp-content\/uploads\/2025\/04\/IMG_8204-1152x1536.jpeg",1152,1536,true],"2048x2048":["https:\/\/madoskampas.lt\/wp-content\/uploads\/2025\/04\/IMG_8204.jpeg",1536,2048,false],"trp-custom-language-flag":["https:\/\/madoskampas.lt\/wp-content\/uploads\/2025\/04\/IMG_8204.jpeg",9,12,false],"nova-image-square":["https:\/\/madoskampas.lt\/wp-content\/uploads\/2025\/04\/IMG_8204-1100x1100.jpeg",1100,1100,true],"mixtas-product-03":["https:\/\/madoskampas.lt\/wp-content\/uploads\/2025\/04\/IMG_8204-600x345.jpeg",600,345,true],"woocommerce_thumbnail":["https:\/\/madoskampas.lt\/wp-content\/uploads\/2025\/04\/IMG_8204-700x700.jpeg",700,700,true],"woocommerce_single":["https:\/\/madoskampas.lt\/wp-content\/uploads\/2025\/04\/IMG_8204-1000x1333.jpeg",1000,1333,true],"woocommerce_gallery_thumbnail":["https:\/\/madoskampas.lt\/wp-content\/uploads\/2025\/04\/IMG_8204-250x250.jpeg",250,250,true],"variation_swatches_image_size":["https:\/\/madoskampas.lt\/wp-content\/uploads\/2025\/04\/IMG_8204-50x50.jpeg",50,50,true],"variation_swatches_tooltip_size":["https:\/\/madoskampas.lt\/wp-content\/uploads\/2025\/04\/IMG_8204-100x100.jpeg",100,100,true]},"uagb_author_info":{"display_name":"algirdasbart","author_link":"https:\/\/madoskampas.lt\/ru\/author\/"},"uagb_comment_info":0,"uagb_excerpt":"Kai klasika susitinka su i\u0161skirtine detale.\u0160ie \u0161vies\u016bs d\u017einsai \u2013 laisvesnio silueto. Apa\u010dioje \u2013 subtilus i\u0161skirtinumas: stilingai atverstas kantas su dekoratyvine si\u016ble. Lengvai derinami tiek su mar\u0161kin\u0117liais, tiek su \u0161varkeliu ar lengvu megztiniu. \u2714\ufe0f \u0160viesi d\u017einso spalva \u2013 puikiai tinka pavasariui\u2714\ufe0f Laisvas siluetas \u2013 maksimalus komfortas\u2714\ufe0f Apa\u010dios atvarto dizainas su si\u016ble \u2013 \u017evilgsn\u012f traukianti detal\u0117\u2714\ufe0f Der\u0117s&hellip;","jetpack_sharing_enabled":true,"_links":{"self":[{"href":"https:\/\/madoskampas.lt\/ru\/wp-json\/wp\/v2\/product\/14267","targetHints":{"allow":["GET"]}}],"collection":[{"href":"https:\/\/madoskampas.lt\/ru\/wp-json\/wp\/v2\/product"}],"about":[{"href":"https:\/\/madoskampas.lt\/ru\/wp-json\/wp\/v2\/types\/product"}],"replies":[{"embeddable":true,"href":"https:\/\/madoskampas.lt\/ru\/wp-json\/wp\/v2\/comments?post=14267"}],"wp:featuredmedia":[{"embeddable":true,"href":"https:\/\/madoskampas.lt\/ru\/wp-json\/wp\/v2\/media\/14175"}],"wp:attachment":[{"href":"https:\/\/madoskampas.lt\/ru\/wp-json\/wp\/v2\/media?parent=14267"}],"wp:term":[{"taxonomy":"product_brand","embeddable":true,"href":"https:\/\/madoskampas.lt\/ru\/wp-json\/wp\/v2\/product_brand?post=14267"},{"taxonomy":"product_cat","embeddable":true,"href":"https:\/\/madoskampas.lt\/ru\/wp-json\/wp\/v2\/product_cat?post=14267"},{"taxonomy":"product_tag","embeddable":true,"href":"https:\/\/madoskampas.lt\/ru\/wp-json\/wp\/v2\/product_tag?post=14267"}],"curies":[{"name":"wp","href":"https:\/\/api.w.org\/{rel}","templated":true}]}}