{"id":14339,"date":"2025-04-16T08:20:14","date_gmt":"2025-04-16T08:20:14","guid":{"rendered":"https:\/\/madoskampas.lt\/?post_type=product&#038;p=14339"},"modified":"2026-03-19T12:52:58","modified_gmt":"2026-03-19T12:52:58","slug":"paltukas-zomsinio-audiniomilano-soft","status":"publish","type":"product","link":"https:\/\/madoskampas.lt\/ru\/product-2\/paltukas-zomsinio-audiniomilano-soft\/","title":{"rendered":"\u041f\u0430\u043b\u044c\u0442\u043e \u0438\u0437 \u0437\u0430\u043c\u0448\u0435\u0432\u043e\u0439 \u0442\u043a\u0430\u043d\u0438 \u201dMilano Soft\u201d"},"content":{"rendered":"<p><strong data-start=\"997\" data-end=\"1070\">Zom\u0161inio efekto paltas \u2013 kai prisilietimas kalba daugiau nei \u017eod\u017eiai.<\/strong><\/p>","protected":false},"excerpt":{"rendered":"<p class=\"\" data-start=\"997\" data-end=\"1070\"><strong data-start=\"997\" data-end=\"1070\">Zom\u0161inio efekto paltas \u2013 kai prisilietimas kalba daugiau nei \u017eod\u017eiai.<\/strong><\/p>\n<p class=\"\" data-start=\"1072\" data-end=\"1320\">\u0160is paltas \u2013 eleganti\u0161ka interpretacija klasikinio trench silueto su aksominiu poj\u016b\u010diu. Zom\u0161inis audinys suteikia jam \u0161velnumo, \u0161ilumos ir rafinuoto \u017eavesio. Tiek ro\u017einis, tiek juodas variantas kuria skirtingas nuotaikas, bet visada palieka \u012fsp\u016bd\u012f.<\/p>\n<p class=\"\" data-start=\"1322\" data-end=\"1557\">\u2714\ufe0f Prabangus zom\u0161inio efekto audinys<br data-start=\"1358\" data-end=\"1361\" \/>\u2714\ufe0f Dvigubas u\u017esegimas \u2013 trench klasika<br data-start=\"1399\" data-end=\"1402\" \/>\u2714\ufe0f Ilgis iki keli\u0173 \u2013 stilingas ir prakti\u0161kas<br data-start=\"1446\" data-end=\"1449\" \/>\u2714\ufe0f Ki\u0161en\u0117s, detal\u0117s \u2013 stilius su funkcionalumu<br data-start=\"1495\" data-end=\"1498\" \/>\u2714\ufe0f Puikiai dera su d\u017einsais, auk\u0161takulniais ar sportba\u010diais<\/p>\n<p class=\"\" data-start=\"1559\" data-end=\"1713\"><strong data-start=\"1559\" data-end=\"1571\">\u0421\u043e\u0441\u0442\u0430\u0432:<\/strong> zom\u0161inis dirbtinis<br data-start=\"1606\" data-end=\"1609\" \/><strong data-start=\"1609\" data-end=\"1621\">\u0426\u0432\u0435\u0442\u0430:<\/strong> matin\u0117 juoda \/ \u0161velni ro\u017e\u0117<br data-start=\"1648\" data-end=\"1651\" \/><strong data-start=\"1651\" data-end=\"1661\">\u0420\u0430\u0437\u043c\u0435\u0440:<\/strong> universalus \u2013 tinka S\u2013L<br data-start=\"1685\" data-end=\"1688\" \/><strong data-start=\"1688\" data-end=\"1713\">Modelio \u016bgis \u2013 165 cm<\/strong><\/p>","protected":false},"featured_media":29783,"comment_status":"open","ping_status":"closed","template":"","meta":{"_uag_custom_page_level_css":"","_monsterinsights_skip_tracking":false,"_monsterinsights_sitenote_active":false,"_monsterinsights_sitenote_note":"","_monsterinsights_sitenote_category":0},"product_brand":[],"product_cat":[66,132,95,77],"product_tag":[],"class_list":{"0":"post-14339","1":"product","2":"type-product","3":"status-publish","4":"has-post-thumbnail","6":"product_cat-drabuziai","7":"product_cat-ispardavimas","8":"product_cat-naujausi","9":"product_cat-striukes-paltai","10":"tm-has-options","12":"first","13":"instock","14":"sale","15":"shipping-taxable","16":"purchasable","17":"product-type-variable"},"yoast_head":"<!-- This site is optimized with the Yoast SEO plugin v27.3 - https:\/\/yoast.com\/product\/yoast-seo-wordpress\/ -->\n<title>Paltukas zom\u0161inio audinio&quot;Milano Soft&quot; - MadosKampas.lt<\/title>\n<meta name=\"robots\" content=\"index, follow, max-snippet:-1, max-image-preview:large, max-video-preview:-1\" \/>\n<link rel=\"canonical\" href=\"https:\/\/madoskampas.lt\/ru\/product-2\/paltukas-zomsinio-audiniomilano-soft\/\" \/>\n<meta property=\"og:locale\" content=\"ru_RU\" \/>\n<meta property=\"og:type\" content=\"article\" \/>\n<meta property=\"og:title\" content=\"Paltukas zom\u0161inio audinio&quot;Milano Soft&quot; - MadosKampas.lt\" \/>\n<meta property=\"og:description\" content=\"Zom\u0161inio efekto paltas \u2013 kai prisilietimas kalba daugiau nei \u017eod\u017eiai. \u0160is paltas \u2013 eleganti\u0161ka interpretacija klasikinio trench silueto su aksominiu poj\u016b\u010diu. Zom\u0161inis audinys suteikia jam \u0161velnumo, \u0161ilumos ir rafinuoto \u017eavesio. Tiek ro\u017einis, tiek juodas variantas kuria skirtingas nuotaikas, bet visada palieka \u012fsp\u016bd\u012f. \u2714\ufe0f Prabangus zom\u0161inio efekto audinys\u2714\ufe0f Dvigubas u\u017esegimas \u2013 trench klasika\u2714\ufe0f Ilgis iki keli\u0173 \u2013 stilingas ir prakti\u0161kas\u2714\ufe0f Ki\u0161en\u0117s, detal\u0117s \u2013 stilius su funkcionalumu\u2714\ufe0f Puikiai dera su d\u017einsais, auk\u0161takulniais ar sportba\u010diais Sud\u0117tis: zom\u0161inis dirbtinisSpalvos: matin\u0117 juoda \/ \u0161velni ro\u017e\u0117Dydis: universalus \u2013 tinka S\u2013LModelio \u016bgis \u2013 165 cm\" \/>\n<meta property=\"og:url\" content=\"https:\/\/madoskampas.lt\/ru\/product-2\/paltukas-zomsinio-audiniomilano-soft\/\" \/>\n<meta property=\"og:site_name\" content=\"MadosKampas.lt\" \/>\n<meta property=\"article:modified_time\" content=\"2026-03-19T12:52:58+00:00\" \/>\n<meta property=\"og:image\" content=\"https:\/\/madoskampas.lt\/wp-content\/uploads\/2025\/04\/IMG_9514.jpeg\" \/>\n\t<meta property=\"og:image:width\" content=\"1536\" \/>\n\t<meta property=\"og:image:height\" content=\"2048\" \/>\n\t<meta property=\"og:image:type\" content=\"image\/jpeg\" \/>\n<meta name=\"twitter:card\" content=\"summary_large_image\" \/>\n<meta name=\"twitter:label1\" content=\"\u041f\u0440\u0438\u043c\u0435\u0440\u043d\u043e\u0435 \u0432\u0440\u0435\u043c\u044f \u0434\u043b\u044f \u0447\u0442\u0435\u043d\u0438\u044f\" \/>\n\t<meta name=\"twitter:data1\" content=\"1 \u043c\u0438\u043d\u0443\u0442\u0430\" \/>\n<script type=\"application\/ld+json\" class=\"yoast-schema-graph\">{\"@context\":\"https:\\\/\\\/schema.org\",\"@graph\":[{\"@type\":\"WebPage\",\"@id\":\"https:\\\/\\\/madoskampas.lt\\\/produktas\\\/paltukas-zomsinio-audiniomilano-soft\\\/\",\"url\":\"https:\\\/\\\/madoskampas.lt\\\/produktas\\\/paltukas-zomsinio-audiniomilano-soft\\\/\",\"name\":\"Paltukas zom\u0161inio audinio\\\"Milano Soft\\\" - MadosKampas.lt\",\"isPartOf\":{\"@id\":\"https:\\\/\\\/madoskampas.lt\\\/#website\"},\"primaryImageOfPage\":{\"@id\":\"https:\\\/\\\/madoskampas.lt\\\/produktas\\\/paltukas-zomsinio-audiniomilano-soft\\\/#primaryimage\"},\"image\":{\"@id\":\"https:\\\/\\\/madoskampas.lt\\\/produktas\\\/paltukas-zomsinio-audiniomilano-soft\\\/#primaryimage\"},\"thumbnailUrl\":\"https:\\\/\\\/madoskampas.lt\\\/wp-content\\\/uploads\\\/2025\\\/04\\\/img_1193-scaled.jpeg\",\"datePublished\":\"2025-04-16T08:20:14+00:00\",\"dateModified\":\"2026-03-19T12:52:58+00:00\",\"breadcrumb\":{\"@id\":\"https:\\\/\\\/madoskampas.lt\\\/produktas\\\/paltukas-zomsinio-audiniomilano-soft\\\/#breadcrumb\"},\"inLanguage\":\"ru-RU\",\"potentialAction\":[{\"@type\":\"ReadAction\",\"target\":[\"https:\\\/\\\/madoskampas.lt\\\/produktas\\\/paltukas-zomsinio-audiniomilano-soft\\\/\"]}]},{\"@type\":\"ImageObject\",\"inLanguage\":\"ru-RU\",\"@id\":\"https:\\\/\\\/madoskampas.lt\\\/produktas\\\/paltukas-zomsinio-audiniomilano-soft\\\/#primaryimage\",\"url\":\"https:\\\/\\\/madoskampas.lt\\\/wp-content\\\/uploads\\\/2025\\\/04\\\/img_1193-scaled.jpeg\",\"contentUrl\":\"https:\\\/\\\/madoskampas.lt\\\/wp-content\\\/uploads\\\/2025\\\/04\\\/img_1193-scaled.jpeg\",\"width\":1920,\"height\":2560},{\"@type\":\"BreadcrumbList\",\"@id\":\"https:\\\/\\\/madoskampas.lt\\\/produktas\\\/paltukas-zomsinio-audiniomilano-soft\\\/#breadcrumb\",\"itemListElement\":[{\"@type\":\"ListItem\",\"position\":1,\"name\":\"Home\",\"item\":\"https:\\\/\\\/madoskampas.lt\\\/\"},{\"@type\":\"ListItem\",\"position\":2,\"name\":\"Parduotuv\u0117\",\"item\":\"https:\\\/\\\/madoskampas.lt\\\/parduotuve-2\\\/\"},{\"@type\":\"ListItem\",\"position\":3,\"name\":\"Paltukas zom\u0161inio audinio&#8221;Milano Soft&#8221;\"}]},{\"@type\":\"WebSite\",\"@id\":\"https:\\\/\\\/madoskampas.lt\\\/#website\",\"url\":\"https:\\\/\\\/madoskampas.lt\\\/\",\"name\":\"MadosKampas.lt\",\"description\":\"Stilingi drabu\u017eiai moterims\",\"potentialAction\":[{\"@type\":\"SearchAction\",\"target\":{\"@type\":\"EntryPoint\",\"urlTemplate\":\"https:\\\/\\\/madoskampas.lt\\\/?s={search_term_string}\"},\"query-input\":{\"@type\":\"PropertyValueSpecification\",\"valueRequired\":true,\"valueName\":\"search_term_string\"}}],\"inLanguage\":\"ru-RU\"}]}<\/script>\n<!-- \/ Yoast SEO plugin. -->","yoast_head_json":{"title":"Paltukas zom\u0161inio audinio\"Milano Soft\" - MadosKampas.lt","robots":{"index":"index","follow":"follow","max-snippet":"max-snippet:-1","max-image-preview":"max-image-preview:large","max-video-preview":"max-video-preview:-1"},"canonical":"https:\/\/madoskampas.lt\/ru\/product-2\/paltukas-zomsinio-audiniomilano-soft\/","og_locale":"ru_RU","og_type":"article","og_title":"Paltukas zom\u0161inio audinio\"Milano Soft\" - MadosKampas.lt","og_description":"Zom\u0161inio efekto paltas \u2013 kai prisilietimas kalba daugiau nei \u017eod\u017eiai. \u0160is paltas \u2013 eleganti\u0161ka interpretacija klasikinio trench silueto su aksominiu poj\u016b\u010diu. Zom\u0161inis audinys suteikia jam \u0161velnumo, \u0161ilumos ir rafinuoto \u017eavesio. Tiek ro\u017einis, tiek juodas variantas kuria skirtingas nuotaikas, bet visada palieka \u012fsp\u016bd\u012f. \u2714\ufe0f Prabangus zom\u0161inio efekto audinys\u2714\ufe0f Dvigubas u\u017esegimas \u2013 trench klasika\u2714\ufe0f Ilgis iki keli\u0173 \u2013 stilingas ir prakti\u0161kas\u2714\ufe0f Ki\u0161en\u0117s, detal\u0117s \u2013 stilius su funkcionalumu\u2714\ufe0f Puikiai dera su d\u017einsais, auk\u0161takulniais ar sportba\u010diais Sud\u0117tis: zom\u0161inis dirbtinisSpalvos: matin\u0117 juoda \/ \u0161velni ro\u017e\u0117Dydis: universalus \u2013 tinka S\u2013LModelio \u016bgis \u2013 165 cm","og_url":"https:\/\/madoskampas.lt\/ru\/product-2\/paltukas-zomsinio-audiniomilano-soft\/","og_site_name":"MadosKampas.lt","article_modified_time":"2026-03-19T12:52:58+00:00","og_image":[{"width":1536,"height":2048,"url":"https:\/\/madoskampas.lt\/wp-content\/uploads\/2025\/04\/IMG_9514.jpeg","type":"image\/jpeg"}],"twitter_card":"summary_large_image","twitter_misc":{"\u041f\u0440\u0438\u043c\u0435\u0440\u043d\u043e\u0435 \u0432\u0440\u0435\u043c\u044f \u0434\u043b\u044f \u0447\u0442\u0435\u043d\u0438\u044f":"1 \u043c\u0438\u043d\u0443\u0442\u0430"},"schema":{"@context":"https:\/\/schema.org","@graph":[{"@type":"WebPage","@id":"https:\/\/madoskampas.lt\/produktas\/paltukas-zomsinio-audiniomilano-soft\/","url":"https:\/\/madoskampas.lt\/produktas\/paltukas-zomsinio-audiniomilano-soft\/","name":"Paltukas zom\u0161inio audinio\"Milano Soft\" - MadosKampas.lt","isPartOf":{"@id":"https:\/\/madoskampas.lt\/#website"},"primaryImageOfPage":{"@id":"https:\/\/madoskampas.lt\/produktas\/paltukas-zomsinio-audiniomilano-soft\/#primaryimage"},"image":{"@id":"https:\/\/madoskampas.lt\/produktas\/paltukas-zomsinio-audiniomilano-soft\/#primaryimage"},"thumbnailUrl":"https:\/\/madoskampas.lt\/wp-content\/uploads\/2025\/04\/img_1193-scaled.jpeg","datePublished":"2025-04-16T08:20:14+00:00","dateModified":"2026-03-19T12:52:58+00:00","breadcrumb":{"@id":"https:\/\/madoskampas.lt\/produktas\/paltukas-zomsinio-audiniomilano-soft\/#breadcrumb"},"inLanguage":"ru-RU","potentialAction":[{"@type":"ReadAction","target":["https:\/\/madoskampas.lt\/produktas\/paltukas-zomsinio-audiniomilano-soft\/"]}]},{"@type":"ImageObject","inLanguage":"ru-RU","@id":"https:\/\/madoskampas.lt\/produktas\/paltukas-zomsinio-audiniomilano-soft\/#primaryimage","url":"https:\/\/madoskampas.lt\/wp-content\/uploads\/2025\/04\/img_1193-scaled.jpeg","contentUrl":"https:\/\/madoskampas.lt\/wp-content\/uploads\/2025\/04\/img_1193-scaled.jpeg","width":1920,"height":2560},{"@type":"BreadcrumbList","@id":"https:\/\/madoskampas.lt\/produktas\/paltukas-zomsinio-audiniomilano-soft\/#breadcrumb","itemListElement":[{"@type":"ListItem","position":1,"name":"Home","item":"https:\/\/madoskampas.lt\/"},{"@type":"ListItem","position":2,"name":"Parduotuv\u0117","item":"https:\/\/madoskampas.lt\/parduotuve-2\/"},{"@type":"ListItem","position":3,"name":"Paltukas zom\u0161inio audinio&#8221;Milano Soft&#8221;"}]},{"@type":"WebSite","@id":"https:\/\/madoskampas.lt\/#website","url":"https:\/\/madoskampas.lt\/","name":"FashionKampas.lt","description":"\u0421\u0442\u0438\u043b\u044c\u043d\u0430\u044f \u043e\u0434\u0435\u0436\u0434\u0430 \u0434\u043b\u044f \u0436\u0435\u043d\u0449\u0438\u043d","potentialAction":[{"@type":"SearchAction","target":{"@type":"EntryPoint","urlTemplate":"https:\/\/madoskampas.lt\/?s={search_term_string}"},"query-input":{"@type":"PropertyValueSpecification","valueRequired":true,"valueName":"search_term_string"}}],"inLanguage":"ru-RU"}]}},"uagb_featured_image_src":{"full":["https:\/\/madoskampas.lt\/wp-content\/uploads\/2025\/04\/img_1193-scaled.jpeg",1920,2560,false],"thumbnail":["https:\/\/madoskampas.lt\/wp-content\/uploads\/2025\/04\/img_1193-150x150.jpeg",150,150,true],"medium":["https:\/\/madoskampas.lt\/wp-content\/uploads\/2025\/04\/img_1193-225x300.jpeg",225,300,true],"medium_large":["https:\/\/madoskampas.lt\/wp-content\/uploads\/2025\/04\/img_1193-768x1024.jpeg",768,1024,true],"large":["https:\/\/madoskampas.lt\/wp-content\/uploads\/2025\/04\/img_1193-768x1024.jpeg",768,1024,true],"1536x1536":["https:\/\/madoskampas.lt\/wp-content\/uploads\/2025\/04\/img_1193-1152x1536.jpeg",1152,1536,true],"2048x2048":["https:\/\/madoskampas.lt\/wp-content\/uploads\/2025\/04\/img_1193-1536x2048.jpeg",1536,2048,true],"trp-custom-language-flag":["https:\/\/madoskampas.lt\/wp-content\/uploads\/2025\/04\/img_1193-9x12.jpeg",9,12,true],"nova-image-square":["https:\/\/madoskampas.lt\/wp-content\/uploads\/2025\/04\/img_1193-1100x1100.jpeg",1100,1100,true],"mixtas-product-03":["https:\/\/madoskampas.lt\/wp-content\/uploads\/2025\/04\/img_1193-600x345.jpeg",600,345,true],"woocommerce_thumbnail":["https:\/\/madoskampas.lt\/wp-content\/uploads\/2025\/04\/img_1193-700x700.jpeg",700,700,true],"woocommerce_single":["https:\/\/madoskampas.lt\/wp-content\/uploads\/2025\/04\/img_1193-1000x1333.jpeg",1000,1333,true],"woocommerce_gallery_thumbnail":["https:\/\/madoskampas.lt\/wp-content\/uploads\/2025\/04\/img_1193-250x250.jpeg",250,250,true],"variation_swatches_image_size":["https:\/\/madoskampas.lt\/wp-content\/uploads\/2025\/04\/img_1193-50x50.jpeg",50,50,true],"variation_swatches_tooltip_size":["https:\/\/madoskampas.lt\/wp-content\/uploads\/2025\/04\/img_1193-100x100.jpeg",100,100,true]},"uagb_author_info":{"display_name":"algirdasbart","author_link":"https:\/\/madoskampas.lt\/ru\/author\/"},"uagb_comment_info":0,"uagb_excerpt":"Zom\u0161inio efekto paltas \u2013 kai prisilietimas kalba daugiau nei \u017eod\u017eiai. \u0160is paltas \u2013 eleganti\u0161ka interpretacija klasikinio trench silueto su aksominiu poj\u016b\u010diu. Zom\u0161inis audinys suteikia jam \u0161velnumo, \u0161ilumos ir rafinuoto \u017eavesio. Tiek ro\u017einis, tiek juodas variantas kuria skirtingas nuotaikas, bet visada palieka \u012fsp\u016bd\u012f. \u2714\ufe0f Prabangus zom\u0161inio efekto audinys\u2714\ufe0f Dvigubas u\u017esegimas \u2013 trench klasika\u2714\ufe0f Ilgis iki keli\u0173&hellip;","jetpack_sharing_enabled":true,"_links":{"self":[{"href":"https:\/\/madoskampas.lt\/ru\/wp-json\/wp\/v2\/product\/14339","targetHints":{"allow":["GET"]}}],"collection":[{"href":"https:\/\/madoskampas.lt\/ru\/wp-json\/wp\/v2\/product"}],"about":[{"href":"https:\/\/madoskampas.lt\/ru\/wp-json\/wp\/v2\/types\/product"}],"replies":[{"embeddable":true,"href":"https:\/\/madoskampas.lt\/ru\/wp-json\/wp\/v2\/comments?post=14339"}],"wp:featuredmedia":[{"embeddable":true,"href":"https:\/\/madoskampas.lt\/ru\/wp-json\/wp\/v2\/media\/29783"}],"wp:attachment":[{"href":"https:\/\/madoskampas.lt\/ru\/wp-json\/wp\/v2\/media?parent=14339"}],"wp:term":[{"taxonomy":"product_brand","embeddable":true,"href":"https:\/\/madoskampas.lt\/ru\/wp-json\/wp\/v2\/product_brand?post=14339"},{"taxonomy":"product_cat","embeddable":true,"href":"https:\/\/madoskampas.lt\/ru\/wp-json\/wp\/v2\/product_cat?post=14339"},{"taxonomy":"product_tag","embeddable":true,"href":"https:\/\/madoskampas.lt\/ru\/wp-json\/wp\/v2\/product_tag?post=14339"}],"curies":[{"name":"wp","href":"https:\/\/api.w.org\/{rel}","templated":true}]}}