{"id":14981,"date":"2025-04-30T10:48:17","date_gmt":"2025-04-30T10:48:17","guid":{"rendered":"https:\/\/madoskampas.lt\/?post_type=product&#038;p=14981"},"modified":"2025-06-30T07:10:01","modified_gmt":"2025-06-30T07:10:01","slug":"medvilnine-palaidine-fioretta","status":"publish","type":"product","link":"https:\/\/madoskampas.lt\/ru\/product-2\/medvilnine-palaidine-fioretta\/","title":{"rendered":"\u0425\u043b\u043e\u043f\u043a\u043e\u0432\u0430\u044f \u0431\u043b\u0443\u0437\u043a\u0430 \u201eFioretta\u201c"},"content":{"rendered":"<p>\u0160velni kaip pavasario v\u0117jas \u2013 100 % medviln\u0117s palaidin\u0117 su \u017eaismingu ramun\u0117li\u0173 ra\u0161tu.<\/p>","protected":false},"excerpt":{"rendered":"<p class=\"\" data-start=\"53\" data-end=\"349\">\u0160velni kaip pavasario v\u0117jas \u2013 100 % medviln\u0117s palaidin\u0117 su \u017eaismingu ramun\u0117li\u0173 ra\u0161tu.<\/p>\n<p class=\"\" data-start=\"53\" data-end=\"349\">Laisvas siluetas, prailginta nugara (+4 cm) ir universalus dydis (tinka nuo S iki XL) u\u017etikrina komfort\u0105 ir stili\u0173 kiekvien\u0105 dien\u0105.<\/p>\n<p class=\"\" data-start=\"53\" data-end=\"349\">Puikiai dera tiek prie d\u017eins\u0173, tiek prie lengv\u0173 kelni\u0173 ar sijon\u0173.<\/p>\n<p class=\"\" data-start=\"351\" data-end=\"468\">Galimos spalvos \u2013 subtilios, pastelin\u0117s, d\u017eiuginan\u010dios ak\u012f.<br data-start=\"410\" data-end=\"413\" \/>Leisk savo garderobe pra\u017eysti itali\u0161komis g\u0117l\u0117mis! \ud83c\uddee\ud83c\uddf9<\/p>","protected":false},"featured_media":15489,"comment_status":"open","ping_status":"closed","template":"","meta":{"_uag_custom_page_level_css":"","_monsterinsights_skip_tracking":false,"_monsterinsights_sitenote_active":false,"_monsterinsights_sitenote_note":"","_monsterinsights_sitenote_category":0},"product_brand":[],"product_cat":[66,72,95],"product_tag":[],"class_list":{"0":"post-14981","1":"product","2":"type-product","3":"status-publish","4":"has-post-thumbnail","6":"product_cat-drabuziai","7":"product_cat-marskiniai","8":"product_cat-naujausi","9":"tm-has-options","11":"first","12":"instock","13":"shipping-taxable","14":"purchasable","15":"product-type-variable"},"yoast_head":"<!-- This site is optimized with the Yoast SEO plugin v27.3 - https:\/\/yoast.com\/product\/yoast-seo-wordpress\/ -->\n<title>Medvilnin\u0117 palaidin\u0117 \u201eFioretta\u201c - MadosKampas.lt<\/title>\n<meta name=\"robots\" content=\"index, follow, max-snippet:-1, max-image-preview:large, max-video-preview:-1\" \/>\n<link rel=\"canonical\" href=\"https:\/\/madoskampas.lt\/ru\/product-2\/medvilnine-palaidine-fioretta\/\" \/>\n<meta property=\"og:locale\" content=\"ru_RU\" \/>\n<meta property=\"og:type\" content=\"article\" \/>\n<meta property=\"og:title\" content=\"Medvilnin\u0117 palaidin\u0117 \u201eFioretta\u201c - MadosKampas.lt\" \/>\n<meta property=\"og:description\" content=\"\u0160velni kaip pavasario v\u0117jas \u2013 100 % medviln\u0117s palaidin\u0117 su \u017eaismingu ramun\u0117li\u0173 ra\u0161tu. Laisvas siluetas, prailginta nugara (+4 cm) ir universalus dydis (tinka nuo S iki XL) u\u017etikrina komfort\u0105 ir stili\u0173 kiekvien\u0105 dien\u0105. Puikiai dera tiek prie d\u017eins\u0173, tiek prie lengv\u0173 kelni\u0173 ar sijon\u0173. Galimos spalvos \u2013 subtilios, pastelin\u0117s, d\u017eiuginan\u010dios ak\u012f.Leisk savo garderobe pra\u017eysti itali\u0161komis g\u0117l\u0117mis! \ud83c\uddee\ud83c\uddf9\" \/>\n<meta property=\"og:url\" content=\"https:\/\/madoskampas.lt\/ru\/product-2\/medvilnine-palaidine-fioretta\/\" \/>\n<meta property=\"og:site_name\" content=\"MadosKampas.lt\" \/>\n<meta property=\"article:modified_time\" content=\"2025-06-30T07:10:01+00:00\" \/>\n<meta property=\"og:image\" content=\"https:\/\/madoskampas.lt\/wp-content\/uploads\/2025\/04\/IMG_3027.jpeg\" \/>\n\t<meta property=\"og:image:width\" content=\"1536\" \/>\n\t<meta property=\"og:image:height\" content=\"2048\" \/>\n\t<meta property=\"og:image:type\" content=\"image\/jpeg\" \/>\n<meta name=\"twitter:card\" content=\"summary_large_image\" \/>\n<meta name=\"twitter:label1\" content=\"\u041f\u0440\u0438\u043c\u0435\u0440\u043d\u043e\u0435 \u0432\u0440\u0435\u043c\u044f \u0434\u043b\u044f \u0447\u0442\u0435\u043d\u0438\u044f\" \/>\n\t<meta name=\"twitter:data1\" content=\"1 \u043c\u0438\u043d\u0443\u0442\u0430\" \/>\n<script type=\"application\/ld+json\" class=\"yoast-schema-graph\">{\"@context\":\"https:\\\/\\\/schema.org\",\"@graph\":[{\"@type\":\"WebPage\",\"@id\":\"https:\\\/\\\/madoskampas.lt\\\/produktas\\\/medvilnine-palaidine-fioretta\\\/\",\"url\":\"https:\\\/\\\/madoskampas.lt\\\/produktas\\\/medvilnine-palaidine-fioretta\\\/\",\"name\":\"Medvilnin\u0117 palaidin\u0117 \u201eFioretta\u201c - MadosKampas.lt\",\"isPartOf\":{\"@id\":\"https:\\\/\\\/madoskampas.lt\\\/#website\"},\"primaryImageOfPage\":{\"@id\":\"https:\\\/\\\/madoskampas.lt\\\/produktas\\\/medvilnine-palaidine-fioretta\\\/#primaryimage\"},\"image\":{\"@id\":\"https:\\\/\\\/madoskampas.lt\\\/produktas\\\/medvilnine-palaidine-fioretta\\\/#primaryimage\"},\"thumbnailUrl\":\"https:\\\/\\\/madoskampas.lt\\\/wp-content\\\/uploads\\\/2025\\\/04\\\/IMG_3027.jpeg\",\"datePublished\":\"2025-04-30T10:48:17+00:00\",\"dateModified\":\"2025-06-30T07:10:01+00:00\",\"breadcrumb\":{\"@id\":\"https:\\\/\\\/madoskampas.lt\\\/produktas\\\/medvilnine-palaidine-fioretta\\\/#breadcrumb\"},\"inLanguage\":\"ru-RU\",\"potentialAction\":[{\"@type\":\"ReadAction\",\"target\":[\"https:\\\/\\\/madoskampas.lt\\\/produktas\\\/medvilnine-palaidine-fioretta\\\/\"]}]},{\"@type\":\"ImageObject\",\"inLanguage\":\"ru-RU\",\"@id\":\"https:\\\/\\\/madoskampas.lt\\\/produktas\\\/medvilnine-palaidine-fioretta\\\/#primaryimage\",\"url\":\"https:\\\/\\\/madoskampas.lt\\\/wp-content\\\/uploads\\\/2025\\\/04\\\/IMG_3027.jpeg\",\"contentUrl\":\"https:\\\/\\\/madoskampas.lt\\\/wp-content\\\/uploads\\\/2025\\\/04\\\/IMG_3027.jpeg\",\"width\":1536,\"height\":2048},{\"@type\":\"BreadcrumbList\",\"@id\":\"https:\\\/\\\/madoskampas.lt\\\/produktas\\\/medvilnine-palaidine-fioretta\\\/#breadcrumb\",\"itemListElement\":[{\"@type\":\"ListItem\",\"position\":1,\"name\":\"Home\",\"item\":\"https:\\\/\\\/madoskampas.lt\\\/\"},{\"@type\":\"ListItem\",\"position\":2,\"name\":\"Parduotuv\u0117\",\"item\":\"https:\\\/\\\/madoskampas.lt\\\/parduotuve-2\\\/\"},{\"@type\":\"ListItem\",\"position\":3,\"name\":\"Medvilnin\u0117 palaidin\u0117 \u201eFioretta\u201c\"}]},{\"@type\":\"WebSite\",\"@id\":\"https:\\\/\\\/madoskampas.lt\\\/#website\",\"url\":\"https:\\\/\\\/madoskampas.lt\\\/\",\"name\":\"MadosKampas.lt\",\"description\":\"Stilingi drabu\u017eiai moterims\",\"potentialAction\":[{\"@type\":\"SearchAction\",\"target\":{\"@type\":\"EntryPoint\",\"urlTemplate\":\"https:\\\/\\\/madoskampas.lt\\\/?s={search_term_string}\"},\"query-input\":{\"@type\":\"PropertyValueSpecification\",\"valueRequired\":true,\"valueName\":\"search_term_string\"}}],\"inLanguage\":\"ru-RU\"}]}<\/script>\n<!-- \/ Yoast SEO plugin. -->","yoast_head_json":{"title":"Medvilnin\u0117 palaidin\u0117 \u201eFioretta\u201c - MadosKampas.lt","robots":{"index":"index","follow":"follow","max-snippet":"max-snippet:-1","max-image-preview":"max-image-preview:large","max-video-preview":"max-video-preview:-1"},"canonical":"https:\/\/madoskampas.lt\/ru\/product-2\/medvilnine-palaidine-fioretta\/","og_locale":"ru_RU","og_type":"article","og_title":"Medvilnin\u0117 palaidin\u0117 \u201eFioretta\u201c - MadosKampas.lt","og_description":"\u0160velni kaip pavasario v\u0117jas \u2013 100 % medviln\u0117s palaidin\u0117 su \u017eaismingu ramun\u0117li\u0173 ra\u0161tu. Laisvas siluetas, prailginta nugara (+4 cm) ir universalus dydis (tinka nuo S iki XL) u\u017etikrina komfort\u0105 ir stili\u0173 kiekvien\u0105 dien\u0105. Puikiai dera tiek prie d\u017eins\u0173, tiek prie lengv\u0173 kelni\u0173 ar sijon\u0173. Galimos spalvos \u2013 subtilios, pastelin\u0117s, d\u017eiuginan\u010dios ak\u012f.Leisk savo garderobe pra\u017eysti itali\u0161komis g\u0117l\u0117mis! \ud83c\uddee\ud83c\uddf9","og_url":"https:\/\/madoskampas.lt\/ru\/product-2\/medvilnine-palaidine-fioretta\/","og_site_name":"MadosKampas.lt","article_modified_time":"2025-06-30T07:10:01+00:00","og_image":[{"width":1536,"height":2048,"url":"https:\/\/madoskampas.lt\/wp-content\/uploads\/2025\/04\/IMG_3027.jpeg","type":"image\/jpeg"}],"twitter_card":"summary_large_image","twitter_misc":{"\u041f\u0440\u0438\u043c\u0435\u0440\u043d\u043e\u0435 \u0432\u0440\u0435\u043c\u044f \u0434\u043b\u044f \u0447\u0442\u0435\u043d\u0438\u044f":"1 \u043c\u0438\u043d\u0443\u0442\u0430"},"schema":{"@context":"https:\/\/schema.org","@graph":[{"@type":"WebPage","@id":"https:\/\/madoskampas.lt\/produktas\/medvilnine-palaidine-fioretta\/","url":"https:\/\/madoskampas.lt\/produktas\/medvilnine-palaidine-fioretta\/","name":"Medvilnin\u0117 palaidin\u0117 \u201eFioretta\u201c - MadosKampas.lt","isPartOf":{"@id":"https:\/\/madoskampas.lt\/#website"},"primaryImageOfPage":{"@id":"https:\/\/madoskampas.lt\/produktas\/medvilnine-palaidine-fioretta\/#primaryimage"},"image":{"@id":"https:\/\/madoskampas.lt\/produktas\/medvilnine-palaidine-fioretta\/#primaryimage"},"thumbnailUrl":"https:\/\/madoskampas.lt\/wp-content\/uploads\/2025\/04\/IMG_3027.jpeg","datePublished":"2025-04-30T10:48:17+00:00","dateModified":"2025-06-30T07:10:01+00:00","breadcrumb":{"@id":"https:\/\/madoskampas.lt\/produktas\/medvilnine-palaidine-fioretta\/#breadcrumb"},"inLanguage":"ru-RU","potentialAction":[{"@type":"ReadAction","target":["https:\/\/madoskampas.lt\/produktas\/medvilnine-palaidine-fioretta\/"]}]},{"@type":"ImageObject","inLanguage":"ru-RU","@id":"https:\/\/madoskampas.lt\/produktas\/medvilnine-palaidine-fioretta\/#primaryimage","url":"https:\/\/madoskampas.lt\/wp-content\/uploads\/2025\/04\/IMG_3027.jpeg","contentUrl":"https:\/\/madoskampas.lt\/wp-content\/uploads\/2025\/04\/IMG_3027.jpeg","width":1536,"height":2048},{"@type":"BreadcrumbList","@id":"https:\/\/madoskampas.lt\/produktas\/medvilnine-palaidine-fioretta\/#breadcrumb","itemListElement":[{"@type":"ListItem","position":1,"name":"Home","item":"https:\/\/madoskampas.lt\/"},{"@type":"ListItem","position":2,"name":"Parduotuv\u0117","item":"https:\/\/madoskampas.lt\/parduotuve-2\/"},{"@type":"ListItem","position":3,"name":"Medvilnin\u0117 palaidin\u0117 \u201eFioretta\u201c"}]},{"@type":"WebSite","@id":"https:\/\/madoskampas.lt\/#website","url":"https:\/\/madoskampas.lt\/","name":"FashionKampas.lt","description":"\u0421\u0442\u0438\u043b\u044c\u043d\u0430\u044f \u043e\u0434\u0435\u0436\u0434\u0430 \u0434\u043b\u044f \u0436\u0435\u043d\u0449\u0438\u043d","potentialAction":[{"@type":"SearchAction","target":{"@type":"EntryPoint","urlTemplate":"https:\/\/madoskampas.lt\/?s={search_term_string}"},"query-input":{"@type":"PropertyValueSpecification","valueRequired":true,"valueName":"search_term_string"}}],"inLanguage":"ru-RU"}]}},"uagb_featured_image_src":{"full":["https:\/\/madoskampas.lt\/wp-content\/uploads\/2025\/04\/IMG_3027.jpeg",1536,2048,false],"thumbnail":["https:\/\/madoskampas.lt\/wp-content\/uploads\/2025\/04\/IMG_3027-150x150.jpeg",150,150,true],"medium":["https:\/\/madoskampas.lt\/wp-content\/uploads\/2025\/04\/IMG_3027-225x300.jpeg",225,300,true],"medium_large":["https:\/\/madoskampas.lt\/wp-content\/uploads\/2025\/04\/IMG_3027-768x1024.jpeg",768,1024,true],"large":["https:\/\/madoskampas.lt\/wp-content\/uploads\/2025\/04\/IMG_3027-768x1024.jpeg",768,1024,true],"1536x1536":["https:\/\/madoskampas.lt\/wp-content\/uploads\/2025\/04\/IMG_3027-1152x1536.jpeg",1152,1536,true],"2048x2048":["https:\/\/madoskampas.lt\/wp-content\/uploads\/2025\/04\/IMG_3027.jpeg",1536,2048,false],"trp-custom-language-flag":["https:\/\/madoskampas.lt\/wp-content\/uploads\/2025\/04\/IMG_3027.jpeg",9,12,false],"nova-image-square":["https:\/\/madoskampas.lt\/wp-content\/uploads\/2025\/04\/IMG_3027-1100x1100.jpeg",1100,1100,true],"mixtas-product-03":["https:\/\/madoskampas.lt\/wp-content\/uploads\/2025\/04\/IMG_3027-600x345.jpeg",600,345,true],"woocommerce_thumbnail":["https:\/\/madoskampas.lt\/wp-content\/uploads\/2025\/04\/IMG_3027-700x700.jpeg",700,700,true],"woocommerce_single":["https:\/\/madoskampas.lt\/wp-content\/uploads\/2025\/04\/IMG_3027-1000x1333.jpeg",1000,1333,true],"woocommerce_gallery_thumbnail":["https:\/\/madoskampas.lt\/wp-content\/uploads\/2025\/04\/IMG_3027-250x250.jpeg",250,250,true],"variation_swatches_image_size":["https:\/\/madoskampas.lt\/wp-content\/uploads\/2025\/04\/IMG_3027-50x50.jpeg",50,50,true],"variation_swatches_tooltip_size":["https:\/\/madoskampas.lt\/wp-content\/uploads\/2025\/04\/IMG_3027-100x100.jpeg",100,100,true]},"uagb_author_info":{"display_name":"algirdasbart","author_link":"https:\/\/madoskampas.lt\/ru\/author\/"},"uagb_comment_info":1,"uagb_excerpt":"\u0160velni kaip pavasario v\u0117jas \u2013 100 % medviln\u0117s palaidin\u0117 su \u017eaismingu ramun\u0117li\u0173 ra\u0161tu. Laisvas siluetas, prailginta nugara (+4 cm) ir universalus dydis (tinka nuo S iki XL) u\u017etikrina komfort\u0105 ir stili\u0173 kiekvien\u0105 dien\u0105. Puikiai dera tiek prie d\u017eins\u0173, tiek prie lengv\u0173 kelni\u0173 ar sijon\u0173. Galimos spalvos \u2013 subtilios, pastelin\u0117s, d\u017eiuginan\u010dios ak\u012f.Leisk savo garderobe pra\u017eysti itali\u0161komis&hellip;","jetpack_sharing_enabled":true,"_links":{"self":[{"href":"https:\/\/madoskampas.lt\/ru\/wp-json\/wp\/v2\/product\/14981","targetHints":{"allow":["GET"]}}],"collection":[{"href":"https:\/\/madoskampas.lt\/ru\/wp-json\/wp\/v2\/product"}],"about":[{"href":"https:\/\/madoskampas.lt\/ru\/wp-json\/wp\/v2\/types\/product"}],"replies":[{"embeddable":true,"href":"https:\/\/madoskampas.lt\/ru\/wp-json\/wp\/v2\/comments?post=14981"}],"wp:featuredmedia":[{"embeddable":true,"href":"https:\/\/madoskampas.lt\/ru\/wp-json\/wp\/v2\/media\/15489"}],"wp:attachment":[{"href":"https:\/\/madoskampas.lt\/ru\/wp-json\/wp\/v2\/media?parent=14981"}],"wp:term":[{"taxonomy":"product_brand","embeddable":true,"href":"https:\/\/madoskampas.lt\/ru\/wp-json\/wp\/v2\/product_brand?post=14981"},{"taxonomy":"product_cat","embeddable":true,"href":"https:\/\/madoskampas.lt\/ru\/wp-json\/wp\/v2\/product_cat?post=14981"},{"taxonomy":"product_tag","embeddable":true,"href":"https:\/\/madoskampas.lt\/ru\/wp-json\/wp\/v2\/product_tag?post=14981"}],"curies":[{"name":"wp","href":"https:\/\/api.w.org\/{rel}","templated":true}]}}