{"id":15533,"date":"2025-05-21T12:24:54","date_gmt":"2025-05-21T12:24:54","guid":{"rendered":"https:\/\/madoskampas.lt\/?post_type=product&#038;p=15533"},"modified":"2025-11-28T18:40:41","modified_gmt":"2025-11-28T18:40:41","slug":"dzinsiniai-sortai-bianco-estate","status":"publish","type":"product","link":"https:\/\/madoskampas.lt\/ru\/product-2\/dzinsiniai-sortai-bianco-estate\/","title":{"rendered":"D\u017einsiniai \u0161ortai &#8222;Bianco Estate&#8221;"},"content":{"rendered":"<p>Stilingi d\u017einsinio tipo \u0161ortai \u201eBianco Estate\u201c \u2013 nepakei\u010diamas vasaros garderobo akcentas.<\/p>","protected":false},"excerpt":{"rendered":"<p>Stilingi d\u017einsinio tipo \u0161ortai \u201eBianco Estate\u201c \u2013 nepakei\u010diamas vasaros garderobo akcentas.<\/p>\n<p>\u0160velni kremin\u0117 spalva der\u0117s tiek su mar\u0161kin\u0117liais, tiek su eleganti\u0161kais mezginiais.<\/p>\n<p>Vidutinio auk\u0161\u010dio liemuo, patogios ki\u0161en\u0117s ir tvirta, bet mink\u0161ta med\u017eiaga leis jaustis laisvai ir stilingai vis\u0105 dien\u0105.<br data-start=\"458\" data-end=\"461\" data-is-only-node=\"\" \/>Tinka tiek miesto pasivaik\u0161\u010diojimams, tiek vasaros i\u0161vykoms.<\/p>","protected":false},"featured_media":15496,"comment_status":"open","ping_status":"closed","template":"","meta":{"_uag_custom_page_level_css":"","_monsterinsights_skip_tracking":false,"_monsterinsights_sitenote_active":false,"_monsterinsights_sitenote_note":"","_monsterinsights_sitenote_category":0},"product_brand":[],"product_cat":[66,76],"product_tag":[],"class_list":{"0":"post-15533","1":"product","2":"type-product","3":"status-publish","4":"has-post-thumbnail","6":"product_cat-drabuziai","7":"product_cat-sortai","8":"tm-has-options","10":"first","11":"instock","12":"shipping-taxable","13":"purchasable","14":"product-type-variable"},"yoast_head":"<!-- This site is optimized with the Yoast SEO plugin v27.3 - https:\/\/yoast.com\/product\/yoast-seo-wordpress\/ -->\n<title>D\u017einsiniai \u0161ortai &quot;Bianco Estate&quot; - MadosKampas.lt<\/title>\n<meta name=\"robots\" content=\"index, follow, max-snippet:-1, max-image-preview:large, max-video-preview:-1\" \/>\n<link rel=\"canonical\" href=\"https:\/\/madoskampas.lt\/ru\/product-2\/dzinsiniai-sortai-bianco-estate\/\" \/>\n<meta property=\"og:locale\" content=\"ru_RU\" \/>\n<meta property=\"og:type\" content=\"article\" \/>\n<meta property=\"og:title\" content=\"D\u017einsiniai \u0161ortai &quot;Bianco Estate&quot; - MadosKampas.lt\" \/>\n<meta property=\"og:description\" content=\"Stilingi d\u017einsinio tipo \u0161ortai \u201eBianco Estate\u201c \u2013 nepakei\u010diamas vasaros garderobo akcentas.  \u0160velni kremin\u0117 spalva der\u0117s tiek su mar\u0161kin\u0117liais, tiek su eleganti\u0161kais mezginiais.  Vidutinio auk\u0161\u010dio liemuo, patogios ki\u0161en\u0117s ir tvirta, bet mink\u0161ta med\u017eiaga leis jaustis laisvai ir stilingai vis\u0105 dien\u0105.Tinka tiek miesto pasivaik\u0161\u010diojimams, tiek vasaros i\u0161vykoms.\" \/>\n<meta property=\"og:url\" content=\"https:\/\/madoskampas.lt\/ru\/product-2\/dzinsiniai-sortai-bianco-estate\/\" \/>\n<meta property=\"og:site_name\" content=\"MadosKampas.lt\" \/>\n<meta property=\"article:modified_time\" content=\"2025-11-28T18:40:41+00:00\" \/>\n<meta property=\"og:image\" content=\"https:\/\/madoskampas.lt\/wp-content\/uploads\/2025\/04\/IMG_3059.jpeg\" \/>\n\t<meta property=\"og:image:width\" content=\"1536\" \/>\n\t<meta property=\"og:image:height\" content=\"2048\" \/>\n\t<meta property=\"og:image:type\" content=\"image\/jpeg\" \/>\n<meta name=\"twitter:card\" content=\"summary_large_image\" \/>\n<meta name=\"twitter:label1\" content=\"\u041f\u0440\u0438\u043c\u0435\u0440\u043d\u043e\u0435 \u0432\u0440\u0435\u043c\u044f \u0434\u043b\u044f \u0447\u0442\u0435\u043d\u0438\u044f\" \/>\n\t<meta name=\"twitter:data1\" content=\"1 \u043c\u0438\u043d\u0443\u0442\u0430\" \/>\n<script type=\"application\/ld+json\" class=\"yoast-schema-graph\">{\"@context\":\"https:\\\/\\\/schema.org\",\"@graph\":[{\"@type\":\"WebPage\",\"@id\":\"https:\\\/\\\/madoskampas.lt\\\/produktas\\\/dzinsiniai-sortai-bianco-estate\\\/\",\"url\":\"https:\\\/\\\/madoskampas.lt\\\/produktas\\\/dzinsiniai-sortai-bianco-estate\\\/\",\"name\":\"D\u017einsiniai \u0161ortai \\\"Bianco Estate\\\" - MadosKampas.lt\",\"isPartOf\":{\"@id\":\"https:\\\/\\\/madoskampas.lt\\\/#website\"},\"primaryImageOfPage\":{\"@id\":\"https:\\\/\\\/madoskampas.lt\\\/produktas\\\/dzinsiniai-sortai-bianco-estate\\\/#primaryimage\"},\"image\":{\"@id\":\"https:\\\/\\\/madoskampas.lt\\\/produktas\\\/dzinsiniai-sortai-bianco-estate\\\/#primaryimage\"},\"thumbnailUrl\":\"https:\\\/\\\/madoskampas.lt\\\/wp-content\\\/uploads\\\/2025\\\/04\\\/IMG_3059.jpeg\",\"datePublished\":\"2025-05-21T12:24:54+00:00\",\"dateModified\":\"2025-11-28T18:40:41+00:00\",\"breadcrumb\":{\"@id\":\"https:\\\/\\\/madoskampas.lt\\\/produktas\\\/dzinsiniai-sortai-bianco-estate\\\/#breadcrumb\"},\"inLanguage\":\"ru-RU\",\"potentialAction\":[{\"@type\":\"ReadAction\",\"target\":[\"https:\\\/\\\/madoskampas.lt\\\/produktas\\\/dzinsiniai-sortai-bianco-estate\\\/\"]}]},{\"@type\":\"ImageObject\",\"inLanguage\":\"ru-RU\",\"@id\":\"https:\\\/\\\/madoskampas.lt\\\/produktas\\\/dzinsiniai-sortai-bianco-estate\\\/#primaryimage\",\"url\":\"https:\\\/\\\/madoskampas.lt\\\/wp-content\\\/uploads\\\/2025\\\/04\\\/IMG_3059.jpeg\",\"contentUrl\":\"https:\\\/\\\/madoskampas.lt\\\/wp-content\\\/uploads\\\/2025\\\/04\\\/IMG_3059.jpeg\",\"width\":1536,\"height\":2048},{\"@type\":\"BreadcrumbList\",\"@id\":\"https:\\\/\\\/madoskampas.lt\\\/produktas\\\/dzinsiniai-sortai-bianco-estate\\\/#breadcrumb\",\"itemListElement\":[{\"@type\":\"ListItem\",\"position\":1,\"name\":\"Home\",\"item\":\"https:\\\/\\\/madoskampas.lt\\\/\"},{\"@type\":\"ListItem\",\"position\":2,\"name\":\"Parduotuv\u0117\",\"item\":\"https:\\\/\\\/madoskampas.lt\\\/parduotuve-2\\\/\"},{\"@type\":\"ListItem\",\"position\":3,\"name\":\"D\u017einsiniai \u0161ortai &#8222;Bianco Estate&#8221;\"}]},{\"@type\":\"WebSite\",\"@id\":\"https:\\\/\\\/madoskampas.lt\\\/#website\",\"url\":\"https:\\\/\\\/madoskampas.lt\\\/\",\"name\":\"MadosKampas.lt\",\"description\":\"Stilingi drabu\u017eiai moterims\",\"potentialAction\":[{\"@type\":\"SearchAction\",\"target\":{\"@type\":\"EntryPoint\",\"urlTemplate\":\"https:\\\/\\\/madoskampas.lt\\\/?s={search_term_string}\"},\"query-input\":{\"@type\":\"PropertyValueSpecification\",\"valueRequired\":true,\"valueName\":\"search_term_string\"}}],\"inLanguage\":\"ru-RU\"}]}<\/script>\n<!-- \/ Yoast SEO plugin. -->","yoast_head_json":{"title":"D\u017einsiniai \u0161ortai \"Bianco Estate\" - MadosKampas.lt","robots":{"index":"index","follow":"follow","max-snippet":"max-snippet:-1","max-image-preview":"max-image-preview:large","max-video-preview":"max-video-preview:-1"},"canonical":"https:\/\/madoskampas.lt\/ru\/product-2\/dzinsiniai-sortai-bianco-estate\/","og_locale":"ru_RU","og_type":"article","og_title":"D\u017einsiniai \u0161ortai \"Bianco Estate\" - MadosKampas.lt","og_description":"Stilingi d\u017einsinio tipo \u0161ortai \u201eBianco Estate\u201c \u2013 nepakei\u010diamas vasaros garderobo akcentas.  \u0160velni kremin\u0117 spalva der\u0117s tiek su mar\u0161kin\u0117liais, tiek su eleganti\u0161kais mezginiais.  Vidutinio auk\u0161\u010dio liemuo, patogios ki\u0161en\u0117s ir tvirta, bet mink\u0161ta med\u017eiaga leis jaustis laisvai ir stilingai vis\u0105 dien\u0105.Tinka tiek miesto pasivaik\u0161\u010diojimams, tiek vasaros i\u0161vykoms.","og_url":"https:\/\/madoskampas.lt\/ru\/product-2\/dzinsiniai-sortai-bianco-estate\/","og_site_name":"MadosKampas.lt","article_modified_time":"2025-11-28T18:40:41+00:00","og_image":[{"width":1536,"height":2048,"url":"https:\/\/madoskampas.lt\/wp-content\/uploads\/2025\/04\/IMG_3059.jpeg","type":"image\/jpeg"}],"twitter_card":"summary_large_image","twitter_misc":{"\u041f\u0440\u0438\u043c\u0435\u0440\u043d\u043e\u0435 \u0432\u0440\u0435\u043c\u044f \u0434\u043b\u044f \u0447\u0442\u0435\u043d\u0438\u044f":"1 \u043c\u0438\u043d\u0443\u0442\u0430"},"schema":{"@context":"https:\/\/schema.org","@graph":[{"@type":"WebPage","@id":"https:\/\/madoskampas.lt\/produktas\/dzinsiniai-sortai-bianco-estate\/","url":"https:\/\/madoskampas.lt\/produktas\/dzinsiniai-sortai-bianco-estate\/","name":"D\u017einsiniai \u0161ortai \"Bianco Estate\" - MadosKampas.lt","isPartOf":{"@id":"https:\/\/madoskampas.lt\/#website"},"primaryImageOfPage":{"@id":"https:\/\/madoskampas.lt\/produktas\/dzinsiniai-sortai-bianco-estate\/#primaryimage"},"image":{"@id":"https:\/\/madoskampas.lt\/produktas\/dzinsiniai-sortai-bianco-estate\/#primaryimage"},"thumbnailUrl":"https:\/\/madoskampas.lt\/wp-content\/uploads\/2025\/04\/IMG_3059.jpeg","datePublished":"2025-05-21T12:24:54+00:00","dateModified":"2025-11-28T18:40:41+00:00","breadcrumb":{"@id":"https:\/\/madoskampas.lt\/produktas\/dzinsiniai-sortai-bianco-estate\/#breadcrumb"},"inLanguage":"ru-RU","potentialAction":[{"@type":"ReadAction","target":["https:\/\/madoskampas.lt\/produktas\/dzinsiniai-sortai-bianco-estate\/"]}]},{"@type":"ImageObject","inLanguage":"ru-RU","@id":"https:\/\/madoskampas.lt\/produktas\/dzinsiniai-sortai-bianco-estate\/#primaryimage","url":"https:\/\/madoskampas.lt\/wp-content\/uploads\/2025\/04\/IMG_3059.jpeg","contentUrl":"https:\/\/madoskampas.lt\/wp-content\/uploads\/2025\/04\/IMG_3059.jpeg","width":1536,"height":2048},{"@type":"BreadcrumbList","@id":"https:\/\/madoskampas.lt\/produktas\/dzinsiniai-sortai-bianco-estate\/#breadcrumb","itemListElement":[{"@type":"ListItem","position":1,"name":"Home","item":"https:\/\/madoskampas.lt\/"},{"@type":"ListItem","position":2,"name":"Parduotuv\u0117","item":"https:\/\/madoskampas.lt\/parduotuve-2\/"},{"@type":"ListItem","position":3,"name":"D\u017einsiniai \u0161ortai &#8222;Bianco Estate&#8221;"}]},{"@type":"WebSite","@id":"https:\/\/madoskampas.lt\/#website","url":"https:\/\/madoskampas.lt\/","name":"FashionKampas.lt","description":"\u0421\u0442\u0438\u043b\u044c\u043d\u0430\u044f \u043e\u0434\u0435\u0436\u0434\u0430 \u0434\u043b\u044f \u0436\u0435\u043d\u0449\u0438\u043d","potentialAction":[{"@type":"SearchAction","target":{"@type":"EntryPoint","urlTemplate":"https:\/\/madoskampas.lt\/?s={search_term_string}"},"query-input":{"@type":"PropertyValueSpecification","valueRequired":true,"valueName":"search_term_string"}}],"inLanguage":"ru-RU"}]}},"uagb_featured_image_src":{"full":["https:\/\/madoskampas.lt\/wp-content\/uploads\/2025\/04\/IMG_3059.jpeg",1536,2048,false],"thumbnail":["https:\/\/madoskampas.lt\/wp-content\/uploads\/2025\/04\/IMG_3059-150x150.jpeg",150,150,true],"medium":["https:\/\/madoskampas.lt\/wp-content\/uploads\/2025\/04\/IMG_3059-225x300.jpeg",225,300,true],"medium_large":["https:\/\/madoskampas.lt\/wp-content\/uploads\/2025\/04\/IMG_3059-768x1024.jpeg",768,1024,true],"large":["https:\/\/madoskampas.lt\/wp-content\/uploads\/2025\/04\/IMG_3059-768x1024.jpeg",768,1024,true],"1536x1536":["https:\/\/madoskampas.lt\/wp-content\/uploads\/2025\/04\/IMG_3059-1152x1536.jpeg",1152,1536,true],"2048x2048":["https:\/\/madoskampas.lt\/wp-content\/uploads\/2025\/04\/IMG_3059.jpeg",1536,2048,false],"trp-custom-language-flag":["https:\/\/madoskampas.lt\/wp-content\/uploads\/2025\/04\/IMG_3059.jpeg",9,12,false],"nova-image-square":["https:\/\/madoskampas.lt\/wp-content\/uploads\/2025\/04\/IMG_3059-1100x1100.jpeg",1100,1100,true],"mixtas-product-03":["https:\/\/madoskampas.lt\/wp-content\/uploads\/2025\/04\/IMG_3059-600x345.jpeg",600,345,true],"woocommerce_thumbnail":["https:\/\/madoskampas.lt\/wp-content\/uploads\/2025\/04\/IMG_3059-700x700.jpeg",700,700,true],"woocommerce_single":["https:\/\/madoskampas.lt\/wp-content\/uploads\/2025\/04\/IMG_3059-1000x1333.jpeg",1000,1333,true],"woocommerce_gallery_thumbnail":["https:\/\/madoskampas.lt\/wp-content\/uploads\/2025\/04\/IMG_3059-250x250.jpeg",250,250,true],"variation_swatches_image_size":["https:\/\/madoskampas.lt\/wp-content\/uploads\/2025\/04\/IMG_3059-50x50.jpeg",50,50,true],"variation_swatches_tooltip_size":["https:\/\/madoskampas.lt\/wp-content\/uploads\/2025\/04\/IMG_3059-100x100.jpeg",100,100,true]},"uagb_author_info":{"display_name":"algirdasbart","author_link":"https:\/\/madoskampas.lt\/ru\/author\/"},"uagb_comment_info":0,"uagb_excerpt":"Stilingi d\u017einsinio tipo \u0161ortai \u201eBianco Estate\u201c \u2013 nepakei\u010diamas vasaros garderobo akcentas. \u0160velni kremin\u0117 spalva der\u0117s tiek su mar\u0161kin\u0117liais, tiek su eleganti\u0161kais mezginiais. Vidutinio auk\u0161\u010dio liemuo, patogios ki\u0161en\u0117s ir tvirta, bet mink\u0161ta med\u017eiaga leis jaustis laisvai ir stilingai vis\u0105 dien\u0105.Tinka tiek miesto pasivaik\u0161\u010diojimams, tiek vasaros i\u0161vykoms.","jetpack_sharing_enabled":true,"_links":{"self":[{"href":"https:\/\/madoskampas.lt\/ru\/wp-json\/wp\/v2\/product\/15533","targetHints":{"allow":["GET"]}}],"collection":[{"href":"https:\/\/madoskampas.lt\/ru\/wp-json\/wp\/v2\/product"}],"about":[{"href":"https:\/\/madoskampas.lt\/ru\/wp-json\/wp\/v2\/types\/product"}],"replies":[{"embeddable":true,"href":"https:\/\/madoskampas.lt\/ru\/wp-json\/wp\/v2\/comments?post=15533"}],"wp:featuredmedia":[{"embeddable":true,"href":"https:\/\/madoskampas.lt\/ru\/wp-json\/wp\/v2\/media\/15496"}],"wp:attachment":[{"href":"https:\/\/madoskampas.lt\/ru\/wp-json\/wp\/v2\/media?parent=15533"}],"wp:term":[{"taxonomy":"product_brand","embeddable":true,"href":"https:\/\/madoskampas.lt\/ru\/wp-json\/wp\/v2\/product_brand?post=15533"},{"taxonomy":"product_cat","embeddable":true,"href":"https:\/\/madoskampas.lt\/ru\/wp-json\/wp\/v2\/product_cat?post=15533"},{"taxonomy":"product_tag","embeddable":true,"href":"https:\/\/madoskampas.lt\/ru\/wp-json\/wp\/v2\/product_tag?post=15533"}],"curies":[{"name":"wp","href":"https:\/\/api.w.org\/{rel}","templated":true}]}}