{"id":16234,"date":"2025-05-30T09:37:52","date_gmt":"2025-05-30T09:37:52","guid":{"rendered":"https:\/\/madoskampas.lt\/?post_type=product&#038;p=16234"},"modified":"2026-05-15T07:54:28","modified_gmt":"2026-05-15T07:54:28","slug":"kelnes-soft-flow","status":"publish","type":"product","link":"https:\/\/madoskampas.lt\/ru\/product-2\/kelnes-soft-flow\/","title":{"rendered":"\u0411\u0440\u044e\u043a\u0438 \u201eSoft Flow\u201d"},"content":{"rendered":"<p>Lengvai krentan\u010dios, maloniai glostan\u010dios od\u0105 \u2013 <em data-start=\"182\" data-end=\"193\">Soft Flow<\/em> keln\u0117s sukurtos patogumui ir stiliui viename!<\/p>","protected":false},"excerpt":{"rendered":"<p data-start=\"117\" data-end=\"406\">Lengvai krentan\u010dios, maloniai glostan\u010dios od\u0105 \u2013 <em data-start=\"182\" data-end=\"193\">Soft Flow<\/em> keln\u0117s sukurtos patogumui ir stiliui viename. Elastingas liemuo prisitaiko prie fig\u016bros, o plat\u0117jantis siluetas suteikia eleganti\u0161ko laisvumo. Puikus pasirinkimas tiek laisvalaikiui, tiek vasaros miesto ritmui.<\/p>\n<p data-start=\"408\" data-end=\"558\">\u25aa\ufe0f Liemuo \u2013 35 cm (tamprus, iki 50 cm)<br data-start=\"446\" data-end=\"449\" \/>\u25aa\ufe0f Klubai \u2013 54 cm<br data-start=\"466\" data-end=\"469\" \/>\u25aa\ufe0f Ilgis \u2013 104 cm<br data-start=\"486\" data-end=\"489\" \/>\u2714\ufe0f Dydis \u2013 tinka S\/M\/L<br data-start=\"511\" data-end=\"514\" \/>Spalvos: juoda, tamsiai ruda, tamsiai m\u0117lyna<\/p>","protected":false},"featured_media":16216,"comment_status":"open","ping_status":"closed","template":"","meta":{"_uag_custom_page_level_css":"","_monsterinsights_skip_tracking":false,"_monsterinsights_sitenote_active":false,"_monsterinsights_sitenote_note":"","_monsterinsights_sitenote_category":0},"product_brand":[],"product_cat":[66,132,69],"product_tag":[],"class_list":{"0":"post-16234","1":"product","2":"type-product","3":"status-publish","4":"has-post-thumbnail","6":"product_cat-drabuziai","7":"product_cat-ispardavimas","8":"product_cat-kelnes","9":"tm-has-options","11":"first","12":"instock","13":"sale","14":"shipping-taxable","15":"purchasable","16":"product-type-variable"},"yoast_head":"<!-- This site is optimized with the Yoast SEO plugin v27.6 - https:\/\/yoast.com\/product\/yoast-seo-wordpress\/ -->\n<title>Keln\u0117s &quot;Soft Flow&quot; - MadosKampas.lt<\/title>\n<meta name=\"robots\" content=\"index, follow, max-snippet:-1, max-image-preview:large, max-video-preview:-1\" \/>\n<link rel=\"canonical\" href=\"https:\/\/madoskampas.lt\/ru\/product-2\/kelnes-soft-flow\/\" \/>\n<meta property=\"og:locale\" content=\"ru_RU\" \/>\n<meta property=\"og:type\" content=\"article\" \/>\n<meta property=\"og:title\" content=\"Keln\u0117s &quot;Soft Flow&quot; - MadosKampas.lt\" \/>\n<meta property=\"og:description\" content=\"Lengvai krentan\u010dios, maloniai glostan\u010dios od\u0105 \u2013 Soft Flow keln\u0117s sukurtos patogumui ir stiliui viename. Elastingas liemuo prisitaiko prie fig\u016bros, o plat\u0117jantis siluetas suteikia eleganti\u0161ko laisvumo. Puikus pasirinkimas tiek laisvalaikiui, tiek vasaros miesto ritmui. \u25aa\ufe0f Liemuo \u2013 35 cm (tamprus, iki 50 cm)\u25aa\ufe0f Klubai \u2013 54 cm\u25aa\ufe0f Ilgis \u2013 104 cm\u2714\ufe0f Dydis \u2013 tinka S\/M\/LSpalvos: juoda, tamsiai ruda, tamsiai m\u0117lyna\" \/>\n<meta property=\"og:url\" content=\"https:\/\/madoskampas.lt\/ru\/product-2\/kelnes-soft-flow\/\" \/>\n<meta property=\"og:site_name\" content=\"MadosKampas.lt\" \/>\n<meta property=\"article:modified_time\" content=\"2026-05-15T07:54:28+00:00\" \/>\n<meta property=\"og:image\" content=\"https:\/\/madoskampas.lt\/wp-content\/uploads\/2025\/05\/IMG_5051.jpeg\" \/>\n\t<meta property=\"og:image:width\" content=\"1536\" \/>\n\t<meta property=\"og:image:height\" content=\"2048\" \/>\n\t<meta property=\"og:image:type\" content=\"image\/jpeg\" \/>\n<meta name=\"twitter:card\" content=\"summary_large_image\" \/>\n<meta name=\"twitter:label1\" content=\"\u041f\u0440\u0438\u043c\u0435\u0440\u043d\u043e\u0435 \u0432\u0440\u0435\u043c\u044f \u0434\u043b\u044f \u0447\u0442\u0435\u043d\u0438\u044f\" \/>\n\t<meta name=\"twitter:data1\" content=\"1 \u043c\u0438\u043d\u0443\u0442\u0430\" \/>\n<script type=\"application\/ld+json\" class=\"yoast-schema-graph\">{\"@context\":\"https:\\\/\\\/schema.org\",\"@graph\":[{\"@type\":\"WebPage\",\"@id\":\"https:\\\/\\\/madoskampas.lt\\\/produktas\\\/kelnes-soft-flow\\\/\",\"url\":\"https:\\\/\\\/madoskampas.lt\\\/produktas\\\/kelnes-soft-flow\\\/\",\"name\":\"Keln\u0117s \\\"Soft Flow\\\" - MadosKampas.lt\",\"isPartOf\":{\"@id\":\"https:\\\/\\\/madoskampas.lt\\\/#website\"},\"primaryImageOfPage\":{\"@id\":\"https:\\\/\\\/madoskampas.lt\\\/produktas\\\/kelnes-soft-flow\\\/#primaryimage\"},\"image\":{\"@id\":\"https:\\\/\\\/madoskampas.lt\\\/produktas\\\/kelnes-soft-flow\\\/#primaryimage\"},\"thumbnailUrl\":\"https:\\\/\\\/madoskampas.lt\\\/wp-content\\\/uploads\\\/2025\\\/05\\\/IMG_5051.jpeg\",\"datePublished\":\"2025-05-30T09:37:52+00:00\",\"dateModified\":\"2026-05-15T07:54:28+00:00\",\"breadcrumb\":{\"@id\":\"https:\\\/\\\/madoskampas.lt\\\/produktas\\\/kelnes-soft-flow\\\/#breadcrumb\"},\"inLanguage\":\"ru-RU\",\"potentialAction\":[{\"@type\":\"ReadAction\",\"target\":[\"https:\\\/\\\/madoskampas.lt\\\/produktas\\\/kelnes-soft-flow\\\/\"]}]},{\"@type\":\"ImageObject\",\"inLanguage\":\"ru-RU\",\"@id\":\"https:\\\/\\\/madoskampas.lt\\\/produktas\\\/kelnes-soft-flow\\\/#primaryimage\",\"url\":\"https:\\\/\\\/madoskampas.lt\\\/wp-content\\\/uploads\\\/2025\\\/05\\\/IMG_5051.jpeg\",\"contentUrl\":\"https:\\\/\\\/madoskampas.lt\\\/wp-content\\\/uploads\\\/2025\\\/05\\\/IMG_5051.jpeg\",\"width\":1536,\"height\":2048},{\"@type\":\"BreadcrumbList\",\"@id\":\"https:\\\/\\\/madoskampas.lt\\\/produktas\\\/kelnes-soft-flow\\\/#breadcrumb\",\"itemListElement\":[{\"@type\":\"ListItem\",\"position\":1,\"name\":\"Home\",\"item\":\"https:\\\/\\\/madoskampas.lt\\\/\"},{\"@type\":\"ListItem\",\"position\":2,\"name\":\"Parduotuv\u0117\",\"item\":\"https:\\\/\\\/madoskampas.lt\\\/parduotuve-2\\\/\"},{\"@type\":\"ListItem\",\"position\":3,\"name\":\"Keln\u0117s &#8222;Soft Flow&#8221;\"}]},{\"@type\":\"WebSite\",\"@id\":\"https:\\\/\\\/madoskampas.lt\\\/#website\",\"url\":\"https:\\\/\\\/madoskampas.lt\\\/\",\"name\":\"MadosKampas.lt\",\"description\":\"Stilingi drabu\u017eiai moterims\",\"potentialAction\":[{\"@type\":\"SearchAction\",\"target\":{\"@type\":\"EntryPoint\",\"urlTemplate\":\"https:\\\/\\\/madoskampas.lt\\\/?s={search_term_string}\"},\"query-input\":{\"@type\":\"PropertyValueSpecification\",\"valueRequired\":true,\"valueName\":\"search_term_string\"}}],\"inLanguage\":\"ru-RU\"}]}<\/script>\n<!-- \/ Yoast SEO plugin. -->","yoast_head_json":{"title":"Keln\u0117s \"Soft Flow\" - MadosKampas.lt","robots":{"index":"index","follow":"follow","max-snippet":"max-snippet:-1","max-image-preview":"max-image-preview:large","max-video-preview":"max-video-preview:-1"},"canonical":"https:\/\/madoskampas.lt\/ru\/product-2\/kelnes-soft-flow\/","og_locale":"ru_RU","og_type":"article","og_title":"Keln\u0117s \"Soft Flow\" - MadosKampas.lt","og_description":"Lengvai krentan\u010dios, maloniai glostan\u010dios od\u0105 \u2013 Soft Flow keln\u0117s sukurtos patogumui ir stiliui viename. Elastingas liemuo prisitaiko prie fig\u016bros, o plat\u0117jantis siluetas suteikia eleganti\u0161ko laisvumo. Puikus pasirinkimas tiek laisvalaikiui, tiek vasaros miesto ritmui. \u25aa\ufe0f Liemuo \u2013 35 cm (tamprus, iki 50 cm)\u25aa\ufe0f Klubai \u2013 54 cm\u25aa\ufe0f Ilgis \u2013 104 cm\u2714\ufe0f Dydis \u2013 tinka S\/M\/LSpalvos: juoda, tamsiai ruda, tamsiai m\u0117lyna","og_url":"https:\/\/madoskampas.lt\/ru\/product-2\/kelnes-soft-flow\/","og_site_name":"MadosKampas.lt","article_modified_time":"2026-05-15T07:54:28+00:00","og_image":[{"width":1536,"height":2048,"url":"https:\/\/madoskampas.lt\/wp-content\/uploads\/2025\/05\/IMG_5051.jpeg","type":"image\/jpeg"}],"twitter_card":"summary_large_image","twitter_misc":{"\u041f\u0440\u0438\u043c\u0435\u0440\u043d\u043e\u0435 \u0432\u0440\u0435\u043c\u044f \u0434\u043b\u044f \u0447\u0442\u0435\u043d\u0438\u044f":"1 \u043c\u0438\u043d\u0443\u0442\u0430"},"schema":{"@context":"https:\/\/schema.org","@graph":[{"@type":"WebPage","@id":"https:\/\/madoskampas.lt\/produktas\/kelnes-soft-flow\/","url":"https:\/\/madoskampas.lt\/produktas\/kelnes-soft-flow\/","name":"Keln\u0117s \"Soft Flow\" - MadosKampas.lt","isPartOf":{"@id":"https:\/\/madoskampas.lt\/#website"},"primaryImageOfPage":{"@id":"https:\/\/madoskampas.lt\/produktas\/kelnes-soft-flow\/#primaryimage"},"image":{"@id":"https:\/\/madoskampas.lt\/produktas\/kelnes-soft-flow\/#primaryimage"},"thumbnailUrl":"https:\/\/madoskampas.lt\/wp-content\/uploads\/2025\/05\/IMG_5051.jpeg","datePublished":"2025-05-30T09:37:52+00:00","dateModified":"2026-05-15T07:54:28+00:00","breadcrumb":{"@id":"https:\/\/madoskampas.lt\/produktas\/kelnes-soft-flow\/#breadcrumb"},"inLanguage":"ru-RU","potentialAction":[{"@type":"ReadAction","target":["https:\/\/madoskampas.lt\/produktas\/kelnes-soft-flow\/"]}]},{"@type":"ImageObject","inLanguage":"ru-RU","@id":"https:\/\/madoskampas.lt\/produktas\/kelnes-soft-flow\/#primaryimage","url":"https:\/\/madoskampas.lt\/wp-content\/uploads\/2025\/05\/IMG_5051.jpeg","contentUrl":"https:\/\/madoskampas.lt\/wp-content\/uploads\/2025\/05\/IMG_5051.jpeg","width":1536,"height":2048},{"@type":"BreadcrumbList","@id":"https:\/\/madoskampas.lt\/produktas\/kelnes-soft-flow\/#breadcrumb","itemListElement":[{"@type":"ListItem","position":1,"name":"Home","item":"https:\/\/madoskampas.lt\/"},{"@type":"ListItem","position":2,"name":"Parduotuv\u0117","item":"https:\/\/madoskampas.lt\/parduotuve-2\/"},{"@type":"ListItem","position":3,"name":"Keln\u0117s &#8222;Soft Flow&#8221;"}]},{"@type":"WebSite","@id":"https:\/\/madoskampas.lt\/#website","url":"https:\/\/madoskampas.lt\/","name":"FashionKampas.lt","description":"\u0421\u0442\u0438\u043b\u044c\u043d\u0430\u044f \u043e\u0434\u0435\u0436\u0434\u0430 \u0434\u043b\u044f \u0436\u0435\u043d\u0449\u0438\u043d","potentialAction":[{"@type":"SearchAction","target":{"@type":"EntryPoint","urlTemplate":"https:\/\/madoskampas.lt\/?s={search_term_string}"},"query-input":{"@type":"PropertyValueSpecification","valueRequired":true,"valueName":"search_term_string"}}],"inLanguage":"ru-RU"}]}},"uagb_featured_image_src":{"full":["https:\/\/madoskampas.lt\/wp-content\/uploads\/2025\/05\/IMG_5051.jpeg",1536,2048,false],"thumbnail":["https:\/\/madoskampas.lt\/wp-content\/uploads\/2025\/05\/IMG_5051-150x150.jpeg",150,150,true],"medium":["https:\/\/madoskampas.lt\/wp-content\/uploads\/2025\/05\/IMG_5051-225x300.jpeg",225,300,true],"medium_large":["https:\/\/madoskampas.lt\/wp-content\/uploads\/2025\/05\/IMG_5051-768x1024.jpeg",768,1024,true],"large":["https:\/\/madoskampas.lt\/wp-content\/uploads\/2025\/05\/IMG_5051-768x1024.jpeg",768,1024,true],"1536x1536":["https:\/\/madoskampas.lt\/wp-content\/uploads\/2025\/05\/IMG_5051-1152x1536.jpeg",1152,1536,true],"2048x2048":["https:\/\/madoskampas.lt\/wp-content\/uploads\/2025\/05\/IMG_5051.jpeg",1536,2048,false],"trp-custom-language-flag":["https:\/\/madoskampas.lt\/wp-content\/uploads\/2025\/05\/IMG_5051.jpeg",9,12,false],"nova-image-square":["https:\/\/madoskampas.lt\/wp-content\/uploads\/2025\/05\/IMG_5051-1100x1100.jpeg",1100,1100,true],"mixtas-product-03":["https:\/\/madoskampas.lt\/wp-content\/uploads\/2025\/05\/IMG_5051-600x345.jpeg",600,345,true],"woocommerce_thumbnail":["https:\/\/madoskampas.lt\/wp-content\/uploads\/2025\/05\/IMG_5051-700x700.jpeg",700,700,true],"woocommerce_single":["https:\/\/madoskampas.lt\/wp-content\/uploads\/2025\/05\/IMG_5051-1000x1333.jpeg",1000,1333,true],"woocommerce_gallery_thumbnail":["https:\/\/madoskampas.lt\/wp-content\/uploads\/2025\/05\/IMG_5051-250x250.jpeg",250,250,true],"variation_swatches_image_size":["https:\/\/madoskampas.lt\/wp-content\/uploads\/2025\/05\/IMG_5051-50x50.jpeg",50,50,true],"variation_swatches_tooltip_size":["https:\/\/madoskampas.lt\/wp-content\/uploads\/2025\/05\/IMG_5051-100x100.jpeg",100,100,true]},"uagb_author_info":{"display_name":"algirdasbart","author_link":"https:\/\/madoskampas.lt\/ru\/author\/"},"uagb_comment_info":0,"uagb_excerpt":"Lengvai krentan\u010dios, maloniai glostan\u010dios od\u0105 \u2013 Soft Flow keln\u0117s sukurtos patogumui ir stiliui viename. Elastingas liemuo prisitaiko prie fig\u016bros, o plat\u0117jantis siluetas suteikia eleganti\u0161ko laisvumo. Puikus pasirinkimas tiek laisvalaikiui, tiek vasaros miesto ritmui. \u25aa\ufe0f Liemuo \u2013 35 cm (tamprus, iki 50 cm)\u25aa\ufe0f Klubai \u2013 54 cm\u25aa\ufe0f Ilgis \u2013 104 cm\u2714\ufe0f Dydis \u2013 tinka S\/M\/LSpalvos: juoda,&hellip;","jetpack_sharing_enabled":true,"_links":{"self":[{"href":"https:\/\/madoskampas.lt\/ru\/wp-json\/wp\/v2\/product\/16234","targetHints":{"allow":["GET"]}}],"collection":[{"href":"https:\/\/madoskampas.lt\/ru\/wp-json\/wp\/v2\/product"}],"about":[{"href":"https:\/\/madoskampas.lt\/ru\/wp-json\/wp\/v2\/types\/product"}],"replies":[{"embeddable":true,"href":"https:\/\/madoskampas.lt\/ru\/wp-json\/wp\/v2\/comments?post=16234"}],"wp:featuredmedia":[{"embeddable":true,"href":"https:\/\/madoskampas.lt\/ru\/wp-json\/wp\/v2\/media\/16216"}],"wp:attachment":[{"href":"https:\/\/madoskampas.lt\/ru\/wp-json\/wp\/v2\/media?parent=16234"}],"wp:term":[{"taxonomy":"product_brand","embeddable":true,"href":"https:\/\/madoskampas.lt\/ru\/wp-json\/wp\/v2\/product_brand?post=16234"},{"taxonomy":"product_cat","embeddable":true,"href":"https:\/\/madoskampas.lt\/ru\/wp-json\/wp\/v2\/product_cat?post=16234"},{"taxonomy":"product_tag","embeddable":true,"href":"https:\/\/madoskampas.lt\/ru\/wp-json\/wp\/v2\/product_tag?post=16234"}],"curies":[{"name":"wp","href":"https:\/\/api.w.org\/{rel}","templated":true}]}}