{"id":17034,"date":"2025-06-20T10:11:44","date_gmt":"2025-06-20T10:11:44","guid":{"rendered":"https:\/\/madoskampas.lt\/?post_type=product&#038;p=17034"},"modified":"2026-02-13T09:07:19","modified_gmt":"2026-02-13T09:07:19","slug":"royal-home-no41-sandalwood-sandalmedzio-ramybe","status":"publish","type":"product","link":"https:\/\/madoskampas.lt\/ru\/product-2\/royal-home-no41-sandalwood-sandalmedzio-ramybe\/","title":{"rendered":"Royal Home No\u00b041 Sandalwood \u2013 Sandalmed\u017eio ramyb\u0117"},"content":{"rendered":"<p>\u201eSandalwood\u201c \u2013 tai kvapas, kuris tarsi kvie\u010dia \u012f tyl\u0173 pasivaik\u0161\u010diojim\u0105 med\u017ei\u0173 pav\u0117syje.<\/p>\n<p>Gaivus rozmarinas susilieja su sodriu sandalmed\u017eiu, paslaptingu pa\u010duliu ir \u0161velniu muskuso \u0161leifu.<\/p>","protected":false},"excerpt":{"rendered":"<p data-start=\"430\" data-end=\"792\">\u0160iltas, subtilus ir prabangus \u2013 kvapas, kuris pripildo namus ramybe ir harmonija.<\/p>\n<p data-start=\"430\" data-end=\"792\">\u201eSandalwood\u201c \u2013 tai kvapas, kuris tarsi kvie\u010dia \u012f tyl\u0173 pasivaik\u0161\u010diojim\u0105 med\u017ei\u0173 pav\u0117syje. Gaivus rozmarinas susilieja su sodriu sandalmed\u017eiu, paslaptingu pa\u010duliu ir \u0161velniu muskuso \u0161leifu. Tai aromatas, kuris atpalaiduoja, suteikia jaukumo ir sukuria \u0161vari\u0105, subalansuot\u0105 erdv\u0119.<br data-start=\"731\" data-end=\"734\" \/>Tobulas pasirinkimas miegamajam, svetainei ar darbo zonai.<\/p>\n<p data-start=\"794\" data-end=\"993\"><strong data-start=\"794\" data-end=\"810\">Informacija:<\/strong><br data-start=\"810\" data-end=\"813\" \/>\u2022 Kvapo natos: rozmarinas, sandalmedis, pa\u010dulis, muskusas<br data-start=\"871\" data-end=\"874\" \/>\u2022 500 ml pur\u0161kiamas nam\u0173 kvapas<br data-start=\"906\" data-end=\"909\" \/>\u2022 Naudojamas ore arba ant tekstil\u0117s<br data-start=\"945\" data-end=\"948\" \/>\u2022 Eleganti\u0161kas dizainas \u2013 puo\u0161ia interjer\u0105<\/p>","protected":false},"featured_media":17039,"comment_status":"open","ping_status":"closed","template":"","meta":{"_uag_custom_page_level_css":"","_monsterinsights_skip_tracking":false,"_monsterinsights_sitenote_active":false,"_monsterinsights_sitenote_note":"","_monsterinsights_sitenote_category":0},"product_brand":[],"product_cat":[203,194,95],"product_tag":[],"class_list":{"0":"post-17034","1":"product","2":"type-product","3":"status-publish","4":"has-post-thumbnail","6":"product_cat-dovanu-idejos","7":"product_cat-namu-kvapai","8":"product_cat-naujausi","9":"tm-has-options","11":"first","12":"outofstock","13":"sale","14":"shipping-taxable","15":"purchasable","16":"product-type-simple"},"yoast_head":"<!-- This site is optimized with the Yoast SEO plugin v27.3 - https:\/\/yoast.com\/product\/yoast-seo-wordpress\/ -->\n<title>Royal Home No\u00b041 Sandalwood \u2013 Sandalmed\u017eio ramyb\u0117 - MadosKampas.lt<\/title>\n<meta name=\"robots\" content=\"index, follow, max-snippet:-1, max-image-preview:large, max-video-preview:-1\" \/>\n<link rel=\"canonical\" href=\"https:\/\/madoskampas.lt\/ru\/product-2\/royal-home-no41-sandalwood-sandalmedzio-ramybe\/\" \/>\n<meta property=\"og:locale\" content=\"ru_RU\" \/>\n<meta property=\"og:type\" content=\"article\" \/>\n<meta property=\"og:title\" content=\"Royal Home No\u00b041 Sandalwood \u2013 Sandalmed\u017eio ramyb\u0117 - MadosKampas.lt\" \/>\n<meta property=\"og:description\" content=\"\u0160iltas, subtilus ir prabangus \u2013 kvapas, kuris pripildo namus ramybe ir harmonija. \u201eSandalwood\u201c \u2013 tai kvapas, kuris tarsi kvie\u010dia \u012f tyl\u0173 pasivaik\u0161\u010diojim\u0105 med\u017ei\u0173 pav\u0117syje. Gaivus rozmarinas susilieja su sodriu sandalmed\u017eiu, paslaptingu pa\u010duliu ir \u0161velniu muskuso \u0161leifu. Tai aromatas, kuris atpalaiduoja, suteikia jaukumo ir sukuria \u0161vari\u0105, subalansuot\u0105 erdv\u0119.Tobulas pasirinkimas miegamajam, svetainei ar darbo zonai. Informacija:\u2022 Kvapo natos: rozmarinas, sandalmedis, pa\u010dulis, muskusas\u2022 500 ml pur\u0161kiamas nam\u0173 kvapas\u2022 Naudojamas ore arba ant tekstil\u0117s\u2022 Eleganti\u0161kas dizainas \u2013 puo\u0161ia interjer\u0105\" \/>\n<meta property=\"og:url\" content=\"https:\/\/madoskampas.lt\/ru\/product-2\/royal-home-no41-sandalwood-sandalmedzio-ramybe\/\" \/>\n<meta property=\"og:site_name\" content=\"MadosKampas.lt\" \/>\n<meta property=\"article:modified_time\" content=\"2026-02-13T09:07:19+00:00\" \/>\n<meta property=\"og:image\" content=\"https:\/\/madoskampas.lt\/wp-content\/uploads\/2025\/06\/ChatGPT-Image-Jun-20-2025-01_08_02-PM.jpg\" \/>\n\t<meta property=\"og:image:width\" content=\"1024\" \/>\n\t<meta property=\"og:image:height\" content=\"1536\" \/>\n\t<meta property=\"og:image:type\" content=\"image\/jpeg\" \/>\n<meta name=\"twitter:card\" content=\"summary_large_image\" \/>\n<meta name=\"twitter:label1\" content=\"\u041f\u0440\u0438\u043c\u0435\u0440\u043d\u043e\u0435 \u0432\u0440\u0435\u043c\u044f \u0434\u043b\u044f \u0447\u0442\u0435\u043d\u0438\u044f\" \/>\n\t<meta name=\"twitter:data1\" content=\"1 \u043c\u0438\u043d\u0443\u0442\u0430\" \/>\n<script type=\"application\/ld+json\" class=\"yoast-schema-graph\">{\"@context\":\"https:\\\/\\\/schema.org\",\"@graph\":[{\"@type\":\"WebPage\",\"@id\":\"https:\\\/\\\/madoskampas.lt\\\/produktas\\\/royal-home-no41-sandalwood-sandalmedzio-ramybe\\\/\",\"url\":\"https:\\\/\\\/madoskampas.lt\\\/produktas\\\/royal-home-no41-sandalwood-sandalmedzio-ramybe\\\/\",\"name\":\"Royal Home No\u00b041 Sandalwood \u2013 Sandalmed\u017eio ramyb\u0117 - MadosKampas.lt\",\"isPartOf\":{\"@id\":\"https:\\\/\\\/madoskampas.lt\\\/#website\"},\"primaryImageOfPage\":{\"@id\":\"https:\\\/\\\/madoskampas.lt\\\/produktas\\\/royal-home-no41-sandalwood-sandalmedzio-ramybe\\\/#primaryimage\"},\"image\":{\"@id\":\"https:\\\/\\\/madoskampas.lt\\\/produktas\\\/royal-home-no41-sandalwood-sandalmedzio-ramybe\\\/#primaryimage\"},\"thumbnailUrl\":\"https:\\\/\\\/madoskampas.lt\\\/wp-content\\\/uploads\\\/2025\\\/06\\\/ChatGPT-Image-Jun-20-2025-01_08_02-PM.jpg\",\"datePublished\":\"2025-06-20T10:11:44+00:00\",\"dateModified\":\"2026-02-13T09:07:19+00:00\",\"breadcrumb\":{\"@id\":\"https:\\\/\\\/madoskampas.lt\\\/produktas\\\/royal-home-no41-sandalwood-sandalmedzio-ramybe\\\/#breadcrumb\"},\"inLanguage\":\"ru-RU\",\"potentialAction\":[{\"@type\":\"ReadAction\",\"target\":[\"https:\\\/\\\/madoskampas.lt\\\/produktas\\\/royal-home-no41-sandalwood-sandalmedzio-ramybe\\\/\"]}]},{\"@type\":\"ImageObject\",\"inLanguage\":\"ru-RU\",\"@id\":\"https:\\\/\\\/madoskampas.lt\\\/produktas\\\/royal-home-no41-sandalwood-sandalmedzio-ramybe\\\/#primaryimage\",\"url\":\"https:\\\/\\\/madoskampas.lt\\\/wp-content\\\/uploads\\\/2025\\\/06\\\/ChatGPT-Image-Jun-20-2025-01_08_02-PM.jpg\",\"contentUrl\":\"https:\\\/\\\/madoskampas.lt\\\/wp-content\\\/uploads\\\/2025\\\/06\\\/ChatGPT-Image-Jun-20-2025-01_08_02-PM.jpg\",\"width\":1024,\"height\":1536},{\"@type\":\"BreadcrumbList\",\"@id\":\"https:\\\/\\\/madoskampas.lt\\\/produktas\\\/royal-home-no41-sandalwood-sandalmedzio-ramybe\\\/#breadcrumb\",\"itemListElement\":[{\"@type\":\"ListItem\",\"position\":1,\"name\":\"Home\",\"item\":\"https:\\\/\\\/madoskampas.lt\\\/\"},{\"@type\":\"ListItem\",\"position\":2,\"name\":\"Parduotuv\u0117\",\"item\":\"https:\\\/\\\/madoskampas.lt\\\/parduotuve-2\\\/\"},{\"@type\":\"ListItem\",\"position\":3,\"name\":\"Royal Home No\u00b041 Sandalwood \u2013 Sandalmed\u017eio ramyb\u0117\"}]},{\"@type\":\"WebSite\",\"@id\":\"https:\\\/\\\/madoskampas.lt\\\/#website\",\"url\":\"https:\\\/\\\/madoskampas.lt\\\/\",\"name\":\"MadosKampas.lt\",\"description\":\"Stilingi drabu\u017eiai moterims\",\"potentialAction\":[{\"@type\":\"SearchAction\",\"target\":{\"@type\":\"EntryPoint\",\"urlTemplate\":\"https:\\\/\\\/madoskampas.lt\\\/?s={search_term_string}\"},\"query-input\":{\"@type\":\"PropertyValueSpecification\",\"valueRequired\":true,\"valueName\":\"search_term_string\"}}],\"inLanguage\":\"ru-RU\"}]}<\/script>\n<!-- \/ Yoast SEO plugin. -->","yoast_head_json":{"title":"Royal Home No\u00b041 Sandalwood \u2013 Sandalmed\u017eio ramyb\u0117 - MadosKampas.lt","robots":{"index":"index","follow":"follow","max-snippet":"max-snippet:-1","max-image-preview":"max-image-preview:large","max-video-preview":"max-video-preview:-1"},"canonical":"https:\/\/madoskampas.lt\/ru\/product-2\/royal-home-no41-sandalwood-sandalmedzio-ramybe\/","og_locale":"ru_RU","og_type":"article","og_title":"Royal Home No\u00b041 Sandalwood \u2013 Sandalmed\u017eio ramyb\u0117 - MadosKampas.lt","og_description":"\u0160iltas, subtilus ir prabangus \u2013 kvapas, kuris pripildo namus ramybe ir harmonija. \u201eSandalwood\u201c \u2013 tai kvapas, kuris tarsi kvie\u010dia \u012f tyl\u0173 pasivaik\u0161\u010diojim\u0105 med\u017ei\u0173 pav\u0117syje. Gaivus rozmarinas susilieja su sodriu sandalmed\u017eiu, paslaptingu pa\u010duliu ir \u0161velniu muskuso \u0161leifu. Tai aromatas, kuris atpalaiduoja, suteikia jaukumo ir sukuria \u0161vari\u0105, subalansuot\u0105 erdv\u0119.Tobulas pasirinkimas miegamajam, svetainei ar darbo zonai. Informacija:\u2022 Kvapo natos: rozmarinas, sandalmedis, pa\u010dulis, muskusas\u2022 500 ml pur\u0161kiamas nam\u0173 kvapas\u2022 Naudojamas ore arba ant tekstil\u0117s\u2022 Eleganti\u0161kas dizainas \u2013 puo\u0161ia interjer\u0105","og_url":"https:\/\/madoskampas.lt\/ru\/product-2\/royal-home-no41-sandalwood-sandalmedzio-ramybe\/","og_site_name":"MadosKampas.lt","article_modified_time":"2026-02-13T09:07:19+00:00","og_image":[{"width":1024,"height":1536,"url":"https:\/\/madoskampas.lt\/wp-content\/uploads\/2025\/06\/ChatGPT-Image-Jun-20-2025-01_08_02-PM.jpg","type":"image\/jpeg"}],"twitter_card":"summary_large_image","twitter_misc":{"\u041f\u0440\u0438\u043c\u0435\u0440\u043d\u043e\u0435 \u0432\u0440\u0435\u043c\u044f \u0434\u043b\u044f \u0447\u0442\u0435\u043d\u0438\u044f":"1 \u043c\u0438\u043d\u0443\u0442\u0430"},"schema":{"@context":"https:\/\/schema.org","@graph":[{"@type":"WebPage","@id":"https:\/\/madoskampas.lt\/produktas\/royal-home-no41-sandalwood-sandalmedzio-ramybe\/","url":"https:\/\/madoskampas.lt\/produktas\/royal-home-no41-sandalwood-sandalmedzio-ramybe\/","name":"Royal Home No\u00b041 Sandalwood \u2013 Sandalmed\u017eio ramyb\u0117 - MadosKampas.lt","isPartOf":{"@id":"https:\/\/madoskampas.lt\/#website"},"primaryImageOfPage":{"@id":"https:\/\/madoskampas.lt\/produktas\/royal-home-no41-sandalwood-sandalmedzio-ramybe\/#primaryimage"},"image":{"@id":"https:\/\/madoskampas.lt\/produktas\/royal-home-no41-sandalwood-sandalmedzio-ramybe\/#primaryimage"},"thumbnailUrl":"https:\/\/madoskampas.lt\/wp-content\/uploads\/2025\/06\/ChatGPT-Image-Jun-20-2025-01_08_02-PM.jpg","datePublished":"2025-06-20T10:11:44+00:00","dateModified":"2026-02-13T09:07:19+00:00","breadcrumb":{"@id":"https:\/\/madoskampas.lt\/produktas\/royal-home-no41-sandalwood-sandalmedzio-ramybe\/#breadcrumb"},"inLanguage":"ru-RU","potentialAction":[{"@type":"ReadAction","target":["https:\/\/madoskampas.lt\/produktas\/royal-home-no41-sandalwood-sandalmedzio-ramybe\/"]}]},{"@type":"ImageObject","inLanguage":"ru-RU","@id":"https:\/\/madoskampas.lt\/produktas\/royal-home-no41-sandalwood-sandalmedzio-ramybe\/#primaryimage","url":"https:\/\/madoskampas.lt\/wp-content\/uploads\/2025\/06\/ChatGPT-Image-Jun-20-2025-01_08_02-PM.jpg","contentUrl":"https:\/\/madoskampas.lt\/wp-content\/uploads\/2025\/06\/ChatGPT-Image-Jun-20-2025-01_08_02-PM.jpg","width":1024,"height":1536},{"@type":"BreadcrumbList","@id":"https:\/\/madoskampas.lt\/produktas\/royal-home-no41-sandalwood-sandalmedzio-ramybe\/#breadcrumb","itemListElement":[{"@type":"ListItem","position":1,"name":"Home","item":"https:\/\/madoskampas.lt\/"},{"@type":"ListItem","position":2,"name":"Parduotuv\u0117","item":"https:\/\/madoskampas.lt\/parduotuve-2\/"},{"@type":"ListItem","position":3,"name":"Royal Home No\u00b041 Sandalwood \u2013 Sandalmed\u017eio ramyb\u0117"}]},{"@type":"WebSite","@id":"https:\/\/madoskampas.lt\/#website","url":"https:\/\/madoskampas.lt\/","name":"FashionKampas.lt","description":"\u0421\u0442\u0438\u043b\u044c\u043d\u0430\u044f \u043e\u0434\u0435\u0436\u0434\u0430 \u0434\u043b\u044f \u0436\u0435\u043d\u0449\u0438\u043d","potentialAction":[{"@type":"SearchAction","target":{"@type":"EntryPoint","urlTemplate":"https:\/\/madoskampas.lt\/?s={search_term_string}"},"query-input":{"@type":"PropertyValueSpecification","valueRequired":true,"valueName":"search_term_string"}}],"inLanguage":"ru-RU"}]}},"uagb_featured_image_src":{"full":["https:\/\/madoskampas.lt\/wp-content\/uploads\/2025\/06\/ChatGPT-Image-Jun-20-2025-01_08_02-PM.jpg",1024,1536,false],"thumbnail":["https:\/\/madoskampas.lt\/wp-content\/uploads\/2025\/06\/ChatGPT-Image-Jun-20-2025-01_08_02-PM-150x150.jpg",150,150,true],"medium":["https:\/\/madoskampas.lt\/wp-content\/uploads\/2025\/06\/ChatGPT-Image-Jun-20-2025-01_08_02-PM-200x300.jpg",200,300,true],"medium_large":["https:\/\/madoskampas.lt\/wp-content\/uploads\/2025\/06\/ChatGPT-Image-Jun-20-2025-01_08_02-PM-768x1152.jpg",768,1152,true],"large":["https:\/\/madoskampas.lt\/wp-content\/uploads\/2025\/06\/ChatGPT-Image-Jun-20-2025-01_08_02-PM-683x1024.jpg",683,1024,true],"1536x1536":["https:\/\/madoskampas.lt\/wp-content\/uploads\/2025\/06\/ChatGPT-Image-Jun-20-2025-01_08_02-PM.jpg",1024,1536,false],"2048x2048":["https:\/\/madoskampas.lt\/wp-content\/uploads\/2025\/06\/ChatGPT-Image-Jun-20-2025-01_08_02-PM.jpg",1024,1536,false],"trp-custom-language-flag":["https:\/\/madoskampas.lt\/wp-content\/uploads\/2025\/06\/ChatGPT-Image-Jun-20-2025-01_08_02-PM.jpg",8,12,false],"nova-image-square":["https:\/\/madoskampas.lt\/wp-content\/uploads\/2025\/06\/ChatGPT-Image-Jun-20-2025-01_08_02-PM-1024x1100.jpg",1024,1100,true],"mixtas-product-03":["https:\/\/madoskampas.lt\/wp-content\/uploads\/2025\/06\/ChatGPT-Image-Jun-20-2025-01_08_02-PM-600x345.jpg",600,345,true],"woocommerce_thumbnail":["https:\/\/madoskampas.lt\/wp-content\/uploads\/2025\/06\/ChatGPT-Image-Jun-20-2025-01_08_02-PM-700x700.jpg",700,700,true],"woocommerce_single":["https:\/\/madoskampas.lt\/wp-content\/uploads\/2025\/06\/ChatGPT-Image-Jun-20-2025-01_08_02-PM-1000x1500.jpg",1000,1500,true],"woocommerce_gallery_thumbnail":["https:\/\/madoskampas.lt\/wp-content\/uploads\/2025\/06\/ChatGPT-Image-Jun-20-2025-01_08_02-PM-250x250.jpg",250,250,true],"variation_swatches_image_size":["https:\/\/madoskampas.lt\/wp-content\/uploads\/2025\/06\/ChatGPT-Image-Jun-20-2025-01_08_02-PM-50x50.jpg",50,50,true],"variation_swatches_tooltip_size":["https:\/\/madoskampas.lt\/wp-content\/uploads\/2025\/06\/ChatGPT-Image-Jun-20-2025-01_08_02-PM-100x100.jpg",100,100,true]},"uagb_author_info":{"display_name":"algirdasbart","author_link":"https:\/\/madoskampas.lt\/ru\/author\/"},"uagb_comment_info":0,"uagb_excerpt":"\u0160iltas, subtilus ir prabangus \u2013 kvapas, kuris pripildo namus ramybe ir harmonija. \u201eSandalwood\u201c \u2013 tai kvapas, kuris tarsi kvie\u010dia \u012f tyl\u0173 pasivaik\u0161\u010diojim\u0105 med\u017ei\u0173 pav\u0117syje. Gaivus rozmarinas susilieja su sodriu sandalmed\u017eiu, paslaptingu pa\u010duliu ir \u0161velniu muskuso \u0161leifu. Tai aromatas, kuris atpalaiduoja, suteikia jaukumo ir sukuria \u0161vari\u0105, subalansuot\u0105 erdv\u0119.Tobulas pasirinkimas miegamajam, svetainei ar darbo zonai. Informacija:\u2022 Kvapo&hellip;","jetpack_sharing_enabled":true,"_links":{"self":[{"href":"https:\/\/madoskampas.lt\/ru\/wp-json\/wp\/v2\/product\/17034","targetHints":{"allow":["GET"]}}],"collection":[{"href":"https:\/\/madoskampas.lt\/ru\/wp-json\/wp\/v2\/product"}],"about":[{"href":"https:\/\/madoskampas.lt\/ru\/wp-json\/wp\/v2\/types\/product"}],"replies":[{"embeddable":true,"href":"https:\/\/madoskampas.lt\/ru\/wp-json\/wp\/v2\/comments?post=17034"}],"wp:featuredmedia":[{"embeddable":true,"href":"https:\/\/madoskampas.lt\/ru\/wp-json\/wp\/v2\/media\/17039"}],"wp:attachment":[{"href":"https:\/\/madoskampas.lt\/ru\/wp-json\/wp\/v2\/media?parent=17034"}],"wp:term":[{"taxonomy":"product_brand","embeddable":true,"href":"https:\/\/madoskampas.lt\/ru\/wp-json\/wp\/v2\/product_brand?post=17034"},{"taxonomy":"product_cat","embeddable":true,"href":"https:\/\/madoskampas.lt\/ru\/wp-json\/wp\/v2\/product_cat?post=17034"},{"taxonomy":"product_tag","embeddable":true,"href":"https:\/\/madoskampas.lt\/ru\/wp-json\/wp\/v2\/product_tag?post=17034"}],"curies":[{"name":"wp","href":"https:\/\/api.w.org\/{rel}","templated":true}]}}