{"id":17699,"date":"2025-07-15T13:57:04","date_gmt":"2025-07-15T13:57:04","guid":{"rendered":"https:\/\/madoskampas.lt\/?post_type=product&#038;p=17699"},"modified":"2026-04-01T17:54:59","modified_gmt":"2026-04-01T17:54:59","slug":"%d1%81%d0%b2%d0%b8%d1%82%d0%b5%d1%80-%d0%b8%d0%b7-%d0%b0%d0%bb%d1%8c%d0%bf%d0%b0%d0%ba%d0%b8-%d0%bd%d0%b0-%d0%ba%d0%b0%d0%b6%d0%b4%d1%8b%d0%b9-%d0%b4%d0%b5%d0%bd%d1%8c","status":"publish","type":"product","link":"https:\/\/madoskampas.lt\/ru\/product-2\/%d1%81%d0%b2%d0%b8%d1%82%d0%b5%d1%80-%d0%b8%d0%b7-%d0%b0%d0%bb%d1%8c%d0%bf%d0%b0%d0%ba%d0%b8-%d0%bd%d0%b0-%d0%ba%d0%b0%d0%b6%d0%b4%d1%8b%d0%b9-%d0%b4%d0%b5%d0%bd%d1%8c\/","title":{"rendered":"\u0421\u0432\u0438\u0442\u0435\u0440 Alpaca Touch - \u0442\u0435\u0440\u0430\u043f\u0438\u044f \u043c\u044f\u0433\u043a\u043e\u0441\u0442\u0438 \u043d\u0430 \u043a\u0430\u0436\u0434\u044b\u0439 \u0434\u0435\u043d\u044c"},"content":{"rendered":"<p>\u0415\u0441\u043b\u0438 \u0432\u0430\u043c \u043d\u0443\u0436\u043d\u0430 \u043c\u044f\u0433\u043a\u043e\u0441\u0442\u044c, \u043a\u043e\u0442\u043e\u0440\u0430\u044f \u043d\u0435 \u0442\u043e\u043b\u044c\u043a\u043e \u0441\u043e\u0433\u0440\u0435\u0432\u0430\u0435\u0442, \u043d\u043e \u0438 \u0432\u043e\u0441\u0445\u0438\u0449\u0430\u0435\u0442 - \u0432\u044b\u0431\u0438\u0440\u0430\u0439\u0442\u0435 <strong data-start=\"314\" data-end=\"332\">\u201e\u041f\u0440\u0438\u043a\u043e\u0441\u043d\u043e\u0432\u0435\u043d\u0438\u0435 \u0430\u043b\u044c\u043f\u0430\u043a\u0438\u201c<\/strong> \u0441\u0432\u0438\u0442\u0435\u0440.<br data-start=\"342\" data-end=\"345\" \/><strong data-start=\"345\" data-end=\"366\">\u0428\u0435\u0440\u0441\u0442\u044c \u0430\u043b\u044c\u043f\u0430\u043a\u0438<\/strong> \u041d\u0435\u0436\u043d\u043e \u043b\u0430\u0441\u043a\u0430\u0435\u0442 \u043a\u043e\u0436\u0443, \u0430 \u043b\u0435\u0433\u043a\u0438\u0439 \u0441\u0438\u043b\u0443\u044d\u0442 \u043f\u043e\u0437\u0432\u043e\u043b\u044f\u0435\u0442 \u0447\u0443\u0432\u0441\u0442\u0432\u043e\u0432\u0430\u0442\u044c \u0441\u0435\u0431\u044f \u043b\u0435\u0433\u043a\u043e \u0432 \u0442\u0435\u0447\u0435\u043d\u0438\u0435 \u0432\u0441\u0435\u0433\u043e \u0434\u043d\u044f.<\/p>","protected":false},"excerpt":{"rendered":"<p data-start=\"248\" data-end=\"448\">\u0415\u0441\u043b\u0438 \u0432\u0430\u043c \u043d\u0443\u0436\u043d\u0430 \u043c\u044f\u0433\u043a\u043e\u0441\u0442\u044c, \u043a\u043e\u0442\u043e\u0440\u0430\u044f \u043d\u0435 \u0442\u043e\u043b\u044c\u043a\u043e \u0441\u043e\u0433\u0440\u0435\u0432\u0430\u0435\u0442, \u043d\u043e \u0438 \u0432\u043e\u0441\u0445\u0438\u0449\u0430\u0435\u0442 - \u0432\u044b\u0431\u0438\u0440\u0430\u0439\u0442\u0435 <strong data-start=\"314\" data-end=\"332\">\u201e\u041f\u0440\u0438\u043a\u043e\u0441\u043d\u043e\u0432\u0435\u043d\u0438\u0435 \u0430\u043b\u044c\u043f\u0430\u043a\u0438\u201c<\/strong> \u0441\u0432\u0438\u0442\u0435\u0440.<br data-start=\"342\" data-end=\"345\" \/><strong data-start=\"345\" data-end=\"366\">\u0428\u0435\u0440\u0441\u0442\u044c \u0430\u043b\u044c\u043f\u0430\u043a\u0438<\/strong> \u041d\u0435\u0436\u043d\u043e \u043b\u0430\u0441\u043a\u0430\u0435\u0442 \u043a\u043e\u0436\u0443, \u0430 \u043b\u0435\u0433\u043a\u0438\u0439 \u0441\u0438\u043b\u0443\u044d\u0442 \u043f\u043e\u0437\u0432\u043e\u043b\u044f\u0435\u0442 \u0447\u0443\u0432\u0441\u0442\u0432\u043e\u0432\u0430\u0442\u044c \u0441\u0435\u0431\u044f \u043b\u0435\u0433\u043a\u043e \u0432 \u0442\u0435\u0447\u0435\u043d\u0438\u0435 \u0432\u0441\u0435\u0433\u043e \u0434\u043d\u044f.<\/p>\n<p data-start=\"450\" data-end=\"766\">\u2714\ufe0f <strong data-start=\"453\" data-end=\"492\">27 % \u0431\u0435\u0431\u0438 \u0430\u043b\u044c\u043f\u0430\u043a\u0430 + 10 % \u0448\u0435\u0440\u0441\u0442\u044c \u043b\u0430\u043d\u043e\u0441\u0430<\/strong> - \u043d\u0430\u0441\u0442\u043e\u044f\u0449\u0430\u044f \u043d\u0430\u0442\u0443\u0440\u0430\u043b\u044c\u043d\u0430\u044f \u0442\u0435\u043f\u043b\u043e\u0432\u0430\u044f \u0442\u0435\u0440\u0430\u043f\u0438\u044f<br data-start=\"528\" data-end=\"531\" \/>\u2714\ufe0f <strong data-start=\"534\" data-end=\"559\">\u041f\u043e\u043b\u0438\u0430\u043c\u0438\u0434 \u0438 \u0430\u043a\u0440\u0438\u043b<\/strong> \u0414\u0436\u0435\u043c\u043f\u0435\u0440 \u0441\u043e\u0445\u0440\u0430\u043d\u044f\u0435\u0442 \u043b\u0435\u0433\u043a\u043e\u0441\u0442\u044c, \u0430\u043a\u043a\u0443\u0440\u0430\u0442\u043d\u043e \u043b\u043e\u0436\u0438\u0442\u0441\u044f \u0438 \u0434\u043e\u043b\u0433\u043e \u0441\u043b\u0443\u0436\u0438\u0442<br data-start=\"634\" data-end=\"637\" \/>\u2714\ufe0f \u041f\u043e\u0434\u0445\u043e\u0434\u0438\u0442 \u0434\u043b\u044f \u0432\u0441\u0435\u0433\u043e: \u0443\u044e\u0442\u043d\u043e\u0433\u043e \u0443\u0442\u0440\u0430 \u0441 \u0447\u0430\u0448\u043a\u043e\u0439 \u043a\u043e\u0444\u0435 \u0438\u043b\u0438 \u0441\u0442\u0438\u043b\u044c\u043d\u043e\u0433\u043e \u0443\u0436\u0438\u043d\u0430 \u0432 \u0433\u043e\u0440\u043e\u0434\u0435.<br data-start=\"716\" data-end=\"719\" \/>\u2714\ufe0f \u0418\u0434\u0435\u0430\u043b\u044c\u043d\u043e \u0441\u043e\u0447\u0435\u0442\u0430\u0435\u0442\u0441\u044f \u0441 \u0434\u0436\u0438\u043d\u0441\u0430\u043c\u0438, \u044e\u0431\u043a\u0430\u043c\u0438 \u0438\u043b\u0438 \u043f\u043b\u0430\u0442\u044c\u044f\u043c\u0438.<\/p>\n<p data-start=\"768\" data-end=\"856\">\ud83d\udccf \u0420\u0430\u0437\u043c\u0435\u0440\u044b:<br data-start=\"783\" data-end=\"786\" \/>\u2714\ufe0f \u041f\u043e\u0434\u043c\u044b\u0448\u043a\u0438 - ~55 \u0441\u043c<br data-start=\"810\" data-end=\"813\" \/>\u2714\ufe0f \u0414\u043b\u0438\u043d\u0430 - ~64 \u0441\u043c<br data-start=\"830\" data-end=\"833\" \/>\u2714\ufe0f \u041f\u043e\u0434\u0445\u043e\u0434\u0438\u0442 \u0434\u043b\u044f \u0440\u0430\u0437\u043c\u0435\u0440\u043e\u0432 \u043e\u0442 S \u0434\u043e L\/XL.<\/p>\n<hr data-start=\"858\" data-end=\"861\" \/>\n<p data-start=\"863\" data-end=\"974\"><strong data-start=\"863\" data-end=\"913\">\u041d\u0435\u0436\u043d\u043e\u0435 \u043f\u0440\u0438\u043a\u043e\u0441\u043d\u043e\u0432\u0435\u043d\u0438\u0435, \u043f\u043e\u0434\u043d\u0438\u043c\u0430\u044e\u0449\u0435\u0435 \u043d\u0430\u0441\u0442\u0440\u043e\u0435\u043d\u0438\u0435.<\/strong><br data-start=\"913\" data-end=\"916\" \/>\u041f\u043e\u0442\u043e\u043c\u0443 \u0447\u0442\u043e \u0438\u043d\u043e\u0433\u0434\u0430 \u0432\u0430\u043c \u043f\u0440\u043e\u0441\u0442\u043e \u043d\u0435\u043e\u0431\u0445\u043e\u0434\u0438\u043c \u0441\u0432\u0438\u0442\u0435\u0440, \u0447\u0442\u043e\u0431\u044b \u0432\u0441\u0435 \u0438\u0441\u043f\u0440\u0430\u0432\u0438\u0442\u044c.<\/p>\n<hr data-start=\"976\" data-end=\"979\" \/>\n<p data-start=\"981\" data-end=\"1056\" data-is-last-node=\"\" data-is-only-node=\"\">","protected":false},"featured_media":26963,"comment_status":"open","ping_status":"closed","template":"","meta":{"_uag_custom_page_level_css":"","_monsterinsights_skip_tracking":false,"_monsterinsights_sitenote_active":false,"_monsterinsights_sitenote_note":"","_monsterinsights_sitenote_category":0},"product_brand":[],"product_cat":[203,66,132,73,95,96],"product_tag":[],"class_list":{"0":"post-17699","1":"product","2":"type-product","3":"status-publish","4":"has-post-thumbnail","6":"product_cat-dovanu-idejos","7":"product_cat-drabuziai","8":"product_cat-ispardavimas","9":"product_cat-megztiniai","10":"product_cat-naujausi","11":"product_cat-populiariausi","12":"tm-has-options","14":"first","15":"instock","16":"sale","17":"shipping-taxable","18":"purchasable","19":"product-type-variable"},"yoast_head":"<!-- This site is optimized with the Yoast SEO plugin v27.3 - https:\/\/yoast.com\/product\/yoast-seo-wordpress\/ -->\n<title>Megztinis \u201eAlpaka Touch\u201c \u2013 \u0161velnumo terapija kiekvienai dienai - MadosKampas.lt<\/title>\n<meta name=\"robots\" content=\"index, follow, max-snippet:-1, max-image-preview:large, max-video-preview:-1\" \/>\n<link rel=\"canonical\" href=\"https:\/\/madoskampas.lt\/ru\/product-2\/\u0441\u0432\u0438\u0442\u0435\u0440-\u0438\u0437-\u0430\u043b\u044c\u043f\u0430\u043a\u0438-\u043d\u0430-\u043a\u0430\u0436\u0434\u044b\u0439-\u0434\u0435\u043d\u044c\/\" \/>\n<meta property=\"og:locale\" content=\"ru_RU\" \/>\n<meta property=\"og:type\" content=\"article\" \/>\n<meta property=\"og:title\" content=\"Megztinis \u201eAlpaka Touch\u201c \u2013 \u0161velnumo terapija kiekvienai dienai - MadosKampas.lt\" \/>\n<meta property=\"og:description\" content=\"Kai norisi \u0161velnumo, kuris ne tik \u0161ildo, bet ir d\u017eiugina \u2013 rinkis \u201eAlpaka Touch\u201c megztin\u012f.Baby alpaka vilna \u0161velniai glunda prie odos, o lengvas siluetas leid\u017eia jaustis laisvai vis\u0105 dien\u0105. \u2714\ufe0f 27\u202f% baby alpaka + 10\u202f% lanos vilna \u2013 tikra nat\u016bralios \u0161ilumos terapija\u2714\ufe0f Poliamidas ir akrilas u\u017etikrina, kad megztinis i\u0161likt\u0173 lengvas, dailiai krist\u0173 ir ilgai tarnaut\u0173\u2714\ufe0f Tinka viskam: jaukiam rytui su kavos puodeliu ar stilingai vakarienei mieste\u2714\ufe0f Puikiai dera prie d\u017eins\u0173, sijon\u0173 ar suknel\u0117s \ud83d\udccf I\u0161matavimai:\u2714\ufe0f Per pa\u017eastis \u2013 ~55 cm\u2714\ufe0f Ilgis \u2013 ~64 cm\u2714\ufe0f Tinka nuo S iki L\/XL    \u0160velnus prisilietimas, kuris pakelia nuotaik\u0105.Nes kartais reikia tiesiog megztinio, kuris visk\u0105 pataiso.\" \/>\n<meta property=\"og:url\" content=\"https:\/\/madoskampas.lt\/ru\/product-2\/\u0441\u0432\u0438\u0442\u0435\u0440-\u0438\u0437-\u0430\u043b\u044c\u043f\u0430\u043a\u0438-\u043d\u0430-\u043a\u0430\u0436\u0434\u044b\u0439-\u0434\u0435\u043d\u044c\/\" \/>\n<meta property=\"og:site_name\" content=\"MadosKampas.lt\" \/>\n<meta property=\"article:modified_time\" content=\"2026-04-01T17:54:59+00:00\" \/>\n<meta property=\"og:image\" content=\"https:\/\/madoskampas.lt\/wp-content\/uploads\/2025\/07\/img_2518-scaled.jpeg\" \/>\n\t<meta property=\"og:image:width\" content=\"1440\" \/>\n\t<meta property=\"og:image:height\" content=\"2560\" \/>\n\t<meta property=\"og:image:type\" content=\"image\/jpeg\" \/>\n<meta name=\"twitter:card\" content=\"summary_large_image\" \/>\n<meta name=\"twitter:label1\" content=\"\u041f\u0440\u0438\u043c\u0435\u0440\u043d\u043e\u0435 \u0432\u0440\u0435\u043c\u044f \u0434\u043b\u044f \u0447\u0442\u0435\u043d\u0438\u044f\" \/>\n\t<meta name=\"twitter:data1\" content=\"1 \u043c\u0438\u043d\u0443\u0442\u0430\" \/>\n<script type=\"application\/ld+json\" class=\"yoast-schema-graph\">{\"@context\":\"https:\\\/\\\/schema.org\",\"@graph\":[{\"@type\":\"WebPage\",\"@id\":\"https:\\\/\\\/madoskampas.lt\\\/produktas\\\/megztinis-alpaka-touch-svelnumo-terapija-kiekvienai-dienai\\\/\",\"url\":\"https:\\\/\\\/madoskampas.lt\\\/produktas\\\/megztinis-alpaka-touch-svelnumo-terapija-kiekvienai-dienai\\\/\",\"name\":\"Megztinis \u201eAlpaka Touch\u201c \u2013 \u0161velnumo terapija kiekvienai dienai - MadosKampas.lt\",\"isPartOf\":{\"@id\":\"https:\\\/\\\/madoskampas.lt\\\/#website\"},\"primaryImageOfPage\":{\"@id\":\"https:\\\/\\\/madoskampas.lt\\\/produktas\\\/megztinis-alpaka-touch-svelnumo-terapija-kiekvienai-dienai\\\/#primaryimage\"},\"image\":{\"@id\":\"https:\\\/\\\/madoskampas.lt\\\/produktas\\\/megztinis-alpaka-touch-svelnumo-terapija-kiekvienai-dienai\\\/#primaryimage\"},\"thumbnailUrl\":\"https:\\\/\\\/madoskampas.lt\\\/wp-content\\\/uploads\\\/2025\\\/07\\\/img_2518-scaled.jpeg\",\"datePublished\":\"2025-07-15T13:57:04+00:00\",\"dateModified\":\"2026-04-01T17:54:59+00:00\",\"breadcrumb\":{\"@id\":\"https:\\\/\\\/madoskampas.lt\\\/produktas\\\/megztinis-alpaka-touch-svelnumo-terapija-kiekvienai-dienai\\\/#breadcrumb\"},\"inLanguage\":\"ru-RU\",\"potentialAction\":[{\"@type\":\"ReadAction\",\"target\":[\"https:\\\/\\\/madoskampas.lt\\\/produktas\\\/megztinis-alpaka-touch-svelnumo-terapija-kiekvienai-dienai\\\/\"]}]},{\"@type\":\"ImageObject\",\"inLanguage\":\"ru-RU\",\"@id\":\"https:\\\/\\\/madoskampas.lt\\\/produktas\\\/megztinis-alpaka-touch-svelnumo-terapija-kiekvienai-dienai\\\/#primaryimage\",\"url\":\"https:\\\/\\\/madoskampas.lt\\\/wp-content\\\/uploads\\\/2025\\\/07\\\/img_2518-scaled.jpeg\",\"contentUrl\":\"https:\\\/\\\/madoskampas.lt\\\/wp-content\\\/uploads\\\/2025\\\/07\\\/img_2518-scaled.jpeg\",\"width\":1440,\"height\":2560},{\"@type\":\"BreadcrumbList\",\"@id\":\"https:\\\/\\\/madoskampas.lt\\\/produktas\\\/megztinis-alpaka-touch-svelnumo-terapija-kiekvienai-dienai\\\/#breadcrumb\",\"itemListElement\":[{\"@type\":\"ListItem\",\"position\":1,\"name\":\"Home\",\"item\":\"https:\\\/\\\/madoskampas.lt\\\/\"},{\"@type\":\"ListItem\",\"position\":2,\"name\":\"Parduotuv\u0117\",\"item\":\"https:\\\/\\\/madoskampas.lt\\\/parduotuve-2\\\/\"},{\"@type\":\"ListItem\",\"position\":3,\"name\":\"Megztinis \u201eAlpaka Touch\u201c \u2013 \u0161velnumo terapija kiekvienai dienai\"}]},{\"@type\":\"WebSite\",\"@id\":\"https:\\\/\\\/madoskampas.lt\\\/#website\",\"url\":\"https:\\\/\\\/madoskampas.lt\\\/\",\"name\":\"MadosKampas.lt\",\"description\":\"Stilingi drabu\u017eiai moterims\",\"potentialAction\":[{\"@type\":\"SearchAction\",\"target\":{\"@type\":\"EntryPoint\",\"urlTemplate\":\"https:\\\/\\\/madoskampas.lt\\\/?s={search_term_string}\"},\"query-input\":{\"@type\":\"PropertyValueSpecification\",\"valueRequired\":true,\"valueName\":\"search_term_string\"}}],\"inLanguage\":\"ru-RU\"}]}<\/script>\n<!-- \/ Yoast SEO plugin. -->","yoast_head_json":{"title":"\u0421\u0432\u0438\u0442\u0435\u0440 Alpaca Touch - \u0442\u0435\u0440\u0430\u043f\u0438\u044f \u043c\u044f\u0433\u043a\u043e\u0441\u0442\u0438 \u043d\u0430 \u043a\u0430\u0436\u0434\u044b\u0439 \u0434\u0435\u043d\u044c - MadosKampas.lt","robots":{"index":"index","follow":"follow","max-snippet":"max-snippet:-1","max-image-preview":"max-image-preview:large","max-video-preview":"max-video-preview:-1"},"canonical":"https:\/\/madoskampas.lt\/ru\/product-2\/\u0441\u0432\u0438\u0442\u0435\u0440-\u0438\u0437-\u0430\u043b\u044c\u043f\u0430\u043a\u0438-\u043d\u0430-\u043a\u0430\u0436\u0434\u044b\u0439-\u0434\u0435\u043d\u044c\/","og_locale":"ru_RU","og_type":"article","og_title":"Megztinis \u201eAlpaka Touch\u201c \u2013 \u0161velnumo terapija kiekvienai dienai - MadosKampas.lt","og_description":"Kai norisi \u0161velnumo, kuris ne tik \u0161ildo, bet ir d\u017eiugina \u2013 rinkis \u201eAlpaka Touch\u201c megztin\u012f.Baby alpaka vilna \u0161velniai glunda prie odos, o lengvas siluetas leid\u017eia jaustis laisvai vis\u0105 dien\u0105. \u2714\ufe0f 27\u202f% baby alpaka + 10\u202f% lanos vilna \u2013 tikra nat\u016bralios \u0161ilumos terapija\u2714\ufe0f Poliamidas ir akrilas u\u017etikrina, kad megztinis i\u0161likt\u0173 lengvas, dailiai krist\u0173 ir ilgai tarnaut\u0173\u2714\ufe0f Tinka viskam: jaukiam rytui su kavos puodeliu ar stilingai vakarienei mieste\u2714\ufe0f Puikiai dera prie d\u017eins\u0173, sijon\u0173 ar suknel\u0117s \ud83d\udccf I\u0161matavimai:\u2714\ufe0f Per pa\u017eastis \u2013 ~55 cm\u2714\ufe0f Ilgis \u2013 ~64 cm\u2714\ufe0f Tinka nuo S iki L\/XL    \u0160velnus prisilietimas, kuris pakelia nuotaik\u0105.Nes kartais reikia tiesiog megztinio, kuris visk\u0105 pataiso.","og_url":"https:\/\/madoskampas.lt\/ru\/product-2\/\u0441\u0432\u0438\u0442\u0435\u0440-\u0438\u0437-\u0430\u043b\u044c\u043f\u0430\u043a\u0438-\u043d\u0430-\u043a\u0430\u0436\u0434\u044b\u0439-\u0434\u0435\u043d\u044c\/","og_site_name":"MadosKampas.lt","article_modified_time":"2026-04-01T17:54:59+00:00","og_image":[{"width":1440,"height":2560,"url":"https:\/\/madoskampas.lt\/wp-content\/uploads\/2025\/07\/img_2518-scaled.jpeg","type":"image\/jpeg"}],"twitter_card":"summary_large_image","twitter_misc":{"\u041f\u0440\u0438\u043c\u0435\u0440\u043d\u043e\u0435 \u0432\u0440\u0435\u043c\u044f \u0434\u043b\u044f \u0447\u0442\u0435\u043d\u0438\u044f":"1 \u043c\u0438\u043d\u0443\u0442\u0430"},"schema":{"@context":"https:\/\/schema.org","@graph":[{"@type":"WebPage","@id":"https:\/\/madoskampas.lt\/produktas\/megztinis-alpaka-touch-svelnumo-terapija-kiekvienai-dienai\/","url":"https:\/\/madoskampas.lt\/produktas\/megztinis-alpaka-touch-svelnumo-terapija-kiekvienai-dienai\/","name":"\u0421\u0432\u0438\u0442\u0435\u0440 Alpaca Touch - \u0442\u0435\u0440\u0430\u043f\u0438\u044f \u043c\u044f\u0433\u043a\u043e\u0441\u0442\u0438 \u043d\u0430 \u043a\u0430\u0436\u0434\u044b\u0439 \u0434\u0435\u043d\u044c - MadosKampas.lt","isPartOf":{"@id":"https:\/\/madoskampas.lt\/#website"},"primaryImageOfPage":{"@id":"https:\/\/madoskampas.lt\/produktas\/megztinis-alpaka-touch-svelnumo-terapija-kiekvienai-dienai\/#primaryimage"},"image":{"@id":"https:\/\/madoskampas.lt\/produktas\/megztinis-alpaka-touch-svelnumo-terapija-kiekvienai-dienai\/#primaryimage"},"thumbnailUrl":"https:\/\/madoskampas.lt\/wp-content\/uploads\/2025\/07\/img_2518-scaled.jpeg","datePublished":"2025-07-15T13:57:04+00:00","dateModified":"2026-04-01T17:54:59+00:00","breadcrumb":{"@id":"https:\/\/madoskampas.lt\/produktas\/megztinis-alpaka-touch-svelnumo-terapija-kiekvienai-dienai\/#breadcrumb"},"inLanguage":"ru-RU","potentialAction":[{"@type":"ReadAction","target":["https:\/\/madoskampas.lt\/produktas\/megztinis-alpaka-touch-svelnumo-terapija-kiekvienai-dienai\/"]}]},{"@type":"ImageObject","inLanguage":"ru-RU","@id":"https:\/\/madoskampas.lt\/produktas\/megztinis-alpaka-touch-svelnumo-terapija-kiekvienai-dienai\/#primaryimage","url":"https:\/\/madoskampas.lt\/wp-content\/uploads\/2025\/07\/img_2518-scaled.jpeg","contentUrl":"https:\/\/madoskampas.lt\/wp-content\/uploads\/2025\/07\/img_2518-scaled.jpeg","width":1440,"height":2560},{"@type":"BreadcrumbList","@id":"https:\/\/madoskampas.lt\/produktas\/megztinis-alpaka-touch-svelnumo-terapija-kiekvienai-dienai\/#breadcrumb","itemListElement":[{"@type":"ListItem","position":1,"name":"Home","item":"https:\/\/madoskampas.lt\/"},{"@type":"ListItem","position":2,"name":"Parduotuv\u0117","item":"https:\/\/madoskampas.lt\/parduotuve-2\/"},{"@type":"ListItem","position":3,"name":"Megztinis \u201eAlpaka Touch\u201c \u2013 \u0161velnumo terapija kiekvienai dienai"}]},{"@type":"WebSite","@id":"https:\/\/madoskampas.lt\/#website","url":"https:\/\/madoskampas.lt\/","name":"FashionKampas.lt","description":"\u0421\u0442\u0438\u043b\u044c\u043d\u0430\u044f \u043e\u0434\u0435\u0436\u0434\u0430 \u0434\u043b\u044f \u0436\u0435\u043d\u0449\u0438\u043d","potentialAction":[{"@type":"SearchAction","target":{"@type":"EntryPoint","urlTemplate":"https:\/\/madoskampas.lt\/?s={search_term_string}"},"query-input":{"@type":"PropertyValueSpecification","valueRequired":true,"valueName":"search_term_string"}}],"inLanguage":"ru-RU"}]}},"uagb_featured_image_src":{"full":["https:\/\/madoskampas.lt\/wp-content\/uploads\/2025\/07\/img_2518-scaled.jpeg",1440,2560,false],"thumbnail":["https:\/\/madoskampas.lt\/wp-content\/uploads\/2025\/07\/img_2518-150x150.jpeg",150,150,true],"medium":["https:\/\/madoskampas.lt\/wp-content\/uploads\/2025\/07\/img_2518-169x300.jpeg",169,300,true],"medium_large":["https:\/\/madoskampas.lt\/wp-content\/uploads\/2025\/07\/img_2518-768x1365.jpeg",768,1365,true],"large":["https:\/\/madoskampas.lt\/wp-content\/uploads\/2025\/07\/img_2518-576x1024.jpeg",576,1024,true],"1536x1536":["https:\/\/madoskampas.lt\/wp-content\/uploads\/2025\/07\/img_2518-864x1536.jpeg",864,1536,true],"2048x2048":["https:\/\/madoskampas.lt\/wp-content\/uploads\/2025\/07\/img_2518-1152x2048.jpeg",1152,2048,true],"trp-custom-language-flag":["https:\/\/madoskampas.lt\/wp-content\/uploads\/2025\/07\/img_2518-7x12.jpeg",7,12,true],"nova-image-square":["https:\/\/madoskampas.lt\/wp-content\/uploads\/2025\/07\/img_2518-1100x1100.jpeg",1100,1100,true],"mixtas-product-03":["https:\/\/madoskampas.lt\/wp-content\/uploads\/2025\/07\/img_2518-600x345.jpeg",600,345,true],"woocommerce_thumbnail":["https:\/\/madoskampas.lt\/wp-content\/uploads\/2025\/07\/img_2518-700x700.jpeg",700,700,true],"woocommerce_single":["https:\/\/madoskampas.lt\/wp-content\/uploads\/2025\/07\/img_2518-1000x1777.jpeg",1000,1777,true],"woocommerce_gallery_thumbnail":["https:\/\/madoskampas.lt\/wp-content\/uploads\/2025\/07\/img_2518-250x250.jpeg",250,250,true],"variation_swatches_image_size":["https:\/\/madoskampas.lt\/wp-content\/uploads\/2025\/07\/img_2518-50x50.jpeg",50,50,true],"variation_swatches_tooltip_size":["https:\/\/madoskampas.lt\/wp-content\/uploads\/2025\/07\/img_2518-100x100.jpeg",100,100,true]},"uagb_author_info":{"display_name":"algirdasbart","author_link":"https:\/\/madoskampas.lt\/ru\/author\/"},"uagb_comment_info":5,"uagb_excerpt":"Kai norisi \u0161velnumo, kuris ne tik \u0161ildo, bet ir d\u017eiugina \u2013 rinkis \u201eAlpaka Touch\u201c megztin\u012f.Baby alpaka vilna \u0161velniai glunda prie odos, o lengvas siluetas leid\u017eia jaustis laisvai vis\u0105 dien\u0105. \u2714\ufe0f 27\u202f% baby alpaka + 10\u202f% lanos vilna \u2013 tikra nat\u016bralios \u0161ilumos terapija\u2714\ufe0f Poliamidas ir akrilas u\u017etikrina, kad megztinis i\u0161likt\u0173 lengvas, dailiai krist\u0173 ir ilgai tarnaut\u0173\u2714\ufe0f&hellip;","jetpack_sharing_enabled":true,"_links":{"self":[{"href":"https:\/\/madoskampas.lt\/ru\/wp-json\/wp\/v2\/product\/17699","targetHints":{"allow":["GET"]}}],"collection":[{"href":"https:\/\/madoskampas.lt\/ru\/wp-json\/wp\/v2\/product"}],"about":[{"href":"https:\/\/madoskampas.lt\/ru\/wp-json\/wp\/v2\/types\/product"}],"replies":[{"embeddable":true,"href":"https:\/\/madoskampas.lt\/ru\/wp-json\/wp\/v2\/comments?post=17699"}],"wp:featuredmedia":[{"embeddable":true,"href":"https:\/\/madoskampas.lt\/ru\/wp-json\/wp\/v2\/media\/26963"}],"wp:attachment":[{"href":"https:\/\/madoskampas.lt\/ru\/wp-json\/wp\/v2\/media?parent=17699"}],"wp:term":[{"taxonomy":"product_brand","embeddable":true,"href":"https:\/\/madoskampas.lt\/ru\/wp-json\/wp\/v2\/product_brand?post=17699"},{"taxonomy":"product_cat","embeddable":true,"href":"https:\/\/madoskampas.lt\/ru\/wp-json\/wp\/v2\/product_cat?post=17699"},{"taxonomy":"product_tag","embeddable":true,"href":"https:\/\/madoskampas.lt\/ru\/wp-json\/wp\/v2\/product_tag?post=17699"}],"curies":[{"name":"wp","href":"https:\/\/api.w.org\/{rel}","templated":true}]}}