{"id":18043,"date":"2025-08-04T07:42:54","date_gmt":"2025-08-04T07:42:54","guid":{"rendered":"https:\/\/madoskampas.lt\/?post_type=product&#038;p=18043"},"modified":"2026-03-11T08:28:16","modified_gmt":"2026-03-11T08:28:16","slug":"milano-chic-polo-tipo-megztukas","status":"publish","type":"product","link":"https:\/\/madoskampas.lt\/ru\/product-2\/milano-chic-polo-tipo-megztukas\/","title":{"rendered":"\u201e\u0414\u0436\u0435\u043c\u043f\u0435\u0440-\u043f\u043e\u043b\u043e Milano Chic"},"content":{"rendered":"<p>\u201eMilano Chic\u201c \u2013 tai polo tipo trump\u0173 rankovi\u0173 megztukas, sukurtas moteriai, kuri vertina subtili\u0105 elegancij\u0105.<\/p>","protected":false},"excerpt":{"rendered":"<p data-start=\"275\" data-end=\"569\"><strong data-start=\"275\" data-end=\"329\">Kai klasika susitinka su \u0161iuolaiki\u0161ku moteri\u0161kumu.<\/strong><br data-start=\"329\" data-end=\"332\" \/>\u201eMilano Chic\u201c \u2013 tai polo tipo trump\u0173 rankovi\u0173 megztukas, sukurtas moteriai, kuri vertina subtili\u0105 elegancij\u0105.<\/p>\n<p data-start=\"571\" data-end=\"762\">Lengvas, \u0161velnus ir patogus audinys su viskoze ir poliamidu leid\u017eia m\u0117gautis komfortu vis\u0105 dien\u0105 \u2013 tiek darbe, tiek laisvalaikiu.<br data-start=\"700\" data-end=\"703\" \/>Polo apykakl\u0117 su sagut\u0117mis \u2013 klasikin\u0117, bet visada madinga.<\/p>\n<hr data-start=\"764\" data-end=\"767\" \/>\n<p data-start=\"769\" data-end=\"786\"><strong data-start=\"769\" data-end=\"784\">\u041f\u0440\u0435\u0438\u043c\u0443\u0449\u0435\u0441\u0442\u0432\u0430:<\/strong><\/p>\n<ul data-start=\"787\" data-end=\"1085\">\n<li data-start=\"787\" data-end=\"842\">\n<p data-start=\"789\" data-end=\"842\">\u2728 Eleganti\u0161kas dizainas su kontrastin\u0117mis detal\u0117mis<\/p>\n<\/li>\n<li data-start=\"843\" data-end=\"895\">\n<p data-start=\"845\" data-end=\"895\">\ud83d\udc55 Polo tipo modelis \u2013 klasikinis ir universalus<\/p>\n<\/li>\n<li data-start=\"896\" data-end=\"950\">\n<p data-start=\"898\" data-end=\"950\">\ud83d\udca8 Lengvas ir malonus k\u016bnui \u2013 puikiai kv\u0117puojantis<\/p>\n<\/li>\n<li data-start=\"951\" data-end=\"974\">\n<p data-start=\"953\" data-end=\"974\">\ud83d\udccf Dydis: tinka S\u2013M<\/p>\n<\/li>\n<li data-start=\"975\" data-end=\"1033\">\n<p data-start=\"977\" data-end=\"1033\">\ud83e\udd0d Tvirtas, bet mink\u0161tas \u2013 i\u0161laiko form\u0105 ir nesiglam\u017eo<\/p>\n<\/li>\n<\/ul>","protected":false},"featured_media":18051,"comment_status":"open","ping_status":"closed","template":"","meta":{"_uag_custom_page_level_css":"","_monsterinsights_skip_tracking":false,"_monsterinsights_sitenote_active":false,"_monsterinsights_sitenote_note":"","_monsterinsights_sitenote_category":0},"product_brand":[],"product_cat":[66,73,95],"product_tag":[],"class_list":{"0":"post-18043","1":"product","2":"type-product","3":"status-publish","4":"has-post-thumbnail","6":"product_cat-drabuziai","7":"product_cat-megztiniai","8":"product_cat-naujausi","9":"tm-has-options","11":"first","12":"outofstock","13":"sale","14":"shipping-taxable","15":"purchasable","16":"product-type-variable","17":"has-default-attributes"},"yoast_head":"<!-- This site is optimized with the Yoast SEO plugin v27.3 - https:\/\/yoast.com\/product\/yoast-seo-wordpress\/ -->\n<title>\u201eMilano Chic\u201c polo tipo megztukas - MadosKampas.lt<\/title>\n<meta name=\"robots\" content=\"index, follow, max-snippet:-1, max-image-preview:large, max-video-preview:-1\" \/>\n<link rel=\"canonical\" href=\"https:\/\/madoskampas.lt\/ru\/product-2\/milano-chic-polo-tipo-megztukas\/\" \/>\n<meta property=\"og:locale\" content=\"ru_RU\" \/>\n<meta property=\"og:type\" content=\"article\" \/>\n<meta property=\"og:title\" content=\"\u201eMilano Chic\u201c polo tipo megztukas - MadosKampas.lt\" \/>\n<meta property=\"og:description\" content=\"Kai klasika susitinka su \u0161iuolaiki\u0161ku moteri\u0161kumu.\u201eMilano Chic\u201c \u2013 tai polo tipo trump\u0173 rankovi\u0173 megztukas, sukurtas moteriai, kuri vertina subtili\u0105 elegancij\u0105. Lengvas, \u0161velnus ir patogus audinys su viskoze ir poliamidu leid\u017eia m\u0117gautis komfortu vis\u0105 dien\u0105 \u2013 tiek darbe, tiek laisvalaikiu.Polo apykakl\u0117 su sagut\u0117mis \u2013 klasikin\u0117, bet visada madinga.    Privalumai:     \u2728 Eleganti\u0161kas dizainas su kontrastin\u0117mis detal\u0117mis    \ud83d\udc55 Polo tipo modelis \u2013 klasikinis ir universalus    \ud83d\udca8 Lengvas ir malonus k\u016bnui \u2013 puikiai kv\u0117puojantis    \ud83d\udccf Dydis: tinka S\u2013M    \ud83e\udd0d Tvirtas, bet mink\u0161tas \u2013 i\u0161laiko form\u0105 ir nesiglam\u017eo\" \/>\n<meta property=\"og:url\" content=\"https:\/\/madoskampas.lt\/ru\/product-2\/milano-chic-polo-tipo-megztukas\/\" \/>\n<meta property=\"og:site_name\" content=\"MadosKampas.lt\" \/>\n<meta property=\"article:modified_time\" content=\"2026-03-11T08:28:16+00:00\" \/>\n<meta property=\"og:image\" content=\"https:\/\/madoskampas.lt\/wp-content\/uploads\/2025\/08\/IMG_1692.jpeg\" \/>\n\t<meta property=\"og:image:width\" content=\"1536\" \/>\n\t<meta property=\"og:image:height\" content=\"2048\" \/>\n\t<meta property=\"og:image:type\" content=\"image\/jpeg\" \/>\n<meta name=\"twitter:card\" content=\"summary_large_image\" \/>\n<meta name=\"twitter:label1\" content=\"\u041f\u0440\u0438\u043c\u0435\u0440\u043d\u043e\u0435 \u0432\u0440\u0435\u043c\u044f \u0434\u043b\u044f \u0447\u0442\u0435\u043d\u0438\u044f\" \/>\n\t<meta name=\"twitter:data1\" content=\"1 \u043c\u0438\u043d\u0443\u0442\u0430\" \/>\n<script type=\"application\/ld+json\" class=\"yoast-schema-graph\">{\"@context\":\"https:\\\/\\\/schema.org\",\"@graph\":[{\"@type\":\"WebPage\",\"@id\":\"https:\\\/\\\/madoskampas.lt\\\/produktas\\\/milano-chic-polo-tipo-megztukas\\\/\",\"url\":\"https:\\\/\\\/madoskampas.lt\\\/produktas\\\/milano-chic-polo-tipo-megztukas\\\/\",\"name\":\"\u201eMilano Chic\u201c polo tipo megztukas - MadosKampas.lt\",\"isPartOf\":{\"@id\":\"https:\\\/\\\/madoskampas.lt\\\/#website\"},\"primaryImageOfPage\":{\"@id\":\"https:\\\/\\\/madoskampas.lt\\\/produktas\\\/milano-chic-polo-tipo-megztukas\\\/#primaryimage\"},\"image\":{\"@id\":\"https:\\\/\\\/madoskampas.lt\\\/produktas\\\/milano-chic-polo-tipo-megztukas\\\/#primaryimage\"},\"thumbnailUrl\":\"https:\\\/\\\/madoskampas.lt\\\/wp-content\\\/uploads\\\/2025\\\/08\\\/IMG_1692.jpeg\",\"datePublished\":\"2025-08-04T07:42:54+00:00\",\"dateModified\":\"2026-03-11T08:28:16+00:00\",\"breadcrumb\":{\"@id\":\"https:\\\/\\\/madoskampas.lt\\\/produktas\\\/milano-chic-polo-tipo-megztukas\\\/#breadcrumb\"},\"inLanguage\":\"ru-RU\",\"potentialAction\":[{\"@type\":\"ReadAction\",\"target\":[\"https:\\\/\\\/madoskampas.lt\\\/produktas\\\/milano-chic-polo-tipo-megztukas\\\/\"]}]},{\"@type\":\"ImageObject\",\"inLanguage\":\"ru-RU\",\"@id\":\"https:\\\/\\\/madoskampas.lt\\\/produktas\\\/milano-chic-polo-tipo-megztukas\\\/#primaryimage\",\"url\":\"https:\\\/\\\/madoskampas.lt\\\/wp-content\\\/uploads\\\/2025\\\/08\\\/IMG_1692.jpeg\",\"contentUrl\":\"https:\\\/\\\/madoskampas.lt\\\/wp-content\\\/uploads\\\/2025\\\/08\\\/IMG_1692.jpeg\",\"width\":1536,\"height\":2048},{\"@type\":\"BreadcrumbList\",\"@id\":\"https:\\\/\\\/madoskampas.lt\\\/produktas\\\/milano-chic-polo-tipo-megztukas\\\/#breadcrumb\",\"itemListElement\":[{\"@type\":\"ListItem\",\"position\":1,\"name\":\"Home\",\"item\":\"https:\\\/\\\/madoskampas.lt\\\/\"},{\"@type\":\"ListItem\",\"position\":2,\"name\":\"Parduotuv\u0117\",\"item\":\"https:\\\/\\\/madoskampas.lt\\\/parduotuve-2\\\/\"},{\"@type\":\"ListItem\",\"position\":3,\"name\":\"\u201eMilano Chic\u201c polo tipo megztukas\"}]},{\"@type\":\"WebSite\",\"@id\":\"https:\\\/\\\/madoskampas.lt\\\/#website\",\"url\":\"https:\\\/\\\/madoskampas.lt\\\/\",\"name\":\"MadosKampas.lt\",\"description\":\"Stilingi drabu\u017eiai moterims\",\"potentialAction\":[{\"@type\":\"SearchAction\",\"target\":{\"@type\":\"EntryPoint\",\"urlTemplate\":\"https:\\\/\\\/madoskampas.lt\\\/?s={search_term_string}\"},\"query-input\":{\"@type\":\"PropertyValueSpecification\",\"valueRequired\":true,\"valueName\":\"search_term_string\"}}],\"inLanguage\":\"ru-RU\"}]}<\/script>\n<!-- \/ Yoast SEO plugin. -->","yoast_head_json":{"title":"\u201eMilano Chic\u201c polo tipo megztukas - MadosKampas.lt","robots":{"index":"index","follow":"follow","max-snippet":"max-snippet:-1","max-image-preview":"max-image-preview:large","max-video-preview":"max-video-preview:-1"},"canonical":"https:\/\/madoskampas.lt\/ru\/product-2\/milano-chic-polo-tipo-megztukas\/","og_locale":"ru_RU","og_type":"article","og_title":"\u201eMilano Chic\u201c polo tipo megztukas - MadosKampas.lt","og_description":"Kai klasika susitinka su \u0161iuolaiki\u0161ku moteri\u0161kumu.\u201eMilano Chic\u201c \u2013 tai polo tipo trump\u0173 rankovi\u0173 megztukas, sukurtas moteriai, kuri vertina subtili\u0105 elegancij\u0105. Lengvas, \u0161velnus ir patogus audinys su viskoze ir poliamidu leid\u017eia m\u0117gautis komfortu vis\u0105 dien\u0105 \u2013 tiek darbe, tiek laisvalaikiu.Polo apykakl\u0117 su sagut\u0117mis \u2013 klasikin\u0117, bet visada madinga.    Privalumai:     \u2728 Eleganti\u0161kas dizainas su kontrastin\u0117mis detal\u0117mis    \ud83d\udc55 Polo tipo modelis \u2013 klasikinis ir universalus    \ud83d\udca8 Lengvas ir malonus k\u016bnui \u2013 puikiai kv\u0117puojantis    \ud83d\udccf Dydis: tinka S\u2013M    \ud83e\udd0d Tvirtas, bet mink\u0161tas \u2013 i\u0161laiko form\u0105 ir nesiglam\u017eo","og_url":"https:\/\/madoskampas.lt\/ru\/product-2\/milano-chic-polo-tipo-megztukas\/","og_site_name":"MadosKampas.lt","article_modified_time":"2026-03-11T08:28:16+00:00","og_image":[{"width":1536,"height":2048,"url":"https:\/\/madoskampas.lt\/wp-content\/uploads\/2025\/08\/IMG_1692.jpeg","type":"image\/jpeg"}],"twitter_card":"summary_large_image","twitter_misc":{"\u041f\u0440\u0438\u043c\u0435\u0440\u043d\u043e\u0435 \u0432\u0440\u0435\u043c\u044f \u0434\u043b\u044f \u0447\u0442\u0435\u043d\u0438\u044f":"1 \u043c\u0438\u043d\u0443\u0442\u0430"},"schema":{"@context":"https:\/\/schema.org","@graph":[{"@type":"WebPage","@id":"https:\/\/madoskampas.lt\/produktas\/milano-chic-polo-tipo-megztukas\/","url":"https:\/\/madoskampas.lt\/produktas\/milano-chic-polo-tipo-megztukas\/","name":"\u201eMilano Chic\u201c polo tipo megztukas - MadosKampas.lt","isPartOf":{"@id":"https:\/\/madoskampas.lt\/#website"},"primaryImageOfPage":{"@id":"https:\/\/madoskampas.lt\/produktas\/milano-chic-polo-tipo-megztukas\/#primaryimage"},"image":{"@id":"https:\/\/madoskampas.lt\/produktas\/milano-chic-polo-tipo-megztukas\/#primaryimage"},"thumbnailUrl":"https:\/\/madoskampas.lt\/wp-content\/uploads\/2025\/08\/IMG_1692.jpeg","datePublished":"2025-08-04T07:42:54+00:00","dateModified":"2026-03-11T08:28:16+00:00","breadcrumb":{"@id":"https:\/\/madoskampas.lt\/produktas\/milano-chic-polo-tipo-megztukas\/#breadcrumb"},"inLanguage":"ru-RU","potentialAction":[{"@type":"ReadAction","target":["https:\/\/madoskampas.lt\/produktas\/milano-chic-polo-tipo-megztukas\/"]}]},{"@type":"ImageObject","inLanguage":"ru-RU","@id":"https:\/\/madoskampas.lt\/produktas\/milano-chic-polo-tipo-megztukas\/#primaryimage","url":"https:\/\/madoskampas.lt\/wp-content\/uploads\/2025\/08\/IMG_1692.jpeg","contentUrl":"https:\/\/madoskampas.lt\/wp-content\/uploads\/2025\/08\/IMG_1692.jpeg","width":1536,"height":2048},{"@type":"BreadcrumbList","@id":"https:\/\/madoskampas.lt\/produktas\/milano-chic-polo-tipo-megztukas\/#breadcrumb","itemListElement":[{"@type":"ListItem","position":1,"name":"Home","item":"https:\/\/madoskampas.lt\/"},{"@type":"ListItem","position":2,"name":"Parduotuv\u0117","item":"https:\/\/madoskampas.lt\/parduotuve-2\/"},{"@type":"ListItem","position":3,"name":"\u201eMilano Chic\u201c polo tipo megztukas"}]},{"@type":"WebSite","@id":"https:\/\/madoskampas.lt\/#website","url":"https:\/\/madoskampas.lt\/","name":"FashionKampas.lt","description":"\u0421\u0442\u0438\u043b\u044c\u043d\u0430\u044f \u043e\u0434\u0435\u0436\u0434\u0430 \u0434\u043b\u044f \u0436\u0435\u043d\u0449\u0438\u043d","potentialAction":[{"@type":"SearchAction","target":{"@type":"EntryPoint","urlTemplate":"https:\/\/madoskampas.lt\/?s={search_term_string}"},"query-input":{"@type":"PropertyValueSpecification","valueRequired":true,"valueName":"search_term_string"}}],"inLanguage":"ru-RU"}]}},"uagb_featured_image_src":{"full":["https:\/\/madoskampas.lt\/wp-content\/uploads\/2025\/08\/IMG_1692.jpeg",1536,2048,false],"thumbnail":["https:\/\/madoskampas.lt\/wp-content\/uploads\/2025\/08\/IMG_1692-150x150.jpeg",150,150,true],"medium":["https:\/\/madoskampas.lt\/wp-content\/uploads\/2025\/08\/IMG_1692-225x300.jpeg",225,300,true],"medium_large":["https:\/\/madoskampas.lt\/wp-content\/uploads\/2025\/08\/IMG_1692-768x1024.jpeg",768,1024,true],"large":["https:\/\/madoskampas.lt\/wp-content\/uploads\/2025\/08\/IMG_1692-768x1024.jpeg",768,1024,true],"1536x1536":["https:\/\/madoskampas.lt\/wp-content\/uploads\/2025\/08\/IMG_1692-1152x1536.jpeg",1152,1536,true],"2048x2048":["https:\/\/madoskampas.lt\/wp-content\/uploads\/2025\/08\/IMG_1692.jpeg",1536,2048,false],"trp-custom-language-flag":["https:\/\/madoskampas.lt\/wp-content\/uploads\/2025\/08\/IMG_1692.jpeg",9,12,false],"nova-image-square":["https:\/\/madoskampas.lt\/wp-content\/uploads\/2025\/08\/IMG_1692-1100x1100.jpeg",1100,1100,true],"mixtas-product-03":["https:\/\/madoskampas.lt\/wp-content\/uploads\/2025\/08\/IMG_1692-600x345.jpeg",600,345,true],"woocommerce_thumbnail":["https:\/\/madoskampas.lt\/wp-content\/uploads\/2025\/08\/IMG_1692-700x700.jpeg",700,700,true],"woocommerce_single":["https:\/\/madoskampas.lt\/wp-content\/uploads\/2025\/08\/IMG_1692-1000x1333.jpeg",1000,1333,true],"woocommerce_gallery_thumbnail":["https:\/\/madoskampas.lt\/wp-content\/uploads\/2025\/08\/IMG_1692-250x250.jpeg",250,250,true],"variation_swatches_image_size":["https:\/\/madoskampas.lt\/wp-content\/uploads\/2025\/08\/IMG_1692-50x50.jpeg",50,50,true],"variation_swatches_tooltip_size":["https:\/\/madoskampas.lt\/wp-content\/uploads\/2025\/08\/IMG_1692-100x100.jpeg",100,100,true]},"uagb_author_info":{"display_name":"algirdasbart","author_link":"https:\/\/madoskampas.lt\/ru\/author\/"},"uagb_comment_info":0,"uagb_excerpt":"Kai klasika susitinka su \u0161iuolaiki\u0161ku moteri\u0161kumu.\u201eMilano Chic\u201c \u2013 tai polo tipo trump\u0173 rankovi\u0173 megztukas, sukurtas moteriai, kuri vertina subtili\u0105 elegancij\u0105. Lengvas, \u0161velnus ir patogus audinys su viskoze ir poliamidu leid\u017eia m\u0117gautis komfortu vis\u0105 dien\u0105 \u2013 tiek darbe, tiek laisvalaikiu.Polo apykakl\u0117 su sagut\u0117mis \u2013 klasikin\u0117, bet visada madinga. Privalumai: \u2728 Eleganti\u0161kas dizainas su kontrastin\u0117mis detal\u0117mis \ud83d\udc55&hellip;","jetpack_sharing_enabled":true,"_links":{"self":[{"href":"https:\/\/madoskampas.lt\/ru\/wp-json\/wp\/v2\/product\/18043","targetHints":{"allow":["GET"]}}],"collection":[{"href":"https:\/\/madoskampas.lt\/ru\/wp-json\/wp\/v2\/product"}],"about":[{"href":"https:\/\/madoskampas.lt\/ru\/wp-json\/wp\/v2\/types\/product"}],"replies":[{"embeddable":true,"href":"https:\/\/madoskampas.lt\/ru\/wp-json\/wp\/v2\/comments?post=18043"}],"wp:featuredmedia":[{"embeddable":true,"href":"https:\/\/madoskampas.lt\/ru\/wp-json\/wp\/v2\/media\/18051"}],"wp:attachment":[{"href":"https:\/\/madoskampas.lt\/ru\/wp-json\/wp\/v2\/media?parent=18043"}],"wp:term":[{"taxonomy":"product_brand","embeddable":true,"href":"https:\/\/madoskampas.lt\/ru\/wp-json\/wp\/v2\/product_brand?post=18043"},{"taxonomy":"product_cat","embeddable":true,"href":"https:\/\/madoskampas.lt\/ru\/wp-json\/wp\/v2\/product_cat?post=18043"},{"taxonomy":"product_tag","embeddable":true,"href":"https:\/\/madoskampas.lt\/ru\/wp-json\/wp\/v2\/product_tag?post=18043"}],"curies":[{"name":"wp","href":"https:\/\/api.w.org\/{rel}","templated":true}]}}