{"id":18186,"date":"2025-08-06T18:51:16","date_gmt":"2025-08-06T18:51:16","guid":{"rendered":"https:\/\/madoskampas.lt\/?post_type=product&#038;p=18186"},"modified":"2026-05-16T17:44:30","modified_gmt":"2026-05-16T17:44:30","slug":"megztinis-luxe-kid-mohair","status":"publish","type":"product","link":"https:\/\/madoskampas.lt\/ru\/product-2\/megztinis-luxe-kid-mohair\/","title":{"rendered":"\u0421\u0432\u0438\u0442\u0435\u0440 \u201eLuxe Kid Mohair\u201c"},"content":{"rendered":"<p>\u201eLuxe Kid Mohair\u201c - \u044d\u0442\u043e \u0441\u0432\u0438\u0442\u0435\u0440, \u0438\u0437\u0433\u043e\u0442\u043e\u0432\u043b\u0435\u043d\u043d\u044b\u0439 \u0438\u0437 \u0432\u044b\u0441\u043e\u043a\u043e\u043a\u0430\u0447\u0435\u0441\u0442\u0432\u0435\u043d\u043d\u043e\u0433\u043e <strong data-start=\"457\" data-end=\"498\">80 % \u0442\u043e\u043d\u043a\u0438\u0439 \u043c\u043e\u0445\u0435\u0440 (\u043a\u0438\u0434 \u043c\u043e\u0445\u0435\u0440)<\/strong>. \u041b\u0435\u0433\u043a\u043e\u0435, \u043f\u0443\u0448\u0438\u0441\u0442\u043e\u0435, \u043d\u043e \u0442\u0435\u043f\u043b\u043e\u0435 - \u0441\u043b\u043e\u0432\u043d\u043e \u043e\u0431\u043b\u0430\u043a\u043e \u043d\u0430 \u043a\u043e\u0436\u0435. \u041e\u043d \u043d\u0435 \u0442\u043e\u043b\u044c\u043a\u043e \u0432\u044b\u0433\u043b\u044f\u0434\u0438\u0442 \u044d\u043b\u0435\u0433\u0430\u043d\u0442\u043d\u043e, \u043d\u043e \u0438 \u0441\u043e\u0437\u0434\u0430\u0435\u0442 \u043e\u0449\u0443\u0449\u0435\u043d\u0438\u0435, \u0447\u0442\u043e \u043d\u0430 \u0432\u0430\u0441 \u043d\u0430\u0434\u0435\u0442\u043e \u0447\u0442\u043e-\u0442\u043e \u043e\u0441\u043e\u0431\u0435\u043d\u043d\u043e\u0435.<\/p>\n<p>\u0420\u0430\u0437\u043c\u0435\u0440\u044b: \u0434\u043b\u0438\u043d\u0430 65 \u0441\u043c, \u0433\u0440\u0443\u0434\u044c 54 \u0441\u043c<\/p>","protected":false},"excerpt":{"rendered":"<p data-start=\"344\" data-end=\"645\"><strong data-start=\"344\" data-end=\"386\">\u0420\u043e\u0441\u043a\u043e\u0448\u044c, \u043a\u043e\u0442\u043e\u0440\u0443\u044e \u0432\u044b \u043e\u0449\u0443\u0449\u0430\u0435\u0442\u0435 \u043e\u0434\u043d\u0438\u043c \u043d\u0430\u0436\u0430\u0442\u0438\u0435\u043c \u043a\u043d\u043e\u043f\u043a\u0438.<\/strong><br data-start=\"386\" data-end=\"389\" \/>\u201eLuxe Kid Mohair\u201c - \u044d\u0442\u043e \u0441\u0432\u0438\u0442\u0435\u0440, \u0438\u0437\u0433\u043e\u0442\u043e\u0432\u043b\u0435\u043d\u043d\u044b\u0439 \u0438\u0437 \u0432\u044b\u0441\u043e\u043a\u043e\u043a\u0430\u0447\u0435\u0441\u0442\u0432\u0435\u043d\u043d\u043e\u0433\u043e <strong data-start=\"457\" data-end=\"498\">80 % \u0442\u043e\u043d\u043a\u0438\u0439 \u043c\u043e\u0445\u0435\u0440 (\u043a\u0438\u0434 \u043c\u043e\u0445\u0435\u0440)<\/strong>. \u041b\u0435\u0433\u043a\u043e\u0435, \u043f\u0443\u0448\u0438\u0441\u0442\u043e\u0435, \u043d\u043e \u0442\u0435\u043f\u043b\u043e\u0435 - \u0441\u043b\u043e\u0432\u043d\u043e \u043e\u0431\u043b\u0430\u043a\u043e \u043d\u0430 \u043a\u043e\u0436\u0435. \u041e\u043d \u043d\u0435 \u0442\u043e\u043b\u044c\u043a\u043e \u0432\u044b\u0433\u043b\u044f\u0434\u0438\u0442 \u044d\u043b\u0435\u0433\u0430\u043d\u0442\u043d\u043e, \u043d\u043e \u0438 \u0441\u043e\u0437\u0434\u0430\u0435\u0442 \u043e\u0449\u0443\u0449\u0435\u043d\u0438\u0435, \u0447\u0442\u043e \u043d\u0430 \u0432\u0430\u0441 \u043d\u0430\u0434\u0435\u0442\u043e \u0447\u0442\u043e-\u0442\u043e \u043e\u0441\u043e\u0431\u0435\u043d\u043d\u043e\u0435.<\/p>\n<p data-start=\"647\" data-end=\"787\">\u0418\u0442\u0430\u043b\u044c\u044f\u043d\u0441\u043a\u0438\u0439 \u0441\u0442\u0438\u043b\u044c, \u043d\u0430\u0442\u0443\u0440\u0430\u043b\u044c\u043d\u044b\u0439 \u0441\u043e\u0441\u0442\u0430\u0432, \u0442\u0449\u0430\u0442\u0435\u043b\u044c\u043d\u043e \u043f\u0440\u043e\u0434\u0443\u043c\u0430\u043d\u043d\u044b\u0439 \u0441\u0438\u043b\u0443\u044d\u0442 - \u0438\u0434\u0435\u0430\u043b\u044c\u043d\u043e\u0435 \u0441\u043e\u0447\u0435\u0442\u0430\u043d\u0438\u0435 \u0441 \u0434\u0436\u0438\u043d\u0441\u0430\u043c\u0438, \u043a\u043b\u0430\u0441\u0441\u0438\u0447\u0435\u0441\u043a\u0438\u043c\u0438 \u044e\u0431\u043a\u0430\u043c\u0438 \u0438\u043b\u0438 \u0431\u0440\u044e\u043a\u0430\u043c\u0438.<\/p>\n<hr data-start=\"789\" data-end=\"792\" \/>\n<p data-start=\"794\" data-end=\"811\"><strong data-start=\"794\" data-end=\"809\">\u041f\u0440\u0435\u0438\u043c\u0443\u0449\u0435\u0441\u0442\u0432\u0430:<\/strong><\/p>\n<ul data-start=\"812\" data-end=\"1104\">\n<li data-start=\"812\" data-end=\"867\">\n<p data-start=\"814\" data-end=\"867\">\u2728 80 % <em data-start=\"821\" data-end=\"833\">\u041c\u043e\u0445\u0435\u0440<\/em> - \u0423\u043b\u044c\u0442\u0440\u0430\u0440\u043e\u0441\u043a\u043e\u0448\u043d\u0430\u044f \u0438 \u043c\u044f\u0433\u043a\u0430\u044f \u0448\u0435\u0440\u0441\u0442\u044c<\/p>\n<\/li>\n<li data-start=\"868\" data-end=\"928\">\n<p data-start=\"870\" data-end=\"928\">\ud83c\udf2c \u041d\u0435\u043e\u0431\u0440\u0435\u043c\u0435\u043d\u0438\u0442\u0435\u043b\u044c\u043d\u044b\u0439, \u043d\u043e \u0441\u043e\u0433\u0440\u0435\u0432\u0430\u044e\u0449\u0438\u0439 - \u043b\u0435\u0433\u043a\u0438\u0439, \u043f\u0443\u0448\u0438\u0441\u0442\u044b\u0439, \u0434\u044b\u0448\u0430\u0449\u0438\u0439<\/p>\n<\/li>\n<li data-start=\"929\" data-end=\"993\">\n<p data-start=\"931\" data-end=\"993\">\ud83e\udde5 \u0420\u0430\u0441\u0448\u0438\u0440\u0435\u043d\u043d\u044b\u0435 \u0440\u0443\u043a\u0430\u0432\u0430, \u0441\u0432\u043e\u0431\u043e\u0434\u043d\u044b\u0439 \u0441\u0438\u043b\u0443\u044d\u0442 - \u0441\u043e\u0432\u0440\u0435\u043c\u0435\u043d\u043d\u043e \u0438 \u0443\u0434\u043e\u0431\u043d\u043e<\/p>\n<\/li>\n<li data-start=\"994\" data-end=\"1047\">\n<p data-start=\"996\" data-end=\"1047\">\ud83c\udfa8 \u0414\u043e\u0441\u0442\u0443\u043f\u043d\u043e \u043d\u0435\u0441\u043a\u043e\u043b\u044c\u043a\u043e \u043e\u0442\u0442\u0435\u043d\u043a\u043e\u0432 - \u0432\u044b\u0431\u0438\u0440\u0430\u0439\u0442\u0435 \u043f\u043e\u0434 \u043d\u0430\u0441\u0442\u0440\u043e\u0435\u043d\u0438\u0435<\/p>\n<\/li>\n<li data-start=\"1048\" data-end=\"1104\">\n<p data-start=\"1050\" data-end=\"1104\">\ud83c\uddee\ud83c\uddf9 \u0418\u0442\u0430\u043b\u044c\u044f\u043d\u0441\u043a\u043e\u0435 \u043a\u0430\u0447\u0435\u0441\u0442\u0432\u043e - \u0438\u0437\u044b\u0441\u043a\u0430\u043d\u043d\u0430\u044f \u0440\u043e\u0441\u043a\u043e\u0448\u044c \u0434\u043b\u044f \u0432\u0430\u0448\u0435\u0433\u043e \u0433\u0430\u0440\u0434\u0435\u0440\u043e\u0431\u0430<\/p>\n<\/li>\n<\/ul>\n<hr data-start=\"1106\" data-end=\"1109\" \/>\n<p data-start=\"1111\" data-end=\"1289\"><strong data-start=\"1111\" data-end=\"1123\">\u0421\u043e\u0441\u0442\u0430\u0432:<\/strong> 80 % \u043a\u0438\u0434 \u043c\u043e\u0445\u0435\u0440, 18 % \u043f\u043e\u043b\u0438\u0430\u043c\u0438\u0434, 2 % \u044d\u043b\u0430\u0441\u0442\u0430\u043d<br data-start=\"1171\" data-end=\"1174\" \/><strong data-start=\"1174\" data-end=\"1184\">\u0420\u0430\u0437\u043c\u0435\u0440:<\/strong> \u0443\u043d\u0438\u0432\u0435\u0440\u0441\u0430\u043b\u044c\u043d\u044b\u0439 (\u043f\u043e\u0434\u0445\u043e\u0434\u0438\u0442 \u043e\u0442 S \u0434\u043e XL)<\/p>\n<p data-start=\"1111\" data-end=\"1289\">\u0420\u0430\u0437\u043c\u0435\u0440\u044b: \u0434\u043b\u0438\u043d\u0430 65 \u0441\u043c, \u0433\u0440\u0443\u0434\u044c 54 \u0441\u043c<\/p>","protected":false},"featured_media":26234,"comment_status":"open","ping_status":"closed","template":"","meta":{"_uag_custom_page_level_css":"","_monsterinsights_skip_tracking":false,"_monsterinsights_sitenote_active":false,"_monsterinsights_sitenote_note":"","_monsterinsights_sitenote_category":0},"product_brand":[],"product_cat":[203,66,73],"product_tag":[],"class_list":{"0":"post-18186","1":"product","2":"type-product","3":"status-publish","4":"has-post-thumbnail","6":"product_cat-dovanu-idejos","7":"product_cat-drabuziai","8":"product_cat-megztiniai","9":"tm-has-options","11":"first","12":"instock","13":"sale","14":"shipping-taxable","15":"purchasable","16":"product-type-variable"},"yoast_head":"<!-- This site is optimized with the Yoast SEO plugin v27.6 - https:\/\/yoast.com\/product\/yoast-seo-wordpress\/ -->\n<title>Megztinis \u201eLuxe Kid Mohair\u201c - MadosKampas.lt<\/title>\n<meta name=\"robots\" content=\"index, follow, max-snippet:-1, max-image-preview:large, max-video-preview:-1\" \/>\n<link rel=\"canonical\" href=\"https:\/\/madoskampas.lt\/ru\/product-2\/megztinis-luxe-kid-mohair\/\" \/>\n<meta property=\"og:locale\" content=\"ru_RU\" \/>\n<meta property=\"og:type\" content=\"article\" \/>\n<meta property=\"og:title\" content=\"Megztinis \u201eLuxe Kid Mohair\u201c - MadosKampas.lt\" \/>\n<meta property=\"og:description\" content=\"Prabanga, kuri\u0105 jauti vos prisilietus.\u201eLuxe Kid Mohair\u201c \u2013 tai megztinis, sukurtas i\u0161 itin auk\u0161tos kokyb\u0117s 80 % \u0161velniosios moheros (kid mohera). Lengvas, purus, bet \u0161iltas \u2013 tarsi debes\u0117lis ant odos. \u0160is modelis ne tik atrodo eleganti\u0161kai, bet ir sukuria jausm\u0105, kad d\u0117vi ka\u017ek\u0105 i\u0161skirtinio. Itali\u0161kas stilius, nat\u016brali sud\u0117tis, kruop\u0161\u010diai apgalvotas siluetas \u2013 puikiai tinka tiek prie d\u017eins\u0173, tiek prie klasikinio sijono ar kelni\u0173.    Privalumai:     \u2728 80 % kid mohera \u2013 itin prabangi ir \u0161velni vilna    \ud83c\udf2c Neapsunkina, bet \u0161ildo \u2013 lengvas, purus, kv\u0117puojantis    \ud83e\udde5 Pailgintos rankov\u0117s, laisvas siluetas \u2013 modernu ir patogu    \ud83c\udfa8 Galimi keli atspalviai \u2013 rinkis savo nuotaikai    \ud83c\uddee\ud83c\uddf9 Itali\u0161ka kokyb\u0117 \u2013 subtili prabanga tavo garderobe     Sud\u0117tis: 80 % kid mohera, 18 % poliamidas, 2 % elastanasDydis: universalus (tinka nuo S iki XL) I\u0161matavimai: ilgis 65 cm, per kr\u016btin\u0119 54 cm\" \/>\n<meta property=\"og:url\" content=\"https:\/\/madoskampas.lt\/ru\/product-2\/megztinis-luxe-kid-mohair\/\" \/>\n<meta property=\"og:site_name\" content=\"MadosKampas.lt\" \/>\n<meta property=\"article:modified_time\" content=\"2026-05-16T17:44:30+00:00\" \/>\n<meta property=\"og:image\" content=\"https:\/\/madoskampas.lt\/wp-content\/uploads\/2025\/08\/IMG_0947.jpeg\" \/>\n\t<meta property=\"og:image:width\" content=\"1330\" \/>\n\t<meta property=\"og:image:height\" content=\"2364\" \/>\n\t<meta property=\"og:image:type\" content=\"image\/jpeg\" \/>\n<meta name=\"twitter:card\" content=\"summary_large_image\" \/>\n<meta name=\"twitter:label1\" content=\"\u041f\u0440\u0438\u043c\u0435\u0440\u043d\u043e\u0435 \u0432\u0440\u0435\u043c\u044f \u0434\u043b\u044f \u0447\u0442\u0435\u043d\u0438\u044f\" \/>\n\t<meta name=\"twitter:data1\" content=\"1 \u043c\u0438\u043d\u0443\u0442\u0430\" \/>\n<script type=\"application\/ld+json\" class=\"yoast-schema-graph\">{\"@context\":\"https:\\\/\\\/schema.org\",\"@graph\":[{\"@type\":\"WebPage\",\"@id\":\"https:\\\/\\\/madoskampas.lt\\\/produktas\\\/megztinis-luxe-kid-mohair\\\/\",\"url\":\"https:\\\/\\\/madoskampas.lt\\\/produktas\\\/megztinis-luxe-kid-mohair\\\/\",\"name\":\"Megztinis \u201eLuxe Kid Mohair\u201c - MadosKampas.lt\",\"isPartOf\":{\"@id\":\"https:\\\/\\\/madoskampas.lt\\\/#website\"},\"primaryImageOfPage\":{\"@id\":\"https:\\\/\\\/madoskampas.lt\\\/produktas\\\/megztinis-luxe-kid-mohair\\\/#primaryimage\"},\"image\":{\"@id\":\"https:\\\/\\\/madoskampas.lt\\\/produktas\\\/megztinis-luxe-kid-mohair\\\/#primaryimage\"},\"thumbnailUrl\":\"https:\\\/\\\/madoskampas.lt\\\/wp-content\\\/uploads\\\/2025\\\/08\\\/IMG_0947.jpeg\",\"datePublished\":\"2025-08-06T18:51:16+00:00\",\"dateModified\":\"2026-05-16T17:44:30+00:00\",\"breadcrumb\":{\"@id\":\"https:\\\/\\\/madoskampas.lt\\\/produktas\\\/megztinis-luxe-kid-mohair\\\/#breadcrumb\"},\"inLanguage\":\"ru-RU\",\"potentialAction\":[{\"@type\":\"ReadAction\",\"target\":[\"https:\\\/\\\/madoskampas.lt\\\/produktas\\\/megztinis-luxe-kid-mohair\\\/\"]}]},{\"@type\":\"ImageObject\",\"inLanguage\":\"ru-RU\",\"@id\":\"https:\\\/\\\/madoskampas.lt\\\/produktas\\\/megztinis-luxe-kid-mohair\\\/#primaryimage\",\"url\":\"https:\\\/\\\/madoskampas.lt\\\/wp-content\\\/uploads\\\/2025\\\/08\\\/IMG_0947.jpeg\",\"contentUrl\":\"https:\\\/\\\/madoskampas.lt\\\/wp-content\\\/uploads\\\/2025\\\/08\\\/IMG_0947.jpeg\",\"width\":1330,\"height\":2364},{\"@type\":\"BreadcrumbList\",\"@id\":\"https:\\\/\\\/madoskampas.lt\\\/produktas\\\/megztinis-luxe-kid-mohair\\\/#breadcrumb\",\"itemListElement\":[{\"@type\":\"ListItem\",\"position\":1,\"name\":\"Home\",\"item\":\"https:\\\/\\\/madoskampas.lt\\\/\"},{\"@type\":\"ListItem\",\"position\":2,\"name\":\"Parduotuv\u0117\",\"item\":\"https:\\\/\\\/madoskampas.lt\\\/parduotuve-2\\\/\"},{\"@type\":\"ListItem\",\"position\":3,\"name\":\"Megztinis \u201eLuxe Kid Mohair\u201c\"}]},{\"@type\":\"WebSite\",\"@id\":\"https:\\\/\\\/madoskampas.lt\\\/#website\",\"url\":\"https:\\\/\\\/madoskampas.lt\\\/\",\"name\":\"MadosKampas.lt\",\"description\":\"Stilingi drabu\u017eiai moterims\",\"potentialAction\":[{\"@type\":\"SearchAction\",\"target\":{\"@type\":\"EntryPoint\",\"urlTemplate\":\"https:\\\/\\\/madoskampas.lt\\\/?s={search_term_string}\"},\"query-input\":{\"@type\":\"PropertyValueSpecification\",\"valueRequired\":true,\"valueName\":\"search_term_string\"}}],\"inLanguage\":\"ru-RU\"}]}<\/script>\n<!-- \/ Yoast SEO plugin. -->","yoast_head_json":{"title":"Megztinis \u201eLuxe Kid Mohair\u201c - MadosKampas.lt","robots":{"index":"index","follow":"follow","max-snippet":"max-snippet:-1","max-image-preview":"max-image-preview:large","max-video-preview":"max-video-preview:-1"},"canonical":"https:\/\/madoskampas.lt\/ru\/product-2\/megztinis-luxe-kid-mohair\/","og_locale":"ru_RU","og_type":"article","og_title":"Megztinis \u201eLuxe Kid Mohair\u201c - MadosKampas.lt","og_description":"Prabanga, kuri\u0105 jauti vos prisilietus.\u201eLuxe Kid Mohair\u201c \u2013 tai megztinis, sukurtas i\u0161 itin auk\u0161tos kokyb\u0117s 80 % \u0161velniosios moheros (kid mohera). Lengvas, purus, bet \u0161iltas \u2013 tarsi debes\u0117lis ant odos. \u0160is modelis ne tik atrodo eleganti\u0161kai, bet ir sukuria jausm\u0105, kad d\u0117vi ka\u017ek\u0105 i\u0161skirtinio. Itali\u0161kas stilius, nat\u016brali sud\u0117tis, kruop\u0161\u010diai apgalvotas siluetas \u2013 puikiai tinka tiek prie d\u017eins\u0173, tiek prie klasikinio sijono ar kelni\u0173.    Privalumai:     \u2728 80 % kid mohera \u2013 itin prabangi ir \u0161velni vilna    \ud83c\udf2c Neapsunkina, bet \u0161ildo \u2013 lengvas, purus, kv\u0117puojantis    \ud83e\udde5 Pailgintos rankov\u0117s, laisvas siluetas \u2013 modernu ir patogu    \ud83c\udfa8 Galimi keli atspalviai \u2013 rinkis savo nuotaikai    \ud83c\uddee\ud83c\uddf9 Itali\u0161ka kokyb\u0117 \u2013 subtili prabanga tavo garderobe     Sud\u0117tis: 80 % kid mohera, 18 % poliamidas, 2 % elastanasDydis: universalus (tinka nuo S iki XL) I\u0161matavimai: ilgis 65 cm, per kr\u016btin\u0119 54 cm","og_url":"https:\/\/madoskampas.lt\/ru\/product-2\/megztinis-luxe-kid-mohair\/","og_site_name":"MadosKampas.lt","article_modified_time":"2026-05-16T17:44:30+00:00","og_image":[{"width":1330,"height":2364,"url":"https:\/\/madoskampas.lt\/wp-content\/uploads\/2025\/08\/IMG_0947.jpeg","type":"image\/jpeg"}],"twitter_card":"summary_large_image","twitter_misc":{"\u041f\u0440\u0438\u043c\u0435\u0440\u043d\u043e\u0435 \u0432\u0440\u0435\u043c\u044f \u0434\u043b\u044f \u0447\u0442\u0435\u043d\u0438\u044f":"1 \u043c\u0438\u043d\u0443\u0442\u0430"},"schema":{"@context":"https:\/\/schema.org","@graph":[{"@type":"WebPage","@id":"https:\/\/madoskampas.lt\/produktas\/megztinis-luxe-kid-mohair\/","url":"https:\/\/madoskampas.lt\/produktas\/megztinis-luxe-kid-mohair\/","name":"Megztinis \u201eLuxe Kid Mohair\u201c - MadosKampas.lt","isPartOf":{"@id":"https:\/\/madoskampas.lt\/#website"},"primaryImageOfPage":{"@id":"https:\/\/madoskampas.lt\/produktas\/megztinis-luxe-kid-mohair\/#primaryimage"},"image":{"@id":"https:\/\/madoskampas.lt\/produktas\/megztinis-luxe-kid-mohair\/#primaryimage"},"thumbnailUrl":"https:\/\/madoskampas.lt\/wp-content\/uploads\/2025\/08\/IMG_0947.jpeg","datePublished":"2025-08-06T18:51:16+00:00","dateModified":"2026-05-16T17:44:30+00:00","breadcrumb":{"@id":"https:\/\/madoskampas.lt\/produktas\/megztinis-luxe-kid-mohair\/#breadcrumb"},"inLanguage":"ru-RU","potentialAction":[{"@type":"ReadAction","target":["https:\/\/madoskampas.lt\/produktas\/megztinis-luxe-kid-mohair\/"]}]},{"@type":"ImageObject","inLanguage":"ru-RU","@id":"https:\/\/madoskampas.lt\/produktas\/megztinis-luxe-kid-mohair\/#primaryimage","url":"https:\/\/madoskampas.lt\/wp-content\/uploads\/2025\/08\/IMG_0947.jpeg","contentUrl":"https:\/\/madoskampas.lt\/wp-content\/uploads\/2025\/08\/IMG_0947.jpeg","width":1330,"height":2364},{"@type":"BreadcrumbList","@id":"https:\/\/madoskampas.lt\/produktas\/megztinis-luxe-kid-mohair\/#breadcrumb","itemListElement":[{"@type":"ListItem","position":1,"name":"Home","item":"https:\/\/madoskampas.lt\/"},{"@type":"ListItem","position":2,"name":"Parduotuv\u0117","item":"https:\/\/madoskampas.lt\/parduotuve-2\/"},{"@type":"ListItem","position":3,"name":"Megztinis \u201eLuxe Kid Mohair\u201c"}]},{"@type":"WebSite","@id":"https:\/\/madoskampas.lt\/#website","url":"https:\/\/madoskampas.lt\/","name":"FashionKampas.lt","description":"\u0421\u0442\u0438\u043b\u044c\u043d\u0430\u044f \u043e\u0434\u0435\u0436\u0434\u0430 \u0434\u043b\u044f \u0436\u0435\u043d\u0449\u0438\u043d","potentialAction":[{"@type":"SearchAction","target":{"@type":"EntryPoint","urlTemplate":"https:\/\/madoskampas.lt\/?s={search_term_string}"},"query-input":{"@type":"PropertyValueSpecification","valueRequired":true,"valueName":"search_term_string"}}],"inLanguage":"ru-RU"}]}},"uagb_featured_image_src":{"full":["https:\/\/madoskampas.lt\/wp-content\/uploads\/2025\/08\/IMG_0947.jpeg",1330,2364,false],"thumbnail":["https:\/\/madoskampas.lt\/wp-content\/uploads\/2025\/08\/IMG_0947-150x150.jpeg",150,150,true],"medium":["https:\/\/madoskampas.lt\/wp-content\/uploads\/2025\/08\/IMG_0947-169x300.jpeg",169,300,true],"medium_large":["https:\/\/madoskampas.lt\/wp-content\/uploads\/2025\/08\/IMG_0947-768x1365.jpeg",768,1365,true],"large":["https:\/\/madoskampas.lt\/wp-content\/uploads\/2025\/08\/IMG_0947-576x1024.jpeg",576,1024,true],"1536x1536":["https:\/\/madoskampas.lt\/wp-content\/uploads\/2025\/08\/IMG_0947-864x1536.jpeg",864,1536,true],"2048x2048":["https:\/\/madoskampas.lt\/wp-content\/uploads\/2025\/08\/IMG_0947-1152x2048.jpeg",1152,2048,true],"trp-custom-language-flag":["https:\/\/madoskampas.lt\/wp-content\/uploads\/2025\/08\/IMG_0947-7x12.jpeg",7,12,true],"nova-image-square":["https:\/\/madoskampas.lt\/wp-content\/uploads\/2025\/08\/IMG_0947-1100x1100.jpeg",1100,1100,true],"mixtas-product-03":["https:\/\/madoskampas.lt\/wp-content\/uploads\/2025\/08\/IMG_0947-600x345.jpeg",600,345,true],"woocommerce_thumbnail":["https:\/\/madoskampas.lt\/wp-content\/uploads\/2025\/08\/IMG_0947-700x700.jpeg",700,700,true],"woocommerce_single":["https:\/\/madoskampas.lt\/wp-content\/uploads\/2025\/08\/IMG_0947-1000x1777.jpeg",1000,1777,true],"woocommerce_gallery_thumbnail":["https:\/\/madoskampas.lt\/wp-content\/uploads\/2025\/08\/IMG_0947-250x250.jpeg",250,250,true],"variation_swatches_image_size":["https:\/\/madoskampas.lt\/wp-content\/uploads\/2025\/08\/IMG_0947-50x50.jpeg",50,50,true],"variation_swatches_tooltip_size":["https:\/\/madoskampas.lt\/wp-content\/uploads\/2025\/08\/IMG_0947-100x100.jpeg",100,100,true]},"uagb_author_info":{"display_name":"algirdasbart","author_link":"https:\/\/madoskampas.lt\/ru\/author\/"},"uagb_comment_info":7,"uagb_excerpt":"Prabanga, kuri\u0105 jauti vos prisilietus.\u201eLuxe Kid Mohair\u201c \u2013 tai megztinis, sukurtas i\u0161 itin auk\u0161tos kokyb\u0117s 80 % \u0161velniosios moheros (kid mohera). Lengvas, purus, bet \u0161iltas \u2013 tarsi debes\u0117lis ant odos. \u0160is modelis ne tik atrodo eleganti\u0161kai, bet ir sukuria jausm\u0105, kad d\u0117vi ka\u017ek\u0105 i\u0161skirtinio. Itali\u0161kas stilius, nat\u016brali sud\u0117tis, kruop\u0161\u010diai apgalvotas siluetas \u2013 puikiai tinka tiek&hellip;","jetpack_sharing_enabled":true,"_links":{"self":[{"href":"https:\/\/madoskampas.lt\/ru\/wp-json\/wp\/v2\/product\/18186","targetHints":{"allow":["GET"]}}],"collection":[{"href":"https:\/\/madoskampas.lt\/ru\/wp-json\/wp\/v2\/product"}],"about":[{"href":"https:\/\/madoskampas.lt\/ru\/wp-json\/wp\/v2\/types\/product"}],"replies":[{"embeddable":true,"href":"https:\/\/madoskampas.lt\/ru\/wp-json\/wp\/v2\/comments?post=18186"}],"wp:featuredmedia":[{"embeddable":true,"href":"https:\/\/madoskampas.lt\/ru\/wp-json\/wp\/v2\/media\/26234"}],"wp:attachment":[{"href":"https:\/\/madoskampas.lt\/ru\/wp-json\/wp\/v2\/media?parent=18186"}],"wp:term":[{"taxonomy":"product_brand","embeddable":true,"href":"https:\/\/madoskampas.lt\/ru\/wp-json\/wp\/v2\/product_brand?post=18186"},{"taxonomy":"product_cat","embeddable":true,"href":"https:\/\/madoskampas.lt\/ru\/wp-json\/wp\/v2\/product_cat?post=18186"},{"taxonomy":"product_tag","embeddable":true,"href":"https:\/\/madoskampas.lt\/ru\/wp-json\/wp\/v2\/product_tag?post=18186"}],"curies":[{"name":"wp","href":"https:\/\/api.w.org\/{rel}","templated":true}]}}