{"id":18864,"date":"2025-08-28T09:19:37","date_gmt":"2025-08-28T09:19:37","guid":{"rendered":"https:\/\/madoskampas.lt\/?post_type=product&#038;p=18864"},"modified":"2026-03-08T11:23:49","modified_gmt":"2026-03-08T11:23:49","slug":"air-zip-minimalistine-striuke-su-placiomis-rankovemis","status":"publish","type":"product","link":"https:\/\/madoskampas.lt\/ru\/product-2\/air-zip-minimalistine-striuke-su-placiomis-rankovemis\/","title":{"rendered":"\u201eAir Zip\u201c - \u043c\u0438\u043d\u0438\u043c\u0430\u043b\u0438\u0441\u0442\u0438\u0447\u043d\u0430\u044f \u043a\u0443\u0440\u0442\u043a\u0430 \u0441 \u0448\u0438\u0440\u043e\u043a\u0438\u043c\u0438 \u0440\u0443\u043a\u0430\u0432\u0430\u043c\u0438"},"content":{"rendered":"","protected":false},"excerpt":{"rendered":"<p data-start=\"371\" data-end=\"580\"><strong data-start=\"371\" data-end=\"384\">\u201eAir Zip\u201c<\/strong> \u2013 tai lengvo kritimo, miesto ritmui pritaikyta striuk\u0117 su u\u017etrauktuku ir pla\u010diomis rankov\u0117mis. Jos siluetas \u2013 modernus, \u0161iek tiek oversized, leid\u017eiantis jaustis laisvai ir stilingai vienu metu.<\/p>\n<p data-start=\"582\" data-end=\"760\">\u0160i striuk\u0117 puikiai tinka pereinamajam sezonui, kai norisi apsaugos nuo v\u0117jo, bet neapsunkinan\u010dio jausmo. Galima rinktis i\u0161 dviej\u0173 spalv\u0173 \u2013 klasikin\u0117s juodos ir \u0161okoladin\u0117s rudos.<\/p>\n<p data-start=\"762\" data-end=\"1042\">\u2714\ufe0f U\u017etrauktukas per vis\u0105 ilg\u012f \u2013 prakti\u0161ka ir stilinga<br data-start=\"815\" data-end=\"818\" \/>\u2714\ufe0f Oversized kirpimas su pla\u010diomis rankov\u0117mis<br data-start=\"863\" data-end=\"866\" \/>\u2714\ufe0f Dvi bazin\u0117s spalvos: juoda ir \u0161okolado ruda<br data-start=\"912\" data-end=\"915\" \/>\u2714\ufe0f Mink\u0161tas, malonus audinys su kritimu<br data-start=\"954\" data-end=\"957\" \/>\u2714\ufe0f Universalus dydis \u2013 tinka S\u2013L<br data-start=\"989\" data-end=\"992\" \/>\u2714\ufe0f Derink su sijonu, keln\u0117mis ar net vir\u0161 suknel\u0117s<\/p>\n<p data-start=\"1044\" data-end=\"1100\"><strong data-start=\"1044\" data-end=\"1057\">\u201eAir Zip\u201c<\/strong> \u2013 kai stilius ir komfortas keliauja kartu.<\/p>","protected":false},"featured_media":18824,"comment_status":"open","ping_status":"closed","template":"","meta":{"_uag_custom_page_level_css":"","_monsterinsights_skip_tracking":false,"_monsterinsights_sitenote_active":false,"_monsterinsights_sitenote_note":"","_monsterinsights_sitenote_category":0},"product_brand":[],"product_cat":[66,95,77,79],"product_tag":[],"class_list":{"0":"post-18864","1":"product","2":"type-product","3":"status-publish","4":"has-post-thumbnail","6":"product_cat-drabuziai","7":"product_cat-naujausi","8":"product_cat-striukes-paltai","9":"product_cat-svarkai","10":"tm-has-options","12":"first","13":"outofstock","14":"sale","15":"shipping-taxable","16":"purchasable","17":"product-type-variable"},"yoast_head":"<!-- This site is optimized with the Yoast SEO plugin v27.3 - https:\/\/yoast.com\/product\/yoast-seo-wordpress\/ -->\n<title>\u201eAir Zip\u201c \u2013 minimalistin\u0117 striuk\u0117 su pla\u010diomis rankov\u0117mis - MadosKampas.lt<\/title>\n<meta name=\"robots\" content=\"index, follow, max-snippet:-1, max-image-preview:large, max-video-preview:-1\" \/>\n<link rel=\"canonical\" href=\"https:\/\/madoskampas.lt\/ru\/product-2\/air-zip-minimalistine-striuke-su-placiomis-rankovemis\/\" \/>\n<meta property=\"og:locale\" content=\"ru_RU\" \/>\n<meta property=\"og:type\" content=\"article\" \/>\n<meta property=\"og:title\" content=\"\u201eAir Zip\u201c \u2013 minimalistin\u0117 striuk\u0117 su pla\u010diomis rankov\u0117mis - MadosKampas.lt\" \/>\n<meta property=\"og:description\" content=\"\u201eAir Zip\u201c \u2013 tai lengvo kritimo, miesto ritmui pritaikyta striuk\u0117 su u\u017etrauktuku ir pla\u010diomis rankov\u0117mis. Jos siluetas \u2013 modernus, \u0161iek tiek oversized, leid\u017eiantis jaustis laisvai ir stilingai vienu metu. \u0160i striuk\u0117 puikiai tinka pereinamajam sezonui, kai norisi apsaugos nuo v\u0117jo, bet neapsunkinan\u010dio jausmo. Galima rinktis i\u0161 dviej\u0173 spalv\u0173 \u2013 klasikin\u0117s juodos ir \u0161okoladin\u0117s rudos. \u2714\ufe0f U\u017etrauktukas per vis\u0105 ilg\u012f \u2013 prakti\u0161ka ir stilinga\u2714\ufe0f Oversized kirpimas su pla\u010diomis rankov\u0117mis\u2714\ufe0f Dvi bazin\u0117s spalvos: juoda ir \u0161okolado ruda\u2714\ufe0f Mink\u0161tas, malonus audinys su kritimu\u2714\ufe0f Universalus dydis \u2013 tinka S\u2013L\u2714\ufe0f Derink su sijonu, keln\u0117mis ar net vir\u0161 suknel\u0117s \u201eAir Zip\u201c \u2013 kai stilius ir komfortas keliauja kartu.\" \/>\n<meta property=\"og:url\" content=\"https:\/\/madoskampas.lt\/ru\/product-2\/air-zip-minimalistine-striuke-su-placiomis-rankovemis\/\" \/>\n<meta property=\"og:site_name\" content=\"MadosKampas.lt\" \/>\n<meta property=\"article:modified_time\" content=\"2026-03-08T11:23:49+00:00\" \/>\n<meta property=\"og:image\" content=\"https:\/\/madoskampas.lt\/wp-content\/uploads\/2025\/08\/IMG_4245.jpeg\" \/>\n\t<meta property=\"og:image:width\" content=\"1536\" \/>\n\t<meta property=\"og:image:height\" content=\"2048\" \/>\n\t<meta property=\"og:image:type\" content=\"image\/jpeg\" \/>\n<meta name=\"twitter:card\" content=\"summary_large_image\" \/>\n<meta name=\"twitter:label1\" content=\"\u041f\u0440\u0438\u043c\u0435\u0440\u043d\u043e\u0435 \u0432\u0440\u0435\u043c\u044f \u0434\u043b\u044f \u0447\u0442\u0435\u043d\u0438\u044f\" \/>\n\t<meta name=\"twitter:data1\" content=\"1 \u043c\u0438\u043d\u0443\u0442\u0430\" \/>\n<script type=\"application\/ld+json\" class=\"yoast-schema-graph\">{\"@context\":\"https:\\\/\\\/schema.org\",\"@graph\":[{\"@type\":\"WebPage\",\"@id\":\"https:\\\/\\\/madoskampas.lt\\\/produktas\\\/air-zip-minimalistine-striuke-su-placiomis-rankovemis\\\/\",\"url\":\"https:\\\/\\\/madoskampas.lt\\\/produktas\\\/air-zip-minimalistine-striuke-su-placiomis-rankovemis\\\/\",\"name\":\"\u201eAir Zip\u201c \u2013 minimalistin\u0117 striuk\u0117 su pla\u010diomis rankov\u0117mis - MadosKampas.lt\",\"isPartOf\":{\"@id\":\"https:\\\/\\\/madoskampas.lt\\\/#website\"},\"primaryImageOfPage\":{\"@id\":\"https:\\\/\\\/madoskampas.lt\\\/produktas\\\/air-zip-minimalistine-striuke-su-placiomis-rankovemis\\\/#primaryimage\"},\"image\":{\"@id\":\"https:\\\/\\\/madoskampas.lt\\\/produktas\\\/air-zip-minimalistine-striuke-su-placiomis-rankovemis\\\/#primaryimage\"},\"thumbnailUrl\":\"https:\\\/\\\/madoskampas.lt\\\/wp-content\\\/uploads\\\/2025\\\/08\\\/IMG_4245.jpeg\",\"datePublished\":\"2025-08-28T09:19:37+00:00\",\"dateModified\":\"2026-03-08T11:23:49+00:00\",\"breadcrumb\":{\"@id\":\"https:\\\/\\\/madoskampas.lt\\\/produktas\\\/air-zip-minimalistine-striuke-su-placiomis-rankovemis\\\/#breadcrumb\"},\"inLanguage\":\"ru-RU\",\"potentialAction\":[{\"@type\":\"ReadAction\",\"target\":[\"https:\\\/\\\/madoskampas.lt\\\/produktas\\\/air-zip-minimalistine-striuke-su-placiomis-rankovemis\\\/\"]}]},{\"@type\":\"ImageObject\",\"inLanguage\":\"ru-RU\",\"@id\":\"https:\\\/\\\/madoskampas.lt\\\/produktas\\\/air-zip-minimalistine-striuke-su-placiomis-rankovemis\\\/#primaryimage\",\"url\":\"https:\\\/\\\/madoskampas.lt\\\/wp-content\\\/uploads\\\/2025\\\/08\\\/IMG_4245.jpeg\",\"contentUrl\":\"https:\\\/\\\/madoskampas.lt\\\/wp-content\\\/uploads\\\/2025\\\/08\\\/IMG_4245.jpeg\",\"width\":1536,\"height\":2048},{\"@type\":\"BreadcrumbList\",\"@id\":\"https:\\\/\\\/madoskampas.lt\\\/produktas\\\/air-zip-minimalistine-striuke-su-placiomis-rankovemis\\\/#breadcrumb\",\"itemListElement\":[{\"@type\":\"ListItem\",\"position\":1,\"name\":\"Home\",\"item\":\"https:\\\/\\\/madoskampas.lt\\\/\"},{\"@type\":\"ListItem\",\"position\":2,\"name\":\"Parduotuv\u0117\",\"item\":\"https:\\\/\\\/madoskampas.lt\\\/parduotuve-2\\\/\"},{\"@type\":\"ListItem\",\"position\":3,\"name\":\"\u201eAir Zip\u201c \u2013 minimalistin\u0117 striuk\u0117 su pla\u010diomis rankov\u0117mis\"}]},{\"@type\":\"WebSite\",\"@id\":\"https:\\\/\\\/madoskampas.lt\\\/#website\",\"url\":\"https:\\\/\\\/madoskampas.lt\\\/\",\"name\":\"MadosKampas.lt\",\"description\":\"Stilingi drabu\u017eiai moterims\",\"potentialAction\":[{\"@type\":\"SearchAction\",\"target\":{\"@type\":\"EntryPoint\",\"urlTemplate\":\"https:\\\/\\\/madoskampas.lt\\\/?s={search_term_string}\"},\"query-input\":{\"@type\":\"PropertyValueSpecification\",\"valueRequired\":true,\"valueName\":\"search_term_string\"}}],\"inLanguage\":\"ru-RU\"}]}<\/script>\n<!-- \/ Yoast SEO plugin. -->","yoast_head_json":{"title":"\u201eAir Zip\u201c \u2013 minimalistin\u0117 striuk\u0117 su pla\u010diomis rankov\u0117mis - MadosKampas.lt","robots":{"index":"index","follow":"follow","max-snippet":"max-snippet:-1","max-image-preview":"max-image-preview:large","max-video-preview":"max-video-preview:-1"},"canonical":"https:\/\/madoskampas.lt\/ru\/product-2\/air-zip-minimalistine-striuke-su-placiomis-rankovemis\/","og_locale":"ru_RU","og_type":"article","og_title":"\u201eAir Zip\u201c \u2013 minimalistin\u0117 striuk\u0117 su pla\u010diomis rankov\u0117mis - MadosKampas.lt","og_description":"\u201eAir Zip\u201c \u2013 tai lengvo kritimo, miesto ritmui pritaikyta striuk\u0117 su u\u017etrauktuku ir pla\u010diomis rankov\u0117mis. Jos siluetas \u2013 modernus, \u0161iek tiek oversized, leid\u017eiantis jaustis laisvai ir stilingai vienu metu. \u0160i striuk\u0117 puikiai tinka pereinamajam sezonui, kai norisi apsaugos nuo v\u0117jo, bet neapsunkinan\u010dio jausmo. Galima rinktis i\u0161 dviej\u0173 spalv\u0173 \u2013 klasikin\u0117s juodos ir \u0161okoladin\u0117s rudos. \u2714\ufe0f U\u017etrauktukas per vis\u0105 ilg\u012f \u2013 prakti\u0161ka ir stilinga\u2714\ufe0f Oversized kirpimas su pla\u010diomis rankov\u0117mis\u2714\ufe0f Dvi bazin\u0117s spalvos: juoda ir \u0161okolado ruda\u2714\ufe0f Mink\u0161tas, malonus audinys su kritimu\u2714\ufe0f Universalus dydis \u2013 tinka S\u2013L\u2714\ufe0f Derink su sijonu, keln\u0117mis ar net vir\u0161 suknel\u0117s \u201eAir Zip\u201c \u2013 kai stilius ir komfortas keliauja kartu.","og_url":"https:\/\/madoskampas.lt\/ru\/product-2\/air-zip-minimalistine-striuke-su-placiomis-rankovemis\/","og_site_name":"MadosKampas.lt","article_modified_time":"2026-03-08T11:23:49+00:00","og_image":[{"width":1536,"height":2048,"url":"https:\/\/madoskampas.lt\/wp-content\/uploads\/2025\/08\/IMG_4245.jpeg","type":"image\/jpeg"}],"twitter_card":"summary_large_image","twitter_misc":{"\u041f\u0440\u0438\u043c\u0435\u0440\u043d\u043e\u0435 \u0432\u0440\u0435\u043c\u044f \u0434\u043b\u044f \u0447\u0442\u0435\u043d\u0438\u044f":"1 \u043c\u0438\u043d\u0443\u0442\u0430"},"schema":{"@context":"https:\/\/schema.org","@graph":[{"@type":"WebPage","@id":"https:\/\/madoskampas.lt\/produktas\/air-zip-minimalistine-striuke-su-placiomis-rankovemis\/","url":"https:\/\/madoskampas.lt\/produktas\/air-zip-minimalistine-striuke-su-placiomis-rankovemis\/","name":"\u201eAir Zip\u201c \u2013 minimalistin\u0117 striuk\u0117 su pla\u010diomis rankov\u0117mis - MadosKampas.lt","isPartOf":{"@id":"https:\/\/madoskampas.lt\/#website"},"primaryImageOfPage":{"@id":"https:\/\/madoskampas.lt\/produktas\/air-zip-minimalistine-striuke-su-placiomis-rankovemis\/#primaryimage"},"image":{"@id":"https:\/\/madoskampas.lt\/produktas\/air-zip-minimalistine-striuke-su-placiomis-rankovemis\/#primaryimage"},"thumbnailUrl":"https:\/\/madoskampas.lt\/wp-content\/uploads\/2025\/08\/IMG_4245.jpeg","datePublished":"2025-08-28T09:19:37+00:00","dateModified":"2026-03-08T11:23:49+00:00","breadcrumb":{"@id":"https:\/\/madoskampas.lt\/produktas\/air-zip-minimalistine-striuke-su-placiomis-rankovemis\/#breadcrumb"},"inLanguage":"ru-RU","potentialAction":[{"@type":"ReadAction","target":["https:\/\/madoskampas.lt\/produktas\/air-zip-minimalistine-striuke-su-placiomis-rankovemis\/"]}]},{"@type":"ImageObject","inLanguage":"ru-RU","@id":"https:\/\/madoskampas.lt\/produktas\/air-zip-minimalistine-striuke-su-placiomis-rankovemis\/#primaryimage","url":"https:\/\/madoskampas.lt\/wp-content\/uploads\/2025\/08\/IMG_4245.jpeg","contentUrl":"https:\/\/madoskampas.lt\/wp-content\/uploads\/2025\/08\/IMG_4245.jpeg","width":1536,"height":2048},{"@type":"BreadcrumbList","@id":"https:\/\/madoskampas.lt\/produktas\/air-zip-minimalistine-striuke-su-placiomis-rankovemis\/#breadcrumb","itemListElement":[{"@type":"ListItem","position":1,"name":"Home","item":"https:\/\/madoskampas.lt\/"},{"@type":"ListItem","position":2,"name":"Parduotuv\u0117","item":"https:\/\/madoskampas.lt\/parduotuve-2\/"},{"@type":"ListItem","position":3,"name":"\u201eAir Zip\u201c \u2013 minimalistin\u0117 striuk\u0117 su pla\u010diomis rankov\u0117mis"}]},{"@type":"WebSite","@id":"https:\/\/madoskampas.lt\/#website","url":"https:\/\/madoskampas.lt\/","name":"FashionKampas.lt","description":"\u0421\u0442\u0438\u043b\u044c\u043d\u0430\u044f \u043e\u0434\u0435\u0436\u0434\u0430 \u0434\u043b\u044f \u0436\u0435\u043d\u0449\u0438\u043d","potentialAction":[{"@type":"SearchAction","target":{"@type":"EntryPoint","urlTemplate":"https:\/\/madoskampas.lt\/?s={search_term_string}"},"query-input":{"@type":"PropertyValueSpecification","valueRequired":true,"valueName":"search_term_string"}}],"inLanguage":"ru-RU"}]}},"uagb_featured_image_src":{"full":["https:\/\/madoskampas.lt\/wp-content\/uploads\/2025\/08\/IMG_4245.jpeg",1536,2048,false],"thumbnail":["https:\/\/madoskampas.lt\/wp-content\/uploads\/2025\/08\/IMG_4245-150x150.jpeg",150,150,true],"medium":["https:\/\/madoskampas.lt\/wp-content\/uploads\/2025\/08\/IMG_4245-225x300.jpeg",225,300,true],"medium_large":["https:\/\/madoskampas.lt\/wp-content\/uploads\/2025\/08\/IMG_4245-768x1024.jpeg",768,1024,true],"large":["https:\/\/madoskampas.lt\/wp-content\/uploads\/2025\/08\/IMG_4245-768x1024.jpeg",768,1024,true],"1536x1536":["https:\/\/madoskampas.lt\/wp-content\/uploads\/2025\/08\/IMG_4245-1152x1536.jpeg",1152,1536,true],"2048x2048":["https:\/\/madoskampas.lt\/wp-content\/uploads\/2025\/08\/IMG_4245.jpeg",1536,2048,false],"trp-custom-language-flag":["https:\/\/madoskampas.lt\/wp-content\/uploads\/2025\/08\/IMG_4245.jpeg",9,12,false],"nova-image-square":["https:\/\/madoskampas.lt\/wp-content\/uploads\/2025\/08\/IMG_4245-1100x1100.jpeg",1100,1100,true],"mixtas-product-03":["https:\/\/madoskampas.lt\/wp-content\/uploads\/2025\/08\/IMG_4245-600x345.jpeg",600,345,true],"woocommerce_thumbnail":["https:\/\/madoskampas.lt\/wp-content\/uploads\/2025\/08\/IMG_4245-700x700.jpeg",700,700,true],"woocommerce_single":["https:\/\/madoskampas.lt\/wp-content\/uploads\/2025\/08\/IMG_4245-1000x1333.jpeg",1000,1333,true],"woocommerce_gallery_thumbnail":["https:\/\/madoskampas.lt\/wp-content\/uploads\/2025\/08\/IMG_4245-250x250.jpeg",250,250,true],"variation_swatches_image_size":["https:\/\/madoskampas.lt\/wp-content\/uploads\/2025\/08\/IMG_4245-50x50.jpeg",50,50,true],"variation_swatches_tooltip_size":["https:\/\/madoskampas.lt\/wp-content\/uploads\/2025\/08\/IMG_4245-100x100.jpeg",100,100,true]},"uagb_author_info":{"display_name":"algirdasbart","author_link":"https:\/\/madoskampas.lt\/ru\/author\/"},"uagb_comment_info":0,"uagb_excerpt":"\u201eAir Zip\u201c \u2013 tai lengvo kritimo, miesto ritmui pritaikyta striuk\u0117 su u\u017etrauktuku ir pla\u010diomis rankov\u0117mis. Jos siluetas \u2013 modernus, \u0161iek tiek oversized, leid\u017eiantis jaustis laisvai ir stilingai vienu metu. \u0160i striuk\u0117 puikiai tinka pereinamajam sezonui, kai norisi apsaugos nuo v\u0117jo, bet neapsunkinan\u010dio jausmo. Galima rinktis i\u0161 dviej\u0173 spalv\u0173 \u2013 klasikin\u0117s juodos ir \u0161okoladin\u0117s rudos. \u2714\ufe0f&hellip;","jetpack_sharing_enabled":true,"_links":{"self":[{"href":"https:\/\/madoskampas.lt\/ru\/wp-json\/wp\/v2\/product\/18864","targetHints":{"allow":["GET"]}}],"collection":[{"href":"https:\/\/madoskampas.lt\/ru\/wp-json\/wp\/v2\/product"}],"about":[{"href":"https:\/\/madoskampas.lt\/ru\/wp-json\/wp\/v2\/types\/product"}],"replies":[{"embeddable":true,"href":"https:\/\/madoskampas.lt\/ru\/wp-json\/wp\/v2\/comments?post=18864"}],"wp:featuredmedia":[{"embeddable":true,"href":"https:\/\/madoskampas.lt\/ru\/wp-json\/wp\/v2\/media\/18824"}],"wp:attachment":[{"href":"https:\/\/madoskampas.lt\/ru\/wp-json\/wp\/v2\/media?parent=18864"}],"wp:term":[{"taxonomy":"product_brand","embeddable":true,"href":"https:\/\/madoskampas.lt\/ru\/wp-json\/wp\/v2\/product_brand?post=18864"},{"taxonomy":"product_cat","embeddable":true,"href":"https:\/\/madoskampas.lt\/ru\/wp-json\/wp\/v2\/product_cat?post=18864"},{"taxonomy":"product_tag","embeddable":true,"href":"https:\/\/madoskampas.lt\/ru\/wp-json\/wp\/v2\/product_tag?post=18864"}],"curies":[{"name":"wp","href":"https:\/\/api.w.org\/{rel}","templated":true}]}}