{"id":19185,"date":"2025-09-04T16:37:50","date_gmt":"2025-09-04T16:37:50","guid":{"rendered":"https:\/\/madoskampas.lt\/?post_type=product&#038;p=19185"},"modified":"2026-04-03T17:13:25","modified_gmt":"2026-04-03T17:13:25","slug":"satin-flow-plisuotas-sijonas-su-guma","status":"publish","type":"product","link":"https:\/\/madoskampas.lt\/ru\/product-2\/satin-flow-plisuotas-sijonas-su-guma\/","title":{"rendered":"\u201eSatin Flow\u201c \u2013 plisuotas sijonas su guma"},"content":{"rendered":"<p><strong data-start=\"344\" data-end=\"396\">Sklandantis judesys ir visada tinkamas siluetas.<\/strong><br data-start=\"396\" data-end=\"399\" \/>\u201eSatin Flow\u201c \u2013 tai <strong data-start=\"418\" data-end=\"455\">vidutinio ilgio plisuotas sijonas<\/strong>, sukurtas patogiai ir eleganti\u0161kai kasdienai.<br data-start=\"501\" data-end=\"504\" \/>Lengvai krentanti tekst\u016bra, mink\u0161tas blizgesys ir elastinga guma liemenyje leid\u017eia jaustis laisvai ir stilingai nuo ryto iki vakaro.<\/p>","protected":false},"excerpt":{"rendered":"<p data-start=\"344\" data-end=\"636\"><strong data-start=\"344\" data-end=\"396\">Sklandantis judesys ir visada tinkamas siluetas.<\/strong><br data-start=\"396\" data-end=\"399\" \/>\u201eSatin Flow\u201c \u2013 tai <strong data-start=\"418\" data-end=\"455\">vidutinio ilgio plisuotas sijonas<\/strong>, sukurtas patogiai ir eleganti\u0161kai kasdienai.<br data-start=\"501\" data-end=\"504\" \/>Lengvai krentanti tekst\u016bra, mink\u0161tas blizgesys ir elastinga guma liemenyje leid\u017eia jaustis laisvai ir stilingai nuo ryto iki vakaro.<\/p>\n<p data-start=\"638\" data-end=\"745\"><strong data-start=\"638\" data-end=\"660\">Klasikinis modelis<\/strong>, kuris dera su viskuo \u2013 nuo megztinio ar mar\u0161kin\u0117li\u0173 iki auk\u0161takulni\u0173 ir lietpal\u010dio.<\/p>\n<hr data-start=\"747\" data-end=\"750\" \/>\n<p data-start=\"752\" data-end=\"981\"><strong data-start=\"752\" data-end=\"764\">\u041f\u043e\u0434\u0440\u043e\u0431\u043d\u043e\u0441\u0442\u0438:<\/strong><br data-start=\"764\" data-end=\"767\" \/>\u2714 Ilgis: 60 cm<br data-start=\"781\" data-end=\"784\" \/>\u2714 Dyd\u017eiai: S\u2013M\u2013L\u2013XL (liemuo su patogia guma)<br data-start=\"896\" data-end=\"899\" \/>\u2714 Plisuotas siluetas<br data-start=\"919\" data-end=\"922\" \/>\u2714 Nesiglam\u017eo, nespaud\u017eia, nevar\u017eo<br data-start=\"955\" data-end=\"958\" \/>\u2714 Tinka visoms fig\u016broms<\/p>","protected":false},"featured_media":26900,"comment_status":"open","ping_status":"closed","template":"","meta":{"_uag_custom_page_level_css":"","_monsterinsights_skip_tracking":false,"_monsterinsights_sitenote_active":false,"_monsterinsights_sitenote_note":"","_monsterinsights_sitenote_category":0},"product_brand":[],"product_cat":[66,95,75],"product_tag":[],"class_list":{"0":"post-19185","1":"product","2":"type-product","3":"status-publish","4":"has-post-thumbnail","6":"product_cat-drabuziai","7":"product_cat-naujausi","8":"product_cat-sijonai","9":"tm-has-options","11":"first","12":"instock","13":"shipping-taxable","14":"purchasable","15":"product-type-variable"},"yoast_head":"<!-- This site is optimized with the Yoast SEO plugin v27.3 - https:\/\/yoast.com\/product\/yoast-seo-wordpress\/ -->\n<title>\u201eSatin Flow\u201c \u2013 plisuotas sijonas su guma - MadosKampas.lt<\/title>\n<meta name=\"robots\" content=\"index, follow, max-snippet:-1, max-image-preview:large, max-video-preview:-1\" \/>\n<link rel=\"canonical\" href=\"https:\/\/madoskampas.lt\/ru\/product-2\/satin-flow-plisuotas-sijonas-su-guma\/\" \/>\n<meta property=\"og:locale\" content=\"ru_RU\" \/>\n<meta property=\"og:type\" content=\"article\" \/>\n<meta property=\"og:title\" content=\"\u201eSatin Flow\u201c \u2013 plisuotas sijonas su guma - MadosKampas.lt\" \/>\n<meta property=\"og:description\" content=\"Sklandantis judesys ir visada tinkamas siluetas.\u201eSatin Flow\u201c \u2013 tai vidutinio ilgio plisuotas sijonas, sukurtas patogiai ir eleganti\u0161kai kasdienai.Lengvai krentanti tekst\u016bra, mink\u0161tas blizgesys ir elastinga guma liemenyje leid\u017eia jaustis laisvai ir stilingai nuo ryto iki vakaro. Klasikinis modelis, kuris dera su viskuo \u2013 nuo megztinio ar mar\u0161kin\u0117li\u0173 iki auk\u0161takulni\u0173 ir lietpal\u010dio.    Detal\u0117s:\u2714 Ilgis: 60 cm\u2714 Dyd\u017eiai: S\u2013M\u2013L\u2013XL (liemuo su patogia guma)\u2714 Plisuotas siluetas\u2714 Nesiglam\u017eo, nespaud\u017eia, nevar\u017eo\u2714 Tinka visoms fig\u016broms\" \/>\n<meta property=\"og:url\" content=\"https:\/\/madoskampas.lt\/ru\/product-2\/satin-flow-plisuotas-sijonas-su-guma\/\" \/>\n<meta property=\"og:site_name\" content=\"MadosKampas.lt\" \/>\n<meta property=\"article:modified_time\" content=\"2026-04-03T17:13:25+00:00\" \/>\n<meta property=\"og:image\" content=\"https:\/\/madoskampas.lt\/wp-content\/uploads\/2025\/09\/IMG_2288.jpeg\" \/>\n\t<meta property=\"og:image:width\" content=\"1330\" \/>\n\t<meta property=\"og:image:height\" content=\"2364\" \/>\n\t<meta property=\"og:image:type\" content=\"image\/jpeg\" \/>\n<meta name=\"twitter:card\" content=\"summary_large_image\" \/>\n<meta name=\"twitter:label1\" content=\"\u041f\u0440\u0438\u043c\u0435\u0440\u043d\u043e\u0435 \u0432\u0440\u0435\u043c\u044f \u0434\u043b\u044f \u0447\u0442\u0435\u043d\u0438\u044f\" \/>\n\t<meta name=\"twitter:data1\" content=\"1 \u043c\u0438\u043d\u0443\u0442\u0430\" \/>\n<script type=\"application\/ld+json\" class=\"yoast-schema-graph\">{\"@context\":\"https:\\\/\\\/schema.org\",\"@graph\":[{\"@type\":\"WebPage\",\"@id\":\"https:\\\/\\\/madoskampas.lt\\\/produktas\\\/satin-flow-plisuotas-sijonas-su-guma\\\/\",\"url\":\"https:\\\/\\\/madoskampas.lt\\\/produktas\\\/satin-flow-plisuotas-sijonas-su-guma\\\/\",\"name\":\"\u201eSatin Flow\u201c \u2013 plisuotas sijonas su guma - MadosKampas.lt\",\"isPartOf\":{\"@id\":\"https:\\\/\\\/madoskampas.lt\\\/#website\"},\"primaryImageOfPage\":{\"@id\":\"https:\\\/\\\/madoskampas.lt\\\/produktas\\\/satin-flow-plisuotas-sijonas-su-guma\\\/#primaryimage\"},\"image\":{\"@id\":\"https:\\\/\\\/madoskampas.lt\\\/produktas\\\/satin-flow-plisuotas-sijonas-su-guma\\\/#primaryimage\"},\"thumbnailUrl\":\"https:\\\/\\\/madoskampas.lt\\\/wp-content\\\/uploads\\\/2025\\\/09\\\/IMG_2288.jpeg\",\"datePublished\":\"2025-09-04T16:37:50+00:00\",\"dateModified\":\"2026-04-03T17:13:25+00:00\",\"breadcrumb\":{\"@id\":\"https:\\\/\\\/madoskampas.lt\\\/produktas\\\/satin-flow-plisuotas-sijonas-su-guma\\\/#breadcrumb\"},\"inLanguage\":\"ru-RU\",\"potentialAction\":[{\"@type\":\"ReadAction\",\"target\":[\"https:\\\/\\\/madoskampas.lt\\\/produktas\\\/satin-flow-plisuotas-sijonas-su-guma\\\/\"]}]},{\"@type\":\"ImageObject\",\"inLanguage\":\"ru-RU\",\"@id\":\"https:\\\/\\\/madoskampas.lt\\\/produktas\\\/satin-flow-plisuotas-sijonas-su-guma\\\/#primaryimage\",\"url\":\"https:\\\/\\\/madoskampas.lt\\\/wp-content\\\/uploads\\\/2025\\\/09\\\/IMG_2288.jpeg\",\"contentUrl\":\"https:\\\/\\\/madoskampas.lt\\\/wp-content\\\/uploads\\\/2025\\\/09\\\/IMG_2288.jpeg\",\"width\":1330,\"height\":2364},{\"@type\":\"BreadcrumbList\",\"@id\":\"https:\\\/\\\/madoskampas.lt\\\/produktas\\\/satin-flow-plisuotas-sijonas-su-guma\\\/#breadcrumb\",\"itemListElement\":[{\"@type\":\"ListItem\",\"position\":1,\"name\":\"Home\",\"item\":\"https:\\\/\\\/madoskampas.lt\\\/\"},{\"@type\":\"ListItem\",\"position\":2,\"name\":\"Parduotuv\u0117\",\"item\":\"https:\\\/\\\/madoskampas.lt\\\/parduotuve-2\\\/\"},{\"@type\":\"ListItem\",\"position\":3,\"name\":\"\u201eSatin Flow\u201c \u2013 plisuotas sijonas su guma\"}]},{\"@type\":\"WebSite\",\"@id\":\"https:\\\/\\\/madoskampas.lt\\\/#website\",\"url\":\"https:\\\/\\\/madoskampas.lt\\\/\",\"name\":\"MadosKampas.lt\",\"description\":\"Stilingi drabu\u017eiai moterims\",\"potentialAction\":[{\"@type\":\"SearchAction\",\"target\":{\"@type\":\"EntryPoint\",\"urlTemplate\":\"https:\\\/\\\/madoskampas.lt\\\/?s={search_term_string}\"},\"query-input\":{\"@type\":\"PropertyValueSpecification\",\"valueRequired\":true,\"valueName\":\"search_term_string\"}}],\"inLanguage\":\"ru-RU\"}]}<\/script>\n<!-- \/ Yoast SEO plugin. -->","yoast_head_json":{"title":"\u201eSatin Flow\u201c \u2013 plisuotas sijonas su guma - MadosKampas.lt","robots":{"index":"index","follow":"follow","max-snippet":"max-snippet:-1","max-image-preview":"max-image-preview:large","max-video-preview":"max-video-preview:-1"},"canonical":"https:\/\/madoskampas.lt\/ru\/product-2\/satin-flow-plisuotas-sijonas-su-guma\/","og_locale":"ru_RU","og_type":"article","og_title":"\u201eSatin Flow\u201c \u2013 plisuotas sijonas su guma - MadosKampas.lt","og_description":"Sklandantis judesys ir visada tinkamas siluetas.\u201eSatin Flow\u201c \u2013 tai vidutinio ilgio plisuotas sijonas, sukurtas patogiai ir eleganti\u0161kai kasdienai.Lengvai krentanti tekst\u016bra, mink\u0161tas blizgesys ir elastinga guma liemenyje leid\u017eia jaustis laisvai ir stilingai nuo ryto iki vakaro. Klasikinis modelis, kuris dera su viskuo \u2013 nuo megztinio ar mar\u0161kin\u0117li\u0173 iki auk\u0161takulni\u0173 ir lietpal\u010dio.    Detal\u0117s:\u2714 Ilgis: 60 cm\u2714 Dyd\u017eiai: S\u2013M\u2013L\u2013XL (liemuo su patogia guma)\u2714 Plisuotas siluetas\u2714 Nesiglam\u017eo, nespaud\u017eia, nevar\u017eo\u2714 Tinka visoms fig\u016broms","og_url":"https:\/\/madoskampas.lt\/ru\/product-2\/satin-flow-plisuotas-sijonas-su-guma\/","og_site_name":"MadosKampas.lt","article_modified_time":"2026-04-03T17:13:25+00:00","og_image":[{"width":1330,"height":2364,"url":"https:\/\/madoskampas.lt\/wp-content\/uploads\/2025\/09\/IMG_2288.jpeg","type":"image\/jpeg"}],"twitter_card":"summary_large_image","twitter_misc":{"\u041f\u0440\u0438\u043c\u0435\u0440\u043d\u043e\u0435 \u0432\u0440\u0435\u043c\u044f \u0434\u043b\u044f \u0447\u0442\u0435\u043d\u0438\u044f":"1 \u043c\u0438\u043d\u0443\u0442\u0430"},"schema":{"@context":"https:\/\/schema.org","@graph":[{"@type":"WebPage","@id":"https:\/\/madoskampas.lt\/produktas\/satin-flow-plisuotas-sijonas-su-guma\/","url":"https:\/\/madoskampas.lt\/produktas\/satin-flow-plisuotas-sijonas-su-guma\/","name":"\u201eSatin Flow\u201c \u2013 plisuotas sijonas su guma - MadosKampas.lt","isPartOf":{"@id":"https:\/\/madoskampas.lt\/#website"},"primaryImageOfPage":{"@id":"https:\/\/madoskampas.lt\/produktas\/satin-flow-plisuotas-sijonas-su-guma\/#primaryimage"},"image":{"@id":"https:\/\/madoskampas.lt\/produktas\/satin-flow-plisuotas-sijonas-su-guma\/#primaryimage"},"thumbnailUrl":"https:\/\/madoskampas.lt\/wp-content\/uploads\/2025\/09\/IMG_2288.jpeg","datePublished":"2025-09-04T16:37:50+00:00","dateModified":"2026-04-03T17:13:25+00:00","breadcrumb":{"@id":"https:\/\/madoskampas.lt\/produktas\/satin-flow-plisuotas-sijonas-su-guma\/#breadcrumb"},"inLanguage":"ru-RU","potentialAction":[{"@type":"ReadAction","target":["https:\/\/madoskampas.lt\/produktas\/satin-flow-plisuotas-sijonas-su-guma\/"]}]},{"@type":"ImageObject","inLanguage":"ru-RU","@id":"https:\/\/madoskampas.lt\/produktas\/satin-flow-plisuotas-sijonas-su-guma\/#primaryimage","url":"https:\/\/madoskampas.lt\/wp-content\/uploads\/2025\/09\/IMG_2288.jpeg","contentUrl":"https:\/\/madoskampas.lt\/wp-content\/uploads\/2025\/09\/IMG_2288.jpeg","width":1330,"height":2364},{"@type":"BreadcrumbList","@id":"https:\/\/madoskampas.lt\/produktas\/satin-flow-plisuotas-sijonas-su-guma\/#breadcrumb","itemListElement":[{"@type":"ListItem","position":1,"name":"Home","item":"https:\/\/madoskampas.lt\/"},{"@type":"ListItem","position":2,"name":"Parduotuv\u0117","item":"https:\/\/madoskampas.lt\/parduotuve-2\/"},{"@type":"ListItem","position":3,"name":"\u201eSatin Flow\u201c \u2013 plisuotas sijonas su guma"}]},{"@type":"WebSite","@id":"https:\/\/madoskampas.lt\/#website","url":"https:\/\/madoskampas.lt\/","name":"FashionKampas.lt","description":"\u0421\u0442\u0438\u043b\u044c\u043d\u0430\u044f \u043e\u0434\u0435\u0436\u0434\u0430 \u0434\u043b\u044f \u0436\u0435\u043d\u0449\u0438\u043d","potentialAction":[{"@type":"SearchAction","target":{"@type":"EntryPoint","urlTemplate":"https:\/\/madoskampas.lt\/?s={search_term_string}"},"query-input":{"@type":"PropertyValueSpecification","valueRequired":true,"valueName":"search_term_string"}}],"inLanguage":"ru-RU"}]}},"uagb_featured_image_src":{"full":["https:\/\/madoskampas.lt\/wp-content\/uploads\/2025\/09\/IMG_2288.jpeg",1330,2364,false],"thumbnail":["https:\/\/madoskampas.lt\/wp-content\/uploads\/2025\/09\/IMG_2288-150x150.jpeg",150,150,true],"medium":["https:\/\/madoskampas.lt\/wp-content\/uploads\/2025\/09\/IMG_2288-169x300.jpeg",169,300,true],"medium_large":["https:\/\/madoskampas.lt\/wp-content\/uploads\/2025\/09\/IMG_2288-768x1365.jpeg",768,1365,true],"large":["https:\/\/madoskampas.lt\/wp-content\/uploads\/2025\/09\/IMG_2288-576x1024.jpeg",576,1024,true],"1536x1536":["https:\/\/madoskampas.lt\/wp-content\/uploads\/2025\/09\/IMG_2288-864x1536.jpeg",864,1536,true],"2048x2048":["https:\/\/madoskampas.lt\/wp-content\/uploads\/2025\/09\/IMG_2288-1152x2048.jpeg",1152,2048,true],"trp-custom-language-flag":["https:\/\/madoskampas.lt\/wp-content\/uploads\/2025\/09\/IMG_2288-7x12.jpeg",7,12,true],"nova-image-square":["https:\/\/madoskampas.lt\/wp-content\/uploads\/2025\/09\/IMG_2288-1100x1100.jpeg",1100,1100,true],"mixtas-product-03":["https:\/\/madoskampas.lt\/wp-content\/uploads\/2025\/09\/IMG_2288-600x345.jpeg",600,345,true],"woocommerce_thumbnail":["https:\/\/madoskampas.lt\/wp-content\/uploads\/2025\/09\/IMG_2288-700x700.jpeg",700,700,true],"woocommerce_single":["https:\/\/madoskampas.lt\/wp-content\/uploads\/2025\/09\/IMG_2288-1000x1777.jpeg",1000,1777,true],"woocommerce_gallery_thumbnail":["https:\/\/madoskampas.lt\/wp-content\/uploads\/2025\/09\/IMG_2288-250x250.jpeg",250,250,true],"variation_swatches_image_size":["https:\/\/madoskampas.lt\/wp-content\/uploads\/2025\/09\/IMG_2288-50x50.jpeg",50,50,true],"variation_swatches_tooltip_size":["https:\/\/madoskampas.lt\/wp-content\/uploads\/2025\/09\/IMG_2288-100x100.jpeg",100,100,true]},"uagb_author_info":{"display_name":"algirdasbart","author_link":"https:\/\/madoskampas.lt\/ru\/author\/"},"uagb_comment_info":8,"uagb_excerpt":"Sklandantis judesys ir visada tinkamas siluetas.\u201eSatin Flow\u201c \u2013 tai vidutinio ilgio plisuotas sijonas, sukurtas patogiai ir eleganti\u0161kai kasdienai.Lengvai krentanti tekst\u016bra, mink\u0161tas blizgesys ir elastinga guma liemenyje leid\u017eia jaustis laisvai ir stilingai nuo ryto iki vakaro. Klasikinis modelis, kuris dera su viskuo \u2013 nuo megztinio ar mar\u0161kin\u0117li\u0173 iki auk\u0161takulni\u0173 ir lietpal\u010dio. Detal\u0117s:\u2714 Ilgis: 60 cm\u2714 Dyd\u017eiai:&hellip;","jetpack_sharing_enabled":true,"_links":{"self":[{"href":"https:\/\/madoskampas.lt\/ru\/wp-json\/wp\/v2\/product\/19185","targetHints":{"allow":["GET"]}}],"collection":[{"href":"https:\/\/madoskampas.lt\/ru\/wp-json\/wp\/v2\/product"}],"about":[{"href":"https:\/\/madoskampas.lt\/ru\/wp-json\/wp\/v2\/types\/product"}],"replies":[{"embeddable":true,"href":"https:\/\/madoskampas.lt\/ru\/wp-json\/wp\/v2\/comments?post=19185"}],"wp:featuredmedia":[{"embeddable":true,"href":"https:\/\/madoskampas.lt\/ru\/wp-json\/wp\/v2\/media\/26900"}],"wp:attachment":[{"href":"https:\/\/madoskampas.lt\/ru\/wp-json\/wp\/v2\/media?parent=19185"}],"wp:term":[{"taxonomy":"product_brand","embeddable":true,"href":"https:\/\/madoskampas.lt\/ru\/wp-json\/wp\/v2\/product_brand?post=19185"},{"taxonomy":"product_cat","embeddable":true,"href":"https:\/\/madoskampas.lt\/ru\/wp-json\/wp\/v2\/product_cat?post=19185"},{"taxonomy":"product_tag","embeddable":true,"href":"https:\/\/madoskampas.lt\/ru\/wp-json\/wp\/v2\/product_tag?post=19185"}],"curies":[{"name":"wp","href":"https:\/\/api.w.org\/{rel}","templated":true}]}}