{"id":19311,"date":"2025-09-08T14:42:38","date_gmt":"2025-09-08T14:42:38","guid":{"rendered":"https:\/\/madoskampas.lt\/?post_type=product&#038;p=19311"},"modified":"2026-04-10T09:31:26","modified_gmt":"2026-04-10T09:31:26","slug":"satin-luxe-satininiai-marskiniai-su-placiomis-rankovemis","status":"publish","type":"product","link":"https:\/\/madoskampas.lt\/ru\/product-2\/satin-luxe-satininiai-marskiniai-su-placiomis-rankovemis\/","title":{"rendered":"\u201eSatin Luxe\u201c - \u0430\u0442\u043b\u0430\u0441\u043d\u0430\u044f \u0440\u0443\u0431\u0430\u0448\u043a\u0430 \u0441 \u0448\u0438\u0440\u043e\u043a\u0438\u043c\u0438 \u0440\u0443\u043a\u0430\u0432\u0430\u043c\u0438"},"content":{"rendered":"<p>\u0421\u0442\u0438\u043b\u044c\u043d\u0430\u044f, \u0441\u043e\u0432\u0440\u0435\u043c\u0435\u043d\u043d\u0430\u044f \u0438 \u043d\u0435\u0443\u043b\u043e\u0432\u0438\u043c\u043e \u0440\u043e\u0441\u043a\u043e\u0448\u043d\u0430\u044f \u0440\u0443\u0431\u0430\u0448\u043a\u0430 Satin Luxe \u0441\u0442\u0430\u043d\u0435\u0442 \u0438\u0437\u044b\u0441\u043a\u0430\u043d\u043d\u044b\u043c \u0430\u043a\u0446\u0435\u043d\u0442\u043e\u043c \u0432\u0430\u0448\u0435\u0433\u043e \u043e\u0431\u0440\u0430\u0437\u0430. \u0410\u0442\u043b\u0430\u0441\u043d\u0430\u044f \u0442\u043a\u0430\u043d\u044c \u0441 \u043c\u044f\u0433\u043a\u0438\u043c \u0431\u043b\u0435\u0441\u043a\u043e\u043c \u0438 \u043b\u0435\u0433\u043a\u0438\u043c \u043f\u0430\u0434\u0435\u043d\u0438\u0435\u043c \u0441\u043e\u0437\u0434\u0430\u0435\u0442 \u0441\u043e\u0447\u0435\u0442\u0430\u043d\u0438\u0435 \u044d\u043b\u0435\u0433\u0430\u043d\u0442\u043d\u043e\u0441\u0442\u0438 \u0438 \u0436\u0435\u043d\u0441\u0442\u0432\u0435\u043d\u043d\u043e\u0441\u0442\u0438, \u0430 \u0440\u0430\u0441\u043a\u043b\u0435\u0448\u0435\u043d\u043d\u044b\u0435 \u0440\u0443\u043a\u0430\u0432\u0430 \u043f\u0440\u0438\u0434\u0430\u044e\u0442 \u043e\u0449\u0443\u0449\u0435\u043d\u0438\u0435 \u0441\u0432\u043e\u0431\u043e\u0434\u044b \u0438 \u0441\u0442\u0438\u043b\u044c\u043d\u044b\u0439 \u0441\u0438\u043b\u0443\u044d\u0442.<\/p>","protected":false},"excerpt":{"rendered":"<p data-start=\"218\" data-end=\"490\">\u0421\u0442\u0438\u043b\u044c\u043d\u0430\u044f, \u0441\u043e\u0432\u0440\u0435\u043c\u0435\u043d\u043d\u0430\u044f \u0438 \u043d\u0435\u0443\u043b\u043e\u0432\u0438\u043c\u043e \u0440\u043e\u0441\u043a\u043e\u0448\u043d\u0430\u044f \u0440\u0443\u0431\u0430\u0448\u043a\u0430 Satin Luxe \u0441\u0442\u0430\u043d\u0435\u0442 \u0438\u0437\u044b\u0441\u043a\u0430\u043d\u043d\u044b\u043c \u0430\u043a\u0446\u0435\u043d\u0442\u043e\u043c \u0432\u0430\u0448\u0435\u0433\u043e \u043e\u0431\u0440\u0430\u0437\u0430. \u0410\u0442\u043b\u0430\u0441\u043d\u0430\u044f \u0442\u043a\u0430\u043d\u044c \u0441 \u043c\u044f\u0433\u043a\u0438\u043c \u0431\u043b\u0435\u0441\u043a\u043e\u043c \u0438 \u043b\u0435\u0433\u043a\u0438\u043c \u043f\u0430\u0434\u0435\u043d\u0438\u0435\u043c \u0441\u043e\u0437\u0434\u0430\u0435\u0442 \u0441\u043e\u0447\u0435\u0442\u0430\u043d\u0438\u0435 \u044d\u043b\u0435\u0433\u0430\u043d\u0442\u043d\u043e\u0441\u0442\u0438 \u0438 \u0436\u0435\u043d\u0441\u0442\u0432\u0435\u043d\u043d\u043e\u0441\u0442\u0438, \u0430 \u0440\u0430\u0441\u043a\u043b\u0435\u0448\u0435\u043d\u043d\u044b\u0435 \u0440\u0443\u043a\u0430\u0432\u0430 \u043f\u0440\u0438\u0434\u0430\u044e\u0442 \u043e\u0449\u0443\u0449\u0435\u043d\u0438\u0435 \u0441\u0432\u043e\u0431\u043e\u0434\u044b \u0438 \u0441\u0442\u0438\u043b\u044c\u043d\u044b\u0439 \u0441\u0438\u043b\u0443\u044d\u0442.<\/p>\n<p data-start=\"492\" data-end=\"747\">\u041c\u043e\u0434\u0435\u043b\u044c \u0443\u043d\u0438\u0432\u0435\u0440\u0441\u0430\u043b\u044c\u043d\u0430 - \u043f\u043e\u0434\u0445\u043e\u0434\u0438\u0442 \u0434\u043b\u044f \u0440\u0430\u0437\u043c\u0435\u0440\u043e\u0432 \u043e\u0442 S \u0434\u043e XL. \u041d\u043e\u0441\u0438\u0442\u0435 \u0438\u0445 \u043f\u0440\u0438\u0442\u0430\u043b\u0435\u043d\u043d\u044b\u043c\u0438 \u0438\u043b\u0438 \u0441\u0432\u043e\u0431\u043e\u0434\u043d\u044b\u043c\u0438 - \u043e\u0431\u0430 \u0432\u0430\u0440\u0438\u0430\u043d\u0442\u0430 \u0432\u044b\u0433\u043b\u044f\u0434\u044f\u0442 \u044d\u0444\u0444\u0435\u043a\u0442\u043d\u043e.<br data-start=\"610\" data-end=\"613\" \/>\u0418\u0434\u0435\u0430\u043b\u044c\u043d\u043e \u0441\u043e\u0447\u0435\u0442\u0430\u0435\u0442\u0441\u044f \u0441 \u043a\u043e\u0436\u0430\u043d\u043e\u0439 \u044e\u0431\u043a\u043e\u0439, \u0440\u0430\u0441\u043a\u043b\u0435\u0448\u0435\u043d\u043d\u044b\u043c\u0438 \u0431\u0440\u044e\u043a\u0430\u043c\u0438, \u0434\u0436\u0438\u043d\u0441\u0430\u043c\u0438 \u0438\u043b\u0438 \u0434\u0430\u0436\u0435 \u0448\u043e\u0440\u0442\u0430\u043c\u0438 - \u044d\u0442\u043e \u043e\u0434\u0435\u0436\u0434\u0430, \u043a\u043e\u0442\u043e\u0440\u0430\u044f \u0433\u043e\u0432\u043e\u0440\u0438\u0442 \u043e \u0441\u0442\u0438\u043b\u0435 \u0431\u0435\u0437 \u0443\u0441\u0438\u043b\u0438\u0439.<\/p>","protected":false},"featured_media":21923,"comment_status":"open","ping_status":"closed","template":"","meta":{"_uag_custom_page_level_css":"","_monsterinsights_skip_tracking":false,"_monsterinsights_sitenote_active":false,"_monsterinsights_sitenote_note":"","_monsterinsights_sitenote_category":0},"product_brand":[],"product_cat":[66,72],"product_tag":[],"class_list":{"0":"post-19311","1":"product","2":"type-product","3":"status-publish","4":"has-post-thumbnail","6":"product_cat-drabuziai","7":"product_cat-marskiniai","8":"tm-has-options","10":"first","11":"instock","12":"shipping-taxable","13":"purchasable","14":"product-type-variable"},"yoast_head":"<!-- This site is optimized with the Yoast SEO plugin v27.6 - https:\/\/yoast.com\/product\/yoast-seo-wordpress\/ -->\n<title>\u201eSatin Luxe\u201c \u2013 satininiai mar\u0161kiniai su pla\u010diomis rankov\u0117mis - MadosKampas.lt<\/title>\n<meta name=\"robots\" content=\"index, follow, max-snippet:-1, max-image-preview:large, max-video-preview:-1\" \/>\n<link rel=\"canonical\" href=\"https:\/\/madoskampas.lt\/ru\/product-2\/satin-luxe-satininiai-marskiniai-su-placiomis-rankovemis\/\" \/>\n<meta property=\"og:locale\" content=\"ru_RU\" \/>\n<meta property=\"og:type\" content=\"article\" \/>\n<meta property=\"og:title\" content=\"\u201eSatin Luxe\u201c \u2013 satininiai mar\u0161kiniai su pla\u010diomis rankov\u0117mis - MadosKampas.lt\" \/>\n<meta property=\"og:description\" content=\"Stilingi, modern\u016bs ir subtiliai prabang\u016bs \u2013 \u201eSatin Luxe\u201c mar\u0161kiniai taps rafinuotu J\u016bs\u0173 \u012fvaizd\u017eio akcentu. \u0160velniai blizgantis, lengvai krentantis satino audinys kuria elegancijos ir moteri\u0161kumo derm\u0119, o plat\u0117jan\u010dios rankov\u0117s suteikia laisv\u0117s poj\u016bt\u012f ir stiling\u0105 siluet\u0105. Modelis universalus \u2013 tinka nuo S iki XL. D\u0117v\u0117kite \u012fsiki\u0161usius ar laisvai krentan\u010dius \u2013 abu variantai atrodo \u012ftaigiai.Puikiai dera su odiniu sijonu, plat\u0117jan\u010diomis keln\u0117mis, d\u017einsais ar net \u0161ortais \u2013 tai drabu\u017eis, kuris kalba apie stili\u0173 be pastang\u0173.\" \/>\n<meta property=\"og:url\" content=\"https:\/\/madoskampas.lt\/ru\/product-2\/satin-luxe-satininiai-marskiniai-su-placiomis-rankovemis\/\" \/>\n<meta property=\"og:site_name\" content=\"MadosKampas.lt\" \/>\n<meta property=\"article:modified_time\" content=\"2026-04-10T09:31:26+00:00\" \/>\n<meta property=\"og:image\" content=\"https:\/\/madoskampas.lt\/wp-content\/uploads\/2025\/09\/IMG_1022.jpeg\" \/>\n\t<meta property=\"og:image:width\" content=\"1330\" \/>\n\t<meta property=\"og:image:height\" content=\"2364\" \/>\n\t<meta property=\"og:image:type\" content=\"image\/jpeg\" \/>\n<meta name=\"twitter:card\" content=\"summary_large_image\" \/>\n<meta name=\"twitter:label1\" content=\"\u041f\u0440\u0438\u043c\u0435\u0440\u043d\u043e\u0435 \u0432\u0440\u0435\u043c\u044f \u0434\u043b\u044f \u0447\u0442\u0435\u043d\u0438\u044f\" \/>\n\t<meta name=\"twitter:data1\" content=\"1 \u043c\u0438\u043d\u0443\u0442\u0430\" \/>\n<script type=\"application\/ld+json\" class=\"yoast-schema-graph\">{\"@context\":\"https:\\\/\\\/schema.org\",\"@graph\":[{\"@type\":\"WebPage\",\"@id\":\"https:\\\/\\\/madoskampas.lt\\\/produktas\\\/satin-luxe-satininiai-marskiniai-su-placiomis-rankovemis\\\/\",\"url\":\"https:\\\/\\\/madoskampas.lt\\\/produktas\\\/satin-luxe-satininiai-marskiniai-su-placiomis-rankovemis\\\/\",\"name\":\"\u201eSatin Luxe\u201c \u2013 satininiai mar\u0161kiniai su pla\u010diomis rankov\u0117mis - MadosKampas.lt\",\"isPartOf\":{\"@id\":\"https:\\\/\\\/madoskampas.lt\\\/#website\"},\"primaryImageOfPage\":{\"@id\":\"https:\\\/\\\/madoskampas.lt\\\/produktas\\\/satin-luxe-satininiai-marskiniai-su-placiomis-rankovemis\\\/#primaryimage\"},\"image\":{\"@id\":\"https:\\\/\\\/madoskampas.lt\\\/produktas\\\/satin-luxe-satininiai-marskiniai-su-placiomis-rankovemis\\\/#primaryimage\"},\"thumbnailUrl\":\"https:\\\/\\\/madoskampas.lt\\\/wp-content\\\/uploads\\\/2025\\\/09\\\/IMG_1022.jpeg\",\"datePublished\":\"2025-09-08T14:42:38+00:00\",\"dateModified\":\"2026-04-10T09:31:26+00:00\",\"breadcrumb\":{\"@id\":\"https:\\\/\\\/madoskampas.lt\\\/produktas\\\/satin-luxe-satininiai-marskiniai-su-placiomis-rankovemis\\\/#breadcrumb\"},\"inLanguage\":\"ru-RU\",\"potentialAction\":[{\"@type\":\"ReadAction\",\"target\":[\"https:\\\/\\\/madoskampas.lt\\\/produktas\\\/satin-luxe-satininiai-marskiniai-su-placiomis-rankovemis\\\/\"]}]},{\"@type\":\"ImageObject\",\"inLanguage\":\"ru-RU\",\"@id\":\"https:\\\/\\\/madoskampas.lt\\\/produktas\\\/satin-luxe-satininiai-marskiniai-su-placiomis-rankovemis\\\/#primaryimage\",\"url\":\"https:\\\/\\\/madoskampas.lt\\\/wp-content\\\/uploads\\\/2025\\\/09\\\/IMG_1022.jpeg\",\"contentUrl\":\"https:\\\/\\\/madoskampas.lt\\\/wp-content\\\/uploads\\\/2025\\\/09\\\/IMG_1022.jpeg\",\"width\":1330,\"height\":2364},{\"@type\":\"BreadcrumbList\",\"@id\":\"https:\\\/\\\/madoskampas.lt\\\/produktas\\\/satin-luxe-satininiai-marskiniai-su-placiomis-rankovemis\\\/#breadcrumb\",\"itemListElement\":[{\"@type\":\"ListItem\",\"position\":1,\"name\":\"Home\",\"item\":\"https:\\\/\\\/madoskampas.lt\\\/\"},{\"@type\":\"ListItem\",\"position\":2,\"name\":\"Parduotuv\u0117\",\"item\":\"https:\\\/\\\/madoskampas.lt\\\/parduotuve-2\\\/\"},{\"@type\":\"ListItem\",\"position\":3,\"name\":\"\u201eSatin Luxe\u201c \u2013 satininiai mar\u0161kiniai su pla\u010diomis rankov\u0117mis\"}]},{\"@type\":\"WebSite\",\"@id\":\"https:\\\/\\\/madoskampas.lt\\\/#website\",\"url\":\"https:\\\/\\\/madoskampas.lt\\\/\",\"name\":\"MadosKampas.lt\",\"description\":\"Stilingi drabu\u017eiai moterims\",\"potentialAction\":[{\"@type\":\"SearchAction\",\"target\":{\"@type\":\"EntryPoint\",\"urlTemplate\":\"https:\\\/\\\/madoskampas.lt\\\/?s={search_term_string}\"},\"query-input\":{\"@type\":\"PropertyValueSpecification\",\"valueRequired\":true,\"valueName\":\"search_term_string\"}}],\"inLanguage\":\"ru-RU\"}]}<\/script>\n<!-- \/ Yoast SEO plugin. -->","yoast_head_json":{"title":"\u201eSatin Luxe\u201c \u2013 satininiai mar\u0161kiniai su pla\u010diomis rankov\u0117mis - MadosKampas.lt","robots":{"index":"index","follow":"follow","max-snippet":"max-snippet:-1","max-image-preview":"max-image-preview:large","max-video-preview":"max-video-preview:-1"},"canonical":"https:\/\/madoskampas.lt\/ru\/product-2\/satin-luxe-satininiai-marskiniai-su-placiomis-rankovemis\/","og_locale":"ru_RU","og_type":"article","og_title":"\u201eSatin Luxe\u201c \u2013 satininiai mar\u0161kiniai su pla\u010diomis rankov\u0117mis - MadosKampas.lt","og_description":"Stilingi, modern\u016bs ir subtiliai prabang\u016bs \u2013 \u201eSatin Luxe\u201c mar\u0161kiniai taps rafinuotu J\u016bs\u0173 \u012fvaizd\u017eio akcentu. \u0160velniai blizgantis, lengvai krentantis satino audinys kuria elegancijos ir moteri\u0161kumo derm\u0119, o plat\u0117jan\u010dios rankov\u0117s suteikia laisv\u0117s poj\u016bt\u012f ir stiling\u0105 siluet\u0105. Modelis universalus \u2013 tinka nuo S iki XL. D\u0117v\u0117kite \u012fsiki\u0161usius ar laisvai krentan\u010dius \u2013 abu variantai atrodo \u012ftaigiai.Puikiai dera su odiniu sijonu, plat\u0117jan\u010diomis keln\u0117mis, d\u017einsais ar net \u0161ortais \u2013 tai drabu\u017eis, kuris kalba apie stili\u0173 be pastang\u0173.","og_url":"https:\/\/madoskampas.lt\/ru\/product-2\/satin-luxe-satininiai-marskiniai-su-placiomis-rankovemis\/","og_site_name":"MadosKampas.lt","article_modified_time":"2026-04-10T09:31:26+00:00","og_image":[{"width":1330,"height":2364,"url":"https:\/\/madoskampas.lt\/wp-content\/uploads\/2025\/09\/IMG_1022.jpeg","type":"image\/jpeg"}],"twitter_card":"summary_large_image","twitter_misc":{"\u041f\u0440\u0438\u043c\u0435\u0440\u043d\u043e\u0435 \u0432\u0440\u0435\u043c\u044f \u0434\u043b\u044f \u0447\u0442\u0435\u043d\u0438\u044f":"1 \u043c\u0438\u043d\u0443\u0442\u0430"},"schema":{"@context":"https:\/\/schema.org","@graph":[{"@type":"WebPage","@id":"https:\/\/madoskampas.lt\/produktas\/satin-luxe-satininiai-marskiniai-su-placiomis-rankovemis\/","url":"https:\/\/madoskampas.lt\/produktas\/satin-luxe-satininiai-marskiniai-su-placiomis-rankovemis\/","name":"\u201eSatin Luxe\u201c \u2013 satininiai mar\u0161kiniai su pla\u010diomis rankov\u0117mis - MadosKampas.lt","isPartOf":{"@id":"https:\/\/madoskampas.lt\/#website"},"primaryImageOfPage":{"@id":"https:\/\/madoskampas.lt\/produktas\/satin-luxe-satininiai-marskiniai-su-placiomis-rankovemis\/#primaryimage"},"image":{"@id":"https:\/\/madoskampas.lt\/produktas\/satin-luxe-satininiai-marskiniai-su-placiomis-rankovemis\/#primaryimage"},"thumbnailUrl":"https:\/\/madoskampas.lt\/wp-content\/uploads\/2025\/09\/IMG_1022.jpeg","datePublished":"2025-09-08T14:42:38+00:00","dateModified":"2026-04-10T09:31:26+00:00","breadcrumb":{"@id":"https:\/\/madoskampas.lt\/produktas\/satin-luxe-satininiai-marskiniai-su-placiomis-rankovemis\/#breadcrumb"},"inLanguage":"ru-RU","potentialAction":[{"@type":"ReadAction","target":["https:\/\/madoskampas.lt\/produktas\/satin-luxe-satininiai-marskiniai-su-placiomis-rankovemis\/"]}]},{"@type":"ImageObject","inLanguage":"ru-RU","@id":"https:\/\/madoskampas.lt\/produktas\/satin-luxe-satininiai-marskiniai-su-placiomis-rankovemis\/#primaryimage","url":"https:\/\/madoskampas.lt\/wp-content\/uploads\/2025\/09\/IMG_1022.jpeg","contentUrl":"https:\/\/madoskampas.lt\/wp-content\/uploads\/2025\/09\/IMG_1022.jpeg","width":1330,"height":2364},{"@type":"BreadcrumbList","@id":"https:\/\/madoskampas.lt\/produktas\/satin-luxe-satininiai-marskiniai-su-placiomis-rankovemis\/#breadcrumb","itemListElement":[{"@type":"ListItem","position":1,"name":"Home","item":"https:\/\/madoskampas.lt\/"},{"@type":"ListItem","position":2,"name":"Parduotuv\u0117","item":"https:\/\/madoskampas.lt\/parduotuve-2\/"},{"@type":"ListItem","position":3,"name":"\u201eSatin Luxe\u201c \u2013 satininiai mar\u0161kiniai su pla\u010diomis rankov\u0117mis"}]},{"@type":"WebSite","@id":"https:\/\/madoskampas.lt\/#website","url":"https:\/\/madoskampas.lt\/","name":"FashionKampas.lt","description":"\u0421\u0442\u0438\u043b\u044c\u043d\u0430\u044f \u043e\u0434\u0435\u0436\u0434\u0430 \u0434\u043b\u044f \u0436\u0435\u043d\u0449\u0438\u043d","potentialAction":[{"@type":"SearchAction","target":{"@type":"EntryPoint","urlTemplate":"https:\/\/madoskampas.lt\/?s={search_term_string}"},"query-input":{"@type":"PropertyValueSpecification","valueRequired":true,"valueName":"search_term_string"}}],"inLanguage":"ru-RU"}]}},"uagb_featured_image_src":{"full":["https:\/\/madoskampas.lt\/wp-content\/uploads\/2025\/09\/IMG_1022.jpeg",1330,2364,false],"thumbnail":["https:\/\/madoskampas.lt\/wp-content\/uploads\/2025\/09\/IMG_1022-150x150.jpeg",150,150,true],"medium":["https:\/\/madoskampas.lt\/wp-content\/uploads\/2025\/09\/IMG_1022-169x300.jpeg",169,300,true],"medium_large":["https:\/\/madoskampas.lt\/wp-content\/uploads\/2025\/09\/IMG_1022-768x1365.jpeg",768,1365,true],"large":["https:\/\/madoskampas.lt\/wp-content\/uploads\/2025\/09\/IMG_1022-576x1024.jpeg",576,1024,true],"1536x1536":["https:\/\/madoskampas.lt\/wp-content\/uploads\/2025\/09\/IMG_1022-864x1536.jpeg",864,1536,true],"2048x2048":["https:\/\/madoskampas.lt\/wp-content\/uploads\/2025\/09\/IMG_1022-1152x2048.jpeg",1152,2048,true],"trp-custom-language-flag":["https:\/\/madoskampas.lt\/wp-content\/uploads\/2025\/09\/IMG_1022.jpeg",7,12,false],"nova-image-square":["https:\/\/madoskampas.lt\/wp-content\/uploads\/2025\/09\/IMG_1022-1100x1100.jpeg",1100,1100,true],"mixtas-product-03":["https:\/\/madoskampas.lt\/wp-content\/uploads\/2025\/09\/IMG_1022-600x345.jpeg",600,345,true],"woocommerce_thumbnail":["https:\/\/madoskampas.lt\/wp-content\/uploads\/2025\/09\/IMG_1022-700x700.jpeg",700,700,true],"woocommerce_single":["https:\/\/madoskampas.lt\/wp-content\/uploads\/2025\/09\/IMG_1022-1000x1777.jpeg",1000,1777,true],"woocommerce_gallery_thumbnail":["https:\/\/madoskampas.lt\/wp-content\/uploads\/2025\/09\/IMG_1022-250x250.jpeg",250,250,true],"variation_swatches_image_size":["https:\/\/madoskampas.lt\/wp-content\/uploads\/2025\/09\/IMG_1022-50x50.jpeg",50,50,true],"variation_swatches_tooltip_size":["https:\/\/madoskampas.lt\/wp-content\/uploads\/2025\/09\/IMG_1022-100x100.jpeg",100,100,true]},"uagb_author_info":{"display_name":"algirdasbart","author_link":"https:\/\/madoskampas.lt\/ru\/author\/"},"uagb_comment_info":1,"uagb_excerpt":"Stilingi, modern\u016bs ir subtiliai prabang\u016bs \u2013 \u201eSatin Luxe\u201c mar\u0161kiniai taps rafinuotu J\u016bs\u0173 \u012fvaizd\u017eio akcentu. \u0160velniai blizgantis, lengvai krentantis satino audinys kuria elegancijos ir moteri\u0161kumo derm\u0119, o plat\u0117jan\u010dios rankov\u0117s suteikia laisv\u0117s poj\u016bt\u012f ir stiling\u0105 siluet\u0105. Modelis universalus \u2013 tinka nuo S iki XL. D\u0117v\u0117kite \u012fsiki\u0161usius ar laisvai krentan\u010dius \u2013 abu variantai atrodo \u012ftaigiai.Puikiai dera su odiniu&hellip;","jetpack_sharing_enabled":true,"_links":{"self":[{"href":"https:\/\/madoskampas.lt\/ru\/wp-json\/wp\/v2\/product\/19311","targetHints":{"allow":["GET"]}}],"collection":[{"href":"https:\/\/madoskampas.lt\/ru\/wp-json\/wp\/v2\/product"}],"about":[{"href":"https:\/\/madoskampas.lt\/ru\/wp-json\/wp\/v2\/types\/product"}],"replies":[{"embeddable":true,"href":"https:\/\/madoskampas.lt\/ru\/wp-json\/wp\/v2\/comments?post=19311"}],"wp:featuredmedia":[{"embeddable":true,"href":"https:\/\/madoskampas.lt\/ru\/wp-json\/wp\/v2\/media\/21923"}],"wp:attachment":[{"href":"https:\/\/madoskampas.lt\/ru\/wp-json\/wp\/v2\/media?parent=19311"}],"wp:term":[{"taxonomy":"product_brand","embeddable":true,"href":"https:\/\/madoskampas.lt\/ru\/wp-json\/wp\/v2\/product_brand?post=19311"},{"taxonomy":"product_cat","embeddable":true,"href":"https:\/\/madoskampas.lt\/ru\/wp-json\/wp\/v2\/product_cat?post=19311"},{"taxonomy":"product_tag","embeddable":true,"href":"https:\/\/madoskampas.lt\/ru\/wp-json\/wp\/v2\/product_tag?post=19311"}],"curies":[{"name":"wp","href":"https:\/\/api.w.org\/{rel}","templated":true}]}}