{"id":20195,"date":"2025-09-23T12:36:48","date_gmt":"2025-09-23T12:36:48","guid":{"rendered":"https:\/\/madoskampas.lt\/?post_type=product&#038;p=20195"},"modified":"2026-01-08T13:36:53","modified_gmt":"2026-01-08T13:36:53","slug":"urban-basic-megztinis","status":"publish","type":"product","link":"https:\/\/madoskampas.lt\/ru\/product-2\/urban-basic-megztinis\/","title":{"rendered":"\u201e\u0421\u0432\u0438\u0442\u0435\u0440 \u201cUrban Basic\""},"content":{"rendered":"<p>Klasikinis ir universalus \u2013 \u201eUrban Basic\u201c megztinis taps nepakei\u010diamu kasdienyb\u0117s palydovu. Mink\u0161tas, malonus k\u016bnui audinys nevar\u017eo judesi\u0173, o minimalistinis dizainas su subtiliomis si\u016bl\u0117mis suteikia modernumo akcent\u0105.<\/p>","protected":false},"excerpt":{"rendered":"<p data-start=\"95\" data-end=\"468\">Klasikinis ir universalus \u2013 \u201eUrban Basic\u201c megztinis taps nepakei\u010diamu kasdienyb\u0117s palydovu. Mink\u0161tas, malonus k\u016bnui audinys nevar\u017eo judesi\u0173, o minimalistinis dizainas su subtiliomis si\u016bl\u0117mis suteikia modernumo akcent\u0105. \u0160is modelis puikiai dera tiek prie d\u017eins\u0173, tiek prie sijono \u2013 idealiai tinka darbui, laisvalaikiui ar jaukiam pasivaik\u0161\u010diojimui mieste.<\/p>\n<p data-start=\"470\" data-end=\"553\">Galimi atspalviai: pilkas, juodas, sm\u0117lio ir kreminis.<br data-start=\"524\" data-end=\"527\" \/>Dydis universalus (M\u2013XL)<\/p>\n<ul>\n<li data-start=\"506\" data-end=\"523\">\n<p data-start=\"508\" data-end=\"523\">Ilgis \u2013 66 cm<\/p>\n<\/li>\n<li data-start=\"524\" data-end=\"547\">\n<p data-start=\"526\" data-end=\"547\">Per kr\u016btin\u0119 \u2013 57 cm<\/p>\n<\/li>\n<\/ul>","protected":false},"featured_media":25931,"comment_status":"open","ping_status":"closed","template":"","meta":{"_uag_custom_page_level_css":"","_monsterinsights_skip_tracking":false,"_monsterinsights_sitenote_active":false,"_monsterinsights_sitenote_note":"","_monsterinsights_sitenote_category":0},"product_brand":[],"product_cat":[124,66,73,95],"product_tag":[],"class_list":{"0":"post-20195","1":"product","2":"type-product","3":"status-publish","4":"has-post-thumbnail","6":"product_cat-bliuzonai","7":"product_cat-drabuziai","8":"product_cat-megztiniai","9":"product_cat-naujausi","10":"tm-has-options","12":"first","13":"instock","14":"shipping-taxable","15":"purchasable","16":"product-type-variable"},"yoast_head":"<!-- This site is optimized with the Yoast SEO plugin v27.3 - https:\/\/yoast.com\/product\/yoast-seo-wordpress\/ -->\n<title>\u201eUrban Basic\u201c megztinis - MadosKampas.lt<\/title>\n<meta name=\"robots\" content=\"index, follow, max-snippet:-1, max-image-preview:large, max-video-preview:-1\" \/>\n<link rel=\"canonical\" href=\"https:\/\/madoskampas.lt\/ru\/product-2\/urban-basic-megztinis\/\" \/>\n<meta property=\"og:locale\" content=\"ru_RU\" \/>\n<meta property=\"og:type\" content=\"article\" \/>\n<meta property=\"og:title\" content=\"\u201eUrban Basic\u201c megztinis - MadosKampas.lt\" \/>\n<meta property=\"og:description\" content=\"Klasikinis ir universalus \u2013 \u201eUrban Basic\u201c megztinis taps nepakei\u010diamu kasdienyb\u0117s palydovu. Mink\u0161tas, malonus k\u016bnui audinys nevar\u017eo judesi\u0173, o minimalistinis dizainas su subtiliomis si\u016bl\u0117mis suteikia modernumo akcent\u0105. \u0160is modelis puikiai dera tiek prie d\u017eins\u0173, tiek prie sijono \u2013 idealiai tinka darbui, laisvalaikiui ar jaukiam pasivaik\u0161\u010diojimui mieste. Galimi atspalviai: pilkas, juodas, sm\u0117lio ir kreminis.Dydis universalus (M\u2013XL)     Ilgis \u2013 66 cm    Per kr\u016btin\u0119 \u2013 57 cm\" \/>\n<meta property=\"og:url\" content=\"https:\/\/madoskampas.lt\/ru\/product-2\/urban-basic-megztinis\/\" \/>\n<meta property=\"og:site_name\" content=\"MadosKampas.lt\" \/>\n<meta property=\"article:modified_time\" content=\"2026-01-08T13:36:53+00:00\" \/>\n<meta property=\"og:image\" content=\"https:\/\/madoskampas.lt\/wp-content\/uploads\/2025\/09\/img_8298-scaled.jpeg\" \/>\n\t<meta property=\"og:image:width\" content=\"1440\" \/>\n\t<meta property=\"og:image:height\" content=\"2560\" \/>\n\t<meta property=\"og:image:type\" content=\"image\/jpeg\" \/>\n<meta name=\"twitter:card\" content=\"summary_large_image\" \/>\n<meta name=\"twitter:label1\" content=\"\u041f\u0440\u0438\u043c\u0435\u0440\u043d\u043e\u0435 \u0432\u0440\u0435\u043c\u044f \u0434\u043b\u044f \u0447\u0442\u0435\u043d\u0438\u044f\" \/>\n\t<meta name=\"twitter:data1\" content=\"1 \u043c\u0438\u043d\u0443\u0442\u0430\" \/>\n<script type=\"application\/ld+json\" class=\"yoast-schema-graph\">{\"@context\":\"https:\\\/\\\/schema.org\",\"@graph\":[{\"@type\":\"WebPage\",\"@id\":\"https:\\\/\\\/madoskampas.lt\\\/produktas\\\/urban-basic-megztinis\\\/\",\"url\":\"https:\\\/\\\/madoskampas.lt\\\/produktas\\\/urban-basic-megztinis\\\/\",\"name\":\"\u201eUrban Basic\u201c megztinis - MadosKampas.lt\",\"isPartOf\":{\"@id\":\"https:\\\/\\\/madoskampas.lt\\\/#website\"},\"primaryImageOfPage\":{\"@id\":\"https:\\\/\\\/madoskampas.lt\\\/produktas\\\/urban-basic-megztinis\\\/#primaryimage\"},\"image\":{\"@id\":\"https:\\\/\\\/madoskampas.lt\\\/produktas\\\/urban-basic-megztinis\\\/#primaryimage\"},\"thumbnailUrl\":\"https:\\\/\\\/madoskampas.lt\\\/wp-content\\\/uploads\\\/2025\\\/09\\\/img_9994-1-scaled.jpeg\",\"datePublished\":\"2025-09-23T12:36:48+00:00\",\"dateModified\":\"2026-01-08T13:36:53+00:00\",\"breadcrumb\":{\"@id\":\"https:\\\/\\\/madoskampas.lt\\\/produktas\\\/urban-basic-megztinis\\\/#breadcrumb\"},\"inLanguage\":\"ru-RU\",\"potentialAction\":[{\"@type\":\"ReadAction\",\"target\":[\"https:\\\/\\\/madoskampas.lt\\\/produktas\\\/urban-basic-megztinis\\\/\"]}]},{\"@type\":\"ImageObject\",\"inLanguage\":\"ru-RU\",\"@id\":\"https:\\\/\\\/madoskampas.lt\\\/produktas\\\/urban-basic-megztinis\\\/#primaryimage\",\"url\":\"https:\\\/\\\/madoskampas.lt\\\/wp-content\\\/uploads\\\/2025\\\/09\\\/img_9994-1-scaled.jpeg\",\"contentUrl\":\"https:\\\/\\\/madoskampas.lt\\\/wp-content\\\/uploads\\\/2025\\\/09\\\/img_9994-1-scaled.jpeg\",\"width\":1440,\"height\":2560},{\"@type\":\"BreadcrumbList\",\"@id\":\"https:\\\/\\\/madoskampas.lt\\\/produktas\\\/urban-basic-megztinis\\\/#breadcrumb\",\"itemListElement\":[{\"@type\":\"ListItem\",\"position\":1,\"name\":\"Home\",\"item\":\"https:\\\/\\\/madoskampas.lt\\\/\"},{\"@type\":\"ListItem\",\"position\":2,\"name\":\"Parduotuv\u0117\",\"item\":\"https:\\\/\\\/madoskampas.lt\\\/parduotuve-2\\\/\"},{\"@type\":\"ListItem\",\"position\":3,\"name\":\"\u201eUrban Basic\u201c megztinis\"}]},{\"@type\":\"WebSite\",\"@id\":\"https:\\\/\\\/madoskampas.lt\\\/#website\",\"url\":\"https:\\\/\\\/madoskampas.lt\\\/\",\"name\":\"MadosKampas.lt\",\"description\":\"Stilingi drabu\u017eiai moterims\",\"potentialAction\":[{\"@type\":\"SearchAction\",\"target\":{\"@type\":\"EntryPoint\",\"urlTemplate\":\"https:\\\/\\\/madoskampas.lt\\\/?s={search_term_string}\"},\"query-input\":{\"@type\":\"PropertyValueSpecification\",\"valueRequired\":true,\"valueName\":\"search_term_string\"}}],\"inLanguage\":\"ru-RU\"}]}<\/script>\n<!-- \/ Yoast SEO plugin. -->","yoast_head_json":{"title":"\u201eUrban Basic\u201c megztinis - MadosKampas.lt","robots":{"index":"index","follow":"follow","max-snippet":"max-snippet:-1","max-image-preview":"max-image-preview:large","max-video-preview":"max-video-preview:-1"},"canonical":"https:\/\/madoskampas.lt\/ru\/product-2\/urban-basic-megztinis\/","og_locale":"ru_RU","og_type":"article","og_title":"\u201eUrban Basic\u201c megztinis - MadosKampas.lt","og_description":"Klasikinis ir universalus \u2013 \u201eUrban Basic\u201c megztinis taps nepakei\u010diamu kasdienyb\u0117s palydovu. Mink\u0161tas, malonus k\u016bnui audinys nevar\u017eo judesi\u0173, o minimalistinis dizainas su subtiliomis si\u016bl\u0117mis suteikia modernumo akcent\u0105. \u0160is modelis puikiai dera tiek prie d\u017eins\u0173, tiek prie sijono \u2013 idealiai tinka darbui, laisvalaikiui ar jaukiam pasivaik\u0161\u010diojimui mieste. Galimi atspalviai: pilkas, juodas, sm\u0117lio ir kreminis.Dydis universalus (M\u2013XL)     Ilgis \u2013 66 cm    Per kr\u016btin\u0119 \u2013 57 cm","og_url":"https:\/\/madoskampas.lt\/ru\/product-2\/urban-basic-megztinis\/","og_site_name":"MadosKampas.lt","article_modified_time":"2026-01-08T13:36:53+00:00","og_image":[{"width":1440,"height":2560,"url":"https:\/\/madoskampas.lt\/wp-content\/uploads\/2025\/09\/img_8298-scaled.jpeg","type":"image\/jpeg"}],"twitter_card":"summary_large_image","twitter_misc":{"\u041f\u0440\u0438\u043c\u0435\u0440\u043d\u043e\u0435 \u0432\u0440\u0435\u043c\u044f \u0434\u043b\u044f \u0447\u0442\u0435\u043d\u0438\u044f":"1 \u043c\u0438\u043d\u0443\u0442\u0430"},"schema":{"@context":"https:\/\/schema.org","@graph":[{"@type":"WebPage","@id":"https:\/\/madoskampas.lt\/produktas\/urban-basic-megztinis\/","url":"https:\/\/madoskampas.lt\/produktas\/urban-basic-megztinis\/","name":"\u201eUrban Basic\u201c megztinis - MadosKampas.lt","isPartOf":{"@id":"https:\/\/madoskampas.lt\/#website"},"primaryImageOfPage":{"@id":"https:\/\/madoskampas.lt\/produktas\/urban-basic-megztinis\/#primaryimage"},"image":{"@id":"https:\/\/madoskampas.lt\/produktas\/urban-basic-megztinis\/#primaryimage"},"thumbnailUrl":"https:\/\/madoskampas.lt\/wp-content\/uploads\/2025\/09\/img_9994-1-scaled.jpeg","datePublished":"2025-09-23T12:36:48+00:00","dateModified":"2026-01-08T13:36:53+00:00","breadcrumb":{"@id":"https:\/\/madoskampas.lt\/produktas\/urban-basic-megztinis\/#breadcrumb"},"inLanguage":"ru-RU","potentialAction":[{"@type":"ReadAction","target":["https:\/\/madoskampas.lt\/produktas\/urban-basic-megztinis\/"]}]},{"@type":"ImageObject","inLanguage":"ru-RU","@id":"https:\/\/madoskampas.lt\/produktas\/urban-basic-megztinis\/#primaryimage","url":"https:\/\/madoskampas.lt\/wp-content\/uploads\/2025\/09\/img_9994-1-scaled.jpeg","contentUrl":"https:\/\/madoskampas.lt\/wp-content\/uploads\/2025\/09\/img_9994-1-scaled.jpeg","width":1440,"height":2560},{"@type":"BreadcrumbList","@id":"https:\/\/madoskampas.lt\/produktas\/urban-basic-megztinis\/#breadcrumb","itemListElement":[{"@type":"ListItem","position":1,"name":"Home","item":"https:\/\/madoskampas.lt\/"},{"@type":"ListItem","position":2,"name":"Parduotuv\u0117","item":"https:\/\/madoskampas.lt\/parduotuve-2\/"},{"@type":"ListItem","position":3,"name":"\u201eUrban Basic\u201c megztinis"}]},{"@type":"WebSite","@id":"https:\/\/madoskampas.lt\/#website","url":"https:\/\/madoskampas.lt\/","name":"FashionKampas.lt","description":"\u0421\u0442\u0438\u043b\u044c\u043d\u0430\u044f \u043e\u0434\u0435\u0436\u0434\u0430 \u0434\u043b\u044f \u0436\u0435\u043d\u0449\u0438\u043d","potentialAction":[{"@type":"SearchAction","target":{"@type":"EntryPoint","urlTemplate":"https:\/\/madoskampas.lt\/?s={search_term_string}"},"query-input":{"@type":"PropertyValueSpecification","valueRequired":true,"valueName":"search_term_string"}}],"inLanguage":"ru-RU"}]}},"uagb_featured_image_src":{"full":["https:\/\/madoskampas.lt\/wp-content\/uploads\/2025\/09\/img_9994-1-scaled.jpeg",1440,2560,false],"thumbnail":["https:\/\/madoskampas.lt\/wp-content\/uploads\/2025\/09\/img_9994-1-150x150.jpeg",150,150,true],"medium":["https:\/\/madoskampas.lt\/wp-content\/uploads\/2025\/09\/img_9994-1-169x300.jpeg",169,300,true],"medium_large":["https:\/\/madoskampas.lt\/wp-content\/uploads\/2025\/09\/img_9994-1-768x1365.jpeg",768,1365,true],"large":["https:\/\/madoskampas.lt\/wp-content\/uploads\/2025\/09\/img_9994-1-576x1024.jpeg",576,1024,true],"1536x1536":["https:\/\/madoskampas.lt\/wp-content\/uploads\/2025\/09\/img_9994-1-864x1536.jpeg",864,1536,true],"2048x2048":["https:\/\/madoskampas.lt\/wp-content\/uploads\/2025\/09\/img_9994-1-1152x2048.jpeg",1152,2048,true],"trp-custom-language-flag":["https:\/\/madoskampas.lt\/wp-content\/uploads\/2025\/09\/img_9994-1-7x12.jpeg",7,12,true],"nova-image-square":["https:\/\/madoskampas.lt\/wp-content\/uploads\/2025\/09\/img_9994-1-1100x1100.jpeg",1100,1100,true],"mixtas-product-03":["https:\/\/madoskampas.lt\/wp-content\/uploads\/2025\/09\/img_9994-1-600x345.jpeg",600,345,true],"woocommerce_thumbnail":["https:\/\/madoskampas.lt\/wp-content\/uploads\/2025\/09\/img_9994-1-700x700.jpeg",700,700,true],"woocommerce_single":["https:\/\/madoskampas.lt\/wp-content\/uploads\/2025\/09\/img_9994-1-1000x1777.jpeg",1000,1777,true],"woocommerce_gallery_thumbnail":["https:\/\/madoskampas.lt\/wp-content\/uploads\/2025\/09\/img_9994-1-250x250.jpeg",250,250,true],"variation_swatches_image_size":["https:\/\/madoskampas.lt\/wp-content\/uploads\/2025\/09\/img_9994-1-50x50.jpeg",50,50,true],"variation_swatches_tooltip_size":["https:\/\/madoskampas.lt\/wp-content\/uploads\/2025\/09\/img_9994-1-100x100.jpeg",100,100,true]},"uagb_author_info":{"display_name":"algirdasbart","author_link":"https:\/\/madoskampas.lt\/ru\/author\/"},"uagb_comment_info":0,"uagb_excerpt":"Klasikinis ir universalus \u2013 \u201eUrban Basic\u201c megztinis taps nepakei\u010diamu kasdienyb\u0117s palydovu. Mink\u0161tas, malonus k\u016bnui audinys nevar\u017eo judesi\u0173, o minimalistinis dizainas su subtiliomis si\u016bl\u0117mis suteikia modernumo akcent\u0105. \u0160is modelis puikiai dera tiek prie d\u017eins\u0173, tiek prie sijono \u2013 idealiai tinka darbui, laisvalaikiui ar jaukiam pasivaik\u0161\u010diojimui mieste. Galimi atspalviai: pilkas, juodas, sm\u0117lio ir kreminis.Dydis universalus (M\u2013XL) Ilgis&hellip;","jetpack_sharing_enabled":true,"_links":{"self":[{"href":"https:\/\/madoskampas.lt\/ru\/wp-json\/wp\/v2\/product\/20195","targetHints":{"allow":["GET"]}}],"collection":[{"href":"https:\/\/madoskampas.lt\/ru\/wp-json\/wp\/v2\/product"}],"about":[{"href":"https:\/\/madoskampas.lt\/ru\/wp-json\/wp\/v2\/types\/product"}],"replies":[{"embeddable":true,"href":"https:\/\/madoskampas.lt\/ru\/wp-json\/wp\/v2\/comments?post=20195"}],"wp:featuredmedia":[{"embeddable":true,"href":"https:\/\/madoskampas.lt\/ru\/wp-json\/wp\/v2\/media\/25931"}],"wp:attachment":[{"href":"https:\/\/madoskampas.lt\/ru\/wp-json\/wp\/v2\/media?parent=20195"}],"wp:term":[{"taxonomy":"product_brand","embeddable":true,"href":"https:\/\/madoskampas.lt\/ru\/wp-json\/wp\/v2\/product_brand?post=20195"},{"taxonomy":"product_cat","embeddable":true,"href":"https:\/\/madoskampas.lt\/ru\/wp-json\/wp\/v2\/product_cat?post=20195"},{"taxonomy":"product_tag","embeddable":true,"href":"https:\/\/madoskampas.lt\/ru\/wp-json\/wp\/v2\/product_tag?post=20195"}],"curies":[{"name":"wp","href":"https:\/\/api.w.org\/{rel}","templated":true}]}}