{"id":21573,"date":"2025-10-17T07:33:02","date_gmt":"2025-10-17T07:33:02","guid":{"rendered":"https:\/\/madoskampas.lt\/?post_type=product&#038;p=21573"},"modified":"2026-02-04T11:19:48","modified_gmt":"2026-02-04T11:19:48","slug":"nordic-glow-pukine-striuke-su-kailiu","status":"publish","type":"product","link":"https:\/\/madoskampas.lt\/ru\/product-2\/nordic-glow-pukine-striuke-su-kailiu\/","title":{"rendered":"\u201e\u041f\u0443\u0445\u043e\u0432\u0438\u043a Nordic Glow \u0441 \u043c\u0435\u0445\u043e\u043c"},"content":{"rendered":"<p>\u0160ilta kaip apkabinimas, lengva kaip oras \u2014 <strong data-start=\"257\" data-end=\"274\">\u201eNordic Glow\u201c<\/strong> p\u016bkin\u0117 striuk\u0117 taps tavo kasdieniu rudens ir \u017eiemos palydovu.<br data-start=\"336\" data-end=\"339\" \/>Pagaminta i\u0161 <strong data-start=\"352\" data-end=\"384\">100 % nat\u016bralaus anties p\u016bko<\/strong>, ji puikiai i\u0161laiko \u0161ilum\u0105 net \u0161al\u010diausiomis dienomis, o puri kailin\u0117 apykakl\u0117 suteikia subtilios prabangos poj\u016bt\u012f.<\/p>","protected":false},"excerpt":{"rendered":"<p data-start=\"214\" data-end=\"617\">\u0160ilta kaip apkabinimas, lengva kaip oras \u2014 <strong data-start=\"257\" data-end=\"274\">\u201eNordic Glow\u201c<\/strong> p\u016bkin\u0117 striuk\u0117 taps tavo kasdieniu rudens ir \u017eiemos palydovu.<br data-start=\"336\" data-end=\"339\" \/>Pagaminta i\u0161 <strong data-start=\"352\" data-end=\"384\">100 % nat\u016bralaus anties p\u016bko<\/strong>, ji puikiai i\u0161laiko \u0161ilum\u0105 net \u0161al\u010diausiomis dienomis, o puri kailin\u0117 apykakl\u0117 suteikia subtilios prabangos poj\u016bt\u012f.<br data-start=\"500\" data-end=\"503\" \/>Lengvai plat\u0117jantis siluetas nevar\u017eo judesi\u0173, tod\u0117l tiks tiek prie d\u017eins\u0173, tiek prie sijono ar megztos suknel\u0117s.<\/p>\n<p data-start=\"619\" data-end=\"748\">Galima rinktis <strong data-start=\"634\" data-end=\"643\">juod\u0105<\/strong> arba <strong data-start=\"649\" data-end=\"671\">\u0161viesiai grafitin\u0119<\/strong> spalv\u0105 \u2014 dvi universaliausias, viskam tinkan\u010dias \u017eiemos klasik\u0173 tonacijas.<\/p>\n<p data-start=\"750\" data-end=\"867\">\u2714\ufe0f <strong data-start=\"753\" data-end=\"765\">\u0421\u043e\u0441\u0442\u0430\u0432:<\/strong> 100 % anties p\u016bkas<br data-start=\"784\" data-end=\"787\" \/>\u2714\ufe0f <strong data-start=\"790\" data-end=\"803\">Apykakl\u0117:<\/strong> kailis<br data-start=\"820\" data-end=\"823\" \/>\u2714\ufe0f <strong data-start=\"826\" data-end=\"838\">\u0426\u0432\u0435\u0442\u0430:<\/strong> juoda \/ \u0161viesiai grafitin\u0117<\/p>\n<p data-start=\"869\" data-end=\"887\"><strong data-start=\"869\" data-end=\"885\">\u0420\u0430\u0437\u043c\u0435\u0440\u044b:<\/strong><\/p>\n<ul data-start=\"888\" data-end=\"1034\">\n<li data-start=\"888\" data-end=\"936\">\n<p data-start=\"890\" data-end=\"936\">S \u2013 ilgis 57 cm, kr\u016btin\u0117 51 cm, klubai 50 cm<\/p>\n<\/li>\n<li data-start=\"937\" data-end=\"985\">\n<p data-start=\"939\" data-end=\"985\">M \u2013 ilgis 59 cm, kr\u016btin\u0117 53 cm, klubai 51 cm<\/p>\n<\/li>\n<li data-start=\"986\" data-end=\"1034\">\n<p data-start=\"988\" data-end=\"1034\">L \u2013 ilgis 60 cm, kr\u016btin\u0117 55 cm, klubai 53 cm<\/p>\n<\/li>\n<\/ul>","protected":false},"featured_media":21562,"comment_status":"open","ping_status":"closed","template":"","meta":{"_uag_custom_page_level_css":"","_monsterinsights_skip_tracking":false,"_monsterinsights_sitenote_active":false,"_monsterinsights_sitenote_note":"","_monsterinsights_sitenote_category":0},"product_brand":[],"product_cat":[66,95,77],"product_tag":[],"class_list":{"0":"post-21573","1":"product","2":"type-product","3":"status-publish","4":"has-post-thumbnail","6":"product_cat-drabuziai","7":"product_cat-naujausi","8":"product_cat-striukes-paltai","9":"tm-has-options","11":"first","12":"instock","13":"sale","14":"shipping-taxable","15":"purchasable","16":"product-type-variable"},"yoast_head":"<!-- This site is optimized with the Yoast SEO plugin v27.3 - https:\/\/yoast.com\/product\/yoast-seo-wordpress\/ -->\n<title>\u201eNordic Glow\u201c p\u016bkin\u0117 striuk\u0117 su kailiu - MadosKampas.lt<\/title>\n<meta name=\"robots\" content=\"index, follow, max-snippet:-1, max-image-preview:large, max-video-preview:-1\" \/>\n<link rel=\"canonical\" href=\"https:\/\/madoskampas.lt\/ru\/product-2\/nordic-glow-pukine-striuke-su-kailiu\/\" \/>\n<meta property=\"og:locale\" content=\"ru_RU\" \/>\n<meta property=\"og:type\" content=\"article\" \/>\n<meta property=\"og:title\" content=\"\u201eNordic Glow\u201c p\u016bkin\u0117 striuk\u0117 su kailiu - MadosKampas.lt\" \/>\n<meta property=\"og:description\" content=\"\u0160ilta kaip apkabinimas, lengva kaip oras \u2014 \u201eNordic Glow\u201c p\u016bkin\u0117 striuk\u0117 taps tavo kasdieniu rudens ir \u017eiemos palydovu.Pagaminta i\u0161 100 % nat\u016bralaus anties p\u016bko, ji puikiai i\u0161laiko \u0161ilum\u0105 net \u0161al\u010diausiomis dienomis, o puri kailin\u0117 apykakl\u0117 suteikia subtilios prabangos poj\u016bt\u012f.Lengvai plat\u0117jantis siluetas nevar\u017eo judesi\u0173, tod\u0117l tiks tiek prie d\u017eins\u0173, tiek prie sijono ar megztos suknel\u0117s. Galima rinktis juod\u0105 arba \u0161viesiai grafitin\u0119 spalv\u0105 \u2014 dvi universaliausias, viskam tinkan\u010dias \u017eiemos klasik\u0173 tonacijas. \u2714\ufe0f Sud\u0117tis: 100 % anties p\u016bkas\u2714\ufe0f Apykakl\u0117: kailis\u2714\ufe0f Spalvos: juoda \/ \u0161viesiai grafitin\u0117 I\u0161matavimai:     S \u2013 ilgis 57 cm, kr\u016btin\u0117 51 cm, klubai 50 cm    M \u2013 ilgis 59 cm, kr\u016btin\u0117 53 cm, klubai 51 cm    L \u2013 ilgis 60 cm, kr\u016btin\u0117 55 cm, klubai 53 cm\" \/>\n<meta property=\"og:url\" content=\"https:\/\/madoskampas.lt\/ru\/product-2\/nordic-glow-pukine-striuke-su-kailiu\/\" \/>\n<meta property=\"og:site_name\" content=\"MadosKampas.lt\" \/>\n<meta property=\"article:modified_time\" content=\"2026-02-04T11:19:48+00:00\" \/>\n<meta property=\"og:image\" content=\"https:\/\/madoskampas.lt\/wp-content\/uploads\/2025\/10\/IMG_0590-1.jpeg\" \/>\n\t<meta property=\"og:image:width\" content=\"1330\" \/>\n\t<meta property=\"og:image:height\" content=\"2364\" \/>\n\t<meta property=\"og:image:type\" content=\"image\/jpeg\" \/>\n<meta name=\"twitter:card\" content=\"summary_large_image\" \/>\n<meta name=\"twitter:label1\" content=\"\u041f\u0440\u0438\u043c\u0435\u0440\u043d\u043e\u0435 \u0432\u0440\u0435\u043c\u044f \u0434\u043b\u044f \u0447\u0442\u0435\u043d\u0438\u044f\" \/>\n\t<meta name=\"twitter:data1\" content=\"1 \u043c\u0438\u043d\u0443\u0442\u0430\" \/>\n<script type=\"application\/ld+json\" class=\"yoast-schema-graph\">{\"@context\":\"https:\\\/\\\/schema.org\",\"@graph\":[{\"@type\":\"WebPage\",\"@id\":\"https:\\\/\\\/madoskampas.lt\\\/produktas\\\/nordic-glow-pukine-striuke-su-kailiu\\\/\",\"url\":\"https:\\\/\\\/madoskampas.lt\\\/produktas\\\/nordic-glow-pukine-striuke-su-kailiu\\\/\",\"name\":\"\u201eNordic Glow\u201c p\u016bkin\u0117 striuk\u0117 su kailiu - MadosKampas.lt\",\"isPartOf\":{\"@id\":\"https:\\\/\\\/madoskampas.lt\\\/#website\"},\"primaryImageOfPage\":{\"@id\":\"https:\\\/\\\/madoskampas.lt\\\/produktas\\\/nordic-glow-pukine-striuke-su-kailiu\\\/#primaryimage\"},\"image\":{\"@id\":\"https:\\\/\\\/madoskampas.lt\\\/produktas\\\/nordic-glow-pukine-striuke-su-kailiu\\\/#primaryimage\"},\"thumbnailUrl\":\"https:\\\/\\\/madoskampas.lt\\\/wp-content\\\/uploads\\\/2025\\\/10\\\/IMG_0590-1.jpeg\",\"datePublished\":\"2025-10-17T07:33:02+00:00\",\"dateModified\":\"2026-02-04T11:19:48+00:00\",\"breadcrumb\":{\"@id\":\"https:\\\/\\\/madoskampas.lt\\\/produktas\\\/nordic-glow-pukine-striuke-su-kailiu\\\/#breadcrumb\"},\"inLanguage\":\"ru-RU\",\"potentialAction\":[{\"@type\":\"ReadAction\",\"target\":[\"https:\\\/\\\/madoskampas.lt\\\/produktas\\\/nordic-glow-pukine-striuke-su-kailiu\\\/\"]}]},{\"@type\":\"ImageObject\",\"inLanguage\":\"ru-RU\",\"@id\":\"https:\\\/\\\/madoskampas.lt\\\/produktas\\\/nordic-glow-pukine-striuke-su-kailiu\\\/#primaryimage\",\"url\":\"https:\\\/\\\/madoskampas.lt\\\/wp-content\\\/uploads\\\/2025\\\/10\\\/IMG_0590-1.jpeg\",\"contentUrl\":\"https:\\\/\\\/madoskampas.lt\\\/wp-content\\\/uploads\\\/2025\\\/10\\\/IMG_0590-1.jpeg\",\"width\":1330,\"height\":2364},{\"@type\":\"BreadcrumbList\",\"@id\":\"https:\\\/\\\/madoskampas.lt\\\/produktas\\\/nordic-glow-pukine-striuke-su-kailiu\\\/#breadcrumb\",\"itemListElement\":[{\"@type\":\"ListItem\",\"position\":1,\"name\":\"Home\",\"item\":\"https:\\\/\\\/madoskampas.lt\\\/\"},{\"@type\":\"ListItem\",\"position\":2,\"name\":\"Parduotuv\u0117\",\"item\":\"https:\\\/\\\/madoskampas.lt\\\/parduotuve-2\\\/\"},{\"@type\":\"ListItem\",\"position\":3,\"name\":\"\u201eNordic Glow\u201c p\u016bkin\u0117 striuk\u0117 su kailiu\"}]},{\"@type\":\"WebSite\",\"@id\":\"https:\\\/\\\/madoskampas.lt\\\/#website\",\"url\":\"https:\\\/\\\/madoskampas.lt\\\/\",\"name\":\"MadosKampas.lt\",\"description\":\"Stilingi drabu\u017eiai moterims\",\"potentialAction\":[{\"@type\":\"SearchAction\",\"target\":{\"@type\":\"EntryPoint\",\"urlTemplate\":\"https:\\\/\\\/madoskampas.lt\\\/?s={search_term_string}\"},\"query-input\":{\"@type\":\"PropertyValueSpecification\",\"valueRequired\":true,\"valueName\":\"search_term_string\"}}],\"inLanguage\":\"ru-RU\"}]}<\/script>\n<!-- \/ Yoast SEO plugin. -->","yoast_head_json":{"title":"\u201eNordic Glow\u201c p\u016bkin\u0117 striuk\u0117 su kailiu - MadosKampas.lt","robots":{"index":"index","follow":"follow","max-snippet":"max-snippet:-1","max-image-preview":"max-image-preview:large","max-video-preview":"max-video-preview:-1"},"canonical":"https:\/\/madoskampas.lt\/ru\/product-2\/nordic-glow-pukine-striuke-su-kailiu\/","og_locale":"ru_RU","og_type":"article","og_title":"\u201eNordic Glow\u201c p\u016bkin\u0117 striuk\u0117 su kailiu - MadosKampas.lt","og_description":"\u0160ilta kaip apkabinimas, lengva kaip oras \u2014 \u201eNordic Glow\u201c p\u016bkin\u0117 striuk\u0117 taps tavo kasdieniu rudens ir \u017eiemos palydovu.Pagaminta i\u0161 100 % nat\u016bralaus anties p\u016bko, ji puikiai i\u0161laiko \u0161ilum\u0105 net \u0161al\u010diausiomis dienomis, o puri kailin\u0117 apykakl\u0117 suteikia subtilios prabangos poj\u016bt\u012f.Lengvai plat\u0117jantis siluetas nevar\u017eo judesi\u0173, tod\u0117l tiks tiek prie d\u017eins\u0173, tiek prie sijono ar megztos suknel\u0117s. Galima rinktis juod\u0105 arba \u0161viesiai grafitin\u0119 spalv\u0105 \u2014 dvi universaliausias, viskam tinkan\u010dias \u017eiemos klasik\u0173 tonacijas. \u2714\ufe0f Sud\u0117tis: 100 % anties p\u016bkas\u2714\ufe0f Apykakl\u0117: kailis\u2714\ufe0f Spalvos: juoda \/ \u0161viesiai grafitin\u0117 I\u0161matavimai:     S \u2013 ilgis 57 cm, kr\u016btin\u0117 51 cm, klubai 50 cm    M \u2013 ilgis 59 cm, kr\u016btin\u0117 53 cm, klubai 51 cm    L \u2013 ilgis 60 cm, kr\u016btin\u0117 55 cm, klubai 53 cm","og_url":"https:\/\/madoskampas.lt\/ru\/product-2\/nordic-glow-pukine-striuke-su-kailiu\/","og_site_name":"MadosKampas.lt","article_modified_time":"2026-02-04T11:19:48+00:00","og_image":[{"width":1330,"height":2364,"url":"https:\/\/madoskampas.lt\/wp-content\/uploads\/2025\/10\/IMG_0590-1.jpeg","type":"image\/jpeg"}],"twitter_card":"summary_large_image","twitter_misc":{"\u041f\u0440\u0438\u043c\u0435\u0440\u043d\u043e\u0435 \u0432\u0440\u0435\u043c\u044f \u0434\u043b\u044f \u0447\u0442\u0435\u043d\u0438\u044f":"1 \u043c\u0438\u043d\u0443\u0442\u0430"},"schema":{"@context":"https:\/\/schema.org","@graph":[{"@type":"WebPage","@id":"https:\/\/madoskampas.lt\/produktas\/nordic-glow-pukine-striuke-su-kailiu\/","url":"https:\/\/madoskampas.lt\/produktas\/nordic-glow-pukine-striuke-su-kailiu\/","name":"\u201eNordic Glow\u201c p\u016bkin\u0117 striuk\u0117 su kailiu - MadosKampas.lt","isPartOf":{"@id":"https:\/\/madoskampas.lt\/#website"},"primaryImageOfPage":{"@id":"https:\/\/madoskampas.lt\/produktas\/nordic-glow-pukine-striuke-su-kailiu\/#primaryimage"},"image":{"@id":"https:\/\/madoskampas.lt\/produktas\/nordic-glow-pukine-striuke-su-kailiu\/#primaryimage"},"thumbnailUrl":"https:\/\/madoskampas.lt\/wp-content\/uploads\/2025\/10\/IMG_0590-1.jpeg","datePublished":"2025-10-17T07:33:02+00:00","dateModified":"2026-02-04T11:19:48+00:00","breadcrumb":{"@id":"https:\/\/madoskampas.lt\/produktas\/nordic-glow-pukine-striuke-su-kailiu\/#breadcrumb"},"inLanguage":"ru-RU","potentialAction":[{"@type":"ReadAction","target":["https:\/\/madoskampas.lt\/produktas\/nordic-glow-pukine-striuke-su-kailiu\/"]}]},{"@type":"ImageObject","inLanguage":"ru-RU","@id":"https:\/\/madoskampas.lt\/produktas\/nordic-glow-pukine-striuke-su-kailiu\/#primaryimage","url":"https:\/\/madoskampas.lt\/wp-content\/uploads\/2025\/10\/IMG_0590-1.jpeg","contentUrl":"https:\/\/madoskampas.lt\/wp-content\/uploads\/2025\/10\/IMG_0590-1.jpeg","width":1330,"height":2364},{"@type":"BreadcrumbList","@id":"https:\/\/madoskampas.lt\/produktas\/nordic-glow-pukine-striuke-su-kailiu\/#breadcrumb","itemListElement":[{"@type":"ListItem","position":1,"name":"Home","item":"https:\/\/madoskampas.lt\/"},{"@type":"ListItem","position":2,"name":"Parduotuv\u0117","item":"https:\/\/madoskampas.lt\/parduotuve-2\/"},{"@type":"ListItem","position":3,"name":"\u201eNordic Glow\u201c p\u016bkin\u0117 striuk\u0117 su kailiu"}]},{"@type":"WebSite","@id":"https:\/\/madoskampas.lt\/#website","url":"https:\/\/madoskampas.lt\/","name":"FashionKampas.lt","description":"\u0421\u0442\u0438\u043b\u044c\u043d\u0430\u044f \u043e\u0434\u0435\u0436\u0434\u0430 \u0434\u043b\u044f \u0436\u0435\u043d\u0449\u0438\u043d","potentialAction":[{"@type":"SearchAction","target":{"@type":"EntryPoint","urlTemplate":"https:\/\/madoskampas.lt\/?s={search_term_string}"},"query-input":{"@type":"PropertyValueSpecification","valueRequired":true,"valueName":"search_term_string"}}],"inLanguage":"ru-RU"}]}},"uagb_featured_image_src":{"full":["https:\/\/madoskampas.lt\/wp-content\/uploads\/2025\/10\/IMG_0590-1.jpeg",1330,2364,false],"thumbnail":["https:\/\/madoskampas.lt\/wp-content\/uploads\/2025\/10\/IMG_0590-1-150x150.jpeg",150,150,true],"medium":["https:\/\/madoskampas.lt\/wp-content\/uploads\/2025\/10\/IMG_0590-1-169x300.jpeg",169,300,true],"medium_large":["https:\/\/madoskampas.lt\/wp-content\/uploads\/2025\/10\/IMG_0590-1-768x1365.jpeg",768,1365,true],"large":["https:\/\/madoskampas.lt\/wp-content\/uploads\/2025\/10\/IMG_0590-1-576x1024.jpeg",576,1024,true],"1536x1536":["https:\/\/madoskampas.lt\/wp-content\/uploads\/2025\/10\/IMG_0590-1-864x1536.jpeg",864,1536,true],"2048x2048":["https:\/\/madoskampas.lt\/wp-content\/uploads\/2025\/10\/IMG_0590-1-1152x2048.jpeg",1152,2048,true],"trp-custom-language-flag":["https:\/\/madoskampas.lt\/wp-content\/uploads\/2025\/10\/IMG_0590-1.jpeg",7,12,false],"nova-image-square":["https:\/\/madoskampas.lt\/wp-content\/uploads\/2025\/10\/IMG_0590-1-1100x1100.jpeg",1100,1100,true],"mixtas-product-03":["https:\/\/madoskampas.lt\/wp-content\/uploads\/2025\/10\/IMG_0590-1-600x345.jpeg",600,345,true],"woocommerce_thumbnail":["https:\/\/madoskampas.lt\/wp-content\/uploads\/2025\/10\/IMG_0590-1-700x700.jpeg",700,700,true],"woocommerce_single":["https:\/\/madoskampas.lt\/wp-content\/uploads\/2025\/10\/IMG_0590-1-1000x1777.jpeg",1000,1777,true],"woocommerce_gallery_thumbnail":["https:\/\/madoskampas.lt\/wp-content\/uploads\/2025\/10\/IMG_0590-1-250x250.jpeg",250,250,true],"variation_swatches_image_size":["https:\/\/madoskampas.lt\/wp-content\/uploads\/2025\/10\/IMG_0590-1-50x50.jpeg",50,50,true],"variation_swatches_tooltip_size":["https:\/\/madoskampas.lt\/wp-content\/uploads\/2025\/10\/IMG_0590-1-100x100.jpeg",100,100,true]},"uagb_author_info":{"display_name":"algirdasbart","author_link":"https:\/\/madoskampas.lt\/ru\/author\/"},"uagb_comment_info":0,"uagb_excerpt":"\u0160ilta kaip apkabinimas, lengva kaip oras \u2014 \u201eNordic Glow\u201c p\u016bkin\u0117 striuk\u0117 taps tavo kasdieniu rudens ir \u017eiemos palydovu.Pagaminta i\u0161 100 % nat\u016bralaus anties p\u016bko, ji puikiai i\u0161laiko \u0161ilum\u0105 net \u0161al\u010diausiomis dienomis, o puri kailin\u0117 apykakl\u0117 suteikia subtilios prabangos poj\u016bt\u012f.Lengvai plat\u0117jantis siluetas nevar\u017eo judesi\u0173, tod\u0117l tiks tiek prie d\u017eins\u0173, tiek prie sijono ar megztos suknel\u0117s. Galima&hellip;","jetpack_sharing_enabled":true,"_links":{"self":[{"href":"https:\/\/madoskampas.lt\/ru\/wp-json\/wp\/v2\/product\/21573","targetHints":{"allow":["GET"]}}],"collection":[{"href":"https:\/\/madoskampas.lt\/ru\/wp-json\/wp\/v2\/product"}],"about":[{"href":"https:\/\/madoskampas.lt\/ru\/wp-json\/wp\/v2\/types\/product"}],"replies":[{"embeddable":true,"href":"https:\/\/madoskampas.lt\/ru\/wp-json\/wp\/v2\/comments?post=21573"}],"wp:featuredmedia":[{"embeddable":true,"href":"https:\/\/madoskampas.lt\/ru\/wp-json\/wp\/v2\/media\/21562"}],"wp:attachment":[{"href":"https:\/\/madoskampas.lt\/ru\/wp-json\/wp\/v2\/media?parent=21573"}],"wp:term":[{"taxonomy":"product_brand","embeddable":true,"href":"https:\/\/madoskampas.lt\/ru\/wp-json\/wp\/v2\/product_brand?post=21573"},{"taxonomy":"product_cat","embeddable":true,"href":"https:\/\/madoskampas.lt\/ru\/wp-json\/wp\/v2\/product_cat?post=21573"},{"taxonomy":"product_tag","embeddable":true,"href":"https:\/\/madoskampas.lt\/ru\/wp-json\/wp\/v2\/product_tag?post=21573"}],"curies":[{"name":"wp","href":"https:\/\/api.w.org\/{rel}","templated":true}]}}