{"id":22182,"date":"2025-10-26T18:36:47","date_gmt":"2025-10-26T18:36:47","guid":{"rendered":"https:\/\/madoskampas.lt\/?post_type=product&#038;p=22182"},"modified":"2026-03-04T14:34:56","modified_gmt":"2026-03-04T14:34:56","slug":"soft-choco-denim-dzinsai-mg-750g","status":"publish","type":"product","link":"https:\/\/madoskampas.lt\/ru\/product-2\/soft-choco-denim-dzinsai-mg-750g\/","title":{"rendered":"\u201eSoft Choco Denim\u201c d\u017einsai KL578"},"content":{"rendered":"<p data-start=\"341\" data-end=\"625\">\u201eSoft Choco Denim\u201c \u2013 tai <strong data-start=\"366\" data-end=\"412\">tiesaus modelio \u0161okolado atspalvio d\u017einsai<\/strong>, kurie jungia komfort\u0105 ir subtil\u0173 stili\u0173.<br data-start=\"454\" data-end=\"457\" \/>Audinys itin <strong data-start=\"470\" data-end=\"496\">elastingas ir mink\u0161tas<\/strong>, tod\u0117l keln\u0117s puikiai prisitaiko prie fig\u016bros bei <strong data-start=\"547\" data-end=\"564\">atitinka dyd\u012f<\/strong> \u2013 nevar\u017eo judesi\u0173 ir i\u0161laiko tvarking\u0105 siluet\u0105 vis\u0105 dien\u0105.<\/p>\n<p data-start=\"679\" data-end=\"925\">","protected":false},"excerpt":{"rendered":"<p data-start=\"341\" data-end=\"625\">\u201eSoft Choco Denim\u201c \u2013 tai <strong data-start=\"366\" data-end=\"412\">tiesaus modelio \u0161okolado atspalvio d\u017einsai<\/strong>, kurie jungia komfort\u0105 ir subtil\u0173 stili\u0173.<br data-start=\"454\" data-end=\"457\" \/>Audinys itin <strong data-start=\"470\" data-end=\"496\">elastingas ir mink\u0161tas<\/strong>, tod\u0117l keln\u0117s puikiai prisitaiko prie fig\u016bros bei <strong data-start=\"547\" data-end=\"564\">atitinka dyd\u012f<\/strong> \u2013 nevar\u017eo judesi\u0173 ir i\u0161laiko tvarking\u0105 siluet\u0105 vis\u0105 dien\u0105.<\/p>\n<p data-start=\"627\" data-end=\"808\">Sodri \u0161okolado spalva suteikia \u0161ilumos ir lengvai derinasi prie neutrali\u0173 ton\u0173 megztini\u0173 ar paltuk\u0173.<br data-start=\"727\" data-end=\"730\" \/>Tai universalus modelis, tinkantis tiek kasdienai, tiek jaukesniam i\u0161\u0117jimui.<\/p>\n<p data-start=\"810\" data-end=\"834\">\ud83d\udccf <strong data-start=\"813\" data-end=\"832\">Dyd\u017ei\u0173 lentel\u0117:<\/strong><\/p>\n<div class=\"_tableContainer_1rjym_1\">\n<div class=\"_tableContainer_1rjym_1\">\n<div class=\"group _tableWrapper_1rjym_13 flex w-fit flex-col-reverse\" tabindex=\"-1\">\n<table class=\"w-fit min-w-(--thread-content-width)\" data-start=\"918\" data-end=\"1135\">\n<thead data-start=\"918\" data-end=\"968\">\n<tr data-start=\"918\" data-end=\"968\">\n<th data-start=\"918\" data-end=\"926\" data-col-size=\"sm\">\u0420\u0430\u0437\u043c\u0435\u0440<\/th>\n<th data-start=\"926\" data-end=\"940\" data-col-size=\"sm\">Liemuo (cm)<\/th>\n<th data-start=\"940\" data-end=\"954\" data-col-size=\"sm\">\u0411\u0435\u0434\u0440\u0430 (\u0441\u043c)<\/th>\n<th data-start=\"954\" data-end=\"968\" data-col-size=\"sm\">\u0414\u043b\u0438\u043d\u0430 (\u0441\u043c)<\/th>\n<\/tr>\n<\/thead>\n<tbody data-start=\"1024\" data-end=\"1135\">\n<tr data-start=\"1024\" data-end=\"1046\">\n<td data-start=\"1024\" data-end=\"1029\" data-col-size=\"sm\">XS<\/td>\n<td data-col-size=\"sm\" data-start=\"1029\" data-end=\"1034\">31<\/td>\n<td data-col-size=\"sm\" data-start=\"1034\" data-end=\"1039\">45<\/td>\n<td data-col-size=\"sm\" data-start=\"1039\" data-end=\"1046\">106<\/td>\n<\/tr>\n<tr data-start=\"1047\" data-end=\"1068\">\n<td data-start=\"1047\" data-end=\"1051\" data-col-size=\"sm\">S<\/td>\n<td data-col-size=\"sm\" data-start=\"1051\" data-end=\"1056\">32<\/td>\n<td data-col-size=\"sm\" data-start=\"1056\" data-end=\"1061\">46<\/td>\n<td data-col-size=\"sm\" data-start=\"1061\" data-end=\"1068\">106<\/td>\n<\/tr>\n<tr data-start=\"1069\" data-end=\"1090\">\n<td data-start=\"1069\" data-end=\"1073\" data-col-size=\"sm\">M<\/td>\n<td data-col-size=\"sm\" data-start=\"1073\" data-end=\"1078\">35<\/td>\n<td data-col-size=\"sm\" data-start=\"1078\" data-end=\"1083\">50<\/td>\n<td data-col-size=\"sm\" data-start=\"1083\" data-end=\"1090\">107<\/td>\n<\/tr>\n<tr data-start=\"1091\" data-end=\"1112\">\n<td data-start=\"1091\" data-end=\"1095\" data-col-size=\"sm\">L<\/td>\n<td data-start=\"1095\" data-end=\"1100\" data-col-size=\"sm\">37<\/td>\n<td data-col-size=\"sm\" data-start=\"1100\" data-end=\"1105\">52<\/td>\n<td data-col-size=\"sm\" data-start=\"1105\" data-end=\"1112\">107<\/td>\n<\/tr>\n<tr data-start=\"1113\" data-end=\"1135\">\n<td data-start=\"1113\" data-end=\"1118\" data-col-size=\"sm\">XL<\/td>\n<td data-col-size=\"sm\" data-start=\"1118\" data-end=\"1123\">39<\/td>\n<td data-col-size=\"sm\" data-start=\"1123\" data-end=\"1128\">55<\/td>\n<td data-col-size=\"sm\" data-start=\"1128\" data-end=\"1135\">107<\/td>\n<\/tr>\n<\/tbody>\n<\/table>\n<\/div>\n<\/div>\n<p data-start=\"1137\" data-end=\"1321\">\n<\/div>\n<p data-start=\"1124\" data-end=\"1227\">\ud83d\udc56 <strong data-start=\"1127\" data-end=\"1139\">\u041c\u043e\u0434\u0435\u043b\u044c:<\/strong> tiesaus kirpimo, elastingas<br data-start=\"1167\" data-end=\"1170\" \/>\ud83c\udfa8 <strong data-start=\"1173\" data-end=\"1184\">\u0426\u0432\u0435\u0442:<\/strong> \u0161okolado<\/p>","protected":false},"featured_media":26117,"comment_status":"open","ping_status":"closed","template":"","meta":{"_uag_custom_page_level_css":"","_monsterinsights_skip_tracking":false,"_monsterinsights_sitenote_active":false,"_monsterinsights_sitenote_note":"","_monsterinsights_sitenote_category":0},"product_brand":[],"product_cat":[66,67,95],"product_tag":[],"class_list":{"0":"post-22182","1":"product","2":"type-product","3":"status-publish","4":"has-post-thumbnail","6":"product_cat-drabuziai","7":"product_cat-dzinsai","8":"product_cat-naujausi","9":"tm-has-options","11":"first","12":"outofstock","13":"sale","14":"shipping-taxable","15":"purchasable","16":"product-type-variable"},"yoast_head":"<!-- This site is optimized with the Yoast SEO plugin v27.3 - https:\/\/yoast.com\/product\/yoast-seo-wordpress\/ -->\n<title>\u201eSoft Choco Denim\u201c d\u017einsai KL578 - MadosKampas.lt<\/title>\n<meta name=\"robots\" content=\"index, follow, max-snippet:-1, max-image-preview:large, max-video-preview:-1\" \/>\n<link rel=\"canonical\" href=\"https:\/\/madoskampas.lt\/ru\/product-2\/soft-choco-denim-dzinsai-mg-750g\/\" \/>\n<meta property=\"og:locale\" content=\"ru_RU\" \/>\n<meta property=\"og:type\" content=\"article\" \/>\n<meta property=\"og:title\" content=\"\u201eSoft Choco Denim\u201c d\u017einsai KL578 - MadosKampas.lt\" \/>\n<meta property=\"og:description\" content=\"\u201eSoft Choco Denim\u201c \u2013 tai tiesaus modelio \u0161okolado atspalvio d\u017einsai, kurie jungia komfort\u0105 ir subtil\u0173 stili\u0173.Audinys itin elastingas ir mink\u0161tas, tod\u0117l keln\u0117s puikiai prisitaiko prie fig\u016bros bei atitinka dyd\u012f \u2013 nevar\u017eo judesi\u0173 ir i\u0161laiko tvarking\u0105 siluet\u0105 vis\u0105 dien\u0105. Sodri \u0161okolado spalva suteikia \u0161ilumos ir lengvai derinasi prie neutrali\u0173 ton\u0173 megztini\u0173 ar paltuk\u0173.Tai universalus modelis, tinkantis tiek kasdienai, tiek jaukesniam i\u0161\u0117jimui. \ud83d\udccf Dyd\u017ei\u0173 lentel\u0117:        Dydis Liemuo (cm) Klubai (cm) Ilgis (cm)     XS 31 45 106   S 32 46 106   M 35 50 107   L 37 52 107   XL 39 55 107         \ud83d\udc56 Modelis: tiesaus kirpimo, elastingas\ud83c\udfa8 Spalva: \u0161okolado\" \/>\n<meta property=\"og:url\" content=\"https:\/\/madoskampas.lt\/ru\/product-2\/soft-choco-denim-dzinsai-mg-750g\/\" \/>\n<meta property=\"og:site_name\" content=\"MadosKampas.lt\" \/>\n<meta property=\"article:modified_time\" content=\"2026-03-04T14:34:56+00:00\" \/>\n<meta property=\"og:image\" content=\"https:\/\/madoskampas.lt\/wp-content\/uploads\/2025\/10\/IMG_0445.jpeg\" \/>\n\t<meta property=\"og:image:width\" content=\"1330\" \/>\n\t<meta property=\"og:image:height\" content=\"2364\" \/>\n\t<meta property=\"og:image:type\" content=\"image\/jpeg\" \/>\n<meta name=\"twitter:card\" content=\"summary_large_image\" \/>\n<meta name=\"twitter:label1\" content=\"\u041f\u0440\u0438\u043c\u0435\u0440\u043d\u043e\u0435 \u0432\u0440\u0435\u043c\u044f \u0434\u043b\u044f \u0447\u0442\u0435\u043d\u0438\u044f\" \/>\n\t<meta name=\"twitter:data1\" content=\"1 \u043c\u0438\u043d\u0443\u0442\u0430\" \/>\n<script type=\"application\/ld+json\" class=\"yoast-schema-graph\">{\"@context\":\"https:\\\/\\\/schema.org\",\"@graph\":[{\"@type\":\"WebPage\",\"@id\":\"https:\\\/\\\/madoskampas.lt\\\/produktas\\\/soft-choco-denim-dzinsai-mg-750g\\\/\",\"url\":\"https:\\\/\\\/madoskampas.lt\\\/produktas\\\/soft-choco-denim-dzinsai-mg-750g\\\/\",\"name\":\"\u201eSoft Choco Denim\u201c d\u017einsai KL578 - MadosKampas.lt\",\"isPartOf\":{\"@id\":\"https:\\\/\\\/madoskampas.lt\\\/#website\"},\"primaryImageOfPage\":{\"@id\":\"https:\\\/\\\/madoskampas.lt\\\/produktas\\\/soft-choco-denim-dzinsai-mg-750g\\\/#primaryimage\"},\"image\":{\"@id\":\"https:\\\/\\\/madoskampas.lt\\\/produktas\\\/soft-choco-denim-dzinsai-mg-750g\\\/#primaryimage\"},\"thumbnailUrl\":\"https:\\\/\\\/madoskampas.lt\\\/wp-content\\\/uploads\\\/2025\\\/10\\\/IMG_0445.jpeg\",\"datePublished\":\"2025-10-26T18:36:47+00:00\",\"dateModified\":\"2026-03-04T14:34:56+00:00\",\"breadcrumb\":{\"@id\":\"https:\\\/\\\/madoskampas.lt\\\/produktas\\\/soft-choco-denim-dzinsai-mg-750g\\\/#breadcrumb\"},\"inLanguage\":\"ru-RU\",\"potentialAction\":[{\"@type\":\"ReadAction\",\"target\":[\"https:\\\/\\\/madoskampas.lt\\\/produktas\\\/soft-choco-denim-dzinsai-mg-750g\\\/\"]}]},{\"@type\":\"ImageObject\",\"inLanguage\":\"ru-RU\",\"@id\":\"https:\\\/\\\/madoskampas.lt\\\/produktas\\\/soft-choco-denim-dzinsai-mg-750g\\\/#primaryimage\",\"url\":\"https:\\\/\\\/madoskampas.lt\\\/wp-content\\\/uploads\\\/2025\\\/10\\\/IMG_0445.jpeg\",\"contentUrl\":\"https:\\\/\\\/madoskampas.lt\\\/wp-content\\\/uploads\\\/2025\\\/10\\\/IMG_0445.jpeg\",\"width\":1330,\"height\":2364},{\"@type\":\"BreadcrumbList\",\"@id\":\"https:\\\/\\\/madoskampas.lt\\\/produktas\\\/soft-choco-denim-dzinsai-mg-750g\\\/#breadcrumb\",\"itemListElement\":[{\"@type\":\"ListItem\",\"position\":1,\"name\":\"Home\",\"item\":\"https:\\\/\\\/madoskampas.lt\\\/\"},{\"@type\":\"ListItem\",\"position\":2,\"name\":\"Parduotuv\u0117\",\"item\":\"https:\\\/\\\/madoskampas.lt\\\/parduotuve-2\\\/\"},{\"@type\":\"ListItem\",\"position\":3,\"name\":\"\u201eSoft Choco Denim\u201c d\u017einsai KL578\"}]},{\"@type\":\"WebSite\",\"@id\":\"https:\\\/\\\/madoskampas.lt\\\/#website\",\"url\":\"https:\\\/\\\/madoskampas.lt\\\/\",\"name\":\"MadosKampas.lt\",\"description\":\"Stilingi drabu\u017eiai moterims\",\"potentialAction\":[{\"@type\":\"SearchAction\",\"target\":{\"@type\":\"EntryPoint\",\"urlTemplate\":\"https:\\\/\\\/madoskampas.lt\\\/?s={search_term_string}\"},\"query-input\":{\"@type\":\"PropertyValueSpecification\",\"valueRequired\":true,\"valueName\":\"search_term_string\"}}],\"inLanguage\":\"ru-RU\"}]}<\/script>\n<!-- \/ Yoast SEO plugin. -->","yoast_head_json":{"title":"\u201eSoft Choco Denim\u201c d\u017einsai KL578 - MadosKampas.lt","robots":{"index":"index","follow":"follow","max-snippet":"max-snippet:-1","max-image-preview":"max-image-preview:large","max-video-preview":"max-video-preview:-1"},"canonical":"https:\/\/madoskampas.lt\/ru\/product-2\/soft-choco-denim-dzinsai-mg-750g\/","og_locale":"ru_RU","og_type":"article","og_title":"\u201eSoft Choco Denim\u201c d\u017einsai KL578 - MadosKampas.lt","og_description":"\u201eSoft Choco Denim\u201c \u2013 tai tiesaus modelio \u0161okolado atspalvio d\u017einsai, kurie jungia komfort\u0105 ir subtil\u0173 stili\u0173.Audinys itin elastingas ir mink\u0161tas, tod\u0117l keln\u0117s puikiai prisitaiko prie fig\u016bros bei atitinka dyd\u012f \u2013 nevar\u017eo judesi\u0173 ir i\u0161laiko tvarking\u0105 siluet\u0105 vis\u0105 dien\u0105. Sodri \u0161okolado spalva suteikia \u0161ilumos ir lengvai derinasi prie neutrali\u0173 ton\u0173 megztini\u0173 ar paltuk\u0173.Tai universalus modelis, tinkantis tiek kasdienai, tiek jaukesniam i\u0161\u0117jimui. \ud83d\udccf Dyd\u017ei\u0173 lentel\u0117:        Dydis Liemuo (cm) Klubai (cm) Ilgis (cm)     XS 31 45 106   S 32 46 106   M 35 50 107   L 37 52 107   XL 39 55 107         \ud83d\udc56 Modelis: tiesaus kirpimo, elastingas\ud83c\udfa8 Spalva: \u0161okolado","og_url":"https:\/\/madoskampas.lt\/ru\/product-2\/soft-choco-denim-dzinsai-mg-750g\/","og_site_name":"MadosKampas.lt","article_modified_time":"2026-03-04T14:34:56+00:00","og_image":[{"width":1330,"height":2364,"url":"https:\/\/madoskampas.lt\/wp-content\/uploads\/2025\/10\/IMG_0445.jpeg","type":"image\/jpeg"}],"twitter_card":"summary_large_image","twitter_misc":{"\u041f\u0440\u0438\u043c\u0435\u0440\u043d\u043e\u0435 \u0432\u0440\u0435\u043c\u044f \u0434\u043b\u044f \u0447\u0442\u0435\u043d\u0438\u044f":"1 \u043c\u0438\u043d\u0443\u0442\u0430"},"schema":{"@context":"https:\/\/schema.org","@graph":[{"@type":"WebPage","@id":"https:\/\/madoskampas.lt\/produktas\/soft-choco-denim-dzinsai-mg-750g\/","url":"https:\/\/madoskampas.lt\/produktas\/soft-choco-denim-dzinsai-mg-750g\/","name":"\u201eSoft Choco Denim\u201c d\u017einsai KL578 - MadosKampas.lt","isPartOf":{"@id":"https:\/\/madoskampas.lt\/#website"},"primaryImageOfPage":{"@id":"https:\/\/madoskampas.lt\/produktas\/soft-choco-denim-dzinsai-mg-750g\/#primaryimage"},"image":{"@id":"https:\/\/madoskampas.lt\/produktas\/soft-choco-denim-dzinsai-mg-750g\/#primaryimage"},"thumbnailUrl":"https:\/\/madoskampas.lt\/wp-content\/uploads\/2025\/10\/IMG_0445.jpeg","datePublished":"2025-10-26T18:36:47+00:00","dateModified":"2026-03-04T14:34:56+00:00","breadcrumb":{"@id":"https:\/\/madoskampas.lt\/produktas\/soft-choco-denim-dzinsai-mg-750g\/#breadcrumb"},"inLanguage":"ru-RU","potentialAction":[{"@type":"ReadAction","target":["https:\/\/madoskampas.lt\/produktas\/soft-choco-denim-dzinsai-mg-750g\/"]}]},{"@type":"ImageObject","inLanguage":"ru-RU","@id":"https:\/\/madoskampas.lt\/produktas\/soft-choco-denim-dzinsai-mg-750g\/#primaryimage","url":"https:\/\/madoskampas.lt\/wp-content\/uploads\/2025\/10\/IMG_0445.jpeg","contentUrl":"https:\/\/madoskampas.lt\/wp-content\/uploads\/2025\/10\/IMG_0445.jpeg","width":1330,"height":2364},{"@type":"BreadcrumbList","@id":"https:\/\/madoskampas.lt\/produktas\/soft-choco-denim-dzinsai-mg-750g\/#breadcrumb","itemListElement":[{"@type":"ListItem","position":1,"name":"Home","item":"https:\/\/madoskampas.lt\/"},{"@type":"ListItem","position":2,"name":"Parduotuv\u0117","item":"https:\/\/madoskampas.lt\/parduotuve-2\/"},{"@type":"ListItem","position":3,"name":"\u201eSoft Choco Denim\u201c d\u017einsai KL578"}]},{"@type":"WebSite","@id":"https:\/\/madoskampas.lt\/#website","url":"https:\/\/madoskampas.lt\/","name":"FashionKampas.lt","description":"\u0421\u0442\u0438\u043b\u044c\u043d\u0430\u044f \u043e\u0434\u0435\u0436\u0434\u0430 \u0434\u043b\u044f \u0436\u0435\u043d\u0449\u0438\u043d","potentialAction":[{"@type":"SearchAction","target":{"@type":"EntryPoint","urlTemplate":"https:\/\/madoskampas.lt\/?s={search_term_string}"},"query-input":{"@type":"PropertyValueSpecification","valueRequired":true,"valueName":"search_term_string"}}],"inLanguage":"ru-RU"}]}},"uagb_featured_image_src":{"full":["https:\/\/madoskampas.lt\/wp-content\/uploads\/2025\/10\/IMG_0445.jpeg",1330,2364,false],"thumbnail":["https:\/\/madoskampas.lt\/wp-content\/uploads\/2025\/10\/IMG_0445-150x150.jpeg",150,150,true],"medium":["https:\/\/madoskampas.lt\/wp-content\/uploads\/2025\/10\/IMG_0445-169x300.jpeg",169,300,true],"medium_large":["https:\/\/madoskampas.lt\/wp-content\/uploads\/2025\/10\/IMG_0445-768x1365.jpeg",768,1365,true],"large":["https:\/\/madoskampas.lt\/wp-content\/uploads\/2025\/10\/IMG_0445-576x1024.jpeg",576,1024,true],"1536x1536":["https:\/\/madoskampas.lt\/wp-content\/uploads\/2025\/10\/IMG_0445-864x1536.jpeg",864,1536,true],"2048x2048":["https:\/\/madoskampas.lt\/wp-content\/uploads\/2025\/10\/IMG_0445-1152x2048.jpeg",1152,2048,true],"trp-custom-language-flag":["https:\/\/madoskampas.lt\/wp-content\/uploads\/2025\/10\/IMG_0445-7x12.jpeg",7,12,true],"nova-image-square":["https:\/\/madoskampas.lt\/wp-content\/uploads\/2025\/10\/IMG_0445-1100x1100.jpeg",1100,1100,true],"mixtas-product-03":["https:\/\/madoskampas.lt\/wp-content\/uploads\/2025\/10\/IMG_0445-600x345.jpeg",600,345,true],"woocommerce_thumbnail":["https:\/\/madoskampas.lt\/wp-content\/uploads\/2025\/10\/IMG_0445-700x700.jpeg",700,700,true],"woocommerce_single":["https:\/\/madoskampas.lt\/wp-content\/uploads\/2025\/10\/IMG_0445-1000x1777.jpeg",1000,1777,true],"woocommerce_gallery_thumbnail":["https:\/\/madoskampas.lt\/wp-content\/uploads\/2025\/10\/IMG_0445-250x250.jpeg",250,250,true],"variation_swatches_image_size":["https:\/\/madoskampas.lt\/wp-content\/uploads\/2025\/10\/IMG_0445-50x50.jpeg",50,50,true],"variation_swatches_tooltip_size":["https:\/\/madoskampas.lt\/wp-content\/uploads\/2025\/10\/IMG_0445-100x100.jpeg",100,100,true]},"uagb_author_info":{"display_name":"algirdasbart","author_link":"https:\/\/madoskampas.lt\/ru\/author\/"},"uagb_comment_info":0,"uagb_excerpt":"\u201eSoft Choco Denim\u201c \u2013 tai tiesaus modelio \u0161okolado atspalvio d\u017einsai, kurie jungia komfort\u0105 ir subtil\u0173 stili\u0173.Audinys itin elastingas ir mink\u0161tas, tod\u0117l keln\u0117s puikiai prisitaiko prie fig\u016bros bei atitinka dyd\u012f \u2013 nevar\u017eo judesi\u0173 ir i\u0161laiko tvarking\u0105 siluet\u0105 vis\u0105 dien\u0105. Sodri \u0161okolado spalva suteikia \u0161ilumos ir lengvai derinasi prie neutrali\u0173 ton\u0173 megztini\u0173 ar paltuk\u0173.Tai universalus modelis, tinkantis&hellip;","jetpack_sharing_enabled":true,"_links":{"self":[{"href":"https:\/\/madoskampas.lt\/ru\/wp-json\/wp\/v2\/product\/22182","targetHints":{"allow":["GET"]}}],"collection":[{"href":"https:\/\/madoskampas.lt\/ru\/wp-json\/wp\/v2\/product"}],"about":[{"href":"https:\/\/madoskampas.lt\/ru\/wp-json\/wp\/v2\/types\/product"}],"replies":[{"embeddable":true,"href":"https:\/\/madoskampas.lt\/ru\/wp-json\/wp\/v2\/comments?post=22182"}],"wp:featuredmedia":[{"embeddable":true,"href":"https:\/\/madoskampas.lt\/ru\/wp-json\/wp\/v2\/media\/26117"}],"wp:attachment":[{"href":"https:\/\/madoskampas.lt\/ru\/wp-json\/wp\/v2\/media?parent=22182"}],"wp:term":[{"taxonomy":"product_brand","embeddable":true,"href":"https:\/\/madoskampas.lt\/ru\/wp-json\/wp\/v2\/product_brand?post=22182"},{"taxonomy":"product_cat","embeddable":true,"href":"https:\/\/madoskampas.lt\/ru\/wp-json\/wp\/v2\/product_cat?post=22182"},{"taxonomy":"product_tag","embeddable":true,"href":"https:\/\/madoskampas.lt\/ru\/wp-json\/wp\/v2\/product_tag?post=22182"}],"curies":[{"name":"wp","href":"https:\/\/api.w.org\/{rel}","templated":true}]}}