{"id":22924,"date":"2025-11-07T13:27:21","date_gmt":"2025-11-07T13:27:21","guid":{"rendered":"https:\/\/madoskampas.lt\/?post_type=product&#038;p=22924"},"modified":"2026-03-04T06:52:24","modified_gmt":"2026-03-04T06:52:24","slug":"%d0%ba%d0%be%d1%80%d0%be%d0%bb%d0%b5%d0%b2%d1%81%d0%ba%d0%b0%d1%8f-%d0%b7%d0%b8%d0%bc%d0%bd%d1%8f%d1%8f-%d0%bf%d1%83%d1%85%d0%be%d0%b2%d0%b0%d1%8f-%d0%ba%d1%83%d1%80%d1%82%d0%ba%d0%b0-%d1%81-%d0%bc","status":"publish","type":"product","link":"https:\/\/madoskampas.lt\/ru\/product-2\/%d0%ba%d0%be%d1%80%d0%be%d0%bb%d0%b5%d0%b2%d1%81%d0%ba%d0%b0%d1%8f-%d0%b7%d0%b8%d0%bc%d0%bd%d1%8f%d1%8f-%d0%bf%d1%83%d1%85%d0%be%d0%b2%d0%b0%d1%8f-%d0%ba%d1%83%d1%80%d1%82%d0%ba%d0%b0-%d1%81-%d0%bc\/","title":{"rendered":"\u201e\u041a\u043e\u0440\u043e\u043b\u0435\u0432\u0441\u043a\u0438\u0439 \u0437\u0438\u043c\u043d\u0438\u0439 \u043f\u0443\u0445\u043e\u0432\u0438\u043a \u0441 \u043c\u0435\u0445\u043e\u043c \u043b\u0438\u0441\u044b"},"content":{"rendered":"<p>\u041c\u044f\u0433\u043a\u043e\u0441\u0442\u044c, \u0442\u0435\u043f\u043b\u043e \u0438 \u043e\u0449\u0443\u0449\u0435\u043d\u0438\u0435 \u0438\u0442\u0430\u043b\u044c\u044f\u043d\u0441\u043a\u043e\u0439 \u0440\u043e\u0441\u043a\u043e\u0448\u0438 - \u0432\u0441\u0435 \u044d\u0442\u043e \u0432 \u043a\u0443\u0440\u0442\u043a\u0435 Royal Winter.<br data-start=\"370\" data-end=\"373\" \/>\u0415\u0435 <strong data-start=\"377\" data-end=\"413\">\u041d\u0430\u043f\u043e\u043b\u043d\u0438\u0442\u0435\u043b\u044c \u0438\u0437 \u043d\u0430\u0442\u0443\u0440\u0430\u043b\u044c\u043d\u043e\u0433\u043e \u0443\u0442\u0438\u043d\u043e\u0433\u043e \u043f\u0443\u0445\u0430<\/strong> \u041e\u0431\u0435\u0441\u043f\u0435\u0447\u0438\u0432\u0430\u0435\u0442 \u0434\u043e\u043f\u043e\u043b\u043d\u0438\u0442\u0435\u043b\u044c\u043d\u043e\u0435 \u0442\u0435\u043f\u043b\u043e \u0438 \u043b\u0435\u0433\u043a\u043e\u0441\u0442\u044c, \u0430 \u0442\u0430\u043a\u0436\u0435 <strong data-start=\"454\" data-end=\"487\">\u043e\u0431\u0448\u0438\u0440\u043d\u044b\u0439 \u043d\u0430\u0442\u0443\u0440\u0430\u043b\u044c\u043d\u044b\u0439 \u043c\u0435\u0445 \u043b\u0438\u0441\u044b<\/strong> - \u0418\u0441\u043a\u043b\u044e\u0447\u0438\u0442\u0435\u043b\u044c\u043d\u0430\u044f \u044d\u043b\u0435\u0433\u0430\u043d\u0442\u043d\u043e\u0441\u0442\u044c \u0438 \u0442\u043e\u043d\u043a\u0438\u0439 \u043e\u0442\u0442\u0435\u043d\u043e\u043a \u0440\u043e\u0441\u043a\u043e\u0448\u0438.<\/p>","protected":false},"excerpt":{"rendered":"<p data-start=\"281\" data-end=\"543\">\u041c\u044f\u0433\u043a\u043e\u0441\u0442\u044c, \u0442\u0435\u043f\u043b\u043e \u0438 \u043e\u0449\u0443\u0449\u0435\u043d\u0438\u0435 \u0438\u0442\u0430\u043b\u044c\u044f\u043d\u0441\u043a\u043e\u0439 \u0440\u043e\u0441\u043a\u043e\u0448\u0438 - \u0432\u0441\u0435 \u044d\u0442\u043e \u0432 \u043a\u0443\u0440\u0442\u043a\u0435 Royal Winter.<br data-start=\"370\" data-end=\"373\" \/>\u0415\u0435 <strong data-start=\"377\" data-end=\"413\">\u041d\u0430\u043f\u043e\u043b\u043d\u0438\u0442\u0435\u043b\u044c \u0438\u0437 \u043d\u0430\u0442\u0443\u0440\u0430\u043b\u044c\u043d\u043e\u0433\u043e \u0443\u0442\u0438\u043d\u043e\u0433\u043e \u043f\u0443\u0445\u0430<\/strong> \u041e\u0431\u0435\u0441\u043f\u0435\u0447\u0438\u0432\u0430\u0435\u0442 \u0434\u043e\u043f\u043e\u043b\u043d\u0438\u0442\u0435\u043b\u044c\u043d\u043e\u0435 \u0442\u0435\u043f\u043b\u043e \u0438 \u043b\u0435\u0433\u043a\u043e\u0441\u0442\u044c, \u0430 \u0442\u0430\u043a\u0436\u0435 <strong data-start=\"454\" data-end=\"487\">\u043e\u0431\u0448\u0438\u0440\u043d\u044b\u0439 \u043d\u0430\u0442\u0443\u0440\u0430\u043b\u044c\u043d\u044b\u0439 \u043c\u0435\u0445 \u043b\u0438\u0441\u044b<\/strong> - \u0418\u0441\u043a\u043b\u044e\u0447\u0438\u0442\u0435\u043b\u044c\u043d\u0430\u044f \u044d\u043b\u0435\u0433\u0430\u043d\u0442\u043d\u043e\u0441\u0442\u044c \u0438 \u0442\u043e\u043d\u043a\u0438\u0439 \u043e\u0442\u0442\u0435\u043d\u043e\u043a \u0440\u043e\u0441\u043a\u043e\u0448\u0438.<\/p>\n<p data-start=\"545\" data-end=\"830\">\u0423\u043d\u0438\u0432\u0435\u0440\u0441\u0430\u043b\u044c\u043d\u0430\u044f, \u0441\u043b\u0435\u0433\u043a\u0430 \u0440\u0430\u0441\u043a\u0440\u0435\u043f\u043e\u0449\u0435\u043d\u043d\u0430\u044f \u043c\u043e\u0434\u0435\u043b\u044c, \u043f\u043e\u0434\u0445\u043e\u0434\u044f\u0449\u0430\u044f \u0434\u043b\u044f <strong data-start=\"597\" data-end=\"611\">\u041e\u0442 S\/M \u0434\u043e XL<\/strong>, \u041e\u043d \u0430\u0434\u0430\u043f\u0442\u0438\u0440\u0443\u0435\u0442\u0441\u044f \u043a \u0448\u0438\u0440\u043e\u043a\u043e\u043c\u0443 \u0434\u0438\u0430\u043f\u0430\u0437\u043e\u043d\u0443 \u0444\u0438\u0433\u0443\u0440 \u0438 \u043f\u043e\u0437\u0432\u043e\u043b\u044f\u0435\u0442 \u0447\u0443\u0432\u0441\u0442\u0432\u043e\u0432\u0430\u0442\u044c \u0441\u0435\u0431\u044f \u043a\u043e\u043c\u0444\u043e\u0440\u0442\u043d\u043e \u0434\u0430\u0436\u0435 \u043f\u0440\u0438 \u043c\u043d\u043e\u0433\u043e\u0441\u043b\u043e\u0439\u043d\u043e\u043c \u0438\u0441\u043f\u043e\u043b\u044c\u0437\u043e\u0432\u0430\u043d\u0438\u0438 \u043e\u0434\u0435\u0436\u0434\u044b.<br data-start=\"707\" data-end=\"710\" \/>\u0412\u044b\u0441\u043e\u043a\u0438\u0439 \u0432\u043e\u0440\u043e\u0442\u043d\u0438\u043a, \u0434\u0432\u0443\u0441\u0442\u043e\u0440\u043e\u043d\u043d\u044f\u044f \u043c\u043e\u043b\u043d\u0438\u044f \u0438 \u0442\u0440\u0438\u043a\u043e\u0442\u0430\u0436\u043d\u044b\u0435 \u043c\u0430\u043d\u0436\u0435\u0442\u044b \u043e\u0431\u0435\u0441\u043f\u0435\u0447\u0438\u0432\u0430\u044e\u0442 \u043c\u0430\u043a\u0441\u0438\u043c\u0430\u043b\u044c\u043d\u044b\u0439 \u043a\u043e\u043c\u0444\u043e\u0440\u0442 \u0438 \u0442\u0435\u043f\u043b\u043e \u0437\u0438\u043c\u043e\u0439.<\/p>\n<p data-start=\"832\" data-end=\"1006\">\u0428\u043e\u043a\u043e\u043b\u0430\u0434\u043d\u044b\u0439 \u043e\u0442\u0442\u0435\u043d\u043e\u043a \u043f\u0440\u0438\u0434\u0430\u0435\u0442 \u0438\u0437\u044b\u0441\u043a\u0430\u043d\u043d\u0443\u044e \u0443\u0442\u043e\u043d\u0447\u0435\u043d\u043d\u043e\u0441\u0442\u044c, \u0435\u0433\u043e \u043b\u0435\u0433\u043a\u043e \u043d\u043e\u0441\u0438\u0442\u044c \u0441 \u0434\u0436\u0438\u043d\u0441\u0430\u043c\u0438, \u044e\u0431\u043a\u0430\u043c\u0438 \u0438\u043b\u0438 \u0434\u043b\u0438\u043d\u043d\u044b\u043c\u0438 \u0441\u0430\u043f\u043e\u0433\u0430\u043c\u0438.<br data-start=\"949\" data-end=\"952\" \/>\u042d\u0442\u0430 \u043a\u0443\u0440\u0442\u043a\u0430 \u043d\u0435 \u043f\u0440\u043e\u0441\u0442\u043e \u0441\u043e\u0433\u0440\u0435\u0432\u0430\u0435\u0442 - \u043e\u043d\u0430 \u043f\u043e\u0434\u0447\u0435\u0440\u043a\u0438\u0432\u0430\u0435\u0442 \u0441\u0442\u0438\u043b\u044c.<\/p>\n<p data-start=\"1008\" data-end=\"1221\"><strong data-start=\"1008\" data-end=\"1021\">\u041d\u0430\u043f\u043e\u043b\u043d\u0438\u0442\u0435\u043b\u044c:<\/strong> \u043d\u0430\u0442\u0443\u0440\u0430\u043b\u044c\u043d\u044b\u0439 \u0443\u0442\u0438\u043d\u044b\u0439 \u043f\u0443\u0445<br data-start=\"1043\" data-end=\"1046\" \/><strong data-start=\"1046\" data-end=\"1057\">\u041c\u0435\u0445:<\/strong> \u043d\u0430\u0442\u0443\u0440\u0430\u043b\u044c\u043d\u0430\u044f \u043b\u0438\u0441\u0430<br data-start=\"1071\" data-end=\"1074\" \/><strong data-start=\"1074\" data-end=\"1088\">\u041f\u043e\u0434\u043a\u043b\u0430\u0434\u043a\u0430:<\/strong> \u043f\u043e\u043b\u0438\u044d\u0441\u0442\u0435\u0440<br data-start=\"1100\" data-end=\"1103\" \/><strong data-start=\"1103\" data-end=\"1113\">\u0420\u0430\u0437\u043c\u0435\u0440:<\/strong> \u0443\u043d\u0438\u0432\u0435\u0440\u0441\u0430\u043b\u044c\u043d\u044b\u0439 (\u043e\u0442 S\/M \u0434\u043e XL)<br data-start=\"1142\" data-end=\"1145\" \/><strong data-start=\"1145\" data-end=\"1155\">\u0414\u043b\u0438\u043d\u0430:<\/strong> 73 \u0441\u043c<br data-start=\"1161\" data-end=\"1164\" data-is-only-node=\"\" \/><strong data-start=\"1164\" data-end=\"1180\">\u0427\u0435\u0440\u0435\u0437 \u0432\u0441\u044e \u0433\u0440\u0443\u0434\u044c:<\/strong> 58 \u0441\u043c<br data-start=\"1186\" data-end=\"1189\" \/><strong data-start=\"1189\" data-end=\"1201\">\u0426\u0432\u0435\u0442\u0430:<\/strong> \u0448\u043e\u043a\u043e\u043b\u0430\u0434, \u0447\u0435\u0440\u043d\u044b\u0439<\/p>","protected":false},"featured_media":22928,"comment_status":"open","ping_status":"closed","template":"","meta":{"_uag_custom_page_level_css":"","_monsterinsights_skip_tracking":false,"_monsterinsights_sitenote_active":false,"_monsterinsights_sitenote_note":"","_monsterinsights_sitenote_category":0},"product_brand":[],"product_cat":[66,95,77],"product_tag":[],"class_list":{"0":"post-22924","1":"product","2":"type-product","3":"status-publish","4":"has-post-thumbnail","6":"product_cat-drabuziai","7":"product_cat-naujausi","8":"product_cat-striukes-paltai","9":"tm-has-options","11":"first","12":"instock","13":"shipping-taxable","14":"purchasable","15":"product-type-variable"},"yoast_head":"<!-- This site is optimized with the Yoast SEO plugin v27.3 - https:\/\/yoast.com\/product\/yoast-seo-wordpress\/ -->\n<title>\u201eRoyal Winter\u201c p\u016bkin\u0117 striuk\u0117 su lap\u0117s kailiu - MadosKampas.lt<\/title>\n<meta name=\"robots\" content=\"index, follow, max-snippet:-1, max-image-preview:large, max-video-preview:-1\" \/>\n<link rel=\"canonical\" href=\"https:\/\/madoskampas.lt\/ru\/product-2\/\u043a\u043e\u0440\u043e\u043b\u0435\u0432\u0441\u043a\u0430\u044f-\u0437\u0438\u043c\u043d\u044f\u044f-\u043f\u0443\u0445\u043e\u0432\u0430\u044f-\u043a\u0443\u0440\u0442\u043a\u0430-\u0441-\u043c\/\" \/>\n<meta property=\"og:locale\" content=\"ru_RU\" \/>\n<meta property=\"og:type\" content=\"article\" \/>\n<meta property=\"og:title\" content=\"\u201eRoyal Winter\u201c p\u016bkin\u0117 striuk\u0117 su lap\u0117s kailiu - MadosKampas.lt\" \/>\n<meta property=\"og:description\" content=\"\u0160velnumas, \u0161iluma ir itali\u0161kos prabangos poj\u016btis \u2013 viskas telpa \u012f \u201eRoyal Winter\u201c striuk\u0119.Jos u\u017epildas i\u0161 nat\u016brali\u0173 an\u010di\u0173 p\u016bk\u0173 suteikia ypating\u0105 \u0161ilum\u0105 ir lengvum\u0105, o platus nat\u016bralus lap\u0117s kailis \u2013 i\u0161skirtin\u0119 elegancij\u0105 bei \u0161veln\u0173 prabangos akcent\u0105. Universalus, \u0161iek tiek laisvesnis modelis tinka nuo S\/M iki XL, tod\u0117l prisitaiko prie \u012fvairi\u0173 fig\u016br\u0173 ir leid\u017eia jaustis patogiai net sluoksniuojant drabu\u017eius.Auk\u0161ta apykakl\u0117, dvipusis u\u017etrauktukas ir rankogaliai su megztais galais u\u017etikrina maksimal\u0173 komfort\u0105 ir \u0161ilum\u0105 \u017eiem\u0105. \u0160okolado atspalvis suteikia rafinuoto subtilumo ir lengvai dera tiek prie d\u017eins\u0173, tiek prie sijon\u0173 ar ilgaauli\u0173 bat\u0173.Tai striuk\u0117, kuri ne tik \u0161ildo \u2013 ji pabr\u0117\u017eia stili\u0173. U\u017epildas: nat\u016bral\u016bs an\u010di\u0173 p\u016bkaiKailis: nat\u016brali lap\u0117Pamu\u0161alas: poliesterisDydis: universalus (nuo S\/M iki XL)Ilgis: 73 cmPer kr\u016btin\u0119: 58 cmSpalvos: \u0161okoladin\u0117, juoda\" \/>\n<meta property=\"og:url\" content=\"https:\/\/madoskampas.lt\/ru\/product-2\/\u043a\u043e\u0440\u043e\u043b\u0435\u0432\u0441\u043a\u0430\u044f-\u0437\u0438\u043c\u043d\u044f\u044f-\u043f\u0443\u0445\u043e\u0432\u0430\u044f-\u043a\u0443\u0440\u0442\u043a\u0430-\u0441-\u043c\/\" \/>\n<meta property=\"og:site_name\" content=\"MadosKampas.lt\" \/>\n<meta property=\"article:modified_time\" content=\"2026-03-04T06:52:24+00:00\" \/>\n<meta property=\"og:image\" content=\"https:\/\/madoskampas.lt\/wp-content\/uploads\/2025\/11\/IMG_2946.jpeg\" \/>\n\t<meta property=\"og:image:width\" content=\"1536\" \/>\n\t<meta property=\"og:image:height\" content=\"2048\" \/>\n\t<meta property=\"og:image:type\" content=\"image\/jpeg\" \/>\n<meta name=\"twitter:card\" content=\"summary_large_image\" \/>\n<meta name=\"twitter:label1\" content=\"\u041f\u0440\u0438\u043c\u0435\u0440\u043d\u043e\u0435 \u0432\u0440\u0435\u043c\u044f \u0434\u043b\u044f \u0447\u0442\u0435\u043d\u0438\u044f\" \/>\n\t<meta name=\"twitter:data1\" content=\"1 \u043c\u0438\u043d\u0443\u0442\u0430\" \/>\n<script type=\"application\/ld+json\" class=\"yoast-schema-graph\">{\"@context\":\"https:\\\/\\\/schema.org\",\"@graph\":[{\"@type\":\"WebPage\",\"@id\":\"https:\\\/\\\/madoskampas.lt\\\/produktas\\\/royal-winter-pukine-striuke-su-lapes-kailiu\\\/\",\"url\":\"https:\\\/\\\/madoskampas.lt\\\/produktas\\\/royal-winter-pukine-striuke-su-lapes-kailiu\\\/\",\"name\":\"\u201eRoyal Winter\u201c p\u016bkin\u0117 striuk\u0117 su lap\u0117s kailiu - MadosKampas.lt\",\"isPartOf\":{\"@id\":\"https:\\\/\\\/madoskampas.lt\\\/#website\"},\"primaryImageOfPage\":{\"@id\":\"https:\\\/\\\/madoskampas.lt\\\/produktas\\\/royal-winter-pukine-striuke-su-lapes-kailiu\\\/#primaryimage\"},\"image\":{\"@id\":\"https:\\\/\\\/madoskampas.lt\\\/produktas\\\/royal-winter-pukine-striuke-su-lapes-kailiu\\\/#primaryimage\"},\"thumbnailUrl\":\"https:\\\/\\\/madoskampas.lt\\\/wp-content\\\/uploads\\\/2025\\\/11\\\/IMG_2946.jpeg\",\"datePublished\":\"2025-11-07T13:27:21+00:00\",\"dateModified\":\"2026-03-04T06:52:24+00:00\",\"breadcrumb\":{\"@id\":\"https:\\\/\\\/madoskampas.lt\\\/produktas\\\/royal-winter-pukine-striuke-su-lapes-kailiu\\\/#breadcrumb\"},\"inLanguage\":\"ru-RU\",\"potentialAction\":[{\"@type\":\"ReadAction\",\"target\":[\"https:\\\/\\\/madoskampas.lt\\\/produktas\\\/royal-winter-pukine-striuke-su-lapes-kailiu\\\/\"]}]},{\"@type\":\"ImageObject\",\"inLanguage\":\"ru-RU\",\"@id\":\"https:\\\/\\\/madoskampas.lt\\\/produktas\\\/royal-winter-pukine-striuke-su-lapes-kailiu\\\/#primaryimage\",\"url\":\"https:\\\/\\\/madoskampas.lt\\\/wp-content\\\/uploads\\\/2025\\\/11\\\/IMG_2946.jpeg\",\"contentUrl\":\"https:\\\/\\\/madoskampas.lt\\\/wp-content\\\/uploads\\\/2025\\\/11\\\/IMG_2946.jpeg\",\"width\":1536,\"height\":2048},{\"@type\":\"BreadcrumbList\",\"@id\":\"https:\\\/\\\/madoskampas.lt\\\/produktas\\\/royal-winter-pukine-striuke-su-lapes-kailiu\\\/#breadcrumb\",\"itemListElement\":[{\"@type\":\"ListItem\",\"position\":1,\"name\":\"Home\",\"item\":\"https:\\\/\\\/madoskampas.lt\\\/\"},{\"@type\":\"ListItem\",\"position\":2,\"name\":\"Parduotuv\u0117\",\"item\":\"https:\\\/\\\/madoskampas.lt\\\/parduotuve-2\\\/\"},{\"@type\":\"ListItem\",\"position\":3,\"name\":\"\u201eRoyal Winter\u201c p\u016bkin\u0117 striuk\u0117 su lap\u0117s kailiu\"}]},{\"@type\":\"WebSite\",\"@id\":\"https:\\\/\\\/madoskampas.lt\\\/#website\",\"url\":\"https:\\\/\\\/madoskampas.lt\\\/\",\"name\":\"MadosKampas.lt\",\"description\":\"Stilingi drabu\u017eiai moterims\",\"potentialAction\":[{\"@type\":\"SearchAction\",\"target\":{\"@type\":\"EntryPoint\",\"urlTemplate\":\"https:\\\/\\\/madoskampas.lt\\\/?s={search_term_string}\"},\"query-input\":{\"@type\":\"PropertyValueSpecification\",\"valueRequired\":true,\"valueName\":\"search_term_string\"}}],\"inLanguage\":\"ru-RU\"}]}<\/script>\n<!-- \/ Yoast SEO plugin. -->","yoast_head_json":{"title":"\u201e\u041a\u043e\u0440\u043e\u043b\u0435\u0432\u0441\u043a\u0438\u0439\u201c \u0437\u0438\u043c\u043d\u0438\u0439 \u043f\u0443\u0445\u043e\u0432\u0438\u043a \u0441 \u043c\u0435\u0445\u043e\u043c \u043b\u0438\u0441\u044b - MadosKampas.lt","robots":{"index":"index","follow":"follow","max-snippet":"max-snippet:-1","max-image-preview":"max-image-preview:large","max-video-preview":"max-video-preview:-1"},"canonical":"https:\/\/madoskampas.lt\/ru\/product-2\/\u043a\u043e\u0440\u043e\u043b\u0435\u0432\u0441\u043a\u0430\u044f-\u0437\u0438\u043c\u043d\u044f\u044f-\u043f\u0443\u0445\u043e\u0432\u0430\u044f-\u043a\u0443\u0440\u0442\u043a\u0430-\u0441-\u043c\/","og_locale":"ru_RU","og_type":"article","og_title":"\u201eRoyal Winter\u201c p\u016bkin\u0117 striuk\u0117 su lap\u0117s kailiu - MadosKampas.lt","og_description":"\u0160velnumas, \u0161iluma ir itali\u0161kos prabangos poj\u016btis \u2013 viskas telpa \u012f \u201eRoyal Winter\u201c striuk\u0119.Jos u\u017epildas i\u0161 nat\u016brali\u0173 an\u010di\u0173 p\u016bk\u0173 suteikia ypating\u0105 \u0161ilum\u0105 ir lengvum\u0105, o platus nat\u016bralus lap\u0117s kailis \u2013 i\u0161skirtin\u0119 elegancij\u0105 bei \u0161veln\u0173 prabangos akcent\u0105. Universalus, \u0161iek tiek laisvesnis modelis tinka nuo S\/M iki XL, tod\u0117l prisitaiko prie \u012fvairi\u0173 fig\u016br\u0173 ir leid\u017eia jaustis patogiai net sluoksniuojant drabu\u017eius.Auk\u0161ta apykakl\u0117, dvipusis u\u017etrauktukas ir rankogaliai su megztais galais u\u017etikrina maksimal\u0173 komfort\u0105 ir \u0161ilum\u0105 \u017eiem\u0105. \u0160okolado atspalvis suteikia rafinuoto subtilumo ir lengvai dera tiek prie d\u017eins\u0173, tiek prie sijon\u0173 ar ilgaauli\u0173 bat\u0173.Tai striuk\u0117, kuri ne tik \u0161ildo \u2013 ji pabr\u0117\u017eia stili\u0173. U\u017epildas: nat\u016bral\u016bs an\u010di\u0173 p\u016bkaiKailis: nat\u016brali lap\u0117Pamu\u0161alas: poliesterisDydis: universalus (nuo S\/M iki XL)Ilgis: 73 cmPer kr\u016btin\u0119: 58 cmSpalvos: \u0161okoladin\u0117, juoda","og_url":"https:\/\/madoskampas.lt\/ru\/product-2\/\u043a\u043e\u0440\u043e\u043b\u0435\u0432\u0441\u043a\u0430\u044f-\u0437\u0438\u043c\u043d\u044f\u044f-\u043f\u0443\u0445\u043e\u0432\u0430\u044f-\u043a\u0443\u0440\u0442\u043a\u0430-\u0441-\u043c\/","og_site_name":"MadosKampas.lt","article_modified_time":"2026-03-04T06:52:24+00:00","og_image":[{"width":1536,"height":2048,"url":"https:\/\/madoskampas.lt\/wp-content\/uploads\/2025\/11\/IMG_2946.jpeg","type":"image\/jpeg"}],"twitter_card":"summary_large_image","twitter_misc":{"\u041f\u0440\u0438\u043c\u0435\u0440\u043d\u043e\u0435 \u0432\u0440\u0435\u043c\u044f \u0434\u043b\u044f \u0447\u0442\u0435\u043d\u0438\u044f":"1 \u043c\u0438\u043d\u0443\u0442\u0430"},"schema":{"@context":"https:\/\/schema.org","@graph":[{"@type":"WebPage","@id":"https:\/\/madoskampas.lt\/produktas\/royal-winter-pukine-striuke-su-lapes-kailiu\/","url":"https:\/\/madoskampas.lt\/produktas\/royal-winter-pukine-striuke-su-lapes-kailiu\/","name":"\u201e\u041a\u043e\u0440\u043e\u043b\u0435\u0432\u0441\u043a\u0438\u0439\u201c \u0437\u0438\u043c\u043d\u0438\u0439 \u043f\u0443\u0445\u043e\u0432\u0438\u043a \u0441 \u043c\u0435\u0445\u043e\u043c \u043b\u0438\u0441\u044b - MadosKampas.lt","isPartOf":{"@id":"https:\/\/madoskampas.lt\/#website"},"primaryImageOfPage":{"@id":"https:\/\/madoskampas.lt\/produktas\/royal-winter-pukine-striuke-su-lapes-kailiu\/#primaryimage"},"image":{"@id":"https:\/\/madoskampas.lt\/produktas\/royal-winter-pukine-striuke-su-lapes-kailiu\/#primaryimage"},"thumbnailUrl":"https:\/\/madoskampas.lt\/wp-content\/uploads\/2025\/11\/IMG_2946.jpeg","datePublished":"2025-11-07T13:27:21+00:00","dateModified":"2026-03-04T06:52:24+00:00","breadcrumb":{"@id":"https:\/\/madoskampas.lt\/produktas\/royal-winter-pukine-striuke-su-lapes-kailiu\/#breadcrumb"},"inLanguage":"ru-RU","potentialAction":[{"@type":"ReadAction","target":["https:\/\/madoskampas.lt\/produktas\/royal-winter-pukine-striuke-su-lapes-kailiu\/"]}]},{"@type":"ImageObject","inLanguage":"ru-RU","@id":"https:\/\/madoskampas.lt\/produktas\/royal-winter-pukine-striuke-su-lapes-kailiu\/#primaryimage","url":"https:\/\/madoskampas.lt\/wp-content\/uploads\/2025\/11\/IMG_2946.jpeg","contentUrl":"https:\/\/madoskampas.lt\/wp-content\/uploads\/2025\/11\/IMG_2946.jpeg","width":1536,"height":2048},{"@type":"BreadcrumbList","@id":"https:\/\/madoskampas.lt\/produktas\/royal-winter-pukine-striuke-su-lapes-kailiu\/#breadcrumb","itemListElement":[{"@type":"ListItem","position":1,"name":"Home","item":"https:\/\/madoskampas.lt\/"},{"@type":"ListItem","position":2,"name":"Parduotuv\u0117","item":"https:\/\/madoskampas.lt\/parduotuve-2\/"},{"@type":"ListItem","position":3,"name":"\u201eRoyal Winter\u201c p\u016bkin\u0117 striuk\u0117 su lap\u0117s kailiu"}]},{"@type":"WebSite","@id":"https:\/\/madoskampas.lt\/#website","url":"https:\/\/madoskampas.lt\/","name":"FashionKampas.lt","description":"\u0421\u0442\u0438\u043b\u044c\u043d\u0430\u044f \u043e\u0434\u0435\u0436\u0434\u0430 \u0434\u043b\u044f \u0436\u0435\u043d\u0449\u0438\u043d","potentialAction":[{"@type":"SearchAction","target":{"@type":"EntryPoint","urlTemplate":"https:\/\/madoskampas.lt\/?s={search_term_string}"},"query-input":{"@type":"PropertyValueSpecification","valueRequired":true,"valueName":"search_term_string"}}],"inLanguage":"ru-RU"}]}},"uagb_featured_image_src":{"full":["https:\/\/madoskampas.lt\/wp-content\/uploads\/2025\/11\/IMG_2946.jpeg",1536,2048,false],"thumbnail":["https:\/\/madoskampas.lt\/wp-content\/uploads\/2025\/11\/IMG_2946-150x150.jpeg",150,150,true],"medium":["https:\/\/madoskampas.lt\/wp-content\/uploads\/2025\/11\/IMG_2946-225x300.jpeg",225,300,true],"medium_large":["https:\/\/madoskampas.lt\/wp-content\/uploads\/2025\/11\/IMG_2946-768x1024.jpeg",768,1024,true],"large":["https:\/\/madoskampas.lt\/wp-content\/uploads\/2025\/11\/IMG_2946-768x1024.jpeg",768,1024,true],"1536x1536":["https:\/\/madoskampas.lt\/wp-content\/uploads\/2025\/11\/IMG_2946-1152x1536.jpeg",1152,1536,true],"2048x2048":["https:\/\/madoskampas.lt\/wp-content\/uploads\/2025\/11\/IMG_2946.jpeg",1536,2048,false],"trp-custom-language-flag":["https:\/\/madoskampas.lt\/wp-content\/uploads\/2025\/11\/IMG_2946.jpeg",9,12,false],"nova-image-square":["https:\/\/madoskampas.lt\/wp-content\/uploads\/2025\/11\/IMG_2946-1100x1100.jpeg",1100,1100,true],"mixtas-product-03":["https:\/\/madoskampas.lt\/wp-content\/uploads\/2025\/11\/IMG_2946-600x345.jpeg",600,345,true],"woocommerce_thumbnail":["https:\/\/madoskampas.lt\/wp-content\/uploads\/2025\/11\/IMG_2946-700x700.jpeg",700,700,true],"woocommerce_single":["https:\/\/madoskampas.lt\/wp-content\/uploads\/2025\/11\/IMG_2946-1000x1333.jpeg",1000,1333,true],"woocommerce_gallery_thumbnail":["https:\/\/madoskampas.lt\/wp-content\/uploads\/2025\/11\/IMG_2946-250x250.jpeg",250,250,true],"variation_swatches_image_size":["https:\/\/madoskampas.lt\/wp-content\/uploads\/2025\/11\/IMG_2946-50x50.jpeg",50,50,true],"variation_swatches_tooltip_size":["https:\/\/madoskampas.lt\/wp-content\/uploads\/2025\/11\/IMG_2946-100x100.jpeg",100,100,true]},"uagb_author_info":{"display_name":"algirdasbart","author_link":"https:\/\/madoskampas.lt\/ru\/author\/"},"uagb_comment_info":0,"uagb_excerpt":"\u0160velnumas, \u0161iluma ir itali\u0161kos prabangos poj\u016btis \u2013 viskas telpa \u012f \u201eRoyal Winter\u201c striuk\u0119.Jos u\u017epildas i\u0161 nat\u016brali\u0173 an\u010di\u0173 p\u016bk\u0173 suteikia ypating\u0105 \u0161ilum\u0105 ir lengvum\u0105, o platus nat\u016bralus lap\u0117s kailis \u2013 i\u0161skirtin\u0119 elegancij\u0105 bei \u0161veln\u0173 prabangos akcent\u0105. Universalus, \u0161iek tiek laisvesnis modelis tinka nuo S\/M iki XL, tod\u0117l prisitaiko prie \u012fvairi\u0173 fig\u016br\u0173 ir leid\u017eia jaustis patogiai net&hellip;","jetpack_sharing_enabled":true,"_links":{"self":[{"href":"https:\/\/madoskampas.lt\/ru\/wp-json\/wp\/v2\/product\/22924","targetHints":{"allow":["GET"]}}],"collection":[{"href":"https:\/\/madoskampas.lt\/ru\/wp-json\/wp\/v2\/product"}],"about":[{"href":"https:\/\/madoskampas.lt\/ru\/wp-json\/wp\/v2\/types\/product"}],"replies":[{"embeddable":true,"href":"https:\/\/madoskampas.lt\/ru\/wp-json\/wp\/v2\/comments?post=22924"}],"wp:featuredmedia":[{"embeddable":true,"href":"https:\/\/madoskampas.lt\/ru\/wp-json\/wp\/v2\/media\/22928"}],"wp:attachment":[{"href":"https:\/\/madoskampas.lt\/ru\/wp-json\/wp\/v2\/media?parent=22924"}],"wp:term":[{"taxonomy":"product_brand","embeddable":true,"href":"https:\/\/madoskampas.lt\/ru\/wp-json\/wp\/v2\/product_brand?post=22924"},{"taxonomy":"product_cat","embeddable":true,"href":"https:\/\/madoskampas.lt\/ru\/wp-json\/wp\/v2\/product_cat?post=22924"},{"taxonomy":"product_tag","embeddable":true,"href":"https:\/\/madoskampas.lt\/ru\/wp-json\/wp\/v2\/product_tag?post=22924"}],"curies":[{"name":"wp","href":"https:\/\/api.w.org\/{rel}","templated":true}]}}