{"id":23984,"date":"2025-11-25T20:38:15","date_gmt":"2025-11-25T20:38:15","guid":{"rendered":"https:\/\/madoskampas.lt\/?post_type=product&#038;p=23984"},"modified":"2026-05-13T09:04:29","modified_gmt":"2026-05-13T09:04:29","slug":"suknele-icona-linea","status":"publish","type":"product","link":"https:\/\/madoskampas.lt\/ru\/product-2\/suknele-icona-linea\/","title":{"rendered":"\u041f\u043b\u0430\u0442\u044c\u0435 \u201eIcona Linea\u201c"},"content":{"rendered":"<p>\u0160i suknel\u0117 \u2013 tikras modernios elegancijos simbolis, \u012fkv\u0117ptas itali\u0161k\u0173 siluet\u0173, kurie i\u0161lieka madingi met\u0173 metus. Lengvai priglundanti, ta\u010diau nevar\u017eanti, ji i\u0161ry\u0161kina fig\u016br\u0105 b\u016btent ten, kur reikia, o dekoratyvin\u0117s si\u016bl\u0117s ir akcentin\u0117s sagos suteikia rafinuotumo ir \u0161varios prabangos poj\u016bt\u012f.<\/p>","protected":false},"excerpt":{"rendered":"<p data-start=\"206\" data-end=\"496\">\u0160i suknel\u0117 \u2013 tikras modernios elegancijos simbolis, \u012fkv\u0117ptas itali\u0161k\u0173 siluet\u0173, kurie i\u0161lieka madingi met\u0173 metus. Lengvai priglundanti, ta\u010diau nevar\u017eanti, ji i\u0161ry\u0161kina fig\u016br\u0105 b\u016btent ten, kur reikia, o dekoratyvin\u0117s si\u016bl\u0117s ir akcentin\u0117s sagos suteikia rafinuotumo ir \u0161varios prabangos poj\u016bt\u012f.<\/p>\n<p data-start=\"498\" data-end=\"724\">Tai suknel\u0117, kuri tinka tiek kasdienai, tiek vakarui \u2013 su ilgaauliais batais, aulinukais ar minimalistiniais papuo\u0161alais. Juoda spalva kuria klasikin\u012f, am\u017ein\u0105 \u012fvaizd\u012f, o \u0161okolado atspalvis suteikia \u0161velnios, jaukios prabangos.<\/p>\n<p data-start=\"726\" data-end=\"748\"><strong data-start=\"726\" data-end=\"746\">Kod\u0117l ji patiks?<\/strong><\/p>\n<ul data-start=\"749\" data-end=\"935\">\n<li data-start=\"749\" data-end=\"799\">\n<p data-start=\"751\" data-end=\"799\">Itali\u0161kas minimalizmas su \u201epremium\u201c akcentais.<\/p>\n<\/li>\n<li data-start=\"800\" data-end=\"849\">\n<p data-start=\"802\" data-end=\"849\">Tamprus mezgimas, gra\u017eiai \u012fr\u0117minantis fig\u016br\u0105.<\/p>\n<\/li>\n<li data-start=\"850\" data-end=\"888\">\n<p data-start=\"852\" data-end=\"888\">Patogi, mink\u0161ta, maloni prie k\u016bno.<\/p>\n<\/li>\n<li data-start=\"889\" data-end=\"935\">\n<p data-start=\"891\" data-end=\"935\">Tobula tiek darbui, tiek ypatingoms progoms.<\/p>\n<\/li>\n<\/ul>\n<p data-start=\"937\" data-end=\"1002\"><strong data-start=\"937\" data-end=\"949\">\u0420\u0430\u0437\u043c\u0435\u0440\u044b:<\/strong><br data-start=\"949\" data-end=\"952\" \/>\u2714\ufe0f Tinka S ir M (audinys tamprus, prisitaikantis).<\/p>","protected":false},"featured_media":23932,"comment_status":"open","ping_status":"closed","template":"","meta":{"_uag_custom_page_level_css":"","_monsterinsights_skip_tracking":false,"_monsterinsights_sitenote_active":false,"_monsterinsights_sitenote_note":"","_monsterinsights_sitenote_category":0},"product_brand":[],"product_cat":[66,95,78],"product_tag":[],"class_list":{"0":"post-23984","1":"product","2":"type-product","3":"status-publish","4":"has-post-thumbnail","6":"product_cat-drabuziai","7":"product_cat-naujausi","8":"product_cat-sukneles","9":"tm-has-options","11":"first","12":"instock","13":"sale","14":"shipping-taxable","15":"purchasable","16":"product-type-variable"},"yoast_head":"<!-- This site is optimized with the Yoast SEO plugin v27.6 - https:\/\/yoast.com\/product\/yoast-seo-wordpress\/ -->\n<title>Suknel\u0117 \u201eIcona Linea\u201c - MadosKampas.lt<\/title>\n<meta name=\"robots\" content=\"index, follow, max-snippet:-1, max-image-preview:large, max-video-preview:-1\" \/>\n<link rel=\"canonical\" href=\"https:\/\/madoskampas.lt\/ru\/product-2\/suknele-icona-linea\/\" \/>\n<meta property=\"og:locale\" content=\"ru_RU\" \/>\n<meta property=\"og:type\" content=\"article\" \/>\n<meta property=\"og:title\" content=\"Suknel\u0117 \u201eIcona Linea\u201c - MadosKampas.lt\" \/>\n<meta property=\"og:description\" content=\"\u0160i suknel\u0117 \u2013 tikras modernios elegancijos simbolis, \u012fkv\u0117ptas itali\u0161k\u0173 siluet\u0173, kurie i\u0161lieka madingi met\u0173 metus. Lengvai priglundanti, ta\u010diau nevar\u017eanti, ji i\u0161ry\u0161kina fig\u016br\u0105 b\u016btent ten, kur reikia, o dekoratyvin\u0117s si\u016bl\u0117s ir akcentin\u0117s sagos suteikia rafinuotumo ir \u0161varios prabangos poj\u016bt\u012f. Tai suknel\u0117, kuri tinka tiek kasdienai, tiek vakarui \u2013 su ilgaauliais batais, aulinukais ar minimalistiniais papuo\u0161alais. Juoda spalva kuria klasikin\u012f, am\u017ein\u0105 \u012fvaizd\u012f, o \u0161okolado atspalvis suteikia \u0161velnios, jaukios prabangos. Kod\u0117l ji patiks?     Itali\u0161kas minimalizmas su \u201epremium\u201c akcentais.    Tamprus mezgimas, gra\u017eiai \u012fr\u0117minantis fig\u016br\u0105.    Patogi, mink\u0161ta, maloni prie k\u016bno.    Tobula tiek darbui, tiek ypatingoms progoms.   Dyd\u017eiai:\u2714\ufe0f Tinka S ir M (audinys tamprus, prisitaikantis).\" \/>\n<meta property=\"og:url\" content=\"https:\/\/madoskampas.lt\/ru\/product-2\/suknele-icona-linea\/\" \/>\n<meta property=\"og:site_name\" content=\"MadosKampas.lt\" \/>\n<meta property=\"article:modified_time\" content=\"2026-05-13T09:04:29+00:00\" \/>\n<meta property=\"og:image\" content=\"https:\/\/madoskampas.lt\/wp-content\/uploads\/2025\/11\/IMG_5169.jpeg\" \/>\n\t<meta property=\"og:image:width\" content=\"1536\" \/>\n\t<meta property=\"og:image:height\" content=\"2048\" \/>\n\t<meta property=\"og:image:type\" content=\"image\/jpeg\" \/>\n<meta name=\"twitter:card\" content=\"summary_large_image\" \/>\n<meta name=\"twitter:label1\" content=\"\u041f\u0440\u0438\u043c\u0435\u0440\u043d\u043e\u0435 \u0432\u0440\u0435\u043c\u044f \u0434\u043b\u044f \u0447\u0442\u0435\u043d\u0438\u044f\" \/>\n\t<meta name=\"twitter:data1\" content=\"1 \u043c\u0438\u043d\u0443\u0442\u0430\" \/>\n<script type=\"application\/ld+json\" class=\"yoast-schema-graph\">{\"@context\":\"https:\\\/\\\/schema.org\",\"@graph\":[{\"@type\":\"WebPage\",\"@id\":\"https:\\\/\\\/madoskampas.lt\\\/produktas\\\/suknele-icona-linea\\\/\",\"url\":\"https:\\\/\\\/madoskampas.lt\\\/produktas\\\/suknele-icona-linea\\\/\",\"name\":\"Suknel\u0117 \u201eIcona Linea\u201c - MadosKampas.lt\",\"isPartOf\":{\"@id\":\"https:\\\/\\\/madoskampas.lt\\\/#website\"},\"primaryImageOfPage\":{\"@id\":\"https:\\\/\\\/madoskampas.lt\\\/produktas\\\/suknele-icona-linea\\\/#primaryimage\"},\"image\":{\"@id\":\"https:\\\/\\\/madoskampas.lt\\\/produktas\\\/suknele-icona-linea\\\/#primaryimage\"},\"thumbnailUrl\":\"https:\\\/\\\/madoskampas.lt\\\/wp-content\\\/uploads\\\/2025\\\/11\\\/IMG_5169.jpeg\",\"datePublished\":\"2025-11-25T20:38:15+00:00\",\"dateModified\":\"2026-05-13T09:04:29+00:00\",\"breadcrumb\":{\"@id\":\"https:\\\/\\\/madoskampas.lt\\\/produktas\\\/suknele-icona-linea\\\/#breadcrumb\"},\"inLanguage\":\"ru-RU\",\"potentialAction\":[{\"@type\":\"ReadAction\",\"target\":[\"https:\\\/\\\/madoskampas.lt\\\/produktas\\\/suknele-icona-linea\\\/\"]}]},{\"@type\":\"ImageObject\",\"inLanguage\":\"ru-RU\",\"@id\":\"https:\\\/\\\/madoskampas.lt\\\/produktas\\\/suknele-icona-linea\\\/#primaryimage\",\"url\":\"https:\\\/\\\/madoskampas.lt\\\/wp-content\\\/uploads\\\/2025\\\/11\\\/IMG_5169.jpeg\",\"contentUrl\":\"https:\\\/\\\/madoskampas.lt\\\/wp-content\\\/uploads\\\/2025\\\/11\\\/IMG_5169.jpeg\",\"width\":1536,\"height\":2048},{\"@type\":\"BreadcrumbList\",\"@id\":\"https:\\\/\\\/madoskampas.lt\\\/produktas\\\/suknele-icona-linea\\\/#breadcrumb\",\"itemListElement\":[{\"@type\":\"ListItem\",\"position\":1,\"name\":\"Home\",\"item\":\"https:\\\/\\\/madoskampas.lt\\\/\"},{\"@type\":\"ListItem\",\"position\":2,\"name\":\"Parduotuv\u0117\",\"item\":\"https:\\\/\\\/madoskampas.lt\\\/parduotuve-2\\\/\"},{\"@type\":\"ListItem\",\"position\":3,\"name\":\"Suknel\u0117 \u201eIcona Linea\u201c\"}]},{\"@type\":\"WebSite\",\"@id\":\"https:\\\/\\\/madoskampas.lt\\\/#website\",\"url\":\"https:\\\/\\\/madoskampas.lt\\\/\",\"name\":\"MadosKampas.lt\",\"description\":\"Stilingi drabu\u017eiai moterims\",\"potentialAction\":[{\"@type\":\"SearchAction\",\"target\":{\"@type\":\"EntryPoint\",\"urlTemplate\":\"https:\\\/\\\/madoskampas.lt\\\/?s={search_term_string}\"},\"query-input\":{\"@type\":\"PropertyValueSpecification\",\"valueRequired\":true,\"valueName\":\"search_term_string\"}}],\"inLanguage\":\"ru-RU\"}]}<\/script>\n<!-- \/ Yoast SEO plugin. -->","yoast_head_json":{"title":"Suknel\u0117 \u201eIcona Linea\u201c - MadosKampas.lt","robots":{"index":"index","follow":"follow","max-snippet":"max-snippet:-1","max-image-preview":"max-image-preview:large","max-video-preview":"max-video-preview:-1"},"canonical":"https:\/\/madoskampas.lt\/ru\/product-2\/suknele-icona-linea\/","og_locale":"ru_RU","og_type":"article","og_title":"Suknel\u0117 \u201eIcona Linea\u201c - MadosKampas.lt","og_description":"\u0160i suknel\u0117 \u2013 tikras modernios elegancijos simbolis, \u012fkv\u0117ptas itali\u0161k\u0173 siluet\u0173, kurie i\u0161lieka madingi met\u0173 metus. Lengvai priglundanti, ta\u010diau nevar\u017eanti, ji i\u0161ry\u0161kina fig\u016br\u0105 b\u016btent ten, kur reikia, o dekoratyvin\u0117s si\u016bl\u0117s ir akcentin\u0117s sagos suteikia rafinuotumo ir \u0161varios prabangos poj\u016bt\u012f. Tai suknel\u0117, kuri tinka tiek kasdienai, tiek vakarui \u2013 su ilgaauliais batais, aulinukais ar minimalistiniais papuo\u0161alais. Juoda spalva kuria klasikin\u012f, am\u017ein\u0105 \u012fvaizd\u012f, o \u0161okolado atspalvis suteikia \u0161velnios, jaukios prabangos. Kod\u0117l ji patiks?     Itali\u0161kas minimalizmas su \u201epremium\u201c akcentais.    Tamprus mezgimas, gra\u017eiai \u012fr\u0117minantis fig\u016br\u0105.    Patogi, mink\u0161ta, maloni prie k\u016bno.    Tobula tiek darbui, tiek ypatingoms progoms.   Dyd\u017eiai:\u2714\ufe0f Tinka S ir M (audinys tamprus, prisitaikantis).","og_url":"https:\/\/madoskampas.lt\/ru\/product-2\/suknele-icona-linea\/","og_site_name":"MadosKampas.lt","article_modified_time":"2026-05-13T09:04:29+00:00","og_image":[{"width":1536,"height":2048,"url":"https:\/\/madoskampas.lt\/wp-content\/uploads\/2025\/11\/IMG_5169.jpeg","type":"image\/jpeg"}],"twitter_card":"summary_large_image","twitter_misc":{"\u041f\u0440\u0438\u043c\u0435\u0440\u043d\u043e\u0435 \u0432\u0440\u0435\u043c\u044f \u0434\u043b\u044f \u0447\u0442\u0435\u043d\u0438\u044f":"1 \u043c\u0438\u043d\u0443\u0442\u0430"},"schema":{"@context":"https:\/\/schema.org","@graph":[{"@type":"WebPage","@id":"https:\/\/madoskampas.lt\/produktas\/suknele-icona-linea\/","url":"https:\/\/madoskampas.lt\/produktas\/suknele-icona-linea\/","name":"Suknel\u0117 \u201eIcona Linea\u201c - MadosKampas.lt","isPartOf":{"@id":"https:\/\/madoskampas.lt\/#website"},"primaryImageOfPage":{"@id":"https:\/\/madoskampas.lt\/produktas\/suknele-icona-linea\/#primaryimage"},"image":{"@id":"https:\/\/madoskampas.lt\/produktas\/suknele-icona-linea\/#primaryimage"},"thumbnailUrl":"https:\/\/madoskampas.lt\/wp-content\/uploads\/2025\/11\/IMG_5169.jpeg","datePublished":"2025-11-25T20:38:15+00:00","dateModified":"2026-05-13T09:04:29+00:00","breadcrumb":{"@id":"https:\/\/madoskampas.lt\/produktas\/suknele-icona-linea\/#breadcrumb"},"inLanguage":"ru-RU","potentialAction":[{"@type":"ReadAction","target":["https:\/\/madoskampas.lt\/produktas\/suknele-icona-linea\/"]}]},{"@type":"ImageObject","inLanguage":"ru-RU","@id":"https:\/\/madoskampas.lt\/produktas\/suknele-icona-linea\/#primaryimage","url":"https:\/\/madoskampas.lt\/wp-content\/uploads\/2025\/11\/IMG_5169.jpeg","contentUrl":"https:\/\/madoskampas.lt\/wp-content\/uploads\/2025\/11\/IMG_5169.jpeg","width":1536,"height":2048},{"@type":"BreadcrumbList","@id":"https:\/\/madoskampas.lt\/produktas\/suknele-icona-linea\/#breadcrumb","itemListElement":[{"@type":"ListItem","position":1,"name":"Home","item":"https:\/\/madoskampas.lt\/"},{"@type":"ListItem","position":2,"name":"Parduotuv\u0117","item":"https:\/\/madoskampas.lt\/parduotuve-2\/"},{"@type":"ListItem","position":3,"name":"Suknel\u0117 \u201eIcona Linea\u201c"}]},{"@type":"WebSite","@id":"https:\/\/madoskampas.lt\/#website","url":"https:\/\/madoskampas.lt\/","name":"FashionKampas.lt","description":"\u0421\u0442\u0438\u043b\u044c\u043d\u0430\u044f \u043e\u0434\u0435\u0436\u0434\u0430 \u0434\u043b\u044f \u0436\u0435\u043d\u0449\u0438\u043d","potentialAction":[{"@type":"SearchAction","target":{"@type":"EntryPoint","urlTemplate":"https:\/\/madoskampas.lt\/?s={search_term_string}"},"query-input":{"@type":"PropertyValueSpecification","valueRequired":true,"valueName":"search_term_string"}}],"inLanguage":"ru-RU"}]}},"uagb_featured_image_src":{"full":["https:\/\/madoskampas.lt\/wp-content\/uploads\/2025\/11\/IMG_5169.jpeg",1536,2048,false],"thumbnail":["https:\/\/madoskampas.lt\/wp-content\/uploads\/2025\/11\/IMG_5169-150x150.jpeg",150,150,true],"medium":["https:\/\/madoskampas.lt\/wp-content\/uploads\/2025\/11\/IMG_5169-225x300.jpeg",225,300,true],"medium_large":["https:\/\/madoskampas.lt\/wp-content\/uploads\/2025\/11\/IMG_5169-768x1024.jpeg",768,1024,true],"large":["https:\/\/madoskampas.lt\/wp-content\/uploads\/2025\/11\/IMG_5169-768x1024.jpeg",768,1024,true],"1536x1536":["https:\/\/madoskampas.lt\/wp-content\/uploads\/2025\/11\/IMG_5169-1152x1536.jpeg",1152,1536,true],"2048x2048":["https:\/\/madoskampas.lt\/wp-content\/uploads\/2025\/11\/IMG_5169.jpeg",1536,2048,false],"trp-custom-language-flag":["https:\/\/madoskampas.lt\/wp-content\/uploads\/2025\/11\/IMG_5169-9x12.jpeg",9,12,true],"nova-image-square":["https:\/\/madoskampas.lt\/wp-content\/uploads\/2025\/11\/IMG_5169-1100x1100.jpeg",1100,1100,true],"mixtas-product-03":["https:\/\/madoskampas.lt\/wp-content\/uploads\/2025\/11\/IMG_5169-600x345.jpeg",600,345,true],"woocommerce_thumbnail":["https:\/\/madoskampas.lt\/wp-content\/uploads\/2025\/11\/IMG_5169-700x700.jpeg",700,700,true],"woocommerce_single":["https:\/\/madoskampas.lt\/wp-content\/uploads\/2025\/11\/IMG_5169-1000x1333.jpeg",1000,1333,true],"woocommerce_gallery_thumbnail":["https:\/\/madoskampas.lt\/wp-content\/uploads\/2025\/11\/IMG_5169-250x250.jpeg",250,250,true],"variation_swatches_image_size":["https:\/\/madoskampas.lt\/wp-content\/uploads\/2025\/11\/IMG_5169-50x50.jpeg",50,50,true],"variation_swatches_tooltip_size":["https:\/\/madoskampas.lt\/wp-content\/uploads\/2025\/11\/IMG_5169-100x100.jpeg",100,100,true]},"uagb_author_info":{"display_name":"algirdasbart","author_link":"https:\/\/madoskampas.lt\/ru\/author\/"},"uagb_comment_info":0,"uagb_excerpt":"\u0160i suknel\u0117 \u2013 tikras modernios elegancijos simbolis, \u012fkv\u0117ptas itali\u0161k\u0173 siluet\u0173, kurie i\u0161lieka madingi met\u0173 metus. Lengvai priglundanti, ta\u010diau nevar\u017eanti, ji i\u0161ry\u0161kina fig\u016br\u0105 b\u016btent ten, kur reikia, o dekoratyvin\u0117s si\u016bl\u0117s ir akcentin\u0117s sagos suteikia rafinuotumo ir \u0161varios prabangos poj\u016bt\u012f. Tai suknel\u0117, kuri tinka tiek kasdienai, tiek vakarui \u2013 su ilgaauliais batais, aulinukais ar minimalistiniais papuo\u0161alais. Juoda&hellip;","jetpack_sharing_enabled":true,"_links":{"self":[{"href":"https:\/\/madoskampas.lt\/ru\/wp-json\/wp\/v2\/product\/23984","targetHints":{"allow":["GET"]}}],"collection":[{"href":"https:\/\/madoskampas.lt\/ru\/wp-json\/wp\/v2\/product"}],"about":[{"href":"https:\/\/madoskampas.lt\/ru\/wp-json\/wp\/v2\/types\/product"}],"replies":[{"embeddable":true,"href":"https:\/\/madoskampas.lt\/ru\/wp-json\/wp\/v2\/comments?post=23984"}],"wp:featuredmedia":[{"embeddable":true,"href":"https:\/\/madoskampas.lt\/ru\/wp-json\/wp\/v2\/media\/23932"}],"wp:attachment":[{"href":"https:\/\/madoskampas.lt\/ru\/wp-json\/wp\/v2\/media?parent=23984"}],"wp:term":[{"taxonomy":"product_brand","embeddable":true,"href":"https:\/\/madoskampas.lt\/ru\/wp-json\/wp\/v2\/product_brand?post=23984"},{"taxonomy":"product_cat","embeddable":true,"href":"https:\/\/madoskampas.lt\/ru\/wp-json\/wp\/v2\/product_cat?post=23984"},{"taxonomy":"product_tag","embeddable":true,"href":"https:\/\/madoskampas.lt\/ru\/wp-json\/wp\/v2\/product_tag?post=23984"}],"curies":[{"name":"wp","href":"https:\/\/api.w.org\/{rel}","templated":true}]}}