{"id":24017,"date":"2025-11-26T11:33:07","date_gmt":"2025-11-26T11:33:07","guid":{"rendered":"https:\/\/madoskampas.lt\/?post_type=product&#038;p=24017"},"modified":"2026-02-12T08:24:33","modified_gmt":"2026-02-12T08:24:33","slug":"pura-lana-eleganza-100-vilnos-megztinis","status":"publish","type":"product","link":"https:\/\/madoskampas.lt\/ru\/product-2\/pura-lana-eleganza-100-vilnos-megztinis\/","title":{"rendered":"\u201ePura Lana Eleganza\u201c - 100% \u0448\u0435\u0440\u0441\u0442\u044f\u043d\u043e\u0439 \u043a\u0430\u0440\u0434\u0438\u0433\u0430\u043d"},"content":{"rendered":"<p>\u201ePura Lana Eleganza\u201c \u2013 tai megztinis, kuris i\u0161 pirmo prisilietimo primena, k\u0105 rei\u0161kia tikra kokyb\u0117. Sukurtas i\u0161 <strong data-start=\"278\" data-end=\"300\">100% \u0447\u0438\u0441\u0442\u0430\u044f \u0448\u0435\u0440\u0441\u0442\u044c<\/strong>, jis \u0161ildo lengvai, mink\u0161tai ir be jokio svorio poj\u016b\u010dio. Siluetas \u2013 klasikinis, \u0161varus, be papildom\u0173 detali\u0173, tod\u0117l \u0161is modelis puikiai dera tiek prie d\u017eins\u0173 kasdienai, tiek prie klasikos, kai norisi daugiau elegancijos.<br data-start=\"521\" data-end=\"524\" \/>Tai vienas i\u0161 t\u0173 mezgini\u0173, kurie atrodo paprastai, bet ne\u0161a tikr\u0105 prabangos jausm\u0105.<\/p>","protected":false},"excerpt":{"rendered":"<p data-start=\"158\" data-end=\"607\">\u201ePura Lana Eleganza\u201c \u2013 tai megztinis, kuris i\u0161 pirmo prisilietimo primena, k\u0105 rei\u0161kia tikra kokyb\u0117. Sukurtas i\u0161 <strong data-start=\"278\" data-end=\"300\">100% \u0447\u0438\u0441\u0442\u0430\u044f \u0448\u0435\u0440\u0441\u0442\u044c<\/strong>, jis \u0161ildo lengvai, mink\u0161tai ir be jokio svorio poj\u016b\u010dio. Siluetas \u2013 klasikinis, \u0161varus, be papildom\u0173 detali\u0173, tod\u0117l \u0161is modelis puikiai dera tiek prie d\u017eins\u0173 kasdienai, tiek prie klasikos, kai norisi daugiau elegancijos.<br data-start=\"521\" data-end=\"524\" \/>Tai vienas i\u0161 t\u0173 mezgini\u0173, kurie atrodo paprastai, bet ne\u0161a tikr\u0105 prabangos jausm\u0105.<\/p>\n<p data-start=\"609\" data-end=\"632\"><strong data-start=\"609\" data-end=\"630\">Kod\u0117l 100% vilna?<\/strong><\/p>\n<ul data-start=\"633\" data-end=\"1123\">\n<li data-start=\"633\" data-end=\"742\">\n<p data-start=\"635\" data-end=\"742\"><strong data-start=\"635\" data-end=\"670\">Nat\u016bralus \u0161ilumos reguliavimas:<\/strong> Vilna prisitaiko prie k\u016bno \u2013 su ja \u0161ilta lauke ir komforti\u0161ka viduje.<\/p>\n<\/li>\n<li data-start=\"743\" data-end=\"852\">\n<p data-start=\"745\" data-end=\"852\"><strong data-start=\"745\" data-end=\"770\">Kv\u0117puojanti ir gaivi:<\/strong> Med\u017eiaga sugeria dr\u0117gm\u0119 ir i\u0161garina j\u0105 \u012f i\u0161or\u0119, tod\u0117l vilk\u0117ti jauku vis\u0105 dien\u0105.<\/p>\n<\/li>\n<li data-start=\"853\" data-end=\"927\">\n<p data-start=\"855\" data-end=\"927\"><strong data-start=\"855\" data-end=\"886\">Lengva, bet \u0161ildo stipriai:<\/strong> \u0160velnumas ir \u0161iluma be sunkumo jausmo.<\/p>\n<\/li>\n<li data-start=\"928\" data-end=\"1001\">\n<p data-start=\"930\" data-end=\"1001\"><strong data-start=\"930\" data-end=\"943\">Ilgaam\u017e\u0117:<\/strong> Laikui b\u0117gant nei\u0161sitampo, nesiglam\u017eo ir i\u0161laiko form\u0105.<\/p>\n<\/li>\n<li data-start=\"1002\" data-end=\"1123\">\n<p data-start=\"1004\" data-end=\"1123\"><strong data-start=\"1004\" data-end=\"1026\">Nat\u016brali prabanga:<\/strong> Vilna atrodo solid\u017eiai, \u0161velniai ir visada suteikia i\u0161skirtin\u0105 premium estetikai b\u016bding\u0105 poj\u016bt\u012f.<\/p>\n<\/li>\n<\/ul>\n<p data-start=\"1125\" data-end=\"1424\"><strong data-start=\"1125\" data-end=\"1135\">\u0420\u0430\u0437\u043c\u0435\u0440:<\/strong> universalus \u2014 patogiai tinka S, M, net iki L.<\/p>\n<ul data-start=\"97\" data-end=\"144\">\n<li data-start=\"97\" data-end=\"117\">\n<p data-start=\"99\" data-end=\"117\"><strong data-start=\"99\" data-end=\"109\">\u0414\u043b\u0438\u043d\u0430:<\/strong> 60 cm<\/p>\n<\/li>\n<li data-start=\"118\" data-end=\"144\">\n<p data-start=\"120\" data-end=\"144\"><strong data-start=\"120\" data-end=\"136\">\u0427\u0435\u0440\u0435\u0437 \u0432\u0441\u044e \u0433\u0440\u0443\u0434\u044c:<\/strong> 56 cm<\/p>\n<\/li>\n<\/ul>\n<p data-start=\"1125\" data-end=\"1424\"><strong data-start=\"1184\" data-end=\"1197\">Siluetas:<\/strong> lengvai laisvas, krentantis, su subtiliai nuleistais pe\u010diais.<br data-start=\"1259\" data-end=\"1262\" \/><strong data-start=\"1262\" data-end=\"1279\">Kaip derinti:<\/strong> puikiai atrodo prie d\u017eins\u0173, pla\u010di\u0173 klasikini\u0173 kelni\u0173 ar sijono. \u0160varios spalvos leid\u017eia lengvai kurti tiek kasdien\u012f, tiek \u201eoffice chic\u201c \u012fvaizd\u012f.<\/p>","protected":false},"featured_media":26860,"comment_status":"open","ping_status":"closed","template":"","meta":{"_uag_custom_page_level_css":"","_monsterinsights_skip_tracking":false,"_monsterinsights_sitenote_active":false,"_monsterinsights_sitenote_note":"","_monsterinsights_sitenote_category":0},"product_brand":[],"product_cat":[66,73,95],"product_tag":[],"class_list":{"0":"post-24017","1":"product","2":"type-product","3":"status-publish","4":"has-post-thumbnail","6":"product_cat-drabuziai","7":"product_cat-megztiniai","8":"product_cat-naujausi","9":"tm-has-options","11":"first","12":"instock","13":"shipping-taxable","14":"purchasable","15":"product-type-variable"},"yoast_head":"<!-- This site is optimized with the Yoast SEO plugin v27.3 - https:\/\/yoast.com\/product\/yoast-seo-wordpress\/ -->\n<title>\u201ePura Lana Eleganza\u201c \u2013 100% vilnos megztinis - MadosKampas.lt<\/title>\n<meta name=\"robots\" content=\"index, follow, max-snippet:-1, max-image-preview:large, max-video-preview:-1\" \/>\n<link rel=\"canonical\" href=\"https:\/\/madoskampas.lt\/ru\/product-2\/pura-lana-eleganza-100-vilnos-megztinis\/\" \/>\n<meta property=\"og:locale\" content=\"ru_RU\" \/>\n<meta property=\"og:type\" content=\"article\" \/>\n<meta property=\"og:title\" content=\"\u201ePura Lana Eleganza\u201c \u2013 100% vilnos megztinis - MadosKampas.lt\" \/>\n<meta property=\"og:description\" content=\"\u201ePura Lana Eleganza\u201c \u2013 tai megztinis, kuris i\u0161 pirmo prisilietimo primena, k\u0105 rei\u0161kia tikra kokyb\u0117. Sukurtas i\u0161 100% grynos vilnos, jis \u0161ildo lengvai, mink\u0161tai ir be jokio svorio poj\u016b\u010dio. Siluetas \u2013 klasikinis, \u0161varus, be papildom\u0173 detali\u0173, tod\u0117l \u0161is modelis puikiai dera tiek prie d\u017eins\u0173 kasdienai, tiek prie klasikos, kai norisi daugiau elegancijos.Tai vienas i\u0161 t\u0173 mezgini\u0173, kurie atrodo paprastai, bet ne\u0161a tikr\u0105 prabangos jausm\u0105. Kod\u0117l 100% vilna?     Nat\u016bralus \u0161ilumos reguliavimas: Vilna prisitaiko prie k\u016bno \u2013 su ja \u0161ilta lauke ir komforti\u0161ka viduje.    Kv\u0117puojanti ir gaivi: Med\u017eiaga sugeria dr\u0117gm\u0119 ir i\u0161garina j\u0105 \u012f i\u0161or\u0119, tod\u0117l vilk\u0117ti jauku vis\u0105 dien\u0105.    Lengva, bet \u0161ildo stipriai: \u0160velnumas ir \u0161iluma be sunkumo jausmo.    Ilgaam\u017e\u0117: Laikui b\u0117gant nei\u0161sitampo, nesiglam\u017eo ir i\u0161laiko form\u0105.    Nat\u016brali prabanga: Vilna atrodo solid\u017eiai, \u0161velniai ir visada suteikia i\u0161skirtin\u0105 premium estetikai b\u016bding\u0105 poj\u016bt\u012f.   Dydis: universalus \u2014 patogiai tinka S, M, net iki L.     Ilgis: 60 cm    Per kr\u016btin\u0119: 56 cm   Siluetas: lengvai laisvas, krentantis, su subtiliai nuleistais pe\u010diais.Kaip derinti: puikiai atrodo prie d\u017eins\u0173, pla\u010di\u0173 klasikini\u0173 kelni\u0173 ar sijono. \u0160varios spalvos leid\u017eia lengvai kurti tiek kasdien\u012f, tiek \u201eoffice chic\u201c \u012fvaizd\u012f.\" \/>\n<meta property=\"og:url\" content=\"https:\/\/madoskampas.lt\/ru\/product-2\/pura-lana-eleganza-100-vilnos-megztinis\/\" \/>\n<meta property=\"og:site_name\" content=\"MadosKampas.lt\" \/>\n<meta property=\"article:modified_time\" content=\"2026-02-12T08:24:33+00:00\" \/>\n<meta property=\"og:image\" content=\"https:\/\/madoskampas.lt\/wp-content\/uploads\/2025\/12\/IMG_0795-1.jpeg\" \/>\n\t<meta property=\"og:image:width\" content=\"1330\" \/>\n\t<meta property=\"og:image:height\" content=\"2364\" \/>\n\t<meta property=\"og:image:type\" content=\"image\/jpeg\" \/>\n<meta name=\"twitter:card\" content=\"summary_large_image\" \/>\n<meta name=\"twitter:label1\" content=\"\u041f\u0440\u0438\u043c\u0435\u0440\u043d\u043e\u0435 \u0432\u0440\u0435\u043c\u044f \u0434\u043b\u044f \u0447\u0442\u0435\u043d\u0438\u044f\" \/>\n\t<meta name=\"twitter:data1\" content=\"1 \u043c\u0438\u043d\u0443\u0442\u0430\" \/>\n<script type=\"application\/ld+json\" class=\"yoast-schema-graph\">{\"@context\":\"https:\\\/\\\/schema.org\",\"@graph\":[{\"@type\":\"WebPage\",\"@id\":\"https:\\\/\\\/madoskampas.lt\\\/produktas\\\/pura-lana-eleganza-100-vilnos-megztinis\\\/\",\"url\":\"https:\\\/\\\/madoskampas.lt\\\/produktas\\\/pura-lana-eleganza-100-vilnos-megztinis\\\/\",\"name\":\"\u201ePura Lana Eleganza\u201c \u2013 100% vilnos megztinis - MadosKampas.lt\",\"isPartOf\":{\"@id\":\"https:\\\/\\\/madoskampas.lt\\\/#website\"},\"primaryImageOfPage\":{\"@id\":\"https:\\\/\\\/madoskampas.lt\\\/produktas\\\/pura-lana-eleganza-100-vilnos-megztinis\\\/#primaryimage\"},\"image\":{\"@id\":\"https:\\\/\\\/madoskampas.lt\\\/produktas\\\/pura-lana-eleganza-100-vilnos-megztinis\\\/#primaryimage\"},\"thumbnailUrl\":\"https:\\\/\\\/madoskampas.lt\\\/wp-content\\\/uploads\\\/2025\\\/12\\\/IMG_0795-1.jpeg\",\"datePublished\":\"2025-11-26T11:33:07+00:00\",\"dateModified\":\"2026-02-12T08:24:33+00:00\",\"breadcrumb\":{\"@id\":\"https:\\\/\\\/madoskampas.lt\\\/produktas\\\/pura-lana-eleganza-100-vilnos-megztinis\\\/#breadcrumb\"},\"inLanguage\":\"ru-RU\",\"potentialAction\":[{\"@type\":\"ReadAction\",\"target\":[\"https:\\\/\\\/madoskampas.lt\\\/produktas\\\/pura-lana-eleganza-100-vilnos-megztinis\\\/\"]}]},{\"@type\":\"ImageObject\",\"inLanguage\":\"ru-RU\",\"@id\":\"https:\\\/\\\/madoskampas.lt\\\/produktas\\\/pura-lana-eleganza-100-vilnos-megztinis\\\/#primaryimage\",\"url\":\"https:\\\/\\\/madoskampas.lt\\\/wp-content\\\/uploads\\\/2025\\\/12\\\/IMG_0795-1.jpeg\",\"contentUrl\":\"https:\\\/\\\/madoskampas.lt\\\/wp-content\\\/uploads\\\/2025\\\/12\\\/IMG_0795-1.jpeg\",\"width\":1330,\"height\":2364},{\"@type\":\"BreadcrumbList\",\"@id\":\"https:\\\/\\\/madoskampas.lt\\\/produktas\\\/pura-lana-eleganza-100-vilnos-megztinis\\\/#breadcrumb\",\"itemListElement\":[{\"@type\":\"ListItem\",\"position\":1,\"name\":\"Home\",\"item\":\"https:\\\/\\\/madoskampas.lt\\\/\"},{\"@type\":\"ListItem\",\"position\":2,\"name\":\"Parduotuv\u0117\",\"item\":\"https:\\\/\\\/madoskampas.lt\\\/parduotuve-2\\\/\"},{\"@type\":\"ListItem\",\"position\":3,\"name\":\"\u201ePura Lana Eleganza\u201c \u2013 100% vilnos megztinis\"}]},{\"@type\":\"WebSite\",\"@id\":\"https:\\\/\\\/madoskampas.lt\\\/#website\",\"url\":\"https:\\\/\\\/madoskampas.lt\\\/\",\"name\":\"MadosKampas.lt\",\"description\":\"Stilingi drabu\u017eiai moterims\",\"potentialAction\":[{\"@type\":\"SearchAction\",\"target\":{\"@type\":\"EntryPoint\",\"urlTemplate\":\"https:\\\/\\\/madoskampas.lt\\\/?s={search_term_string}\"},\"query-input\":{\"@type\":\"PropertyValueSpecification\",\"valueRequired\":true,\"valueName\":\"search_term_string\"}}],\"inLanguage\":\"ru-RU\"}]}<\/script>\n<!-- \/ Yoast SEO plugin. -->","yoast_head_json":{"title":"\u201ePura Lana Eleganza\u201c \u2013 100% vilnos megztinis - MadosKampas.lt","robots":{"index":"index","follow":"follow","max-snippet":"max-snippet:-1","max-image-preview":"max-image-preview:large","max-video-preview":"max-video-preview:-1"},"canonical":"https:\/\/madoskampas.lt\/ru\/product-2\/pura-lana-eleganza-100-vilnos-megztinis\/","og_locale":"ru_RU","og_type":"article","og_title":"\u201ePura Lana Eleganza\u201c \u2013 100% vilnos megztinis - MadosKampas.lt","og_description":"\u201ePura Lana Eleganza\u201c \u2013 tai megztinis, kuris i\u0161 pirmo prisilietimo primena, k\u0105 rei\u0161kia tikra kokyb\u0117. Sukurtas i\u0161 100% grynos vilnos, jis \u0161ildo lengvai, mink\u0161tai ir be jokio svorio poj\u016b\u010dio. Siluetas \u2013 klasikinis, \u0161varus, be papildom\u0173 detali\u0173, tod\u0117l \u0161is modelis puikiai dera tiek prie d\u017eins\u0173 kasdienai, tiek prie klasikos, kai norisi daugiau elegancijos.Tai vienas i\u0161 t\u0173 mezgini\u0173, kurie atrodo paprastai, bet ne\u0161a tikr\u0105 prabangos jausm\u0105. Kod\u0117l 100% vilna?     Nat\u016bralus \u0161ilumos reguliavimas: Vilna prisitaiko prie k\u016bno \u2013 su ja \u0161ilta lauke ir komforti\u0161ka viduje.    Kv\u0117puojanti ir gaivi: Med\u017eiaga sugeria dr\u0117gm\u0119 ir i\u0161garina j\u0105 \u012f i\u0161or\u0119, tod\u0117l vilk\u0117ti jauku vis\u0105 dien\u0105.    Lengva, bet \u0161ildo stipriai: \u0160velnumas ir \u0161iluma be sunkumo jausmo.    Ilgaam\u017e\u0117: Laikui b\u0117gant nei\u0161sitampo, nesiglam\u017eo ir i\u0161laiko form\u0105.    Nat\u016brali prabanga: Vilna atrodo solid\u017eiai, \u0161velniai ir visada suteikia i\u0161skirtin\u0105 premium estetikai b\u016bding\u0105 poj\u016bt\u012f.   Dydis: universalus \u2014 patogiai tinka S, M, net iki L.     Ilgis: 60 cm    Per kr\u016btin\u0119: 56 cm   Siluetas: lengvai laisvas, krentantis, su subtiliai nuleistais pe\u010diais.Kaip derinti: puikiai atrodo prie d\u017eins\u0173, pla\u010di\u0173 klasikini\u0173 kelni\u0173 ar sijono. \u0160varios spalvos leid\u017eia lengvai kurti tiek kasdien\u012f, tiek \u201eoffice chic\u201c \u012fvaizd\u012f.","og_url":"https:\/\/madoskampas.lt\/ru\/product-2\/pura-lana-eleganza-100-vilnos-megztinis\/","og_site_name":"MadosKampas.lt","article_modified_time":"2026-02-12T08:24:33+00:00","og_image":[{"width":1330,"height":2364,"url":"https:\/\/madoskampas.lt\/wp-content\/uploads\/2025\/12\/IMG_0795-1.jpeg","type":"image\/jpeg"}],"twitter_card":"summary_large_image","twitter_misc":{"\u041f\u0440\u0438\u043c\u0435\u0440\u043d\u043e\u0435 \u0432\u0440\u0435\u043c\u044f \u0434\u043b\u044f \u0447\u0442\u0435\u043d\u0438\u044f":"1 \u043c\u0438\u043d\u0443\u0442\u0430"},"schema":{"@context":"https:\/\/schema.org","@graph":[{"@type":"WebPage","@id":"https:\/\/madoskampas.lt\/produktas\/pura-lana-eleganza-100-vilnos-megztinis\/","url":"https:\/\/madoskampas.lt\/produktas\/pura-lana-eleganza-100-vilnos-megztinis\/","name":"\u201ePura Lana Eleganza\u201c \u2013 100% vilnos megztinis - MadosKampas.lt","isPartOf":{"@id":"https:\/\/madoskampas.lt\/#website"},"primaryImageOfPage":{"@id":"https:\/\/madoskampas.lt\/produktas\/pura-lana-eleganza-100-vilnos-megztinis\/#primaryimage"},"image":{"@id":"https:\/\/madoskampas.lt\/produktas\/pura-lana-eleganza-100-vilnos-megztinis\/#primaryimage"},"thumbnailUrl":"https:\/\/madoskampas.lt\/wp-content\/uploads\/2025\/12\/IMG_0795-1.jpeg","datePublished":"2025-11-26T11:33:07+00:00","dateModified":"2026-02-12T08:24:33+00:00","breadcrumb":{"@id":"https:\/\/madoskampas.lt\/produktas\/pura-lana-eleganza-100-vilnos-megztinis\/#breadcrumb"},"inLanguage":"ru-RU","potentialAction":[{"@type":"ReadAction","target":["https:\/\/madoskampas.lt\/produktas\/pura-lana-eleganza-100-vilnos-megztinis\/"]}]},{"@type":"ImageObject","inLanguage":"ru-RU","@id":"https:\/\/madoskampas.lt\/produktas\/pura-lana-eleganza-100-vilnos-megztinis\/#primaryimage","url":"https:\/\/madoskampas.lt\/wp-content\/uploads\/2025\/12\/IMG_0795-1.jpeg","contentUrl":"https:\/\/madoskampas.lt\/wp-content\/uploads\/2025\/12\/IMG_0795-1.jpeg","width":1330,"height":2364},{"@type":"BreadcrumbList","@id":"https:\/\/madoskampas.lt\/produktas\/pura-lana-eleganza-100-vilnos-megztinis\/#breadcrumb","itemListElement":[{"@type":"ListItem","position":1,"name":"Home","item":"https:\/\/madoskampas.lt\/"},{"@type":"ListItem","position":2,"name":"Parduotuv\u0117","item":"https:\/\/madoskampas.lt\/parduotuve-2\/"},{"@type":"ListItem","position":3,"name":"\u201ePura Lana Eleganza\u201c \u2013 100% vilnos megztinis"}]},{"@type":"WebSite","@id":"https:\/\/madoskampas.lt\/#website","url":"https:\/\/madoskampas.lt\/","name":"FashionKampas.lt","description":"\u0421\u0442\u0438\u043b\u044c\u043d\u0430\u044f \u043e\u0434\u0435\u0436\u0434\u0430 \u0434\u043b\u044f \u0436\u0435\u043d\u0449\u0438\u043d","potentialAction":[{"@type":"SearchAction","target":{"@type":"EntryPoint","urlTemplate":"https:\/\/madoskampas.lt\/?s={search_term_string}"},"query-input":{"@type":"PropertyValueSpecification","valueRequired":true,"valueName":"search_term_string"}}],"inLanguage":"ru-RU"}]}},"uagb_featured_image_src":{"full":["https:\/\/madoskampas.lt\/wp-content\/uploads\/2025\/12\/IMG_0795-1.jpeg",1330,2364,false],"thumbnail":["https:\/\/madoskampas.lt\/wp-content\/uploads\/2025\/12\/IMG_0795-1-150x150.jpeg",150,150,true],"medium":["https:\/\/madoskampas.lt\/wp-content\/uploads\/2025\/12\/IMG_0795-1-169x300.jpeg",169,300,true],"medium_large":["https:\/\/madoskampas.lt\/wp-content\/uploads\/2025\/12\/IMG_0795-1-768x1365.jpeg",768,1365,true],"large":["https:\/\/madoskampas.lt\/wp-content\/uploads\/2025\/12\/IMG_0795-1-576x1024.jpeg",576,1024,true],"1536x1536":["https:\/\/madoskampas.lt\/wp-content\/uploads\/2025\/12\/IMG_0795-1-864x1536.jpeg",864,1536,true],"2048x2048":["https:\/\/madoskampas.lt\/wp-content\/uploads\/2025\/12\/IMG_0795-1-1152x2048.jpeg",1152,2048,true],"trp-custom-language-flag":["https:\/\/madoskampas.lt\/wp-content\/uploads\/2025\/12\/IMG_0795-1-7x12.jpeg",7,12,true],"nova-image-square":["https:\/\/madoskampas.lt\/wp-content\/uploads\/2025\/12\/IMG_0795-1-1100x1100.jpeg",1100,1100,true],"mixtas-product-03":["https:\/\/madoskampas.lt\/wp-content\/uploads\/2025\/12\/IMG_0795-1-600x345.jpeg",600,345,true],"woocommerce_thumbnail":["https:\/\/madoskampas.lt\/wp-content\/uploads\/2025\/12\/IMG_0795-1-700x700.jpeg",700,700,true],"woocommerce_single":["https:\/\/madoskampas.lt\/wp-content\/uploads\/2025\/12\/IMG_0795-1-1000x1777.jpeg",1000,1777,true],"woocommerce_gallery_thumbnail":["https:\/\/madoskampas.lt\/wp-content\/uploads\/2025\/12\/IMG_0795-1-250x250.jpeg",250,250,true],"variation_swatches_image_size":["https:\/\/madoskampas.lt\/wp-content\/uploads\/2025\/12\/IMG_0795-1-50x50.jpeg",50,50,true],"variation_swatches_tooltip_size":["https:\/\/madoskampas.lt\/wp-content\/uploads\/2025\/12\/IMG_0795-1-100x100.jpeg",100,100,true]},"uagb_author_info":{"display_name":"algirdasbart","author_link":"https:\/\/madoskampas.lt\/ru\/author\/"},"uagb_comment_info":0,"uagb_excerpt":"\u201ePura Lana Eleganza\u201c \u2013 tai megztinis, kuris i\u0161 pirmo prisilietimo primena, k\u0105 rei\u0161kia tikra kokyb\u0117. Sukurtas i\u0161 100% grynos vilnos, jis \u0161ildo lengvai, mink\u0161tai ir be jokio svorio poj\u016b\u010dio. Siluetas \u2013 klasikinis, \u0161varus, be papildom\u0173 detali\u0173, tod\u0117l \u0161is modelis puikiai dera tiek prie d\u017eins\u0173 kasdienai, tiek prie klasikos, kai norisi daugiau elegancijos.Tai vienas i\u0161 t\u0173&hellip;","jetpack_sharing_enabled":true,"_links":{"self":[{"href":"https:\/\/madoskampas.lt\/ru\/wp-json\/wp\/v2\/product\/24017","targetHints":{"allow":["GET"]}}],"collection":[{"href":"https:\/\/madoskampas.lt\/ru\/wp-json\/wp\/v2\/product"}],"about":[{"href":"https:\/\/madoskampas.lt\/ru\/wp-json\/wp\/v2\/types\/product"}],"replies":[{"embeddable":true,"href":"https:\/\/madoskampas.lt\/ru\/wp-json\/wp\/v2\/comments?post=24017"}],"wp:featuredmedia":[{"embeddable":true,"href":"https:\/\/madoskampas.lt\/ru\/wp-json\/wp\/v2\/media\/26860"}],"wp:attachment":[{"href":"https:\/\/madoskampas.lt\/ru\/wp-json\/wp\/v2\/media?parent=24017"}],"wp:term":[{"taxonomy":"product_brand","embeddable":true,"href":"https:\/\/madoskampas.lt\/ru\/wp-json\/wp\/v2\/product_brand?post=24017"},{"taxonomy":"product_cat","embeddable":true,"href":"https:\/\/madoskampas.lt\/ru\/wp-json\/wp\/v2\/product_cat?post=24017"},{"taxonomy":"product_tag","embeddable":true,"href":"https:\/\/madoskampas.lt\/ru\/wp-json\/wp\/v2\/product_tag?post=24017"}],"curies":[{"name":"wp","href":"https:\/\/api.w.org\/{rel}","templated":true}]}}