{"id":24354,"date":"2025-12-02T09:58:26","date_gmt":"2025-12-02T09:58:26","guid":{"rendered":"https:\/\/madoskampas.lt\/?post_type=product&#038;p=24354"},"modified":"2026-04-30T17:40:46","modified_gmt":"2026-04-30T17:40:46","slug":"lumina-milano-juodas-strukturinis-svarkas","status":"publish","type":"product","link":"https:\/\/madoskampas.lt\/ru\/product-2\/lumina-milano-juodas-strukturinis-svarkas\/","title":{"rendered":"\u201eLumina Milano\u201c juodas strukt\u016brinis \u0161varkas"},"content":{"rendered":"<p data-start=\"239\" data-end=\"509\">\u0160varkas, kuris i\u0161kart i\u0161kelia vis\u0105 \u012fvaizd\u012f \u2013 lengvas, itali\u0161kas ir subtiliai strukt\u016bruotas.<br data-start=\"330\" data-end=\"333\" \/><em data-start=\"333\" data-end=\"350\">\u201eLumina Milano\u201c<\/em> modelis pasi\u017eymi ypatinga audinio sud\u0117timi: <strong data-start=\"395\" data-end=\"447\">medviln\u0117, tencelis ir lengvas lino prisilietimas<\/strong> suteikia \u0161var\u0173 kritim\u0105, \u0161velni\u0105 tekst\u016br\u0105 bei modern\u0173 siluet\u0105.<\/p>\n<p data-start=\"511\" data-end=\"735\">Silpnai pabr\u0117\u017eta talija, minimalios linijos, eleganti\u0161kas siluetas \u2013 \u0161is \u0161varkas puikiai dera tiek prie d\u017eins\u0173 kasdienai, tiek prie kelni\u0173 ar sijono vakarui.<\/p>","protected":false},"excerpt":{"rendered":"<p data-start=\"239\" data-end=\"509\">\u0160varkas, kuris i\u0161kart i\u0161kelia vis\u0105 \u012fvaizd\u012f \u2013 lengvas, itali\u0161kas ir subtiliai strukt\u016bruotas.<br data-start=\"330\" data-end=\"333\" \/><em data-start=\"333\" data-end=\"350\">\u201eLumina Milano\u201c<\/em> modelis pasi\u017eymi ypatinga audinio sud\u0117timi: <strong data-start=\"395\" data-end=\"447\">medviln\u0117, tencelis ir lengvas lino prisilietimas<\/strong> suteikia \u0161var\u0173 kritim\u0105, \u0161velni\u0105 tekst\u016br\u0105 bei modern\u0173 siluet\u0105.<\/p>\n<p data-start=\"511\" data-end=\"735\">Silpnai pabr\u0117\u017eta talija, minimalios linijos, eleganti\u0161kas siluetas \u2013 \u0161is \u0161varkas puikiai dera tiek prie d\u017eins\u0173 kasdienai, tiek prie kelni\u0173 ar sijono vakarui.<br data-start=\"668\" data-end=\"671\" \/>Tinkamas nuo <strong data-start=\"684\" data-end=\"696\">XS iki M<\/strong>, nenugula per k\u016bn\u0105, bet i\u0161laiko form\u0105.<\/p>\n<p data-start=\"737\" data-end=\"755\"><strong data-start=\"737\" data-end=\"753\">\u0420\u0430\u0437\u043c\u0435\u0440\u044b:<\/strong><\/p>\n<ul data-start=\"756\" data-end=\"893\">\n<li data-start=\"756\" data-end=\"774\">\n<p data-start=\"758\" data-end=\"774\">Ilgis \u2013 ~75 cm<\/p>\n<\/li>\n<li data-start=\"775\" data-end=\"799\">\n<p data-start=\"777\" data-end=\"799\">Per kr\u016btin\u0119 \u2013 ~45 cm<\/p>\n<\/li>\n<li data-start=\"800\" data-end=\"841\">\n<p data-start=\"802\" data-end=\"841\">Dydis \u2013 nuo XS iki M (optimaliai S\/M)<\/p>\n<\/li>\n<li data-start=\"842\" data-end=\"893\">\n<p data-start=\"844\" data-end=\"893\">\u0421\u043e\u0441\u0442\u0430\u0432: <strong data-start=\"853\" data-end=\"893\">49% medviln\u0117, 42% tencelis, 9% linas<\/strong><\/p>\n<\/li>\n<\/ul>\n<p data-start=\"895\" data-end=\"974\">\u0160varkas yra vienas t\u0173, kur\u012f apsivilkus nebereikia daug \u2013 jis pats kuria stili\u0173.<\/p>","protected":false},"featured_media":24362,"comment_status":"open","ping_status":"closed","template":"","meta":{"_uag_custom_page_level_css":"","_monsterinsights_skip_tracking":false,"_monsterinsights_sitenote_active":false,"_monsterinsights_sitenote_note":"","_monsterinsights_sitenote_category":0},"product_brand":[],"product_cat":[66,132,95,79],"product_tag":[],"class_list":{"0":"post-24354","1":"product","2":"type-product","3":"status-publish","4":"has-post-thumbnail","6":"product_cat-drabuziai","7":"product_cat-ispardavimas","8":"product_cat-naujausi","9":"product_cat-svarkai","10":"tm-has-options","12":"first","13":"instock","14":"sale","15":"shipping-taxable","16":"purchasable","17":"product-type-simple"},"yoast_head":"<!-- This site is optimized with the Yoast SEO plugin v27.5 - https:\/\/yoast.com\/product\/yoast-seo-wordpress\/ -->\n<title>\u201eLumina Milano\u201c juodas strukt\u016brinis \u0161varkas - MadosKampas.lt<\/title>\n<meta name=\"robots\" content=\"index, follow, max-snippet:-1, max-image-preview:large, max-video-preview:-1\" \/>\n<link rel=\"canonical\" href=\"https:\/\/madoskampas.lt\/ru\/product-2\/lumina-milano-juodas-strukturinis-svarkas\/\" \/>\n<meta property=\"og:locale\" content=\"ru_RU\" \/>\n<meta property=\"og:type\" content=\"article\" \/>\n<meta property=\"og:title\" content=\"\u201eLumina Milano\u201c juodas strukt\u016brinis \u0161varkas - MadosKampas.lt\" \/>\n<meta property=\"og:description\" content=\"\u0160varkas, kuris i\u0161kart i\u0161kelia vis\u0105 \u012fvaizd\u012f \u2013 lengvas, itali\u0161kas ir subtiliai strukt\u016bruotas.\u201eLumina Milano\u201c modelis pasi\u017eymi ypatinga audinio sud\u0117timi: medviln\u0117, tencelis ir lengvas lino prisilietimas suteikia \u0161var\u0173 kritim\u0105, \u0161velni\u0105 tekst\u016br\u0105 bei modern\u0173 siluet\u0105. Silpnai pabr\u0117\u017eta talija, minimalios linijos, eleganti\u0161kas siluetas \u2013 \u0161is \u0161varkas puikiai dera tiek prie d\u017eins\u0173 kasdienai, tiek prie kelni\u0173 ar sijono vakarui.Tinkamas nuo XS iki M, nenugula per k\u016bn\u0105, bet i\u0161laiko form\u0105. I\u0161matavimai:     Ilgis \u2013 ~75 cm    Per kr\u016btin\u0119 \u2013 ~45 cm    Dydis \u2013 nuo XS iki M (optimaliai S\/M)    Sud\u0117tis: 49% medviln\u0117, 42% tencelis, 9% linas   \u0160varkas yra vienas t\u0173, kur\u012f apsivilkus nebereikia daug \u2013 jis pats kuria stili\u0173.\" \/>\n<meta property=\"og:url\" content=\"https:\/\/madoskampas.lt\/ru\/product-2\/lumina-milano-juodas-strukturinis-svarkas\/\" \/>\n<meta property=\"og:site_name\" content=\"MadosKampas.lt\" \/>\n<meta property=\"article:modified_time\" content=\"2026-04-30T17:40:46+00:00\" \/>\n<meta property=\"og:image\" content=\"https:\/\/madoskampas.lt\/wp-content\/uploads\/2025\/12\/IMG_6018-2.jpeg\" \/>\n\t<meta property=\"og:image:width\" content=\"1536\" \/>\n\t<meta property=\"og:image:height\" content=\"2048\" \/>\n\t<meta property=\"og:image:type\" content=\"image\/jpeg\" \/>\n<meta name=\"twitter:card\" content=\"summary_large_image\" \/>\n<meta name=\"twitter:label1\" content=\"\u041f\u0440\u0438\u043c\u0435\u0440\u043d\u043e\u0435 \u0432\u0440\u0435\u043c\u044f \u0434\u043b\u044f \u0447\u0442\u0435\u043d\u0438\u044f\" \/>\n\t<meta name=\"twitter:data1\" content=\"1 \u043c\u0438\u043d\u0443\u0442\u0430\" \/>\n<script type=\"application\/ld+json\" class=\"yoast-schema-graph\">{\"@context\":\"https:\\\/\\\/schema.org\",\"@graph\":[{\"@type\":\"WebPage\",\"@id\":\"https:\\\/\\\/madoskampas.lt\\\/produktas\\\/lumina-milano-juodas-strukturinis-svarkas\\\/\",\"url\":\"https:\\\/\\\/madoskampas.lt\\\/produktas\\\/lumina-milano-juodas-strukturinis-svarkas\\\/\",\"name\":\"\u201eLumina Milano\u201c juodas strukt\u016brinis \u0161varkas - MadosKampas.lt\",\"isPartOf\":{\"@id\":\"https:\\\/\\\/madoskampas.lt\\\/#website\"},\"primaryImageOfPage\":{\"@id\":\"https:\\\/\\\/madoskampas.lt\\\/produktas\\\/lumina-milano-juodas-strukturinis-svarkas\\\/#primaryimage\"},\"image\":{\"@id\":\"https:\\\/\\\/madoskampas.lt\\\/produktas\\\/lumina-milano-juodas-strukturinis-svarkas\\\/#primaryimage\"},\"thumbnailUrl\":\"https:\\\/\\\/madoskampas.lt\\\/wp-content\\\/uploads\\\/2025\\\/12\\\/IMG_6018-2.jpeg\",\"datePublished\":\"2025-12-02T09:58:26+00:00\",\"dateModified\":\"2026-04-30T17:40:46+00:00\",\"breadcrumb\":{\"@id\":\"https:\\\/\\\/madoskampas.lt\\\/produktas\\\/lumina-milano-juodas-strukturinis-svarkas\\\/#breadcrumb\"},\"inLanguage\":\"ru-RU\",\"potentialAction\":[{\"@type\":\"ReadAction\",\"target\":[\"https:\\\/\\\/madoskampas.lt\\\/produktas\\\/lumina-milano-juodas-strukturinis-svarkas\\\/\"]}]},{\"@type\":\"ImageObject\",\"inLanguage\":\"ru-RU\",\"@id\":\"https:\\\/\\\/madoskampas.lt\\\/produktas\\\/lumina-milano-juodas-strukturinis-svarkas\\\/#primaryimage\",\"url\":\"https:\\\/\\\/madoskampas.lt\\\/wp-content\\\/uploads\\\/2025\\\/12\\\/IMG_6018-2.jpeg\",\"contentUrl\":\"https:\\\/\\\/madoskampas.lt\\\/wp-content\\\/uploads\\\/2025\\\/12\\\/IMG_6018-2.jpeg\",\"width\":1536,\"height\":2048},{\"@type\":\"BreadcrumbList\",\"@id\":\"https:\\\/\\\/madoskampas.lt\\\/produktas\\\/lumina-milano-juodas-strukturinis-svarkas\\\/#breadcrumb\",\"itemListElement\":[{\"@type\":\"ListItem\",\"position\":1,\"name\":\"Home\",\"item\":\"https:\\\/\\\/madoskampas.lt\\\/\"},{\"@type\":\"ListItem\",\"position\":2,\"name\":\"Parduotuv\u0117\",\"item\":\"https:\\\/\\\/madoskampas.lt\\\/parduotuve-2\\\/\"},{\"@type\":\"ListItem\",\"position\":3,\"name\":\"\u201eLumina Milano\u201c juodas strukt\u016brinis \u0161varkas\"}]},{\"@type\":\"WebSite\",\"@id\":\"https:\\\/\\\/madoskampas.lt\\\/#website\",\"url\":\"https:\\\/\\\/madoskampas.lt\\\/\",\"name\":\"MadosKampas.lt\",\"description\":\"Stilingi drabu\u017eiai moterims\",\"potentialAction\":[{\"@type\":\"SearchAction\",\"target\":{\"@type\":\"EntryPoint\",\"urlTemplate\":\"https:\\\/\\\/madoskampas.lt\\\/?s={search_term_string}\"},\"query-input\":{\"@type\":\"PropertyValueSpecification\",\"valueRequired\":true,\"valueName\":\"search_term_string\"}}],\"inLanguage\":\"ru-RU\"}]}<\/script>\n<!-- \/ Yoast SEO plugin. -->","yoast_head_json":{"title":"\u201eLumina Milano\u201c juodas strukt\u016brinis \u0161varkas - MadosKampas.lt","robots":{"index":"index","follow":"follow","max-snippet":"max-snippet:-1","max-image-preview":"max-image-preview:large","max-video-preview":"max-video-preview:-1"},"canonical":"https:\/\/madoskampas.lt\/ru\/product-2\/lumina-milano-juodas-strukturinis-svarkas\/","og_locale":"ru_RU","og_type":"article","og_title":"\u201eLumina Milano\u201c juodas strukt\u016brinis \u0161varkas - MadosKampas.lt","og_description":"\u0160varkas, kuris i\u0161kart i\u0161kelia vis\u0105 \u012fvaizd\u012f \u2013 lengvas, itali\u0161kas ir subtiliai strukt\u016bruotas.\u201eLumina Milano\u201c modelis pasi\u017eymi ypatinga audinio sud\u0117timi: medviln\u0117, tencelis ir lengvas lino prisilietimas suteikia \u0161var\u0173 kritim\u0105, \u0161velni\u0105 tekst\u016br\u0105 bei modern\u0173 siluet\u0105. Silpnai pabr\u0117\u017eta talija, minimalios linijos, eleganti\u0161kas siluetas \u2013 \u0161is \u0161varkas puikiai dera tiek prie d\u017eins\u0173 kasdienai, tiek prie kelni\u0173 ar sijono vakarui.Tinkamas nuo XS iki M, nenugula per k\u016bn\u0105, bet i\u0161laiko form\u0105. I\u0161matavimai:     Ilgis \u2013 ~75 cm    Per kr\u016btin\u0119 \u2013 ~45 cm    Dydis \u2013 nuo XS iki M (optimaliai S\/M)    Sud\u0117tis: 49% medviln\u0117, 42% tencelis, 9% linas   \u0160varkas yra vienas t\u0173, kur\u012f apsivilkus nebereikia daug \u2013 jis pats kuria stili\u0173.","og_url":"https:\/\/madoskampas.lt\/ru\/product-2\/lumina-milano-juodas-strukturinis-svarkas\/","og_site_name":"MadosKampas.lt","article_modified_time":"2026-04-30T17:40:46+00:00","og_image":[{"width":1536,"height":2048,"url":"https:\/\/madoskampas.lt\/wp-content\/uploads\/2025\/12\/IMG_6018-2.jpeg","type":"image\/jpeg"}],"twitter_card":"summary_large_image","twitter_misc":{"\u041f\u0440\u0438\u043c\u0435\u0440\u043d\u043e\u0435 \u0432\u0440\u0435\u043c\u044f \u0434\u043b\u044f \u0447\u0442\u0435\u043d\u0438\u044f":"1 \u043c\u0438\u043d\u0443\u0442\u0430"},"schema":{"@context":"https:\/\/schema.org","@graph":[{"@type":"WebPage","@id":"https:\/\/madoskampas.lt\/produktas\/lumina-milano-juodas-strukturinis-svarkas\/","url":"https:\/\/madoskampas.lt\/produktas\/lumina-milano-juodas-strukturinis-svarkas\/","name":"\u201eLumina Milano\u201c juodas strukt\u016brinis \u0161varkas - MadosKampas.lt","isPartOf":{"@id":"https:\/\/madoskampas.lt\/#website"},"primaryImageOfPage":{"@id":"https:\/\/madoskampas.lt\/produktas\/lumina-milano-juodas-strukturinis-svarkas\/#primaryimage"},"image":{"@id":"https:\/\/madoskampas.lt\/produktas\/lumina-milano-juodas-strukturinis-svarkas\/#primaryimage"},"thumbnailUrl":"https:\/\/madoskampas.lt\/wp-content\/uploads\/2025\/12\/IMG_6018-2.jpeg","datePublished":"2025-12-02T09:58:26+00:00","dateModified":"2026-04-30T17:40:46+00:00","breadcrumb":{"@id":"https:\/\/madoskampas.lt\/produktas\/lumina-milano-juodas-strukturinis-svarkas\/#breadcrumb"},"inLanguage":"ru-RU","potentialAction":[{"@type":"ReadAction","target":["https:\/\/madoskampas.lt\/produktas\/lumina-milano-juodas-strukturinis-svarkas\/"]}]},{"@type":"ImageObject","inLanguage":"ru-RU","@id":"https:\/\/madoskampas.lt\/produktas\/lumina-milano-juodas-strukturinis-svarkas\/#primaryimage","url":"https:\/\/madoskampas.lt\/wp-content\/uploads\/2025\/12\/IMG_6018-2.jpeg","contentUrl":"https:\/\/madoskampas.lt\/wp-content\/uploads\/2025\/12\/IMG_6018-2.jpeg","width":1536,"height":2048},{"@type":"BreadcrumbList","@id":"https:\/\/madoskampas.lt\/produktas\/lumina-milano-juodas-strukturinis-svarkas\/#breadcrumb","itemListElement":[{"@type":"ListItem","position":1,"name":"Home","item":"https:\/\/madoskampas.lt\/"},{"@type":"ListItem","position":2,"name":"Parduotuv\u0117","item":"https:\/\/madoskampas.lt\/parduotuve-2\/"},{"@type":"ListItem","position":3,"name":"\u201eLumina Milano\u201c juodas strukt\u016brinis \u0161varkas"}]},{"@type":"WebSite","@id":"https:\/\/madoskampas.lt\/#website","url":"https:\/\/madoskampas.lt\/","name":"FashionKampas.lt","description":"\u0421\u0442\u0438\u043b\u044c\u043d\u0430\u044f \u043e\u0434\u0435\u0436\u0434\u0430 \u0434\u043b\u044f \u0436\u0435\u043d\u0449\u0438\u043d","potentialAction":[{"@type":"SearchAction","target":{"@type":"EntryPoint","urlTemplate":"https:\/\/madoskampas.lt\/?s={search_term_string}"},"query-input":{"@type":"PropertyValueSpecification","valueRequired":true,"valueName":"search_term_string"}}],"inLanguage":"ru-RU"}]}},"uagb_featured_image_src":{"full":["https:\/\/madoskampas.lt\/wp-content\/uploads\/2025\/12\/IMG_6018-2.jpeg",1536,2048,false],"thumbnail":["https:\/\/madoskampas.lt\/wp-content\/uploads\/2025\/12\/IMG_6018-2-150x150.jpeg",150,150,true],"medium":["https:\/\/madoskampas.lt\/wp-content\/uploads\/2025\/12\/IMG_6018-2-225x300.jpeg",225,300,true],"medium_large":["https:\/\/madoskampas.lt\/wp-content\/uploads\/2025\/12\/IMG_6018-2-768x1024.jpeg",768,1024,true],"large":["https:\/\/madoskampas.lt\/wp-content\/uploads\/2025\/12\/IMG_6018-2-768x1024.jpeg",768,1024,true],"1536x1536":["https:\/\/madoskampas.lt\/wp-content\/uploads\/2025\/12\/IMG_6018-2-1152x1536.jpeg",1152,1536,true],"2048x2048":["https:\/\/madoskampas.lt\/wp-content\/uploads\/2025\/12\/IMG_6018-2.jpeg",1536,2048,false],"trp-custom-language-flag":["https:\/\/madoskampas.lt\/wp-content\/uploads\/2025\/12\/IMG_6018-2-9x12.jpeg",9,12,true],"nova-image-square":["https:\/\/madoskampas.lt\/wp-content\/uploads\/2025\/12\/IMG_6018-2-1100x1100.jpeg",1100,1100,true],"mixtas-product-03":["https:\/\/madoskampas.lt\/wp-content\/uploads\/2025\/12\/IMG_6018-2-600x345.jpeg",600,345,true],"woocommerce_thumbnail":["https:\/\/madoskampas.lt\/wp-content\/uploads\/2025\/12\/IMG_6018-2-700x700.jpeg",700,700,true],"woocommerce_single":["https:\/\/madoskampas.lt\/wp-content\/uploads\/2025\/12\/IMG_6018-2-1000x1333.jpeg",1000,1333,true],"woocommerce_gallery_thumbnail":["https:\/\/madoskampas.lt\/wp-content\/uploads\/2025\/12\/IMG_6018-2-250x250.jpeg",250,250,true],"variation_swatches_image_size":["https:\/\/madoskampas.lt\/wp-content\/uploads\/2025\/12\/IMG_6018-2-50x50.jpeg",50,50,true],"variation_swatches_tooltip_size":["https:\/\/madoskampas.lt\/wp-content\/uploads\/2025\/12\/IMG_6018-2-100x100.jpeg",100,100,true]},"uagb_author_info":{"display_name":"algirdasbart","author_link":"https:\/\/madoskampas.lt\/ru\/author\/"},"uagb_comment_info":0,"uagb_excerpt":"\u0160varkas, kuris i\u0161kart i\u0161kelia vis\u0105 \u012fvaizd\u012f \u2013 lengvas, itali\u0161kas ir subtiliai strukt\u016bruotas.\u201eLumina Milano\u201c modelis pasi\u017eymi ypatinga audinio sud\u0117timi: medviln\u0117, tencelis ir lengvas lino prisilietimas suteikia \u0161var\u0173 kritim\u0105, \u0161velni\u0105 tekst\u016br\u0105 bei modern\u0173 siluet\u0105. Silpnai pabr\u0117\u017eta talija, minimalios linijos, eleganti\u0161kas siluetas \u2013 \u0161is \u0161varkas puikiai dera tiek prie d\u017eins\u0173 kasdienai, tiek prie kelni\u0173 ar sijono vakarui.Tinkamas nuo&hellip;","jetpack_sharing_enabled":true,"_links":{"self":[{"href":"https:\/\/madoskampas.lt\/ru\/wp-json\/wp\/v2\/product\/24354","targetHints":{"allow":["GET"]}}],"collection":[{"href":"https:\/\/madoskampas.lt\/ru\/wp-json\/wp\/v2\/product"}],"about":[{"href":"https:\/\/madoskampas.lt\/ru\/wp-json\/wp\/v2\/types\/product"}],"replies":[{"embeddable":true,"href":"https:\/\/madoskampas.lt\/ru\/wp-json\/wp\/v2\/comments?post=24354"}],"wp:featuredmedia":[{"embeddable":true,"href":"https:\/\/madoskampas.lt\/ru\/wp-json\/wp\/v2\/media\/24362"}],"wp:attachment":[{"href":"https:\/\/madoskampas.lt\/ru\/wp-json\/wp\/v2\/media?parent=24354"}],"wp:term":[{"taxonomy":"product_brand","embeddable":true,"href":"https:\/\/madoskampas.lt\/ru\/wp-json\/wp\/v2\/product_brand?post=24354"},{"taxonomy":"product_cat","embeddable":true,"href":"https:\/\/madoskampas.lt\/ru\/wp-json\/wp\/v2\/product_cat?post=24354"},{"taxonomy":"product_tag","embeddable":true,"href":"https:\/\/madoskampas.lt\/ru\/wp-json\/wp\/v2\/product_tag?post=24354"}],"curies":[{"name":"wp","href":"https:\/\/api.w.org\/{rel}","templated":true}]}}