{"id":24366,"date":"2025-12-02T10:13:11","date_gmt":"2025-12-02T10:13:11","guid":{"rendered":"https:\/\/madoskampas.lt\/?post_type=product&#038;p=24366"},"modified":"2026-03-24T11:23:31","modified_gmt":"2026-03-24T11:23:31","slug":"milano-sportivo-italiskas-dzemperis","status":"publish","type":"product","link":"https:\/\/madoskampas.lt\/ru\/product-2\/milano-sportivo-italiskas-dzemperis\/","title":{"rendered":"\u201e\u0418\u0442\u0430\u043b\u044c\u044f\u043d\u0441\u043a\u0438\u0439 \u0434\u0436\u0435\u043c\u043f\u0435\u0440 Milano Sportivo"},"content":{"rendered":"<p data-start=\"191\" data-end=\"527\">Itali\u0161kas <strong data-start=\"201\" data-end=\"222\">\u201eMilano Sportivo\u201c<\/strong> \u2013 tai stilingas, tvirtas ir itin kokybi\u0161kas d\u017eemperis, kuris savo minimalistiniu sportiniu siluetu \u012fne\u0161a elegancijos \u012f kiekvien\u0105 dienos derin\u012f.<br data-start=\"366\" data-end=\"369\" \/>Pagamintas i\u0161 <strong data-start=\"383\" data-end=\"420\">viskoz\u0117s, poliesterio ir elastano<\/strong> \u2013 audinys i\u0161lieka standus, nepraranda formos, o viduje esantis <strong data-start=\"484\" data-end=\"497\">pamu\u0161alas<\/strong> suteikia komforto ir jaukumo.<\/p>\n<p data-start=\"529\" data-end=\"794\">","protected":false},"excerpt":{"rendered":"<p data-start=\"191\" data-end=\"527\">Itali\u0161kas <strong data-start=\"201\" data-end=\"222\">\u201eMilano Sportivo\u201c<\/strong> \u2013 tai stilingas, tvirtas ir itin kokybi\u0161kas d\u017eemperis, kuris savo minimalistiniu sportiniu siluetu \u012fne\u0161a elegancijos \u012f kiekvien\u0105 dienos derin\u012f.<br data-start=\"366\" data-end=\"369\" \/>Pagamintas i\u0161 <strong data-start=\"383\" data-end=\"420\">viskoz\u0117s, poliesterio ir elastano<\/strong> \u2013 audinys i\u0161lieka standus, nepraranda formos, o viduje esantis <strong data-start=\"484\" data-end=\"497\">pamu\u0161alas<\/strong> suteikia komforto ir jaukumo.<\/p>\n<p data-start=\"529\" data-end=\"794\">Platus, laisvas kritimas, subtilios juostel\u0117s rankov\u0117se ir kontrastingi kra\u0161teliai kuria modern\u0173, itali\u0161k\u0105 charakter\u012f.<br data-start=\"647\" data-end=\"650\" \/>Puikiai tinka tiek prie d\u017eins\u0173, tiek prie sijono ar laisvalaikio kelni\u0173 \u2013 tai tas modelis, kur\u012f lengva derinti, o vilkint jis atrodo dar geriau.<\/p>\n<p data-start=\"796\" data-end=\"814\"><strong data-start=\"796\" data-end=\"812\">\u0420\u0430\u0437\u043c\u0435\u0440\u044b:<\/strong><\/p>\n<ul data-start=\"815\" data-end=\"918\">\n<li data-start=\"815\" data-end=\"836\">\n<p data-start=\"817\" data-end=\"836\">Ilgis \u2013 <strong data-start=\"825\" data-end=\"834\">60 cm<\/strong><\/p>\n<\/li>\n<li data-start=\"837\" data-end=\"864\">\n<p data-start=\"839\" data-end=\"864\">Per kr\u016btin\u0119 \u2013 <strong data-start=\"853\" data-end=\"862\">58 \u0441\u043c<\/strong><\/p>\n<\/li>\n<li data-start=\"865\" data-end=\"918\">\n<p data-start=\"867\" data-end=\"918\">Dydis \u2013 <strong data-start=\"875\" data-end=\"896\">\u043f\u043e\u0434\u0445\u043e\u0434\u0438\u0442 \u043e\u0442 S \u043a L<\/strong> (laisvo tipo modelis)<\/p>\n<\/li>\n<\/ul>","protected":false},"featured_media":29179,"comment_status":"open","ping_status":"closed","template":"","meta":{"_uag_custom_page_level_css":"","_monsterinsights_skip_tracking":false,"_monsterinsights_sitenote_active":false,"_monsterinsights_sitenote_note":"","_monsterinsights_sitenote_category":0},"product_brand":[],"product_cat":[124,66,132,95],"product_tag":[],"class_list":{"0":"post-24366","1":"product","2":"type-product","3":"status-publish","4":"has-post-thumbnail","6":"product_cat-bliuzonai","7":"product_cat-drabuziai","8":"product_cat-ispardavimas","9":"product_cat-naujausi","10":"tm-has-options","12":"first","13":"instock","14":"sale","15":"shipping-taxable","16":"purchasable","17":"product-type-variable"},"yoast_head":"<!-- This site is optimized with the Yoast SEO plugin v27.3 - https:\/\/yoast.com\/product\/yoast-seo-wordpress\/ -->\n<title>\u201eMilano Sportivo\u201c itali\u0161kas d\u017eemperis - MadosKampas.lt<\/title>\n<meta name=\"robots\" content=\"index, follow, max-snippet:-1, max-image-preview:large, max-video-preview:-1\" \/>\n<link rel=\"canonical\" href=\"https:\/\/madoskampas.lt\/ru\/product-2\/milano-sportivo-italiskas-dzemperis\/\" \/>\n<meta property=\"og:locale\" content=\"ru_RU\" \/>\n<meta property=\"og:type\" content=\"article\" \/>\n<meta property=\"og:title\" content=\"\u201eMilano Sportivo\u201c itali\u0161kas d\u017eemperis - MadosKampas.lt\" \/>\n<meta property=\"og:description\" content=\"Itali\u0161kas \u201eMilano Sportivo\u201c \u2013 tai stilingas, tvirtas ir itin kokybi\u0161kas d\u017eemperis, kuris savo minimalistiniu sportiniu siluetu \u012fne\u0161a elegancijos \u012f kiekvien\u0105 dienos derin\u012f.Pagamintas i\u0161 viskoz\u0117s, poliesterio ir elastano \u2013 audinys i\u0161lieka standus, nepraranda formos, o viduje esantis pamu\u0161alas suteikia komforto ir jaukumo. Platus, laisvas kritimas, subtilios juostel\u0117s rankov\u0117se ir kontrastingi kra\u0161teliai kuria modern\u0173, itali\u0161k\u0105 charakter\u012f.Puikiai tinka tiek prie d\u017eins\u0173, tiek prie sijono ar laisvalaikio kelni\u0173 \u2013 tai tas modelis, kur\u012f lengva derinti, o vilkint jis atrodo dar geriau. I\u0161matavimai:     Ilgis \u2013 60 cm    Per kr\u016btin\u0119 \u2013 58 cm    Dydis \u2013 tinka nuo S iki L (laisvo tipo modelis)\" \/>\n<meta property=\"og:url\" content=\"https:\/\/madoskampas.lt\/ru\/product-2\/milano-sportivo-italiskas-dzemperis\/\" \/>\n<meta property=\"og:site_name\" content=\"MadosKampas.lt\" \/>\n<meta property=\"article:modified_time\" content=\"2026-03-24T11:23:31+00:00\" \/>\n<meta property=\"og:image\" content=\"https:\/\/madoskampas.lt\/wp-content\/uploads\/2025\/12\/img_9357-scaled.jpeg\" \/>\n\t<meta property=\"og:image:width\" content=\"1920\" \/>\n\t<meta property=\"og:image:height\" content=\"2560\" \/>\n\t<meta property=\"og:image:type\" content=\"image\/jpeg\" \/>\n<meta name=\"twitter:card\" content=\"summary_large_image\" \/>\n<meta name=\"twitter:label1\" content=\"\u041f\u0440\u0438\u043c\u0435\u0440\u043d\u043e\u0435 \u0432\u0440\u0435\u043c\u044f \u0434\u043b\u044f \u0447\u0442\u0435\u043d\u0438\u044f\" \/>\n\t<meta name=\"twitter:data1\" content=\"1 \u043c\u0438\u043d\u0443\u0442\u0430\" \/>\n<script type=\"application\/ld+json\" class=\"yoast-schema-graph\">{\"@context\":\"https:\\\/\\\/schema.org\",\"@graph\":[{\"@type\":\"WebPage\",\"@id\":\"https:\\\/\\\/madoskampas.lt\\\/produktas\\\/milano-sportivo-italiskas-dzemperis\\\/\",\"url\":\"https:\\\/\\\/madoskampas.lt\\\/produktas\\\/milano-sportivo-italiskas-dzemperis\\\/\",\"name\":\"\u201eMilano Sportivo\u201c itali\u0161kas d\u017eemperis - MadosKampas.lt\",\"isPartOf\":{\"@id\":\"https:\\\/\\\/madoskampas.lt\\\/#website\"},\"primaryImageOfPage\":{\"@id\":\"https:\\\/\\\/madoskampas.lt\\\/produktas\\\/milano-sportivo-italiskas-dzemperis\\\/#primaryimage\"},\"image\":{\"@id\":\"https:\\\/\\\/madoskampas.lt\\\/produktas\\\/milano-sportivo-italiskas-dzemperis\\\/#primaryimage\"},\"thumbnailUrl\":\"https:\\\/\\\/madoskampas.lt\\\/wp-content\\\/uploads\\\/2025\\\/12\\\/img_9357-scaled.jpeg\",\"datePublished\":\"2025-12-02T10:13:11+00:00\",\"dateModified\":\"2026-03-24T11:23:31+00:00\",\"breadcrumb\":{\"@id\":\"https:\\\/\\\/madoskampas.lt\\\/produktas\\\/milano-sportivo-italiskas-dzemperis\\\/#breadcrumb\"},\"inLanguage\":\"ru-RU\",\"potentialAction\":[{\"@type\":\"ReadAction\",\"target\":[\"https:\\\/\\\/madoskampas.lt\\\/produktas\\\/milano-sportivo-italiskas-dzemperis\\\/\"]}]},{\"@type\":\"ImageObject\",\"inLanguage\":\"ru-RU\",\"@id\":\"https:\\\/\\\/madoskampas.lt\\\/produktas\\\/milano-sportivo-italiskas-dzemperis\\\/#primaryimage\",\"url\":\"https:\\\/\\\/madoskampas.lt\\\/wp-content\\\/uploads\\\/2025\\\/12\\\/img_9357-scaled.jpeg\",\"contentUrl\":\"https:\\\/\\\/madoskampas.lt\\\/wp-content\\\/uploads\\\/2025\\\/12\\\/img_9357-scaled.jpeg\",\"width\":1920,\"height\":2560},{\"@type\":\"BreadcrumbList\",\"@id\":\"https:\\\/\\\/madoskampas.lt\\\/produktas\\\/milano-sportivo-italiskas-dzemperis\\\/#breadcrumb\",\"itemListElement\":[{\"@type\":\"ListItem\",\"position\":1,\"name\":\"Home\",\"item\":\"https:\\\/\\\/madoskampas.lt\\\/\"},{\"@type\":\"ListItem\",\"position\":2,\"name\":\"Parduotuv\u0117\",\"item\":\"https:\\\/\\\/madoskampas.lt\\\/parduotuve-2\\\/\"},{\"@type\":\"ListItem\",\"position\":3,\"name\":\"\u201eMilano Sportivo\u201c itali\u0161kas d\u017eemperis\"}]},{\"@type\":\"WebSite\",\"@id\":\"https:\\\/\\\/madoskampas.lt\\\/#website\",\"url\":\"https:\\\/\\\/madoskampas.lt\\\/\",\"name\":\"MadosKampas.lt\",\"description\":\"Stilingi drabu\u017eiai moterims\",\"potentialAction\":[{\"@type\":\"SearchAction\",\"target\":{\"@type\":\"EntryPoint\",\"urlTemplate\":\"https:\\\/\\\/madoskampas.lt\\\/?s={search_term_string}\"},\"query-input\":{\"@type\":\"PropertyValueSpecification\",\"valueRequired\":true,\"valueName\":\"search_term_string\"}}],\"inLanguage\":\"ru-RU\"}]}<\/script>\n<!-- \/ Yoast SEO plugin. -->","yoast_head_json":{"title":"\u201eMilano Sportivo\u201c itali\u0161kas d\u017eemperis - MadosKampas.lt","robots":{"index":"index","follow":"follow","max-snippet":"max-snippet:-1","max-image-preview":"max-image-preview:large","max-video-preview":"max-video-preview:-1"},"canonical":"https:\/\/madoskampas.lt\/ru\/product-2\/milano-sportivo-italiskas-dzemperis\/","og_locale":"ru_RU","og_type":"article","og_title":"\u201eMilano Sportivo\u201c itali\u0161kas d\u017eemperis - MadosKampas.lt","og_description":"Itali\u0161kas \u201eMilano Sportivo\u201c \u2013 tai stilingas, tvirtas ir itin kokybi\u0161kas d\u017eemperis, kuris savo minimalistiniu sportiniu siluetu \u012fne\u0161a elegancijos \u012f kiekvien\u0105 dienos derin\u012f.Pagamintas i\u0161 viskoz\u0117s, poliesterio ir elastano \u2013 audinys i\u0161lieka standus, nepraranda formos, o viduje esantis pamu\u0161alas suteikia komforto ir jaukumo. Platus, laisvas kritimas, subtilios juostel\u0117s rankov\u0117se ir kontrastingi kra\u0161teliai kuria modern\u0173, itali\u0161k\u0105 charakter\u012f.Puikiai tinka tiek prie d\u017eins\u0173, tiek prie sijono ar laisvalaikio kelni\u0173 \u2013 tai tas modelis, kur\u012f lengva derinti, o vilkint jis atrodo dar geriau. I\u0161matavimai:     Ilgis \u2013 60 cm    Per kr\u016btin\u0119 \u2013 58 cm    Dydis \u2013 tinka nuo S iki L (laisvo tipo modelis)","og_url":"https:\/\/madoskampas.lt\/ru\/product-2\/milano-sportivo-italiskas-dzemperis\/","og_site_name":"MadosKampas.lt","article_modified_time":"2026-03-24T11:23:31+00:00","og_image":[{"width":1920,"height":2560,"url":"https:\/\/madoskampas.lt\/wp-content\/uploads\/2025\/12\/img_9357-scaled.jpeg","type":"image\/jpeg"}],"twitter_card":"summary_large_image","twitter_misc":{"\u041f\u0440\u0438\u043c\u0435\u0440\u043d\u043e\u0435 \u0432\u0440\u0435\u043c\u044f \u0434\u043b\u044f \u0447\u0442\u0435\u043d\u0438\u044f":"1 \u043c\u0438\u043d\u0443\u0442\u0430"},"schema":{"@context":"https:\/\/schema.org","@graph":[{"@type":"WebPage","@id":"https:\/\/madoskampas.lt\/produktas\/milano-sportivo-italiskas-dzemperis\/","url":"https:\/\/madoskampas.lt\/produktas\/milano-sportivo-italiskas-dzemperis\/","name":"\u201eMilano Sportivo\u201c itali\u0161kas d\u017eemperis - MadosKampas.lt","isPartOf":{"@id":"https:\/\/madoskampas.lt\/#website"},"primaryImageOfPage":{"@id":"https:\/\/madoskampas.lt\/produktas\/milano-sportivo-italiskas-dzemperis\/#primaryimage"},"image":{"@id":"https:\/\/madoskampas.lt\/produktas\/milano-sportivo-italiskas-dzemperis\/#primaryimage"},"thumbnailUrl":"https:\/\/madoskampas.lt\/wp-content\/uploads\/2025\/12\/img_9357-scaled.jpeg","datePublished":"2025-12-02T10:13:11+00:00","dateModified":"2026-03-24T11:23:31+00:00","breadcrumb":{"@id":"https:\/\/madoskampas.lt\/produktas\/milano-sportivo-italiskas-dzemperis\/#breadcrumb"},"inLanguage":"ru-RU","potentialAction":[{"@type":"ReadAction","target":["https:\/\/madoskampas.lt\/produktas\/milano-sportivo-italiskas-dzemperis\/"]}]},{"@type":"ImageObject","inLanguage":"ru-RU","@id":"https:\/\/madoskampas.lt\/produktas\/milano-sportivo-italiskas-dzemperis\/#primaryimage","url":"https:\/\/madoskampas.lt\/wp-content\/uploads\/2025\/12\/img_9357-scaled.jpeg","contentUrl":"https:\/\/madoskampas.lt\/wp-content\/uploads\/2025\/12\/img_9357-scaled.jpeg","width":1920,"height":2560},{"@type":"BreadcrumbList","@id":"https:\/\/madoskampas.lt\/produktas\/milano-sportivo-italiskas-dzemperis\/#breadcrumb","itemListElement":[{"@type":"ListItem","position":1,"name":"Home","item":"https:\/\/madoskampas.lt\/"},{"@type":"ListItem","position":2,"name":"Parduotuv\u0117","item":"https:\/\/madoskampas.lt\/parduotuve-2\/"},{"@type":"ListItem","position":3,"name":"\u201eMilano Sportivo\u201c itali\u0161kas d\u017eemperis"}]},{"@type":"WebSite","@id":"https:\/\/madoskampas.lt\/#website","url":"https:\/\/madoskampas.lt\/","name":"FashionKampas.lt","description":"\u0421\u0442\u0438\u043b\u044c\u043d\u0430\u044f \u043e\u0434\u0435\u0436\u0434\u0430 \u0434\u043b\u044f \u0436\u0435\u043d\u0449\u0438\u043d","potentialAction":[{"@type":"SearchAction","target":{"@type":"EntryPoint","urlTemplate":"https:\/\/madoskampas.lt\/?s={search_term_string}"},"query-input":{"@type":"PropertyValueSpecification","valueRequired":true,"valueName":"search_term_string"}}],"inLanguage":"ru-RU"}]}},"uagb_featured_image_src":{"full":["https:\/\/madoskampas.lt\/wp-content\/uploads\/2025\/12\/img_9357-scaled.jpeg",1920,2560,false],"thumbnail":["https:\/\/madoskampas.lt\/wp-content\/uploads\/2025\/12\/img_9357-150x150.jpeg",150,150,true],"medium":["https:\/\/madoskampas.lt\/wp-content\/uploads\/2025\/12\/img_9357-225x300.jpeg",225,300,true],"medium_large":["https:\/\/madoskampas.lt\/wp-content\/uploads\/2025\/12\/img_9357-768x1024.jpeg",768,1024,true],"large":["https:\/\/madoskampas.lt\/wp-content\/uploads\/2025\/12\/img_9357-768x1024.jpeg",768,1024,true],"1536x1536":["https:\/\/madoskampas.lt\/wp-content\/uploads\/2025\/12\/img_9357-1152x1536.jpeg",1152,1536,true],"2048x2048":["https:\/\/madoskampas.lt\/wp-content\/uploads\/2025\/12\/img_9357-1536x2048.jpeg",1536,2048,true],"trp-custom-language-flag":["https:\/\/madoskampas.lt\/wp-content\/uploads\/2025\/12\/img_9357-9x12.jpeg",9,12,true],"nova-image-square":["https:\/\/madoskampas.lt\/wp-content\/uploads\/2025\/12\/img_9357-1100x1100.jpeg",1100,1100,true],"mixtas-product-03":["https:\/\/madoskampas.lt\/wp-content\/uploads\/2025\/12\/img_9357-600x345.jpeg",600,345,true],"woocommerce_thumbnail":["https:\/\/madoskampas.lt\/wp-content\/uploads\/2025\/12\/img_9357-700x700.jpeg",700,700,true],"woocommerce_single":["https:\/\/madoskampas.lt\/wp-content\/uploads\/2025\/12\/img_9357-1000x1333.jpeg",1000,1333,true],"woocommerce_gallery_thumbnail":["https:\/\/madoskampas.lt\/wp-content\/uploads\/2025\/12\/img_9357-250x250.jpeg",250,250,true],"variation_swatches_image_size":["https:\/\/madoskampas.lt\/wp-content\/uploads\/2025\/12\/img_9357-50x50.jpeg",50,50,true],"variation_swatches_tooltip_size":["https:\/\/madoskampas.lt\/wp-content\/uploads\/2025\/12\/img_9357-100x100.jpeg",100,100,true]},"uagb_author_info":{"display_name":"algirdasbart","author_link":"https:\/\/madoskampas.lt\/ru\/author\/"},"uagb_comment_info":0,"uagb_excerpt":"Itali\u0161kas \u201eMilano Sportivo\u201c \u2013 tai stilingas, tvirtas ir itin kokybi\u0161kas d\u017eemperis, kuris savo minimalistiniu sportiniu siluetu \u012fne\u0161a elegancijos \u012f kiekvien\u0105 dienos derin\u012f.Pagamintas i\u0161 viskoz\u0117s, poliesterio ir elastano \u2013 audinys i\u0161lieka standus, nepraranda formos, o viduje esantis pamu\u0161alas suteikia komforto ir jaukumo. Platus, laisvas kritimas, subtilios juostel\u0117s rankov\u0117se ir kontrastingi kra\u0161teliai kuria modern\u0173, itali\u0161k\u0105 charakter\u012f.Puikiai tinka&hellip;","jetpack_sharing_enabled":true,"_links":{"self":[{"href":"https:\/\/madoskampas.lt\/ru\/wp-json\/wp\/v2\/product\/24366","targetHints":{"allow":["GET"]}}],"collection":[{"href":"https:\/\/madoskampas.lt\/ru\/wp-json\/wp\/v2\/product"}],"about":[{"href":"https:\/\/madoskampas.lt\/ru\/wp-json\/wp\/v2\/types\/product"}],"replies":[{"embeddable":true,"href":"https:\/\/madoskampas.lt\/ru\/wp-json\/wp\/v2\/comments?post=24366"}],"wp:featuredmedia":[{"embeddable":true,"href":"https:\/\/madoskampas.lt\/ru\/wp-json\/wp\/v2\/media\/29179"}],"wp:attachment":[{"href":"https:\/\/madoskampas.lt\/ru\/wp-json\/wp\/v2\/media?parent=24366"}],"wp:term":[{"taxonomy":"product_brand","embeddable":true,"href":"https:\/\/madoskampas.lt\/ru\/wp-json\/wp\/v2\/product_brand?post=24366"},{"taxonomy":"product_cat","embeddable":true,"href":"https:\/\/madoskampas.lt\/ru\/wp-json\/wp\/v2\/product_cat?post=24366"},{"taxonomy":"product_tag","embeddable":true,"href":"https:\/\/madoskampas.lt\/ru\/wp-json\/wp\/v2\/product_tag?post=24366"}],"curies":[{"name":"wp","href":"https:\/\/api.w.org\/{rel}","templated":true}]}}