{"id":24416,"date":"2025-12-02T10:33:27","date_gmt":"2025-12-02T10:33:27","guid":{"rendered":"https:\/\/madoskampas.lt\/?post_type=product&#038;p=24416"},"modified":"2026-03-31T10:27:31","modified_gmt":"2026-03-31T10:27:31","slug":"lumina-soft-structure-dzemperis-italiskas-jaukumas-kiekvienai-dienai","status":"publish","type":"product","link":"https:\/\/madoskampas.lt\/ru\/product-2\/lumina-soft-structure-dzemperis-italiskas-jaukumas-kiekvienai-dienai\/","title":{"rendered":"\u201e\u0414\u0436\u0435\u043c\u043f\u0435\u0440 Lumina Soft Structure - \u0438\u0442\u0430\u043b\u044c\u044f\u043d\u0441\u043a\u0438\u0439 \u0443\u044e\u0442 \u043d\u0430 \u043a\u0430\u0436\u0434\u044b\u0439 \u0434\u0435\u043d\u044c"},"content":{"rendered":"","protected":false},"excerpt":{"rendered":"<p data-start=\"304\" data-end=\"478\">Itali\u0161kos kokyb\u0117s akcentas tavo kasdienai \u2013 <em data-start=\"348\" data-end=\"371\">Lumina Soft Structure<\/em> d\u017eemperis sukurtas taip, kad der\u0117t\u0173 prie visko ir suteikt\u0173 subtilios elegancijos net paprastam deriniui.<\/p>\n<p data-start=\"480\" data-end=\"749\">Stora, tvirta, 95 % medviln\u0117s sud\u0117tis \u0161velniai priglunda, o nat\u016bralus elastingumas leid\u017eia d\u017eemperiui i\u0161laikyti form\u0105 ir patogum\u0105 vis\u0105 dien\u0105. Siluetas lengvai krintantis, \u0161iek tiek \u201eoversize\u201c \u2013 tinka nuo <strong data-start=\"684\" data-end=\"696\">XS iki M<\/strong>, neapsunkina, bet suteikia labai mading\u0105 proporcij\u0105.<\/p>\n<p data-start=\"751\" data-end=\"832\"><strong data-start=\"751\" data-end=\"767\">\u0420\u0430\u0437\u043c\u0435\u0440\u044b:<\/strong><br data-start=\"767\" data-end=\"770\" \/>\u2022 Ilgis \u2013 60 cm<br data-start=\"785\" data-end=\"788\" \/>\u2022 Priekis \u2013 53 cm<br data-start=\"805\" data-end=\"808\" \/>\u2022 Kr\u016btin\u0117 \u2013 apie 50 cm<\/p>\n<p data-start=\"834\" data-end=\"1067\">Tai modelis, kur\u012f lengvai derinsi tiek prie d\u017eins\u0173, tiek prie laisvalaikio kelni\u0173, o neutralios spalvos leis sukurti daug \u0161vari\u0173, stiling\u0173 derini\u0173. Jaukus, kokybi\u0161kas ir ilgaam\u017eis \u2013 b\u016btent toks, kok\u012f norisi tur\u0117ti spintoje \u0161\u012f sezon\u0105.<\/p>","protected":false},"featured_media":29836,"comment_status":"open","ping_status":"closed","template":"","meta":{"_uag_custom_page_level_css":"","_monsterinsights_skip_tracking":false,"_monsterinsights_sitenote_active":false,"_monsterinsights_sitenote_note":"","_monsterinsights_sitenote_category":0},"product_brand":[],"product_cat":[124,66,95],"product_tag":[],"class_list":{"0":"post-24416","1":"product","2":"type-product","3":"status-publish","4":"has-post-thumbnail","6":"product_cat-bliuzonai","7":"product_cat-drabuziai","8":"product_cat-naujausi","9":"tm-has-options","11":"first","12":"instock","13":"sale","14":"shipping-taxable","15":"purchasable","16":"product-type-variable"},"yoast_head":"<!-- This site is optimized with the Yoast SEO plugin v27.3 - https:\/\/yoast.com\/product\/yoast-seo-wordpress\/ -->\n<title>\u201eLumina Soft Structure\u201c d\u017eemperis \u2013 itali\u0161kas jaukumas kiekvienai dienai - MadosKampas.lt<\/title>\n<meta name=\"robots\" content=\"index, follow, max-snippet:-1, max-image-preview:large, max-video-preview:-1\" \/>\n<link rel=\"canonical\" href=\"https:\/\/madoskampas.lt\/ru\/product-2\/lumina-soft-structure-dzemperis-italiskas-jaukumas-kiekvienai-dienai\/\" \/>\n<meta property=\"og:locale\" content=\"ru_RU\" \/>\n<meta property=\"og:type\" content=\"article\" \/>\n<meta property=\"og:title\" content=\"\u201eLumina Soft Structure\u201c d\u017eemperis \u2013 itali\u0161kas jaukumas kiekvienai dienai - MadosKampas.lt\" \/>\n<meta property=\"og:description\" content=\"Itali\u0161kos kokyb\u0117s akcentas tavo kasdienai \u2013 Lumina Soft Structure d\u017eemperis sukurtas taip, kad der\u0117t\u0173 prie visko ir suteikt\u0173 subtilios elegancijos net paprastam deriniui. Stora, tvirta, 95 % medviln\u0117s sud\u0117tis \u0161velniai priglunda, o nat\u016bralus elastingumas leid\u017eia d\u017eemperiui i\u0161laikyti form\u0105 ir patogum\u0105 vis\u0105 dien\u0105. Siluetas lengvai krintantis, \u0161iek tiek \u201eoversize\u201c \u2013 tinka nuo XS iki M, neapsunkina, bet suteikia labai mading\u0105 proporcij\u0105. I\u0161matavimai:\u2022 Ilgis \u2013 60 cm\u2022 Priekis \u2013 53 cm\u2022 Kr\u016btin\u0117 \u2013 apie 50 cm Tai modelis, kur\u012f lengvai derinsi tiek prie d\u017eins\u0173, tiek prie laisvalaikio kelni\u0173, o neutralios spalvos leis sukurti daug \u0161vari\u0173, stiling\u0173 derini\u0173. Jaukus, kokybi\u0161kas ir ilgaam\u017eis \u2013 b\u016btent toks, kok\u012f norisi tur\u0117ti spintoje \u0161\u012f sezon\u0105.\" \/>\n<meta property=\"og:url\" content=\"https:\/\/madoskampas.lt\/ru\/product-2\/lumina-soft-structure-dzemperis-italiskas-jaukumas-kiekvienai-dienai\/\" \/>\n<meta property=\"og:site_name\" content=\"MadosKampas.lt\" \/>\n<meta property=\"article:modified_time\" content=\"2026-03-31T10:27:31+00:00\" \/>\n<meta property=\"og:image\" content=\"https:\/\/madoskampas.lt\/wp-content\/uploads\/2025\/12\/img_1318-scaled.jpeg\" \/>\n\t<meta property=\"og:image:width\" content=\"1920\" \/>\n\t<meta property=\"og:image:height\" content=\"2560\" \/>\n\t<meta property=\"og:image:type\" content=\"image\/jpeg\" \/>\n<meta name=\"twitter:card\" content=\"summary_large_image\" \/>\n<meta name=\"twitter:label1\" content=\"\u041f\u0440\u0438\u043c\u0435\u0440\u043d\u043e\u0435 \u0432\u0440\u0435\u043c\u044f \u0434\u043b\u044f \u0447\u0442\u0435\u043d\u0438\u044f\" \/>\n\t<meta name=\"twitter:data1\" content=\"1 \u043c\u0438\u043d\u0443\u0442\u0430\" \/>\n<script type=\"application\/ld+json\" class=\"yoast-schema-graph\">{\"@context\":\"https:\\\/\\\/schema.org\",\"@graph\":[{\"@type\":\"WebPage\",\"@id\":\"https:\\\/\\\/madoskampas.lt\\\/produktas\\\/lumina-soft-structure-dzemperis-italiskas-jaukumas-kiekvienai-dienai\\\/\",\"url\":\"https:\\\/\\\/madoskampas.lt\\\/produktas\\\/lumina-soft-structure-dzemperis-italiskas-jaukumas-kiekvienai-dienai\\\/\",\"name\":\"\u201eLumina Soft Structure\u201c d\u017eemperis \u2013 itali\u0161kas jaukumas kiekvienai dienai - MadosKampas.lt\",\"isPartOf\":{\"@id\":\"https:\\\/\\\/madoskampas.lt\\\/#website\"},\"primaryImageOfPage\":{\"@id\":\"https:\\\/\\\/madoskampas.lt\\\/produktas\\\/lumina-soft-structure-dzemperis-italiskas-jaukumas-kiekvienai-dienai\\\/#primaryimage\"},\"image\":{\"@id\":\"https:\\\/\\\/madoskampas.lt\\\/produktas\\\/lumina-soft-structure-dzemperis-italiskas-jaukumas-kiekvienai-dienai\\\/#primaryimage\"},\"thumbnailUrl\":\"https:\\\/\\\/madoskampas.lt\\\/wp-content\\\/uploads\\\/2025\\\/12\\\/img_1336-scaled.jpeg\",\"datePublished\":\"2025-12-02T10:33:27+00:00\",\"dateModified\":\"2026-03-31T10:27:31+00:00\",\"breadcrumb\":{\"@id\":\"https:\\\/\\\/madoskampas.lt\\\/produktas\\\/lumina-soft-structure-dzemperis-italiskas-jaukumas-kiekvienai-dienai\\\/#breadcrumb\"},\"inLanguage\":\"ru-RU\",\"potentialAction\":[{\"@type\":\"ReadAction\",\"target\":[\"https:\\\/\\\/madoskampas.lt\\\/produktas\\\/lumina-soft-structure-dzemperis-italiskas-jaukumas-kiekvienai-dienai\\\/\"]}]},{\"@type\":\"ImageObject\",\"inLanguage\":\"ru-RU\",\"@id\":\"https:\\\/\\\/madoskampas.lt\\\/produktas\\\/lumina-soft-structure-dzemperis-italiskas-jaukumas-kiekvienai-dienai\\\/#primaryimage\",\"url\":\"https:\\\/\\\/madoskampas.lt\\\/wp-content\\\/uploads\\\/2025\\\/12\\\/img_1336-scaled.jpeg\",\"contentUrl\":\"https:\\\/\\\/madoskampas.lt\\\/wp-content\\\/uploads\\\/2025\\\/12\\\/img_1336-scaled.jpeg\",\"width\":1920,\"height\":2560},{\"@type\":\"BreadcrumbList\",\"@id\":\"https:\\\/\\\/madoskampas.lt\\\/produktas\\\/lumina-soft-structure-dzemperis-italiskas-jaukumas-kiekvienai-dienai\\\/#breadcrumb\",\"itemListElement\":[{\"@type\":\"ListItem\",\"position\":1,\"name\":\"Home\",\"item\":\"https:\\\/\\\/madoskampas.lt\\\/\"},{\"@type\":\"ListItem\",\"position\":2,\"name\":\"Parduotuv\u0117\",\"item\":\"https:\\\/\\\/madoskampas.lt\\\/parduotuve-2\\\/\"},{\"@type\":\"ListItem\",\"position\":3,\"name\":\"\u201eLumina Soft Structure\u201c d\u017eemperis \u2013 itali\u0161kas jaukumas kiekvienai dienai\"}]},{\"@type\":\"WebSite\",\"@id\":\"https:\\\/\\\/madoskampas.lt\\\/#website\",\"url\":\"https:\\\/\\\/madoskampas.lt\\\/\",\"name\":\"MadosKampas.lt\",\"description\":\"Stilingi drabu\u017eiai moterims\",\"potentialAction\":[{\"@type\":\"SearchAction\",\"target\":{\"@type\":\"EntryPoint\",\"urlTemplate\":\"https:\\\/\\\/madoskampas.lt\\\/?s={search_term_string}\"},\"query-input\":{\"@type\":\"PropertyValueSpecification\",\"valueRequired\":true,\"valueName\":\"search_term_string\"}}],\"inLanguage\":\"ru-RU\"}]}<\/script>\n<!-- \/ Yoast SEO plugin. -->","yoast_head_json":{"title":"\u201eLumina Soft Structure\u201c d\u017eemperis \u2013 itali\u0161kas jaukumas kiekvienai dienai - MadosKampas.lt","robots":{"index":"index","follow":"follow","max-snippet":"max-snippet:-1","max-image-preview":"max-image-preview:large","max-video-preview":"max-video-preview:-1"},"canonical":"https:\/\/madoskampas.lt\/ru\/product-2\/lumina-soft-structure-dzemperis-italiskas-jaukumas-kiekvienai-dienai\/","og_locale":"ru_RU","og_type":"article","og_title":"\u201eLumina Soft Structure\u201c d\u017eemperis \u2013 itali\u0161kas jaukumas kiekvienai dienai - MadosKampas.lt","og_description":"Itali\u0161kos kokyb\u0117s akcentas tavo kasdienai \u2013 Lumina Soft Structure d\u017eemperis sukurtas taip, kad der\u0117t\u0173 prie visko ir suteikt\u0173 subtilios elegancijos net paprastam deriniui. Stora, tvirta, 95 % medviln\u0117s sud\u0117tis \u0161velniai priglunda, o nat\u016bralus elastingumas leid\u017eia d\u017eemperiui i\u0161laikyti form\u0105 ir patogum\u0105 vis\u0105 dien\u0105. Siluetas lengvai krintantis, \u0161iek tiek \u201eoversize\u201c \u2013 tinka nuo XS iki M, neapsunkina, bet suteikia labai mading\u0105 proporcij\u0105. I\u0161matavimai:\u2022 Ilgis \u2013 60 cm\u2022 Priekis \u2013 53 cm\u2022 Kr\u016btin\u0117 \u2013 apie 50 cm Tai modelis, kur\u012f lengvai derinsi tiek prie d\u017eins\u0173, tiek prie laisvalaikio kelni\u0173, o neutralios spalvos leis sukurti daug \u0161vari\u0173, stiling\u0173 derini\u0173. Jaukus, kokybi\u0161kas ir ilgaam\u017eis \u2013 b\u016btent toks, kok\u012f norisi tur\u0117ti spintoje \u0161\u012f sezon\u0105.","og_url":"https:\/\/madoskampas.lt\/ru\/product-2\/lumina-soft-structure-dzemperis-italiskas-jaukumas-kiekvienai-dienai\/","og_site_name":"MadosKampas.lt","article_modified_time":"2026-03-31T10:27:31+00:00","og_image":[{"width":1920,"height":2560,"url":"https:\/\/madoskampas.lt\/wp-content\/uploads\/2025\/12\/img_1318-scaled.jpeg","type":"image\/jpeg"}],"twitter_card":"summary_large_image","twitter_misc":{"\u041f\u0440\u0438\u043c\u0435\u0440\u043d\u043e\u0435 \u0432\u0440\u0435\u043c\u044f \u0434\u043b\u044f \u0447\u0442\u0435\u043d\u0438\u044f":"1 \u043c\u0438\u043d\u0443\u0442\u0430"},"schema":{"@context":"https:\/\/schema.org","@graph":[{"@type":"WebPage","@id":"https:\/\/madoskampas.lt\/produktas\/lumina-soft-structure-dzemperis-italiskas-jaukumas-kiekvienai-dienai\/","url":"https:\/\/madoskampas.lt\/produktas\/lumina-soft-structure-dzemperis-italiskas-jaukumas-kiekvienai-dienai\/","name":"\u201eLumina Soft Structure\u201c d\u017eemperis \u2013 itali\u0161kas jaukumas kiekvienai dienai - MadosKampas.lt","isPartOf":{"@id":"https:\/\/madoskampas.lt\/#website"},"primaryImageOfPage":{"@id":"https:\/\/madoskampas.lt\/produktas\/lumina-soft-structure-dzemperis-italiskas-jaukumas-kiekvienai-dienai\/#primaryimage"},"image":{"@id":"https:\/\/madoskampas.lt\/produktas\/lumina-soft-structure-dzemperis-italiskas-jaukumas-kiekvienai-dienai\/#primaryimage"},"thumbnailUrl":"https:\/\/madoskampas.lt\/wp-content\/uploads\/2025\/12\/img_1336-scaled.jpeg","datePublished":"2025-12-02T10:33:27+00:00","dateModified":"2026-03-31T10:27:31+00:00","breadcrumb":{"@id":"https:\/\/madoskampas.lt\/produktas\/lumina-soft-structure-dzemperis-italiskas-jaukumas-kiekvienai-dienai\/#breadcrumb"},"inLanguage":"ru-RU","potentialAction":[{"@type":"ReadAction","target":["https:\/\/madoskampas.lt\/produktas\/lumina-soft-structure-dzemperis-italiskas-jaukumas-kiekvienai-dienai\/"]}]},{"@type":"ImageObject","inLanguage":"ru-RU","@id":"https:\/\/madoskampas.lt\/produktas\/lumina-soft-structure-dzemperis-italiskas-jaukumas-kiekvienai-dienai\/#primaryimage","url":"https:\/\/madoskampas.lt\/wp-content\/uploads\/2025\/12\/img_1336-scaled.jpeg","contentUrl":"https:\/\/madoskampas.lt\/wp-content\/uploads\/2025\/12\/img_1336-scaled.jpeg","width":1920,"height":2560},{"@type":"BreadcrumbList","@id":"https:\/\/madoskampas.lt\/produktas\/lumina-soft-structure-dzemperis-italiskas-jaukumas-kiekvienai-dienai\/#breadcrumb","itemListElement":[{"@type":"ListItem","position":1,"name":"Home","item":"https:\/\/madoskampas.lt\/"},{"@type":"ListItem","position":2,"name":"Parduotuv\u0117","item":"https:\/\/madoskampas.lt\/parduotuve-2\/"},{"@type":"ListItem","position":3,"name":"\u201eLumina Soft Structure\u201c d\u017eemperis \u2013 itali\u0161kas jaukumas kiekvienai dienai"}]},{"@type":"WebSite","@id":"https:\/\/madoskampas.lt\/#website","url":"https:\/\/madoskampas.lt\/","name":"FashionKampas.lt","description":"\u0421\u0442\u0438\u043b\u044c\u043d\u0430\u044f \u043e\u0434\u0435\u0436\u0434\u0430 \u0434\u043b\u044f \u0436\u0435\u043d\u0449\u0438\u043d","potentialAction":[{"@type":"SearchAction","target":{"@type":"EntryPoint","urlTemplate":"https:\/\/madoskampas.lt\/?s={search_term_string}"},"query-input":{"@type":"PropertyValueSpecification","valueRequired":true,"valueName":"search_term_string"}}],"inLanguage":"ru-RU"}]}},"uagb_featured_image_src":{"full":["https:\/\/madoskampas.lt\/wp-content\/uploads\/2025\/12\/img_1336-scaled.jpeg",1920,2560,false],"thumbnail":["https:\/\/madoskampas.lt\/wp-content\/uploads\/2025\/12\/img_1336-150x150.jpeg",150,150,true],"medium":["https:\/\/madoskampas.lt\/wp-content\/uploads\/2025\/12\/img_1336-225x300.jpeg",225,300,true],"medium_large":["https:\/\/madoskampas.lt\/wp-content\/uploads\/2025\/12\/img_1336-768x1024.jpeg",768,1024,true],"large":["https:\/\/madoskampas.lt\/wp-content\/uploads\/2025\/12\/img_1336-768x1024.jpeg",768,1024,true],"1536x1536":["https:\/\/madoskampas.lt\/wp-content\/uploads\/2025\/12\/img_1336-1152x1536.jpeg",1152,1536,true],"2048x2048":["https:\/\/madoskampas.lt\/wp-content\/uploads\/2025\/12\/img_1336-1536x2048.jpeg",1536,2048,true],"trp-custom-language-flag":["https:\/\/madoskampas.lt\/wp-content\/uploads\/2025\/12\/img_1336-9x12.jpeg",9,12,true],"nova-image-square":["https:\/\/madoskampas.lt\/wp-content\/uploads\/2025\/12\/img_1336-1100x1100.jpeg",1100,1100,true],"mixtas-product-03":["https:\/\/madoskampas.lt\/wp-content\/uploads\/2025\/12\/img_1336-600x345.jpeg",600,345,true],"woocommerce_thumbnail":["https:\/\/madoskampas.lt\/wp-content\/uploads\/2025\/12\/img_1336-700x700.jpeg",700,700,true],"woocommerce_single":["https:\/\/madoskampas.lt\/wp-content\/uploads\/2025\/12\/img_1336-1000x1333.jpeg",1000,1333,true],"woocommerce_gallery_thumbnail":["https:\/\/madoskampas.lt\/wp-content\/uploads\/2025\/12\/img_1336-250x250.jpeg",250,250,true],"variation_swatches_image_size":["https:\/\/madoskampas.lt\/wp-content\/uploads\/2025\/12\/img_1336-50x50.jpeg",50,50,true],"variation_swatches_tooltip_size":["https:\/\/madoskampas.lt\/wp-content\/uploads\/2025\/12\/img_1336-100x100.jpeg",100,100,true]},"uagb_author_info":{"display_name":"algirdasbart","author_link":"https:\/\/madoskampas.lt\/ru\/author\/"},"uagb_comment_info":0,"uagb_excerpt":"Itali\u0161kos kokyb\u0117s akcentas tavo kasdienai \u2013 Lumina Soft Structure d\u017eemperis sukurtas taip, kad der\u0117t\u0173 prie visko ir suteikt\u0173 subtilios elegancijos net paprastam deriniui. Stora, tvirta, 95 % medviln\u0117s sud\u0117tis \u0161velniai priglunda, o nat\u016bralus elastingumas leid\u017eia d\u017eemperiui i\u0161laikyti form\u0105 ir patogum\u0105 vis\u0105 dien\u0105. Siluetas lengvai krintantis, \u0161iek tiek \u201eoversize\u201c \u2013 tinka nuo XS iki M, neapsunkina,&hellip;","jetpack_sharing_enabled":true,"_links":{"self":[{"href":"https:\/\/madoskampas.lt\/ru\/wp-json\/wp\/v2\/product\/24416","targetHints":{"allow":["GET"]}}],"collection":[{"href":"https:\/\/madoskampas.lt\/ru\/wp-json\/wp\/v2\/product"}],"about":[{"href":"https:\/\/madoskampas.lt\/ru\/wp-json\/wp\/v2\/types\/product"}],"replies":[{"embeddable":true,"href":"https:\/\/madoskampas.lt\/ru\/wp-json\/wp\/v2\/comments?post=24416"}],"wp:featuredmedia":[{"embeddable":true,"href":"https:\/\/madoskampas.lt\/ru\/wp-json\/wp\/v2\/media\/29836"}],"wp:attachment":[{"href":"https:\/\/madoskampas.lt\/ru\/wp-json\/wp\/v2\/media?parent=24416"}],"wp:term":[{"taxonomy":"product_brand","embeddable":true,"href":"https:\/\/madoskampas.lt\/ru\/wp-json\/wp\/v2\/product_brand?post=24416"},{"taxonomy":"product_cat","embeddable":true,"href":"https:\/\/madoskampas.lt\/ru\/wp-json\/wp\/v2\/product_cat?post=24416"},{"taxonomy":"product_tag","embeddable":true,"href":"https:\/\/madoskampas.lt\/ru\/wp-json\/wp\/v2\/product_tag?post=24416"}],"curies":[{"name":"wp","href":"https:\/\/api.w.org\/{rel}","templated":true}]}}