{"id":25002,"date":"2025-12-12T09:10:22","date_gmt":"2025-12-12T09:10:22","guid":{"rendered":"https:\/\/madoskampas.lt\/?post_type=product&#038;p=25002"},"modified":"2026-01-29T19:37:03","modified_gmt":"2026-01-29T19:37:03","slug":"lace-grace-sventine-suknele","status":"publish","type":"product","link":"https:\/\/madoskampas.lt\/ru\/product-2\/lace-grace-sventine-suknele\/","title":{"rendered":"\u201eLace Grace\u201c \u0161ventin\u0117 suknel\u0117"},"content":{"rendered":"<p>\u201eLace Grace\u201c \u2013 tai suknel\u0117, kuri sukurta akimirksniu suteikti elegancijos ir lengvumo poj\u016bt\u012f. \u0160velniai krintanti viskozin\u0117 med\u017eiaga harmoningai dera su prabangiais n\u0117rini\u0173 rankogaliais ir pe\u010dius puo\u0161ian\u010diais permatomais n\u0117riniais. \u0160ie subtil\u016bs akcentai kuria ne\u012fpareigojan\u010di\u0105, bet i\u0161skirtinai moteri\u0161k\u0105 \u0161ventin\u0119 nuotaik\u0105.<\/p>","protected":false},"excerpt":{"rendered":"<p data-start=\"226\" data-end=\"547\">\u201eLace Grace\u201c \u2013 tai suknel\u0117, kuri sukurta akimirksniu suteikti elegancijos ir lengvumo poj\u016bt\u012f. \u0160velniai krintanti viskozin\u0117 med\u017eiaga harmoningai dera su prabangiais n\u0117rini\u0173 rankogaliais ir pe\u010dius puo\u0161ian\u010diais permatomais n\u0117riniais. \u0160ie subtil\u016bs akcentai kuria ne\u012fpareigojan\u010di\u0105, bet i\u0161skirtinai moteri\u0161k\u0105 \u0161ventin\u0119 nuotaik\u0105.<\/p>\n<p data-start=\"549\" data-end=\"756\">Lengvai pary\u0161kinta liemens linija su guma prisitaiko prie fig\u016bros (nuo 34 cm iki 50 cm), suteikdama patogumo ir stilingo silueto poj\u016bt\u012f. Ilgis ~90 cm \u2013 idealus tiek vakarui, tiek jaukioms \u0161ventin\u0117ms progoms.<\/p>\n<p data-start=\"758\" data-end=\"929\">Tai modelis, kuris atrodo nuostabiai tiek su ilgaauliais batais, tiek su eleganti\u0161kais auk\u0161takulniais, o du spalv\u0173 pasirinkimai suteiks galimyb\u0119 i\u0161sirinkti savo favori\u00adt\u0119.<\/p>\n<p data-start=\"931\" data-end=\"952\">\ud83d\udccf <strong data-start=\"934\" data-end=\"950\">\u0420\u0430\u0437\u043c\u0435\u0440\u044b:<\/strong><\/p>\n<ul data-start=\"953\" data-end=\"1054\">\n<li data-start=\"953\" data-end=\"970\">\n<p data-start=\"955\" data-end=\"970\">Ilgis: ~90 cm<\/p>\n<\/li>\n<li data-start=\"971\" data-end=\"990\">\n<p data-start=\"973\" data-end=\"990\">Kr\u016btin\u0117: ~51 cm<\/p>\n<\/li>\n<li data-start=\"991\" data-end=\"1021\">\n<p data-start=\"993\" data-end=\"1021\">Liemuo: 34\u201350 cm (su guma)<\/p>\n<\/li>\n<li data-start=\"1022\" data-end=\"1054\">\n<p data-start=\"1024\" data-end=\"1054\">Dydis: universalus (tinka S\u2013L)<\/p>\n<\/li>\n<\/ul>\n<p data-start=\"1056\" data-end=\"1158\">\ud83c\udf3f <strong data-start=\"1059\" data-end=\"1071\">\u0421\u043e\u0441\u0442\u0430\u0432:<\/strong> viskoz\u0117 + elastanas<br data-start=\"1091\" data-end=\"1094\" \/>\ud83d\udcab \u0160venti\u0161kas, moteri\u0161kas ir nepaprastai stilingas pasirinkimas!<\/p>","protected":false},"featured_media":25025,"comment_status":"open","ping_status":"closed","template":"","meta":{"_uag_custom_page_level_css":"","_monsterinsights_skip_tracking":false,"_monsterinsights_sitenote_active":false,"_monsterinsights_sitenote_note":"","_monsterinsights_sitenote_category":0},"product_brand":[],"product_cat":[66,95,78],"product_tag":[],"class_list":{"0":"post-25002","1":"product","2":"type-product","3":"status-publish","4":"has-post-thumbnail","6":"product_cat-drabuziai","7":"product_cat-naujausi","8":"product_cat-sukneles","9":"tm-has-options","11":"first","12":"instock","13":"shipping-taxable","14":"purchasable","15":"product-type-variable"},"yoast_head":"<!-- This site is optimized with the Yoast SEO plugin v27.6 - https:\/\/yoast.com\/product\/yoast-seo-wordpress\/ -->\n<title>\u201eLace Grace\u201c \u0161ventin\u0117 suknel\u0117 - MadosKampas.lt<\/title>\n<meta name=\"robots\" content=\"index, follow, max-snippet:-1, max-image-preview:large, max-video-preview:-1\" \/>\n<link rel=\"canonical\" href=\"https:\/\/madoskampas.lt\/ru\/product-2\/lace-grace-sventine-suknele\/\" \/>\n<meta property=\"og:locale\" content=\"ru_RU\" \/>\n<meta property=\"og:type\" content=\"article\" \/>\n<meta property=\"og:title\" content=\"\u201eLace Grace\u201c \u0161ventin\u0117 suknel\u0117 - MadosKampas.lt\" \/>\n<meta property=\"og:description\" content=\"\u201eLace Grace\u201c \u2013 tai suknel\u0117, kuri sukurta akimirksniu suteikti elegancijos ir lengvumo poj\u016bt\u012f. \u0160velniai krintanti viskozin\u0117 med\u017eiaga harmoningai dera su prabangiais n\u0117rini\u0173 rankogaliais ir pe\u010dius puo\u0161ian\u010diais permatomais n\u0117riniais. \u0160ie subtil\u016bs akcentai kuria ne\u012fpareigojan\u010di\u0105, bet i\u0161skirtinai moteri\u0161k\u0105 \u0161ventin\u0119 nuotaik\u0105. Lengvai pary\u0161kinta liemens linija su guma prisitaiko prie fig\u016bros (nuo 34 cm iki 50 cm), suteikdama patogumo ir stilingo silueto poj\u016bt\u012f. Ilgis ~90 cm \u2013 idealus tiek vakarui, tiek jaukioms \u0161ventin\u0117ms progoms. Tai modelis, kuris atrodo nuostabiai tiek su ilgaauliais batais, tiek su eleganti\u0161kais auk\u0161takulniais, o du spalv\u0173 pasirinkimai suteiks galimyb\u0119 i\u0161sirinkti savo favori\u00adt\u0119. \ud83d\udccf I\u0161matavimai:     Ilgis: ~90 cm    Kr\u016btin\u0117: ~51 cm    Liemuo: 34\u201350 cm (su guma)    Dydis: universalus (tinka S\u2013L)   \ud83c\udf3f Sud\u0117tis: viskoz\u0117 + elastanas\ud83d\udcab \u0160venti\u0161kas, moteri\u0161kas ir nepaprastai stilingas pasirinkimas!\" \/>\n<meta property=\"og:url\" content=\"https:\/\/madoskampas.lt\/ru\/product-2\/lace-grace-sventine-suknele\/\" \/>\n<meta property=\"og:site_name\" content=\"MadosKampas.lt\" \/>\n<meta property=\"article:modified_time\" content=\"2026-01-29T19:37:03+00:00\" \/>\n<meta property=\"og:image\" content=\"https:\/\/madoskampas.lt\/wp-content\/uploads\/2025\/12\/image0-2-1.jpeg\" \/>\n\t<meta property=\"og:image:width\" content=\"480\" \/>\n\t<meta property=\"og:image:height\" content=\"640\" \/>\n\t<meta property=\"og:image:type\" content=\"image\/jpeg\" \/>\n<meta name=\"twitter:card\" content=\"summary_large_image\" \/>\n<meta name=\"twitter:label1\" content=\"\u041f\u0440\u0438\u043c\u0435\u0440\u043d\u043e\u0435 \u0432\u0440\u0435\u043c\u044f \u0434\u043b\u044f \u0447\u0442\u0435\u043d\u0438\u044f\" \/>\n\t<meta name=\"twitter:data1\" content=\"1 \u043c\u0438\u043d\u0443\u0442\u0430\" \/>\n<script type=\"application\/ld+json\" class=\"yoast-schema-graph\">{\"@context\":\"https:\\\/\\\/schema.org\",\"@graph\":[{\"@type\":\"WebPage\",\"@id\":\"https:\\\/\\\/madoskampas.lt\\\/produktas\\\/lace-grace-sventine-suknele\\\/\",\"url\":\"https:\\\/\\\/madoskampas.lt\\\/produktas\\\/lace-grace-sventine-suknele\\\/\",\"name\":\"\u201eLace Grace\u201c \u0161ventin\u0117 suknel\u0117 - MadosKampas.lt\",\"isPartOf\":{\"@id\":\"https:\\\/\\\/madoskampas.lt\\\/#website\"},\"primaryImageOfPage\":{\"@id\":\"https:\\\/\\\/madoskampas.lt\\\/produktas\\\/lace-grace-sventine-suknele\\\/#primaryimage\"},\"image\":{\"@id\":\"https:\\\/\\\/madoskampas.lt\\\/produktas\\\/lace-grace-sventine-suknele\\\/#primaryimage\"},\"thumbnailUrl\":\"https:\\\/\\\/madoskampas.lt\\\/wp-content\\\/uploads\\\/2025\\\/12\\\/img_7709-scaled.jpeg\",\"datePublished\":\"2025-12-12T09:10:22+00:00\",\"dateModified\":\"2026-01-29T19:37:03+00:00\",\"breadcrumb\":{\"@id\":\"https:\\\/\\\/madoskampas.lt\\\/produktas\\\/lace-grace-sventine-suknele\\\/#breadcrumb\"},\"inLanguage\":\"ru-RU\",\"potentialAction\":[{\"@type\":\"ReadAction\",\"target\":[\"https:\\\/\\\/madoskampas.lt\\\/produktas\\\/lace-grace-sventine-suknele\\\/\"]}]},{\"@type\":\"ImageObject\",\"inLanguage\":\"ru-RU\",\"@id\":\"https:\\\/\\\/madoskampas.lt\\\/produktas\\\/lace-grace-sventine-suknele\\\/#primaryimage\",\"url\":\"https:\\\/\\\/madoskampas.lt\\\/wp-content\\\/uploads\\\/2025\\\/12\\\/img_7709-scaled.jpeg\",\"contentUrl\":\"https:\\\/\\\/madoskampas.lt\\\/wp-content\\\/uploads\\\/2025\\\/12\\\/img_7709-scaled.jpeg\",\"width\":1920,\"height\":2560},{\"@type\":\"BreadcrumbList\",\"@id\":\"https:\\\/\\\/madoskampas.lt\\\/produktas\\\/lace-grace-sventine-suknele\\\/#breadcrumb\",\"itemListElement\":[{\"@type\":\"ListItem\",\"position\":1,\"name\":\"Home\",\"item\":\"https:\\\/\\\/madoskampas.lt\\\/\"},{\"@type\":\"ListItem\",\"position\":2,\"name\":\"Parduotuv\u0117\",\"item\":\"https:\\\/\\\/madoskampas.lt\\\/parduotuve-2\\\/\"},{\"@type\":\"ListItem\",\"position\":3,\"name\":\"\u201eLace Grace\u201c \u0161ventin\u0117 suknel\u0117\"}]},{\"@type\":\"WebSite\",\"@id\":\"https:\\\/\\\/madoskampas.lt\\\/#website\",\"url\":\"https:\\\/\\\/madoskampas.lt\\\/\",\"name\":\"MadosKampas.lt\",\"description\":\"Stilingi drabu\u017eiai moterims\",\"potentialAction\":[{\"@type\":\"SearchAction\",\"target\":{\"@type\":\"EntryPoint\",\"urlTemplate\":\"https:\\\/\\\/madoskampas.lt\\\/?s={search_term_string}\"},\"query-input\":{\"@type\":\"PropertyValueSpecification\",\"valueRequired\":true,\"valueName\":\"search_term_string\"}}],\"inLanguage\":\"ru-RU\"}]}<\/script>\n<!-- \/ Yoast SEO plugin. -->","yoast_head_json":{"title":"\u201eLace Grace\u201c \u0161ventin\u0117 suknel\u0117 - MadosKampas.lt","robots":{"index":"index","follow":"follow","max-snippet":"max-snippet:-1","max-image-preview":"max-image-preview:large","max-video-preview":"max-video-preview:-1"},"canonical":"https:\/\/madoskampas.lt\/ru\/product-2\/lace-grace-sventine-suknele\/","og_locale":"ru_RU","og_type":"article","og_title":"\u201eLace Grace\u201c \u0161ventin\u0117 suknel\u0117 - MadosKampas.lt","og_description":"\u201eLace Grace\u201c \u2013 tai suknel\u0117, kuri sukurta akimirksniu suteikti elegancijos ir lengvumo poj\u016bt\u012f. \u0160velniai krintanti viskozin\u0117 med\u017eiaga harmoningai dera su prabangiais n\u0117rini\u0173 rankogaliais ir pe\u010dius puo\u0161ian\u010diais permatomais n\u0117riniais. \u0160ie subtil\u016bs akcentai kuria ne\u012fpareigojan\u010di\u0105, bet i\u0161skirtinai moteri\u0161k\u0105 \u0161ventin\u0119 nuotaik\u0105. Lengvai pary\u0161kinta liemens linija su guma prisitaiko prie fig\u016bros (nuo 34 cm iki 50 cm), suteikdama patogumo ir stilingo silueto poj\u016bt\u012f. Ilgis ~90 cm \u2013 idealus tiek vakarui, tiek jaukioms \u0161ventin\u0117ms progoms. Tai modelis, kuris atrodo nuostabiai tiek su ilgaauliais batais, tiek su eleganti\u0161kais auk\u0161takulniais, o du spalv\u0173 pasirinkimai suteiks galimyb\u0119 i\u0161sirinkti savo favori\u00adt\u0119. \ud83d\udccf I\u0161matavimai:     Ilgis: ~90 cm    Kr\u016btin\u0117: ~51 cm    Liemuo: 34\u201350 cm (su guma)    Dydis: universalus (tinka S\u2013L)   \ud83c\udf3f Sud\u0117tis: viskoz\u0117 + elastanas\ud83d\udcab \u0160venti\u0161kas, moteri\u0161kas ir nepaprastai stilingas pasirinkimas!","og_url":"https:\/\/madoskampas.lt\/ru\/product-2\/lace-grace-sventine-suknele\/","og_site_name":"MadosKampas.lt","article_modified_time":"2026-01-29T19:37:03+00:00","og_image":[{"width":480,"height":640,"url":"https:\/\/madoskampas.lt\/wp-content\/uploads\/2025\/12\/image0-2-1.jpeg","type":"image\/jpeg"}],"twitter_card":"summary_large_image","twitter_misc":{"\u041f\u0440\u0438\u043c\u0435\u0440\u043d\u043e\u0435 \u0432\u0440\u0435\u043c\u044f \u0434\u043b\u044f \u0447\u0442\u0435\u043d\u0438\u044f":"1 \u043c\u0438\u043d\u0443\u0442\u0430"},"schema":{"@context":"https:\/\/schema.org","@graph":[{"@type":"WebPage","@id":"https:\/\/madoskampas.lt\/produktas\/lace-grace-sventine-suknele\/","url":"https:\/\/madoskampas.lt\/produktas\/lace-grace-sventine-suknele\/","name":"\u201eLace Grace\u201c \u0161ventin\u0117 suknel\u0117 - MadosKampas.lt","isPartOf":{"@id":"https:\/\/madoskampas.lt\/#website"},"primaryImageOfPage":{"@id":"https:\/\/madoskampas.lt\/produktas\/lace-grace-sventine-suknele\/#primaryimage"},"image":{"@id":"https:\/\/madoskampas.lt\/produktas\/lace-grace-sventine-suknele\/#primaryimage"},"thumbnailUrl":"https:\/\/madoskampas.lt\/wp-content\/uploads\/2025\/12\/img_7709-scaled.jpeg","datePublished":"2025-12-12T09:10:22+00:00","dateModified":"2026-01-29T19:37:03+00:00","breadcrumb":{"@id":"https:\/\/madoskampas.lt\/produktas\/lace-grace-sventine-suknele\/#breadcrumb"},"inLanguage":"ru-RU","potentialAction":[{"@type":"ReadAction","target":["https:\/\/madoskampas.lt\/produktas\/lace-grace-sventine-suknele\/"]}]},{"@type":"ImageObject","inLanguage":"ru-RU","@id":"https:\/\/madoskampas.lt\/produktas\/lace-grace-sventine-suknele\/#primaryimage","url":"https:\/\/madoskampas.lt\/wp-content\/uploads\/2025\/12\/img_7709-scaled.jpeg","contentUrl":"https:\/\/madoskampas.lt\/wp-content\/uploads\/2025\/12\/img_7709-scaled.jpeg","width":1920,"height":2560},{"@type":"BreadcrumbList","@id":"https:\/\/madoskampas.lt\/produktas\/lace-grace-sventine-suknele\/#breadcrumb","itemListElement":[{"@type":"ListItem","position":1,"name":"Home","item":"https:\/\/madoskampas.lt\/"},{"@type":"ListItem","position":2,"name":"Parduotuv\u0117","item":"https:\/\/madoskampas.lt\/parduotuve-2\/"},{"@type":"ListItem","position":3,"name":"\u201eLace Grace\u201c \u0161ventin\u0117 suknel\u0117"}]},{"@type":"WebSite","@id":"https:\/\/madoskampas.lt\/#website","url":"https:\/\/madoskampas.lt\/","name":"FashionKampas.lt","description":"\u0421\u0442\u0438\u043b\u044c\u043d\u0430\u044f \u043e\u0434\u0435\u0436\u0434\u0430 \u0434\u043b\u044f \u0436\u0435\u043d\u0449\u0438\u043d","potentialAction":[{"@type":"SearchAction","target":{"@type":"EntryPoint","urlTemplate":"https:\/\/madoskampas.lt\/?s={search_term_string}"},"query-input":{"@type":"PropertyValueSpecification","valueRequired":true,"valueName":"search_term_string"}}],"inLanguage":"ru-RU"}]}},"uagb_featured_image_src":{"full":["https:\/\/madoskampas.lt\/wp-content\/uploads\/2025\/12\/img_7709-scaled.jpeg",1920,2560,false],"thumbnail":["https:\/\/madoskampas.lt\/wp-content\/uploads\/2025\/12\/img_7709-150x150.jpeg",150,150,true],"medium":["https:\/\/madoskampas.lt\/wp-content\/uploads\/2025\/12\/img_7709-225x300.jpeg",225,300,true],"medium_large":["https:\/\/madoskampas.lt\/wp-content\/uploads\/2025\/12\/img_7709-768x1024.jpeg",768,1024,true],"large":["https:\/\/madoskampas.lt\/wp-content\/uploads\/2025\/12\/img_7709-768x1024.jpeg",768,1024,true],"1536x1536":["https:\/\/madoskampas.lt\/wp-content\/uploads\/2025\/12\/img_7709-1152x1536.jpeg",1152,1536,true],"2048x2048":["https:\/\/madoskampas.lt\/wp-content\/uploads\/2025\/12\/img_7709-1536x2048.jpeg",1536,2048,true],"trp-custom-language-flag":["https:\/\/madoskampas.lt\/wp-content\/uploads\/2025\/12\/img_7709-9x12.jpeg",9,12,true],"nova-image-square":["https:\/\/madoskampas.lt\/wp-content\/uploads\/2025\/12\/img_7709-1100x1100.jpeg",1100,1100,true],"mixtas-product-03":["https:\/\/madoskampas.lt\/wp-content\/uploads\/2025\/12\/img_7709-600x345.jpeg",600,345,true],"woocommerce_thumbnail":["https:\/\/madoskampas.lt\/wp-content\/uploads\/2025\/12\/img_7709-700x700.jpeg",700,700,true],"woocommerce_single":["https:\/\/madoskampas.lt\/wp-content\/uploads\/2025\/12\/img_7709-1000x1333.jpeg",1000,1333,true],"woocommerce_gallery_thumbnail":["https:\/\/madoskampas.lt\/wp-content\/uploads\/2025\/12\/img_7709-250x250.jpeg",250,250,true],"variation_swatches_image_size":["https:\/\/madoskampas.lt\/wp-content\/uploads\/2025\/12\/img_7709-50x50.jpeg",50,50,true],"variation_swatches_tooltip_size":["https:\/\/madoskampas.lt\/wp-content\/uploads\/2025\/12\/img_7709-100x100.jpeg",100,100,true]},"uagb_author_info":{"display_name":"algirdasbart","author_link":"https:\/\/madoskampas.lt\/ru\/author\/"},"uagb_comment_info":0,"uagb_excerpt":"\u201eLace Grace\u201c \u2013 tai suknel\u0117, kuri sukurta akimirksniu suteikti elegancijos ir lengvumo poj\u016bt\u012f. \u0160velniai krintanti viskozin\u0117 med\u017eiaga harmoningai dera su prabangiais n\u0117rini\u0173 rankogaliais ir pe\u010dius puo\u0161ian\u010diais permatomais n\u0117riniais. \u0160ie subtil\u016bs akcentai kuria ne\u012fpareigojan\u010di\u0105, bet i\u0161skirtinai moteri\u0161k\u0105 \u0161ventin\u0119 nuotaik\u0105. Lengvai pary\u0161kinta liemens linija su guma prisitaiko prie fig\u016bros (nuo 34 cm iki 50 cm), suteikdama patogumo&hellip;","jetpack_sharing_enabled":true,"_links":{"self":[{"href":"https:\/\/madoskampas.lt\/ru\/wp-json\/wp\/v2\/product\/25002","targetHints":{"allow":["GET"]}}],"collection":[{"href":"https:\/\/madoskampas.lt\/ru\/wp-json\/wp\/v2\/product"}],"about":[{"href":"https:\/\/madoskampas.lt\/ru\/wp-json\/wp\/v2\/types\/product"}],"replies":[{"embeddable":true,"href":"https:\/\/madoskampas.lt\/ru\/wp-json\/wp\/v2\/comments?post=25002"}],"wp:featuredmedia":[{"embeddable":true,"href":"https:\/\/madoskampas.lt\/ru\/wp-json\/wp\/v2\/media\/25025"}],"wp:attachment":[{"href":"https:\/\/madoskampas.lt\/ru\/wp-json\/wp\/v2\/media?parent=25002"}],"wp:term":[{"taxonomy":"product_brand","embeddable":true,"href":"https:\/\/madoskampas.lt\/ru\/wp-json\/wp\/v2\/product_brand?post=25002"},{"taxonomy":"product_cat","embeddable":true,"href":"https:\/\/madoskampas.lt\/ru\/wp-json\/wp\/v2\/product_cat?post=25002"},{"taxonomy":"product_tag","embeddable":true,"href":"https:\/\/madoskampas.lt\/ru\/wp-json\/wp\/v2\/product_tag?post=25002"}],"curies":[{"name":"wp","href":"https:\/\/api.w.org\/{rel}","templated":true}]}}